{"id":185451,"date":"2015-08-01T02:25:37","date_gmt":"2015-07-31T23:25:37","guid":{"rendered":"http:\/\/vunder-ee.sn25.zone.eu\/lv\/product\/ota-raphael-textura-8702-filbert\/"},"modified":"2015-08-01T02:25:37","modified_gmt":"2015-07-31T23:25:37","slug":"ota-raphael-textura-8702-filbert","status":"publish","type":"product","link":"https:\/\/hobstop.ee\/lv\/produkts\/ota-raphael-textura-8702-filbert\/","title":{"rendered":"Ota Raphael Textura 8702 filbert"},"content":{"rendered":"<p>Textura otas, pateicoties to j\u016bt\u012bbai un iztur\u012bbai, ir lieliski piem\u0113rotas biez\u0101m kr\u0101s\u0101m. Textura otas ir paredz\u0113tas m\u0101ksliniekiem, kas v\u0113las rad\u012bt \u013coti bieza kl\u0101juma un reljefa efektus ar biez\u0101m akrila kr\u0101s\u0101m un \u017eelejas saistviel\u0101m. T\u0101s ir izgatavotas no \u013coti sp\u0113c\u012bg\u0101m, \u012bs\u0101m, stingr\u0101m sint\u0113tiskaj\u0101m \u0161\u0137iedr\u0101m. Ot\u0101m ir zilo\u0146kaula to\u0146a gar\u0161 k\u0101ts ar garu mat\u0113tu ni\u0137e\u013ca-misi\u0146a uzgali.<br \/>\nGlezno\u0161anas tehnika: akrils<br \/>\nPielietojums: laz\u016bra, reljefa darbi<\/p>\n","protected":false},"excerpt":{"rendered":"<p>Textura otas, pateicoties to j\u016bt\u012bbai un iztur\u012bbai, ir lieliski piem\u0113rotas biez\u0101m kr\u0101s\u0101m. Textura otas ir paredz\u0113tas m\u0101ksliniekiem, kas v\u0113las rad\u012bt \u013coti bieza kl\u0101juma un reljefa efektus ar biez\u0101m akrila kr\u0101s\u0101m un \u017eelejas saistviel\u0101m. T\u0101s ir izgatavotas no \u013coti sp\u0113c\u012bg\u0101m, \u012bs\u0101m, stingr\u0101m sint\u0113tiskaj\u0101m \u0161\u0137iedr\u0101m. Ot\u0101m ir zilo\u0146kaula to\u0146a gar\u0161 k\u0101ts ar garu mat\u0113tu ni\u0137e\u013ca-misi\u0146a uzgali. Glezno\u0161anas tehnika: akrils Pielietojums: laz\u016bra, reljefa darbi<\/p>\n","protected":false},"featured_media":204499,"comment_status":"closed","ping_status":"closed","template":"","meta":{"_acf_changed":false,"ep_exclude_from_search":false},"product_cat":[16123,18650,18608],"product_tag":[],"class_list":{"0":"post-185451","1":"product","2":"type-product","3":"status-publish","4":"has-post-thumbnail","6":"product_cat-makslas-piederumi-2","7":"product_cat-otas-un-piederumi","8":"product_cat-sintetiskas-otas-2","10":"first","11":"instock","12":"taxable","13":"shipping-taxable","14":"purchasable","15":"product-type-variable"},"acf":[],"yoast_head":"<!-- This site is optimized with the Yoast SEO plugin v24.1 - https:\/\/yoast.com\/wordpress\/plugins\/seo\/ -->\n<title>Ota Raphael Textura 8702 filbert &#8211; Skizze<\/title>\n<meta name=\"robots\" content=\"noindex, follow, max-snippet:-1, max-image-preview:large, max-video-preview:-1\" \/>\n<meta property=\"og:locale\" content=\"lv_LV\" \/>\n<meta property=\"og:type\" content=\"article\" \/>\n<meta property=\"og:title\" content=\"Ota Raphael Textura 8702 filbert &#8211; Skizze\" \/>\n<meta property=\"og:description\" content=\"Textura otas, pateicoties to j\u016bt\u012bbai un iztur\u012bbai, ir lieliski piem\u0113rotas biez\u0101m kr\u0101s\u0101m. Textura otas ir paredz\u0113tas m\u0101ksliniekiem, kas v\u0113las rad\u012bt \u013coti bieza kl\u0101juma un reljefa efektus ar biez\u0101m akrila kr\u0101s\u0101m un \u017eelejas saistviel\u0101m. T\u0101s ir izgatavotas no \u013coti sp\u0113c\u012bg\u0101m, \u012bs\u0101m, stingr\u0101m sint\u0113tiskaj\u0101m \u0161\u0137iedr\u0101m. Ot\u0101m ir zilo\u0146kaula to\u0146a gar\u0161 k\u0101ts ar garu mat\u0113tu ni\u0137e\u013ca-misi\u0146a uzgali. Glezno\u0161anas tehnika: akrils Pielietojums: laz\u016bra, reljefa darbi\" \/>\n<meta property=\"og:url\" content=\"https:\/\/hobstop.ee\/lv\/produkts\/ota-raphael-textura-8702-filbert\/\" \/>\n<meta property=\"og:site_name\" content=\"Skizze\" \/>\n<meta property=\"article:publisher\" content=\"http:\/\/www.facebook.com\/VunderSkizze\" \/>\n<meta property=\"og:image\" content=\"https:\/\/hobstop.ee\/media\/3903.jpg\" \/>\n\t<meta property=\"og:image:width\" content=\"1024\" \/>\n\t<meta property=\"og:image:height\" content=\"768\" \/>\n\t<meta property=\"og:image:type\" content=\"image\/jpeg\" \/>\n<meta name=\"twitter:card\" content=\"summary_large_image\" \/>\n<script type=\"application\/ld+json\" class=\"yoast-schema-graph\">{\"@context\":\"https:\/\/schema.org\",\"@graph\":[{\"@type\":\"WebPage\",\"@id\":\"https:\/\/hobstop.ee\/lv\/produkts\/ota-raphael-textura-8702-filbert\/\",\"url\":\"https:\/\/hobstop.ee\/lv\/produkts\/ota-raphael-textura-8702-filbert\/\",\"name\":\"Ota Raphael Textura 8702 filbert &#8211; Skizze\",\"isPartOf\":{\"@id\":\"https:\/\/hobstop.ee\/lv\/#website\"},\"primaryImageOfPage\":{\"@id\":\"https:\/\/hobstop.ee\/lv\/produkts\/ota-raphael-textura-8702-filbert\/#primaryimage\"},\"image\":{\"@id\":\"https:\/\/hobstop.ee\/lv\/produkts\/ota-raphael-textura-8702-filbert\/#primaryimage\"},\"thumbnailUrl\":\"https:\/\/hobstop.ee\/media\/3903.jpg\",\"datePublished\":\"2015-07-31T23:25:37+00:00\",\"dateModified\":\"2015-07-31T23:25:37+00:00\",\"breadcrumb\":{\"@id\":\"https:\/\/hobstop.ee\/lv\/produkts\/ota-raphael-textura-8702-filbert\/#breadcrumb\"},\"inLanguage\":\"lv-LV\",\"potentialAction\":[{\"@type\":\"ReadAction\",\"target\":[\"https:\/\/hobstop.ee\/lv\/produkts\/ota-raphael-textura-8702-filbert\/\"]}]},{\"@type\":\"ImageObject\",\"inLanguage\":\"lv-LV\",\"@id\":\"https:\/\/hobstop.ee\/lv\/produkts\/ota-raphael-textura-8702-filbert\/#primaryimage\",\"url\":\"https:\/\/hobstop.ee\/media\/3903.jpg\",\"contentUrl\":\"https:\/\/hobstop.ee\/media\/3903.jpg\",\"width\":1024,\"height\":768},{\"@type\":\"BreadcrumbList\",\"@id\":\"https:\/\/hobstop.ee\/lv\/produkts\/ota-raphael-textura-8702-filbert\/#breadcrumb\",\"itemListElement\":[{\"@type\":\"ListItem\",\"position\":1,\"name\":\"Avaleht\",\"item\":\"https:\/\/www.hobstop.ee\/lv\/\"},{\"@type\":\"ListItem\",\"position\":2,\"name\":\"Veikals\",\"item\":\"https:\/\/www.hobstop.ee\/lv\/veikals\/\"},{\"@type\":\"ListItem\",\"position\":3,\"name\":\"Ota Raphael Textura 8702 filbert\"}]},{\"@type\":\"WebSite\",\"@id\":\"https:\/\/hobstop.ee\/lv\/#website\",\"url\":\"https:\/\/hobstop.ee\/lv\/\",\"name\":\"Skizze\",\"description\":\"M\u0101kslas, hobiju un skolas preces\",\"publisher\":{\"@id\":\"https:\/\/hobstop.ee\/lv\/#organization\"},\"potentialAction\":[{\"@type\":\"SearchAction\",\"target\":{\"@type\":\"EntryPoint\",\"urlTemplate\":\"https:\/\/hobstop.ee\/lv\/?s={search_term_string}\"},\"query-input\":{\"@type\":\"PropertyValueSpecification\",\"valueRequired\":true,\"valueName\":\"search_term_string\"}}],\"inLanguage\":\"lv-LV\"},{\"@type\":\"Organization\",\"@id\":\"https:\/\/hobstop.ee\/lv\/#organization\",\"name\":\"Vunder AS\",\"url\":\"https:\/\/hobstop.ee\/lv\/\",\"logo\":{\"@type\":\"ImageObject\",\"inLanguage\":\"lv-LV\",\"@id\":\"https:\/\/hobstop.ee\/lv\/#\/schema\/logo\/image\/\",\"url\":\"https:\/\/hobstop.ee\/media\/vunder-logo.png\",\"contentUrl\":\"https:\/\/hobstop.ee\/media\/vunder-logo.png\",\"width\":127,\"height\":55,\"caption\":\"Vunder AS\"},\"image\":{\"@id\":\"https:\/\/hobstop.ee\/lv\/#\/schema\/logo\/image\/\"},\"sameAs\":[\"http:\/\/www.facebook.com\/VunderSkizze\"]}]}<\/script>\n<!-- \/ Yoast SEO plugin. -->","yoast_head_json":{"title":"Ota Raphael Textura 8702 filbert &#8211; Skizze","robots":{"index":"noindex","follow":"follow","max-snippet":"max-snippet:-1","max-image-preview":"max-image-preview:large","max-video-preview":"max-video-preview:-1"},"og_locale":"lv_LV","og_type":"article","og_title":"Ota Raphael Textura 8702 filbert &#8211; Skizze","og_description":"Textura otas, pateicoties to j\u016bt\u012bbai un iztur\u012bbai, ir lieliski piem\u0113rotas biez\u0101m kr\u0101s\u0101m. Textura otas ir paredz\u0113tas m\u0101ksliniekiem, kas v\u0113las rad\u012bt \u013coti bieza kl\u0101juma un reljefa efektus ar biez\u0101m akrila kr\u0101s\u0101m un \u017eelejas saistviel\u0101m. T\u0101s ir izgatavotas no \u013coti sp\u0113c\u012bg\u0101m, \u012bs\u0101m, stingr\u0101m sint\u0113tiskaj\u0101m \u0161\u0137iedr\u0101m. Ot\u0101m ir zilo\u0146kaula to\u0146a gar\u0161 k\u0101ts ar garu mat\u0113tu ni\u0137e\u013ca-misi\u0146a uzgali. Glezno\u0161anas tehnika: akrils Pielietojums: laz\u016bra, reljefa darbi","og_url":"https:\/\/hobstop.ee\/lv\/produkts\/ota-raphael-textura-8702-filbert\/","og_site_name":"Skizze","article_publisher":"http:\/\/www.facebook.com\/VunderSkizze","og_image":[{"width":1024,"height":768,"url":"https:\/\/hobstop.ee\/media\/3903.jpg","type":"image\/jpeg"}],"twitter_card":"summary_large_image","schema":{"@context":"https:\/\/schema.org","@graph":[{"@type":"WebPage","@id":"https:\/\/hobstop.ee\/lv\/produkts\/ota-raphael-textura-8702-filbert\/","url":"https:\/\/hobstop.ee\/lv\/produkts\/ota-raphael-textura-8702-filbert\/","name":"Ota Raphael Textura 8702 filbert &#8211; Skizze","isPartOf":{"@id":"https:\/\/hobstop.ee\/lv\/#website"},"primaryImageOfPage":{"@id":"https:\/\/hobstop.ee\/lv\/produkts\/ota-raphael-textura-8702-filbert\/#primaryimage"},"image":{"@id":"https:\/\/hobstop.ee\/lv\/produkts\/ota-raphael-textura-8702-filbert\/#primaryimage"},"thumbnailUrl":"https:\/\/hobstop.ee\/media\/3903.jpg","datePublished":"2015-07-31T23:25:37+00:00","dateModified":"2015-07-31T23:25:37+00:00","breadcrumb":{"@id":"https:\/\/hobstop.ee\/lv\/produkts\/ota-raphael-textura-8702-filbert\/#breadcrumb"},"inLanguage":"lv-LV","potentialAction":[{"@type":"ReadAction","target":["https:\/\/hobstop.ee\/lv\/produkts\/ota-raphael-textura-8702-filbert\/"]}]},{"@type":"ImageObject","inLanguage":"lv-LV","@id":"https:\/\/hobstop.ee\/lv\/produkts\/ota-raphael-textura-8702-filbert\/#primaryimage","url":"https:\/\/hobstop.ee\/media\/3903.jpg","contentUrl":"https:\/\/hobstop.ee\/media\/3903.jpg","width":1024,"height":768},{"@type":"BreadcrumbList","@id":"https:\/\/hobstop.ee\/lv\/produkts\/ota-raphael-textura-8702-filbert\/#breadcrumb","itemListElement":[{"@type":"ListItem","position":1,"name":"Avaleht","item":"https:\/\/www.hobstop.ee\/lv\/"},{"@type":"ListItem","position":2,"name":"Veikals","item":"https:\/\/www.hobstop.ee\/lv\/veikals\/"},{"@type":"ListItem","position":3,"name":"Ota Raphael Textura 8702 filbert"}]},{"@type":"WebSite","@id":"https:\/\/hobstop.ee\/lv\/#website","url":"https:\/\/hobstop.ee\/lv\/","name":"Skizze","description":"M\u0101kslas, hobiju un skolas preces","publisher":{"@id":"https:\/\/hobstop.ee\/lv\/#organization"},"potentialAction":[{"@type":"SearchAction","target":{"@type":"EntryPoint","urlTemplate":"https:\/\/hobstop.ee\/lv\/?s={search_term_string}"},"query-input":{"@type":"PropertyValueSpecification","valueRequired":true,"valueName":"search_term_string"}}],"inLanguage":"lv-LV"},{"@type":"Organization","@id":"https:\/\/hobstop.ee\/lv\/#organization","name":"Vunder AS","url":"https:\/\/hobstop.ee\/lv\/","logo":{"@type":"ImageObject","inLanguage":"lv-LV","@id":"https:\/\/hobstop.ee\/lv\/#\/schema\/logo\/image\/","url":"https:\/\/hobstop.ee\/media\/vunder-logo.png","contentUrl":"https:\/\/hobstop.ee\/media\/vunder-logo.png","width":127,"height":55,"caption":"Vunder AS"},"image":{"@id":"https:\/\/hobstop.ee\/lv\/#\/schema\/logo\/image\/"},"sameAs":["http:\/\/www.facebook.com\/VunderSkizze"]}]}},"_links":{"self":[{"href":"https:\/\/hobstop.ee\/lv\/wp-json\/wp\/v2\/product\/185451","targetHints":{"allow":["GET"]}}],"collection":[{"href":"https:\/\/hobstop.ee\/lv\/wp-json\/wp\/v2\/product"}],"about":[{"href":"https:\/\/hobstop.ee\/lv\/wp-json\/wp\/v2\/types\/product"}],"replies":[{"embeddable":true,"href":"https:\/\/hobstop.ee\/lv\/wp-json\/wp\/v2\/comments?post=185451"}],"wp:featuredmedia":[{"embeddable":true,"href":"https:\/\/hobstop.ee\/lv\/wp-json\/wp\/v2\/media\/204499"}],"wp:attachment":[{"href":"https:\/\/hobstop.ee\/lv\/wp-json\/wp\/v2\/media?parent=185451"}],"wp:term":[{"taxonomy":"product_cat","embeddable":true,"href":"https:\/\/hobstop.ee\/lv\/wp-json\/wp\/v2\/product_cat?post=185451"},{"taxonomy":"product_tag","embeddable":true,"href":"https:\/\/hobstop.ee\/lv\/wp-json\/wp\/v2\/product_tag?post=185451"}],"curies":[{"name":"wp","href":"https:\/\/api.w.org\/{rel}","templated":true}]}}