{"id":185459,"date":"2015-08-01T02:26:04","date_gmt":"2015-07-31T23:26:04","guid":{"rendered":"http:\/\/vunder-ee.sn25.zone.eu\/lv\/product\/iesainojamais-papirs-3120mino\/"},"modified":"2015-08-01T02:26:04","modified_gmt":"2015-07-31T23:26:04","slug":"iesainojamais-papirs-3120mino","status":"publish","type":"product","link":"https:\/\/hobstop.ee\/lv\/produkts\/iesainojamais-papirs-3120mino\/","title":{"rendered":"Iesai\u0146ojamais pap\u012brs 3120mino"},"content":{"rendered":"<p>3120mino pap\u012brs ir izgatavots ar rok\u0101m p\u0113c 1300 gadus sen\u0101m trad\u012bcij\u0101m Jap\u0101nas Mino provinc\u0113, izmantojot t\u012bru avota \u016bdeni.  Katra lapa ir apdruk\u0101ta atsevi\u0161\u0137i, izmantojot z\u012bdspiedes tehniku.  Pap\u012bra raupj\u0101ko pusi grezno da\u017e\u0101das tekst\u016bras, kr\u0101sas un raksta, notur\u012bga apdruka, kas labi izce\u013cas, pateicoties tintes k\u0101rtas biezumam.  Piem\u0113rots d\u0101vanu iesai\u0146o\u0161anai, gr\u0101matu apv\u0101ko\u0161anai, fotoalbumu noform\u0113\u0161anai un citiem rokdarbiem.<\/p>\n","protected":false},"excerpt":{"rendered":"<p>3120mino pap\u012brs ir izgatavots ar rok\u0101m p\u0113c 1300 gadus sen\u0101m trad\u012bcij\u0101m Jap\u0101nas Mino provinc\u0113, izmantojot t\u012bru avota \u016bdeni. Katra lapa ir apdruk\u0101ta atsevi\u0161\u0137i, izmantojot z\u012bdspiedes tehniku. Pap\u012bra raupj\u0101ko pusi grezno da\u017e\u0101das tekst\u016bras, kr\u0101sas un raksta, notur\u012bga apdruka, kas labi izce\u013cas, pateicoties tintes k\u0101rtas biezumam. Piem\u0113rots d\u0101vanu iesai\u0146o\u0161anai, gr\u0101matu apv\u0101ko\u0161anai, fotoalbumu noform\u0113\u0161anai un citiem rokdarbiem.<\/p>\n","protected":false},"featured_media":204507,"comment_status":"closed","ping_status":"closed","template":"","meta":{"_acf_changed":false,"ep_exclude_from_search":false},"product_cat":[17921,17990],"product_tag":[],"class_list":{"0":"post-185459","1":"product","2":"type-product","3":"status-publish","4":"has-post-thumbnail","6":"product_cat-papira-izstradajumi","7":"product_cat-rokdarbu-papirs","9":"first","10":"instock","11":"taxable","12":"shipping-taxable","13":"purchasable","14":"product-type-variable"},"acf":[],"yoast_head":"<!-- This site is optimized with the Yoast SEO plugin v24.1 - https:\/\/yoast.com\/wordpress\/plugins\/seo\/ -->\n<title>Iesai\u0146ojamais pap\u012brs 3120mino &#8211; Skizze<\/title>\n<meta name=\"robots\" content=\"noindex, follow, max-snippet:-1, max-image-preview:large, max-video-preview:-1\" \/>\n<meta property=\"og:locale\" content=\"lv_LV\" \/>\n<meta property=\"og:type\" content=\"article\" \/>\n<meta property=\"og:title\" content=\"Iesai\u0146ojamais pap\u012brs 3120mino &#8211; Skizze\" \/>\n<meta property=\"og:description\" content=\"3120mino pap\u012brs ir izgatavots ar rok\u0101m p\u0113c 1300 gadus sen\u0101m trad\u012bcij\u0101m Jap\u0101nas Mino provinc\u0113, izmantojot t\u012bru avota \u016bdeni. Katra lapa ir apdruk\u0101ta atsevi\u0161\u0137i, izmantojot z\u012bdspiedes tehniku. Pap\u012bra raupj\u0101ko pusi grezno da\u017e\u0101das tekst\u016bras, kr\u0101sas un raksta, notur\u012bga apdruka, kas labi izce\u013cas, pateicoties tintes k\u0101rtas biezumam. Piem\u0113rots d\u0101vanu iesai\u0146o\u0161anai, gr\u0101matu apv\u0101ko\u0161anai, fotoalbumu noform\u0113\u0161anai un citiem rokdarbiem.\" \/>\n<meta property=\"og:url\" content=\"https:\/\/hobstop.ee\/lv\/produkts\/iesainojamais-papirs-3120mino\/\" \/>\n<meta property=\"og:site_name\" content=\"Skizze\" \/>\n<meta property=\"article:publisher\" content=\"http:\/\/www.facebook.com\/VunderSkizze\" \/>\n<meta property=\"og:image\" content=\"https:\/\/hobstop.ee\/media\/3908.jpg\" \/>\n\t<meta property=\"og:image:width\" content=\"1024\" \/>\n\t<meta property=\"og:image:height\" content=\"768\" \/>\n\t<meta property=\"og:image:type\" content=\"image\/jpeg\" \/>\n<meta name=\"twitter:card\" content=\"summary_large_image\" \/>\n<script type=\"application\/ld+json\" class=\"yoast-schema-graph\">{\"@context\":\"https:\/\/schema.org\",\"@graph\":[{\"@type\":\"WebPage\",\"@id\":\"https:\/\/hobstop.ee\/lv\/produkts\/iesainojamais-papirs-3120mino\/\",\"url\":\"https:\/\/hobstop.ee\/lv\/produkts\/iesainojamais-papirs-3120mino\/\",\"name\":\"Iesai\u0146ojamais pap\u012brs 3120mino &#8211; Skizze\",\"isPartOf\":{\"@id\":\"https:\/\/www.hobstop.ee\/lv\/#website\"},\"primaryImageOfPage\":{\"@id\":\"https:\/\/hobstop.ee\/lv\/produkts\/iesainojamais-papirs-3120mino\/#primaryimage\"},\"image\":{\"@id\":\"https:\/\/hobstop.ee\/lv\/produkts\/iesainojamais-papirs-3120mino\/#primaryimage\"},\"thumbnailUrl\":\"https:\/\/hobstop.ee\/media\/3908.jpg\",\"datePublished\":\"2015-07-31T23:26:04+00:00\",\"dateModified\":\"2015-07-31T23:26:04+00:00\",\"breadcrumb\":{\"@id\":\"https:\/\/hobstop.ee\/lv\/produkts\/iesainojamais-papirs-3120mino\/#breadcrumb\"},\"inLanguage\":\"lv-LV\",\"potentialAction\":[{\"@type\":\"ReadAction\",\"target\":[\"https:\/\/hobstop.ee\/lv\/produkts\/iesainojamais-papirs-3120mino\/\"]}]},{\"@type\":\"ImageObject\",\"inLanguage\":\"lv-LV\",\"@id\":\"https:\/\/hobstop.ee\/lv\/produkts\/iesainojamais-papirs-3120mino\/#primaryimage\",\"url\":\"https:\/\/hobstop.ee\/media\/3908.jpg\",\"contentUrl\":\"https:\/\/hobstop.ee\/media\/3908.jpg\",\"width\":1024,\"height\":768},{\"@type\":\"BreadcrumbList\",\"@id\":\"https:\/\/hobstop.ee\/lv\/produkts\/iesainojamais-papirs-3120mino\/#breadcrumb\",\"itemListElement\":[{\"@type\":\"ListItem\",\"position\":1,\"name\":\"Avaleht\",\"item\":\"https:\/\/www.hobstop.ee\/lv\/\"},{\"@type\":\"ListItem\",\"position\":2,\"name\":\"Veikals\",\"item\":\"https:\/\/www.hobstop.ee\/lv\/veikals\/\"},{\"@type\":\"ListItem\",\"position\":3,\"name\":\"Iesai\u0146ojamais pap\u012brs 3120mino\"}]},{\"@type\":\"WebSite\",\"@id\":\"https:\/\/www.hobstop.ee\/lv\/#website\",\"url\":\"https:\/\/www.hobstop.ee\/lv\/\",\"name\":\"Skizze\",\"description\":\"M\u0101kslas, hobiju un skolas preces\",\"publisher\":{\"@id\":\"https:\/\/www.hobstop.ee\/lv\/#organization\"},\"potentialAction\":[{\"@type\":\"SearchAction\",\"target\":{\"@type\":\"EntryPoint\",\"urlTemplate\":\"https:\/\/www.hobstop.ee\/lv\/?s={search_term_string}\"},\"query-input\":{\"@type\":\"PropertyValueSpecification\",\"valueRequired\":true,\"valueName\":\"search_term_string\"}}],\"inLanguage\":\"lv-LV\"},{\"@type\":\"Organization\",\"@id\":\"https:\/\/www.hobstop.ee\/lv\/#organization\",\"name\":\"Vunder AS\",\"url\":\"https:\/\/www.hobstop.ee\/lv\/\",\"logo\":{\"@type\":\"ImageObject\",\"inLanguage\":\"lv-LV\",\"@id\":\"https:\/\/www.hobstop.ee\/lv\/#\/schema\/logo\/image\/\",\"url\":\"https:\/\/hobstop.ee\/media\/vunder-logo.png\",\"contentUrl\":\"https:\/\/hobstop.ee\/media\/vunder-logo.png\",\"width\":127,\"height\":55,\"caption\":\"Vunder AS\"},\"image\":{\"@id\":\"https:\/\/www.hobstop.ee\/lv\/#\/schema\/logo\/image\/\"},\"sameAs\":[\"http:\/\/www.facebook.com\/VunderSkizze\"]}]}<\/script>\n<!-- \/ Yoast SEO plugin. -->","yoast_head_json":{"title":"Iesai\u0146ojamais pap\u012brs 3120mino &#8211; Skizze","robots":{"index":"noindex","follow":"follow","max-snippet":"max-snippet:-1","max-image-preview":"max-image-preview:large","max-video-preview":"max-video-preview:-1"},"og_locale":"lv_LV","og_type":"article","og_title":"Iesai\u0146ojamais pap\u012brs 3120mino &#8211; Skizze","og_description":"3120mino pap\u012brs ir izgatavots ar rok\u0101m p\u0113c 1300 gadus sen\u0101m trad\u012bcij\u0101m Jap\u0101nas Mino provinc\u0113, izmantojot t\u012bru avota \u016bdeni. Katra lapa ir apdruk\u0101ta atsevi\u0161\u0137i, izmantojot z\u012bdspiedes tehniku. Pap\u012bra raupj\u0101ko pusi grezno da\u017e\u0101das tekst\u016bras, kr\u0101sas un raksta, notur\u012bga apdruka, kas labi izce\u013cas, pateicoties tintes k\u0101rtas biezumam. Piem\u0113rots d\u0101vanu iesai\u0146o\u0161anai, gr\u0101matu apv\u0101ko\u0161anai, fotoalbumu noform\u0113\u0161anai un citiem rokdarbiem.","og_url":"https:\/\/hobstop.ee\/lv\/produkts\/iesainojamais-papirs-3120mino\/","og_site_name":"Skizze","article_publisher":"http:\/\/www.facebook.com\/VunderSkizze","og_image":[{"width":1024,"height":768,"url":"https:\/\/hobstop.ee\/media\/3908.jpg","type":"image\/jpeg"}],"twitter_card":"summary_large_image","schema":{"@context":"https:\/\/schema.org","@graph":[{"@type":"WebPage","@id":"https:\/\/hobstop.ee\/lv\/produkts\/iesainojamais-papirs-3120mino\/","url":"https:\/\/hobstop.ee\/lv\/produkts\/iesainojamais-papirs-3120mino\/","name":"Iesai\u0146ojamais pap\u012brs 3120mino &#8211; Skizze","isPartOf":{"@id":"https:\/\/www.hobstop.ee\/lv\/#website"},"primaryImageOfPage":{"@id":"https:\/\/hobstop.ee\/lv\/produkts\/iesainojamais-papirs-3120mino\/#primaryimage"},"image":{"@id":"https:\/\/hobstop.ee\/lv\/produkts\/iesainojamais-papirs-3120mino\/#primaryimage"},"thumbnailUrl":"https:\/\/hobstop.ee\/media\/3908.jpg","datePublished":"2015-07-31T23:26:04+00:00","dateModified":"2015-07-31T23:26:04+00:00","breadcrumb":{"@id":"https:\/\/hobstop.ee\/lv\/produkts\/iesainojamais-papirs-3120mino\/#breadcrumb"},"inLanguage":"lv-LV","potentialAction":[{"@type":"ReadAction","target":["https:\/\/hobstop.ee\/lv\/produkts\/iesainojamais-papirs-3120mino\/"]}]},{"@type":"ImageObject","inLanguage":"lv-LV","@id":"https:\/\/hobstop.ee\/lv\/produkts\/iesainojamais-papirs-3120mino\/#primaryimage","url":"https:\/\/hobstop.ee\/media\/3908.jpg","contentUrl":"https:\/\/hobstop.ee\/media\/3908.jpg","width":1024,"height":768},{"@type":"BreadcrumbList","@id":"https:\/\/hobstop.ee\/lv\/produkts\/iesainojamais-papirs-3120mino\/#breadcrumb","itemListElement":[{"@type":"ListItem","position":1,"name":"Avaleht","item":"https:\/\/www.hobstop.ee\/lv\/"},{"@type":"ListItem","position":2,"name":"Veikals","item":"https:\/\/www.hobstop.ee\/lv\/veikals\/"},{"@type":"ListItem","position":3,"name":"Iesai\u0146ojamais pap\u012brs 3120mino"}]},{"@type":"WebSite","@id":"https:\/\/www.hobstop.ee\/lv\/#website","url":"https:\/\/www.hobstop.ee\/lv\/","name":"Skizze","description":"M\u0101kslas, hobiju un skolas preces","publisher":{"@id":"https:\/\/www.hobstop.ee\/lv\/#organization"},"potentialAction":[{"@type":"SearchAction","target":{"@type":"EntryPoint","urlTemplate":"https:\/\/www.hobstop.ee\/lv\/?s={search_term_string}"},"query-input":{"@type":"PropertyValueSpecification","valueRequired":true,"valueName":"search_term_string"}}],"inLanguage":"lv-LV"},{"@type":"Organization","@id":"https:\/\/www.hobstop.ee\/lv\/#organization","name":"Vunder AS","url":"https:\/\/www.hobstop.ee\/lv\/","logo":{"@type":"ImageObject","inLanguage":"lv-LV","@id":"https:\/\/www.hobstop.ee\/lv\/#\/schema\/logo\/image\/","url":"https:\/\/hobstop.ee\/media\/vunder-logo.png","contentUrl":"https:\/\/hobstop.ee\/media\/vunder-logo.png","width":127,"height":55,"caption":"Vunder AS"},"image":{"@id":"https:\/\/www.hobstop.ee\/lv\/#\/schema\/logo\/image\/"},"sameAs":["http:\/\/www.facebook.com\/VunderSkizze"]}]}},"_links":{"self":[{"href":"https:\/\/hobstop.ee\/lv\/wp-json\/wp\/v2\/product\/185459","targetHints":{"allow":["GET"]}}],"collection":[{"href":"https:\/\/hobstop.ee\/lv\/wp-json\/wp\/v2\/product"}],"about":[{"href":"https:\/\/hobstop.ee\/lv\/wp-json\/wp\/v2\/types\/product"}],"replies":[{"embeddable":true,"href":"https:\/\/hobstop.ee\/lv\/wp-json\/wp\/v2\/comments?post=185459"}],"wp:featuredmedia":[{"embeddable":true,"href":"https:\/\/hobstop.ee\/lv\/wp-json\/wp\/v2\/media\/204507"}],"wp:attachment":[{"href":"https:\/\/hobstop.ee\/lv\/wp-json\/wp\/v2\/media?parent=185459"}],"wp:term":[{"taxonomy":"product_cat","embeddable":true,"href":"https:\/\/hobstop.ee\/lv\/wp-json\/wp\/v2\/product_cat?post=185459"},{"taxonomy":"product_tag","embeddable":true,"href":"https:\/\/hobstop.ee\/lv\/wp-json\/wp\/v2\/product_tag?post=185459"}],"curies":[{"name":"wp","href":"https:\/\/api.w.org\/{rel}","templated":true}]}}