{"id":185463,"date":"2015-08-01T02:26:16","date_gmt":"2015-07-31T23:26:16","guid":{"rendered":"http:\/\/vunder-ee.sn25.zone.eu\/lv\/product\/papirs-3120mino\/"},"modified":"2015-08-01T02:26:16","modified_gmt":"2015-07-31T23:26:16","slug":"papirs-3120mino","status":"publish","type":"product","link":"https:\/\/hobstop.ee\/lv\/produkts\/papirs-3120mino\/","title":{"rendered":"Pap\u012brs 3120mino"},"content":{"rendered":"<p>3120mino ir ar rok\u0101m izgatavots, klasisks jap\u0101\u0146u pap\u012brs ar \u016bdensz\u012bm\u0113m.  3120mino pap\u012br\u0101 ir apvienotas Jap\u0101nas vidien\u0113 izvietot\u0101s Mino provinces 1300 gadus sen\u0101s pap\u012bra ra\u017eo\u0161anas trad\u012bcijas un m\u016bsdien\u012bgs dizains.  Pap\u012bra izgatavo\u0161an\u0101 tiek izmantots t\u012brs avota \u016bdens, kas pie\u0161\u0137ir pap\u012bram \u012bpa\u0161u tekst\u016bru.  Uz \u0161\u012b pap\u012bra rakst\u012btas v\u0113stules b\u016bs \u013coti \u012bpa\u0161as.  Pap\u012bra viena puse ir gluda, bet otra \u2013 ar m\u012bkstu un vieglu strukt\u016bru.  Smalkais me\u017e\u0123\u012b\u0146veida ornaments pie\u0161\u0137ir pap\u012bram savdab\u012bbu un daudzveid\u012bbu.  3120mino pap\u012brs ir piem\u0113rots v\u0113stu\u013cu rakst\u012b\u0161anai, klasiskajiem tu\u0161as gleznojumiem, nelielu d\u0101vanu iesai\u0146o\u0161anai, konditorijas izstr\u0101d\u0101jumu dekor\u0113\u0161anai un da\u017e\u0101du dekoru izgatavo\u0161anai.  Piem\u0113rots apdrukai ar tintes un l\u0101zerprinteru, tom\u0113r, atkar\u012bb\u0101 no pap\u012bra ievieto\u0161anas virziena, tas var iespr\u016bst printer\u012b.<\/p>\n","protected":false},"excerpt":{"rendered":"<p>3120mino ir ar rok\u0101m izgatavots, klasisks jap\u0101\u0146u pap\u012brs ar \u016bdensz\u012bm\u0113m. 3120mino pap\u012br\u0101 ir apvienotas Jap\u0101nas vidien\u0113 izvietot\u0101s Mino provinces 1300 gadus sen\u0101s pap\u012bra ra\u017eo\u0161anas trad\u012bcijas un m\u016bsdien\u012bgs dizains. Pap\u012bra izgatavo\u0161an\u0101 tiek izmantots t\u012brs avota \u016bdens, kas pie\u0161\u0137ir pap\u012bram \u012bpa\u0161u tekst\u016bru. Uz \u0161\u012b pap\u012bra rakst\u012btas v\u0113stules b\u016bs \u013coti \u012bpa\u0161as. Pap\u012bra viena puse ir gluda, bet otra \u2013 ar m\u012bkstu un vieglu strukt\u016bru. Smalkais me\u017e\u0123\u012b\u0146veida ornaments pie\u0161\u0137ir pap\u012bram savdab\u012bbu un daudzveid\u012bbu. 3120mino pap\u012brs ir piem\u0113rots v\u0113stu\u013cu rakst\u012b\u0161anai, klasiskajiem tu\u0161as gleznojumiem, nelielu d\u0101vanu iesai\u0146o\u0161anai, konditorijas izstr\u0101d\u0101jumu dekor\u0113\u0161anai un da\u017e\u0101du dekoru izgatavo\u0161anai. Piem\u0113rots apdrukai ar tintes un l\u0101zerprinteru, tom\u0113r, atkar\u012bb\u0101 no pap\u012bra ievieto\u0161anas virziena, tas var iespr\u016bst printer\u012b.<\/p>\n","protected":false},"featured_media":204511,"comment_status":"closed","ping_status":"closed","template":"","meta":{"_acf_changed":false,"ep_exclude_from_search":false},"product_cat":[17921,18457,17990],"product_tag":[],"class_list":{"0":"post-185463","1":"product","2":"type-product","3":"status-publish","4":"has-post-thumbnail","6":"product_cat-papira-izstradajumi","7":"product_cat-papirs-ar-specialiem-efektiem","8":"product_cat-rokdarbu-papirs","10":"first","11":"instock","12":"taxable","13":"shipping-taxable","14":"purchasable","15":"product-type-variable"},"acf":[],"yoast_head":"<!-- This site is optimized with the Yoast SEO plugin v24.1 - https:\/\/yoast.com\/wordpress\/plugins\/seo\/ -->\n<title>Pap\u012brs 3120mino &#8211; Skizze<\/title>\n<meta name=\"robots\" content=\"noindex, follow, max-snippet:-1, max-image-preview:large, max-video-preview:-1\" \/>\n<meta property=\"og:locale\" content=\"lv_LV\" \/>\n<meta property=\"og:type\" content=\"article\" \/>\n<meta property=\"og:title\" content=\"Pap\u012brs 3120mino &#8211; Skizze\" \/>\n<meta property=\"og:description\" content=\"3120mino ir ar rok\u0101m izgatavots, klasisks jap\u0101\u0146u pap\u012brs ar \u016bdensz\u012bm\u0113m. 3120mino pap\u012br\u0101 ir apvienotas Jap\u0101nas vidien\u0113 izvietot\u0101s Mino provinces 1300 gadus sen\u0101s pap\u012bra ra\u017eo\u0161anas trad\u012bcijas un m\u016bsdien\u012bgs dizains. Pap\u012bra izgatavo\u0161an\u0101 tiek izmantots t\u012brs avota \u016bdens, kas pie\u0161\u0137ir pap\u012bram \u012bpa\u0161u tekst\u016bru. Uz \u0161\u012b pap\u012bra rakst\u012btas v\u0113stules b\u016bs \u013coti \u012bpa\u0161as. Pap\u012bra viena puse ir gluda, bet otra \u2013 ar m\u012bkstu un vieglu strukt\u016bru. Smalkais me\u017e\u0123\u012b\u0146veida ornaments pie\u0161\u0137ir pap\u012bram savdab\u012bbu un daudzveid\u012bbu. 3120mino pap\u012brs ir piem\u0113rots v\u0113stu\u013cu rakst\u012b\u0161anai, klasiskajiem tu\u0161as gleznojumiem, nelielu d\u0101vanu iesai\u0146o\u0161anai, konditorijas izstr\u0101d\u0101jumu dekor\u0113\u0161anai un da\u017e\u0101du dekoru izgatavo\u0161anai. Piem\u0113rots apdrukai ar tintes un l\u0101zerprinteru, tom\u0113r, atkar\u012bb\u0101 no pap\u012bra ievieto\u0161anas virziena, tas var iespr\u016bst printer\u012b.\" \/>\n<meta property=\"og:url\" content=\"https:\/\/hobstop.ee\/lv\/produkts\/papirs-3120mino\/\" \/>\n<meta property=\"og:site_name\" content=\"Skizze\" \/>\n<meta property=\"article:publisher\" content=\"http:\/\/www.facebook.com\/VunderSkizze\" \/>\n<meta property=\"og:image\" content=\"https:\/\/hobstop.ee\/media\/3909.jpg\" \/>\n\t<meta property=\"og:image:width\" content=\"1024\" \/>\n\t<meta property=\"og:image:height\" content=\"768\" \/>\n\t<meta property=\"og:image:type\" content=\"image\/jpeg\" \/>\n<meta name=\"twitter:card\" content=\"summary_large_image\" \/>\n<meta name=\"twitter:label1\" content=\"Est. reading time\" \/>\n\t<meta name=\"twitter:data1\" content=\"1 min\u016b\u0161u\" \/>\n<script type=\"application\/ld+json\" class=\"yoast-schema-graph\">{\"@context\":\"https:\/\/schema.org\",\"@graph\":[{\"@type\":\"WebPage\",\"@id\":\"https:\/\/hobstop.ee\/lv\/produkts\/papirs-3120mino\/\",\"url\":\"https:\/\/hobstop.ee\/lv\/produkts\/papirs-3120mino\/\",\"name\":\"Pap\u012brs 3120mino &#8211; Skizze\",\"isPartOf\":{\"@id\":\"https:\/\/hobstop.ee\/lv\/#website\"},\"primaryImageOfPage\":{\"@id\":\"https:\/\/hobstop.ee\/lv\/produkts\/papirs-3120mino\/#primaryimage\"},\"image\":{\"@id\":\"https:\/\/hobstop.ee\/lv\/produkts\/papirs-3120mino\/#primaryimage\"},\"thumbnailUrl\":\"https:\/\/hobstop.ee\/media\/3909.jpg\",\"datePublished\":\"2015-07-31T23:26:16+00:00\",\"dateModified\":\"2015-07-31T23:26:16+00:00\",\"breadcrumb\":{\"@id\":\"https:\/\/hobstop.ee\/lv\/produkts\/papirs-3120mino\/#breadcrumb\"},\"inLanguage\":\"lv-LV\",\"potentialAction\":[{\"@type\":\"ReadAction\",\"target\":[\"https:\/\/hobstop.ee\/lv\/produkts\/papirs-3120mino\/\"]}]},{\"@type\":\"ImageObject\",\"inLanguage\":\"lv-LV\",\"@id\":\"https:\/\/hobstop.ee\/lv\/produkts\/papirs-3120mino\/#primaryimage\",\"url\":\"https:\/\/hobstop.ee\/media\/3909.jpg\",\"contentUrl\":\"https:\/\/hobstop.ee\/media\/3909.jpg\",\"width\":1024,\"height\":768},{\"@type\":\"BreadcrumbList\",\"@id\":\"https:\/\/hobstop.ee\/lv\/produkts\/papirs-3120mino\/#breadcrumb\",\"itemListElement\":[{\"@type\":\"ListItem\",\"position\":1,\"name\":\"Avaleht\",\"item\":\"https:\/\/www.hobstop.ee\/lv\/\"},{\"@type\":\"ListItem\",\"position\":2,\"name\":\"Veikals\",\"item\":\"https:\/\/www.hobstop.ee\/lv\/veikals\/\"},{\"@type\":\"ListItem\",\"position\":3,\"name\":\"Pap\u012brs 3120mino\"}]},{\"@type\":\"WebSite\",\"@id\":\"https:\/\/hobstop.ee\/lv\/#website\",\"url\":\"https:\/\/hobstop.ee\/lv\/\",\"name\":\"Skizze\",\"description\":\"M\u0101kslas, hobiju un skolas preces\",\"publisher\":{\"@id\":\"https:\/\/hobstop.ee\/lv\/#organization\"},\"potentialAction\":[{\"@type\":\"SearchAction\",\"target\":{\"@type\":\"EntryPoint\",\"urlTemplate\":\"https:\/\/hobstop.ee\/lv\/?s={search_term_string}\"},\"query-input\":{\"@type\":\"PropertyValueSpecification\",\"valueRequired\":true,\"valueName\":\"search_term_string\"}}],\"inLanguage\":\"lv-LV\"},{\"@type\":\"Organization\",\"@id\":\"https:\/\/hobstop.ee\/lv\/#organization\",\"name\":\"Vunder AS\",\"url\":\"https:\/\/hobstop.ee\/lv\/\",\"logo\":{\"@type\":\"ImageObject\",\"inLanguage\":\"lv-LV\",\"@id\":\"https:\/\/hobstop.ee\/lv\/#\/schema\/logo\/image\/\",\"url\":\"https:\/\/hobstop.ee\/media\/vunder-logo.png\",\"contentUrl\":\"https:\/\/hobstop.ee\/media\/vunder-logo.png\",\"width\":127,\"height\":55,\"caption\":\"Vunder AS\"},\"image\":{\"@id\":\"https:\/\/hobstop.ee\/lv\/#\/schema\/logo\/image\/\"},\"sameAs\":[\"http:\/\/www.facebook.com\/VunderSkizze\"]}]}<\/script>\n<!-- \/ Yoast SEO plugin. -->","yoast_head_json":{"title":"Pap\u012brs 3120mino &#8211; Skizze","robots":{"index":"noindex","follow":"follow","max-snippet":"max-snippet:-1","max-image-preview":"max-image-preview:large","max-video-preview":"max-video-preview:-1"},"og_locale":"lv_LV","og_type":"article","og_title":"Pap\u012brs 3120mino &#8211; Skizze","og_description":"3120mino ir ar rok\u0101m izgatavots, klasisks jap\u0101\u0146u pap\u012brs ar \u016bdensz\u012bm\u0113m. 3120mino pap\u012br\u0101 ir apvienotas Jap\u0101nas vidien\u0113 izvietot\u0101s Mino provinces 1300 gadus sen\u0101s pap\u012bra ra\u017eo\u0161anas trad\u012bcijas un m\u016bsdien\u012bgs dizains. Pap\u012bra izgatavo\u0161an\u0101 tiek izmantots t\u012brs avota \u016bdens, kas pie\u0161\u0137ir pap\u012bram \u012bpa\u0161u tekst\u016bru. Uz \u0161\u012b pap\u012bra rakst\u012btas v\u0113stules b\u016bs \u013coti \u012bpa\u0161as. Pap\u012bra viena puse ir gluda, bet otra \u2013 ar m\u012bkstu un vieglu strukt\u016bru. Smalkais me\u017e\u0123\u012b\u0146veida ornaments pie\u0161\u0137ir pap\u012bram savdab\u012bbu un daudzveid\u012bbu. 3120mino pap\u012brs ir piem\u0113rots v\u0113stu\u013cu rakst\u012b\u0161anai, klasiskajiem tu\u0161as gleznojumiem, nelielu d\u0101vanu iesai\u0146o\u0161anai, konditorijas izstr\u0101d\u0101jumu dekor\u0113\u0161anai un da\u017e\u0101du dekoru izgatavo\u0161anai. Piem\u0113rots apdrukai ar tintes un l\u0101zerprinteru, tom\u0113r, atkar\u012bb\u0101 no pap\u012bra ievieto\u0161anas virziena, tas var iespr\u016bst printer\u012b.","og_url":"https:\/\/hobstop.ee\/lv\/produkts\/papirs-3120mino\/","og_site_name":"Skizze","article_publisher":"http:\/\/www.facebook.com\/VunderSkizze","og_image":[{"width":1024,"height":768,"url":"https:\/\/hobstop.ee\/media\/3909.jpg","type":"image\/jpeg"}],"twitter_card":"summary_large_image","twitter_misc":{"Est. reading time":"1 min\u016b\u0161u"},"schema":{"@context":"https:\/\/schema.org","@graph":[{"@type":"WebPage","@id":"https:\/\/hobstop.ee\/lv\/produkts\/papirs-3120mino\/","url":"https:\/\/hobstop.ee\/lv\/produkts\/papirs-3120mino\/","name":"Pap\u012brs 3120mino &#8211; Skizze","isPartOf":{"@id":"https:\/\/hobstop.ee\/lv\/#website"},"primaryImageOfPage":{"@id":"https:\/\/hobstop.ee\/lv\/produkts\/papirs-3120mino\/#primaryimage"},"image":{"@id":"https:\/\/hobstop.ee\/lv\/produkts\/papirs-3120mino\/#primaryimage"},"thumbnailUrl":"https:\/\/hobstop.ee\/media\/3909.jpg","datePublished":"2015-07-31T23:26:16+00:00","dateModified":"2015-07-31T23:26:16+00:00","breadcrumb":{"@id":"https:\/\/hobstop.ee\/lv\/produkts\/papirs-3120mino\/#breadcrumb"},"inLanguage":"lv-LV","potentialAction":[{"@type":"ReadAction","target":["https:\/\/hobstop.ee\/lv\/produkts\/papirs-3120mino\/"]}]},{"@type":"ImageObject","inLanguage":"lv-LV","@id":"https:\/\/hobstop.ee\/lv\/produkts\/papirs-3120mino\/#primaryimage","url":"https:\/\/hobstop.ee\/media\/3909.jpg","contentUrl":"https:\/\/hobstop.ee\/media\/3909.jpg","width":1024,"height":768},{"@type":"BreadcrumbList","@id":"https:\/\/hobstop.ee\/lv\/produkts\/papirs-3120mino\/#breadcrumb","itemListElement":[{"@type":"ListItem","position":1,"name":"Avaleht","item":"https:\/\/www.hobstop.ee\/lv\/"},{"@type":"ListItem","position":2,"name":"Veikals","item":"https:\/\/www.hobstop.ee\/lv\/veikals\/"},{"@type":"ListItem","position":3,"name":"Pap\u012brs 3120mino"}]},{"@type":"WebSite","@id":"https:\/\/hobstop.ee\/lv\/#website","url":"https:\/\/hobstop.ee\/lv\/","name":"Skizze","description":"M\u0101kslas, hobiju un skolas preces","publisher":{"@id":"https:\/\/hobstop.ee\/lv\/#organization"},"potentialAction":[{"@type":"SearchAction","target":{"@type":"EntryPoint","urlTemplate":"https:\/\/hobstop.ee\/lv\/?s={search_term_string}"},"query-input":{"@type":"PropertyValueSpecification","valueRequired":true,"valueName":"search_term_string"}}],"inLanguage":"lv-LV"},{"@type":"Organization","@id":"https:\/\/hobstop.ee\/lv\/#organization","name":"Vunder AS","url":"https:\/\/hobstop.ee\/lv\/","logo":{"@type":"ImageObject","inLanguage":"lv-LV","@id":"https:\/\/hobstop.ee\/lv\/#\/schema\/logo\/image\/","url":"https:\/\/hobstop.ee\/media\/vunder-logo.png","contentUrl":"https:\/\/hobstop.ee\/media\/vunder-logo.png","width":127,"height":55,"caption":"Vunder AS"},"image":{"@id":"https:\/\/hobstop.ee\/lv\/#\/schema\/logo\/image\/"},"sameAs":["http:\/\/www.facebook.com\/VunderSkizze"]}]}},"_links":{"self":[{"href":"https:\/\/hobstop.ee\/lv\/wp-json\/wp\/v2\/product\/185463","targetHints":{"allow":["GET"]}}],"collection":[{"href":"https:\/\/hobstop.ee\/lv\/wp-json\/wp\/v2\/product"}],"about":[{"href":"https:\/\/hobstop.ee\/lv\/wp-json\/wp\/v2\/types\/product"}],"replies":[{"embeddable":true,"href":"https:\/\/hobstop.ee\/lv\/wp-json\/wp\/v2\/comments?post=185463"}],"wp:featuredmedia":[{"embeddable":true,"href":"https:\/\/hobstop.ee\/lv\/wp-json\/wp\/v2\/media\/204511"}],"wp:attachment":[{"href":"https:\/\/hobstop.ee\/lv\/wp-json\/wp\/v2\/media?parent=185463"}],"wp:term":[{"taxonomy":"product_cat","embeddable":true,"href":"https:\/\/hobstop.ee\/lv\/wp-json\/wp\/v2\/product_cat?post=185463"},{"taxonomy":"product_tag","embeddable":true,"href":"https:\/\/hobstop.ee\/lv\/wp-json\/wp\/v2\/product_tag?post=185463"}],"curies":[{"name":"wp","href":"https:\/\/api.w.org\/{rel}","templated":true}]}}