{"id":185467,"date":"2015-08-01T02:26:31","date_gmt":"2015-07-31T23:26:31","guid":{"rendered":"http:\/\/vunder-ee.sn25.zone.eu\/lv\/product\/piezimju-bloks-3120mino\/"},"modified":"2015-08-01T02:26:31","modified_gmt":"2015-07-31T23:26:31","slug":"piezimju-bloks-3120mino","status":"publish","type":"product","link":"https:\/\/hobstop.ee\/lv\/produkts\/piezimju-bloks-3120mino\/","title":{"rendered":"Piez\u012bmju bloks 3120mino"},"content":{"rendered":"<p>Bloci\u0146\u0161 da\u017e\u0101du domu un ideju pierakst\u012b\u0161anai.  3120mino pap\u012brs ir izgatavots ar rok\u0101m p\u0113c 1300 gadus sen\u0101m trad\u012bcij\u0101m Jap\u0101nas Mino provinc\u0113, izmantojot t\u012bru avota \u016bdeni.  Uz vis\u0101m bloci\u0146a lap\u0101m ir izmantotas \u016bdensz\u012bmes. Sal\u012bdzin\u0101jum\u0101 ar parastiem piez\u012bmju bloci\u0146iem, \u0161is bloci\u0146\u0161 izce\u013cas ar \u012bpa\u0161u vieglumu.  Lapas ab\u0101m pus\u0113m ir at\u0161\u0137ir\u012bga strukt\u016bra.  Viena puse ir gluda un lieliski piem\u0113rota rakst\u012b\u0161anai ar pildspalvu vai spalvu, bet otra puse &#8211; ar izteikt\u0101ku strukt\u016bru un piem\u0113rota rakst\u012b\u0161anai ar m\u012bkstu z\u012bmuli vai paste\u013cu kr\u012bti\u0146iem.  Pap\u012bram nav l\u012bniju, t\u0101d\u0113\u013c tas izmantojams da\u017e\u0101d\u0101m vajadz\u012bb\u0101m.<\/p>\n","protected":false},"excerpt":{"rendered":"<p>Bloci\u0146\u0161 da\u017e\u0101du domu un ideju pierakst\u012b\u0161anai. 3120mino pap\u012brs ir izgatavots ar rok\u0101m p\u0113c 1300 gadus sen\u0101m trad\u012bcij\u0101m Jap\u0101nas Mino provinc\u0113, izmantojot t\u012bru avota \u016bdeni. Uz vis\u0101m bloci\u0146a lap\u0101m ir izmantotas \u016bdensz\u012bmes. Sal\u012bdzin\u0101jum\u0101 ar parastiem piez\u012bmju bloci\u0146iem, \u0161is bloci\u0146\u0161 izce\u013cas ar \u012bpa\u0161u vieglumu. Lapas ab\u0101m pus\u0113m ir at\u0161\u0137ir\u012bga strukt\u016bra. Viena puse ir gluda un lieliski piem\u0113rota rakst\u012b\u0161anai ar pildspalvu vai spalvu, bet otra puse &#8211; ar izteikt\u0101ku strukt\u016bru un piem\u0113rota rakst\u012b\u0161anai ar m\u012bkstu z\u012bmuli vai paste\u013cu kr\u012bti\u0146iem. Pap\u012bram nav l\u012bniju, t\u0101d\u0113\u013c tas izmantojams da\u017e\u0101d\u0101m vajadz\u012bb\u0101m.<\/p>\n","protected":false},"featured_media":0,"comment_status":"closed","ping_status":"closed","template":"","meta":{"_acf_changed":false,"ep_exclude_from_search":false},"product_cat":[18937,17921,18423],"product_tag":[],"class_list":{"0":"post-185467","1":"product","2":"type-product","3":"status-publish","5":"product_cat-ofisa-preces-5","6":"product_cat-papira-izstradajumi","7":"product_cat-piezimju-gramatina","9":"first","10":"instock","11":"taxable","12":"shipping-taxable","13":"purchasable","14":"product-type-variable"},"acf":[],"yoast_head":"<!-- This site is optimized with the Yoast SEO plugin v24.1 - https:\/\/yoast.com\/wordpress\/plugins\/seo\/ -->\n<title>Piez\u012bmju bloks 3120mino &#8211; Skizze<\/title>\n<meta name=\"robots\" content=\"noindex, follow, max-snippet:-1, max-image-preview:large, max-video-preview:-1\" \/>\n<meta property=\"og:locale\" content=\"lv_LV\" \/>\n<meta property=\"og:type\" content=\"article\" \/>\n<meta property=\"og:title\" content=\"Piez\u012bmju bloks 3120mino &#8211; Skizze\" \/>\n<meta property=\"og:description\" content=\"Bloci\u0146\u0161 da\u017e\u0101du domu un ideju pierakst\u012b\u0161anai. 3120mino pap\u012brs ir izgatavots ar rok\u0101m p\u0113c 1300 gadus sen\u0101m trad\u012bcij\u0101m Jap\u0101nas Mino provinc\u0113, izmantojot t\u012bru avota \u016bdeni. Uz vis\u0101m bloci\u0146a lap\u0101m ir izmantotas \u016bdensz\u012bmes. Sal\u012bdzin\u0101jum\u0101 ar parastiem piez\u012bmju bloci\u0146iem, \u0161is bloci\u0146\u0161 izce\u013cas ar \u012bpa\u0161u vieglumu. Lapas ab\u0101m pus\u0113m ir at\u0161\u0137ir\u012bga strukt\u016bra. Viena puse ir gluda un lieliski piem\u0113rota rakst\u012b\u0161anai ar pildspalvu vai spalvu, bet otra puse &#8211; ar izteikt\u0101ku strukt\u016bru un piem\u0113rota rakst\u012b\u0161anai ar m\u012bkstu z\u012bmuli vai paste\u013cu kr\u012bti\u0146iem. Pap\u012bram nav l\u012bniju, t\u0101d\u0113\u013c tas izmantojams da\u017e\u0101d\u0101m vajadz\u012bb\u0101m.\" \/>\n<meta property=\"og:url\" content=\"https:\/\/hobstop.ee\/lv\/produkts\/piezimju-bloks-3120mino\/\" \/>\n<meta property=\"og:site_name\" content=\"Skizze\" \/>\n<meta property=\"article:publisher\" content=\"http:\/\/www.facebook.com\/VunderSkizze\" \/>\n<meta name=\"twitter:card\" content=\"summary_large_image\" \/>\n<meta name=\"twitter:label1\" content=\"Est. reading time\" \/>\n\t<meta name=\"twitter:data1\" content=\"1 min\u016b\u0161u\" \/>\n<script type=\"application\/ld+json\" class=\"yoast-schema-graph\">{\"@context\":\"https:\/\/schema.org\",\"@graph\":[{\"@type\":\"WebPage\",\"@id\":\"https:\/\/hobstop.ee\/lv\/produkts\/piezimju-bloks-3120mino\/\",\"url\":\"https:\/\/hobstop.ee\/lv\/produkts\/piezimju-bloks-3120mino\/\",\"name\":\"Piez\u012bmju bloks 3120mino &#8211; Skizze\",\"isPartOf\":{\"@id\":\"https:\/\/hobstop.ee\/lv\/#website\"},\"datePublished\":\"2015-07-31T23:26:31+00:00\",\"dateModified\":\"2015-07-31T23:26:31+00:00\",\"breadcrumb\":{\"@id\":\"https:\/\/hobstop.ee\/lv\/produkts\/piezimju-bloks-3120mino\/#breadcrumb\"},\"inLanguage\":\"lv-LV\",\"potentialAction\":[{\"@type\":\"ReadAction\",\"target\":[\"https:\/\/hobstop.ee\/lv\/produkts\/piezimju-bloks-3120mino\/\"]}]},{\"@type\":\"BreadcrumbList\",\"@id\":\"https:\/\/hobstop.ee\/lv\/produkts\/piezimju-bloks-3120mino\/#breadcrumb\",\"itemListElement\":[{\"@type\":\"ListItem\",\"position\":1,\"name\":\"Avaleht\",\"item\":\"https:\/\/www.hobstop.ee\/lv\/\"},{\"@type\":\"ListItem\",\"position\":2,\"name\":\"Veikals\",\"item\":\"https:\/\/www.hobstop.ee\/lv\/veikals\/\"},{\"@type\":\"ListItem\",\"position\":3,\"name\":\"Piez\u012bmju bloks 3120mino\"}]},{\"@type\":\"WebSite\",\"@id\":\"https:\/\/hobstop.ee\/lv\/#website\",\"url\":\"https:\/\/hobstop.ee\/lv\/\",\"name\":\"Skizze\",\"description\":\"M\u0101kslas, hobiju un skolas preces\",\"publisher\":{\"@id\":\"https:\/\/hobstop.ee\/lv\/#organization\"},\"potentialAction\":[{\"@type\":\"SearchAction\",\"target\":{\"@type\":\"EntryPoint\",\"urlTemplate\":\"https:\/\/hobstop.ee\/lv\/?s={search_term_string}\"},\"query-input\":{\"@type\":\"PropertyValueSpecification\",\"valueRequired\":true,\"valueName\":\"search_term_string\"}}],\"inLanguage\":\"lv-LV\"},{\"@type\":\"Organization\",\"@id\":\"https:\/\/hobstop.ee\/lv\/#organization\",\"name\":\"Vunder AS\",\"url\":\"https:\/\/hobstop.ee\/lv\/\",\"logo\":{\"@type\":\"ImageObject\",\"inLanguage\":\"lv-LV\",\"@id\":\"https:\/\/hobstop.ee\/lv\/#\/schema\/logo\/image\/\",\"url\":\"https:\/\/hobstop.ee\/media\/vunder-logo.png\",\"contentUrl\":\"https:\/\/hobstop.ee\/media\/vunder-logo.png\",\"width\":127,\"height\":55,\"caption\":\"Vunder AS\"},\"image\":{\"@id\":\"https:\/\/hobstop.ee\/lv\/#\/schema\/logo\/image\/\"},\"sameAs\":[\"http:\/\/www.facebook.com\/VunderSkizze\"]}]}<\/script>\n<!-- \/ Yoast SEO plugin. -->","yoast_head_json":{"title":"Piez\u012bmju bloks 3120mino &#8211; Skizze","robots":{"index":"noindex","follow":"follow","max-snippet":"max-snippet:-1","max-image-preview":"max-image-preview:large","max-video-preview":"max-video-preview:-1"},"og_locale":"lv_LV","og_type":"article","og_title":"Piez\u012bmju bloks 3120mino &#8211; Skizze","og_description":"Bloci\u0146\u0161 da\u017e\u0101du domu un ideju pierakst\u012b\u0161anai. 3120mino pap\u012brs ir izgatavots ar rok\u0101m p\u0113c 1300 gadus sen\u0101m trad\u012bcij\u0101m Jap\u0101nas Mino provinc\u0113, izmantojot t\u012bru avota \u016bdeni. Uz vis\u0101m bloci\u0146a lap\u0101m ir izmantotas \u016bdensz\u012bmes. Sal\u012bdzin\u0101jum\u0101 ar parastiem piez\u012bmju bloci\u0146iem, \u0161is bloci\u0146\u0161 izce\u013cas ar \u012bpa\u0161u vieglumu. Lapas ab\u0101m pus\u0113m ir at\u0161\u0137ir\u012bga strukt\u016bra. Viena puse ir gluda un lieliski piem\u0113rota rakst\u012b\u0161anai ar pildspalvu vai spalvu, bet otra puse &#8211; ar izteikt\u0101ku strukt\u016bru un piem\u0113rota rakst\u012b\u0161anai ar m\u012bkstu z\u012bmuli vai paste\u013cu kr\u012bti\u0146iem. Pap\u012bram nav l\u012bniju, t\u0101d\u0113\u013c tas izmantojams da\u017e\u0101d\u0101m vajadz\u012bb\u0101m.","og_url":"https:\/\/hobstop.ee\/lv\/produkts\/piezimju-bloks-3120mino\/","og_site_name":"Skizze","article_publisher":"http:\/\/www.facebook.com\/VunderSkizze","twitter_card":"summary_large_image","twitter_misc":{"Est. reading time":"1 min\u016b\u0161u"},"schema":{"@context":"https:\/\/schema.org","@graph":[{"@type":"WebPage","@id":"https:\/\/hobstop.ee\/lv\/produkts\/piezimju-bloks-3120mino\/","url":"https:\/\/hobstop.ee\/lv\/produkts\/piezimju-bloks-3120mino\/","name":"Piez\u012bmju bloks 3120mino &#8211; Skizze","isPartOf":{"@id":"https:\/\/hobstop.ee\/lv\/#website"},"datePublished":"2015-07-31T23:26:31+00:00","dateModified":"2015-07-31T23:26:31+00:00","breadcrumb":{"@id":"https:\/\/hobstop.ee\/lv\/produkts\/piezimju-bloks-3120mino\/#breadcrumb"},"inLanguage":"lv-LV","potentialAction":[{"@type":"ReadAction","target":["https:\/\/hobstop.ee\/lv\/produkts\/piezimju-bloks-3120mino\/"]}]},{"@type":"BreadcrumbList","@id":"https:\/\/hobstop.ee\/lv\/produkts\/piezimju-bloks-3120mino\/#breadcrumb","itemListElement":[{"@type":"ListItem","position":1,"name":"Avaleht","item":"https:\/\/www.hobstop.ee\/lv\/"},{"@type":"ListItem","position":2,"name":"Veikals","item":"https:\/\/www.hobstop.ee\/lv\/veikals\/"},{"@type":"ListItem","position":3,"name":"Piez\u012bmju bloks 3120mino"}]},{"@type":"WebSite","@id":"https:\/\/hobstop.ee\/lv\/#website","url":"https:\/\/hobstop.ee\/lv\/","name":"Skizze","description":"M\u0101kslas, hobiju un skolas preces","publisher":{"@id":"https:\/\/hobstop.ee\/lv\/#organization"},"potentialAction":[{"@type":"SearchAction","target":{"@type":"EntryPoint","urlTemplate":"https:\/\/hobstop.ee\/lv\/?s={search_term_string}"},"query-input":{"@type":"PropertyValueSpecification","valueRequired":true,"valueName":"search_term_string"}}],"inLanguage":"lv-LV"},{"@type":"Organization","@id":"https:\/\/hobstop.ee\/lv\/#organization","name":"Vunder AS","url":"https:\/\/hobstop.ee\/lv\/","logo":{"@type":"ImageObject","inLanguage":"lv-LV","@id":"https:\/\/hobstop.ee\/lv\/#\/schema\/logo\/image\/","url":"https:\/\/hobstop.ee\/media\/vunder-logo.png","contentUrl":"https:\/\/hobstop.ee\/media\/vunder-logo.png","width":127,"height":55,"caption":"Vunder AS"},"image":{"@id":"https:\/\/hobstop.ee\/lv\/#\/schema\/logo\/image\/"},"sameAs":["http:\/\/www.facebook.com\/VunderSkizze"]}]}},"_links":{"self":[{"href":"https:\/\/hobstop.ee\/lv\/wp-json\/wp\/v2\/product\/185467","targetHints":{"allow":["GET"]}}],"collection":[{"href":"https:\/\/hobstop.ee\/lv\/wp-json\/wp\/v2\/product"}],"about":[{"href":"https:\/\/hobstop.ee\/lv\/wp-json\/wp\/v2\/types\/product"}],"replies":[{"embeddable":true,"href":"https:\/\/hobstop.ee\/lv\/wp-json\/wp\/v2\/comments?post=185467"}],"wp:attachment":[{"href":"https:\/\/hobstop.ee\/lv\/wp-json\/wp\/v2\/media?parent=185467"}],"wp:term":[{"taxonomy":"product_cat","embeddable":true,"href":"https:\/\/hobstop.ee\/lv\/wp-json\/wp\/v2\/product_cat?post=185467"},{"taxonomy":"product_tag","embeddable":true,"href":"https:\/\/hobstop.ee\/lv\/wp-json\/wp\/v2\/product_tag?post=185467"}],"curies":[{"name":"wp","href":"https:\/\/api.w.org\/{rel}","templated":true}]}}