{"id":185479,"date":"2015-08-01T02:27:06","date_gmt":"2015-07-31T23:27:06","guid":{"rendered":"http:\/\/vunder-ee.sn25.zone.eu\/lv\/product\/spalvaskats-manuscript-trio\/"},"modified":"2015-08-01T02:27:06","modified_gmt":"2015-07-31T23:27:06","slug":"spalvaskats-manuscript-trio","status":"publish","type":"product","link":"https:\/\/hobstop.ee\/lv\/produkts\/spalvaskats-manuscript-trio\/","title":{"rendered":"Spalvaskats Manuscript Trio"},"content":{"rendered":"<p>Italic Trio tintes pildspalva.  Piem\u0113rota rakst\u012b\u0161anai, l\u012bniju vilk\u0161anai, pierakstiem u.c.!  Italic Trio ir daudzpus\u012bga un gl\u012bta tintes pildspalva, kas piem\u0113rota ikdienas izmanto\u0161anai.  Rakst\u0101mspalvas noapa\u013cot\u0101s malas dod iesp\u0113ju \u0113rti rakst\u012bt un vilkt l\u012bnijas visos virzienos, saglab\u0101jot nep\u0101rtrauktu tintes pl\u016bsmu.  Trio Italic rakst\u0101mspalva ir lieliski piem\u0113rota rakst\u012b\u0161anai kurs\u012bv\u0101.  Pateicoties pildspalvas ergonomiskajai tr\u012bsst\u016bra formai, t\u0101 \u0113rti iegulst rok\u0101, neradot nevajadz\u012bgu sasprindzin\u0101jumu un t\u0101d\u0113j\u0101di nov\u0113r\u0161ot rokas nogur\u0161anu, ilgsto\u0161i rakstot. <\/p>\n<p>Komplekt\u0101 ietilpst:<br \/>\nItalic Trio tintes pildspalva<br \/>\nVid\u0113ja izm\u0113ra kurs\u012bva rakst\u0101mspalva 1.1mm<br \/>\nMeln\u0101s tintes kapsulas (2gab.)<br \/>\nPam\u0101c\u012bba par atk\u0101rtotu uzpildi un produkta apkopi<\/p>\n","protected":false},"excerpt":{"rendered":"<p>Italic Trio tintes pildspalva. Piem\u0113rota rakst\u012b\u0161anai, l\u012bniju vilk\u0161anai, pierakstiem u.c.! Italic Trio ir daudzpus\u012bga un gl\u012bta tintes pildspalva, kas piem\u0113rota ikdienas izmanto\u0161anai. Rakst\u0101mspalvas noapa\u013cot\u0101s malas dod iesp\u0113ju \u0113rti rakst\u012bt un vilkt l\u012bnijas visos virzienos, saglab\u0101jot nep\u0101rtrauktu tintes pl\u016bsmu. Trio Italic rakst\u0101mspalva ir lieliski piem\u0113rota rakst\u012b\u0161anai kurs\u012bv\u0101. Pateicoties pildspalvas ergonomiskajai tr\u012bsst\u016bra formai, t\u0101 \u0113rti iegulst rok\u0101, neradot nevajadz\u012bgu sasprindzin\u0101jumu un t\u0101d\u0113j\u0101di nov\u0113r\u0161ot rokas nogur\u0161anu, ilgsto\u0161i rakstot. Komplekt\u0101 ietilpst: Italic Trio tintes pildspalva Vid\u0113ja izm\u0113ra kurs\u012bva rakst\u0101mspalva 1.1mm Meln\u0101s tintes kapsulas (2gab.) Pam\u0101c\u012bba par atk\u0101rtotu uzpildi un produkta apkopi<\/p>\n","protected":false},"featured_media":204527,"comment_status":"closed","ping_status":"closed","template":"","meta":{"_acf_changed":false,"ep_exclude_from_search":false},"product_cat":[18519,19776],"product_tag":[],"class_list":{"0":"post-185479","1":"product","2":"type-product","3":"status-publish","4":"has-post-thumbnail","6":"product_cat-rakstampiederumi-2","7":"product_cat-spalvaskati-2","9":"first","10":"instock","11":"sale","12":"taxable","13":"shipping-taxable","14":"purchasable","15":"product-type-variable"},"acf":[],"yoast_head":"<!-- This site is optimized with the Yoast SEO plugin v24.1 - https:\/\/yoast.com\/wordpress\/plugins\/seo\/ -->\n<title>Spalvaskats Manuscript Trio &#8211; Skizze<\/title>\n<meta name=\"robots\" content=\"noindex, follow, max-snippet:-1, max-image-preview:large, max-video-preview:-1\" \/>\n<meta property=\"og:locale\" content=\"lv_LV\" \/>\n<meta property=\"og:type\" content=\"article\" \/>\n<meta property=\"og:title\" content=\"Spalvaskats Manuscript Trio &#8211; Skizze\" \/>\n<meta property=\"og:description\" content=\"Italic Trio tintes pildspalva. Piem\u0113rota rakst\u012b\u0161anai, l\u012bniju vilk\u0161anai, pierakstiem u.c.! Italic Trio ir daudzpus\u012bga un gl\u012bta tintes pildspalva, kas piem\u0113rota ikdienas izmanto\u0161anai. Rakst\u0101mspalvas noapa\u013cot\u0101s malas dod iesp\u0113ju \u0113rti rakst\u012bt un vilkt l\u012bnijas visos virzienos, saglab\u0101jot nep\u0101rtrauktu tintes pl\u016bsmu. Trio Italic rakst\u0101mspalva ir lieliski piem\u0113rota rakst\u012b\u0161anai kurs\u012bv\u0101. Pateicoties pildspalvas ergonomiskajai tr\u012bsst\u016bra formai, t\u0101 \u0113rti iegulst rok\u0101, neradot nevajadz\u012bgu sasprindzin\u0101jumu un t\u0101d\u0113j\u0101di nov\u0113r\u0161ot rokas nogur\u0161anu, ilgsto\u0161i rakstot. Komplekt\u0101 ietilpst: Italic Trio tintes pildspalva Vid\u0113ja izm\u0113ra kurs\u012bva rakst\u0101mspalva 1.1mm Meln\u0101s tintes kapsulas (2gab.) Pam\u0101c\u012bba par atk\u0101rtotu uzpildi un produkta apkopi\" \/>\n<meta property=\"og:url\" content=\"https:\/\/hobstop.ee\/lv\/produkts\/spalvaskats-manuscript-trio\/\" \/>\n<meta property=\"og:site_name\" content=\"Skizze\" \/>\n<meta property=\"article:publisher\" content=\"http:\/\/www.facebook.com\/VunderSkizze\" \/>\n<meta property=\"og:image\" content=\"https:\/\/hobstop.ee\/media\/3913.jpg\" \/>\n\t<meta property=\"og:image:width\" content=\"1024\" \/>\n\t<meta property=\"og:image:height\" content=\"768\" \/>\n\t<meta property=\"og:image:type\" content=\"image\/jpeg\" \/>\n<meta name=\"twitter:card\" content=\"summary_large_image\" \/>\n<meta name=\"twitter:label1\" content=\"Est. reading time\" \/>\n\t<meta name=\"twitter:data1\" content=\"1 min\u016b\u0161u\" \/>\n<script type=\"application\/ld+json\" class=\"yoast-schema-graph\">{\"@context\":\"https:\/\/schema.org\",\"@graph\":[{\"@type\":\"WebPage\",\"@id\":\"https:\/\/hobstop.ee\/lv\/produkts\/spalvaskats-manuscript-trio\/\",\"url\":\"https:\/\/hobstop.ee\/lv\/produkts\/spalvaskats-manuscript-trio\/\",\"name\":\"Spalvaskats Manuscript Trio &#8211; Skizze\",\"isPartOf\":{\"@id\":\"https:\/\/hobstop.ee\/lv\/#website\"},\"primaryImageOfPage\":{\"@id\":\"https:\/\/hobstop.ee\/lv\/produkts\/spalvaskats-manuscript-trio\/#primaryimage\"},\"image\":{\"@id\":\"https:\/\/hobstop.ee\/lv\/produkts\/spalvaskats-manuscript-trio\/#primaryimage\"},\"thumbnailUrl\":\"https:\/\/hobstop.ee\/media\/3913.jpg\",\"datePublished\":\"2015-07-31T23:27:06+00:00\",\"dateModified\":\"2015-07-31T23:27:06+00:00\",\"breadcrumb\":{\"@id\":\"https:\/\/hobstop.ee\/lv\/produkts\/spalvaskats-manuscript-trio\/#breadcrumb\"},\"inLanguage\":\"lv-LV\",\"potentialAction\":[{\"@type\":\"ReadAction\",\"target\":[\"https:\/\/hobstop.ee\/lv\/produkts\/spalvaskats-manuscript-trio\/\"]}]},{\"@type\":\"ImageObject\",\"inLanguage\":\"lv-LV\",\"@id\":\"https:\/\/hobstop.ee\/lv\/produkts\/spalvaskats-manuscript-trio\/#primaryimage\",\"url\":\"https:\/\/hobstop.ee\/media\/3913.jpg\",\"contentUrl\":\"https:\/\/hobstop.ee\/media\/3913.jpg\",\"width\":1024,\"height\":768},{\"@type\":\"BreadcrumbList\",\"@id\":\"https:\/\/hobstop.ee\/lv\/produkts\/spalvaskats-manuscript-trio\/#breadcrumb\",\"itemListElement\":[{\"@type\":\"ListItem\",\"position\":1,\"name\":\"Avaleht\",\"item\":\"https:\/\/hobstop.ee\/lv\/\"},{\"@type\":\"ListItem\",\"position\":2,\"name\":\"Veikals\",\"item\":\"https:\/\/hobstop.ee\/lv\/veikals\/\"},{\"@type\":\"ListItem\",\"position\":3,\"name\":\"Spalvaskats Manuscript Trio\"}]},{\"@type\":\"WebSite\",\"@id\":\"https:\/\/hobstop.ee\/lv\/#website\",\"url\":\"https:\/\/hobstop.ee\/lv\/\",\"name\":\"Skizze\",\"description\":\"M\u0101kslas, hobiju un skolas preces\",\"publisher\":{\"@id\":\"https:\/\/hobstop.ee\/lv\/#organization\"},\"potentialAction\":[{\"@type\":\"SearchAction\",\"target\":{\"@type\":\"EntryPoint\",\"urlTemplate\":\"https:\/\/hobstop.ee\/lv\/?s={search_term_string}\"},\"query-input\":{\"@type\":\"PropertyValueSpecification\",\"valueRequired\":true,\"valueName\":\"search_term_string\"}}],\"inLanguage\":\"lv-LV\"},{\"@type\":\"Organization\",\"@id\":\"https:\/\/hobstop.ee\/lv\/#organization\",\"name\":\"Vunder AS\",\"url\":\"https:\/\/hobstop.ee\/lv\/\",\"logo\":{\"@type\":\"ImageObject\",\"inLanguage\":\"lv-LV\",\"@id\":\"https:\/\/hobstop.ee\/lv\/#\/schema\/logo\/image\/\",\"url\":\"https:\/\/hobstop.ee\/media\/vunder-logo.png\",\"contentUrl\":\"https:\/\/hobstop.ee\/media\/vunder-logo.png\",\"width\":127,\"height\":55,\"caption\":\"Vunder AS\"},\"image\":{\"@id\":\"https:\/\/hobstop.ee\/lv\/#\/schema\/logo\/image\/\"},\"sameAs\":[\"http:\/\/www.facebook.com\/VunderSkizze\"]}]}<\/script>\n<!-- \/ Yoast SEO plugin. -->","yoast_head_json":{"title":"Spalvaskats Manuscript Trio &#8211; Skizze","robots":{"index":"noindex","follow":"follow","max-snippet":"max-snippet:-1","max-image-preview":"max-image-preview:large","max-video-preview":"max-video-preview:-1"},"og_locale":"lv_LV","og_type":"article","og_title":"Spalvaskats Manuscript Trio &#8211; Skizze","og_description":"Italic Trio tintes pildspalva. Piem\u0113rota rakst\u012b\u0161anai, l\u012bniju vilk\u0161anai, pierakstiem u.c.! Italic Trio ir daudzpus\u012bga un gl\u012bta tintes pildspalva, kas piem\u0113rota ikdienas izmanto\u0161anai. Rakst\u0101mspalvas noapa\u013cot\u0101s malas dod iesp\u0113ju \u0113rti rakst\u012bt un vilkt l\u012bnijas visos virzienos, saglab\u0101jot nep\u0101rtrauktu tintes pl\u016bsmu. Trio Italic rakst\u0101mspalva ir lieliski piem\u0113rota rakst\u012b\u0161anai kurs\u012bv\u0101. Pateicoties pildspalvas ergonomiskajai tr\u012bsst\u016bra formai, t\u0101 \u0113rti iegulst rok\u0101, neradot nevajadz\u012bgu sasprindzin\u0101jumu un t\u0101d\u0113j\u0101di nov\u0113r\u0161ot rokas nogur\u0161anu, ilgsto\u0161i rakstot. Komplekt\u0101 ietilpst: Italic Trio tintes pildspalva Vid\u0113ja izm\u0113ra kurs\u012bva rakst\u0101mspalva 1.1mm Meln\u0101s tintes kapsulas (2gab.) Pam\u0101c\u012bba par atk\u0101rtotu uzpildi un produkta apkopi","og_url":"https:\/\/hobstop.ee\/lv\/produkts\/spalvaskats-manuscript-trio\/","og_site_name":"Skizze","article_publisher":"http:\/\/www.facebook.com\/VunderSkizze","og_image":[{"width":1024,"height":768,"url":"https:\/\/hobstop.ee\/media\/3913.jpg","type":"image\/jpeg"}],"twitter_card":"summary_large_image","twitter_misc":{"Est. reading time":"1 min\u016b\u0161u"},"schema":{"@context":"https:\/\/schema.org","@graph":[{"@type":"WebPage","@id":"https:\/\/hobstop.ee\/lv\/produkts\/spalvaskats-manuscript-trio\/","url":"https:\/\/hobstop.ee\/lv\/produkts\/spalvaskats-manuscript-trio\/","name":"Spalvaskats Manuscript Trio &#8211; Skizze","isPartOf":{"@id":"https:\/\/hobstop.ee\/lv\/#website"},"primaryImageOfPage":{"@id":"https:\/\/hobstop.ee\/lv\/produkts\/spalvaskats-manuscript-trio\/#primaryimage"},"image":{"@id":"https:\/\/hobstop.ee\/lv\/produkts\/spalvaskats-manuscript-trio\/#primaryimage"},"thumbnailUrl":"https:\/\/hobstop.ee\/media\/3913.jpg","datePublished":"2015-07-31T23:27:06+00:00","dateModified":"2015-07-31T23:27:06+00:00","breadcrumb":{"@id":"https:\/\/hobstop.ee\/lv\/produkts\/spalvaskats-manuscript-trio\/#breadcrumb"},"inLanguage":"lv-LV","potentialAction":[{"@type":"ReadAction","target":["https:\/\/hobstop.ee\/lv\/produkts\/spalvaskats-manuscript-trio\/"]}]},{"@type":"ImageObject","inLanguage":"lv-LV","@id":"https:\/\/hobstop.ee\/lv\/produkts\/spalvaskats-manuscript-trio\/#primaryimage","url":"https:\/\/hobstop.ee\/media\/3913.jpg","contentUrl":"https:\/\/hobstop.ee\/media\/3913.jpg","width":1024,"height":768},{"@type":"BreadcrumbList","@id":"https:\/\/hobstop.ee\/lv\/produkts\/spalvaskats-manuscript-trio\/#breadcrumb","itemListElement":[{"@type":"ListItem","position":1,"name":"Avaleht","item":"https:\/\/hobstop.ee\/lv\/"},{"@type":"ListItem","position":2,"name":"Veikals","item":"https:\/\/hobstop.ee\/lv\/veikals\/"},{"@type":"ListItem","position":3,"name":"Spalvaskats Manuscript Trio"}]},{"@type":"WebSite","@id":"https:\/\/hobstop.ee\/lv\/#website","url":"https:\/\/hobstop.ee\/lv\/","name":"Skizze","description":"M\u0101kslas, hobiju un skolas preces","publisher":{"@id":"https:\/\/hobstop.ee\/lv\/#organization"},"potentialAction":[{"@type":"SearchAction","target":{"@type":"EntryPoint","urlTemplate":"https:\/\/hobstop.ee\/lv\/?s={search_term_string}"},"query-input":{"@type":"PropertyValueSpecification","valueRequired":true,"valueName":"search_term_string"}}],"inLanguage":"lv-LV"},{"@type":"Organization","@id":"https:\/\/hobstop.ee\/lv\/#organization","name":"Vunder AS","url":"https:\/\/hobstop.ee\/lv\/","logo":{"@type":"ImageObject","inLanguage":"lv-LV","@id":"https:\/\/hobstop.ee\/lv\/#\/schema\/logo\/image\/","url":"https:\/\/hobstop.ee\/media\/vunder-logo.png","contentUrl":"https:\/\/hobstop.ee\/media\/vunder-logo.png","width":127,"height":55,"caption":"Vunder AS"},"image":{"@id":"https:\/\/hobstop.ee\/lv\/#\/schema\/logo\/image\/"},"sameAs":["http:\/\/www.facebook.com\/VunderSkizze"]}]}},"_links":{"self":[{"href":"https:\/\/hobstop.ee\/lv\/wp-json\/wp\/v2\/product\/185479","targetHints":{"allow":["GET"]}}],"collection":[{"href":"https:\/\/hobstop.ee\/lv\/wp-json\/wp\/v2\/product"}],"about":[{"href":"https:\/\/hobstop.ee\/lv\/wp-json\/wp\/v2\/types\/product"}],"replies":[{"embeddable":true,"href":"https:\/\/hobstop.ee\/lv\/wp-json\/wp\/v2\/comments?post=185479"}],"wp:featuredmedia":[{"embeddable":true,"href":"https:\/\/hobstop.ee\/lv\/wp-json\/wp\/v2\/media\/204527"}],"wp:attachment":[{"href":"https:\/\/hobstop.ee\/lv\/wp-json\/wp\/v2\/media?parent=185479"}],"wp:term":[{"taxonomy":"product_cat","embeddable":true,"href":"https:\/\/hobstop.ee\/lv\/wp-json\/wp\/v2\/product_cat?post=185479"},{"taxonomy":"product_tag","embeddable":true,"href":"https:\/\/hobstop.ee\/lv\/wp-json\/wp\/v2\/product_tag?post=185479"}],"curies":[{"name":"wp","href":"https:\/\/api.w.org\/{rel}","templated":true}]}}