{"id":185483,"date":"2015-08-01T02:27:17","date_gmt":"2015-07-31T23:27:17","guid":{"rendered":"http:\/\/vunder-ee.sn25.zone.eu\/lv\/product\/sausa-tusa-manuscript-kinas-kaligrafija\/"},"modified":"2015-08-01T02:27:17","modified_gmt":"2015-07-31T23:27:17","slug":"sausa-tusa-manuscript-kinas-kaligrafija","status":"publish","type":"product","link":"https:\/\/hobstop.ee\/lv\/produkts\/sausa-tusa-manuscript-kinas-kaligrafija\/","title":{"rendered":"Saus\u0101 tu\u0161a Manuscript \u0136\u012bnas kaligr\u0101fija"},"content":{"rendered":"<p>Parasti ciet\u0101s \u0136\u012bnas tintes stien\u012b\u0161us grezno da\u017e\u0101di \u0136\u012bnas simboli &#8211; dz\u012bvnieki, kukai\u0146i un priek\u0161meti.  Ciet\u0101 tinte tiek ieg\u016bta, sajaucot sodr\u0113jus ar dz\u012bvnieku izcelsmes l\u012bmi, piem\u0113ram, l\u012bmi, kas izgatavota no liellopu \u0101das vai c\u012bpsl\u0101m.  Pievienojot cietajai tintei \u016bdeni , tiek ieg\u016bts da\u017e\u0101das intensit\u0101tes melnais tonis.  Jo vair\u0101k ciet\u0101s tintes pulvera pievienots \u016bdenim, jo tum\u0161\u0101ks k\u013c\u016bst tintes pigments.  Tintes pulveris tiek ieg\u016bts, r\u012bv\u0113jot ciet\u0101s tintes stien\u012bti pret speci\u0101lu akmens virsmu.<\/p>\n","protected":false},"excerpt":{"rendered":"<p>Parasti ciet\u0101s \u0136\u012bnas tintes stien\u012b\u0161us grezno da\u017e\u0101di \u0136\u012bnas simboli &#8211; dz\u012bvnieki, kukai\u0146i un priek\u0161meti. Ciet\u0101 tinte tiek ieg\u016bta, sajaucot sodr\u0113jus ar dz\u012bvnieku izcelsmes l\u012bmi, piem\u0113ram, l\u012bmi, kas izgatavota no liellopu \u0101das vai c\u012bpsl\u0101m. Pievienojot cietajai tintei \u016bdeni , tiek ieg\u016bts da\u017e\u0101das intensit\u0101tes melnais tonis. Jo vair\u0101k ciet\u0101s tintes pulvera pievienots \u016bdenim, jo tum\u0161\u0101ks k\u013c\u016bst tintes pigments. Tintes pulveris tiek ieg\u016bts, r\u012bv\u0113jot ciet\u0101s tintes stien\u012bti pret speci\u0101lu akmens virsmu.<\/p>\n","protected":false},"featured_media":204531,"comment_status":"closed","ping_status":"closed","template":"","meta":{"_acf_changed":false,"ep_exclude_from_search":false},"product_cat":[17975,16123,18341],"product_tag":[],"class_list":{"0":"post-185483","1":"product","2":"type-product","3":"status-publish","4":"has-post-thumbnail","6":"product_cat-kaligrafijas-piederumi","7":"product_cat-makslas-piederumi-2","8":"product_cat-tusas-un-tintes","10":"first","11":"outofstock","12":"sale","13":"taxable","14":"shipping-taxable","15":"purchasable","16":"product-type-variable"},"acf":[],"yoast_head":"<!-- This site is optimized with the Yoast SEO plugin v24.1 - https:\/\/yoast.com\/wordpress\/plugins\/seo\/ -->\n<title>Saus\u0101 tu\u0161a Manuscript \u0136\u012bnas kaligr\u0101fija &#8211; Skizze<\/title>\n<meta name=\"robots\" content=\"noindex, follow, max-snippet:-1, max-image-preview:large, max-video-preview:-1\" \/>\n<meta property=\"og:locale\" content=\"lv_LV\" \/>\n<meta property=\"og:type\" content=\"article\" \/>\n<meta property=\"og:title\" content=\"Saus\u0101 tu\u0161a Manuscript \u0136\u012bnas kaligr\u0101fija &#8211; Skizze\" \/>\n<meta property=\"og:description\" content=\"Parasti ciet\u0101s \u0136\u012bnas tintes stien\u012b\u0161us grezno da\u017e\u0101di \u0136\u012bnas simboli &#8211; dz\u012bvnieki, kukai\u0146i un priek\u0161meti. Ciet\u0101 tinte tiek ieg\u016bta, sajaucot sodr\u0113jus ar dz\u012bvnieku izcelsmes l\u012bmi, piem\u0113ram, l\u012bmi, kas izgatavota no liellopu \u0101das vai c\u012bpsl\u0101m. Pievienojot cietajai tintei \u016bdeni , tiek ieg\u016bts da\u017e\u0101das intensit\u0101tes melnais tonis. Jo vair\u0101k ciet\u0101s tintes pulvera pievienots \u016bdenim, jo tum\u0161\u0101ks k\u013c\u016bst tintes pigments. Tintes pulveris tiek ieg\u016bts, r\u012bv\u0113jot ciet\u0101s tintes stien\u012bti pret speci\u0101lu akmens virsmu.\" \/>\n<meta property=\"og:url\" content=\"https:\/\/hobstop.ee\/lv\/produkts\/sausa-tusa-manuscript-kinas-kaligrafija\/\" \/>\n<meta property=\"og:site_name\" content=\"Skizze\" \/>\n<meta property=\"article:publisher\" content=\"http:\/\/www.facebook.com\/VunderSkizze\" \/>\n<meta property=\"og:image\" content=\"https:\/\/hobstop.ee\/media\/3915.JPG\" \/>\n\t<meta property=\"og:image:width\" content=\"1024\" \/>\n\t<meta property=\"og:image:height\" content=\"768\" \/>\n\t<meta property=\"og:image:type\" content=\"image\/jpeg\" \/>\n<meta name=\"twitter:card\" content=\"summary_large_image\" \/>\n<script type=\"application\/ld+json\" class=\"yoast-schema-graph\">{\"@context\":\"https:\/\/schema.org\",\"@graph\":[{\"@type\":\"WebPage\",\"@id\":\"https:\/\/hobstop.ee\/lv\/produkts\/sausa-tusa-manuscript-kinas-kaligrafija\/\",\"url\":\"https:\/\/hobstop.ee\/lv\/produkts\/sausa-tusa-manuscript-kinas-kaligrafija\/\",\"name\":\"Saus\u0101 tu\u0161a Manuscript \u0136\u012bnas kaligr\u0101fija &#8211; Skizze\",\"isPartOf\":{\"@id\":\"https:\/\/hobstop.ee\/lv\/#website\"},\"primaryImageOfPage\":{\"@id\":\"https:\/\/hobstop.ee\/lv\/produkts\/sausa-tusa-manuscript-kinas-kaligrafija\/#primaryimage\"},\"image\":{\"@id\":\"https:\/\/hobstop.ee\/lv\/produkts\/sausa-tusa-manuscript-kinas-kaligrafija\/#primaryimage\"},\"thumbnailUrl\":\"https:\/\/hobstop.ee\/media\/3915.JPG\",\"datePublished\":\"2015-07-31T23:27:17+00:00\",\"dateModified\":\"2015-07-31T23:27:17+00:00\",\"breadcrumb\":{\"@id\":\"https:\/\/hobstop.ee\/lv\/produkts\/sausa-tusa-manuscript-kinas-kaligrafija\/#breadcrumb\"},\"inLanguage\":\"lv-LV\",\"potentialAction\":[{\"@type\":\"ReadAction\",\"target\":[\"https:\/\/hobstop.ee\/lv\/produkts\/sausa-tusa-manuscript-kinas-kaligrafija\/\"]}]},{\"@type\":\"ImageObject\",\"inLanguage\":\"lv-LV\",\"@id\":\"https:\/\/hobstop.ee\/lv\/produkts\/sausa-tusa-manuscript-kinas-kaligrafija\/#primaryimage\",\"url\":\"https:\/\/hobstop.ee\/media\/3915.JPG\",\"contentUrl\":\"https:\/\/hobstop.ee\/media\/3915.JPG\",\"width\":1024,\"height\":768},{\"@type\":\"BreadcrumbList\",\"@id\":\"https:\/\/hobstop.ee\/lv\/produkts\/sausa-tusa-manuscript-kinas-kaligrafija\/#breadcrumb\",\"itemListElement\":[{\"@type\":\"ListItem\",\"position\":1,\"name\":\"Avaleht\",\"item\":\"https:\/\/hobstop.ee\/lv\/\"},{\"@type\":\"ListItem\",\"position\":2,\"name\":\"Veikals\",\"item\":\"https:\/\/hobstop.ee\/lv\/veikals\/\"},{\"@type\":\"ListItem\",\"position\":3,\"name\":\"Saus\u0101 tu\u0161a Manuscript \u0136\u012bnas kaligr\u0101fija\"}]},{\"@type\":\"WebSite\",\"@id\":\"https:\/\/hobstop.ee\/lv\/#website\",\"url\":\"https:\/\/hobstop.ee\/lv\/\",\"name\":\"Skizze\",\"description\":\"M\u0101kslas, hobiju un skolas preces\",\"publisher\":{\"@id\":\"https:\/\/hobstop.ee\/lv\/#organization\"},\"potentialAction\":[{\"@type\":\"SearchAction\",\"target\":{\"@type\":\"EntryPoint\",\"urlTemplate\":\"https:\/\/hobstop.ee\/lv\/?s={search_term_string}\"},\"query-input\":{\"@type\":\"PropertyValueSpecification\",\"valueRequired\":true,\"valueName\":\"search_term_string\"}}],\"inLanguage\":\"lv-LV\"},{\"@type\":\"Organization\",\"@id\":\"https:\/\/hobstop.ee\/lv\/#organization\",\"name\":\"Vunder AS\",\"url\":\"https:\/\/hobstop.ee\/lv\/\",\"logo\":{\"@type\":\"ImageObject\",\"inLanguage\":\"lv-LV\",\"@id\":\"https:\/\/hobstop.ee\/lv\/#\/schema\/logo\/image\/\",\"url\":\"https:\/\/hobstop.ee\/media\/vunder-logo.png\",\"contentUrl\":\"https:\/\/hobstop.ee\/media\/vunder-logo.png\",\"width\":127,\"height\":55,\"caption\":\"Vunder AS\"},\"image\":{\"@id\":\"https:\/\/hobstop.ee\/lv\/#\/schema\/logo\/image\/\"},\"sameAs\":[\"http:\/\/www.facebook.com\/VunderSkizze\"]}]}<\/script>\n<!-- \/ Yoast SEO plugin. -->","yoast_head_json":{"title":"Saus\u0101 tu\u0161a Manuscript \u0136\u012bnas kaligr\u0101fija &#8211; Skizze","robots":{"index":"noindex","follow":"follow","max-snippet":"max-snippet:-1","max-image-preview":"max-image-preview:large","max-video-preview":"max-video-preview:-1"},"og_locale":"lv_LV","og_type":"article","og_title":"Saus\u0101 tu\u0161a Manuscript \u0136\u012bnas kaligr\u0101fija &#8211; Skizze","og_description":"Parasti ciet\u0101s \u0136\u012bnas tintes stien\u012b\u0161us grezno da\u017e\u0101di \u0136\u012bnas simboli &#8211; dz\u012bvnieki, kukai\u0146i un priek\u0161meti. Ciet\u0101 tinte tiek ieg\u016bta, sajaucot sodr\u0113jus ar dz\u012bvnieku izcelsmes l\u012bmi, piem\u0113ram, l\u012bmi, kas izgatavota no liellopu \u0101das vai c\u012bpsl\u0101m. Pievienojot cietajai tintei \u016bdeni , tiek ieg\u016bts da\u017e\u0101das intensit\u0101tes melnais tonis. Jo vair\u0101k ciet\u0101s tintes pulvera pievienots \u016bdenim, jo tum\u0161\u0101ks k\u013c\u016bst tintes pigments. Tintes pulveris tiek ieg\u016bts, r\u012bv\u0113jot ciet\u0101s tintes stien\u012bti pret speci\u0101lu akmens virsmu.","og_url":"https:\/\/hobstop.ee\/lv\/produkts\/sausa-tusa-manuscript-kinas-kaligrafija\/","og_site_name":"Skizze","article_publisher":"http:\/\/www.facebook.com\/VunderSkizze","og_image":[{"width":1024,"height":768,"url":"https:\/\/hobstop.ee\/media\/3915.JPG","type":"image\/jpeg"}],"twitter_card":"summary_large_image","schema":{"@context":"https:\/\/schema.org","@graph":[{"@type":"WebPage","@id":"https:\/\/hobstop.ee\/lv\/produkts\/sausa-tusa-manuscript-kinas-kaligrafija\/","url":"https:\/\/hobstop.ee\/lv\/produkts\/sausa-tusa-manuscript-kinas-kaligrafija\/","name":"Saus\u0101 tu\u0161a Manuscript \u0136\u012bnas kaligr\u0101fija &#8211; Skizze","isPartOf":{"@id":"https:\/\/hobstop.ee\/lv\/#website"},"primaryImageOfPage":{"@id":"https:\/\/hobstop.ee\/lv\/produkts\/sausa-tusa-manuscript-kinas-kaligrafija\/#primaryimage"},"image":{"@id":"https:\/\/hobstop.ee\/lv\/produkts\/sausa-tusa-manuscript-kinas-kaligrafija\/#primaryimage"},"thumbnailUrl":"https:\/\/hobstop.ee\/media\/3915.JPG","datePublished":"2015-07-31T23:27:17+00:00","dateModified":"2015-07-31T23:27:17+00:00","breadcrumb":{"@id":"https:\/\/hobstop.ee\/lv\/produkts\/sausa-tusa-manuscript-kinas-kaligrafija\/#breadcrumb"},"inLanguage":"lv-LV","potentialAction":[{"@type":"ReadAction","target":["https:\/\/hobstop.ee\/lv\/produkts\/sausa-tusa-manuscript-kinas-kaligrafija\/"]}]},{"@type":"ImageObject","inLanguage":"lv-LV","@id":"https:\/\/hobstop.ee\/lv\/produkts\/sausa-tusa-manuscript-kinas-kaligrafija\/#primaryimage","url":"https:\/\/hobstop.ee\/media\/3915.JPG","contentUrl":"https:\/\/hobstop.ee\/media\/3915.JPG","width":1024,"height":768},{"@type":"BreadcrumbList","@id":"https:\/\/hobstop.ee\/lv\/produkts\/sausa-tusa-manuscript-kinas-kaligrafija\/#breadcrumb","itemListElement":[{"@type":"ListItem","position":1,"name":"Avaleht","item":"https:\/\/hobstop.ee\/lv\/"},{"@type":"ListItem","position":2,"name":"Veikals","item":"https:\/\/hobstop.ee\/lv\/veikals\/"},{"@type":"ListItem","position":3,"name":"Saus\u0101 tu\u0161a Manuscript \u0136\u012bnas kaligr\u0101fija"}]},{"@type":"WebSite","@id":"https:\/\/hobstop.ee\/lv\/#website","url":"https:\/\/hobstop.ee\/lv\/","name":"Skizze","description":"M\u0101kslas, hobiju un skolas preces","publisher":{"@id":"https:\/\/hobstop.ee\/lv\/#organization"},"potentialAction":[{"@type":"SearchAction","target":{"@type":"EntryPoint","urlTemplate":"https:\/\/hobstop.ee\/lv\/?s={search_term_string}"},"query-input":{"@type":"PropertyValueSpecification","valueRequired":true,"valueName":"search_term_string"}}],"inLanguage":"lv-LV"},{"@type":"Organization","@id":"https:\/\/hobstop.ee\/lv\/#organization","name":"Vunder AS","url":"https:\/\/hobstop.ee\/lv\/","logo":{"@type":"ImageObject","inLanguage":"lv-LV","@id":"https:\/\/hobstop.ee\/lv\/#\/schema\/logo\/image\/","url":"https:\/\/hobstop.ee\/media\/vunder-logo.png","contentUrl":"https:\/\/hobstop.ee\/media\/vunder-logo.png","width":127,"height":55,"caption":"Vunder AS"},"image":{"@id":"https:\/\/hobstop.ee\/lv\/#\/schema\/logo\/image\/"},"sameAs":["http:\/\/www.facebook.com\/VunderSkizze"]}]}},"_links":{"self":[{"href":"https:\/\/hobstop.ee\/lv\/wp-json\/wp\/v2\/product\/185483","targetHints":{"allow":["GET"]}}],"collection":[{"href":"https:\/\/hobstop.ee\/lv\/wp-json\/wp\/v2\/product"}],"about":[{"href":"https:\/\/hobstop.ee\/lv\/wp-json\/wp\/v2\/types\/product"}],"replies":[{"embeddable":true,"href":"https:\/\/hobstop.ee\/lv\/wp-json\/wp\/v2\/comments?post=185483"}],"wp:featuredmedia":[{"embeddable":true,"href":"https:\/\/hobstop.ee\/lv\/wp-json\/wp\/v2\/media\/204531"}],"wp:attachment":[{"href":"https:\/\/hobstop.ee\/lv\/wp-json\/wp\/v2\/media?parent=185483"}],"wp:term":[{"taxonomy":"product_cat","embeddable":true,"href":"https:\/\/hobstop.ee\/lv\/wp-json\/wp\/v2\/product_cat?post=185483"},{"taxonomy":"product_tag","embeddable":true,"href":"https:\/\/hobstop.ee\/lv\/wp-json\/wp\/v2\/product_tag?post=185483"}],"curies":[{"name":"wp","href":"https:\/\/api.w.org\/{rel}","templated":true}]}}