{"id":185487,"date":"2015-08-01T02:27:30","date_gmt":"2015-07-31T23:27:30","guid":{"rendered":"http:\/\/vunder-ee.sn25.zone.eu\/lv\/product\/tusas-akmens-manuscript-kinas-kaligrafija\/"},"modified":"2015-08-01T02:27:30","modified_gmt":"2015-07-31T23:27:30","slug":"tusas-akmens-manuscript-kinas-kaligrafija","status":"publish","type":"product","link":"https:\/\/hobstop.ee\/lv\/produkts\/tusas-akmens-manuscript-kinas-kaligrafija\/","title":{"rendered":"Tu\u0161as akmens Manuscript \u0136\u012bnas kaligr\u0101fija"},"content":{"rendered":"<p>Taisnst\u016bra formas akmens pl\u0101ksn\u012bte ciet\u0101s tintes stien\u012b\u0161u r\u012bv\u0113\u0161anai vajadz\u012bg\u0101s konsistences un to\u0146a tintes \u0161\u0137\u012bduma pagatavo\u0161anai.  Pl\u0101ksn\u012bte piem\u0113rota maza un vid\u0113ja izm\u0113ra ciet\u0101s tintes stien\u012b\u0161u r\u012bv\u0113\u0161anai.  Pl\u0101ksn\u012bte ir izgatavota no Duan akmens, kura dab\u012bgi raupj\u0101 virsma ir lieliski piem\u0113rota tintes stien\u012b\u0161u smalcin\u0101\u0161anai.<\/p>\n","protected":false},"excerpt":{"rendered":"<p>Taisnst\u016bra formas akmens pl\u0101ksn\u012bte ciet\u0101s tintes stien\u012b\u0161u r\u012bv\u0113\u0161anai vajadz\u012bg\u0101s konsistences un to\u0146a tintes \u0161\u0137\u012bduma pagatavo\u0161anai. Pl\u0101ksn\u012bte piem\u0113rota maza un vid\u0113ja izm\u0113ra ciet\u0101s tintes stien\u012b\u0161u r\u012bv\u0113\u0161anai. Pl\u0101ksn\u012bte ir izgatavota no Duan akmens, kura dab\u012bgi raupj\u0101 virsma ir lieliski piem\u0113rota tintes stien\u012b\u0161u smalcin\u0101\u0161anai.<\/p>\n","protected":false},"featured_media":204535,"comment_status":"closed","ping_status":"closed","template":"","meta":{"_acf_changed":false,"ep_exclude_from_search":false},"product_cat":[18758,17975,16123],"product_tag":[],"class_list":{"0":"post-185487","1":"product","2":"type-product","3":"status-publish","4":"has-post-thumbnail","6":"product_cat-dazadi-29","7":"product_cat-kaligrafijas-piederumi","8":"product_cat-makslas-piederumi-2","10":"first","11":"outofstock","12":"sale","13":"taxable","14":"shipping-taxable","15":"purchasable","16":"product-type-variable"},"acf":[],"yoast_head":"<!-- This site is optimized with the Yoast SEO plugin v24.1 - https:\/\/yoast.com\/wordpress\/plugins\/seo\/ -->\n<title>Tu\u0161as akmens Manuscript \u0136\u012bnas kaligr\u0101fija &#8211; Skizze<\/title>\n<meta name=\"robots\" content=\"noindex, follow, max-snippet:-1, max-image-preview:large, max-video-preview:-1\" \/>\n<meta property=\"og:locale\" content=\"lv_LV\" \/>\n<meta property=\"og:type\" content=\"article\" \/>\n<meta property=\"og:title\" content=\"Tu\u0161as akmens Manuscript \u0136\u012bnas kaligr\u0101fija &#8211; Skizze\" \/>\n<meta property=\"og:description\" content=\"Taisnst\u016bra formas akmens pl\u0101ksn\u012bte ciet\u0101s tintes stien\u012b\u0161u r\u012bv\u0113\u0161anai vajadz\u012bg\u0101s konsistences un to\u0146a tintes \u0161\u0137\u012bduma pagatavo\u0161anai. Pl\u0101ksn\u012bte piem\u0113rota maza un vid\u0113ja izm\u0113ra ciet\u0101s tintes stien\u012b\u0161u r\u012bv\u0113\u0161anai. Pl\u0101ksn\u012bte ir izgatavota no Duan akmens, kura dab\u012bgi raupj\u0101 virsma ir lieliski piem\u0113rota tintes stien\u012b\u0161u smalcin\u0101\u0161anai.\" \/>\n<meta property=\"og:url\" content=\"https:\/\/hobstop.ee\/lv\/produkts\/tusas-akmens-manuscript-kinas-kaligrafija\/\" \/>\n<meta property=\"og:site_name\" content=\"Skizze\" \/>\n<meta property=\"article:publisher\" content=\"http:\/\/www.facebook.com\/VunderSkizze\" \/>\n<meta property=\"og:image\" content=\"https:\/\/hobstop.ee\/media\/3916.jpg\" \/>\n\t<meta property=\"og:image:width\" content=\"1024\" \/>\n\t<meta property=\"og:image:height\" content=\"768\" \/>\n\t<meta property=\"og:image:type\" content=\"image\/jpeg\" \/>\n<meta name=\"twitter:card\" content=\"summary_large_image\" \/>\n<script type=\"application\/ld+json\" class=\"yoast-schema-graph\">{\"@context\":\"https:\/\/schema.org\",\"@graph\":[{\"@type\":\"WebPage\",\"@id\":\"https:\/\/hobstop.ee\/lv\/produkts\/tusas-akmens-manuscript-kinas-kaligrafija\/\",\"url\":\"https:\/\/hobstop.ee\/lv\/produkts\/tusas-akmens-manuscript-kinas-kaligrafija\/\",\"name\":\"Tu\u0161as akmens Manuscript \u0136\u012bnas kaligr\u0101fija &#8211; Skizze\",\"isPartOf\":{\"@id\":\"https:\/\/hobstop.ee\/lv\/#website\"},\"primaryImageOfPage\":{\"@id\":\"https:\/\/hobstop.ee\/lv\/produkts\/tusas-akmens-manuscript-kinas-kaligrafija\/#primaryimage\"},\"image\":{\"@id\":\"https:\/\/hobstop.ee\/lv\/produkts\/tusas-akmens-manuscript-kinas-kaligrafija\/#primaryimage\"},\"thumbnailUrl\":\"https:\/\/hobstop.ee\/media\/3916.jpg\",\"datePublished\":\"2015-07-31T23:27:30+00:00\",\"dateModified\":\"2015-07-31T23:27:30+00:00\",\"breadcrumb\":{\"@id\":\"https:\/\/hobstop.ee\/lv\/produkts\/tusas-akmens-manuscript-kinas-kaligrafija\/#breadcrumb\"},\"inLanguage\":\"lv-LV\",\"potentialAction\":[{\"@type\":\"ReadAction\",\"target\":[\"https:\/\/hobstop.ee\/lv\/produkts\/tusas-akmens-manuscript-kinas-kaligrafija\/\"]}]},{\"@type\":\"ImageObject\",\"inLanguage\":\"lv-LV\",\"@id\":\"https:\/\/hobstop.ee\/lv\/produkts\/tusas-akmens-manuscript-kinas-kaligrafija\/#primaryimage\",\"url\":\"https:\/\/hobstop.ee\/media\/3916.jpg\",\"contentUrl\":\"https:\/\/hobstop.ee\/media\/3916.jpg\",\"width\":1024,\"height\":768},{\"@type\":\"BreadcrumbList\",\"@id\":\"https:\/\/hobstop.ee\/lv\/produkts\/tusas-akmens-manuscript-kinas-kaligrafija\/#breadcrumb\",\"itemListElement\":[{\"@type\":\"ListItem\",\"position\":1,\"name\":\"Avaleht\",\"item\":\"https:\/\/www.hobstop.ee\/lv\/\"},{\"@type\":\"ListItem\",\"position\":2,\"name\":\"Veikals\",\"item\":\"https:\/\/www.hobstop.ee\/lv\/veikals\/\"},{\"@type\":\"ListItem\",\"position\":3,\"name\":\"Tu\u0161as akmens Manuscript \u0136\u012bnas kaligr\u0101fija\"}]},{\"@type\":\"WebSite\",\"@id\":\"https:\/\/hobstop.ee\/lv\/#website\",\"url\":\"https:\/\/hobstop.ee\/lv\/\",\"name\":\"Skizze\",\"description\":\"M\u0101kslas, hobiju un skolas preces\",\"publisher\":{\"@id\":\"https:\/\/hobstop.ee\/lv\/#organization\"},\"potentialAction\":[{\"@type\":\"SearchAction\",\"target\":{\"@type\":\"EntryPoint\",\"urlTemplate\":\"https:\/\/hobstop.ee\/lv\/?s={search_term_string}\"},\"query-input\":{\"@type\":\"PropertyValueSpecification\",\"valueRequired\":true,\"valueName\":\"search_term_string\"}}],\"inLanguage\":\"lv-LV\"},{\"@type\":\"Organization\",\"@id\":\"https:\/\/hobstop.ee\/lv\/#organization\",\"name\":\"Vunder AS\",\"url\":\"https:\/\/hobstop.ee\/lv\/\",\"logo\":{\"@type\":\"ImageObject\",\"inLanguage\":\"lv-LV\",\"@id\":\"https:\/\/hobstop.ee\/lv\/#\/schema\/logo\/image\/\",\"url\":\"https:\/\/hobstop.ee\/media\/vunder-logo.png\",\"contentUrl\":\"https:\/\/hobstop.ee\/media\/vunder-logo.png\",\"width\":127,\"height\":55,\"caption\":\"Vunder AS\"},\"image\":{\"@id\":\"https:\/\/hobstop.ee\/lv\/#\/schema\/logo\/image\/\"},\"sameAs\":[\"http:\/\/www.facebook.com\/VunderSkizze\"]}]}<\/script>\n<!-- \/ Yoast SEO plugin. -->","yoast_head_json":{"title":"Tu\u0161as akmens Manuscript \u0136\u012bnas kaligr\u0101fija &#8211; Skizze","robots":{"index":"noindex","follow":"follow","max-snippet":"max-snippet:-1","max-image-preview":"max-image-preview:large","max-video-preview":"max-video-preview:-1"},"og_locale":"lv_LV","og_type":"article","og_title":"Tu\u0161as akmens Manuscript \u0136\u012bnas kaligr\u0101fija &#8211; Skizze","og_description":"Taisnst\u016bra formas akmens pl\u0101ksn\u012bte ciet\u0101s tintes stien\u012b\u0161u r\u012bv\u0113\u0161anai vajadz\u012bg\u0101s konsistences un to\u0146a tintes \u0161\u0137\u012bduma pagatavo\u0161anai. Pl\u0101ksn\u012bte piem\u0113rota maza un vid\u0113ja izm\u0113ra ciet\u0101s tintes stien\u012b\u0161u r\u012bv\u0113\u0161anai. Pl\u0101ksn\u012bte ir izgatavota no Duan akmens, kura dab\u012bgi raupj\u0101 virsma ir lieliski piem\u0113rota tintes stien\u012b\u0161u smalcin\u0101\u0161anai.","og_url":"https:\/\/hobstop.ee\/lv\/produkts\/tusas-akmens-manuscript-kinas-kaligrafija\/","og_site_name":"Skizze","article_publisher":"http:\/\/www.facebook.com\/VunderSkizze","og_image":[{"width":1024,"height":768,"url":"https:\/\/hobstop.ee\/media\/3916.jpg","type":"image\/jpeg"}],"twitter_card":"summary_large_image","schema":{"@context":"https:\/\/schema.org","@graph":[{"@type":"WebPage","@id":"https:\/\/hobstop.ee\/lv\/produkts\/tusas-akmens-manuscript-kinas-kaligrafija\/","url":"https:\/\/hobstop.ee\/lv\/produkts\/tusas-akmens-manuscript-kinas-kaligrafija\/","name":"Tu\u0161as akmens Manuscript \u0136\u012bnas kaligr\u0101fija &#8211; Skizze","isPartOf":{"@id":"https:\/\/hobstop.ee\/lv\/#website"},"primaryImageOfPage":{"@id":"https:\/\/hobstop.ee\/lv\/produkts\/tusas-akmens-manuscript-kinas-kaligrafija\/#primaryimage"},"image":{"@id":"https:\/\/hobstop.ee\/lv\/produkts\/tusas-akmens-manuscript-kinas-kaligrafija\/#primaryimage"},"thumbnailUrl":"https:\/\/hobstop.ee\/media\/3916.jpg","datePublished":"2015-07-31T23:27:30+00:00","dateModified":"2015-07-31T23:27:30+00:00","breadcrumb":{"@id":"https:\/\/hobstop.ee\/lv\/produkts\/tusas-akmens-manuscript-kinas-kaligrafija\/#breadcrumb"},"inLanguage":"lv-LV","potentialAction":[{"@type":"ReadAction","target":["https:\/\/hobstop.ee\/lv\/produkts\/tusas-akmens-manuscript-kinas-kaligrafija\/"]}]},{"@type":"ImageObject","inLanguage":"lv-LV","@id":"https:\/\/hobstop.ee\/lv\/produkts\/tusas-akmens-manuscript-kinas-kaligrafija\/#primaryimage","url":"https:\/\/hobstop.ee\/media\/3916.jpg","contentUrl":"https:\/\/hobstop.ee\/media\/3916.jpg","width":1024,"height":768},{"@type":"BreadcrumbList","@id":"https:\/\/hobstop.ee\/lv\/produkts\/tusas-akmens-manuscript-kinas-kaligrafija\/#breadcrumb","itemListElement":[{"@type":"ListItem","position":1,"name":"Avaleht","item":"https:\/\/www.hobstop.ee\/lv\/"},{"@type":"ListItem","position":2,"name":"Veikals","item":"https:\/\/www.hobstop.ee\/lv\/veikals\/"},{"@type":"ListItem","position":3,"name":"Tu\u0161as akmens Manuscript \u0136\u012bnas kaligr\u0101fija"}]},{"@type":"WebSite","@id":"https:\/\/hobstop.ee\/lv\/#website","url":"https:\/\/hobstop.ee\/lv\/","name":"Skizze","description":"M\u0101kslas, hobiju un skolas preces","publisher":{"@id":"https:\/\/hobstop.ee\/lv\/#organization"},"potentialAction":[{"@type":"SearchAction","target":{"@type":"EntryPoint","urlTemplate":"https:\/\/hobstop.ee\/lv\/?s={search_term_string}"},"query-input":{"@type":"PropertyValueSpecification","valueRequired":true,"valueName":"search_term_string"}}],"inLanguage":"lv-LV"},{"@type":"Organization","@id":"https:\/\/hobstop.ee\/lv\/#organization","name":"Vunder AS","url":"https:\/\/hobstop.ee\/lv\/","logo":{"@type":"ImageObject","inLanguage":"lv-LV","@id":"https:\/\/hobstop.ee\/lv\/#\/schema\/logo\/image\/","url":"https:\/\/hobstop.ee\/media\/vunder-logo.png","contentUrl":"https:\/\/hobstop.ee\/media\/vunder-logo.png","width":127,"height":55,"caption":"Vunder AS"},"image":{"@id":"https:\/\/hobstop.ee\/lv\/#\/schema\/logo\/image\/"},"sameAs":["http:\/\/www.facebook.com\/VunderSkizze"]}]}},"_links":{"self":[{"href":"https:\/\/hobstop.ee\/lv\/wp-json\/wp\/v2\/product\/185487","targetHints":{"allow":["GET"]}}],"collection":[{"href":"https:\/\/hobstop.ee\/lv\/wp-json\/wp\/v2\/product"}],"about":[{"href":"https:\/\/hobstop.ee\/lv\/wp-json\/wp\/v2\/types\/product"}],"replies":[{"embeddable":true,"href":"https:\/\/hobstop.ee\/lv\/wp-json\/wp\/v2\/comments?post=185487"}],"wp:featuredmedia":[{"embeddable":true,"href":"https:\/\/hobstop.ee\/lv\/wp-json\/wp\/v2\/media\/204535"}],"wp:attachment":[{"href":"https:\/\/hobstop.ee\/lv\/wp-json\/wp\/v2\/media?parent=185487"}],"wp:term":[{"taxonomy":"product_cat","embeddable":true,"href":"https:\/\/hobstop.ee\/lv\/wp-json\/wp\/v2\/product_cat?post=185487"},{"taxonomy":"product_tag","embeddable":true,"href":"https:\/\/hobstop.ee\/lv\/wp-json\/wp\/v2\/product_tag?post=185487"}],"curies":[{"name":"wp","href":"https:\/\/api.w.org\/{rel}","templated":true}]}}