{"id":185503,"date":"2015-08-01T02:28:53","date_gmt":"2015-07-31T23:28:53","guid":{"rendered":"http:\/\/vunder-ee.sn25.zone.eu\/lv\/product\/uzlimes-apli-dress-up\/"},"modified":"2015-08-01T02:28:53","modified_gmt":"2015-07-31T23:28:53","slug":"uzlimes-apli-dress-up","status":"publish","type":"product","link":"https:\/\/hobstop.ee\/lv\/produkts\/uzlimes-apli-dress-up\/","title":{"rendered":"Uzl\u012bmes Apli Dress up"},"content":{"rendered":"<p>Ar Apli Dress Up atk\u0101rtoti izmantojamo uzl\u012bmju komplektiem mazais modes m\u0101kslinieks var\u0113s savu &#8220;modeli&#8221; ap\u0123\u0113rbt visda\u017e\u0101d\u0101kaj\u0101s ap\u0123\u0113rbu kombin\u0101cij\u0101s.  Komplekt\u0101 ietilpst da\u017e\u0101das uzl\u012bmes (modele, ap\u0123\u0113rbi un aksesu\u0101ri), k\u0101 ar\u012b divpus\u0113js rota\u013cu paliktnis.<\/p>\n","protected":false},"excerpt":{"rendered":"<p>Ar Apli Dress Up atk\u0101rtoti izmantojamo uzl\u012bmju komplektiem mazais modes m\u0101kslinieks var\u0113s savu &#8220;modeli&#8221; ap\u0123\u0113rbt visda\u017e\u0101d\u0101kaj\u0101s ap\u0123\u0113rbu kombin\u0101cij\u0101s. Komplekt\u0101 ietilpst da\u017e\u0101das uzl\u012bmes (modele, ap\u0123\u0113rbi un aksesu\u0101ri), k\u0101 ar\u012b divpus\u0113js rota\u013cu paliktnis.<\/p>\n","protected":false},"featured_media":0,"comment_status":"closed","ping_status":"closed","template":"","meta":{"_acf_changed":false,"ep_exclude_from_search":false},"product_cat":[17968,17918,18281],"product_tag":[],"class_list":{"0":"post-185503","1":"product","2":"type-product","3":"status-publish","5":"product_cat-citi-piederumi","6":"product_cat-preces-hobijiem","7":"product_cat-uzlimes","9":"first","10":"instock","11":"taxable","12":"shipping-taxable","13":"purchasable","14":"product-type-variable"},"acf":[],"yoast_head":"<!-- This site is optimized with the Yoast SEO plugin v24.1 - https:\/\/yoast.com\/wordpress\/plugins\/seo\/ -->\n<title>Uzl\u012bmes Apli Dress up &#8211; Skizze<\/title>\n<meta name=\"robots\" content=\"noindex, follow, max-snippet:-1, max-image-preview:large, max-video-preview:-1\" \/>\n<meta property=\"og:locale\" content=\"lv_LV\" \/>\n<meta property=\"og:type\" content=\"article\" \/>\n<meta property=\"og:title\" content=\"Uzl\u012bmes Apli Dress up &#8211; Skizze\" \/>\n<meta property=\"og:description\" content=\"Ar Apli Dress Up atk\u0101rtoti izmantojamo uzl\u012bmju komplektiem mazais modes m\u0101kslinieks var\u0113s savu &#8220;modeli&#8221; ap\u0123\u0113rbt visda\u017e\u0101d\u0101kaj\u0101s ap\u0123\u0113rbu kombin\u0101cij\u0101s. Komplekt\u0101 ietilpst da\u017e\u0101das uzl\u012bmes (modele, ap\u0123\u0113rbi un aksesu\u0101ri), k\u0101 ar\u012b divpus\u0113js rota\u013cu paliktnis.\" \/>\n<meta property=\"og:url\" content=\"https:\/\/hobstop.ee\/lv\/produkts\/uzlimes-apli-dress-up\/\" \/>\n<meta property=\"og:site_name\" content=\"Skizze\" \/>\n<meta property=\"article:publisher\" content=\"http:\/\/www.facebook.com\/VunderSkizze\" \/>\n<meta name=\"twitter:card\" content=\"summary_large_image\" \/>\n<script type=\"application\/ld+json\" class=\"yoast-schema-graph\">{\"@context\":\"https:\/\/schema.org\",\"@graph\":[{\"@type\":\"WebPage\",\"@id\":\"https:\/\/hobstop.ee\/lv\/produkts\/uzlimes-apli-dress-up\/\",\"url\":\"https:\/\/hobstop.ee\/lv\/produkts\/uzlimes-apli-dress-up\/\",\"name\":\"Uzl\u012bmes Apli Dress up &#8211; Skizze\",\"isPartOf\":{\"@id\":\"https:\/\/hobstop.ee\/lv\/#website\"},\"datePublished\":\"2015-07-31T23:28:53+00:00\",\"dateModified\":\"2015-07-31T23:28:53+00:00\",\"breadcrumb\":{\"@id\":\"https:\/\/hobstop.ee\/lv\/produkts\/uzlimes-apli-dress-up\/#breadcrumb\"},\"inLanguage\":\"lv-LV\",\"potentialAction\":[{\"@type\":\"ReadAction\",\"target\":[\"https:\/\/hobstop.ee\/lv\/produkts\/uzlimes-apli-dress-up\/\"]}]},{\"@type\":\"BreadcrumbList\",\"@id\":\"https:\/\/hobstop.ee\/lv\/produkts\/uzlimes-apli-dress-up\/#breadcrumb\",\"itemListElement\":[{\"@type\":\"ListItem\",\"position\":1,\"name\":\"Avaleht\",\"item\":\"https:\/\/hobstop.ee\/lv\/\"},{\"@type\":\"ListItem\",\"position\":2,\"name\":\"Veikals\",\"item\":\"https:\/\/hobstop.ee\/lv\/veikals\/\"},{\"@type\":\"ListItem\",\"position\":3,\"name\":\"Uzl\u012bmes Apli Dress up\"}]},{\"@type\":\"WebSite\",\"@id\":\"https:\/\/hobstop.ee\/lv\/#website\",\"url\":\"https:\/\/hobstop.ee\/lv\/\",\"name\":\"Skizze\",\"description\":\"M\u0101kslas, hobiju un skolas preces\",\"publisher\":{\"@id\":\"https:\/\/hobstop.ee\/lv\/#organization\"},\"potentialAction\":[{\"@type\":\"SearchAction\",\"target\":{\"@type\":\"EntryPoint\",\"urlTemplate\":\"https:\/\/hobstop.ee\/lv\/?s={search_term_string}\"},\"query-input\":{\"@type\":\"PropertyValueSpecification\",\"valueRequired\":true,\"valueName\":\"search_term_string\"}}],\"inLanguage\":\"lv-LV\"},{\"@type\":\"Organization\",\"@id\":\"https:\/\/hobstop.ee\/lv\/#organization\",\"name\":\"Vunder AS\",\"url\":\"https:\/\/hobstop.ee\/lv\/\",\"logo\":{\"@type\":\"ImageObject\",\"inLanguage\":\"lv-LV\",\"@id\":\"https:\/\/hobstop.ee\/lv\/#\/schema\/logo\/image\/\",\"url\":\"https:\/\/hobstop.ee\/media\/vunder-logo.png\",\"contentUrl\":\"https:\/\/hobstop.ee\/media\/vunder-logo.png\",\"width\":127,\"height\":55,\"caption\":\"Vunder AS\"},\"image\":{\"@id\":\"https:\/\/hobstop.ee\/lv\/#\/schema\/logo\/image\/\"},\"sameAs\":[\"http:\/\/www.facebook.com\/VunderSkizze\"]}]}<\/script>\n<!-- \/ Yoast SEO plugin. -->","yoast_head_json":{"title":"Uzl\u012bmes Apli Dress up &#8211; Skizze","robots":{"index":"noindex","follow":"follow","max-snippet":"max-snippet:-1","max-image-preview":"max-image-preview:large","max-video-preview":"max-video-preview:-1"},"og_locale":"lv_LV","og_type":"article","og_title":"Uzl\u012bmes Apli Dress up &#8211; Skizze","og_description":"Ar Apli Dress Up atk\u0101rtoti izmantojamo uzl\u012bmju komplektiem mazais modes m\u0101kslinieks var\u0113s savu &#8220;modeli&#8221; ap\u0123\u0113rbt visda\u017e\u0101d\u0101kaj\u0101s ap\u0123\u0113rbu kombin\u0101cij\u0101s. Komplekt\u0101 ietilpst da\u017e\u0101das uzl\u012bmes (modele, ap\u0123\u0113rbi un aksesu\u0101ri), k\u0101 ar\u012b divpus\u0113js rota\u013cu paliktnis.","og_url":"https:\/\/hobstop.ee\/lv\/produkts\/uzlimes-apli-dress-up\/","og_site_name":"Skizze","article_publisher":"http:\/\/www.facebook.com\/VunderSkizze","twitter_card":"summary_large_image","schema":{"@context":"https:\/\/schema.org","@graph":[{"@type":"WebPage","@id":"https:\/\/hobstop.ee\/lv\/produkts\/uzlimes-apli-dress-up\/","url":"https:\/\/hobstop.ee\/lv\/produkts\/uzlimes-apli-dress-up\/","name":"Uzl\u012bmes Apli Dress up &#8211; Skizze","isPartOf":{"@id":"https:\/\/hobstop.ee\/lv\/#website"},"datePublished":"2015-07-31T23:28:53+00:00","dateModified":"2015-07-31T23:28:53+00:00","breadcrumb":{"@id":"https:\/\/hobstop.ee\/lv\/produkts\/uzlimes-apli-dress-up\/#breadcrumb"},"inLanguage":"lv-LV","potentialAction":[{"@type":"ReadAction","target":["https:\/\/hobstop.ee\/lv\/produkts\/uzlimes-apli-dress-up\/"]}]},{"@type":"BreadcrumbList","@id":"https:\/\/hobstop.ee\/lv\/produkts\/uzlimes-apli-dress-up\/#breadcrumb","itemListElement":[{"@type":"ListItem","position":1,"name":"Avaleht","item":"https:\/\/hobstop.ee\/lv\/"},{"@type":"ListItem","position":2,"name":"Veikals","item":"https:\/\/hobstop.ee\/lv\/veikals\/"},{"@type":"ListItem","position":3,"name":"Uzl\u012bmes Apli Dress up"}]},{"@type":"WebSite","@id":"https:\/\/hobstop.ee\/lv\/#website","url":"https:\/\/hobstop.ee\/lv\/","name":"Skizze","description":"M\u0101kslas, hobiju un skolas preces","publisher":{"@id":"https:\/\/hobstop.ee\/lv\/#organization"},"potentialAction":[{"@type":"SearchAction","target":{"@type":"EntryPoint","urlTemplate":"https:\/\/hobstop.ee\/lv\/?s={search_term_string}"},"query-input":{"@type":"PropertyValueSpecification","valueRequired":true,"valueName":"search_term_string"}}],"inLanguage":"lv-LV"},{"@type":"Organization","@id":"https:\/\/hobstop.ee\/lv\/#organization","name":"Vunder AS","url":"https:\/\/hobstop.ee\/lv\/","logo":{"@type":"ImageObject","inLanguage":"lv-LV","@id":"https:\/\/hobstop.ee\/lv\/#\/schema\/logo\/image\/","url":"https:\/\/hobstop.ee\/media\/vunder-logo.png","contentUrl":"https:\/\/hobstop.ee\/media\/vunder-logo.png","width":127,"height":55,"caption":"Vunder AS"},"image":{"@id":"https:\/\/hobstop.ee\/lv\/#\/schema\/logo\/image\/"},"sameAs":["http:\/\/www.facebook.com\/VunderSkizze"]}]}},"_links":{"self":[{"href":"https:\/\/hobstop.ee\/lv\/wp-json\/wp\/v2\/product\/185503","targetHints":{"allow":["GET"]}}],"collection":[{"href":"https:\/\/hobstop.ee\/lv\/wp-json\/wp\/v2\/product"}],"about":[{"href":"https:\/\/hobstop.ee\/lv\/wp-json\/wp\/v2\/types\/product"}],"replies":[{"embeddable":true,"href":"https:\/\/hobstop.ee\/lv\/wp-json\/wp\/v2\/comments?post=185503"}],"wp:attachment":[{"href":"https:\/\/hobstop.ee\/lv\/wp-json\/wp\/v2\/media?parent=185503"}],"wp:term":[{"taxonomy":"product_cat","embeddable":true,"href":"https:\/\/hobstop.ee\/lv\/wp-json\/wp\/v2\/product_cat?post=185503"},{"taxonomy":"product_tag","embeddable":true,"href":"https:\/\/hobstop.ee\/lv\/wp-json\/wp\/v2\/product_tag?post=185503"}],"curies":[{"name":"wp","href":"https:\/\/api.w.org\/{rel}","templated":true}]}}