{"id":196307,"date":"2014-11-07T11:42:43","date_gmt":"2015-08-01T11:28:56","guid":{"rendered":"http:\/\/vunder-ee.sn25.zone.eu\/lv\/product\/batikas-krasa-marabu-easycolor-25g-2\/"},"modified":"2015-08-01T14:28:56","modified_gmt":"2015-08-01T11:28:56","slug":"batikas-krasa-marabu-easycolor","status":"publish","type":"product","link":"https:\/\/hobstop.ee\/lv\/produkts\/batikas-krasa-marabu-easycolor\/","title":{"rendered":"Batikas kr\u0101sa Marabu EasyColor"},"content":{"rendered":"<p>Marabu Easy Color kr\u0101sas ir ide\u0101li piem\u0113rotas batiko\u0161anai un audumu kr\u0101so\u0161anai skol\u0101s, lieti\u0161\u0137\u0101s m\u0101kslas studij\u0101s un m\u0101jas apst\u0101k\u013cos. Ar t\u0101m var kr\u0101sot visus kokvilnas, z\u012bda, viskozes un jaukta sast\u0101va audumus (ar max sint\u0113tisk\u0101s \u0161\u0137iedras saturu 20%), k\u0101 ar\u012b r\u012bspap\u012bru. \u013boti laba notur\u012bba pret dil\u0161anu. Paci\u0146as saturs ir paredz\u0113ts 150gms auduma intens\u012bvai nokr\u0101so\u0161anai.  Kr\u0101sojot 300g auduma, tiks ieg\u016bta vid\u0113ji intens\u012bva vai gai\u0161a kr\u0101sa. Sagatavoto kr\u0101sas \u0161\u0137\u012bdumu var uzglab\u0101t vair\u0101kas dienas, ta\u010du pirms atk\u0101rtotas lieto\u0161anas to j\u0101uzkars\u0113. Marabu Easy Color kr\u0101sas nav notur\u012bgas, mazg\u0101jot audumu \u013coti augst\u0101s temperat\u016br\u0101s un, bie\u017ei mazg\u0101jot, kr\u0101sa pak\u0101peniski izbal\u0113s.  Kr\u0101sas notur\u012bbas uzlabo\u0161anai, ieteicams izmantot kr\u0101su nostiprino\u0161u l\u012bdzekli.<\/p>\n","protected":false},"excerpt":{"rendered":"<p>Marabu Easy Color kr\u0101sas ir ide\u0101li piem\u0113rotas batiko\u0161anai un audumu kr\u0101so\u0161anai skol\u0101s, lieti\u0161\u0137\u0101s m\u0101kslas studij\u0101s un m\u0101jas apst\u0101k\u013cos. Ar t\u0101m var kr\u0101sot visus kokvilnas, z\u012bda, viskozes un jaukta sast\u0101va audumus (ar max sint\u0113tisk\u0101s \u0161\u0137iedras saturu 20%), k\u0101 ar\u012b r\u012bspap\u012bru. \u013boti laba notur\u012bba pret dil\u0161anu. Paci\u0146as saturs ir paredz\u0113ts 150gms auduma intens\u012bvai nokr\u0101so\u0161anai. Kr\u0101sojot 300g auduma, tiks ieg\u016bta vid\u0113ji intens\u012bva vai gai\u0161a kr\u0101sa. Sagatavoto kr\u0101sas \u0161\u0137\u012bdumu var uzglab\u0101t vair\u0101kas dienas, ta\u010du pirms atk\u0101rtotas lieto\u0161anas to j\u0101uzkars\u0113. Marabu Easy Color kr\u0101sas nav notur\u012bgas, mazg\u0101jot audumu \u013coti augst\u0101s temperat\u016br\u0101s un, bie\u017ei mazg\u0101jot, kr\u0101sa pak\u0101peniski izbal\u0113s. Kr\u0101sas notur\u012bbas uzlabo\u0161anai, ieteicams izmantot kr\u0101su nostiprino\u0161u l\u012bdzekli.<\/p>\n","protected":false},"featured_media":352711,"comment_status":"closed","ping_status":"closed","template":"","meta":{"_acf_changed":false,"ep_exclude_from_search":false},"product_cat":[18212,17918,17956],"product_tag":[],"class_list":{"0":"post-196307","1":"product","2":"type-product","3":"status-publish","4":"has-post-thumbnail","6":"product_cat-krasas-gleznosanai-uz-auduma","7":"product_cat-preces-hobijiem","8":"product_cat-tekstilam","9":"pa_kma-2008","10":"pa_kma-2012","12":"first","13":"instock","14":"taxable","15":"shipping-taxable","16":"purchasable","17":"product-type-variable"},"acf":[],"yoast_head":"<!-- This site is optimized with the Yoast SEO plugin v24.1 - https:\/\/yoast.com\/wordpress\/plugins\/seo\/ -->\n<title>Batikas kr\u0101sa Marabu EasyColor &#8211; Skizze<\/title>\n<meta name=\"robots\" content=\"noindex, follow, max-snippet:-1, max-image-preview:large, max-video-preview:-1\" \/>\n<meta property=\"og:locale\" content=\"lv_LV\" \/>\n<meta property=\"og:type\" content=\"article\" \/>\n<meta property=\"og:title\" content=\"Batikas kr\u0101sa Marabu EasyColor &#8211; Skizze\" \/>\n<meta property=\"og:description\" content=\"Marabu Easy Color kr\u0101sas ir ide\u0101li piem\u0113rotas batiko\u0161anai un audumu kr\u0101so\u0161anai skol\u0101s, lieti\u0161\u0137\u0101s m\u0101kslas studij\u0101s un m\u0101jas apst\u0101k\u013cos. Ar t\u0101m var kr\u0101sot visus kokvilnas, z\u012bda, viskozes un jaukta sast\u0101va audumus (ar max sint\u0113tisk\u0101s \u0161\u0137iedras saturu 20%), k\u0101 ar\u012b r\u012bspap\u012bru. \u013boti laba notur\u012bba pret dil\u0161anu. Paci\u0146as saturs ir paredz\u0113ts 150gms auduma intens\u012bvai nokr\u0101so\u0161anai. Kr\u0101sojot 300g auduma, tiks ieg\u016bta vid\u0113ji intens\u012bva vai gai\u0161a kr\u0101sa. Sagatavoto kr\u0101sas \u0161\u0137\u012bdumu var uzglab\u0101t vair\u0101kas dienas, ta\u010du pirms atk\u0101rtotas lieto\u0161anas to j\u0101uzkars\u0113. Marabu Easy Color kr\u0101sas nav notur\u012bgas, mazg\u0101jot audumu \u013coti augst\u0101s temperat\u016br\u0101s un, bie\u017ei mazg\u0101jot, kr\u0101sa pak\u0101peniski izbal\u0113s. Kr\u0101sas notur\u012bbas uzlabo\u0161anai, ieteicams izmantot kr\u0101su nostiprino\u0161u l\u012bdzekli.\" \/>\n<meta property=\"og:url\" content=\"https:\/\/hobstop.ee\/lv\/produkts\/batikas-krasa-marabu-easycolor\/\" \/>\n<meta property=\"og:site_name\" content=\"Skizze\" \/>\n<meta property=\"article:publisher\" content=\"http:\/\/www.facebook.com\/VunderSkizze\" \/>\n<meta property=\"og:image\" content=\"https:\/\/hobstop.ee\/media\/135.jpg\" \/>\n\t<meta property=\"og:image:width\" content=\"1024\" \/>\n\t<meta property=\"og:image:height\" content=\"768\" \/>\n\t<meta property=\"og:image:type\" content=\"image\/jpeg\" \/>\n<meta name=\"twitter:card\" content=\"summary_large_image\" \/>\n<meta name=\"twitter:label1\" content=\"Est. reading time\" \/>\n\t<meta name=\"twitter:data1\" content=\"1 min\u016b\u0161u\" \/>\n<script type=\"application\/ld+json\" class=\"yoast-schema-graph\">{\"@context\":\"https:\/\/schema.org\",\"@graph\":[{\"@type\":\"WebPage\",\"@id\":\"https:\/\/hobstop.ee\/lv\/produkts\/batikas-krasa-marabu-easycolor\/\",\"url\":\"https:\/\/hobstop.ee\/lv\/produkts\/batikas-krasa-marabu-easycolor\/\",\"name\":\"Batikas kr\u0101sa Marabu EasyColor &#8211; Skizze\",\"isPartOf\":{\"@id\":\"https:\/\/hobstop.ee\/lv\/#website\"},\"primaryImageOfPage\":{\"@id\":\"https:\/\/hobstop.ee\/lv\/produkts\/batikas-krasa-marabu-easycolor\/#primaryimage\"},\"image\":{\"@id\":\"https:\/\/hobstop.ee\/lv\/produkts\/batikas-krasa-marabu-easycolor\/#primaryimage\"},\"thumbnailUrl\":\"https:\/\/hobstop.ee\/media\/135.jpg\",\"datePublished\":\"2015-08-01T11:28:56+00:00\",\"dateModified\":\"2015-08-01T11:28:56+00:00\",\"breadcrumb\":{\"@id\":\"https:\/\/hobstop.ee\/lv\/produkts\/batikas-krasa-marabu-easycolor\/#breadcrumb\"},\"inLanguage\":\"lv-LV\",\"potentialAction\":[{\"@type\":\"ReadAction\",\"target\":[\"https:\/\/hobstop.ee\/lv\/produkts\/batikas-krasa-marabu-easycolor\/\"]}]},{\"@type\":\"ImageObject\",\"inLanguage\":\"lv-LV\",\"@id\":\"https:\/\/hobstop.ee\/lv\/produkts\/batikas-krasa-marabu-easycolor\/#primaryimage\",\"url\":\"https:\/\/hobstop.ee\/media\/135.jpg\",\"contentUrl\":\"https:\/\/hobstop.ee\/media\/135.jpg\",\"width\":1024,\"height\":768},{\"@type\":\"BreadcrumbList\",\"@id\":\"https:\/\/hobstop.ee\/lv\/produkts\/batikas-krasa-marabu-easycolor\/#breadcrumb\",\"itemListElement\":[{\"@type\":\"ListItem\",\"position\":1,\"name\":\"Avaleht\",\"item\":\"https:\/\/www.hobstop.ee\/lv\/\"},{\"@type\":\"ListItem\",\"position\":2,\"name\":\"Veikals\",\"item\":\"https:\/\/www.hobstop.ee\/lv\/veikals\/\"},{\"@type\":\"ListItem\",\"position\":3,\"name\":\"Batikas kr\u0101sa Marabu EasyColor\"}]},{\"@type\":\"WebSite\",\"@id\":\"https:\/\/hobstop.ee\/lv\/#website\",\"url\":\"https:\/\/hobstop.ee\/lv\/\",\"name\":\"Skizze\",\"description\":\"M\u0101kslas, hobiju un skolas preces\",\"publisher\":{\"@id\":\"https:\/\/hobstop.ee\/lv\/#organization\"},\"potentialAction\":[{\"@type\":\"SearchAction\",\"target\":{\"@type\":\"EntryPoint\",\"urlTemplate\":\"https:\/\/hobstop.ee\/lv\/?s={search_term_string}\"},\"query-input\":{\"@type\":\"PropertyValueSpecification\",\"valueRequired\":true,\"valueName\":\"search_term_string\"}}],\"inLanguage\":\"lv-LV\"},{\"@type\":\"Organization\",\"@id\":\"https:\/\/hobstop.ee\/lv\/#organization\",\"name\":\"Vunder AS\",\"url\":\"https:\/\/hobstop.ee\/lv\/\",\"logo\":{\"@type\":\"ImageObject\",\"inLanguage\":\"lv-LV\",\"@id\":\"https:\/\/hobstop.ee\/lv\/#\/schema\/logo\/image\/\",\"url\":\"https:\/\/hobstop.ee\/media\/vunder-logo.png\",\"contentUrl\":\"https:\/\/hobstop.ee\/media\/vunder-logo.png\",\"width\":127,\"height\":55,\"caption\":\"Vunder AS\"},\"image\":{\"@id\":\"https:\/\/hobstop.ee\/lv\/#\/schema\/logo\/image\/\"},\"sameAs\":[\"http:\/\/www.facebook.com\/VunderSkizze\"]}]}<\/script>\n<!-- \/ Yoast SEO plugin. -->","yoast_head_json":{"title":"Batikas kr\u0101sa Marabu EasyColor &#8211; Skizze","robots":{"index":"noindex","follow":"follow","max-snippet":"max-snippet:-1","max-image-preview":"max-image-preview:large","max-video-preview":"max-video-preview:-1"},"og_locale":"lv_LV","og_type":"article","og_title":"Batikas kr\u0101sa Marabu EasyColor &#8211; Skizze","og_description":"Marabu Easy Color kr\u0101sas ir ide\u0101li piem\u0113rotas batiko\u0161anai un audumu kr\u0101so\u0161anai skol\u0101s, lieti\u0161\u0137\u0101s m\u0101kslas studij\u0101s un m\u0101jas apst\u0101k\u013cos. Ar t\u0101m var kr\u0101sot visus kokvilnas, z\u012bda, viskozes un jaukta sast\u0101va audumus (ar max sint\u0113tisk\u0101s \u0161\u0137iedras saturu 20%), k\u0101 ar\u012b r\u012bspap\u012bru. \u013boti laba notur\u012bba pret dil\u0161anu. Paci\u0146as saturs ir paredz\u0113ts 150gms auduma intens\u012bvai nokr\u0101so\u0161anai. Kr\u0101sojot 300g auduma, tiks ieg\u016bta vid\u0113ji intens\u012bva vai gai\u0161a kr\u0101sa. Sagatavoto kr\u0101sas \u0161\u0137\u012bdumu var uzglab\u0101t vair\u0101kas dienas, ta\u010du pirms atk\u0101rtotas lieto\u0161anas to j\u0101uzkars\u0113. Marabu Easy Color kr\u0101sas nav notur\u012bgas, mazg\u0101jot audumu \u013coti augst\u0101s temperat\u016br\u0101s un, bie\u017ei mazg\u0101jot, kr\u0101sa pak\u0101peniski izbal\u0113s. Kr\u0101sas notur\u012bbas uzlabo\u0161anai, ieteicams izmantot kr\u0101su nostiprino\u0161u l\u012bdzekli.","og_url":"https:\/\/hobstop.ee\/lv\/produkts\/batikas-krasa-marabu-easycolor\/","og_site_name":"Skizze","article_publisher":"http:\/\/www.facebook.com\/VunderSkizze","og_image":[{"width":1024,"height":768,"url":"https:\/\/hobstop.ee\/media\/135.jpg","type":"image\/jpeg"}],"twitter_card":"summary_large_image","twitter_misc":{"Est. reading time":"1 min\u016b\u0161u"},"schema":{"@context":"https:\/\/schema.org","@graph":[{"@type":"WebPage","@id":"https:\/\/hobstop.ee\/lv\/produkts\/batikas-krasa-marabu-easycolor\/","url":"https:\/\/hobstop.ee\/lv\/produkts\/batikas-krasa-marabu-easycolor\/","name":"Batikas kr\u0101sa Marabu EasyColor &#8211; Skizze","isPartOf":{"@id":"https:\/\/hobstop.ee\/lv\/#website"},"primaryImageOfPage":{"@id":"https:\/\/hobstop.ee\/lv\/produkts\/batikas-krasa-marabu-easycolor\/#primaryimage"},"image":{"@id":"https:\/\/hobstop.ee\/lv\/produkts\/batikas-krasa-marabu-easycolor\/#primaryimage"},"thumbnailUrl":"https:\/\/hobstop.ee\/media\/135.jpg","datePublished":"2015-08-01T11:28:56+00:00","dateModified":"2015-08-01T11:28:56+00:00","breadcrumb":{"@id":"https:\/\/hobstop.ee\/lv\/produkts\/batikas-krasa-marabu-easycolor\/#breadcrumb"},"inLanguage":"lv-LV","potentialAction":[{"@type":"ReadAction","target":["https:\/\/hobstop.ee\/lv\/produkts\/batikas-krasa-marabu-easycolor\/"]}]},{"@type":"ImageObject","inLanguage":"lv-LV","@id":"https:\/\/hobstop.ee\/lv\/produkts\/batikas-krasa-marabu-easycolor\/#primaryimage","url":"https:\/\/hobstop.ee\/media\/135.jpg","contentUrl":"https:\/\/hobstop.ee\/media\/135.jpg","width":1024,"height":768},{"@type":"BreadcrumbList","@id":"https:\/\/hobstop.ee\/lv\/produkts\/batikas-krasa-marabu-easycolor\/#breadcrumb","itemListElement":[{"@type":"ListItem","position":1,"name":"Avaleht","item":"https:\/\/www.hobstop.ee\/lv\/"},{"@type":"ListItem","position":2,"name":"Veikals","item":"https:\/\/www.hobstop.ee\/lv\/veikals\/"},{"@type":"ListItem","position":3,"name":"Batikas kr\u0101sa Marabu EasyColor"}]},{"@type":"WebSite","@id":"https:\/\/hobstop.ee\/lv\/#website","url":"https:\/\/hobstop.ee\/lv\/","name":"Skizze","description":"M\u0101kslas, hobiju un skolas preces","publisher":{"@id":"https:\/\/hobstop.ee\/lv\/#organization"},"potentialAction":[{"@type":"SearchAction","target":{"@type":"EntryPoint","urlTemplate":"https:\/\/hobstop.ee\/lv\/?s={search_term_string}"},"query-input":{"@type":"PropertyValueSpecification","valueRequired":true,"valueName":"search_term_string"}}],"inLanguage":"lv-LV"},{"@type":"Organization","@id":"https:\/\/hobstop.ee\/lv\/#organization","name":"Vunder AS","url":"https:\/\/hobstop.ee\/lv\/","logo":{"@type":"ImageObject","inLanguage":"lv-LV","@id":"https:\/\/hobstop.ee\/lv\/#\/schema\/logo\/image\/","url":"https:\/\/hobstop.ee\/media\/vunder-logo.png","contentUrl":"https:\/\/hobstop.ee\/media\/vunder-logo.png","width":127,"height":55,"caption":"Vunder AS"},"image":{"@id":"https:\/\/hobstop.ee\/lv\/#\/schema\/logo\/image\/"},"sameAs":["http:\/\/www.facebook.com\/VunderSkizze"]}]}},"_links":{"self":[{"href":"https:\/\/hobstop.ee\/lv\/wp-json\/wp\/v2\/product\/196307","targetHints":{"allow":["GET"]}}],"collection":[{"href":"https:\/\/hobstop.ee\/lv\/wp-json\/wp\/v2\/product"}],"about":[{"href":"https:\/\/hobstop.ee\/lv\/wp-json\/wp\/v2\/types\/product"}],"replies":[{"embeddable":true,"href":"https:\/\/hobstop.ee\/lv\/wp-json\/wp\/v2\/comments?post=196307"}],"wp:featuredmedia":[{"embeddable":true,"href":"https:\/\/hobstop.ee\/lv\/wp-json\/wp\/v2\/media\/352711"}],"wp:attachment":[{"href":"https:\/\/hobstop.ee\/lv\/wp-json\/wp\/v2\/media?parent=196307"}],"wp:term":[{"taxonomy":"product_cat","embeddable":true,"href":"https:\/\/hobstop.ee\/lv\/wp-json\/wp\/v2\/product_cat?post=196307"},{"taxonomy":"product_tag","embeddable":true,"href":"https:\/\/hobstop.ee\/lv\/wp-json\/wp\/v2\/product_tag?post=196307"}],"curies":[{"name":"wp","href":"https:\/\/api.w.org\/{rel}","templated":true}]}}