{"id":196327,"date":"2015-08-01T14:41:25","date_gmt":"2015-08-01T11:41:25","guid":{"rendered":"http:\/\/vunder-ee.sn25.zone.eu\/lv\/product\/ellasakrila-papirs-canson-2\/"},"modified":"2015-08-01T14:41:25","modified_gmt":"2015-08-01T11:41:25","slug":"ellasakrila-papirs-canson","status":"publish","type":"product","link":"https:\/\/hobstop.ee\/lv\/produkts\/ellasakrila-papirs-canson\/","title":{"rendered":"E\u013c\u013cas\/akrila pap\u012brs Canson"},"content":{"rendered":"<p>Akrila kr\u0101su popularit\u0101te arvien pieaug, ta\u010du glezno\u0161anai ar t\u0101m ir nepiecie\u0161ams liela svara pap\u012brs, kam vienlaic\u012bgi piem\u012bt gan laba iztur\u012bba, gan absorb\u0113\u0161anas sp\u0113ja. Canson Acrylic pap\u012brs ir biezs, ar lielu svaru (400 g\/m2), grunt\u0113ts un stingrs pap\u012brs ar labu absorb\u0113\u0161anas sp\u0113ju. Tas ir ide\u0101li piem\u0113rots darbam ar at\u0161\u0137aid\u012bt\u0101m akrila kr\u0101s\u0101m, lai ieg\u016btu pludin\u0101tu vai vair\u0101ku sl\u0101\u0146u efektu.  Pateicoties aukstai presei, pap\u012brs ir \u012bpa\u0161i piem\u0113rots pludin\u0101jumiem, izce\u013cot akvare\u013cu smalko caursp\u012bd\u012bbu.  Sk\u0101bi nesaturo\u0161ais pap\u012brs ir \u013coti ilgm\u016b\u017e\u012bgs un uz t\u0101 veidotie darbi saglab\u0101jas gadiem ilgi. Pap\u012brs ir dab\u012bgi balt\u0101 kr\u0101s\u0101, bez optisko balin\u0101t\u0101ju piedev\u0101m.<br \/>\nIde\u0101li piem\u0113rots: darbam akrila, e\u013c\u013cas un akvare\u013cu tehnik\u0101<br \/>\nPiem\u0113rots ar\u012b: darbam jauktaj\u0101s tehnik\u0101s<\/p>\n","protected":false},"excerpt":{"rendered":"<p>Akrila kr\u0101su popularit\u0101te arvien pieaug, ta\u010du glezno\u0161anai ar t\u0101m ir nepiecie\u0161ams liela svara pap\u012brs, kam vienlaic\u012bgi piem\u012bt gan laba iztur\u012bba, gan absorb\u0113\u0161anas sp\u0113ja. Canson Acrylic pap\u012brs ir biezs, ar lielu svaru (400 g\/m2), grunt\u0113ts un stingrs pap\u012brs ar labu absorb\u0113\u0161anas sp\u0113ju. Tas ir ide\u0101li piem\u0113rots darbam ar at\u0161\u0137aid\u012bt\u0101m akrila kr\u0101s\u0101m, lai ieg\u016btu pludin\u0101tu vai vair\u0101ku sl\u0101\u0146u efektu. Pateicoties aukstai presei, pap\u012brs ir \u012bpa\u0161i piem\u0113rots pludin\u0101jumiem, izce\u013cot akvare\u013cu smalko caursp\u012bd\u012bbu. Sk\u0101bi nesaturo\u0161ais pap\u012brs ir \u013coti ilgm\u016b\u017e\u012bgs un uz t\u0101 veidotie darbi saglab\u0101jas gadiem ilgi. Pap\u012brs ir dab\u012bgi balt\u0101 kr\u0101s\u0101, bez optisko balin\u0101t\u0101ju piedev\u0101m. Ide\u0101li piem\u0113rots: darbam akrila, e\u013c\u013cas un akvare\u013cu tehnik\u0101 Piem\u0113rots ar\u012b: darbam jauktaj\u0101s tehnik\u0101s<\/p>\n","protected":false},"featured_media":143048,"comment_status":"closed","ping_status":"closed","template":"","meta":{"_acf_changed":false,"ep_exclude_from_search":false},"product_cat":[19021,18943,17921],"product_tag":[],"class_list":{"0":"post-196327","1":"product","2":"type-product","3":"status-publish","4":"has-post-thumbnail","6":"product_cat-akrila-un-ellas-papiri-un-bloki","7":"product_cat-makslas-papirs-un-kartons-2","8":"product_cat-papira-izstradajumi","10":"first","11":"outofstock","12":"taxable","13":"shipping-taxable","14":"purchasable","15":"product-type-variable"},"acf":[],"yoast_head":"<!-- This site is optimized with the Yoast SEO plugin v24.1 - https:\/\/yoast.com\/wordpress\/plugins\/seo\/ -->\n<title>E\u013c\u013cas\/akrila pap\u012brs Canson &#8211; Skizze<\/title>\n<meta name=\"robots\" content=\"noindex, follow, max-snippet:-1, max-image-preview:large, max-video-preview:-1\" \/>\n<meta property=\"og:locale\" content=\"lv_LV\" \/>\n<meta property=\"og:type\" content=\"article\" \/>\n<meta property=\"og:title\" content=\"E\u013c\u013cas\/akrila pap\u012brs Canson &#8211; Skizze\" \/>\n<meta property=\"og:description\" content=\"Akrila kr\u0101su popularit\u0101te arvien pieaug, ta\u010du glezno\u0161anai ar t\u0101m ir nepiecie\u0161ams liela svara pap\u012brs, kam vienlaic\u012bgi piem\u012bt gan laba iztur\u012bba, gan absorb\u0113\u0161anas sp\u0113ja. Canson Acrylic pap\u012brs ir biezs, ar lielu svaru (400 g\/m2), grunt\u0113ts un stingrs pap\u012brs ar labu absorb\u0113\u0161anas sp\u0113ju. Tas ir ide\u0101li piem\u0113rots darbam ar at\u0161\u0137aid\u012bt\u0101m akrila kr\u0101s\u0101m, lai ieg\u016btu pludin\u0101tu vai vair\u0101ku sl\u0101\u0146u efektu. Pateicoties aukstai presei, pap\u012brs ir \u012bpa\u0161i piem\u0113rots pludin\u0101jumiem, izce\u013cot akvare\u013cu smalko caursp\u012bd\u012bbu. Sk\u0101bi nesaturo\u0161ais pap\u012brs ir \u013coti ilgm\u016b\u017e\u012bgs un uz t\u0101 veidotie darbi saglab\u0101jas gadiem ilgi. Pap\u012brs ir dab\u012bgi balt\u0101 kr\u0101s\u0101, bez optisko balin\u0101t\u0101ju piedev\u0101m. Ide\u0101li piem\u0113rots: darbam akrila, e\u013c\u013cas un akvare\u013cu tehnik\u0101 Piem\u0113rots ar\u012b: darbam jauktaj\u0101s tehnik\u0101s\" \/>\n<meta property=\"og:url\" content=\"https:\/\/hobstop.ee\/lv\/produkts\/ellasakrila-papirs-canson\/\" \/>\n<meta property=\"og:site_name\" content=\"Skizze\" \/>\n<meta property=\"article:publisher\" content=\"http:\/\/www.facebook.com\/VunderSkizze\" \/>\n<meta property=\"og:image\" content=\"https:\/\/hobstop.ee\/media\/52.jpg\" \/>\n\t<meta property=\"og:image:width\" content=\"700\" \/>\n\t<meta property=\"og:image:height\" content=\"700\" \/>\n\t<meta property=\"og:image:type\" content=\"image\/jpeg\" \/>\n<meta name=\"twitter:card\" content=\"summary_large_image\" \/>\n<meta name=\"twitter:label1\" content=\"Est. reading time\" \/>\n\t<meta name=\"twitter:data1\" content=\"1 min\u016b\u0161u\" \/>\n<script type=\"application\/ld+json\" class=\"yoast-schema-graph\">{\"@context\":\"https:\/\/schema.org\",\"@graph\":[{\"@type\":\"WebPage\",\"@id\":\"https:\/\/hobstop.ee\/lv\/produkts\/ellasakrila-papirs-canson\/\",\"url\":\"https:\/\/hobstop.ee\/lv\/produkts\/ellasakrila-papirs-canson\/\",\"name\":\"E\u013c\u013cas\/akrila pap\u012brs Canson &#8211; Skizze\",\"isPartOf\":{\"@id\":\"https:\/\/hobstop.ee\/lv\/#website\"},\"primaryImageOfPage\":{\"@id\":\"https:\/\/hobstop.ee\/lv\/produkts\/ellasakrila-papirs-canson\/#primaryimage\"},\"image\":{\"@id\":\"https:\/\/hobstop.ee\/lv\/produkts\/ellasakrila-papirs-canson\/#primaryimage\"},\"thumbnailUrl\":\"https:\/\/hobstop.ee\/media\/52.jpg\",\"datePublished\":\"2015-08-01T11:41:25+00:00\",\"dateModified\":\"2015-08-01T11:41:25+00:00\",\"breadcrumb\":{\"@id\":\"https:\/\/hobstop.ee\/lv\/produkts\/ellasakrila-papirs-canson\/#breadcrumb\"},\"inLanguage\":\"lv-LV\",\"potentialAction\":[{\"@type\":\"ReadAction\",\"target\":[\"https:\/\/hobstop.ee\/lv\/produkts\/ellasakrila-papirs-canson\/\"]}]},{\"@type\":\"ImageObject\",\"inLanguage\":\"lv-LV\",\"@id\":\"https:\/\/hobstop.ee\/lv\/produkts\/ellasakrila-papirs-canson\/#primaryimage\",\"url\":\"https:\/\/hobstop.ee\/media\/52.jpg\",\"contentUrl\":\"https:\/\/hobstop.ee\/media\/52.jpg\",\"width\":700,\"height\":700},{\"@type\":\"BreadcrumbList\",\"@id\":\"https:\/\/hobstop.ee\/lv\/produkts\/ellasakrila-papirs-canson\/#breadcrumb\",\"itemListElement\":[{\"@type\":\"ListItem\",\"position\":1,\"name\":\"Avaleht\",\"item\":\"https:\/\/hobstop.ee\/lv\/\"},{\"@type\":\"ListItem\",\"position\":2,\"name\":\"Veikals\",\"item\":\"https:\/\/hobstop.ee\/lv\/veikals\/\"},{\"@type\":\"ListItem\",\"position\":3,\"name\":\"E\u013c\u013cas\/akrila pap\u012brs Canson\"}]},{\"@type\":\"WebSite\",\"@id\":\"https:\/\/hobstop.ee\/lv\/#website\",\"url\":\"https:\/\/hobstop.ee\/lv\/\",\"name\":\"Skizze\",\"description\":\"M\u0101kslas, hobiju un skolas preces\",\"publisher\":{\"@id\":\"https:\/\/hobstop.ee\/lv\/#organization\"},\"potentialAction\":[{\"@type\":\"SearchAction\",\"target\":{\"@type\":\"EntryPoint\",\"urlTemplate\":\"https:\/\/hobstop.ee\/lv\/?s={search_term_string}\"},\"query-input\":{\"@type\":\"PropertyValueSpecification\",\"valueRequired\":true,\"valueName\":\"search_term_string\"}}],\"inLanguage\":\"lv-LV\"},{\"@type\":\"Organization\",\"@id\":\"https:\/\/hobstop.ee\/lv\/#organization\",\"name\":\"Vunder AS\",\"url\":\"https:\/\/hobstop.ee\/lv\/\",\"logo\":{\"@type\":\"ImageObject\",\"inLanguage\":\"lv-LV\",\"@id\":\"https:\/\/hobstop.ee\/lv\/#\/schema\/logo\/image\/\",\"url\":\"https:\/\/hobstop.ee\/media\/vunder-logo.png\",\"contentUrl\":\"https:\/\/hobstop.ee\/media\/vunder-logo.png\",\"width\":127,\"height\":55,\"caption\":\"Vunder AS\"},\"image\":{\"@id\":\"https:\/\/hobstop.ee\/lv\/#\/schema\/logo\/image\/\"},\"sameAs\":[\"http:\/\/www.facebook.com\/VunderSkizze\"]}]}<\/script>\n<!-- \/ Yoast SEO plugin. -->","yoast_head_json":{"title":"E\u013c\u013cas\/akrila pap\u012brs Canson &#8211; Skizze","robots":{"index":"noindex","follow":"follow","max-snippet":"max-snippet:-1","max-image-preview":"max-image-preview:large","max-video-preview":"max-video-preview:-1"},"og_locale":"lv_LV","og_type":"article","og_title":"E\u013c\u013cas\/akrila pap\u012brs Canson &#8211; Skizze","og_description":"Akrila kr\u0101su popularit\u0101te arvien pieaug, ta\u010du glezno\u0161anai ar t\u0101m ir nepiecie\u0161ams liela svara pap\u012brs, kam vienlaic\u012bgi piem\u012bt gan laba iztur\u012bba, gan absorb\u0113\u0161anas sp\u0113ja. Canson Acrylic pap\u012brs ir biezs, ar lielu svaru (400 g\/m2), grunt\u0113ts un stingrs pap\u012brs ar labu absorb\u0113\u0161anas sp\u0113ju. Tas ir ide\u0101li piem\u0113rots darbam ar at\u0161\u0137aid\u012bt\u0101m akrila kr\u0101s\u0101m, lai ieg\u016btu pludin\u0101tu vai vair\u0101ku sl\u0101\u0146u efektu. Pateicoties aukstai presei, pap\u012brs ir \u012bpa\u0161i piem\u0113rots pludin\u0101jumiem, izce\u013cot akvare\u013cu smalko caursp\u012bd\u012bbu. Sk\u0101bi nesaturo\u0161ais pap\u012brs ir \u013coti ilgm\u016b\u017e\u012bgs un uz t\u0101 veidotie darbi saglab\u0101jas gadiem ilgi. Pap\u012brs ir dab\u012bgi balt\u0101 kr\u0101s\u0101, bez optisko balin\u0101t\u0101ju piedev\u0101m. Ide\u0101li piem\u0113rots: darbam akrila, e\u013c\u013cas un akvare\u013cu tehnik\u0101 Piem\u0113rots ar\u012b: darbam jauktaj\u0101s tehnik\u0101s","og_url":"https:\/\/hobstop.ee\/lv\/produkts\/ellasakrila-papirs-canson\/","og_site_name":"Skizze","article_publisher":"http:\/\/www.facebook.com\/VunderSkizze","og_image":[{"width":700,"height":700,"url":"https:\/\/hobstop.ee\/media\/52.jpg","type":"image\/jpeg"}],"twitter_card":"summary_large_image","twitter_misc":{"Est. reading time":"1 min\u016b\u0161u"},"schema":{"@context":"https:\/\/schema.org","@graph":[{"@type":"WebPage","@id":"https:\/\/hobstop.ee\/lv\/produkts\/ellasakrila-papirs-canson\/","url":"https:\/\/hobstop.ee\/lv\/produkts\/ellasakrila-papirs-canson\/","name":"E\u013c\u013cas\/akrila pap\u012brs Canson &#8211; Skizze","isPartOf":{"@id":"https:\/\/hobstop.ee\/lv\/#website"},"primaryImageOfPage":{"@id":"https:\/\/hobstop.ee\/lv\/produkts\/ellasakrila-papirs-canson\/#primaryimage"},"image":{"@id":"https:\/\/hobstop.ee\/lv\/produkts\/ellasakrila-papirs-canson\/#primaryimage"},"thumbnailUrl":"https:\/\/hobstop.ee\/media\/52.jpg","datePublished":"2015-08-01T11:41:25+00:00","dateModified":"2015-08-01T11:41:25+00:00","breadcrumb":{"@id":"https:\/\/hobstop.ee\/lv\/produkts\/ellasakrila-papirs-canson\/#breadcrumb"},"inLanguage":"lv-LV","potentialAction":[{"@type":"ReadAction","target":["https:\/\/hobstop.ee\/lv\/produkts\/ellasakrila-papirs-canson\/"]}]},{"@type":"ImageObject","inLanguage":"lv-LV","@id":"https:\/\/hobstop.ee\/lv\/produkts\/ellasakrila-papirs-canson\/#primaryimage","url":"https:\/\/hobstop.ee\/media\/52.jpg","contentUrl":"https:\/\/hobstop.ee\/media\/52.jpg","width":700,"height":700},{"@type":"BreadcrumbList","@id":"https:\/\/hobstop.ee\/lv\/produkts\/ellasakrila-papirs-canson\/#breadcrumb","itemListElement":[{"@type":"ListItem","position":1,"name":"Avaleht","item":"https:\/\/hobstop.ee\/lv\/"},{"@type":"ListItem","position":2,"name":"Veikals","item":"https:\/\/hobstop.ee\/lv\/veikals\/"},{"@type":"ListItem","position":3,"name":"E\u013c\u013cas\/akrila pap\u012brs Canson"}]},{"@type":"WebSite","@id":"https:\/\/hobstop.ee\/lv\/#website","url":"https:\/\/hobstop.ee\/lv\/","name":"Skizze","description":"M\u0101kslas, hobiju un skolas preces","publisher":{"@id":"https:\/\/hobstop.ee\/lv\/#organization"},"potentialAction":[{"@type":"SearchAction","target":{"@type":"EntryPoint","urlTemplate":"https:\/\/hobstop.ee\/lv\/?s={search_term_string}"},"query-input":{"@type":"PropertyValueSpecification","valueRequired":true,"valueName":"search_term_string"}}],"inLanguage":"lv-LV"},{"@type":"Organization","@id":"https:\/\/hobstop.ee\/lv\/#organization","name":"Vunder AS","url":"https:\/\/hobstop.ee\/lv\/","logo":{"@type":"ImageObject","inLanguage":"lv-LV","@id":"https:\/\/hobstop.ee\/lv\/#\/schema\/logo\/image\/","url":"https:\/\/hobstop.ee\/media\/vunder-logo.png","contentUrl":"https:\/\/hobstop.ee\/media\/vunder-logo.png","width":127,"height":55,"caption":"Vunder AS"},"image":{"@id":"https:\/\/hobstop.ee\/lv\/#\/schema\/logo\/image\/"},"sameAs":["http:\/\/www.facebook.com\/VunderSkizze"]}]}},"_links":{"self":[{"href":"https:\/\/hobstop.ee\/lv\/wp-json\/wp\/v2\/product\/196327","targetHints":{"allow":["GET"]}}],"collection":[{"href":"https:\/\/hobstop.ee\/lv\/wp-json\/wp\/v2\/product"}],"about":[{"href":"https:\/\/hobstop.ee\/lv\/wp-json\/wp\/v2\/types\/product"}],"replies":[{"embeddable":true,"href":"https:\/\/hobstop.ee\/lv\/wp-json\/wp\/v2\/comments?post=196327"}],"wp:featuredmedia":[{"embeddable":true,"href":"https:\/\/hobstop.ee\/lv\/wp-json\/wp\/v2\/media\/143048"}],"wp:attachment":[{"href":"https:\/\/hobstop.ee\/lv\/wp-json\/wp\/v2\/media?parent=196327"}],"wp:term":[{"taxonomy":"product_cat","embeddable":true,"href":"https:\/\/hobstop.ee\/lv\/wp-json\/wp\/v2\/product_cat?post=196327"},{"taxonomy":"product_tag","embeddable":true,"href":"https:\/\/hobstop.ee\/lv\/wp-json\/wp\/v2\/product_tag?post=196327"}],"curies":[{"name":"wp","href":"https:\/\/api.w.org\/{rel}","templated":true}]}}