{"id":196331,"date":"2015-08-01T14:41:48","date_gmt":"2015-08-01T11:41:48","guid":{"rendered":"http:\/\/vunder-ee.sn25.zone.eu\/lv\/product\/ellasakrila-papirs-canson-figueras-2\/"},"modified":"2015-08-01T14:41:48","modified_gmt":"2015-08-01T11:41:48","slug":"ellasakrila-papirs-canson-figueras","status":"publish","type":"product","link":"https:\/\/hobstop.ee\/lv\/produkts\/ellasakrila-papirs-canson-figueras\/","title":{"rendered":"E\u013c\u013cas\/akrila pap\u012brs Canson Figueras"},"content":{"rendered":"<p>Figueras ir \u012bpa\u0161i kvalitat\u012bvs, iztur\u012bgs pap\u012brs, kas speci\u0101li paredz\u0113ts darbam ar e\u013c\u013cas kr\u0101s\u0101m. Pap\u012bram ir \u013coti efekt\u012bvs barjeras sl\u0101nis, kas nodro\u0161ina vienm\u0113r\u012bgu e\u013c\u013cas, l\u012bmvielu un \u016bdens uzs\u016bk\u0161anu, vienlaic\u012bgi garant\u0113jot \u012bpa\u0161u kr\u0101sas sl\u0101\u0146a notur\u012bbu. Pap\u012bra virsma ir bez p\u0101rkl\u0101juma un t\u0101 dab\u012bg\u0101 tekst\u016bra l\u012bdzin\u0101s audeklim. Sk\u0101bi nesaturo\u0161ais pap\u012brs ir \u013coti ilgm\u016b\u017e\u012bgs un uz t\u0101 veidotie darbi saglab\u0101jas ilgsto\u0161i. Pap\u012brs ir viegls, gatavs izmanto\u0161anai un ide\u0101li piem\u0113rots t\u016bl\u012bt\u0113jam darbam gan m\u0101j\u0101s, gan br\u012bv\u0101 dab\u0101 un m\u0101kslinieka studij\u0101. Tas ir lieliski piem\u0113rots ar\u012b darbam ar paste\u013ckr\u0101s\u0101m un akrila kr\u0101s\u0101m, radot izteiktu impasto efektu.<br \/>\nIde\u0101li piem\u0113rots: e\u013c\u013cas, akrila un paste\u013cu tehnik\u0101m<\/p>\n","protected":false},"excerpt":{"rendered":"<p>Figueras ir \u012bpa\u0161i kvalitat\u012bvs, iztur\u012bgs pap\u012brs, kas speci\u0101li paredz\u0113ts darbam ar e\u013c\u013cas kr\u0101s\u0101m. Pap\u012bram ir \u013coti efekt\u012bvs barjeras sl\u0101nis, kas nodro\u0161ina vienm\u0113r\u012bgu e\u013c\u013cas, l\u012bmvielu un \u016bdens uzs\u016bk\u0161anu, vienlaic\u012bgi garant\u0113jot \u012bpa\u0161u kr\u0101sas sl\u0101\u0146a notur\u012bbu. Pap\u012bra virsma ir bez p\u0101rkl\u0101juma un t\u0101 dab\u012bg\u0101 tekst\u016bra l\u012bdzin\u0101s audeklim. Sk\u0101bi nesaturo\u0161ais pap\u012brs ir \u013coti ilgm\u016b\u017e\u012bgs un uz t\u0101 veidotie darbi saglab\u0101jas ilgsto\u0161i. Pap\u012brs ir viegls, gatavs izmanto\u0161anai un ide\u0101li piem\u0113rots t\u016bl\u012bt\u0113jam darbam gan m\u0101j\u0101s, gan br\u012bv\u0101 dab\u0101 un m\u0101kslinieka studij\u0101. Tas ir lieliski piem\u0113rots ar\u012b darbam ar paste\u013ckr\u0101s\u0101m un akrila kr\u0101s\u0101m, radot izteiktu impasto efektu. Ide\u0101li piem\u0113rots: e\u013c\u013cas, akrila un paste\u013cu tehnik\u0101m<\/p>\n","protected":false},"featured_media":143052,"comment_status":"closed","ping_status":"closed","template":"","meta":{"_acf_changed":false,"ep_exclude_from_search":false},"product_cat":[19021,18943,17921],"product_tag":[],"class_list":{"0":"post-196331","1":"product","2":"type-product","3":"status-publish","4":"has-post-thumbnail","6":"product_cat-akrila-un-ellas-papiri-un-bloki","7":"product_cat-makslas-papirs-un-kartons-2","8":"product_cat-papira-izstradajumi","10":"first","11":"outofstock","12":"taxable","13":"shipping-taxable","14":"purchasable","15":"product-type-variable"},"acf":[],"yoast_head":"<!-- This site is optimized with the Yoast SEO plugin v24.1 - https:\/\/yoast.com\/wordpress\/plugins\/seo\/ -->\n<title>E\u013c\u013cas\/akrila pap\u012brs Canson Figueras &#8211; Skizze<\/title>\n<meta name=\"robots\" content=\"noindex, follow, max-snippet:-1, max-image-preview:large, max-video-preview:-1\" \/>\n<meta property=\"og:locale\" content=\"lv_LV\" \/>\n<meta property=\"og:type\" content=\"article\" \/>\n<meta property=\"og:title\" content=\"E\u013c\u013cas\/akrila pap\u012brs Canson Figueras &#8211; Skizze\" \/>\n<meta property=\"og:description\" content=\"Figueras ir \u012bpa\u0161i kvalitat\u012bvs, iztur\u012bgs pap\u012brs, kas speci\u0101li paredz\u0113ts darbam ar e\u013c\u013cas kr\u0101s\u0101m. Pap\u012bram ir \u013coti efekt\u012bvs barjeras sl\u0101nis, kas nodro\u0161ina vienm\u0113r\u012bgu e\u013c\u013cas, l\u012bmvielu un \u016bdens uzs\u016bk\u0161anu, vienlaic\u012bgi garant\u0113jot \u012bpa\u0161u kr\u0101sas sl\u0101\u0146a notur\u012bbu. Pap\u012bra virsma ir bez p\u0101rkl\u0101juma un t\u0101 dab\u012bg\u0101 tekst\u016bra l\u012bdzin\u0101s audeklim. Sk\u0101bi nesaturo\u0161ais pap\u012brs ir \u013coti ilgm\u016b\u017e\u012bgs un uz t\u0101 veidotie darbi saglab\u0101jas ilgsto\u0161i. Pap\u012brs ir viegls, gatavs izmanto\u0161anai un ide\u0101li piem\u0113rots t\u016bl\u012bt\u0113jam darbam gan m\u0101j\u0101s, gan br\u012bv\u0101 dab\u0101 un m\u0101kslinieka studij\u0101. Tas ir lieliski piem\u0113rots ar\u012b darbam ar paste\u013ckr\u0101s\u0101m un akrila kr\u0101s\u0101m, radot izteiktu impasto efektu. Ide\u0101li piem\u0113rots: e\u013c\u013cas, akrila un paste\u013cu tehnik\u0101m\" \/>\n<meta property=\"og:url\" content=\"https:\/\/hobstop.ee\/lv\/produkts\/ellasakrila-papirs-canson-figueras\/\" \/>\n<meta property=\"og:site_name\" content=\"Skizze\" \/>\n<meta property=\"article:publisher\" content=\"http:\/\/www.facebook.com\/VunderSkizze\" \/>\n<meta property=\"og:image\" content=\"https:\/\/hobstop.ee\/media\/53.jpg\" \/>\n\t<meta property=\"og:image:width\" content=\"1024\" \/>\n\t<meta property=\"og:image:height\" content=\"768\" \/>\n\t<meta property=\"og:image:type\" content=\"image\/jpeg\" \/>\n<meta name=\"twitter:card\" content=\"summary_large_image\" \/>\n<meta name=\"twitter:label1\" content=\"Est. reading time\" \/>\n\t<meta name=\"twitter:data1\" content=\"1 min\u016b\u0161u\" \/>\n<script type=\"application\/ld+json\" class=\"yoast-schema-graph\">{\"@context\":\"https:\/\/schema.org\",\"@graph\":[{\"@type\":\"WebPage\",\"@id\":\"https:\/\/hobstop.ee\/lv\/produkts\/ellasakrila-papirs-canson-figueras\/\",\"url\":\"https:\/\/hobstop.ee\/lv\/produkts\/ellasakrila-papirs-canson-figueras\/\",\"name\":\"E\u013c\u013cas\/akrila pap\u012brs Canson Figueras &#8211; Skizze\",\"isPartOf\":{\"@id\":\"https:\/\/hobstop.ee\/lv\/#website\"},\"primaryImageOfPage\":{\"@id\":\"https:\/\/hobstop.ee\/lv\/produkts\/ellasakrila-papirs-canson-figueras\/#primaryimage\"},\"image\":{\"@id\":\"https:\/\/hobstop.ee\/lv\/produkts\/ellasakrila-papirs-canson-figueras\/#primaryimage\"},\"thumbnailUrl\":\"https:\/\/hobstop.ee\/media\/53.jpg\",\"datePublished\":\"2015-08-01T11:41:48+00:00\",\"dateModified\":\"2015-08-01T11:41:48+00:00\",\"breadcrumb\":{\"@id\":\"https:\/\/hobstop.ee\/lv\/produkts\/ellasakrila-papirs-canson-figueras\/#breadcrumb\"},\"inLanguage\":\"lv-LV\",\"potentialAction\":[{\"@type\":\"ReadAction\",\"target\":[\"https:\/\/hobstop.ee\/lv\/produkts\/ellasakrila-papirs-canson-figueras\/\"]}]},{\"@type\":\"ImageObject\",\"inLanguage\":\"lv-LV\",\"@id\":\"https:\/\/hobstop.ee\/lv\/produkts\/ellasakrila-papirs-canson-figueras\/#primaryimage\",\"url\":\"https:\/\/hobstop.ee\/media\/53.jpg\",\"contentUrl\":\"https:\/\/hobstop.ee\/media\/53.jpg\",\"width\":1024,\"height\":768},{\"@type\":\"BreadcrumbList\",\"@id\":\"https:\/\/hobstop.ee\/lv\/produkts\/ellasakrila-papirs-canson-figueras\/#breadcrumb\",\"itemListElement\":[{\"@type\":\"ListItem\",\"position\":1,\"name\":\"Avaleht\",\"item\":\"https:\/\/www.hobstop.ee\/lv\/\"},{\"@type\":\"ListItem\",\"position\":2,\"name\":\"Veikals\",\"item\":\"https:\/\/www.hobstop.ee\/lv\/veikals\/\"},{\"@type\":\"ListItem\",\"position\":3,\"name\":\"E\u013c\u013cas\/akrila pap\u012brs Canson Figueras\"}]},{\"@type\":\"WebSite\",\"@id\":\"https:\/\/hobstop.ee\/lv\/#website\",\"url\":\"https:\/\/hobstop.ee\/lv\/\",\"name\":\"Skizze\",\"description\":\"M\u0101kslas, hobiju un skolas preces\",\"publisher\":{\"@id\":\"https:\/\/hobstop.ee\/lv\/#organization\"},\"potentialAction\":[{\"@type\":\"SearchAction\",\"target\":{\"@type\":\"EntryPoint\",\"urlTemplate\":\"https:\/\/hobstop.ee\/lv\/?s={search_term_string}\"},\"query-input\":{\"@type\":\"PropertyValueSpecification\",\"valueRequired\":true,\"valueName\":\"search_term_string\"}}],\"inLanguage\":\"lv-LV\"},{\"@type\":\"Organization\",\"@id\":\"https:\/\/hobstop.ee\/lv\/#organization\",\"name\":\"Vunder AS\",\"url\":\"https:\/\/hobstop.ee\/lv\/\",\"logo\":{\"@type\":\"ImageObject\",\"inLanguage\":\"lv-LV\",\"@id\":\"https:\/\/hobstop.ee\/lv\/#\/schema\/logo\/image\/\",\"url\":\"https:\/\/hobstop.ee\/media\/vunder-logo.png\",\"contentUrl\":\"https:\/\/hobstop.ee\/media\/vunder-logo.png\",\"width\":127,\"height\":55,\"caption\":\"Vunder AS\"},\"image\":{\"@id\":\"https:\/\/hobstop.ee\/lv\/#\/schema\/logo\/image\/\"},\"sameAs\":[\"http:\/\/www.facebook.com\/VunderSkizze\"]}]}<\/script>\n<!-- \/ Yoast SEO plugin. -->","yoast_head_json":{"title":"E\u013c\u013cas\/akrila pap\u012brs Canson Figueras &#8211; Skizze","robots":{"index":"noindex","follow":"follow","max-snippet":"max-snippet:-1","max-image-preview":"max-image-preview:large","max-video-preview":"max-video-preview:-1"},"og_locale":"lv_LV","og_type":"article","og_title":"E\u013c\u013cas\/akrila pap\u012brs Canson Figueras &#8211; Skizze","og_description":"Figueras ir \u012bpa\u0161i kvalitat\u012bvs, iztur\u012bgs pap\u012brs, kas speci\u0101li paredz\u0113ts darbam ar e\u013c\u013cas kr\u0101s\u0101m. Pap\u012bram ir \u013coti efekt\u012bvs barjeras sl\u0101nis, kas nodro\u0161ina vienm\u0113r\u012bgu e\u013c\u013cas, l\u012bmvielu un \u016bdens uzs\u016bk\u0161anu, vienlaic\u012bgi garant\u0113jot \u012bpa\u0161u kr\u0101sas sl\u0101\u0146a notur\u012bbu. Pap\u012bra virsma ir bez p\u0101rkl\u0101juma un t\u0101 dab\u012bg\u0101 tekst\u016bra l\u012bdzin\u0101s audeklim. Sk\u0101bi nesaturo\u0161ais pap\u012brs ir \u013coti ilgm\u016b\u017e\u012bgs un uz t\u0101 veidotie darbi saglab\u0101jas ilgsto\u0161i. Pap\u012brs ir viegls, gatavs izmanto\u0161anai un ide\u0101li piem\u0113rots t\u016bl\u012bt\u0113jam darbam gan m\u0101j\u0101s, gan br\u012bv\u0101 dab\u0101 un m\u0101kslinieka studij\u0101. Tas ir lieliski piem\u0113rots ar\u012b darbam ar paste\u013ckr\u0101s\u0101m un akrila kr\u0101s\u0101m, radot izteiktu impasto efektu. Ide\u0101li piem\u0113rots: e\u013c\u013cas, akrila un paste\u013cu tehnik\u0101m","og_url":"https:\/\/hobstop.ee\/lv\/produkts\/ellasakrila-papirs-canson-figueras\/","og_site_name":"Skizze","article_publisher":"http:\/\/www.facebook.com\/VunderSkizze","og_image":[{"width":1024,"height":768,"url":"https:\/\/hobstop.ee\/media\/53.jpg","type":"image\/jpeg"}],"twitter_card":"summary_large_image","twitter_misc":{"Est. reading time":"1 min\u016b\u0161u"},"schema":{"@context":"https:\/\/schema.org","@graph":[{"@type":"WebPage","@id":"https:\/\/hobstop.ee\/lv\/produkts\/ellasakrila-papirs-canson-figueras\/","url":"https:\/\/hobstop.ee\/lv\/produkts\/ellasakrila-papirs-canson-figueras\/","name":"E\u013c\u013cas\/akrila pap\u012brs Canson Figueras &#8211; Skizze","isPartOf":{"@id":"https:\/\/hobstop.ee\/lv\/#website"},"primaryImageOfPage":{"@id":"https:\/\/hobstop.ee\/lv\/produkts\/ellasakrila-papirs-canson-figueras\/#primaryimage"},"image":{"@id":"https:\/\/hobstop.ee\/lv\/produkts\/ellasakrila-papirs-canson-figueras\/#primaryimage"},"thumbnailUrl":"https:\/\/hobstop.ee\/media\/53.jpg","datePublished":"2015-08-01T11:41:48+00:00","dateModified":"2015-08-01T11:41:48+00:00","breadcrumb":{"@id":"https:\/\/hobstop.ee\/lv\/produkts\/ellasakrila-papirs-canson-figueras\/#breadcrumb"},"inLanguage":"lv-LV","potentialAction":[{"@type":"ReadAction","target":["https:\/\/hobstop.ee\/lv\/produkts\/ellasakrila-papirs-canson-figueras\/"]}]},{"@type":"ImageObject","inLanguage":"lv-LV","@id":"https:\/\/hobstop.ee\/lv\/produkts\/ellasakrila-papirs-canson-figueras\/#primaryimage","url":"https:\/\/hobstop.ee\/media\/53.jpg","contentUrl":"https:\/\/hobstop.ee\/media\/53.jpg","width":1024,"height":768},{"@type":"BreadcrumbList","@id":"https:\/\/hobstop.ee\/lv\/produkts\/ellasakrila-papirs-canson-figueras\/#breadcrumb","itemListElement":[{"@type":"ListItem","position":1,"name":"Avaleht","item":"https:\/\/www.hobstop.ee\/lv\/"},{"@type":"ListItem","position":2,"name":"Veikals","item":"https:\/\/www.hobstop.ee\/lv\/veikals\/"},{"@type":"ListItem","position":3,"name":"E\u013c\u013cas\/akrila pap\u012brs Canson Figueras"}]},{"@type":"WebSite","@id":"https:\/\/hobstop.ee\/lv\/#website","url":"https:\/\/hobstop.ee\/lv\/","name":"Skizze","description":"M\u0101kslas, hobiju un skolas preces","publisher":{"@id":"https:\/\/hobstop.ee\/lv\/#organization"},"potentialAction":[{"@type":"SearchAction","target":{"@type":"EntryPoint","urlTemplate":"https:\/\/hobstop.ee\/lv\/?s={search_term_string}"},"query-input":{"@type":"PropertyValueSpecification","valueRequired":true,"valueName":"search_term_string"}}],"inLanguage":"lv-LV"},{"@type":"Organization","@id":"https:\/\/hobstop.ee\/lv\/#organization","name":"Vunder AS","url":"https:\/\/hobstop.ee\/lv\/","logo":{"@type":"ImageObject","inLanguage":"lv-LV","@id":"https:\/\/hobstop.ee\/lv\/#\/schema\/logo\/image\/","url":"https:\/\/hobstop.ee\/media\/vunder-logo.png","contentUrl":"https:\/\/hobstop.ee\/media\/vunder-logo.png","width":127,"height":55,"caption":"Vunder AS"},"image":{"@id":"https:\/\/hobstop.ee\/lv\/#\/schema\/logo\/image\/"},"sameAs":["http:\/\/www.facebook.com\/VunderSkizze"]}]}},"_links":{"self":[{"href":"https:\/\/hobstop.ee\/lv\/wp-json\/wp\/v2\/product\/196331","targetHints":{"allow":["GET"]}}],"collection":[{"href":"https:\/\/hobstop.ee\/lv\/wp-json\/wp\/v2\/product"}],"about":[{"href":"https:\/\/hobstop.ee\/lv\/wp-json\/wp\/v2\/types\/product"}],"replies":[{"embeddable":true,"href":"https:\/\/hobstop.ee\/lv\/wp-json\/wp\/v2\/comments?post=196331"}],"wp:featuredmedia":[{"embeddable":true,"href":"https:\/\/hobstop.ee\/lv\/wp-json\/wp\/v2\/media\/143052"}],"wp:attachment":[{"href":"https:\/\/hobstop.ee\/lv\/wp-json\/wp\/v2\/media?parent=196331"}],"wp:term":[{"taxonomy":"product_cat","embeddable":true,"href":"https:\/\/hobstop.ee\/lv\/wp-json\/wp\/v2\/product_cat?post=196331"},{"taxonomy":"product_tag","embeddable":true,"href":"https:\/\/hobstop.ee\/lv\/wp-json\/wp\/v2\/product_tag?post=196331"}],"curies":[{"name":"wp","href":"https:\/\/api.w.org\/{rel}","templated":true}]}}