{"id":196343,"date":"2015-08-01T14:45:15","date_gmt":"2015-08-01T11:45:15","guid":{"rendered":"http:\/\/vunder-ee.sn25.zone.eu\/lv\/product\/medijs-akrilam-liquitex-pulverizatoram-2\/"},"modified":"2015-08-01T14:45:15","modified_gmt":"2015-08-01T11:45:15","slug":"medijs-akrilam-liquitex-pulverizatoram","status":"publish","type":"product","link":"https:\/\/hobstop.ee\/lv\/produkts\/medijs-akrilam-liquitex-pulverizatoram\/","title":{"rendered":"Medijs akrilam Liquitex pulverizatoram"},"content":{"rendered":"<p>Liquitex aerogr\u0101fijas m\u0113dijs \u0161\u0137idrina akrila kr\u0101sas, akvare\u013cu kr\u0101su vai gua\u0161u aerogr\u0101fijas kr\u0101so\u0161anai, neizjaucot kr\u0101sas pigmentu. Kr\u0101su to\u0146i saglab\u0101jas spilgti un netiek zaud\u0113tas pigmentu dabisk\u0101s \u012bpa\u0161\u012bbas. M\u0113dijs pal\u012bdz nov\u0113rst aerogr\u0101fa aizsprosto\u0161anos. Var izmantot ar\u012b kop\u0101 ar citiem Liquitex m\u0113dijiem.<\/p>\n","protected":false},"excerpt":{"rendered":"<p>Liquitex aerogr\u0101fijas m\u0113dijs \u0161\u0137idrina akrila kr\u0101sas, akvare\u013cu kr\u0101su vai gua\u0161u aerogr\u0101fijas kr\u0101so\u0161anai, neizjaucot kr\u0101sas pigmentu. Kr\u0101su to\u0146i saglab\u0101jas spilgti un netiek zaud\u0113tas pigmentu dabisk\u0101s \u012bpa\u0161\u012bbas. M\u0113dijs pal\u012bdz nov\u0113rst aerogr\u0101fa aizsprosto\u0161anos. Var izmantot ar\u012b kop\u0101 ar citiem Liquitex m\u0113dijiem.<\/p>\n","protected":false},"featured_media":353795,"comment_status":"closed","ping_status":"closed","template":"","meta":{"_acf_changed":false,"ep_exclude_from_search":false},"product_cat":[18997,17980,16123],"product_tag":[],"class_list":{"0":"post-196343","1":"product","2":"type-product","3":"status-publish","4":"has-post-thumbnail","6":"product_cat-akrilkrasu-mediji-3","7":"product_cat-krasas-un-gleznosanas-paligmateriali","8":"product_cat-makslas-piederumi-2","10":"first","11":"outofstock","12":"taxable","13":"shipping-taxable","14":"purchasable","15":"product-type-variable"},"acf":[],"yoast_head":"<!-- This site is optimized with the Yoast SEO plugin v24.1 - https:\/\/yoast.com\/wordpress\/plugins\/seo\/ -->\n<title>Medijs akrilam Liquitex pulverizatoram &#8211; Skizze<\/title>\n<meta name=\"robots\" content=\"noindex, follow, max-snippet:-1, max-image-preview:large, max-video-preview:-1\" \/>\n<meta property=\"og:locale\" content=\"lv_LV\" \/>\n<meta property=\"og:type\" content=\"article\" \/>\n<meta property=\"og:title\" content=\"Medijs akrilam Liquitex pulverizatoram &#8211; Skizze\" \/>\n<meta property=\"og:description\" content=\"Liquitex aerogr\u0101fijas m\u0113dijs \u0161\u0137idrina akrila kr\u0101sas, akvare\u013cu kr\u0101su vai gua\u0161u aerogr\u0101fijas kr\u0101so\u0161anai, neizjaucot kr\u0101sas pigmentu. Kr\u0101su to\u0146i saglab\u0101jas spilgti un netiek zaud\u0113tas pigmentu dabisk\u0101s \u012bpa\u0161\u012bbas. M\u0113dijs pal\u012bdz nov\u0113rst aerogr\u0101fa aizsprosto\u0161anos. Var izmantot ar\u012b kop\u0101 ar citiem Liquitex m\u0113dijiem.\" \/>\n<meta property=\"og:url\" content=\"https:\/\/hobstop.ee\/lv\/produkts\/medijs-akrilam-liquitex-pulverizatoram\/\" \/>\n<meta property=\"og:site_name\" content=\"Skizze\" \/>\n<meta property=\"article:publisher\" content=\"http:\/\/www.facebook.com\/VunderSkizze\" \/>\n<meta property=\"og:image\" content=\"https:\/\/hobstop.ee\/media\/74.jpg\" \/>\n\t<meta property=\"og:image:width\" content=\"1024\" \/>\n\t<meta property=\"og:image:height\" content=\"768\" \/>\n\t<meta property=\"og:image:type\" content=\"image\/jpeg\" \/>\n<meta name=\"twitter:card\" content=\"summary_large_image\" \/>\n<script type=\"application\/ld+json\" class=\"yoast-schema-graph\">{\"@context\":\"https:\/\/schema.org\",\"@graph\":[{\"@type\":\"WebPage\",\"@id\":\"https:\/\/hobstop.ee\/lv\/produkts\/medijs-akrilam-liquitex-pulverizatoram\/\",\"url\":\"https:\/\/hobstop.ee\/lv\/produkts\/medijs-akrilam-liquitex-pulverizatoram\/\",\"name\":\"Medijs akrilam Liquitex pulverizatoram &#8211; Skizze\",\"isPartOf\":{\"@id\":\"https:\/\/www.hobstop.ee\/lv\/#website\"},\"primaryImageOfPage\":{\"@id\":\"https:\/\/hobstop.ee\/lv\/produkts\/medijs-akrilam-liquitex-pulverizatoram\/#primaryimage\"},\"image\":{\"@id\":\"https:\/\/hobstop.ee\/lv\/produkts\/medijs-akrilam-liquitex-pulverizatoram\/#primaryimage\"},\"thumbnailUrl\":\"https:\/\/hobstop.ee\/media\/74.jpg\",\"datePublished\":\"2015-08-01T11:45:15+00:00\",\"dateModified\":\"2015-08-01T11:45:15+00:00\",\"breadcrumb\":{\"@id\":\"https:\/\/hobstop.ee\/lv\/produkts\/medijs-akrilam-liquitex-pulverizatoram\/#breadcrumb\"},\"inLanguage\":\"lv-LV\",\"potentialAction\":[{\"@type\":\"ReadAction\",\"target\":[\"https:\/\/hobstop.ee\/lv\/produkts\/medijs-akrilam-liquitex-pulverizatoram\/\"]}]},{\"@type\":\"ImageObject\",\"inLanguage\":\"lv-LV\",\"@id\":\"https:\/\/hobstop.ee\/lv\/produkts\/medijs-akrilam-liquitex-pulverizatoram\/#primaryimage\",\"url\":\"https:\/\/hobstop.ee\/media\/74.jpg\",\"contentUrl\":\"https:\/\/hobstop.ee\/media\/74.jpg\",\"width\":1024,\"height\":768},{\"@type\":\"BreadcrumbList\",\"@id\":\"https:\/\/hobstop.ee\/lv\/produkts\/medijs-akrilam-liquitex-pulverizatoram\/#breadcrumb\",\"itemListElement\":[{\"@type\":\"ListItem\",\"position\":1,\"name\":\"Avaleht\",\"item\":\"https:\/\/www.hobstop.ee\/lv\/\"},{\"@type\":\"ListItem\",\"position\":2,\"name\":\"Veikals\",\"item\":\"https:\/\/www.hobstop.ee\/lv\/veikals\/\"},{\"@type\":\"ListItem\",\"position\":3,\"name\":\"Medijs akrilam Liquitex pulverizatoram\"}]},{\"@type\":\"WebSite\",\"@id\":\"https:\/\/www.hobstop.ee\/lv\/#website\",\"url\":\"https:\/\/www.hobstop.ee\/lv\/\",\"name\":\"Skizze\",\"description\":\"M\u0101kslas, hobiju un skolas preces\",\"publisher\":{\"@id\":\"https:\/\/www.hobstop.ee\/lv\/#organization\"},\"potentialAction\":[{\"@type\":\"SearchAction\",\"target\":{\"@type\":\"EntryPoint\",\"urlTemplate\":\"https:\/\/www.hobstop.ee\/lv\/?s={search_term_string}\"},\"query-input\":{\"@type\":\"PropertyValueSpecification\",\"valueRequired\":true,\"valueName\":\"search_term_string\"}}],\"inLanguage\":\"lv-LV\"},{\"@type\":\"Organization\",\"@id\":\"https:\/\/www.hobstop.ee\/lv\/#organization\",\"name\":\"Vunder AS\",\"url\":\"https:\/\/www.hobstop.ee\/lv\/\",\"logo\":{\"@type\":\"ImageObject\",\"inLanguage\":\"lv-LV\",\"@id\":\"https:\/\/www.hobstop.ee\/lv\/#\/schema\/logo\/image\/\",\"url\":\"https:\/\/hobstop.ee\/media\/vunder-logo.png\",\"contentUrl\":\"https:\/\/hobstop.ee\/media\/vunder-logo.png\",\"width\":127,\"height\":55,\"caption\":\"Vunder AS\"},\"image\":{\"@id\":\"https:\/\/www.hobstop.ee\/lv\/#\/schema\/logo\/image\/\"},\"sameAs\":[\"http:\/\/www.facebook.com\/VunderSkizze\"]}]}<\/script>\n<!-- \/ Yoast SEO plugin. -->","yoast_head_json":{"title":"Medijs akrilam Liquitex pulverizatoram &#8211; Skizze","robots":{"index":"noindex","follow":"follow","max-snippet":"max-snippet:-1","max-image-preview":"max-image-preview:large","max-video-preview":"max-video-preview:-1"},"og_locale":"lv_LV","og_type":"article","og_title":"Medijs akrilam Liquitex pulverizatoram &#8211; Skizze","og_description":"Liquitex aerogr\u0101fijas m\u0113dijs \u0161\u0137idrina akrila kr\u0101sas, akvare\u013cu kr\u0101su vai gua\u0161u aerogr\u0101fijas kr\u0101so\u0161anai, neizjaucot kr\u0101sas pigmentu. Kr\u0101su to\u0146i saglab\u0101jas spilgti un netiek zaud\u0113tas pigmentu dabisk\u0101s \u012bpa\u0161\u012bbas. M\u0113dijs pal\u012bdz nov\u0113rst aerogr\u0101fa aizsprosto\u0161anos. Var izmantot ar\u012b kop\u0101 ar citiem Liquitex m\u0113dijiem.","og_url":"https:\/\/hobstop.ee\/lv\/produkts\/medijs-akrilam-liquitex-pulverizatoram\/","og_site_name":"Skizze","article_publisher":"http:\/\/www.facebook.com\/VunderSkizze","og_image":[{"width":1024,"height":768,"url":"https:\/\/hobstop.ee\/media\/74.jpg","type":"image\/jpeg"}],"twitter_card":"summary_large_image","schema":{"@context":"https:\/\/schema.org","@graph":[{"@type":"WebPage","@id":"https:\/\/hobstop.ee\/lv\/produkts\/medijs-akrilam-liquitex-pulverizatoram\/","url":"https:\/\/hobstop.ee\/lv\/produkts\/medijs-akrilam-liquitex-pulverizatoram\/","name":"Medijs akrilam Liquitex pulverizatoram &#8211; Skizze","isPartOf":{"@id":"https:\/\/www.hobstop.ee\/lv\/#website"},"primaryImageOfPage":{"@id":"https:\/\/hobstop.ee\/lv\/produkts\/medijs-akrilam-liquitex-pulverizatoram\/#primaryimage"},"image":{"@id":"https:\/\/hobstop.ee\/lv\/produkts\/medijs-akrilam-liquitex-pulverizatoram\/#primaryimage"},"thumbnailUrl":"https:\/\/hobstop.ee\/media\/74.jpg","datePublished":"2015-08-01T11:45:15+00:00","dateModified":"2015-08-01T11:45:15+00:00","breadcrumb":{"@id":"https:\/\/hobstop.ee\/lv\/produkts\/medijs-akrilam-liquitex-pulverizatoram\/#breadcrumb"},"inLanguage":"lv-LV","potentialAction":[{"@type":"ReadAction","target":["https:\/\/hobstop.ee\/lv\/produkts\/medijs-akrilam-liquitex-pulverizatoram\/"]}]},{"@type":"ImageObject","inLanguage":"lv-LV","@id":"https:\/\/hobstop.ee\/lv\/produkts\/medijs-akrilam-liquitex-pulverizatoram\/#primaryimage","url":"https:\/\/hobstop.ee\/media\/74.jpg","contentUrl":"https:\/\/hobstop.ee\/media\/74.jpg","width":1024,"height":768},{"@type":"BreadcrumbList","@id":"https:\/\/hobstop.ee\/lv\/produkts\/medijs-akrilam-liquitex-pulverizatoram\/#breadcrumb","itemListElement":[{"@type":"ListItem","position":1,"name":"Avaleht","item":"https:\/\/www.hobstop.ee\/lv\/"},{"@type":"ListItem","position":2,"name":"Veikals","item":"https:\/\/www.hobstop.ee\/lv\/veikals\/"},{"@type":"ListItem","position":3,"name":"Medijs akrilam Liquitex pulverizatoram"}]},{"@type":"WebSite","@id":"https:\/\/www.hobstop.ee\/lv\/#website","url":"https:\/\/www.hobstop.ee\/lv\/","name":"Skizze","description":"M\u0101kslas, hobiju un skolas preces","publisher":{"@id":"https:\/\/www.hobstop.ee\/lv\/#organization"},"potentialAction":[{"@type":"SearchAction","target":{"@type":"EntryPoint","urlTemplate":"https:\/\/www.hobstop.ee\/lv\/?s={search_term_string}"},"query-input":{"@type":"PropertyValueSpecification","valueRequired":true,"valueName":"search_term_string"}}],"inLanguage":"lv-LV"},{"@type":"Organization","@id":"https:\/\/www.hobstop.ee\/lv\/#organization","name":"Vunder AS","url":"https:\/\/www.hobstop.ee\/lv\/","logo":{"@type":"ImageObject","inLanguage":"lv-LV","@id":"https:\/\/www.hobstop.ee\/lv\/#\/schema\/logo\/image\/","url":"https:\/\/hobstop.ee\/media\/vunder-logo.png","contentUrl":"https:\/\/hobstop.ee\/media\/vunder-logo.png","width":127,"height":55,"caption":"Vunder AS"},"image":{"@id":"https:\/\/www.hobstop.ee\/lv\/#\/schema\/logo\/image\/"},"sameAs":["http:\/\/www.facebook.com\/VunderSkizze"]}]}},"_links":{"self":[{"href":"https:\/\/hobstop.ee\/lv\/wp-json\/wp\/v2\/product\/196343","targetHints":{"allow":["GET"]}}],"collection":[{"href":"https:\/\/hobstop.ee\/lv\/wp-json\/wp\/v2\/product"}],"about":[{"href":"https:\/\/hobstop.ee\/lv\/wp-json\/wp\/v2\/types\/product"}],"replies":[{"embeddable":true,"href":"https:\/\/hobstop.ee\/lv\/wp-json\/wp\/v2\/comments?post=196343"}],"wp:featuredmedia":[{"embeddable":true,"href":"https:\/\/hobstop.ee\/lv\/wp-json\/wp\/v2\/media\/353795"}],"wp:attachment":[{"href":"https:\/\/hobstop.ee\/lv\/wp-json\/wp\/v2\/media?parent=196343"}],"wp:term":[{"taxonomy":"product_cat","embeddable":true,"href":"https:\/\/hobstop.ee\/lv\/wp-json\/wp\/v2\/product_cat?post=196343"},{"taxonomy":"product_tag","embeddable":true,"href":"https:\/\/hobstop.ee\/lv\/wp-json\/wp\/v2\/product_tag?post=196343"}],"curies":[{"name":"wp","href":"https:\/\/api.w.org\/{rel}","templated":true}]}}