{"id":196347,"date":"2015-08-01T14:45:51","date_gmt":"2015-08-01T11:45:51","guid":{"rendered":"http:\/\/vunder-ee.sn25.zone.eu\/lv\/product\/akrila-krasa-liquitex-flow-aid-2\/"},"modified":"2015-08-01T14:45:51","modified_gmt":"2015-08-01T11:45:51","slug":"akrila-krasa-liquitex-flow-aid","status":"publish","type":"product","link":"https:\/\/hobstop.ee\/lv\/produkts\/akrila-krasa-liquitex-flow-aid\/","title":{"rendered":"Akrila kr\u0101sa Liquitex Flow Aid"},"content":{"rendered":"<p>Liquitex Flow Aid uzlabo uz \u016bdens b\u0101zes veidotu kr\u0101su, tu\u0161as un kr\u0101su \u0161\u0137\u012bdin\u0101t\u0101ju pl\u016bstam\u012bbu, atvieglo sajauk\u0161anu. L\u012bdz minimumam samazina otas triepienu skaitu uz virsmas. Lielisks l\u012bdzeklis iepriek\u0161 neapstr\u0101d\u0101tu audeklu ton\u0113\u0161anai. Neizmantot bez at\u0161\u0137aid\u012b\u0161anas; pirms sajauk\u0161anas ar kr\u0101su sajaukt 1 da\u013cu l\u012bdzek\u013ca ar 20 da\u013c\u0101m kr\u0101na vai destil\u0113ta \u016bdens. \u0160\u0137idrumu sajaukt ar kr\u0101su \u0161\u0101d\u0101 attiec\u012bb\u0101: 1 da\u013ca \u0161\u0137\u012bduma un 3 da\u013cas kr\u0101sas. Pievienojot p\u0101r\u0101k daudz \u0161\u0137\u012bduma, var main\u012bties kr\u0101sas notur\u012bba, jo piedeva nesatur saistvielas.<\/p>\n","protected":false},"excerpt":{"rendered":"<p>Liquitex Flow Aid uzlabo uz \u016bdens b\u0101zes veidotu kr\u0101su, tu\u0161as un kr\u0101su \u0161\u0137\u012bdin\u0101t\u0101ju pl\u016bstam\u012bbu, atvieglo sajauk\u0161anu. L\u012bdz minimumam samazina otas triepienu skaitu uz virsmas. Lielisks l\u012bdzeklis iepriek\u0161 neapstr\u0101d\u0101tu audeklu ton\u0113\u0161anai. Neizmantot bez at\u0161\u0137aid\u012b\u0161anas; pirms sajauk\u0161anas ar kr\u0101su sajaukt 1 da\u013cu l\u012bdzek\u013ca ar 20 da\u013c\u0101m kr\u0101na vai destil\u0113ta \u016bdens. \u0160\u0137idrumu sajaukt ar kr\u0101su \u0161\u0101d\u0101 attiec\u012bb\u0101: 1 da\u013ca \u0161\u0137\u012bduma un 3 da\u013cas kr\u0101sas. Pievienojot p\u0101r\u0101k daudz \u0161\u0137\u012bduma, var main\u012bties kr\u0101sas notur\u012bba, jo piedeva nesatur saistvielas.<\/p>\n","protected":false},"featured_media":353843,"comment_status":"closed","ping_status":"closed","template":"","meta":{"_acf_changed":false,"ep_exclude_from_search":false},"product_cat":[18997,17980,16123],"product_tag":[],"class_list":{"0":"post-196347","1":"product","2":"type-product","3":"status-publish","4":"has-post-thumbnail","6":"product_cat-akrilkrasu-mediji-3","7":"product_cat-krasas-un-gleznosanas-paligmateriali","8":"product_cat-makslas-piederumi-2","10":"first","11":"instock","12":"taxable","13":"shipping-taxable","14":"purchasable","15":"product-type-variable"},"acf":[],"yoast_head":"<!-- This site is optimized with the Yoast SEO plugin v24.1 - https:\/\/yoast.com\/wordpress\/plugins\/seo\/ -->\n<title>Akrila kr\u0101sa Liquitex Flow Aid &#8211; Skizze<\/title>\n<meta name=\"robots\" content=\"noindex, follow, max-snippet:-1, max-image-preview:large, max-video-preview:-1\" \/>\n<meta property=\"og:locale\" content=\"lv_LV\" \/>\n<meta property=\"og:type\" content=\"article\" \/>\n<meta property=\"og:title\" content=\"Akrila kr\u0101sa Liquitex Flow Aid &#8211; Skizze\" \/>\n<meta property=\"og:description\" content=\"Liquitex Flow Aid uzlabo uz \u016bdens b\u0101zes veidotu kr\u0101su, tu\u0161as un kr\u0101su \u0161\u0137\u012bdin\u0101t\u0101ju pl\u016bstam\u012bbu, atvieglo sajauk\u0161anu. L\u012bdz minimumam samazina otas triepienu skaitu uz virsmas. Lielisks l\u012bdzeklis iepriek\u0161 neapstr\u0101d\u0101tu audeklu ton\u0113\u0161anai. Neizmantot bez at\u0161\u0137aid\u012b\u0161anas; pirms sajauk\u0161anas ar kr\u0101su sajaukt 1 da\u013cu l\u012bdzek\u013ca ar 20 da\u013c\u0101m kr\u0101na vai destil\u0113ta \u016bdens. \u0160\u0137idrumu sajaukt ar kr\u0101su \u0161\u0101d\u0101 attiec\u012bb\u0101: 1 da\u013ca \u0161\u0137\u012bduma un 3 da\u013cas kr\u0101sas. Pievienojot p\u0101r\u0101k daudz \u0161\u0137\u012bduma, var main\u012bties kr\u0101sas notur\u012bba, jo piedeva nesatur saistvielas.\" \/>\n<meta property=\"og:url\" content=\"https:\/\/hobstop.ee\/lv\/produkts\/akrila-krasa-liquitex-flow-aid\/\" \/>\n<meta property=\"og:site_name\" content=\"Skizze\" \/>\n<meta property=\"article:publisher\" content=\"http:\/\/www.facebook.com\/VunderSkizze\" \/>\n<meta property=\"og:image\" content=\"https:\/\/www.hobstop.ee\/media\/78.jpg\" \/>\n\t<meta property=\"og:image:width\" content=\"1024\" \/>\n\t<meta property=\"og:image:height\" content=\"768\" \/>\n\t<meta property=\"og:image:type\" content=\"image\/jpeg\" \/>\n<meta name=\"twitter:card\" content=\"summary_large_image\" \/>\n<meta name=\"twitter:label1\" content=\"Est. reading time\" \/>\n\t<meta name=\"twitter:data1\" content=\"1 min\u016b\u0161u\" \/>\n<script type=\"application\/ld+json\" class=\"yoast-schema-graph\">{\"@context\":\"https:\/\/schema.org\",\"@graph\":[{\"@type\":\"WebPage\",\"@id\":\"https:\/\/hobstop.ee\/lv\/produkts\/akrila-krasa-liquitex-flow-aid\/\",\"url\":\"https:\/\/hobstop.ee\/lv\/produkts\/akrila-krasa-liquitex-flow-aid\/\",\"name\":\"Akrila kr\u0101sa Liquitex Flow Aid &#8211; Skizze\",\"isPartOf\":{\"@id\":\"https:\/\/hobstop.ee\/lv\/#website\"},\"primaryImageOfPage\":{\"@id\":\"https:\/\/hobstop.ee\/lv\/produkts\/akrila-krasa-liquitex-flow-aid\/#primaryimage\"},\"image\":{\"@id\":\"https:\/\/hobstop.ee\/lv\/produkts\/akrila-krasa-liquitex-flow-aid\/#primaryimage\"},\"thumbnailUrl\":\"https:\/\/hobstop.ee\/media\/78.jpg\",\"datePublished\":\"2015-08-01T11:45:51+00:00\",\"dateModified\":\"2015-08-01T11:45:51+00:00\",\"breadcrumb\":{\"@id\":\"https:\/\/hobstop.ee\/lv\/produkts\/akrila-krasa-liquitex-flow-aid\/#breadcrumb\"},\"inLanguage\":\"lv-LV\",\"potentialAction\":[{\"@type\":\"ReadAction\",\"target\":[\"https:\/\/hobstop.ee\/lv\/produkts\/akrila-krasa-liquitex-flow-aid\/\"]}]},{\"@type\":\"ImageObject\",\"inLanguage\":\"lv-LV\",\"@id\":\"https:\/\/hobstop.ee\/lv\/produkts\/akrila-krasa-liquitex-flow-aid\/#primaryimage\",\"url\":\"https:\/\/hobstop.ee\/media\/78.jpg\",\"contentUrl\":\"https:\/\/hobstop.ee\/media\/78.jpg\",\"width\":1024,\"height\":768},{\"@type\":\"BreadcrumbList\",\"@id\":\"https:\/\/hobstop.ee\/lv\/produkts\/akrila-krasa-liquitex-flow-aid\/#breadcrumb\",\"itemListElement\":[{\"@type\":\"ListItem\",\"position\":1,\"name\":\"Avaleht\",\"item\":\"https:\/\/www.hobstop.ee\/lv\/\"},{\"@type\":\"ListItem\",\"position\":2,\"name\":\"Veikals\",\"item\":\"https:\/\/www.hobstop.ee\/lv\/veikals\/\"},{\"@type\":\"ListItem\",\"position\":3,\"name\":\"Akrila kr\u0101sa Liquitex Flow Aid\"}]},{\"@type\":\"WebSite\",\"@id\":\"https:\/\/hobstop.ee\/lv\/#website\",\"url\":\"https:\/\/hobstop.ee\/lv\/\",\"name\":\"Skizze\",\"description\":\"M\u0101kslas, hobiju un skolas preces\",\"publisher\":{\"@id\":\"https:\/\/hobstop.ee\/lv\/#organization\"},\"potentialAction\":[{\"@type\":\"SearchAction\",\"target\":{\"@type\":\"EntryPoint\",\"urlTemplate\":\"https:\/\/hobstop.ee\/lv\/?s={search_term_string}\"},\"query-input\":{\"@type\":\"PropertyValueSpecification\",\"valueRequired\":true,\"valueName\":\"search_term_string\"}}],\"inLanguage\":\"lv-LV\"},{\"@type\":\"Organization\",\"@id\":\"https:\/\/hobstop.ee\/lv\/#organization\",\"name\":\"Vunder AS\",\"url\":\"https:\/\/hobstop.ee\/lv\/\",\"logo\":{\"@type\":\"ImageObject\",\"inLanguage\":\"lv-LV\",\"@id\":\"https:\/\/hobstop.ee\/lv\/#\/schema\/logo\/image\/\",\"url\":\"https:\/\/hobstop.ee\/media\/vunder-logo.png\",\"contentUrl\":\"https:\/\/hobstop.ee\/media\/vunder-logo.png\",\"width\":127,\"height\":55,\"caption\":\"Vunder AS\"},\"image\":{\"@id\":\"https:\/\/hobstop.ee\/lv\/#\/schema\/logo\/image\/\"},\"sameAs\":[\"http:\/\/www.facebook.com\/VunderSkizze\"]}]}<\/script>\n<!-- \/ Yoast SEO plugin. -->","yoast_head_json":{"title":"Akrila kr\u0101sa Liquitex Flow Aid &#8211; Skizze","robots":{"index":"noindex","follow":"follow","max-snippet":"max-snippet:-1","max-image-preview":"max-image-preview:large","max-video-preview":"max-video-preview:-1"},"og_locale":"lv_LV","og_type":"article","og_title":"Akrila kr\u0101sa Liquitex Flow Aid &#8211; Skizze","og_description":"Liquitex Flow Aid uzlabo uz \u016bdens b\u0101zes veidotu kr\u0101su, tu\u0161as un kr\u0101su \u0161\u0137\u012bdin\u0101t\u0101ju pl\u016bstam\u012bbu, atvieglo sajauk\u0161anu. L\u012bdz minimumam samazina otas triepienu skaitu uz virsmas. Lielisks l\u012bdzeklis iepriek\u0161 neapstr\u0101d\u0101tu audeklu ton\u0113\u0161anai. Neizmantot bez at\u0161\u0137aid\u012b\u0161anas; pirms sajauk\u0161anas ar kr\u0101su sajaukt 1 da\u013cu l\u012bdzek\u013ca ar 20 da\u013c\u0101m kr\u0101na vai destil\u0113ta \u016bdens. \u0160\u0137idrumu sajaukt ar kr\u0101su \u0161\u0101d\u0101 attiec\u012bb\u0101: 1 da\u013ca \u0161\u0137\u012bduma un 3 da\u013cas kr\u0101sas. Pievienojot p\u0101r\u0101k daudz \u0161\u0137\u012bduma, var main\u012bties kr\u0101sas notur\u012bba, jo piedeva nesatur saistvielas.","og_url":"https:\/\/hobstop.ee\/lv\/produkts\/akrila-krasa-liquitex-flow-aid\/","og_site_name":"Skizze","article_publisher":"http:\/\/www.facebook.com\/VunderSkizze","og_image":[{"width":1024,"height":768,"url":"https:\/\/www.hobstop.ee\/media\/78.jpg","type":"image\/jpeg"}],"twitter_card":"summary_large_image","twitter_misc":{"Est. reading time":"1 min\u016b\u0161u"},"schema":{"@context":"https:\/\/schema.org","@graph":[{"@type":"WebPage","@id":"https:\/\/hobstop.ee\/lv\/produkts\/akrila-krasa-liquitex-flow-aid\/","url":"https:\/\/hobstop.ee\/lv\/produkts\/akrila-krasa-liquitex-flow-aid\/","name":"Akrila kr\u0101sa Liquitex Flow Aid &#8211; Skizze","isPartOf":{"@id":"https:\/\/hobstop.ee\/lv\/#website"},"primaryImageOfPage":{"@id":"https:\/\/hobstop.ee\/lv\/produkts\/akrila-krasa-liquitex-flow-aid\/#primaryimage"},"image":{"@id":"https:\/\/hobstop.ee\/lv\/produkts\/akrila-krasa-liquitex-flow-aid\/#primaryimage"},"thumbnailUrl":"https:\/\/hobstop.ee\/media\/78.jpg","datePublished":"2015-08-01T11:45:51+00:00","dateModified":"2015-08-01T11:45:51+00:00","breadcrumb":{"@id":"https:\/\/hobstop.ee\/lv\/produkts\/akrila-krasa-liquitex-flow-aid\/#breadcrumb"},"inLanguage":"lv-LV","potentialAction":[{"@type":"ReadAction","target":["https:\/\/hobstop.ee\/lv\/produkts\/akrila-krasa-liquitex-flow-aid\/"]}]},{"@type":"ImageObject","inLanguage":"lv-LV","@id":"https:\/\/hobstop.ee\/lv\/produkts\/akrila-krasa-liquitex-flow-aid\/#primaryimage","url":"https:\/\/hobstop.ee\/media\/78.jpg","contentUrl":"https:\/\/hobstop.ee\/media\/78.jpg","width":1024,"height":768},{"@type":"BreadcrumbList","@id":"https:\/\/hobstop.ee\/lv\/produkts\/akrila-krasa-liquitex-flow-aid\/#breadcrumb","itemListElement":[{"@type":"ListItem","position":1,"name":"Avaleht","item":"https:\/\/www.hobstop.ee\/lv\/"},{"@type":"ListItem","position":2,"name":"Veikals","item":"https:\/\/www.hobstop.ee\/lv\/veikals\/"},{"@type":"ListItem","position":3,"name":"Akrila kr\u0101sa Liquitex Flow Aid"}]},{"@type":"WebSite","@id":"https:\/\/hobstop.ee\/lv\/#website","url":"https:\/\/hobstop.ee\/lv\/","name":"Skizze","description":"M\u0101kslas, hobiju un skolas preces","publisher":{"@id":"https:\/\/hobstop.ee\/lv\/#organization"},"potentialAction":[{"@type":"SearchAction","target":{"@type":"EntryPoint","urlTemplate":"https:\/\/hobstop.ee\/lv\/?s={search_term_string}"},"query-input":{"@type":"PropertyValueSpecification","valueRequired":true,"valueName":"search_term_string"}}],"inLanguage":"lv-LV"},{"@type":"Organization","@id":"https:\/\/hobstop.ee\/lv\/#organization","name":"Vunder AS","url":"https:\/\/hobstop.ee\/lv\/","logo":{"@type":"ImageObject","inLanguage":"lv-LV","@id":"https:\/\/hobstop.ee\/lv\/#\/schema\/logo\/image\/","url":"https:\/\/hobstop.ee\/media\/vunder-logo.png","contentUrl":"https:\/\/hobstop.ee\/media\/vunder-logo.png","width":127,"height":55,"caption":"Vunder AS"},"image":{"@id":"https:\/\/hobstop.ee\/lv\/#\/schema\/logo\/image\/"},"sameAs":["http:\/\/www.facebook.com\/VunderSkizze"]}]}},"_links":{"self":[{"href":"https:\/\/hobstop.ee\/lv\/wp-json\/wp\/v2\/product\/196347","targetHints":{"allow":["GET"]}}],"collection":[{"href":"https:\/\/hobstop.ee\/lv\/wp-json\/wp\/v2\/product"}],"about":[{"href":"https:\/\/hobstop.ee\/lv\/wp-json\/wp\/v2\/types\/product"}],"replies":[{"embeddable":true,"href":"https:\/\/hobstop.ee\/lv\/wp-json\/wp\/v2\/comments?post=196347"}],"wp:featuredmedia":[{"embeddable":true,"href":"https:\/\/hobstop.ee\/lv\/wp-json\/wp\/v2\/media\/353843"}],"wp:attachment":[{"href":"https:\/\/hobstop.ee\/lv\/wp-json\/wp\/v2\/media?parent=196347"}],"wp:term":[{"taxonomy":"product_cat","embeddable":true,"href":"https:\/\/hobstop.ee\/lv\/wp-json\/wp\/v2\/product_cat?post=196347"},{"taxonomy":"product_tag","embeddable":true,"href":"https:\/\/hobstop.ee\/lv\/wp-json\/wp\/v2\/product_tag?post=196347"}],"curies":[{"name":"wp","href":"https:\/\/api.w.org\/{rel}","templated":true}]}}