{"id":196504,"date":"2015-08-01T15:03:24","date_gmt":"2015-08-01T12:03:24","guid":{"rendered":"http:\/\/vunder-ee.sn25.zone.eu\/lv\/product\/markieris-tekstilam-marabu-1-2mm\/"},"modified":"2015-08-01T15:03:24","modified_gmt":"2015-08-01T12:03:24","slug":"markieris-tekstilam-marabu-1-2mm","status":"publish","type":"product","link":"https:\/\/hobstop.ee\/lv\/produkts\/markieris-tekstilam-marabu-1-2mm\/","title":{"rendered":"Mar\u0137ieris tekstilam Marabu 1-2mm"},"content":{"rendered":"<p>Uz \u016bdens b\u0101zes izgatavotais Marabu Textil Painter ir piem\u0113rots izmanto\u0161anai skol\u0101s, darbn\u012bc\u0101s un m\u0101jas apst\u0101k\u013cos, un ar to var lietot uz visiem gai\u0161as kr\u0101sas dab\u012bgajiem audumiem (ar max sint\u0113tisk\u0101s \u0161\u0137iedras saturu 20%), kas nav apstr\u0101d\u0101ti ar virmas p\u0101rkl\u0101jumiem un audumu m\u012bkstino\u0161iem l\u012bdzek\u013ciem.  P\u0113c nostiprin\u0101\u0161anas (gludinot vai kr\u0101sn\u012b 150\u00b0C\/8min), kr\u0101sa k\u013c\u016bst gaismas notur\u012bga un m\u012bksta, audumu var mazg\u0101t ve\u013cas ma\u0161\u012bn\u0101 l\u012bdz 40\u00b0C temperat\u016br\u0101.<\/p>\n","protected":false},"excerpt":{"rendered":"<p>Uz \u016bdens b\u0101zes izgatavotais Marabu Textil Painter ir piem\u0113rots izmanto\u0161anai skol\u0101s, darbn\u012bc\u0101s un m\u0101jas apst\u0101k\u013cos, un ar to var lietot uz visiem gai\u0161as kr\u0101sas dab\u012bgajiem audumiem (ar max sint\u0113tisk\u0101s \u0161\u0137iedras saturu 20%), kas nav apstr\u0101d\u0101ti ar virmas p\u0101rkl\u0101jumiem un audumu m\u012bkstino\u0161iem l\u012bdzek\u013ciem. P\u0113c nostiprin\u0101\u0161anas (gludinot vai kr\u0101sn\u012b 150\u00b0C\/8min), kr\u0101sa k\u013c\u016bst gaismas notur\u012bga un m\u012bksta, audumu var mazg\u0101t ve\u013cas ma\u0161\u012bn\u0101 l\u012bdz 40\u00b0C temperat\u016br\u0101.<\/p>\n","protected":false},"featured_media":353115,"comment_status":"closed","ping_status":"closed","template":"","meta":{"_acf_changed":false,"ep_exclude_from_search":false},"product_cat":[18215,17918,17956],"product_tag":[],"class_list":{"0":"post-196504","1":"product","2":"type-product","3":"status-publish","4":"has-post-thumbnail","6":"product_cat-auduma-markeri","7":"product_cat-preces-hobijiem","8":"product_cat-tekstilam","10":"first","11":"outofstock","12":"taxable","13":"shipping-taxable","14":"purchasable","15":"product-type-variable"},"acf":[],"yoast_head":"<!-- This site is optimized with the Yoast SEO plugin v24.1 - https:\/\/yoast.com\/wordpress\/plugins\/seo\/ -->\n<title>Mar\u0137ieris tekstilam Marabu 1-2mm &#8211; Skizze<\/title>\n<meta name=\"robots\" content=\"noindex, follow, max-snippet:-1, max-image-preview:large, max-video-preview:-1\" \/>\n<meta property=\"og:locale\" content=\"lv_LV\" \/>\n<meta property=\"og:type\" content=\"article\" \/>\n<meta property=\"og:title\" content=\"Mar\u0137ieris tekstilam Marabu 1-2mm &#8211; Skizze\" \/>\n<meta property=\"og:description\" content=\"Uz \u016bdens b\u0101zes izgatavotais Marabu Textil Painter ir piem\u0113rots izmanto\u0161anai skol\u0101s, darbn\u012bc\u0101s un m\u0101jas apst\u0101k\u013cos, un ar to var lietot uz visiem gai\u0161as kr\u0101sas dab\u012bgajiem audumiem (ar max sint\u0113tisk\u0101s \u0161\u0137iedras saturu 20%), kas nav apstr\u0101d\u0101ti ar virmas p\u0101rkl\u0101jumiem un audumu m\u012bkstino\u0161iem l\u012bdzek\u013ciem. P\u0113c nostiprin\u0101\u0161anas (gludinot vai kr\u0101sn\u012b 150\u00b0C\/8min), kr\u0101sa k\u013c\u016bst gaismas notur\u012bga un m\u012bksta, audumu var mazg\u0101t ve\u013cas ma\u0161\u012bn\u0101 l\u012bdz 40\u00b0C temperat\u016br\u0101.\" \/>\n<meta property=\"og:url\" content=\"https:\/\/hobstop.ee\/lv\/produkts\/markieris-tekstilam-marabu-1-2mm\/\" \/>\n<meta property=\"og:site_name\" content=\"Skizze\" \/>\n<meta property=\"article:publisher\" content=\"http:\/\/www.facebook.com\/VunderSkizze\" \/>\n<meta property=\"og:image\" content=\"https:\/\/hobstop.ee\/media\/1162.jpg\" \/>\n\t<meta property=\"og:image:width\" content=\"1024\" \/>\n\t<meta property=\"og:image:height\" content=\"768\" \/>\n\t<meta property=\"og:image:type\" content=\"image\/jpeg\" \/>\n<meta name=\"twitter:card\" content=\"summary_large_image\" \/>\n<script type=\"application\/ld+json\" class=\"yoast-schema-graph\">{\"@context\":\"https:\/\/schema.org\",\"@graph\":[{\"@type\":\"WebPage\",\"@id\":\"https:\/\/hobstop.ee\/lv\/produkts\/markieris-tekstilam-marabu-1-2mm\/\",\"url\":\"https:\/\/hobstop.ee\/lv\/produkts\/markieris-tekstilam-marabu-1-2mm\/\",\"name\":\"Mar\u0137ieris tekstilam Marabu 1-2mm &#8211; Skizze\",\"isPartOf\":{\"@id\":\"https:\/\/hobstop.ee\/lv\/#website\"},\"primaryImageOfPage\":{\"@id\":\"https:\/\/hobstop.ee\/lv\/produkts\/markieris-tekstilam-marabu-1-2mm\/#primaryimage\"},\"image\":{\"@id\":\"https:\/\/hobstop.ee\/lv\/produkts\/markieris-tekstilam-marabu-1-2mm\/#primaryimage\"},\"thumbnailUrl\":\"https:\/\/hobstop.ee\/media\/1162.jpg\",\"datePublished\":\"2015-08-01T12:03:24+00:00\",\"dateModified\":\"2015-08-01T12:03:24+00:00\",\"breadcrumb\":{\"@id\":\"https:\/\/hobstop.ee\/lv\/produkts\/markieris-tekstilam-marabu-1-2mm\/#breadcrumb\"},\"inLanguage\":\"lv-LV\",\"potentialAction\":[{\"@type\":\"ReadAction\",\"target\":[\"https:\/\/hobstop.ee\/lv\/produkts\/markieris-tekstilam-marabu-1-2mm\/\"]}]},{\"@type\":\"ImageObject\",\"inLanguage\":\"lv-LV\",\"@id\":\"https:\/\/hobstop.ee\/lv\/produkts\/markieris-tekstilam-marabu-1-2mm\/#primaryimage\",\"url\":\"https:\/\/hobstop.ee\/media\/1162.jpg\",\"contentUrl\":\"https:\/\/hobstop.ee\/media\/1162.jpg\",\"width\":1024,\"height\":768},{\"@type\":\"BreadcrumbList\",\"@id\":\"https:\/\/hobstop.ee\/lv\/produkts\/markieris-tekstilam-marabu-1-2mm\/#breadcrumb\",\"itemListElement\":[{\"@type\":\"ListItem\",\"position\":1,\"name\":\"Avaleht\",\"item\":\"https:\/\/www.hobstop.ee\/lv\/\"},{\"@type\":\"ListItem\",\"position\":2,\"name\":\"Veikals\",\"item\":\"https:\/\/www.hobstop.ee\/lv\/veikals\/\"},{\"@type\":\"ListItem\",\"position\":3,\"name\":\"Mar\u0137ieris tekstilam Marabu 1-2mm\"}]},{\"@type\":\"WebSite\",\"@id\":\"https:\/\/hobstop.ee\/lv\/#website\",\"url\":\"https:\/\/hobstop.ee\/lv\/\",\"name\":\"Skizze\",\"description\":\"M\u0101kslas, hobiju un skolas preces\",\"publisher\":{\"@id\":\"https:\/\/hobstop.ee\/lv\/#organization\"},\"potentialAction\":[{\"@type\":\"SearchAction\",\"target\":{\"@type\":\"EntryPoint\",\"urlTemplate\":\"https:\/\/hobstop.ee\/lv\/?s={search_term_string}\"},\"query-input\":{\"@type\":\"PropertyValueSpecification\",\"valueRequired\":true,\"valueName\":\"search_term_string\"}}],\"inLanguage\":\"lv-LV\"},{\"@type\":\"Organization\",\"@id\":\"https:\/\/hobstop.ee\/lv\/#organization\",\"name\":\"Vunder AS\",\"url\":\"https:\/\/hobstop.ee\/lv\/\",\"logo\":{\"@type\":\"ImageObject\",\"inLanguage\":\"lv-LV\",\"@id\":\"https:\/\/hobstop.ee\/lv\/#\/schema\/logo\/image\/\",\"url\":\"https:\/\/hobstop.ee\/media\/vunder-logo.png\",\"contentUrl\":\"https:\/\/hobstop.ee\/media\/vunder-logo.png\",\"width\":127,\"height\":55,\"caption\":\"Vunder AS\"},\"image\":{\"@id\":\"https:\/\/hobstop.ee\/lv\/#\/schema\/logo\/image\/\"},\"sameAs\":[\"http:\/\/www.facebook.com\/VunderSkizze\"]}]}<\/script>\n<!-- \/ Yoast SEO plugin. -->","yoast_head_json":{"title":"Mar\u0137ieris tekstilam Marabu 1-2mm &#8211; Skizze","robots":{"index":"noindex","follow":"follow","max-snippet":"max-snippet:-1","max-image-preview":"max-image-preview:large","max-video-preview":"max-video-preview:-1"},"og_locale":"lv_LV","og_type":"article","og_title":"Mar\u0137ieris tekstilam Marabu 1-2mm &#8211; Skizze","og_description":"Uz \u016bdens b\u0101zes izgatavotais Marabu Textil Painter ir piem\u0113rots izmanto\u0161anai skol\u0101s, darbn\u012bc\u0101s un m\u0101jas apst\u0101k\u013cos, un ar to var lietot uz visiem gai\u0161as kr\u0101sas dab\u012bgajiem audumiem (ar max sint\u0113tisk\u0101s \u0161\u0137iedras saturu 20%), kas nav apstr\u0101d\u0101ti ar virmas p\u0101rkl\u0101jumiem un audumu m\u012bkstino\u0161iem l\u012bdzek\u013ciem. P\u0113c nostiprin\u0101\u0161anas (gludinot vai kr\u0101sn\u012b 150\u00b0C\/8min), kr\u0101sa k\u013c\u016bst gaismas notur\u012bga un m\u012bksta, audumu var mazg\u0101t ve\u013cas ma\u0161\u012bn\u0101 l\u012bdz 40\u00b0C temperat\u016br\u0101.","og_url":"https:\/\/hobstop.ee\/lv\/produkts\/markieris-tekstilam-marabu-1-2mm\/","og_site_name":"Skizze","article_publisher":"http:\/\/www.facebook.com\/VunderSkizze","og_image":[{"width":1024,"height":768,"url":"https:\/\/hobstop.ee\/media\/1162.jpg","type":"image\/jpeg"}],"twitter_card":"summary_large_image","schema":{"@context":"https:\/\/schema.org","@graph":[{"@type":"WebPage","@id":"https:\/\/hobstop.ee\/lv\/produkts\/markieris-tekstilam-marabu-1-2mm\/","url":"https:\/\/hobstop.ee\/lv\/produkts\/markieris-tekstilam-marabu-1-2mm\/","name":"Mar\u0137ieris tekstilam Marabu 1-2mm &#8211; Skizze","isPartOf":{"@id":"https:\/\/hobstop.ee\/lv\/#website"},"primaryImageOfPage":{"@id":"https:\/\/hobstop.ee\/lv\/produkts\/markieris-tekstilam-marabu-1-2mm\/#primaryimage"},"image":{"@id":"https:\/\/hobstop.ee\/lv\/produkts\/markieris-tekstilam-marabu-1-2mm\/#primaryimage"},"thumbnailUrl":"https:\/\/hobstop.ee\/media\/1162.jpg","datePublished":"2015-08-01T12:03:24+00:00","dateModified":"2015-08-01T12:03:24+00:00","breadcrumb":{"@id":"https:\/\/hobstop.ee\/lv\/produkts\/markieris-tekstilam-marabu-1-2mm\/#breadcrumb"},"inLanguage":"lv-LV","potentialAction":[{"@type":"ReadAction","target":["https:\/\/hobstop.ee\/lv\/produkts\/markieris-tekstilam-marabu-1-2mm\/"]}]},{"@type":"ImageObject","inLanguage":"lv-LV","@id":"https:\/\/hobstop.ee\/lv\/produkts\/markieris-tekstilam-marabu-1-2mm\/#primaryimage","url":"https:\/\/hobstop.ee\/media\/1162.jpg","contentUrl":"https:\/\/hobstop.ee\/media\/1162.jpg","width":1024,"height":768},{"@type":"BreadcrumbList","@id":"https:\/\/hobstop.ee\/lv\/produkts\/markieris-tekstilam-marabu-1-2mm\/#breadcrumb","itemListElement":[{"@type":"ListItem","position":1,"name":"Avaleht","item":"https:\/\/www.hobstop.ee\/lv\/"},{"@type":"ListItem","position":2,"name":"Veikals","item":"https:\/\/www.hobstop.ee\/lv\/veikals\/"},{"@type":"ListItem","position":3,"name":"Mar\u0137ieris tekstilam Marabu 1-2mm"}]},{"@type":"WebSite","@id":"https:\/\/hobstop.ee\/lv\/#website","url":"https:\/\/hobstop.ee\/lv\/","name":"Skizze","description":"M\u0101kslas, hobiju un skolas preces","publisher":{"@id":"https:\/\/hobstop.ee\/lv\/#organization"},"potentialAction":[{"@type":"SearchAction","target":{"@type":"EntryPoint","urlTemplate":"https:\/\/hobstop.ee\/lv\/?s={search_term_string}"},"query-input":{"@type":"PropertyValueSpecification","valueRequired":true,"valueName":"search_term_string"}}],"inLanguage":"lv-LV"},{"@type":"Organization","@id":"https:\/\/hobstop.ee\/lv\/#organization","name":"Vunder AS","url":"https:\/\/hobstop.ee\/lv\/","logo":{"@type":"ImageObject","inLanguage":"lv-LV","@id":"https:\/\/hobstop.ee\/lv\/#\/schema\/logo\/image\/","url":"https:\/\/hobstop.ee\/media\/vunder-logo.png","contentUrl":"https:\/\/hobstop.ee\/media\/vunder-logo.png","width":127,"height":55,"caption":"Vunder AS"},"image":{"@id":"https:\/\/hobstop.ee\/lv\/#\/schema\/logo\/image\/"},"sameAs":["http:\/\/www.facebook.com\/VunderSkizze"]}]}},"_links":{"self":[{"href":"https:\/\/hobstop.ee\/lv\/wp-json\/wp\/v2\/product\/196504","targetHints":{"allow":["GET"]}}],"collection":[{"href":"https:\/\/hobstop.ee\/lv\/wp-json\/wp\/v2\/product"}],"about":[{"href":"https:\/\/hobstop.ee\/lv\/wp-json\/wp\/v2\/types\/product"}],"replies":[{"embeddable":true,"href":"https:\/\/hobstop.ee\/lv\/wp-json\/wp\/v2\/comments?post=196504"}],"wp:featuredmedia":[{"embeddable":true,"href":"https:\/\/hobstop.ee\/lv\/wp-json\/wp\/v2\/media\/353115"}],"wp:attachment":[{"href":"https:\/\/hobstop.ee\/lv\/wp-json\/wp\/v2\/media?parent=196504"}],"wp:term":[{"taxonomy":"product_cat","embeddable":true,"href":"https:\/\/hobstop.ee\/lv\/wp-json\/wp\/v2\/product_cat?post=196504"},{"taxonomy":"product_tag","embeddable":true,"href":"https:\/\/hobstop.ee\/lv\/wp-json\/wp\/v2\/product_tag?post=196504"}],"curies":[{"name":"wp","href":"https:\/\/api.w.org\/{rel}","templated":true}]}}