{"id":196508,"date":"2015-08-01T15:03:48","date_gmt":"2015-08-01T12:03:48","guid":{"rendered":"http:\/\/vunder-ee.sn25.zone.eu\/lv\/product\/molberts-mabef-m18\/"},"modified":"2015-08-01T15:03:48","modified_gmt":"2015-08-01T12:03:48","slug":"molberts-mabef-m18","status":"publish","type":"product","link":"https:\/\/hobstop.ee\/lv\/produkts\/molberts-mabef-m18\/","title":{"rendered":"Molberts Mabef M18"},"content":{"rendered":"<p>No e\u013c\u013cota di\u017esk\u0101b\u0101r\u017ea izgatavotais, p\u0101rveidojamais studijas molberts MABEF M18 ir piem\u0113rots audekla novieto\u0161anai gan horizont\u0101l\u0101, gan vertik\u0101l\u0101 st\u0101vokl\u012b.  Molberta audekla tur\u0113t\u0101js ir fiks\u0113jams jebkur\u0101 st\u0101vokl\u012b starp vertik\u0101lu un horizont\u0101lu poz\u012bciju, kas \u013cauj izv\u0113l\u0113ties katram m\u0101ksliniekam piem\u0113rot\u0101ko molberta st\u0101vokli.  Molberta stingrais pamata r\u0101mis ir apr\u012bkots ar \u010detriem fiks\u0113jamiem ritenti\u0146iem, bet zem audeklu turo\u0161\u0101s malas ir izvietots plaukti\u0146\u0161 darba piederumu, otu un kr\u0101su novieto\u0161anai.  Molberta kop\u0113jais augstums ir 180-375cm, maksim\u0101lais audekla augstums ir aptuveni 225cm.  Svars 23.5kg.<\/p>\n","protected":false},"excerpt":{"rendered":"<p>No e\u013c\u013cota di\u017esk\u0101b\u0101r\u017ea izgatavotais, p\u0101rveidojamais studijas molberts MABEF M18 ir piem\u0113rots audekla novieto\u0161anai gan horizont\u0101l\u0101, gan vertik\u0101l\u0101 st\u0101vokl\u012b. Molberta audekla tur\u0113t\u0101js ir fiks\u0113jams jebkur\u0101 st\u0101vokl\u012b starp vertik\u0101lu un horizont\u0101lu poz\u012bciju, kas \u013cauj izv\u0113l\u0113ties katram m\u0101ksliniekam piem\u0113rot\u0101ko molberta st\u0101vokli. Molberta stingrais pamata r\u0101mis ir apr\u012bkots ar \u010detriem fiks\u0113jamiem ritenti\u0146iem, bet zem audeklu turo\u0161\u0101s malas ir izvietots plaukti\u0146\u0161 darba piederumu, otu un kr\u0101su novieto\u0161anai. Molberta kop\u0113jais augstums ir 180-375cm, maksim\u0101lais audekla augstums ir aptuveni 225cm. Svars 23.5kg.<\/p>\n","protected":false},"featured_media":144236,"comment_status":"closed","ping_status":"closed","template":"","meta":{"_acf_changed":false,"ep_exclude_from_search":false},"product_cat":[16123,18934,18366],"product_tag":[],"class_list":{"0":"post-196508","1":"product","2":"type-product","3":"status-publish","4":"has-post-thumbnail","6":"product_cat-makslas-piederumi-2","7":"product_cat-molberti-2","8":"product_cat-molberti-uz-h-ramjiem","10":"first","11":"instock","12":"taxable","13":"shipping-taxable","14":"purchasable","15":"product-type-variable"},"acf":[],"yoast_head":"<!-- This site is optimized with the Yoast SEO plugin v24.1 - https:\/\/yoast.com\/wordpress\/plugins\/seo\/ -->\n<title>Molberts Mabef M18 &#8211; Skizze<\/title>\n<meta name=\"robots\" content=\"noindex, follow, max-snippet:-1, max-image-preview:large, max-video-preview:-1\" \/>\n<meta property=\"og:locale\" content=\"lv_LV\" \/>\n<meta property=\"og:type\" content=\"article\" \/>\n<meta property=\"og:title\" content=\"Molberts Mabef M18 &#8211; Skizze\" \/>\n<meta property=\"og:description\" content=\"No e\u013c\u013cota di\u017esk\u0101b\u0101r\u017ea izgatavotais, p\u0101rveidojamais studijas molberts MABEF M18 ir piem\u0113rots audekla novieto\u0161anai gan horizont\u0101l\u0101, gan vertik\u0101l\u0101 st\u0101vokl\u012b. Molberta audekla tur\u0113t\u0101js ir fiks\u0113jams jebkur\u0101 st\u0101vokl\u012b starp vertik\u0101lu un horizont\u0101lu poz\u012bciju, kas \u013cauj izv\u0113l\u0113ties katram m\u0101ksliniekam piem\u0113rot\u0101ko molberta st\u0101vokli. Molberta stingrais pamata r\u0101mis ir apr\u012bkots ar \u010detriem fiks\u0113jamiem ritenti\u0146iem, bet zem audeklu turo\u0161\u0101s malas ir izvietots plaukti\u0146\u0161 darba piederumu, otu un kr\u0101su novieto\u0161anai. Molberta kop\u0113jais augstums ir 180-375cm, maksim\u0101lais audekla augstums ir aptuveni 225cm. Svars 23.5kg.\" \/>\n<meta property=\"og:url\" content=\"https:\/\/hobstop.ee\/lv\/produkts\/molberts-mabef-m18\/\" \/>\n<meta property=\"og:site_name\" content=\"Skizze\" \/>\n<meta property=\"article:publisher\" content=\"http:\/\/www.facebook.com\/VunderSkizze\" \/>\n<meta property=\"og:image\" content=\"https:\/\/hobstop.ee\/media\/1191.jpg\" \/>\n\t<meta property=\"og:image:width\" content=\"1024\" \/>\n\t<meta property=\"og:image:height\" content=\"768\" \/>\n\t<meta property=\"og:image:type\" content=\"image\/jpeg\" \/>\n<meta name=\"twitter:card\" content=\"summary_large_image\" \/>\n<meta name=\"twitter:label1\" content=\"Est. reading time\" \/>\n\t<meta name=\"twitter:data1\" content=\"1 min\u016b\u0161u\" \/>\n<script type=\"application\/ld+json\" class=\"yoast-schema-graph\">{\"@context\":\"https:\/\/schema.org\",\"@graph\":[{\"@type\":\"WebPage\",\"@id\":\"https:\/\/hobstop.ee\/lv\/produkts\/molberts-mabef-m18\/\",\"url\":\"https:\/\/hobstop.ee\/lv\/produkts\/molberts-mabef-m18\/\",\"name\":\"Molberts Mabef M18 &#8211; Skizze\",\"isPartOf\":{\"@id\":\"https:\/\/hobstop.ee\/lv\/#website\"},\"primaryImageOfPage\":{\"@id\":\"https:\/\/hobstop.ee\/lv\/produkts\/molberts-mabef-m18\/#primaryimage\"},\"image\":{\"@id\":\"https:\/\/hobstop.ee\/lv\/produkts\/molberts-mabef-m18\/#primaryimage\"},\"thumbnailUrl\":\"https:\/\/hobstop.ee\/media\/1191.jpg\",\"datePublished\":\"2015-08-01T12:03:48+00:00\",\"dateModified\":\"2015-08-01T12:03:48+00:00\",\"breadcrumb\":{\"@id\":\"https:\/\/hobstop.ee\/lv\/produkts\/molberts-mabef-m18\/#breadcrumb\"},\"inLanguage\":\"lv-LV\",\"potentialAction\":[{\"@type\":\"ReadAction\",\"target\":[\"https:\/\/hobstop.ee\/lv\/produkts\/molberts-mabef-m18\/\"]}]},{\"@type\":\"ImageObject\",\"inLanguage\":\"lv-LV\",\"@id\":\"https:\/\/hobstop.ee\/lv\/produkts\/molberts-mabef-m18\/#primaryimage\",\"url\":\"https:\/\/hobstop.ee\/media\/1191.jpg\",\"contentUrl\":\"https:\/\/hobstop.ee\/media\/1191.jpg\",\"width\":1024,\"height\":768},{\"@type\":\"BreadcrumbList\",\"@id\":\"https:\/\/hobstop.ee\/lv\/produkts\/molberts-mabef-m18\/#breadcrumb\",\"itemListElement\":[{\"@type\":\"ListItem\",\"position\":1,\"name\":\"Avaleht\",\"item\":\"https:\/\/www.hobstop.ee\/lv\/\"},{\"@type\":\"ListItem\",\"position\":2,\"name\":\"Veikals\",\"item\":\"https:\/\/www.hobstop.ee\/lv\/veikals\/\"},{\"@type\":\"ListItem\",\"position\":3,\"name\":\"Molberts Mabef M18\"}]},{\"@type\":\"WebSite\",\"@id\":\"https:\/\/hobstop.ee\/lv\/#website\",\"url\":\"https:\/\/hobstop.ee\/lv\/\",\"name\":\"Skizze\",\"description\":\"M\u0101kslas, hobiju un skolas preces\",\"publisher\":{\"@id\":\"https:\/\/hobstop.ee\/lv\/#organization\"},\"potentialAction\":[{\"@type\":\"SearchAction\",\"target\":{\"@type\":\"EntryPoint\",\"urlTemplate\":\"https:\/\/hobstop.ee\/lv\/?s={search_term_string}\"},\"query-input\":{\"@type\":\"PropertyValueSpecification\",\"valueRequired\":true,\"valueName\":\"search_term_string\"}}],\"inLanguage\":\"lv-LV\"},{\"@type\":\"Organization\",\"@id\":\"https:\/\/hobstop.ee\/lv\/#organization\",\"name\":\"Vunder AS\",\"url\":\"https:\/\/hobstop.ee\/lv\/\",\"logo\":{\"@type\":\"ImageObject\",\"inLanguage\":\"lv-LV\",\"@id\":\"https:\/\/hobstop.ee\/lv\/#\/schema\/logo\/image\/\",\"url\":\"https:\/\/hobstop.ee\/media\/vunder-logo.png\",\"contentUrl\":\"https:\/\/hobstop.ee\/media\/vunder-logo.png\",\"width\":127,\"height\":55,\"caption\":\"Vunder AS\"},\"image\":{\"@id\":\"https:\/\/hobstop.ee\/lv\/#\/schema\/logo\/image\/\"},\"sameAs\":[\"http:\/\/www.facebook.com\/VunderSkizze\"]}]}<\/script>\n<!-- \/ Yoast SEO plugin. -->","yoast_head_json":{"title":"Molberts Mabef M18 &#8211; Skizze","robots":{"index":"noindex","follow":"follow","max-snippet":"max-snippet:-1","max-image-preview":"max-image-preview:large","max-video-preview":"max-video-preview:-1"},"og_locale":"lv_LV","og_type":"article","og_title":"Molberts Mabef M18 &#8211; Skizze","og_description":"No e\u013c\u013cota di\u017esk\u0101b\u0101r\u017ea izgatavotais, p\u0101rveidojamais studijas molberts MABEF M18 ir piem\u0113rots audekla novieto\u0161anai gan horizont\u0101l\u0101, gan vertik\u0101l\u0101 st\u0101vokl\u012b. Molberta audekla tur\u0113t\u0101js ir fiks\u0113jams jebkur\u0101 st\u0101vokl\u012b starp vertik\u0101lu un horizont\u0101lu poz\u012bciju, kas \u013cauj izv\u0113l\u0113ties katram m\u0101ksliniekam piem\u0113rot\u0101ko molberta st\u0101vokli. Molberta stingrais pamata r\u0101mis ir apr\u012bkots ar \u010detriem fiks\u0113jamiem ritenti\u0146iem, bet zem audeklu turo\u0161\u0101s malas ir izvietots plaukti\u0146\u0161 darba piederumu, otu un kr\u0101su novieto\u0161anai. Molberta kop\u0113jais augstums ir 180-375cm, maksim\u0101lais audekla augstums ir aptuveni 225cm. Svars 23.5kg.","og_url":"https:\/\/hobstop.ee\/lv\/produkts\/molberts-mabef-m18\/","og_site_name":"Skizze","article_publisher":"http:\/\/www.facebook.com\/VunderSkizze","og_image":[{"width":1024,"height":768,"url":"https:\/\/hobstop.ee\/media\/1191.jpg","type":"image\/jpeg"}],"twitter_card":"summary_large_image","twitter_misc":{"Est. reading time":"1 min\u016b\u0161u"},"schema":{"@context":"https:\/\/schema.org","@graph":[{"@type":"WebPage","@id":"https:\/\/hobstop.ee\/lv\/produkts\/molberts-mabef-m18\/","url":"https:\/\/hobstop.ee\/lv\/produkts\/molberts-mabef-m18\/","name":"Molberts Mabef M18 &#8211; Skizze","isPartOf":{"@id":"https:\/\/hobstop.ee\/lv\/#website"},"primaryImageOfPage":{"@id":"https:\/\/hobstop.ee\/lv\/produkts\/molberts-mabef-m18\/#primaryimage"},"image":{"@id":"https:\/\/hobstop.ee\/lv\/produkts\/molberts-mabef-m18\/#primaryimage"},"thumbnailUrl":"https:\/\/hobstop.ee\/media\/1191.jpg","datePublished":"2015-08-01T12:03:48+00:00","dateModified":"2015-08-01T12:03:48+00:00","breadcrumb":{"@id":"https:\/\/hobstop.ee\/lv\/produkts\/molberts-mabef-m18\/#breadcrumb"},"inLanguage":"lv-LV","potentialAction":[{"@type":"ReadAction","target":["https:\/\/hobstop.ee\/lv\/produkts\/molberts-mabef-m18\/"]}]},{"@type":"ImageObject","inLanguage":"lv-LV","@id":"https:\/\/hobstop.ee\/lv\/produkts\/molberts-mabef-m18\/#primaryimage","url":"https:\/\/hobstop.ee\/media\/1191.jpg","contentUrl":"https:\/\/hobstop.ee\/media\/1191.jpg","width":1024,"height":768},{"@type":"BreadcrumbList","@id":"https:\/\/hobstop.ee\/lv\/produkts\/molberts-mabef-m18\/#breadcrumb","itemListElement":[{"@type":"ListItem","position":1,"name":"Avaleht","item":"https:\/\/www.hobstop.ee\/lv\/"},{"@type":"ListItem","position":2,"name":"Veikals","item":"https:\/\/www.hobstop.ee\/lv\/veikals\/"},{"@type":"ListItem","position":3,"name":"Molberts Mabef M18"}]},{"@type":"WebSite","@id":"https:\/\/hobstop.ee\/lv\/#website","url":"https:\/\/hobstop.ee\/lv\/","name":"Skizze","description":"M\u0101kslas, hobiju un skolas preces","publisher":{"@id":"https:\/\/hobstop.ee\/lv\/#organization"},"potentialAction":[{"@type":"SearchAction","target":{"@type":"EntryPoint","urlTemplate":"https:\/\/hobstop.ee\/lv\/?s={search_term_string}"},"query-input":{"@type":"PropertyValueSpecification","valueRequired":true,"valueName":"search_term_string"}}],"inLanguage":"lv-LV"},{"@type":"Organization","@id":"https:\/\/hobstop.ee\/lv\/#organization","name":"Vunder AS","url":"https:\/\/hobstop.ee\/lv\/","logo":{"@type":"ImageObject","inLanguage":"lv-LV","@id":"https:\/\/hobstop.ee\/lv\/#\/schema\/logo\/image\/","url":"https:\/\/hobstop.ee\/media\/vunder-logo.png","contentUrl":"https:\/\/hobstop.ee\/media\/vunder-logo.png","width":127,"height":55,"caption":"Vunder AS"},"image":{"@id":"https:\/\/hobstop.ee\/lv\/#\/schema\/logo\/image\/"},"sameAs":["http:\/\/www.facebook.com\/VunderSkizze"]}]}},"_links":{"self":[{"href":"https:\/\/hobstop.ee\/lv\/wp-json\/wp\/v2\/product\/196508","targetHints":{"allow":["GET"]}}],"collection":[{"href":"https:\/\/hobstop.ee\/lv\/wp-json\/wp\/v2\/product"}],"about":[{"href":"https:\/\/hobstop.ee\/lv\/wp-json\/wp\/v2\/types\/product"}],"replies":[{"embeddable":true,"href":"https:\/\/hobstop.ee\/lv\/wp-json\/wp\/v2\/comments?post=196508"}],"wp:featuredmedia":[{"embeddable":true,"href":"https:\/\/hobstop.ee\/lv\/wp-json\/wp\/v2\/media\/144236"}],"wp:attachment":[{"href":"https:\/\/hobstop.ee\/lv\/wp-json\/wp\/v2\/media?parent=196508"}],"wp:term":[{"taxonomy":"product_cat","embeddable":true,"href":"https:\/\/hobstop.ee\/lv\/wp-json\/wp\/v2\/product_cat?post=196508"},{"taxonomy":"product_tag","embeddable":true,"href":"https:\/\/hobstop.ee\/lv\/wp-json\/wp\/v2\/product_tag?post=196508"}],"curies":[{"name":"wp","href":"https:\/\/api.w.org\/{rel}","templated":true}]}}