{"id":196512,"date":"2015-08-01T15:05:52","date_gmt":"2015-08-01T12:05:52","guid":{"rendered":"http:\/\/vunder-ee.sn25.zone.eu\/lv\/product\/molberts-mabef-m26-ar-pamatu\/"},"modified":"2015-08-01T15:05:52","modified_gmt":"2015-08-01T12:05:52","slug":"molberts-mabef-m26","status":"publish","type":"product","link":"https:\/\/hobstop.ee\/lv\/produkts\/molberts-mabef-m26\/","title":{"rendered":"Molberts Mabef M26"},"content":{"rendered":"<p>\u0160is univers\u0101lais It\u0101\u013cu molberts ir vienlaic\u012bgi gan fleksibls un p\u0101rn\u0113s\u0101jams, gan p\u0101rveidojams.  MAGEF M62 \u0101ra apst\u0101k\u013cos izmantojam\u0101 molberta virsma ir lieliski piem\u0113rota akvare\u013cu vai paste\u013cu pap\u012bra nostiprin\u0101\u0161anai.  Molberta virsma ir regul\u0113jama (sl\u012bpi, taisni).  Molbertu var izmanot, ar\u012b str\u0101d\u0101jot ar e\u013c\u013cas vai akrila kr\u0101s\u0101m, un tas paredz\u0113ts l\u012bdz 102cm augsta audekla nostiprin\u0101\u0161anai.  Molberta minim\u0101lais regul\u0113jamais augstums ir 85cm, bet maksim\u0101lais \u2013 200cm.  Pateicoties no e\u013c\u013cot\u0101 di\u017esk\u0101b\u0101r\u017ea izgatavot\u0101 molberta iztur\u012bbai un regul\u0113\u0161anas iesp\u0113jai, tas lieliski piem\u0113rots mazajiem m\u0101ksliniekiem un \u201eaugs\u201d kop\u0101 ar b\u0113rnu.  Svars 3.3kg.<\/p>\n","protected":false},"excerpt":{"rendered":"<p>\u0160is univers\u0101lais It\u0101\u013cu molberts ir vienlaic\u012bgi gan fleksibls un p\u0101rn\u0113s\u0101jams, gan p\u0101rveidojams. MAGEF M62 \u0101ra apst\u0101k\u013cos izmantojam\u0101 molberta virsma ir lieliski piem\u0113rota akvare\u013cu vai paste\u013cu pap\u012bra nostiprin\u0101\u0161anai. Molberta virsma ir regul\u0113jama (sl\u012bpi, taisni). Molbertu var izmanot, ar\u012b str\u0101d\u0101jot ar e\u013c\u013cas vai akrila kr\u0101s\u0101m, un tas paredz\u0113ts l\u012bdz 102cm augsta audekla nostiprin\u0101\u0161anai. Molberta minim\u0101lais regul\u0113jamais augstums ir 85cm, bet maksim\u0101lais \u2013 200cm. Pateicoties no e\u013c\u013cot\u0101 di\u017esk\u0101b\u0101r\u017ea izgatavot\u0101 molberta iztur\u012bbai un regul\u0113\u0161anas iesp\u0113jai, tas lieliski piem\u0113rots mazajiem m\u0101ksliniekiem un \u201eaugs\u201d kop\u0101 ar b\u0113rnu. Svars 3.3kg.<\/p>\n","protected":false},"featured_media":144260,"comment_status":"closed","ping_status":"closed","template":"","meta":{"_acf_changed":false,"ep_exclude_from_search":false},"product_cat":[16123,18934,18374],"product_tag":[],"class_list":{"0":"post-196512","1":"product","2":"type-product","3":"status-publish","4":"has-post-thumbnail","6":"product_cat-makslas-piederumi-2","7":"product_cat-molberti-2","8":"product_cat-saliekamie-molberti","10":"first","11":"outofstock","12":"taxable","13":"shipping-taxable","14":"purchasable","15":"product-type-variable"},"acf":[],"yoast_head":"<!-- This site is optimized with the Yoast SEO plugin v24.1 - https:\/\/yoast.com\/wordpress\/plugins\/seo\/ -->\n<title>Molberts Mabef M26 &#8211; Skizze<\/title>\n<meta name=\"robots\" content=\"noindex, follow, max-snippet:-1, max-image-preview:large, max-video-preview:-1\" \/>\n<meta property=\"og:locale\" content=\"lv_LV\" \/>\n<meta property=\"og:type\" content=\"article\" \/>\n<meta property=\"og:title\" content=\"Molberts Mabef M26 &#8211; Skizze\" \/>\n<meta property=\"og:description\" content=\"\u0160is univers\u0101lais It\u0101\u013cu molberts ir vienlaic\u012bgi gan fleksibls un p\u0101rn\u0113s\u0101jams, gan p\u0101rveidojams. MAGEF M62 \u0101ra apst\u0101k\u013cos izmantojam\u0101 molberta virsma ir lieliski piem\u0113rota akvare\u013cu vai paste\u013cu pap\u012bra nostiprin\u0101\u0161anai. Molberta virsma ir regul\u0113jama (sl\u012bpi, taisni). Molbertu var izmanot, ar\u012b str\u0101d\u0101jot ar e\u013c\u013cas vai akrila kr\u0101s\u0101m, un tas paredz\u0113ts l\u012bdz 102cm augsta audekla nostiprin\u0101\u0161anai. Molberta minim\u0101lais regul\u0113jamais augstums ir 85cm, bet maksim\u0101lais \u2013 200cm. Pateicoties no e\u013c\u013cot\u0101 di\u017esk\u0101b\u0101r\u017ea izgatavot\u0101 molberta iztur\u012bbai un regul\u0113\u0161anas iesp\u0113jai, tas lieliski piem\u0113rots mazajiem m\u0101ksliniekiem un \u201eaugs\u201d kop\u0101 ar b\u0113rnu. Svars 3.3kg.\" \/>\n<meta property=\"og:url\" content=\"https:\/\/hobstop.ee\/lv\/produkts\/molberts-mabef-m26\/\" \/>\n<meta property=\"og:site_name\" content=\"Skizze\" \/>\n<meta property=\"article:publisher\" content=\"http:\/\/www.facebook.com\/VunderSkizze\" \/>\n<meta property=\"og:image\" content=\"https:\/\/hobstop.ee\/media\/1197.jpg\" \/>\n\t<meta property=\"og:image:width\" content=\"1024\" \/>\n\t<meta property=\"og:image:height\" content=\"768\" \/>\n\t<meta property=\"og:image:type\" content=\"image\/jpeg\" \/>\n<meta name=\"twitter:card\" content=\"summary_large_image\" \/>\n<meta name=\"twitter:label1\" content=\"Est. reading time\" \/>\n\t<meta name=\"twitter:data1\" content=\"1 min\u016b\u0161u\" \/>\n<script type=\"application\/ld+json\" class=\"yoast-schema-graph\">{\"@context\":\"https:\/\/schema.org\",\"@graph\":[{\"@type\":\"WebPage\",\"@id\":\"https:\/\/hobstop.ee\/lv\/produkts\/molberts-mabef-m26\/\",\"url\":\"https:\/\/hobstop.ee\/lv\/produkts\/molberts-mabef-m26\/\",\"name\":\"Molberts Mabef M26 &#8211; Skizze\",\"isPartOf\":{\"@id\":\"https:\/\/hobstop.ee\/lv\/#website\"},\"primaryImageOfPage\":{\"@id\":\"https:\/\/hobstop.ee\/lv\/produkts\/molberts-mabef-m26\/#primaryimage\"},\"image\":{\"@id\":\"https:\/\/hobstop.ee\/lv\/produkts\/molberts-mabef-m26\/#primaryimage\"},\"thumbnailUrl\":\"https:\/\/hobstop.ee\/media\/1197.jpg\",\"datePublished\":\"2015-08-01T12:05:52+00:00\",\"dateModified\":\"2015-08-01T12:05:52+00:00\",\"breadcrumb\":{\"@id\":\"https:\/\/hobstop.ee\/lv\/produkts\/molberts-mabef-m26\/#breadcrumb\"},\"inLanguage\":\"lv-LV\",\"potentialAction\":[{\"@type\":\"ReadAction\",\"target\":[\"https:\/\/hobstop.ee\/lv\/produkts\/molberts-mabef-m26\/\"]}]},{\"@type\":\"ImageObject\",\"inLanguage\":\"lv-LV\",\"@id\":\"https:\/\/hobstop.ee\/lv\/produkts\/molberts-mabef-m26\/#primaryimage\",\"url\":\"https:\/\/hobstop.ee\/media\/1197.jpg\",\"contentUrl\":\"https:\/\/hobstop.ee\/media\/1197.jpg\",\"width\":1024,\"height\":768},{\"@type\":\"BreadcrumbList\",\"@id\":\"https:\/\/hobstop.ee\/lv\/produkts\/molberts-mabef-m26\/#breadcrumb\",\"itemListElement\":[{\"@type\":\"ListItem\",\"position\":1,\"name\":\"Avaleht\",\"item\":\"https:\/\/hobstop.ee\/lv\/\"},{\"@type\":\"ListItem\",\"position\":2,\"name\":\"Veikals\",\"item\":\"https:\/\/hobstop.ee\/lv\/veikals\/\"},{\"@type\":\"ListItem\",\"position\":3,\"name\":\"Molberts Mabef M26\"}]},{\"@type\":\"WebSite\",\"@id\":\"https:\/\/hobstop.ee\/lv\/#website\",\"url\":\"https:\/\/hobstop.ee\/lv\/\",\"name\":\"Skizze\",\"description\":\"M\u0101kslas, hobiju un skolas preces\",\"publisher\":{\"@id\":\"https:\/\/hobstop.ee\/lv\/#organization\"},\"potentialAction\":[{\"@type\":\"SearchAction\",\"target\":{\"@type\":\"EntryPoint\",\"urlTemplate\":\"https:\/\/hobstop.ee\/lv\/?s={search_term_string}\"},\"query-input\":{\"@type\":\"PropertyValueSpecification\",\"valueRequired\":true,\"valueName\":\"search_term_string\"}}],\"inLanguage\":\"lv-LV\"},{\"@type\":\"Organization\",\"@id\":\"https:\/\/hobstop.ee\/lv\/#organization\",\"name\":\"Vunder AS\",\"url\":\"https:\/\/hobstop.ee\/lv\/\",\"logo\":{\"@type\":\"ImageObject\",\"inLanguage\":\"lv-LV\",\"@id\":\"https:\/\/hobstop.ee\/lv\/#\/schema\/logo\/image\/\",\"url\":\"https:\/\/hobstop.ee\/media\/vunder-logo.png\",\"contentUrl\":\"https:\/\/hobstop.ee\/media\/vunder-logo.png\",\"width\":127,\"height\":55,\"caption\":\"Vunder AS\"},\"image\":{\"@id\":\"https:\/\/hobstop.ee\/lv\/#\/schema\/logo\/image\/\"},\"sameAs\":[\"http:\/\/www.facebook.com\/VunderSkizze\"]}]}<\/script>\n<!-- \/ Yoast SEO plugin. -->","yoast_head_json":{"title":"Molberts Mabef M26 &#8211; Skizze","robots":{"index":"noindex","follow":"follow","max-snippet":"max-snippet:-1","max-image-preview":"max-image-preview:large","max-video-preview":"max-video-preview:-1"},"og_locale":"lv_LV","og_type":"article","og_title":"Molberts Mabef M26 &#8211; Skizze","og_description":"\u0160is univers\u0101lais It\u0101\u013cu molberts ir vienlaic\u012bgi gan fleksibls un p\u0101rn\u0113s\u0101jams, gan p\u0101rveidojams. MAGEF M62 \u0101ra apst\u0101k\u013cos izmantojam\u0101 molberta virsma ir lieliski piem\u0113rota akvare\u013cu vai paste\u013cu pap\u012bra nostiprin\u0101\u0161anai. Molberta virsma ir regul\u0113jama (sl\u012bpi, taisni). Molbertu var izmanot, ar\u012b str\u0101d\u0101jot ar e\u013c\u013cas vai akrila kr\u0101s\u0101m, un tas paredz\u0113ts l\u012bdz 102cm augsta audekla nostiprin\u0101\u0161anai. Molberta minim\u0101lais regul\u0113jamais augstums ir 85cm, bet maksim\u0101lais \u2013 200cm. Pateicoties no e\u013c\u013cot\u0101 di\u017esk\u0101b\u0101r\u017ea izgatavot\u0101 molberta iztur\u012bbai un regul\u0113\u0161anas iesp\u0113jai, tas lieliski piem\u0113rots mazajiem m\u0101ksliniekiem un \u201eaugs\u201d kop\u0101 ar b\u0113rnu. Svars 3.3kg.","og_url":"https:\/\/hobstop.ee\/lv\/produkts\/molberts-mabef-m26\/","og_site_name":"Skizze","article_publisher":"http:\/\/www.facebook.com\/VunderSkizze","og_image":[{"width":1024,"height":768,"url":"https:\/\/hobstop.ee\/media\/1197.jpg","type":"image\/jpeg"}],"twitter_card":"summary_large_image","twitter_misc":{"Est. reading time":"1 min\u016b\u0161u"},"schema":{"@context":"https:\/\/schema.org","@graph":[{"@type":"WebPage","@id":"https:\/\/hobstop.ee\/lv\/produkts\/molberts-mabef-m26\/","url":"https:\/\/hobstop.ee\/lv\/produkts\/molberts-mabef-m26\/","name":"Molberts Mabef M26 &#8211; Skizze","isPartOf":{"@id":"https:\/\/hobstop.ee\/lv\/#website"},"primaryImageOfPage":{"@id":"https:\/\/hobstop.ee\/lv\/produkts\/molberts-mabef-m26\/#primaryimage"},"image":{"@id":"https:\/\/hobstop.ee\/lv\/produkts\/molberts-mabef-m26\/#primaryimage"},"thumbnailUrl":"https:\/\/hobstop.ee\/media\/1197.jpg","datePublished":"2015-08-01T12:05:52+00:00","dateModified":"2015-08-01T12:05:52+00:00","breadcrumb":{"@id":"https:\/\/hobstop.ee\/lv\/produkts\/molberts-mabef-m26\/#breadcrumb"},"inLanguage":"lv-LV","potentialAction":[{"@type":"ReadAction","target":["https:\/\/hobstop.ee\/lv\/produkts\/molberts-mabef-m26\/"]}]},{"@type":"ImageObject","inLanguage":"lv-LV","@id":"https:\/\/hobstop.ee\/lv\/produkts\/molberts-mabef-m26\/#primaryimage","url":"https:\/\/hobstop.ee\/media\/1197.jpg","contentUrl":"https:\/\/hobstop.ee\/media\/1197.jpg","width":1024,"height":768},{"@type":"BreadcrumbList","@id":"https:\/\/hobstop.ee\/lv\/produkts\/molberts-mabef-m26\/#breadcrumb","itemListElement":[{"@type":"ListItem","position":1,"name":"Avaleht","item":"https:\/\/hobstop.ee\/lv\/"},{"@type":"ListItem","position":2,"name":"Veikals","item":"https:\/\/hobstop.ee\/lv\/veikals\/"},{"@type":"ListItem","position":3,"name":"Molberts Mabef M26"}]},{"@type":"WebSite","@id":"https:\/\/hobstop.ee\/lv\/#website","url":"https:\/\/hobstop.ee\/lv\/","name":"Skizze","description":"M\u0101kslas, hobiju un skolas preces","publisher":{"@id":"https:\/\/hobstop.ee\/lv\/#organization"},"potentialAction":[{"@type":"SearchAction","target":{"@type":"EntryPoint","urlTemplate":"https:\/\/hobstop.ee\/lv\/?s={search_term_string}"},"query-input":{"@type":"PropertyValueSpecification","valueRequired":true,"valueName":"search_term_string"}}],"inLanguage":"lv-LV"},{"@type":"Organization","@id":"https:\/\/hobstop.ee\/lv\/#organization","name":"Vunder AS","url":"https:\/\/hobstop.ee\/lv\/","logo":{"@type":"ImageObject","inLanguage":"lv-LV","@id":"https:\/\/hobstop.ee\/lv\/#\/schema\/logo\/image\/","url":"https:\/\/hobstop.ee\/media\/vunder-logo.png","contentUrl":"https:\/\/hobstop.ee\/media\/vunder-logo.png","width":127,"height":55,"caption":"Vunder AS"},"image":{"@id":"https:\/\/hobstop.ee\/lv\/#\/schema\/logo\/image\/"},"sameAs":["http:\/\/www.facebook.com\/VunderSkizze"]}]}},"_links":{"self":[{"href":"https:\/\/hobstop.ee\/lv\/wp-json\/wp\/v2\/product\/196512","targetHints":{"allow":["GET"]}}],"collection":[{"href":"https:\/\/hobstop.ee\/lv\/wp-json\/wp\/v2\/product"}],"about":[{"href":"https:\/\/hobstop.ee\/lv\/wp-json\/wp\/v2\/types\/product"}],"replies":[{"embeddable":true,"href":"https:\/\/hobstop.ee\/lv\/wp-json\/wp\/v2\/comments?post=196512"}],"wp:featuredmedia":[{"embeddable":true,"href":"https:\/\/hobstop.ee\/lv\/wp-json\/wp\/v2\/media\/144260"}],"wp:attachment":[{"href":"https:\/\/hobstop.ee\/lv\/wp-json\/wp\/v2\/media?parent=196512"}],"wp:term":[{"taxonomy":"product_cat","embeddable":true,"href":"https:\/\/hobstop.ee\/lv\/wp-json\/wp\/v2\/product_cat?post=196512"},{"taxonomy":"product_tag","embeddable":true,"href":"https:\/\/hobstop.ee\/lv\/wp-json\/wp\/v2\/product_tag?post=196512"}],"curies":[{"name":"wp","href":"https:\/\/api.w.org\/{rel}","templated":true}]}}