{"id":196520,"date":"2015-08-01T15:06:36","date_gmt":"2015-08-01T12:06:36","guid":{"rendered":"http:\/\/vunder-ee.sn25.zone.eu\/lv\/product\/molberts-mabef-m34-uz-galda\/"},"modified":"2015-08-01T15:06:36","modified_gmt":"2015-08-01T12:06:36","slug":"molberts-mabef-m34","status":"publish","type":"product","link":"https:\/\/hobstop.ee\/lv\/produkts\/molberts-mabef-m34\/","title":{"rendered":"Molberts Mabef M34"},"content":{"rendered":"<p>MABEF M34 Lecturn ir \u013coti iztur\u012bgs galda molberts, ko var lietot uz vis\u0101m l\u012bdzen\u0101m virsm\u0101m.  Tas ir viegli regul\u0113jams no vertik\u0101la st\u0101vok\u013ca horizont\u0101l\u0101 st\u0101vokl\u012b un kompakti saliekams (salikta molberta izm\u0113rs 48x37cm).  Molberts paredz\u0113ts l\u012bdz 54cm audekla nostiprin\u0101\u0161anai  gan aug\u0161da\u013c\u0101, gan apak\u0161da\u013c\u0101.  Tas lieliski piem\u0113rots ski\u010du z\u012bm\u0113\u0161anai, darbam ar paste\u013ckr\u0101s\u0101m un m\u0101kslas darbu, gr\u0101matu un inform\u0101cijas materi\u0101lu izst\u0101d\u012b\u0161anai galerij\u0101s, studij\u0101s un m\u0101kslas gadatirgos.  Molberts ir izgatavots no e\u013c\u013cota di\u017esk\u0101b\u0101r\u017ea, tas ir viegls (2.1kg) un \u0113rti p\u0101rn\u0113s\u0101jams.<\/p>\n","protected":false},"excerpt":{"rendered":"<p>MABEF M34 Lecturn ir \u013coti iztur\u012bgs galda molberts, ko var lietot uz vis\u0101m l\u012bdzen\u0101m virsm\u0101m. Tas ir viegli regul\u0113jams no vertik\u0101la st\u0101vok\u013ca horizont\u0101l\u0101 st\u0101vokl\u012b un kompakti saliekams (salikta molberta izm\u0113rs 48x37cm). Molberts paredz\u0113ts l\u012bdz 54cm audekla nostiprin\u0101\u0161anai gan aug\u0161da\u013c\u0101, gan apak\u0161da\u013c\u0101. Tas lieliski piem\u0113rots ski\u010du z\u012bm\u0113\u0161anai, darbam ar paste\u013ckr\u0101s\u0101m un m\u0101kslas darbu, gr\u0101matu un inform\u0101cijas materi\u0101lu izst\u0101d\u012b\u0161anai galerij\u0101s, studij\u0101s un m\u0101kslas gadatirgos. Molberts ir izgatavots no e\u013c\u013cota di\u017esk\u0101b\u0101r\u017ea, tas ir viegls (2.1kg) un \u0113rti p\u0101rn\u0113s\u0101jams.<\/p>\n","protected":false},"featured_media":144272,"comment_status":"closed","ping_status":"closed","template":"","meta":{"_acf_changed":false,"ep_exclude_from_search":false},"product_cat":[18376,16123,18934],"product_tag":[],"class_list":{"0":"post-196520","1":"product","2":"type-product","3":"status-publish","4":"has-post-thumbnail","6":"product_cat-galda-molberti","7":"product_cat-makslas-piederumi-2","8":"product_cat-molberti-2","10":"first","11":"outofstock","12":"taxable","13":"shipping-taxable","14":"purchasable","15":"product-type-variable"},"acf":[],"yoast_head":"<!-- This site is optimized with the Yoast SEO plugin v24.1 - https:\/\/yoast.com\/wordpress\/plugins\/seo\/ -->\n<title>Molberts Mabef M34 &#8211; Skizze<\/title>\n<meta name=\"robots\" content=\"noindex, follow, max-snippet:-1, max-image-preview:large, max-video-preview:-1\" \/>\n<meta property=\"og:locale\" content=\"lv_LV\" \/>\n<meta property=\"og:type\" content=\"article\" \/>\n<meta property=\"og:title\" content=\"Molberts Mabef M34 &#8211; Skizze\" \/>\n<meta property=\"og:description\" content=\"MABEF M34 Lecturn ir \u013coti iztur\u012bgs galda molberts, ko var lietot uz vis\u0101m l\u012bdzen\u0101m virsm\u0101m. Tas ir viegli regul\u0113jams no vertik\u0101la st\u0101vok\u013ca horizont\u0101l\u0101 st\u0101vokl\u012b un kompakti saliekams (salikta molberta izm\u0113rs 48x37cm). Molberts paredz\u0113ts l\u012bdz 54cm audekla nostiprin\u0101\u0161anai gan aug\u0161da\u013c\u0101, gan apak\u0161da\u013c\u0101. Tas lieliski piem\u0113rots ski\u010du z\u012bm\u0113\u0161anai, darbam ar paste\u013ckr\u0101s\u0101m un m\u0101kslas darbu, gr\u0101matu un inform\u0101cijas materi\u0101lu izst\u0101d\u012b\u0161anai galerij\u0101s, studij\u0101s un m\u0101kslas gadatirgos. Molberts ir izgatavots no e\u013c\u013cota di\u017esk\u0101b\u0101r\u017ea, tas ir viegls (2.1kg) un \u0113rti p\u0101rn\u0113s\u0101jams.\" \/>\n<meta property=\"og:url\" content=\"https:\/\/hobstop.ee\/lv\/produkts\/molberts-mabef-m34\/\" \/>\n<meta property=\"og:site_name\" content=\"Skizze\" \/>\n<meta property=\"article:publisher\" content=\"http:\/\/www.facebook.com\/VunderSkizze\" \/>\n<meta property=\"og:image\" content=\"https:\/\/hobstop.ee\/media\/1201.jpg\" \/>\n\t<meta property=\"og:image:width\" content=\"1024\" \/>\n\t<meta property=\"og:image:height\" content=\"768\" \/>\n\t<meta property=\"og:image:type\" content=\"image\/jpeg\" \/>\n<meta name=\"twitter:card\" content=\"summary_large_image\" \/>\n<meta name=\"twitter:label1\" content=\"Est. reading time\" \/>\n\t<meta name=\"twitter:data1\" content=\"1 min\u016b\u0161u\" \/>\n<script type=\"application\/ld+json\" class=\"yoast-schema-graph\">{\"@context\":\"https:\/\/schema.org\",\"@graph\":[{\"@type\":\"WebPage\",\"@id\":\"https:\/\/hobstop.ee\/lv\/produkts\/molberts-mabef-m34\/\",\"url\":\"https:\/\/hobstop.ee\/lv\/produkts\/molberts-mabef-m34\/\",\"name\":\"Molberts Mabef M34 &#8211; Skizze\",\"isPartOf\":{\"@id\":\"https:\/\/hobstop.ee\/lv\/#website\"},\"primaryImageOfPage\":{\"@id\":\"https:\/\/hobstop.ee\/lv\/produkts\/molberts-mabef-m34\/#primaryimage\"},\"image\":{\"@id\":\"https:\/\/hobstop.ee\/lv\/produkts\/molberts-mabef-m34\/#primaryimage\"},\"thumbnailUrl\":\"https:\/\/hobstop.ee\/media\/1201.jpg\",\"datePublished\":\"2015-08-01T12:06:36+00:00\",\"dateModified\":\"2015-08-01T12:06:36+00:00\",\"breadcrumb\":{\"@id\":\"https:\/\/hobstop.ee\/lv\/produkts\/molberts-mabef-m34\/#breadcrumb\"},\"inLanguage\":\"lv-LV\",\"potentialAction\":[{\"@type\":\"ReadAction\",\"target\":[\"https:\/\/hobstop.ee\/lv\/produkts\/molberts-mabef-m34\/\"]}]},{\"@type\":\"ImageObject\",\"inLanguage\":\"lv-LV\",\"@id\":\"https:\/\/hobstop.ee\/lv\/produkts\/molberts-mabef-m34\/#primaryimage\",\"url\":\"https:\/\/hobstop.ee\/media\/1201.jpg\",\"contentUrl\":\"https:\/\/hobstop.ee\/media\/1201.jpg\",\"width\":1024,\"height\":768},{\"@type\":\"BreadcrumbList\",\"@id\":\"https:\/\/hobstop.ee\/lv\/produkts\/molberts-mabef-m34\/#breadcrumb\",\"itemListElement\":[{\"@type\":\"ListItem\",\"position\":1,\"name\":\"Avaleht\",\"item\":\"https:\/\/www.hobstop.ee\/lv\/\"},{\"@type\":\"ListItem\",\"position\":2,\"name\":\"Veikals\",\"item\":\"https:\/\/www.hobstop.ee\/lv\/veikals\/\"},{\"@type\":\"ListItem\",\"position\":3,\"name\":\"Molberts Mabef M34\"}]},{\"@type\":\"WebSite\",\"@id\":\"https:\/\/hobstop.ee\/lv\/#website\",\"url\":\"https:\/\/hobstop.ee\/lv\/\",\"name\":\"Skizze\",\"description\":\"M\u0101kslas, hobiju un skolas preces\",\"publisher\":{\"@id\":\"https:\/\/hobstop.ee\/lv\/#organization\"},\"potentialAction\":[{\"@type\":\"SearchAction\",\"target\":{\"@type\":\"EntryPoint\",\"urlTemplate\":\"https:\/\/hobstop.ee\/lv\/?s={search_term_string}\"},\"query-input\":{\"@type\":\"PropertyValueSpecification\",\"valueRequired\":true,\"valueName\":\"search_term_string\"}}],\"inLanguage\":\"lv-LV\"},{\"@type\":\"Organization\",\"@id\":\"https:\/\/hobstop.ee\/lv\/#organization\",\"name\":\"Vunder AS\",\"url\":\"https:\/\/hobstop.ee\/lv\/\",\"logo\":{\"@type\":\"ImageObject\",\"inLanguage\":\"lv-LV\",\"@id\":\"https:\/\/hobstop.ee\/lv\/#\/schema\/logo\/image\/\",\"url\":\"https:\/\/hobstop.ee\/media\/vunder-logo.png\",\"contentUrl\":\"https:\/\/hobstop.ee\/media\/vunder-logo.png\",\"width\":127,\"height\":55,\"caption\":\"Vunder AS\"},\"image\":{\"@id\":\"https:\/\/hobstop.ee\/lv\/#\/schema\/logo\/image\/\"},\"sameAs\":[\"http:\/\/www.facebook.com\/VunderSkizze\"]}]}<\/script>\n<!-- \/ Yoast SEO plugin. -->","yoast_head_json":{"title":"Molberts Mabef M34 &#8211; Skizze","robots":{"index":"noindex","follow":"follow","max-snippet":"max-snippet:-1","max-image-preview":"max-image-preview:large","max-video-preview":"max-video-preview:-1"},"og_locale":"lv_LV","og_type":"article","og_title":"Molberts Mabef M34 &#8211; Skizze","og_description":"MABEF M34 Lecturn ir \u013coti iztur\u012bgs galda molberts, ko var lietot uz vis\u0101m l\u012bdzen\u0101m virsm\u0101m. Tas ir viegli regul\u0113jams no vertik\u0101la st\u0101vok\u013ca horizont\u0101l\u0101 st\u0101vokl\u012b un kompakti saliekams (salikta molberta izm\u0113rs 48x37cm). Molberts paredz\u0113ts l\u012bdz 54cm audekla nostiprin\u0101\u0161anai gan aug\u0161da\u013c\u0101, gan apak\u0161da\u013c\u0101. Tas lieliski piem\u0113rots ski\u010du z\u012bm\u0113\u0161anai, darbam ar paste\u013ckr\u0101s\u0101m un m\u0101kslas darbu, gr\u0101matu un inform\u0101cijas materi\u0101lu izst\u0101d\u012b\u0161anai galerij\u0101s, studij\u0101s un m\u0101kslas gadatirgos. Molberts ir izgatavots no e\u013c\u013cota di\u017esk\u0101b\u0101r\u017ea, tas ir viegls (2.1kg) un \u0113rti p\u0101rn\u0113s\u0101jams.","og_url":"https:\/\/hobstop.ee\/lv\/produkts\/molberts-mabef-m34\/","og_site_name":"Skizze","article_publisher":"http:\/\/www.facebook.com\/VunderSkizze","og_image":[{"width":1024,"height":768,"url":"https:\/\/hobstop.ee\/media\/1201.jpg","type":"image\/jpeg"}],"twitter_card":"summary_large_image","twitter_misc":{"Est. reading time":"1 min\u016b\u0161u"},"schema":{"@context":"https:\/\/schema.org","@graph":[{"@type":"WebPage","@id":"https:\/\/hobstop.ee\/lv\/produkts\/molberts-mabef-m34\/","url":"https:\/\/hobstop.ee\/lv\/produkts\/molberts-mabef-m34\/","name":"Molberts Mabef M34 &#8211; Skizze","isPartOf":{"@id":"https:\/\/hobstop.ee\/lv\/#website"},"primaryImageOfPage":{"@id":"https:\/\/hobstop.ee\/lv\/produkts\/molberts-mabef-m34\/#primaryimage"},"image":{"@id":"https:\/\/hobstop.ee\/lv\/produkts\/molberts-mabef-m34\/#primaryimage"},"thumbnailUrl":"https:\/\/hobstop.ee\/media\/1201.jpg","datePublished":"2015-08-01T12:06:36+00:00","dateModified":"2015-08-01T12:06:36+00:00","breadcrumb":{"@id":"https:\/\/hobstop.ee\/lv\/produkts\/molberts-mabef-m34\/#breadcrumb"},"inLanguage":"lv-LV","potentialAction":[{"@type":"ReadAction","target":["https:\/\/hobstop.ee\/lv\/produkts\/molberts-mabef-m34\/"]}]},{"@type":"ImageObject","inLanguage":"lv-LV","@id":"https:\/\/hobstop.ee\/lv\/produkts\/molberts-mabef-m34\/#primaryimage","url":"https:\/\/hobstop.ee\/media\/1201.jpg","contentUrl":"https:\/\/hobstop.ee\/media\/1201.jpg","width":1024,"height":768},{"@type":"BreadcrumbList","@id":"https:\/\/hobstop.ee\/lv\/produkts\/molberts-mabef-m34\/#breadcrumb","itemListElement":[{"@type":"ListItem","position":1,"name":"Avaleht","item":"https:\/\/www.hobstop.ee\/lv\/"},{"@type":"ListItem","position":2,"name":"Veikals","item":"https:\/\/www.hobstop.ee\/lv\/veikals\/"},{"@type":"ListItem","position":3,"name":"Molberts Mabef M34"}]},{"@type":"WebSite","@id":"https:\/\/hobstop.ee\/lv\/#website","url":"https:\/\/hobstop.ee\/lv\/","name":"Skizze","description":"M\u0101kslas, hobiju un skolas preces","publisher":{"@id":"https:\/\/hobstop.ee\/lv\/#organization"},"potentialAction":[{"@type":"SearchAction","target":{"@type":"EntryPoint","urlTemplate":"https:\/\/hobstop.ee\/lv\/?s={search_term_string}"},"query-input":{"@type":"PropertyValueSpecification","valueRequired":true,"valueName":"search_term_string"}}],"inLanguage":"lv-LV"},{"@type":"Organization","@id":"https:\/\/hobstop.ee\/lv\/#organization","name":"Vunder AS","url":"https:\/\/hobstop.ee\/lv\/","logo":{"@type":"ImageObject","inLanguage":"lv-LV","@id":"https:\/\/hobstop.ee\/lv\/#\/schema\/logo\/image\/","url":"https:\/\/hobstop.ee\/media\/vunder-logo.png","contentUrl":"https:\/\/hobstop.ee\/media\/vunder-logo.png","width":127,"height":55,"caption":"Vunder AS"},"image":{"@id":"https:\/\/hobstop.ee\/lv\/#\/schema\/logo\/image\/"},"sameAs":["http:\/\/www.facebook.com\/VunderSkizze"]}]}},"_links":{"self":[{"href":"https:\/\/hobstop.ee\/lv\/wp-json\/wp\/v2\/product\/196520","targetHints":{"allow":["GET"]}}],"collection":[{"href":"https:\/\/hobstop.ee\/lv\/wp-json\/wp\/v2\/product"}],"about":[{"href":"https:\/\/hobstop.ee\/lv\/wp-json\/wp\/v2\/types\/product"}],"replies":[{"embeddable":true,"href":"https:\/\/hobstop.ee\/lv\/wp-json\/wp\/v2\/comments?post=196520"}],"wp:featuredmedia":[{"embeddable":true,"href":"https:\/\/hobstop.ee\/lv\/wp-json\/wp\/v2\/media\/144272"}],"wp:attachment":[{"href":"https:\/\/hobstop.ee\/lv\/wp-json\/wp\/v2\/media?parent=196520"}],"wp:term":[{"taxonomy":"product_cat","embeddable":true,"href":"https:\/\/hobstop.ee\/lv\/wp-json\/wp\/v2\/product_cat?post=196520"},{"taxonomy":"product_tag","embeddable":true,"href":"https:\/\/hobstop.ee\/lv\/wp-json\/wp\/v2\/product_tag?post=196520"}],"curies":[{"name":"wp","href":"https:\/\/api.w.org\/{rel}","templated":true}]}}