{"id":196525,"date":"2015-08-01T15:13:46","date_gmt":"2015-08-01T12:13:46","guid":{"rendered":"http:\/\/vunder-ee.sn25.zone.eu\/lv\/product\/pirkstu-krasas-komplekts-giotto-be-be\/"},"modified":"2015-08-01T15:13:46","modified_gmt":"2015-08-01T12:13:46","slug":"pirkstu-krasas-komplekts-giotto-be-be","status":"publish","type":"product","link":"https:\/\/hobstop.ee\/lv\/produkts\/pirkstu-krasas-komplekts-giotto-be-be\/","title":{"rendered":"Pirkstu kr\u0101sas komplekts Giotto be-be"},"content":{"rendered":"<p>Pirksti\u0146kr\u0101sas, piem\u0113rotas \u013coti maziem b\u0113rniem. Spilgtas, dz\u012bvespriec\u012bgas un viegli lietojamas kr\u0101sas. Nekait\u012bgas un dermatolo\u0123iski p\u0101rbaud\u012btas. Nomazg\u0101jamas no \u0101das ar siltu \u016bdeni.<\/p>\n<p>Komplekt\u0101 ietilpst:<br \/>\n3x100ml pirksti\u0146kr\u0101sas (zila, dzeltena, sarkana)<br \/>\nPriek\u0161auts<br \/>\n3 s\u016bkl\u012b\u0161i<\/p>\n","protected":false},"excerpt":{"rendered":"<p>Pirksti\u0146kr\u0101sas, piem\u0113rotas \u013coti maziem b\u0113rniem. Spilgtas, dz\u012bvespriec\u012bgas un viegli lietojamas kr\u0101sas. Nekait\u012bgas un dermatolo\u0123iski p\u0101rbaud\u012btas. Nomazg\u0101jamas no \u0101das ar siltu \u016bdeni. Komplekt\u0101 ietilpst: 3x100ml pirksti\u0146kr\u0101sas (zila, dzeltena, sarkana) Priek\u0161auts 3 s\u016bkl\u012b\u0161i<\/p>\n","protected":false},"featured_media":0,"comment_status":"closed","ping_status":"closed","template":"","meta":{"_acf_changed":false,"ep_exclude_from_search":false},"product_cat":[19835,20398,20389],"product_tag":[],"class_list":{"0":"post-196525","1":"product","2":"type-product","3":"status-publish","5":"product_cat-bernu-brivais-laiks","6":"product_cat-dazai","7":"product_cat-makslas-piederumi-3","9":"first","10":"outofstock","11":"sale","12":"taxable","13":"shipping-taxable","14":"purchasable","15":"product-type-variable"},"acf":[],"yoast_head":"<!-- This site is optimized with the Yoast SEO plugin v24.1 - https:\/\/yoast.com\/wordpress\/plugins\/seo\/ -->\n<title>Pirkstu kr\u0101sas komplekts Giotto be-be &#8211; Skizze<\/title>\n<meta name=\"robots\" content=\"noindex, follow, max-snippet:-1, max-image-preview:large, max-video-preview:-1\" \/>\n<meta property=\"og:locale\" content=\"lv_LV\" \/>\n<meta property=\"og:type\" content=\"article\" \/>\n<meta property=\"og:title\" content=\"Pirkstu kr\u0101sas komplekts Giotto be-be &#8211; Skizze\" \/>\n<meta property=\"og:description\" content=\"Pirksti\u0146kr\u0101sas, piem\u0113rotas \u013coti maziem b\u0113rniem. Spilgtas, dz\u012bvespriec\u012bgas un viegli lietojamas kr\u0101sas. Nekait\u012bgas un dermatolo\u0123iski p\u0101rbaud\u012btas. Nomazg\u0101jamas no \u0101das ar siltu \u016bdeni. Komplekt\u0101 ietilpst: 3x100ml pirksti\u0146kr\u0101sas (zila, dzeltena, sarkana) Priek\u0161auts 3 s\u016bkl\u012b\u0161i\" \/>\n<meta property=\"og:url\" content=\"https:\/\/hobstop.ee\/lv\/produkts\/pirkstu-krasas-komplekts-giotto-be-be\/\" \/>\n<meta property=\"og:site_name\" content=\"Skizze\" \/>\n<meta property=\"article:publisher\" content=\"http:\/\/www.facebook.com\/VunderSkizze\" \/>\n<meta name=\"twitter:card\" content=\"summary_large_image\" \/>\n<script type=\"application\/ld+json\" class=\"yoast-schema-graph\">{\"@context\":\"https:\/\/schema.org\",\"@graph\":[{\"@type\":\"WebPage\",\"@id\":\"https:\/\/hobstop.ee\/lv\/produkts\/pirkstu-krasas-komplekts-giotto-be-be\/\",\"url\":\"https:\/\/hobstop.ee\/lv\/produkts\/pirkstu-krasas-komplekts-giotto-be-be\/\",\"name\":\"Pirkstu kr\u0101sas komplekts Giotto be-be &#8211; Skizze\",\"isPartOf\":{\"@id\":\"https:\/\/hobstop.ee\/lv\/#website\"},\"datePublished\":\"2015-08-01T12:13:46+00:00\",\"dateModified\":\"2015-08-01T12:13:46+00:00\",\"breadcrumb\":{\"@id\":\"https:\/\/hobstop.ee\/lv\/produkts\/pirkstu-krasas-komplekts-giotto-be-be\/#breadcrumb\"},\"inLanguage\":\"lv-LV\",\"potentialAction\":[{\"@type\":\"ReadAction\",\"target\":[\"https:\/\/hobstop.ee\/lv\/produkts\/pirkstu-krasas-komplekts-giotto-be-be\/\"]}]},{\"@type\":\"BreadcrumbList\",\"@id\":\"https:\/\/hobstop.ee\/lv\/produkts\/pirkstu-krasas-komplekts-giotto-be-be\/#breadcrumb\",\"itemListElement\":[{\"@type\":\"ListItem\",\"position\":1,\"name\":\"Avaleht\",\"item\":\"https:\/\/hobstop.ee\/lv\/\"},{\"@type\":\"ListItem\",\"position\":2,\"name\":\"Veikals\",\"item\":\"https:\/\/hobstop.ee\/lv\/veikals\/\"},{\"@type\":\"ListItem\",\"position\":3,\"name\":\"Pirkstu kr\u0101sas komplekts Giotto be-be\"}]},{\"@type\":\"WebSite\",\"@id\":\"https:\/\/hobstop.ee\/lv\/#website\",\"url\":\"https:\/\/hobstop.ee\/lv\/\",\"name\":\"Skizze\",\"description\":\"M\u0101kslas, hobiju un skolas preces\",\"publisher\":{\"@id\":\"https:\/\/hobstop.ee\/lv\/#organization\"},\"potentialAction\":[{\"@type\":\"SearchAction\",\"target\":{\"@type\":\"EntryPoint\",\"urlTemplate\":\"https:\/\/hobstop.ee\/lv\/?s={search_term_string}\"},\"query-input\":{\"@type\":\"PropertyValueSpecification\",\"valueRequired\":true,\"valueName\":\"search_term_string\"}}],\"inLanguage\":\"lv-LV\"},{\"@type\":\"Organization\",\"@id\":\"https:\/\/hobstop.ee\/lv\/#organization\",\"name\":\"Vunder AS\",\"url\":\"https:\/\/hobstop.ee\/lv\/\",\"logo\":{\"@type\":\"ImageObject\",\"inLanguage\":\"lv-LV\",\"@id\":\"https:\/\/hobstop.ee\/lv\/#\/schema\/logo\/image\/\",\"url\":\"https:\/\/hobstop.ee\/media\/vunder-logo.png\",\"contentUrl\":\"https:\/\/hobstop.ee\/media\/vunder-logo.png\",\"width\":127,\"height\":55,\"caption\":\"Vunder AS\"},\"image\":{\"@id\":\"https:\/\/hobstop.ee\/lv\/#\/schema\/logo\/image\/\"},\"sameAs\":[\"http:\/\/www.facebook.com\/VunderSkizze\"]}]}<\/script>\n<!-- \/ Yoast SEO plugin. -->","yoast_head_json":{"title":"Pirkstu kr\u0101sas komplekts Giotto be-be &#8211; Skizze","robots":{"index":"noindex","follow":"follow","max-snippet":"max-snippet:-1","max-image-preview":"max-image-preview:large","max-video-preview":"max-video-preview:-1"},"og_locale":"lv_LV","og_type":"article","og_title":"Pirkstu kr\u0101sas komplekts Giotto be-be &#8211; Skizze","og_description":"Pirksti\u0146kr\u0101sas, piem\u0113rotas \u013coti maziem b\u0113rniem. Spilgtas, dz\u012bvespriec\u012bgas un viegli lietojamas kr\u0101sas. Nekait\u012bgas un dermatolo\u0123iski p\u0101rbaud\u012btas. Nomazg\u0101jamas no \u0101das ar siltu \u016bdeni. Komplekt\u0101 ietilpst: 3x100ml pirksti\u0146kr\u0101sas (zila, dzeltena, sarkana) Priek\u0161auts 3 s\u016bkl\u012b\u0161i","og_url":"https:\/\/hobstop.ee\/lv\/produkts\/pirkstu-krasas-komplekts-giotto-be-be\/","og_site_name":"Skizze","article_publisher":"http:\/\/www.facebook.com\/VunderSkizze","twitter_card":"summary_large_image","schema":{"@context":"https:\/\/schema.org","@graph":[{"@type":"WebPage","@id":"https:\/\/hobstop.ee\/lv\/produkts\/pirkstu-krasas-komplekts-giotto-be-be\/","url":"https:\/\/hobstop.ee\/lv\/produkts\/pirkstu-krasas-komplekts-giotto-be-be\/","name":"Pirkstu kr\u0101sas komplekts Giotto be-be &#8211; Skizze","isPartOf":{"@id":"https:\/\/hobstop.ee\/lv\/#website"},"datePublished":"2015-08-01T12:13:46+00:00","dateModified":"2015-08-01T12:13:46+00:00","breadcrumb":{"@id":"https:\/\/hobstop.ee\/lv\/produkts\/pirkstu-krasas-komplekts-giotto-be-be\/#breadcrumb"},"inLanguage":"lv-LV","potentialAction":[{"@type":"ReadAction","target":["https:\/\/hobstop.ee\/lv\/produkts\/pirkstu-krasas-komplekts-giotto-be-be\/"]}]},{"@type":"BreadcrumbList","@id":"https:\/\/hobstop.ee\/lv\/produkts\/pirkstu-krasas-komplekts-giotto-be-be\/#breadcrumb","itemListElement":[{"@type":"ListItem","position":1,"name":"Avaleht","item":"https:\/\/hobstop.ee\/lv\/"},{"@type":"ListItem","position":2,"name":"Veikals","item":"https:\/\/hobstop.ee\/lv\/veikals\/"},{"@type":"ListItem","position":3,"name":"Pirkstu kr\u0101sas komplekts Giotto be-be"}]},{"@type":"WebSite","@id":"https:\/\/hobstop.ee\/lv\/#website","url":"https:\/\/hobstop.ee\/lv\/","name":"Skizze","description":"M\u0101kslas, hobiju un skolas preces","publisher":{"@id":"https:\/\/hobstop.ee\/lv\/#organization"},"potentialAction":[{"@type":"SearchAction","target":{"@type":"EntryPoint","urlTemplate":"https:\/\/hobstop.ee\/lv\/?s={search_term_string}"},"query-input":{"@type":"PropertyValueSpecification","valueRequired":true,"valueName":"search_term_string"}}],"inLanguage":"lv-LV"},{"@type":"Organization","@id":"https:\/\/hobstop.ee\/lv\/#organization","name":"Vunder AS","url":"https:\/\/hobstop.ee\/lv\/","logo":{"@type":"ImageObject","inLanguage":"lv-LV","@id":"https:\/\/hobstop.ee\/lv\/#\/schema\/logo\/image\/","url":"https:\/\/hobstop.ee\/media\/vunder-logo.png","contentUrl":"https:\/\/hobstop.ee\/media\/vunder-logo.png","width":127,"height":55,"caption":"Vunder AS"},"image":{"@id":"https:\/\/hobstop.ee\/lv\/#\/schema\/logo\/image\/"},"sameAs":["http:\/\/www.facebook.com\/VunderSkizze"]}]}},"_links":{"self":[{"href":"https:\/\/hobstop.ee\/lv\/wp-json\/wp\/v2\/product\/196525","targetHints":{"allow":["GET"]}}],"collection":[{"href":"https:\/\/hobstop.ee\/lv\/wp-json\/wp\/v2\/product"}],"about":[{"href":"https:\/\/hobstop.ee\/lv\/wp-json\/wp\/v2\/types\/product"}],"replies":[{"embeddable":true,"href":"https:\/\/hobstop.ee\/lv\/wp-json\/wp\/v2\/comments?post=196525"}],"wp:attachment":[{"href":"https:\/\/hobstop.ee\/lv\/wp-json\/wp\/v2\/media?parent=196525"}],"wp:term":[{"taxonomy":"product_cat","embeddable":true,"href":"https:\/\/hobstop.ee\/lv\/wp-json\/wp\/v2\/product_cat?post=196525"},{"taxonomy":"product_tag","embeddable":true,"href":"https:\/\/hobstop.ee\/lv\/wp-json\/wp\/v2\/product_tag?post=196525"}],"curies":[{"name":"wp","href":"https:\/\/api.w.org\/{rel}","templated":true}]}}