{"id":196756,"date":"2015-08-01T15:46:26","date_gmt":"2015-08-01T12:46:26","guid":{"rendered":"http:\/\/vunder-ee.sn25.zone.eu\/lv\/product\/litografijas-drukasanas-papirs-canson-arches-88-300g\/"},"modified":"2015-08-01T15:46:26","modified_gmt":"2015-08-01T12:46:26","slug":"litografijas-drukasanas-papirs-canson-arches-88-300g","status":"publish","type":"product","link":"https:\/\/hobstop.ee\/lv\/produkts\/litografijas-drukasanas-papirs-canson-arches-88-300g\/","title":{"rendered":"Litogr\u0101fijas druk\u0101\u0161anas pap\u012brs Canson Arches 88 300g"},"content":{"rendered":"<p>Arches drukas pap\u012bra lielisk\u0101s kvalit\u0101tes nosl\u0113pums sl\u0113pjas t\u0101 \u012bpa\u0161aj\u0101 izgatavo\u0161anas proces\u0101, kur\u0101 r\u016bp\u012bgi atlas\u012btas kokvilnas \u0161\u0137iedras tiek kombin\u0113tas ar apa\u013c\u0101s veidnes tehnolo\u0123iju (izgatavots, izmantojot tradicion\u0101l\u0101s iek\u0101rtas, ta\u010du atg\u0101dina ar rok\u0101m izgatavotu pap\u012bru). Arches 88  pap\u012brs 100% sast\u0101v no kokvilnas. T\u0101 izgatavo\u0161an\u0101 nav izmantota ierast\u0101 l\u012bm\u0113\u0161anas metode, pateicoties kam tinte uzs\u016bcas \u012bpa\u0161i \u0101tri un neizpl\u016bst. Pap\u012bram ir \u013coti m\u012bksta un gluda virsma, kas nesatur optisko balin\u0101t\u0101ju piejaukumus.<br \/>\nIde\u0101li piem\u0113rots: trafaretdrukai<br \/>\nPiem\u0113rots ar\u012b: litogr\u0101fijai, fototipijai, reljefa drukai (intaglio), grav\u0113\u0161anai, spiedei, lino-grav\u0113\u0161anai, plat\u012bna vai pal\u0101dija nospiedumiem, z\u012bm\u0113\u0161anai<\/p>\n","protected":false},"excerpt":{"rendered":"<p>Arches drukas pap\u012bra lielisk\u0101s kvalit\u0101tes nosl\u0113pums sl\u0113pjas t\u0101 \u012bpa\u0161aj\u0101 izgatavo\u0161anas proces\u0101, kur\u0101 r\u016bp\u012bgi atlas\u012btas kokvilnas \u0161\u0137iedras tiek kombin\u0113tas ar apa\u013c\u0101s veidnes tehnolo\u0123iju (izgatavots, izmantojot tradicion\u0101l\u0101s iek\u0101rtas, ta\u010du atg\u0101dina ar rok\u0101m izgatavotu pap\u012bru). Arches 88 pap\u012brs 100% sast\u0101v no kokvilnas. T\u0101 izgatavo\u0161an\u0101 nav izmantota ierast\u0101 l\u012bm\u0113\u0161anas metode, pateicoties kam tinte uzs\u016bcas \u012bpa\u0161i \u0101tri un neizpl\u016bst. Pap\u012bram ir \u013coti m\u012bksta un gluda virsma, kas nesatur optisko balin\u0101t\u0101ju piejaukumus. Ide\u0101li piem\u0113rots: trafaretdrukai Piem\u0113rots ar\u012b: litogr\u0101fijai, fototipijai, reljefa drukai (intaglio), grav\u0113\u0161anai, spiedei, lino-grav\u0113\u0161anai, plat\u012bna vai pal\u0101dija nospiedumiem, z\u012bm\u0113\u0161anai<\/p>\n","protected":false},"featured_media":145016,"comment_status":"closed","ping_status":"closed","template":"","meta":{"_acf_changed":false,"ep_exclude_from_search":false},"product_cat":[17992,18943,17921],"product_tag":[],"class_list":{"0":"post-196756","1":"product","2":"type-product","3":"status-publish","4":"has-post-thumbnail","6":"product_cat-drukas-papirs-3","7":"product_cat-makslas-papirs-un-kartons-2","8":"product_cat-papira-izstradajumi","10":"first","11":"instock","12":"taxable","13":"shipping-taxable","14":"purchasable","15":"product-type-variable"},"acf":[],"yoast_head":"<!-- This site is optimized with the Yoast SEO plugin v24.1 - https:\/\/yoast.com\/wordpress\/plugins\/seo\/ -->\n<title>Litogr\u0101fijas druk\u0101\u0161anas pap\u012brs Canson Arches 88 300g &#8211; Skizze<\/title>\n<meta name=\"robots\" content=\"noindex, follow, max-snippet:-1, max-image-preview:large, max-video-preview:-1\" \/>\n<meta property=\"og:locale\" content=\"lv_LV\" \/>\n<meta property=\"og:type\" content=\"article\" \/>\n<meta property=\"og:title\" content=\"Litogr\u0101fijas druk\u0101\u0161anas pap\u012brs Canson Arches 88 300g &#8211; Skizze\" \/>\n<meta property=\"og:description\" content=\"Arches drukas pap\u012bra lielisk\u0101s kvalit\u0101tes nosl\u0113pums sl\u0113pjas t\u0101 \u012bpa\u0161aj\u0101 izgatavo\u0161anas proces\u0101, kur\u0101 r\u016bp\u012bgi atlas\u012btas kokvilnas \u0161\u0137iedras tiek kombin\u0113tas ar apa\u013c\u0101s veidnes tehnolo\u0123iju (izgatavots, izmantojot tradicion\u0101l\u0101s iek\u0101rtas, ta\u010du atg\u0101dina ar rok\u0101m izgatavotu pap\u012bru). Arches 88 pap\u012brs 100% sast\u0101v no kokvilnas. T\u0101 izgatavo\u0161an\u0101 nav izmantota ierast\u0101 l\u012bm\u0113\u0161anas metode, pateicoties kam tinte uzs\u016bcas \u012bpa\u0161i \u0101tri un neizpl\u016bst. Pap\u012bram ir \u013coti m\u012bksta un gluda virsma, kas nesatur optisko balin\u0101t\u0101ju piejaukumus. Ide\u0101li piem\u0113rots: trafaretdrukai Piem\u0113rots ar\u012b: litogr\u0101fijai, fototipijai, reljefa drukai (intaglio), grav\u0113\u0161anai, spiedei, lino-grav\u0113\u0161anai, plat\u012bna vai pal\u0101dija nospiedumiem, z\u012bm\u0113\u0161anai\" \/>\n<meta property=\"og:url\" content=\"https:\/\/hobstop.ee\/lv\/produkts\/litografijas-drukasanas-papirs-canson-arches-88-300g\/\" \/>\n<meta property=\"og:site_name\" content=\"Skizze\" \/>\n<meta property=\"article:publisher\" content=\"http:\/\/www.facebook.com\/VunderSkizze\" \/>\n<meta property=\"og:image\" content=\"https:\/\/hobstop.ee\/media\/1814.jpg\" \/>\n\t<meta property=\"og:image:width\" content=\"1024\" \/>\n\t<meta property=\"og:image:height\" content=\"768\" \/>\n\t<meta property=\"og:image:type\" content=\"image\/jpeg\" \/>\n<meta name=\"twitter:card\" content=\"summary_large_image\" \/>\n<meta name=\"twitter:label1\" content=\"Est. reading time\" \/>\n\t<meta name=\"twitter:data1\" content=\"1 min\u016b\u0161u\" \/>\n<script type=\"application\/ld+json\" class=\"yoast-schema-graph\">{\"@context\":\"https:\/\/schema.org\",\"@graph\":[{\"@type\":\"WebPage\",\"@id\":\"https:\/\/hobstop.ee\/lv\/produkts\/litografijas-drukasanas-papirs-canson-arches-88-300g\/\",\"url\":\"https:\/\/hobstop.ee\/lv\/produkts\/litografijas-drukasanas-papirs-canson-arches-88-300g\/\",\"name\":\"Litogr\u0101fijas druk\u0101\u0161anas pap\u012brs Canson Arches 88 300g &#8211; Skizze\",\"isPartOf\":{\"@id\":\"https:\/\/hobstop.ee\/lv\/#website\"},\"primaryImageOfPage\":{\"@id\":\"https:\/\/hobstop.ee\/lv\/produkts\/litografijas-drukasanas-papirs-canson-arches-88-300g\/#primaryimage\"},\"image\":{\"@id\":\"https:\/\/hobstop.ee\/lv\/produkts\/litografijas-drukasanas-papirs-canson-arches-88-300g\/#primaryimage\"},\"thumbnailUrl\":\"https:\/\/hobstop.ee\/media\/1814.jpg\",\"datePublished\":\"2015-08-01T12:46:26+00:00\",\"dateModified\":\"2015-08-01T12:46:26+00:00\",\"breadcrumb\":{\"@id\":\"https:\/\/hobstop.ee\/lv\/produkts\/litografijas-drukasanas-papirs-canson-arches-88-300g\/#breadcrumb\"},\"inLanguage\":\"lv-LV\",\"potentialAction\":[{\"@type\":\"ReadAction\",\"target\":[\"https:\/\/hobstop.ee\/lv\/produkts\/litografijas-drukasanas-papirs-canson-arches-88-300g\/\"]}]},{\"@type\":\"ImageObject\",\"inLanguage\":\"lv-LV\",\"@id\":\"https:\/\/hobstop.ee\/lv\/produkts\/litografijas-drukasanas-papirs-canson-arches-88-300g\/#primaryimage\",\"url\":\"https:\/\/hobstop.ee\/media\/1814.jpg\",\"contentUrl\":\"https:\/\/hobstop.ee\/media\/1814.jpg\",\"width\":1024,\"height\":768},{\"@type\":\"BreadcrumbList\",\"@id\":\"https:\/\/hobstop.ee\/lv\/produkts\/litografijas-drukasanas-papirs-canson-arches-88-300g\/#breadcrumb\",\"itemListElement\":[{\"@type\":\"ListItem\",\"position\":1,\"name\":\"Avaleht\",\"item\":\"https:\/\/www.hobstop.ee\/lv\/\"},{\"@type\":\"ListItem\",\"position\":2,\"name\":\"Veikals\",\"item\":\"https:\/\/www.hobstop.ee\/lv\/veikals\/\"},{\"@type\":\"ListItem\",\"position\":3,\"name\":\"Litogr\u0101fijas druk\u0101\u0161anas pap\u012brs Canson Arches 88 300g\"}]},{\"@type\":\"WebSite\",\"@id\":\"https:\/\/hobstop.ee\/lv\/#website\",\"url\":\"https:\/\/hobstop.ee\/lv\/\",\"name\":\"Skizze\",\"description\":\"M\u0101kslas, hobiju un skolas preces\",\"publisher\":{\"@id\":\"https:\/\/hobstop.ee\/lv\/#organization\"},\"potentialAction\":[{\"@type\":\"SearchAction\",\"target\":{\"@type\":\"EntryPoint\",\"urlTemplate\":\"https:\/\/hobstop.ee\/lv\/?s={search_term_string}\"},\"query-input\":{\"@type\":\"PropertyValueSpecification\",\"valueRequired\":true,\"valueName\":\"search_term_string\"}}],\"inLanguage\":\"lv-LV\"},{\"@type\":\"Organization\",\"@id\":\"https:\/\/hobstop.ee\/lv\/#organization\",\"name\":\"Vunder AS\",\"url\":\"https:\/\/hobstop.ee\/lv\/\",\"logo\":{\"@type\":\"ImageObject\",\"inLanguage\":\"lv-LV\",\"@id\":\"https:\/\/hobstop.ee\/lv\/#\/schema\/logo\/image\/\",\"url\":\"https:\/\/hobstop.ee\/media\/vunder-logo.png\",\"contentUrl\":\"https:\/\/hobstop.ee\/media\/vunder-logo.png\",\"width\":127,\"height\":55,\"caption\":\"Vunder AS\"},\"image\":{\"@id\":\"https:\/\/hobstop.ee\/lv\/#\/schema\/logo\/image\/\"},\"sameAs\":[\"http:\/\/www.facebook.com\/VunderSkizze\"]}]}<\/script>\n<!-- \/ Yoast SEO plugin. -->","yoast_head_json":{"title":"Litogr\u0101fijas druk\u0101\u0161anas pap\u012brs Canson Arches 88 300g &#8211; Skizze","robots":{"index":"noindex","follow":"follow","max-snippet":"max-snippet:-1","max-image-preview":"max-image-preview:large","max-video-preview":"max-video-preview:-1"},"og_locale":"lv_LV","og_type":"article","og_title":"Litogr\u0101fijas druk\u0101\u0161anas pap\u012brs Canson Arches 88 300g &#8211; Skizze","og_description":"Arches drukas pap\u012bra lielisk\u0101s kvalit\u0101tes nosl\u0113pums sl\u0113pjas t\u0101 \u012bpa\u0161aj\u0101 izgatavo\u0161anas proces\u0101, kur\u0101 r\u016bp\u012bgi atlas\u012btas kokvilnas \u0161\u0137iedras tiek kombin\u0113tas ar apa\u013c\u0101s veidnes tehnolo\u0123iju (izgatavots, izmantojot tradicion\u0101l\u0101s iek\u0101rtas, ta\u010du atg\u0101dina ar rok\u0101m izgatavotu pap\u012bru). Arches 88 pap\u012brs 100% sast\u0101v no kokvilnas. T\u0101 izgatavo\u0161an\u0101 nav izmantota ierast\u0101 l\u012bm\u0113\u0161anas metode, pateicoties kam tinte uzs\u016bcas \u012bpa\u0161i \u0101tri un neizpl\u016bst. Pap\u012bram ir \u013coti m\u012bksta un gluda virsma, kas nesatur optisko balin\u0101t\u0101ju piejaukumus. Ide\u0101li piem\u0113rots: trafaretdrukai Piem\u0113rots ar\u012b: litogr\u0101fijai, fototipijai, reljefa drukai (intaglio), grav\u0113\u0161anai, spiedei, lino-grav\u0113\u0161anai, plat\u012bna vai pal\u0101dija nospiedumiem, z\u012bm\u0113\u0161anai","og_url":"https:\/\/hobstop.ee\/lv\/produkts\/litografijas-drukasanas-papirs-canson-arches-88-300g\/","og_site_name":"Skizze","article_publisher":"http:\/\/www.facebook.com\/VunderSkizze","og_image":[{"width":1024,"height":768,"url":"https:\/\/hobstop.ee\/media\/1814.jpg","type":"image\/jpeg"}],"twitter_card":"summary_large_image","twitter_misc":{"Est. reading time":"1 min\u016b\u0161u"},"schema":{"@context":"https:\/\/schema.org","@graph":[{"@type":"WebPage","@id":"https:\/\/hobstop.ee\/lv\/produkts\/litografijas-drukasanas-papirs-canson-arches-88-300g\/","url":"https:\/\/hobstop.ee\/lv\/produkts\/litografijas-drukasanas-papirs-canson-arches-88-300g\/","name":"Litogr\u0101fijas druk\u0101\u0161anas pap\u012brs Canson Arches 88 300g &#8211; Skizze","isPartOf":{"@id":"https:\/\/hobstop.ee\/lv\/#website"},"primaryImageOfPage":{"@id":"https:\/\/hobstop.ee\/lv\/produkts\/litografijas-drukasanas-papirs-canson-arches-88-300g\/#primaryimage"},"image":{"@id":"https:\/\/hobstop.ee\/lv\/produkts\/litografijas-drukasanas-papirs-canson-arches-88-300g\/#primaryimage"},"thumbnailUrl":"https:\/\/hobstop.ee\/media\/1814.jpg","datePublished":"2015-08-01T12:46:26+00:00","dateModified":"2015-08-01T12:46:26+00:00","breadcrumb":{"@id":"https:\/\/hobstop.ee\/lv\/produkts\/litografijas-drukasanas-papirs-canson-arches-88-300g\/#breadcrumb"},"inLanguage":"lv-LV","potentialAction":[{"@type":"ReadAction","target":["https:\/\/hobstop.ee\/lv\/produkts\/litografijas-drukasanas-papirs-canson-arches-88-300g\/"]}]},{"@type":"ImageObject","inLanguage":"lv-LV","@id":"https:\/\/hobstop.ee\/lv\/produkts\/litografijas-drukasanas-papirs-canson-arches-88-300g\/#primaryimage","url":"https:\/\/hobstop.ee\/media\/1814.jpg","contentUrl":"https:\/\/hobstop.ee\/media\/1814.jpg","width":1024,"height":768},{"@type":"BreadcrumbList","@id":"https:\/\/hobstop.ee\/lv\/produkts\/litografijas-drukasanas-papirs-canson-arches-88-300g\/#breadcrumb","itemListElement":[{"@type":"ListItem","position":1,"name":"Avaleht","item":"https:\/\/www.hobstop.ee\/lv\/"},{"@type":"ListItem","position":2,"name":"Veikals","item":"https:\/\/www.hobstop.ee\/lv\/veikals\/"},{"@type":"ListItem","position":3,"name":"Litogr\u0101fijas druk\u0101\u0161anas pap\u012brs Canson Arches 88 300g"}]},{"@type":"WebSite","@id":"https:\/\/hobstop.ee\/lv\/#website","url":"https:\/\/hobstop.ee\/lv\/","name":"Skizze","description":"M\u0101kslas, hobiju un skolas preces","publisher":{"@id":"https:\/\/hobstop.ee\/lv\/#organization"},"potentialAction":[{"@type":"SearchAction","target":{"@type":"EntryPoint","urlTemplate":"https:\/\/hobstop.ee\/lv\/?s={search_term_string}"},"query-input":{"@type":"PropertyValueSpecification","valueRequired":true,"valueName":"search_term_string"}}],"inLanguage":"lv-LV"},{"@type":"Organization","@id":"https:\/\/hobstop.ee\/lv\/#organization","name":"Vunder AS","url":"https:\/\/hobstop.ee\/lv\/","logo":{"@type":"ImageObject","inLanguage":"lv-LV","@id":"https:\/\/hobstop.ee\/lv\/#\/schema\/logo\/image\/","url":"https:\/\/hobstop.ee\/media\/vunder-logo.png","contentUrl":"https:\/\/hobstop.ee\/media\/vunder-logo.png","width":127,"height":55,"caption":"Vunder AS"},"image":{"@id":"https:\/\/hobstop.ee\/lv\/#\/schema\/logo\/image\/"},"sameAs":["http:\/\/www.facebook.com\/VunderSkizze"]}]}},"_links":{"self":[{"href":"https:\/\/hobstop.ee\/lv\/wp-json\/wp\/v2\/product\/196756","targetHints":{"allow":["GET"]}}],"collection":[{"href":"https:\/\/hobstop.ee\/lv\/wp-json\/wp\/v2\/product"}],"about":[{"href":"https:\/\/hobstop.ee\/lv\/wp-json\/wp\/v2\/types\/product"}],"replies":[{"embeddable":true,"href":"https:\/\/hobstop.ee\/lv\/wp-json\/wp\/v2\/comments?post=196756"}],"wp:featuredmedia":[{"embeddable":true,"href":"https:\/\/hobstop.ee\/lv\/wp-json\/wp\/v2\/media\/145016"}],"wp:attachment":[{"href":"https:\/\/hobstop.ee\/lv\/wp-json\/wp\/v2\/media?parent=196756"}],"wp:term":[{"taxonomy":"product_cat","embeddable":true,"href":"https:\/\/hobstop.ee\/lv\/wp-json\/wp\/v2\/product_cat?post=196756"},{"taxonomy":"product_tag","embeddable":true,"href":"https:\/\/hobstop.ee\/lv\/wp-json\/wp\/v2\/product_tag?post=196756"}],"curies":[{"name":"wp","href":"https:\/\/api.w.org\/{rel}","templated":true}]}}