{"id":196873,"date":"2015-08-01T16:35:02","date_gmt":"2015-08-01T13:35:02","guid":{"rendered":"http:\/\/vunder-ee.sn25.zone.eu\/lv\/product\/veidosanas-piederumi-48gab\/"},"modified":"2015-08-01T16:35:02","modified_gmt":"2015-08-01T13:35:02","slug":"veidosanas-piederumi-das","status":"publish","type":"product","link":"https:\/\/hobstop.ee\/lv\/produkts\/veidosanas-piederumi-das\/","title":{"rendered":"Veido\u0161anas piederumi DAS"},"content":{"rendered":"<p>Da\u017ei pal\u012bgl\u012bdzek\u013ci, kas pal\u012bdz\u0113s \u012bstenot tavas idejas! Pateicoties Das piederumiem, l\u0101psti\u0146\u0101m un naz\u012b\u0161iem, veido\u0161ana ir k\u013cuvusi patiesi \u0113rta un vienk\u0101r\u0161a. \u0160ie speci\u0101lie r\u012bki pal\u012bdz\u0113s pie\u0161\u0137ir tav\u0101m idej\u0101m v\u0113lamo formu un dizainu!<\/p>\n","protected":false},"excerpt":{"rendered":"<p>Da\u017ei pal\u012bgl\u012bdzek\u013ci, kas pal\u012bdz\u0113s \u012bstenot tavas idejas! Pateicoties Das piederumiem, l\u0101psti\u0146\u0101m un naz\u012b\u0161iem, veido\u0161ana ir k\u013cuvusi patiesi \u0113rta un vienk\u0101r\u0161a. \u0160ie speci\u0101lie r\u012bki pal\u012bdz\u0113s pie\u0161\u0137ir tav\u0101m idej\u0101m v\u0113lamo formu un dizainu!<\/p>\n","protected":false},"featured_media":145308,"comment_status":"closed","ping_status":"closed","template":"","meta":{"_acf_changed":false,"ep_exclude_from_search":false},"product_cat":[18191,17918,20086],"product_tag":[],"class_list":{"0":"post-196873","1":"product","2":"type-product","3":"status-publish","4":"has-post-thumbnail","6":"product_cat-mali-2","7":"product_cat-preces-hobijiem","8":"product_cat-veidosanas-masas-un-piederumi-2","10":"first","11":"outofstock","12":"taxable","13":"shipping-taxable","14":"purchasable","15":"product-type-variable"},"acf":[],"yoast_head":"<!-- This site is optimized with the Yoast SEO plugin v24.1 - https:\/\/yoast.com\/wordpress\/plugins\/seo\/ -->\n<title>Veido\u0161anas piederumi DAS &#8211; Skizze<\/title>\n<meta name=\"robots\" content=\"noindex, follow, max-snippet:-1, max-image-preview:large, max-video-preview:-1\" \/>\n<meta property=\"og:locale\" content=\"lv_LV\" \/>\n<meta property=\"og:type\" content=\"article\" \/>\n<meta property=\"og:title\" content=\"Veido\u0161anas piederumi DAS &#8211; Skizze\" \/>\n<meta property=\"og:description\" content=\"Da\u017ei pal\u012bgl\u012bdzek\u013ci, kas pal\u012bdz\u0113s \u012bstenot tavas idejas! Pateicoties Das piederumiem, l\u0101psti\u0146\u0101m un naz\u012b\u0161iem, veido\u0161ana ir k\u013cuvusi patiesi \u0113rta un vienk\u0101r\u0161a. \u0160ie speci\u0101lie r\u012bki pal\u012bdz\u0113s pie\u0161\u0137ir tav\u0101m idej\u0101m v\u0113lamo formu un dizainu!\" \/>\n<meta property=\"og:url\" content=\"https:\/\/hobstop.ee\/lv\/produkts\/veidosanas-piederumi-das\/\" \/>\n<meta property=\"og:site_name\" content=\"Skizze\" \/>\n<meta property=\"article:publisher\" content=\"http:\/\/www.facebook.com\/VunderSkizze\" \/>\n<meta property=\"og:image\" content=\"https:\/\/hobstop.ee\/media\/2034.jpg\" \/>\n\t<meta property=\"og:image:width\" content=\"1024\" \/>\n\t<meta property=\"og:image:height\" content=\"768\" \/>\n\t<meta property=\"og:image:type\" content=\"image\/jpeg\" \/>\n<meta name=\"twitter:card\" content=\"summary_large_image\" \/>\n<script type=\"application\/ld+json\" class=\"yoast-schema-graph\">{\"@context\":\"https:\/\/schema.org\",\"@graph\":[{\"@type\":\"WebPage\",\"@id\":\"https:\/\/hobstop.ee\/lv\/produkts\/veidosanas-piederumi-das\/\",\"url\":\"https:\/\/hobstop.ee\/lv\/produkts\/veidosanas-piederumi-das\/\",\"name\":\"Veido\u0161anas piederumi DAS &#8211; Skizze\",\"isPartOf\":{\"@id\":\"https:\/\/hobstop.ee\/lv\/#website\"},\"primaryImageOfPage\":{\"@id\":\"https:\/\/hobstop.ee\/lv\/produkts\/veidosanas-piederumi-das\/#primaryimage\"},\"image\":{\"@id\":\"https:\/\/hobstop.ee\/lv\/produkts\/veidosanas-piederumi-das\/#primaryimage\"},\"thumbnailUrl\":\"https:\/\/hobstop.ee\/media\/2034.jpg\",\"datePublished\":\"2015-08-01T13:35:02+00:00\",\"dateModified\":\"2015-08-01T13:35:02+00:00\",\"breadcrumb\":{\"@id\":\"https:\/\/hobstop.ee\/lv\/produkts\/veidosanas-piederumi-das\/#breadcrumb\"},\"inLanguage\":\"lv-LV\",\"potentialAction\":[{\"@type\":\"ReadAction\",\"target\":[\"https:\/\/hobstop.ee\/lv\/produkts\/veidosanas-piederumi-das\/\"]}]},{\"@type\":\"ImageObject\",\"inLanguage\":\"lv-LV\",\"@id\":\"https:\/\/hobstop.ee\/lv\/produkts\/veidosanas-piederumi-das\/#primaryimage\",\"url\":\"https:\/\/hobstop.ee\/media\/2034.jpg\",\"contentUrl\":\"https:\/\/hobstop.ee\/media\/2034.jpg\",\"width\":1024,\"height\":768},{\"@type\":\"BreadcrumbList\",\"@id\":\"https:\/\/hobstop.ee\/lv\/produkts\/veidosanas-piederumi-das\/#breadcrumb\",\"itemListElement\":[{\"@type\":\"ListItem\",\"position\":1,\"name\":\"Avaleht\",\"item\":\"https:\/\/hobstop.ee\/lv\/\"},{\"@type\":\"ListItem\",\"position\":2,\"name\":\"Veikals\",\"item\":\"https:\/\/hobstop.ee\/lv\/veikals\/\"},{\"@type\":\"ListItem\",\"position\":3,\"name\":\"Veido\u0161anas piederumi DAS\"}]},{\"@type\":\"WebSite\",\"@id\":\"https:\/\/hobstop.ee\/lv\/#website\",\"url\":\"https:\/\/hobstop.ee\/lv\/\",\"name\":\"Skizze\",\"description\":\"M\u0101kslas, hobiju un skolas preces\",\"publisher\":{\"@id\":\"https:\/\/hobstop.ee\/lv\/#organization\"},\"potentialAction\":[{\"@type\":\"SearchAction\",\"target\":{\"@type\":\"EntryPoint\",\"urlTemplate\":\"https:\/\/hobstop.ee\/lv\/?s={search_term_string}\"},\"query-input\":{\"@type\":\"PropertyValueSpecification\",\"valueRequired\":true,\"valueName\":\"search_term_string\"}}],\"inLanguage\":\"lv-LV\"},{\"@type\":\"Organization\",\"@id\":\"https:\/\/hobstop.ee\/lv\/#organization\",\"name\":\"Vunder AS\",\"url\":\"https:\/\/hobstop.ee\/lv\/\",\"logo\":{\"@type\":\"ImageObject\",\"inLanguage\":\"lv-LV\",\"@id\":\"https:\/\/hobstop.ee\/lv\/#\/schema\/logo\/image\/\",\"url\":\"https:\/\/hobstop.ee\/media\/vunder-logo.png\",\"contentUrl\":\"https:\/\/hobstop.ee\/media\/vunder-logo.png\",\"width\":127,\"height\":55,\"caption\":\"Vunder AS\"},\"image\":{\"@id\":\"https:\/\/hobstop.ee\/lv\/#\/schema\/logo\/image\/\"},\"sameAs\":[\"http:\/\/www.facebook.com\/VunderSkizze\"]}]}<\/script>\n<!-- \/ Yoast SEO plugin. -->","yoast_head_json":{"title":"Veido\u0161anas piederumi DAS &#8211; Skizze","robots":{"index":"noindex","follow":"follow","max-snippet":"max-snippet:-1","max-image-preview":"max-image-preview:large","max-video-preview":"max-video-preview:-1"},"og_locale":"lv_LV","og_type":"article","og_title":"Veido\u0161anas piederumi DAS &#8211; Skizze","og_description":"Da\u017ei pal\u012bgl\u012bdzek\u013ci, kas pal\u012bdz\u0113s \u012bstenot tavas idejas! Pateicoties Das piederumiem, l\u0101psti\u0146\u0101m un naz\u012b\u0161iem, veido\u0161ana ir k\u013cuvusi patiesi \u0113rta un vienk\u0101r\u0161a. \u0160ie speci\u0101lie r\u012bki pal\u012bdz\u0113s pie\u0161\u0137ir tav\u0101m idej\u0101m v\u0113lamo formu un dizainu!","og_url":"https:\/\/hobstop.ee\/lv\/produkts\/veidosanas-piederumi-das\/","og_site_name":"Skizze","article_publisher":"http:\/\/www.facebook.com\/VunderSkizze","og_image":[{"width":1024,"height":768,"url":"https:\/\/hobstop.ee\/media\/2034.jpg","type":"image\/jpeg"}],"twitter_card":"summary_large_image","schema":{"@context":"https:\/\/schema.org","@graph":[{"@type":"WebPage","@id":"https:\/\/hobstop.ee\/lv\/produkts\/veidosanas-piederumi-das\/","url":"https:\/\/hobstop.ee\/lv\/produkts\/veidosanas-piederumi-das\/","name":"Veido\u0161anas piederumi DAS &#8211; Skizze","isPartOf":{"@id":"https:\/\/hobstop.ee\/lv\/#website"},"primaryImageOfPage":{"@id":"https:\/\/hobstop.ee\/lv\/produkts\/veidosanas-piederumi-das\/#primaryimage"},"image":{"@id":"https:\/\/hobstop.ee\/lv\/produkts\/veidosanas-piederumi-das\/#primaryimage"},"thumbnailUrl":"https:\/\/hobstop.ee\/media\/2034.jpg","datePublished":"2015-08-01T13:35:02+00:00","dateModified":"2015-08-01T13:35:02+00:00","breadcrumb":{"@id":"https:\/\/hobstop.ee\/lv\/produkts\/veidosanas-piederumi-das\/#breadcrumb"},"inLanguage":"lv-LV","potentialAction":[{"@type":"ReadAction","target":["https:\/\/hobstop.ee\/lv\/produkts\/veidosanas-piederumi-das\/"]}]},{"@type":"ImageObject","inLanguage":"lv-LV","@id":"https:\/\/hobstop.ee\/lv\/produkts\/veidosanas-piederumi-das\/#primaryimage","url":"https:\/\/hobstop.ee\/media\/2034.jpg","contentUrl":"https:\/\/hobstop.ee\/media\/2034.jpg","width":1024,"height":768},{"@type":"BreadcrumbList","@id":"https:\/\/hobstop.ee\/lv\/produkts\/veidosanas-piederumi-das\/#breadcrumb","itemListElement":[{"@type":"ListItem","position":1,"name":"Avaleht","item":"https:\/\/hobstop.ee\/lv\/"},{"@type":"ListItem","position":2,"name":"Veikals","item":"https:\/\/hobstop.ee\/lv\/veikals\/"},{"@type":"ListItem","position":3,"name":"Veido\u0161anas piederumi DAS"}]},{"@type":"WebSite","@id":"https:\/\/hobstop.ee\/lv\/#website","url":"https:\/\/hobstop.ee\/lv\/","name":"Skizze","description":"M\u0101kslas, hobiju un skolas preces","publisher":{"@id":"https:\/\/hobstop.ee\/lv\/#organization"},"potentialAction":[{"@type":"SearchAction","target":{"@type":"EntryPoint","urlTemplate":"https:\/\/hobstop.ee\/lv\/?s={search_term_string}"},"query-input":{"@type":"PropertyValueSpecification","valueRequired":true,"valueName":"search_term_string"}}],"inLanguage":"lv-LV"},{"@type":"Organization","@id":"https:\/\/hobstop.ee\/lv\/#organization","name":"Vunder AS","url":"https:\/\/hobstop.ee\/lv\/","logo":{"@type":"ImageObject","inLanguage":"lv-LV","@id":"https:\/\/hobstop.ee\/lv\/#\/schema\/logo\/image\/","url":"https:\/\/hobstop.ee\/media\/vunder-logo.png","contentUrl":"https:\/\/hobstop.ee\/media\/vunder-logo.png","width":127,"height":55,"caption":"Vunder AS"},"image":{"@id":"https:\/\/hobstop.ee\/lv\/#\/schema\/logo\/image\/"},"sameAs":["http:\/\/www.facebook.com\/VunderSkizze"]}]}},"_links":{"self":[{"href":"https:\/\/hobstop.ee\/lv\/wp-json\/wp\/v2\/product\/196873","targetHints":{"allow":["GET"]}}],"collection":[{"href":"https:\/\/hobstop.ee\/lv\/wp-json\/wp\/v2\/product"}],"about":[{"href":"https:\/\/hobstop.ee\/lv\/wp-json\/wp\/v2\/types\/product"}],"replies":[{"embeddable":true,"href":"https:\/\/hobstop.ee\/lv\/wp-json\/wp\/v2\/comments?post=196873"}],"wp:featuredmedia":[{"embeddable":true,"href":"https:\/\/hobstop.ee\/lv\/wp-json\/wp\/v2\/media\/145308"}],"wp:attachment":[{"href":"https:\/\/hobstop.ee\/lv\/wp-json\/wp\/v2\/media?parent=196873"}],"wp:term":[{"taxonomy":"product_cat","embeddable":true,"href":"https:\/\/hobstop.ee\/lv\/wp-json\/wp\/v2\/product_cat?post=196873"},{"taxonomy":"product_tag","embeddable":true,"href":"https:\/\/hobstop.ee\/lv\/wp-json\/wp\/v2\/product_tag?post=196873"}],"curies":[{"name":"wp","href":"https:\/\/api.w.org\/{rel}","templated":true}]}}