{"id":196920,"date":"2015-08-01T16:40:43","date_gmt":"2015-08-01T13:40:43","guid":{"rendered":"http:\/\/vunder-ee.sn25.zone.eu\/lv\/product\/zaka-adas-lime-sennelier\/"},"modified":"2015-08-01T16:40:43","modified_gmt":"2015-08-01T13:40:43","slug":"zaka-adas-lime-sennelier","status":"publish","type":"product","link":"https:\/\/hobstop.ee\/lv\/produkts\/zaka-adas-lime-sennelier\/","title":{"rendered":"Za\u0137a \u0101das l\u012bme Sennelier"},"content":{"rendered":"<p>Tru\u0161a \u0101das l\u012bme tiek lietota jau gadsimtiem ilgi. T\u0101 ir ra\u017eota no dz\u012bvnieka \u0101das un kauliem, no kuriem tiek ieg\u016bts kolag\u0113ns \u017eelat\u012bna form\u0101. Tru\u0161a \u0101das l\u012bme, kas liel\u0101koties tiek augstu v\u0113rt\u0113ta, pateicoties t\u0101s stingr\u012bbai un da\u017e\u0101d\u012bbai, ir \u013coti viegli lietojama. Tru\u0161a \u0101das l\u012bmi iesp\u0113jams izmantot gleznas audekla virsmas apstr\u0101dei, k\u0101 saistmateri\u0101lu kr\u0101sai, piem\u0113ram, temperai, k\u0101 saisto\u0161o k\u0101rtu absorb\u0113jo\u0161aj\u0101m virsm\u0101m un k\u0101 pamatk\u0101rtu apzelt\u012b\u0161anai. Papildus t\u0101s daudziem citiem pielieto\u0161anas m\u0113r\u0137iem, to iesp\u0113jams izmantot baltaj\u0101 \u017eelat\u012bn\u0101. Tru\u0161a \u0101das l\u012bme ir \u013coti iztur\u012bga pret e\u013c\u013cu, t\u0101p\u0113c t\u0101 ir tik popul\u0101ra k\u0101 saistviela. T\u0101 ir tik elast\u012bga, ka ar tru\u0161a \u0101du sagatavotu audeklu var rull\u0113t, neradot plaisas.<br \/>\n\u0160\u0137\u012bdiniet tru\u0161a \u0101das l\u012bmi tikai tad, ja t\u0101 ir tikusi m\u0113rc\u0113ta vismaz pusi dienas, tad paaugstiniet l\u012bdz vismaz 37\u00b0C vai augst\u0101kai temperat\u016brai. Lieto\u0161anas laik\u0101 turiet to nedaudz siltu, lai saglab\u0101tu \u0161\u0137idro st\u0101vokli.<\/p>\n","protected":false},"excerpt":{"rendered":"<p>Tru\u0161a \u0101das l\u012bme tiek lietota jau gadsimtiem ilgi. T\u0101 ir ra\u017eota no dz\u012bvnieka \u0101das un kauliem, no kuriem tiek ieg\u016bts kolag\u0113ns \u017eelat\u012bna form\u0101. Tru\u0161a \u0101das l\u012bme, kas liel\u0101koties tiek augstu v\u0113rt\u0113ta, pateicoties t\u0101s stingr\u012bbai un da\u017e\u0101d\u012bbai, ir \u013coti viegli lietojama. Tru\u0161a \u0101das l\u012bmi iesp\u0113jams izmantot gleznas audekla virsmas apstr\u0101dei, k\u0101 saistmateri\u0101lu kr\u0101sai, piem\u0113ram, temperai, k\u0101 saisto\u0161o k\u0101rtu absorb\u0113jo\u0161aj\u0101m virsm\u0101m un k\u0101 pamatk\u0101rtu apzelt\u012b\u0161anai. Papildus t\u0101s daudziem citiem pielieto\u0161anas m\u0113r\u0137iem, to iesp\u0113jams izmantot baltaj\u0101 \u017eelat\u012bn\u0101. Tru\u0161a \u0101das l\u012bme ir \u013coti iztur\u012bga pret e\u013c\u013cu, t\u0101p\u0113c t\u0101 ir tik popul\u0101ra k\u0101 saistviela. T\u0101 ir tik elast\u012bga, ka ar tru\u0161a \u0101du sagatavotu audeklu var rull\u0113t, neradot plaisas. \u0160\u0137\u012bdiniet tru\u0161a \u0101das l\u012bmi tikai tad, ja t\u0101 ir tikusi m\u0113rc\u0113ta vismaz pusi dienas, tad paaugstiniet l\u012bdz vismaz 37\u00b0C vai augst\u0101kai temperat\u016brai. Lieto\u0161anas laik\u0101 turiet to nedaudz siltu, lai saglab\u0101tu \u0161\u0137idro st\u0101vokli.<\/p>\n","protected":false},"featured_media":240865,"comment_status":"closed","ping_status":"closed","template":"","meta":{"_acf_changed":false,"ep_exclude_from_search":false},"product_cat":[18761,17980,16123],"product_tag":[],"class_list":{"0":"post-196920","1":"product","2":"type-product","3":"status-publish","4":"has-post-thumbnail","6":"product_cat-dazadi-30","7":"product_cat-krasas-un-gleznosanas-paligmateriali","8":"product_cat-makslas-piederumi-2","10":"first","11":"outofstock","12":"taxable","13":"shipping-taxable","14":"purchasable","15":"product-type-variable"},"acf":[],"yoast_head":"<!-- This site is optimized with the Yoast SEO plugin v24.1 - https:\/\/yoast.com\/wordpress\/plugins\/seo\/ -->\n<title>Za\u0137a \u0101das l\u012bme Sennelier &#8211; Skizze<\/title>\n<meta name=\"robots\" content=\"noindex, follow, max-snippet:-1, max-image-preview:large, max-video-preview:-1\" \/>\n<meta property=\"og:locale\" content=\"lv_LV\" \/>\n<meta property=\"og:type\" content=\"article\" \/>\n<meta property=\"og:title\" content=\"Za\u0137a \u0101das l\u012bme Sennelier &#8211; Skizze\" \/>\n<meta property=\"og:description\" content=\"Tru\u0161a \u0101das l\u012bme tiek lietota jau gadsimtiem ilgi. T\u0101 ir ra\u017eota no dz\u012bvnieka \u0101das un kauliem, no kuriem tiek ieg\u016bts kolag\u0113ns \u017eelat\u012bna form\u0101. Tru\u0161a \u0101das l\u012bme, kas liel\u0101koties tiek augstu v\u0113rt\u0113ta, pateicoties t\u0101s stingr\u012bbai un da\u017e\u0101d\u012bbai, ir \u013coti viegli lietojama. Tru\u0161a \u0101das l\u012bmi iesp\u0113jams izmantot gleznas audekla virsmas apstr\u0101dei, k\u0101 saistmateri\u0101lu kr\u0101sai, piem\u0113ram, temperai, k\u0101 saisto\u0161o k\u0101rtu absorb\u0113jo\u0161aj\u0101m virsm\u0101m un k\u0101 pamatk\u0101rtu apzelt\u012b\u0161anai. Papildus t\u0101s daudziem citiem pielieto\u0161anas m\u0113r\u0137iem, to iesp\u0113jams izmantot baltaj\u0101 \u017eelat\u012bn\u0101. Tru\u0161a \u0101das l\u012bme ir \u013coti iztur\u012bga pret e\u013c\u013cu, t\u0101p\u0113c t\u0101 ir tik popul\u0101ra k\u0101 saistviela. T\u0101 ir tik elast\u012bga, ka ar tru\u0161a \u0101du sagatavotu audeklu var rull\u0113t, neradot plaisas. \u0160\u0137\u012bdiniet tru\u0161a \u0101das l\u012bmi tikai tad, ja t\u0101 ir tikusi m\u0113rc\u0113ta vismaz pusi dienas, tad paaugstiniet l\u012bdz vismaz 37\u00b0C vai augst\u0101kai temperat\u016brai. Lieto\u0161anas laik\u0101 turiet to nedaudz siltu, lai saglab\u0101tu \u0161\u0137idro st\u0101vokli.\" \/>\n<meta property=\"og:url\" content=\"https:\/\/hobstop.ee\/lv\/produkts\/zaka-adas-lime-sennelier\/\" \/>\n<meta property=\"og:site_name\" content=\"Skizze\" \/>\n<meta property=\"article:publisher\" content=\"http:\/\/www.facebook.com\/VunderSkizze\" \/>\n<meta property=\"og:image\" content=\"https:\/\/hobstop.ee\/media\/2198.jpg\" \/>\n\t<meta property=\"og:image:width\" content=\"1024\" \/>\n\t<meta property=\"og:image:height\" content=\"768\" \/>\n\t<meta property=\"og:image:type\" content=\"image\/jpeg\" \/>\n<meta name=\"twitter:card\" content=\"summary_large_image\" \/>\n<meta name=\"twitter:label1\" content=\"Est. reading time\" \/>\n\t<meta name=\"twitter:data1\" content=\"1 min\u016b\u0161u\" \/>\n<script type=\"application\/ld+json\" class=\"yoast-schema-graph\">{\"@context\":\"https:\/\/schema.org\",\"@graph\":[{\"@type\":\"WebPage\",\"@id\":\"https:\/\/hobstop.ee\/lv\/produkts\/zaka-adas-lime-sennelier\/\",\"url\":\"https:\/\/hobstop.ee\/lv\/produkts\/zaka-adas-lime-sennelier\/\",\"name\":\"Za\u0137a \u0101das l\u012bme Sennelier &#8211; Skizze\",\"isPartOf\":{\"@id\":\"https:\/\/hobstop.ee\/lv\/#website\"},\"primaryImageOfPage\":{\"@id\":\"https:\/\/hobstop.ee\/lv\/produkts\/zaka-adas-lime-sennelier\/#primaryimage\"},\"image\":{\"@id\":\"https:\/\/hobstop.ee\/lv\/produkts\/zaka-adas-lime-sennelier\/#primaryimage\"},\"thumbnailUrl\":\"https:\/\/hobstop.ee\/media\/2198.jpg\",\"datePublished\":\"2015-08-01T13:40:43+00:00\",\"dateModified\":\"2015-08-01T13:40:43+00:00\",\"breadcrumb\":{\"@id\":\"https:\/\/hobstop.ee\/lv\/produkts\/zaka-adas-lime-sennelier\/#breadcrumb\"},\"inLanguage\":\"lv-LV\",\"potentialAction\":[{\"@type\":\"ReadAction\",\"target\":[\"https:\/\/hobstop.ee\/lv\/produkts\/zaka-adas-lime-sennelier\/\"]}]},{\"@type\":\"ImageObject\",\"inLanguage\":\"lv-LV\",\"@id\":\"https:\/\/hobstop.ee\/lv\/produkts\/zaka-adas-lime-sennelier\/#primaryimage\",\"url\":\"https:\/\/hobstop.ee\/media\/2198.jpg\",\"contentUrl\":\"https:\/\/hobstop.ee\/media\/2198.jpg\",\"width\":1024,\"height\":768},{\"@type\":\"BreadcrumbList\",\"@id\":\"https:\/\/hobstop.ee\/lv\/produkts\/zaka-adas-lime-sennelier\/#breadcrumb\",\"itemListElement\":[{\"@type\":\"ListItem\",\"position\":1,\"name\":\"Avaleht\",\"item\":\"https:\/\/www.hobstop.ee\/lv\/\"},{\"@type\":\"ListItem\",\"position\":2,\"name\":\"Veikals\",\"item\":\"https:\/\/www.hobstop.ee\/lv\/veikals\/\"},{\"@type\":\"ListItem\",\"position\":3,\"name\":\"Za\u0137a \u0101das l\u012bme Sennelier\"}]},{\"@type\":\"WebSite\",\"@id\":\"https:\/\/hobstop.ee\/lv\/#website\",\"url\":\"https:\/\/hobstop.ee\/lv\/\",\"name\":\"Skizze\",\"description\":\"M\u0101kslas, hobiju un skolas preces\",\"publisher\":{\"@id\":\"https:\/\/hobstop.ee\/lv\/#organization\"},\"potentialAction\":[{\"@type\":\"SearchAction\",\"target\":{\"@type\":\"EntryPoint\",\"urlTemplate\":\"https:\/\/hobstop.ee\/lv\/?s={search_term_string}\"},\"query-input\":{\"@type\":\"PropertyValueSpecification\",\"valueRequired\":true,\"valueName\":\"search_term_string\"}}],\"inLanguage\":\"lv-LV\"},{\"@type\":\"Organization\",\"@id\":\"https:\/\/hobstop.ee\/lv\/#organization\",\"name\":\"Vunder AS\",\"url\":\"https:\/\/hobstop.ee\/lv\/\",\"logo\":{\"@type\":\"ImageObject\",\"inLanguage\":\"lv-LV\",\"@id\":\"https:\/\/hobstop.ee\/lv\/#\/schema\/logo\/image\/\",\"url\":\"https:\/\/hobstop.ee\/media\/vunder-logo.png\",\"contentUrl\":\"https:\/\/hobstop.ee\/media\/vunder-logo.png\",\"width\":127,\"height\":55,\"caption\":\"Vunder AS\"},\"image\":{\"@id\":\"https:\/\/hobstop.ee\/lv\/#\/schema\/logo\/image\/\"},\"sameAs\":[\"http:\/\/www.facebook.com\/VunderSkizze\"]}]}<\/script>\n<!-- \/ Yoast SEO plugin. -->","yoast_head_json":{"title":"Za\u0137a \u0101das l\u012bme Sennelier &#8211; Skizze","robots":{"index":"noindex","follow":"follow","max-snippet":"max-snippet:-1","max-image-preview":"max-image-preview:large","max-video-preview":"max-video-preview:-1"},"og_locale":"lv_LV","og_type":"article","og_title":"Za\u0137a \u0101das l\u012bme Sennelier &#8211; Skizze","og_description":"Tru\u0161a \u0101das l\u012bme tiek lietota jau gadsimtiem ilgi. T\u0101 ir ra\u017eota no dz\u012bvnieka \u0101das un kauliem, no kuriem tiek ieg\u016bts kolag\u0113ns \u017eelat\u012bna form\u0101. Tru\u0161a \u0101das l\u012bme, kas liel\u0101koties tiek augstu v\u0113rt\u0113ta, pateicoties t\u0101s stingr\u012bbai un da\u017e\u0101d\u012bbai, ir \u013coti viegli lietojama. Tru\u0161a \u0101das l\u012bmi iesp\u0113jams izmantot gleznas audekla virsmas apstr\u0101dei, k\u0101 saistmateri\u0101lu kr\u0101sai, piem\u0113ram, temperai, k\u0101 saisto\u0161o k\u0101rtu absorb\u0113jo\u0161aj\u0101m virsm\u0101m un k\u0101 pamatk\u0101rtu apzelt\u012b\u0161anai. Papildus t\u0101s daudziem citiem pielieto\u0161anas m\u0113r\u0137iem, to iesp\u0113jams izmantot baltaj\u0101 \u017eelat\u012bn\u0101. Tru\u0161a \u0101das l\u012bme ir \u013coti iztur\u012bga pret e\u013c\u013cu, t\u0101p\u0113c t\u0101 ir tik popul\u0101ra k\u0101 saistviela. T\u0101 ir tik elast\u012bga, ka ar tru\u0161a \u0101du sagatavotu audeklu var rull\u0113t, neradot plaisas. \u0160\u0137\u012bdiniet tru\u0161a \u0101das l\u012bmi tikai tad, ja t\u0101 ir tikusi m\u0113rc\u0113ta vismaz pusi dienas, tad paaugstiniet l\u012bdz vismaz 37\u00b0C vai augst\u0101kai temperat\u016brai. Lieto\u0161anas laik\u0101 turiet to nedaudz siltu, lai saglab\u0101tu \u0161\u0137idro st\u0101vokli.","og_url":"https:\/\/hobstop.ee\/lv\/produkts\/zaka-adas-lime-sennelier\/","og_site_name":"Skizze","article_publisher":"http:\/\/www.facebook.com\/VunderSkizze","og_image":[{"width":1024,"height":768,"url":"https:\/\/hobstop.ee\/media\/2198.jpg","type":"image\/jpeg"}],"twitter_card":"summary_large_image","twitter_misc":{"Est. reading time":"1 min\u016b\u0161u"},"schema":{"@context":"https:\/\/schema.org","@graph":[{"@type":"WebPage","@id":"https:\/\/hobstop.ee\/lv\/produkts\/zaka-adas-lime-sennelier\/","url":"https:\/\/hobstop.ee\/lv\/produkts\/zaka-adas-lime-sennelier\/","name":"Za\u0137a \u0101das l\u012bme Sennelier &#8211; Skizze","isPartOf":{"@id":"https:\/\/hobstop.ee\/lv\/#website"},"primaryImageOfPage":{"@id":"https:\/\/hobstop.ee\/lv\/produkts\/zaka-adas-lime-sennelier\/#primaryimage"},"image":{"@id":"https:\/\/hobstop.ee\/lv\/produkts\/zaka-adas-lime-sennelier\/#primaryimage"},"thumbnailUrl":"https:\/\/hobstop.ee\/media\/2198.jpg","datePublished":"2015-08-01T13:40:43+00:00","dateModified":"2015-08-01T13:40:43+00:00","breadcrumb":{"@id":"https:\/\/hobstop.ee\/lv\/produkts\/zaka-adas-lime-sennelier\/#breadcrumb"},"inLanguage":"lv-LV","potentialAction":[{"@type":"ReadAction","target":["https:\/\/hobstop.ee\/lv\/produkts\/zaka-adas-lime-sennelier\/"]}]},{"@type":"ImageObject","inLanguage":"lv-LV","@id":"https:\/\/hobstop.ee\/lv\/produkts\/zaka-adas-lime-sennelier\/#primaryimage","url":"https:\/\/hobstop.ee\/media\/2198.jpg","contentUrl":"https:\/\/hobstop.ee\/media\/2198.jpg","width":1024,"height":768},{"@type":"BreadcrumbList","@id":"https:\/\/hobstop.ee\/lv\/produkts\/zaka-adas-lime-sennelier\/#breadcrumb","itemListElement":[{"@type":"ListItem","position":1,"name":"Avaleht","item":"https:\/\/www.hobstop.ee\/lv\/"},{"@type":"ListItem","position":2,"name":"Veikals","item":"https:\/\/www.hobstop.ee\/lv\/veikals\/"},{"@type":"ListItem","position":3,"name":"Za\u0137a \u0101das l\u012bme Sennelier"}]},{"@type":"WebSite","@id":"https:\/\/hobstop.ee\/lv\/#website","url":"https:\/\/hobstop.ee\/lv\/","name":"Skizze","description":"M\u0101kslas, hobiju un skolas preces","publisher":{"@id":"https:\/\/hobstop.ee\/lv\/#organization"},"potentialAction":[{"@type":"SearchAction","target":{"@type":"EntryPoint","urlTemplate":"https:\/\/hobstop.ee\/lv\/?s={search_term_string}"},"query-input":{"@type":"PropertyValueSpecification","valueRequired":true,"valueName":"search_term_string"}}],"inLanguage":"lv-LV"},{"@type":"Organization","@id":"https:\/\/hobstop.ee\/lv\/#organization","name":"Vunder AS","url":"https:\/\/hobstop.ee\/lv\/","logo":{"@type":"ImageObject","inLanguage":"lv-LV","@id":"https:\/\/hobstop.ee\/lv\/#\/schema\/logo\/image\/","url":"https:\/\/hobstop.ee\/media\/vunder-logo.png","contentUrl":"https:\/\/hobstop.ee\/media\/vunder-logo.png","width":127,"height":55,"caption":"Vunder AS"},"image":{"@id":"https:\/\/hobstop.ee\/lv\/#\/schema\/logo\/image\/"},"sameAs":["http:\/\/www.facebook.com\/VunderSkizze"]}]}},"_links":{"self":[{"href":"https:\/\/hobstop.ee\/lv\/wp-json\/wp\/v2\/product\/196920","targetHints":{"allow":["GET"]}}],"collection":[{"href":"https:\/\/hobstop.ee\/lv\/wp-json\/wp\/v2\/product"}],"about":[{"href":"https:\/\/hobstop.ee\/lv\/wp-json\/wp\/v2\/types\/product"}],"replies":[{"embeddable":true,"href":"https:\/\/hobstop.ee\/lv\/wp-json\/wp\/v2\/comments?post=196920"}],"wp:featuredmedia":[{"embeddable":true,"href":"https:\/\/hobstop.ee\/lv\/wp-json\/wp\/v2\/media\/240865"}],"wp:attachment":[{"href":"https:\/\/hobstop.ee\/lv\/wp-json\/wp\/v2\/media?parent=196920"}],"wp:term":[{"taxonomy":"product_cat","embeddable":true,"href":"https:\/\/hobstop.ee\/lv\/wp-json\/wp\/v2\/product_cat?post=196920"},{"taxonomy":"product_tag","embeddable":true,"href":"https:\/\/hobstop.ee\/lv\/wp-json\/wp\/v2\/product_tag?post=196920"}],"curies":[{"name":"wp","href":"https:\/\/api.w.org\/{rel}","templated":true}]}}