{"id":196966,"date":"2015-08-01T16:44:41","date_gmt":"2015-08-01T13:44:41","guid":{"rendered":"http:\/\/vunder-ee.sn25.zone.eu\/lv\/product\/stekis-mabef-m36\/"},"modified":"2015-08-01T16:44:41","modified_gmt":"2015-08-01T13:44:41","slug":"stekis-mabef-m36","status":"publish","type":"product","link":"https:\/\/hobstop.ee\/lv\/produkts\/stekis-mabef-m36\/","title":{"rendered":"Ste\u0137is Mabef M36"},"content":{"rendered":"<p>MABEF M36 veido\u0161anas statnis ir izgatavots no e\u013c\u013cota di\u017esk\u0101b\u0101r\u017ea un t\u0101 rot\u0113jo\u0161\u0101 virsma dod iesp\u0113ju \u0113rti piek\u013c\u016bt model\u0113jamam objektam no jebkuras puses.  Asto\u0146as main\u0101ma augstuma poz\u012bcijas diapazon\u0101 100-130cm.  Statnis ir ide\u0101li piem\u0113rots darbam ar m\u0101lu, terakotu un keramiku, k\u0101 ar\u012b var tikt izmantots darbu ekspoz\u012bcijai izst\u0101d\u0113s.<\/p>\n","protected":false},"excerpt":{"rendered":"<p>MABEF M36 veido\u0161anas statnis ir izgatavots no e\u013c\u013cota di\u017esk\u0101b\u0101r\u017ea un t\u0101 rot\u0113jo\u0161\u0101 virsma dod iesp\u0113ju \u0113rti piek\u013c\u016bt model\u0113jamam objektam no jebkuras puses. Asto\u0146as main\u0101ma augstuma poz\u012bcijas diapazon\u0101 100-130cm. Statnis ir ide\u0101li piem\u0113rots darbam ar m\u0101lu, terakotu un keramiku, k\u0101 ar\u012b var tikt izmantots darbu ekspoz\u012bcijai izst\u0101d\u0113s.<\/p>\n","protected":false},"featured_media":146881,"comment_status":"closed","ping_status":"closed","template":"","meta":{"_acf_changed":false,"ep_exclude_from_search":false},"product_cat":[19006,16123,18934],"product_tag":[],"class_list":{"0":"post-196966","1":"product","2":"type-product","3":"status-publish","4":"has-post-thumbnail","6":"product_cat-dazadi-28","7":"product_cat-makslas-piederumi-2","8":"product_cat-molberti-2","10":"first","11":"instock","12":"taxable","13":"shipping-taxable","14":"purchasable","15":"product-type-variable"},"acf":[],"yoast_head":"<!-- This site is optimized with the Yoast SEO plugin v24.1 - https:\/\/yoast.com\/wordpress\/plugins\/seo\/ -->\n<title>Ste\u0137is Mabef M36 &#8211; Skizze<\/title>\n<meta name=\"robots\" content=\"noindex, follow, max-snippet:-1, max-image-preview:large, max-video-preview:-1\" \/>\n<meta property=\"og:locale\" content=\"lv_LV\" \/>\n<meta property=\"og:type\" content=\"article\" \/>\n<meta property=\"og:title\" content=\"Ste\u0137is Mabef M36 &#8211; Skizze\" \/>\n<meta property=\"og:description\" content=\"MABEF M36 veido\u0161anas statnis ir izgatavots no e\u013c\u013cota di\u017esk\u0101b\u0101r\u017ea un t\u0101 rot\u0113jo\u0161\u0101 virsma dod iesp\u0113ju \u0113rti piek\u013c\u016bt model\u0113jamam objektam no jebkuras puses. Asto\u0146as main\u0101ma augstuma poz\u012bcijas diapazon\u0101 100-130cm. Statnis ir ide\u0101li piem\u0113rots darbam ar m\u0101lu, terakotu un keramiku, k\u0101 ar\u012b var tikt izmantots darbu ekspoz\u012bcijai izst\u0101d\u0113s.\" \/>\n<meta property=\"og:url\" content=\"https:\/\/hobstop.ee\/lv\/produkts\/stekis-mabef-m36\/\" \/>\n<meta property=\"og:site_name\" content=\"Skizze\" \/>\n<meta property=\"article:publisher\" content=\"http:\/\/www.facebook.com\/VunderSkizze\" \/>\n<meta property=\"og:image\" content=\"https:\/\/hobstop.ee\/media\/2401.jpg\" \/>\n\t<meta property=\"og:image:width\" content=\"1024\" \/>\n\t<meta property=\"og:image:height\" content=\"768\" \/>\n\t<meta property=\"og:image:type\" content=\"image\/jpeg\" \/>\n<meta name=\"twitter:card\" content=\"summary_large_image\" \/>\n<script type=\"application\/ld+json\" class=\"yoast-schema-graph\">{\"@context\":\"https:\/\/schema.org\",\"@graph\":[{\"@type\":\"WebPage\",\"@id\":\"https:\/\/hobstop.ee\/lv\/produkts\/stekis-mabef-m36\/\",\"url\":\"https:\/\/hobstop.ee\/lv\/produkts\/stekis-mabef-m36\/\",\"name\":\"Ste\u0137is Mabef M36 &#8211; Skizze\",\"isPartOf\":{\"@id\":\"https:\/\/hobstop.ee\/lv\/#website\"},\"primaryImageOfPage\":{\"@id\":\"https:\/\/hobstop.ee\/lv\/produkts\/stekis-mabef-m36\/#primaryimage\"},\"image\":{\"@id\":\"https:\/\/hobstop.ee\/lv\/produkts\/stekis-mabef-m36\/#primaryimage\"},\"thumbnailUrl\":\"https:\/\/hobstop.ee\/media\/2401.jpg\",\"datePublished\":\"2015-08-01T13:44:41+00:00\",\"dateModified\":\"2015-08-01T13:44:41+00:00\",\"breadcrumb\":{\"@id\":\"https:\/\/hobstop.ee\/lv\/produkts\/stekis-mabef-m36\/#breadcrumb\"},\"inLanguage\":\"lv-LV\",\"potentialAction\":[{\"@type\":\"ReadAction\",\"target\":[\"https:\/\/hobstop.ee\/lv\/produkts\/stekis-mabef-m36\/\"]}]},{\"@type\":\"ImageObject\",\"inLanguage\":\"lv-LV\",\"@id\":\"https:\/\/hobstop.ee\/lv\/produkts\/stekis-mabef-m36\/#primaryimage\",\"url\":\"https:\/\/hobstop.ee\/media\/2401.jpg\",\"contentUrl\":\"https:\/\/hobstop.ee\/media\/2401.jpg\",\"width\":1024,\"height\":768},{\"@type\":\"BreadcrumbList\",\"@id\":\"https:\/\/hobstop.ee\/lv\/produkts\/stekis-mabef-m36\/#breadcrumb\",\"itemListElement\":[{\"@type\":\"ListItem\",\"position\":1,\"name\":\"Avaleht\",\"item\":\"https:\/\/hobstop.ee\/lv\/\"},{\"@type\":\"ListItem\",\"position\":2,\"name\":\"Veikals\",\"item\":\"https:\/\/hobstop.ee\/lv\/veikals\/\"},{\"@type\":\"ListItem\",\"position\":3,\"name\":\"Ste\u0137is Mabef M36\"}]},{\"@type\":\"WebSite\",\"@id\":\"https:\/\/hobstop.ee\/lv\/#website\",\"url\":\"https:\/\/hobstop.ee\/lv\/\",\"name\":\"Skizze\",\"description\":\"M\u0101kslas, hobiju un skolas preces\",\"publisher\":{\"@id\":\"https:\/\/hobstop.ee\/lv\/#organization\"},\"potentialAction\":[{\"@type\":\"SearchAction\",\"target\":{\"@type\":\"EntryPoint\",\"urlTemplate\":\"https:\/\/hobstop.ee\/lv\/?s={search_term_string}\"},\"query-input\":{\"@type\":\"PropertyValueSpecification\",\"valueRequired\":true,\"valueName\":\"search_term_string\"}}],\"inLanguage\":\"lv-LV\"},{\"@type\":\"Organization\",\"@id\":\"https:\/\/hobstop.ee\/lv\/#organization\",\"name\":\"Vunder AS\",\"url\":\"https:\/\/hobstop.ee\/lv\/\",\"logo\":{\"@type\":\"ImageObject\",\"inLanguage\":\"lv-LV\",\"@id\":\"https:\/\/hobstop.ee\/lv\/#\/schema\/logo\/image\/\",\"url\":\"https:\/\/hobstop.ee\/media\/vunder-logo.png\",\"contentUrl\":\"https:\/\/hobstop.ee\/media\/vunder-logo.png\",\"width\":127,\"height\":55,\"caption\":\"Vunder AS\"},\"image\":{\"@id\":\"https:\/\/hobstop.ee\/lv\/#\/schema\/logo\/image\/\"},\"sameAs\":[\"http:\/\/www.facebook.com\/VunderSkizze\"]}]}<\/script>\n<!-- \/ Yoast SEO plugin. -->","yoast_head_json":{"title":"Ste\u0137is Mabef M36 &#8211; Skizze","robots":{"index":"noindex","follow":"follow","max-snippet":"max-snippet:-1","max-image-preview":"max-image-preview:large","max-video-preview":"max-video-preview:-1"},"og_locale":"lv_LV","og_type":"article","og_title":"Ste\u0137is Mabef M36 &#8211; Skizze","og_description":"MABEF M36 veido\u0161anas statnis ir izgatavots no e\u013c\u013cota di\u017esk\u0101b\u0101r\u017ea un t\u0101 rot\u0113jo\u0161\u0101 virsma dod iesp\u0113ju \u0113rti piek\u013c\u016bt model\u0113jamam objektam no jebkuras puses. Asto\u0146as main\u0101ma augstuma poz\u012bcijas diapazon\u0101 100-130cm. Statnis ir ide\u0101li piem\u0113rots darbam ar m\u0101lu, terakotu un keramiku, k\u0101 ar\u012b var tikt izmantots darbu ekspoz\u012bcijai izst\u0101d\u0113s.","og_url":"https:\/\/hobstop.ee\/lv\/produkts\/stekis-mabef-m36\/","og_site_name":"Skizze","article_publisher":"http:\/\/www.facebook.com\/VunderSkizze","og_image":[{"width":1024,"height":768,"url":"https:\/\/hobstop.ee\/media\/2401.jpg","type":"image\/jpeg"}],"twitter_card":"summary_large_image","schema":{"@context":"https:\/\/schema.org","@graph":[{"@type":"WebPage","@id":"https:\/\/hobstop.ee\/lv\/produkts\/stekis-mabef-m36\/","url":"https:\/\/hobstop.ee\/lv\/produkts\/stekis-mabef-m36\/","name":"Ste\u0137is Mabef M36 &#8211; Skizze","isPartOf":{"@id":"https:\/\/hobstop.ee\/lv\/#website"},"primaryImageOfPage":{"@id":"https:\/\/hobstop.ee\/lv\/produkts\/stekis-mabef-m36\/#primaryimage"},"image":{"@id":"https:\/\/hobstop.ee\/lv\/produkts\/stekis-mabef-m36\/#primaryimage"},"thumbnailUrl":"https:\/\/hobstop.ee\/media\/2401.jpg","datePublished":"2015-08-01T13:44:41+00:00","dateModified":"2015-08-01T13:44:41+00:00","breadcrumb":{"@id":"https:\/\/hobstop.ee\/lv\/produkts\/stekis-mabef-m36\/#breadcrumb"},"inLanguage":"lv-LV","potentialAction":[{"@type":"ReadAction","target":["https:\/\/hobstop.ee\/lv\/produkts\/stekis-mabef-m36\/"]}]},{"@type":"ImageObject","inLanguage":"lv-LV","@id":"https:\/\/hobstop.ee\/lv\/produkts\/stekis-mabef-m36\/#primaryimage","url":"https:\/\/hobstop.ee\/media\/2401.jpg","contentUrl":"https:\/\/hobstop.ee\/media\/2401.jpg","width":1024,"height":768},{"@type":"BreadcrumbList","@id":"https:\/\/hobstop.ee\/lv\/produkts\/stekis-mabef-m36\/#breadcrumb","itemListElement":[{"@type":"ListItem","position":1,"name":"Avaleht","item":"https:\/\/hobstop.ee\/lv\/"},{"@type":"ListItem","position":2,"name":"Veikals","item":"https:\/\/hobstop.ee\/lv\/veikals\/"},{"@type":"ListItem","position":3,"name":"Ste\u0137is Mabef M36"}]},{"@type":"WebSite","@id":"https:\/\/hobstop.ee\/lv\/#website","url":"https:\/\/hobstop.ee\/lv\/","name":"Skizze","description":"M\u0101kslas, hobiju un skolas preces","publisher":{"@id":"https:\/\/hobstop.ee\/lv\/#organization"},"potentialAction":[{"@type":"SearchAction","target":{"@type":"EntryPoint","urlTemplate":"https:\/\/hobstop.ee\/lv\/?s={search_term_string}"},"query-input":{"@type":"PropertyValueSpecification","valueRequired":true,"valueName":"search_term_string"}}],"inLanguage":"lv-LV"},{"@type":"Organization","@id":"https:\/\/hobstop.ee\/lv\/#organization","name":"Vunder AS","url":"https:\/\/hobstop.ee\/lv\/","logo":{"@type":"ImageObject","inLanguage":"lv-LV","@id":"https:\/\/hobstop.ee\/lv\/#\/schema\/logo\/image\/","url":"https:\/\/hobstop.ee\/media\/vunder-logo.png","contentUrl":"https:\/\/hobstop.ee\/media\/vunder-logo.png","width":127,"height":55,"caption":"Vunder AS"},"image":{"@id":"https:\/\/hobstop.ee\/lv\/#\/schema\/logo\/image\/"},"sameAs":["http:\/\/www.facebook.com\/VunderSkizze"]}]}},"_links":{"self":[{"href":"https:\/\/hobstop.ee\/lv\/wp-json\/wp\/v2\/product\/196966","targetHints":{"allow":["GET"]}}],"collection":[{"href":"https:\/\/hobstop.ee\/lv\/wp-json\/wp\/v2\/product"}],"about":[{"href":"https:\/\/hobstop.ee\/lv\/wp-json\/wp\/v2\/types\/product"}],"replies":[{"embeddable":true,"href":"https:\/\/hobstop.ee\/lv\/wp-json\/wp\/v2\/comments?post=196966"}],"wp:featuredmedia":[{"embeddable":true,"href":"https:\/\/hobstop.ee\/lv\/wp-json\/wp\/v2\/media\/146881"}],"wp:attachment":[{"href":"https:\/\/hobstop.ee\/lv\/wp-json\/wp\/v2\/media?parent=196966"}],"wp:term":[{"taxonomy":"product_cat","embeddable":true,"href":"https:\/\/hobstop.ee\/lv\/wp-json\/wp\/v2\/product_cat?post=196966"},{"taxonomy":"product_tag","embeddable":true,"href":"https:\/\/hobstop.ee\/lv\/wp-json\/wp\/v2\/product_tag?post=196966"}],"curies":[{"name":"wp","href":"https:\/\/api.w.org\/{rel}","templated":true}]}}