{"id":196989,"date":"2015-08-01T16:47:01","date_gmt":"2015-08-01T13:47:01","guid":{"rendered":"http:\/\/vunder-ee.sn25.zone.eu\/lv\/product\/medijs-akrilam-liquitex-slow-dry\/"},"modified":"2015-08-01T16:47:01","modified_gmt":"2015-08-01T13:47:01","slug":"medijs-akrilam-liquitex-slow-dri-fluid-retarder","status":"publish","type":"product","link":"https:\/\/hobstop.ee\/lv\/produkts\/medijs-akrilam-liquitex-slow-dri-fluid-retarder\/","title":{"rendered":"Medijs akrilam Liquitex Slow-Dri Fluid Retarder"},"content":{"rendered":"<p>Slow-Dri ir \u017e\u016b\u0161anu pal\u0113lino\u0161a kr\u0101sas piedeva, kas pagarina kr\u0101sas \u201dsvaiguma laiku\u201d un mazina pl\u0113ves veido\u0161anos uz kr\u0101su paletes. Atvieglo kr\u0101sas sajauk\u0161anu un deta\u013cu z\u012bm\u0113juma apstr\u0101di. Sajauc ar akrila kr\u0101s\u0101m, t\u0101d\u0113j\u0101di pagarinot iz\u017e\u016b\u0161anas laiku par  50%. Sajaukt ar kr\u0101su \u0161\u0101d\u0101 attiec\u012bb\u0101: 3 da\u013cas kr\u0101sas un 1 da\u013ca kr\u0101sas piedevas. Piem\u0113rota, veidojot laikietilp\u012bgus darbus, detaliz\u0113tus un smalkus gleznojumus, k\u0101 ar\u012b akvare\u013ctehnik\u0101.<\/p>\n","protected":false},"excerpt":{"rendered":"<p>Slow-Dri ir \u017e\u016b\u0161anu pal\u0113lino\u0161a kr\u0101sas piedeva, kas pagarina kr\u0101sas \u201dsvaiguma laiku\u201d un mazina pl\u0113ves veido\u0161anos uz kr\u0101su paletes. Atvieglo kr\u0101sas sajauk\u0161anu un deta\u013cu z\u012bm\u0113juma apstr\u0101di. Sajauc ar akrila kr\u0101s\u0101m, t\u0101d\u0113j\u0101di pagarinot iz\u017e\u016b\u0161anas laiku par 50%. Sajaukt ar kr\u0101su \u0161\u0101d\u0101 attiec\u012bb\u0101: 3 da\u013cas kr\u0101sas un 1 da\u013ca kr\u0101sas piedevas. Piem\u0113rota, veidojot laikietilp\u012bgus darbus, detaliz\u0113tus un smalkus gleznojumus, k\u0101 ar\u012b akvare\u013ctehnik\u0101.<\/p>\n","protected":false},"featured_media":353819,"comment_status":"closed","ping_status":"closed","template":"","meta":{"_acf_changed":false,"ep_exclude_from_search":false},"product_cat":[18997,17980,16123],"product_tag":[],"class_list":{"0":"post-196989","1":"product","2":"type-product","3":"status-publish","4":"has-post-thumbnail","6":"product_cat-akrilkrasu-mediji-3","7":"product_cat-krasas-un-gleznosanas-paligmateriali","8":"product_cat-makslas-piederumi-2","10":"first","11":"outofstock","12":"taxable","13":"shipping-taxable","14":"purchasable","15":"product-type-variable"},"acf":[],"yoast_head":"<!-- This site is optimized with the Yoast SEO plugin v24.1 - https:\/\/yoast.com\/wordpress\/plugins\/seo\/ -->\n<title>Medijs akrilam Liquitex Slow-Dri Fluid Retarder &#8211; Skizze<\/title>\n<meta name=\"robots\" content=\"noindex, follow, max-snippet:-1, max-image-preview:large, max-video-preview:-1\" \/>\n<meta property=\"og:locale\" content=\"lv_LV\" \/>\n<meta property=\"og:type\" content=\"article\" \/>\n<meta property=\"og:title\" content=\"Medijs akrilam Liquitex Slow-Dri Fluid Retarder &#8211; Skizze\" \/>\n<meta property=\"og:description\" content=\"Slow-Dri ir \u017e\u016b\u0161anu pal\u0113lino\u0161a kr\u0101sas piedeva, kas pagarina kr\u0101sas \u201dsvaiguma laiku\u201d un mazina pl\u0113ves veido\u0161anos uz kr\u0101su paletes. Atvieglo kr\u0101sas sajauk\u0161anu un deta\u013cu z\u012bm\u0113juma apstr\u0101di. Sajauc ar akrila kr\u0101s\u0101m, t\u0101d\u0113j\u0101di pagarinot iz\u017e\u016b\u0161anas laiku par 50%. Sajaukt ar kr\u0101su \u0161\u0101d\u0101 attiec\u012bb\u0101: 3 da\u013cas kr\u0101sas un 1 da\u013ca kr\u0101sas piedevas. Piem\u0113rota, veidojot laikietilp\u012bgus darbus, detaliz\u0113tus un smalkus gleznojumus, k\u0101 ar\u012b akvare\u013ctehnik\u0101.\" \/>\n<meta property=\"og:url\" content=\"https:\/\/hobstop.ee\/lv\/produkts\/medijs-akrilam-liquitex-slow-dri-fluid-retarder\/\" \/>\n<meta property=\"og:site_name\" content=\"Skizze\" \/>\n<meta property=\"article:publisher\" content=\"http:\/\/www.facebook.com\/VunderSkizze\" \/>\n<meta property=\"og:image\" content=\"https:\/\/www.hobstop.ee\/media\/2518.jpg\" \/>\n\t<meta property=\"og:image:width\" content=\"1024\" \/>\n\t<meta property=\"og:image:height\" content=\"768\" \/>\n\t<meta property=\"og:image:type\" content=\"image\/jpeg\" \/>\n<meta name=\"twitter:card\" content=\"summary_large_image\" \/>\n<script type=\"application\/ld+json\" class=\"yoast-schema-graph\">{\"@context\":\"https:\/\/schema.org\",\"@graph\":[{\"@type\":\"WebPage\",\"@id\":\"https:\/\/hobstop.ee\/lv\/produkts\/medijs-akrilam-liquitex-slow-dri-fluid-retarder\/\",\"url\":\"https:\/\/hobstop.ee\/lv\/produkts\/medijs-akrilam-liquitex-slow-dri-fluid-retarder\/\",\"name\":\"Medijs akrilam Liquitex Slow-Dri Fluid Retarder &#8211; Skizze\",\"isPartOf\":{\"@id\":\"https:\/\/hobstop.ee\/lv\/#website\"},\"primaryImageOfPage\":{\"@id\":\"https:\/\/hobstop.ee\/lv\/produkts\/medijs-akrilam-liquitex-slow-dri-fluid-retarder\/#primaryimage\"},\"image\":{\"@id\":\"https:\/\/hobstop.ee\/lv\/produkts\/medijs-akrilam-liquitex-slow-dri-fluid-retarder\/#primaryimage\"},\"thumbnailUrl\":\"https:\/\/hobstop.ee\/media\/2518.jpg\",\"datePublished\":\"2015-08-01T13:47:01+00:00\",\"dateModified\":\"2015-08-01T13:47:01+00:00\",\"breadcrumb\":{\"@id\":\"https:\/\/hobstop.ee\/lv\/produkts\/medijs-akrilam-liquitex-slow-dri-fluid-retarder\/#breadcrumb\"},\"inLanguage\":\"lv-LV\",\"potentialAction\":[{\"@type\":\"ReadAction\",\"target\":[\"https:\/\/hobstop.ee\/lv\/produkts\/medijs-akrilam-liquitex-slow-dri-fluid-retarder\/\"]}]},{\"@type\":\"ImageObject\",\"inLanguage\":\"lv-LV\",\"@id\":\"https:\/\/hobstop.ee\/lv\/produkts\/medijs-akrilam-liquitex-slow-dri-fluid-retarder\/#primaryimage\",\"url\":\"https:\/\/hobstop.ee\/media\/2518.jpg\",\"contentUrl\":\"https:\/\/hobstop.ee\/media\/2518.jpg\",\"width\":1024,\"height\":768},{\"@type\":\"BreadcrumbList\",\"@id\":\"https:\/\/hobstop.ee\/lv\/produkts\/medijs-akrilam-liquitex-slow-dri-fluid-retarder\/#breadcrumb\",\"itemListElement\":[{\"@type\":\"ListItem\",\"position\":1,\"name\":\"Avaleht\",\"item\":\"https:\/\/www.hobstop.ee\/lv\/\"},{\"@type\":\"ListItem\",\"position\":2,\"name\":\"Veikals\",\"item\":\"https:\/\/www.hobstop.ee\/lv\/veikals\/\"},{\"@type\":\"ListItem\",\"position\":3,\"name\":\"Medijs akrilam Liquitex Slow-Dri Fluid Retarder\"}]},{\"@type\":\"WebSite\",\"@id\":\"https:\/\/hobstop.ee\/lv\/#website\",\"url\":\"https:\/\/hobstop.ee\/lv\/\",\"name\":\"Skizze\",\"description\":\"M\u0101kslas, hobiju un skolas preces\",\"publisher\":{\"@id\":\"https:\/\/hobstop.ee\/lv\/#organization\"},\"potentialAction\":[{\"@type\":\"SearchAction\",\"target\":{\"@type\":\"EntryPoint\",\"urlTemplate\":\"https:\/\/hobstop.ee\/lv\/?s={search_term_string}\"},\"query-input\":{\"@type\":\"PropertyValueSpecification\",\"valueRequired\":true,\"valueName\":\"search_term_string\"}}],\"inLanguage\":\"lv-LV\"},{\"@type\":\"Organization\",\"@id\":\"https:\/\/hobstop.ee\/lv\/#organization\",\"name\":\"Vunder AS\",\"url\":\"https:\/\/hobstop.ee\/lv\/\",\"logo\":{\"@type\":\"ImageObject\",\"inLanguage\":\"lv-LV\",\"@id\":\"https:\/\/hobstop.ee\/lv\/#\/schema\/logo\/image\/\",\"url\":\"https:\/\/hobstop.ee\/media\/vunder-logo.png\",\"contentUrl\":\"https:\/\/hobstop.ee\/media\/vunder-logo.png\",\"width\":127,\"height\":55,\"caption\":\"Vunder AS\"},\"image\":{\"@id\":\"https:\/\/hobstop.ee\/lv\/#\/schema\/logo\/image\/\"},\"sameAs\":[\"http:\/\/www.facebook.com\/VunderSkizze\"]}]}<\/script>\n<!-- \/ Yoast SEO plugin. -->","yoast_head_json":{"title":"Medijs akrilam Liquitex Slow-Dri Fluid Retarder &#8211; Skizze","robots":{"index":"noindex","follow":"follow","max-snippet":"max-snippet:-1","max-image-preview":"max-image-preview:large","max-video-preview":"max-video-preview:-1"},"og_locale":"lv_LV","og_type":"article","og_title":"Medijs akrilam Liquitex Slow-Dri Fluid Retarder &#8211; Skizze","og_description":"Slow-Dri ir \u017e\u016b\u0161anu pal\u0113lino\u0161a kr\u0101sas piedeva, kas pagarina kr\u0101sas \u201dsvaiguma laiku\u201d un mazina pl\u0113ves veido\u0161anos uz kr\u0101su paletes. Atvieglo kr\u0101sas sajauk\u0161anu un deta\u013cu z\u012bm\u0113juma apstr\u0101di. Sajauc ar akrila kr\u0101s\u0101m, t\u0101d\u0113j\u0101di pagarinot iz\u017e\u016b\u0161anas laiku par 50%. Sajaukt ar kr\u0101su \u0161\u0101d\u0101 attiec\u012bb\u0101: 3 da\u013cas kr\u0101sas un 1 da\u013ca kr\u0101sas piedevas. Piem\u0113rota, veidojot laikietilp\u012bgus darbus, detaliz\u0113tus un smalkus gleznojumus, k\u0101 ar\u012b akvare\u013ctehnik\u0101.","og_url":"https:\/\/hobstop.ee\/lv\/produkts\/medijs-akrilam-liquitex-slow-dri-fluid-retarder\/","og_site_name":"Skizze","article_publisher":"http:\/\/www.facebook.com\/VunderSkizze","og_image":[{"width":1024,"height":768,"url":"https:\/\/www.hobstop.ee\/media\/2518.jpg","type":"image\/jpeg"}],"twitter_card":"summary_large_image","schema":{"@context":"https:\/\/schema.org","@graph":[{"@type":"WebPage","@id":"https:\/\/hobstop.ee\/lv\/produkts\/medijs-akrilam-liquitex-slow-dri-fluid-retarder\/","url":"https:\/\/hobstop.ee\/lv\/produkts\/medijs-akrilam-liquitex-slow-dri-fluid-retarder\/","name":"Medijs akrilam Liquitex Slow-Dri Fluid Retarder &#8211; Skizze","isPartOf":{"@id":"https:\/\/hobstop.ee\/lv\/#website"},"primaryImageOfPage":{"@id":"https:\/\/hobstop.ee\/lv\/produkts\/medijs-akrilam-liquitex-slow-dri-fluid-retarder\/#primaryimage"},"image":{"@id":"https:\/\/hobstop.ee\/lv\/produkts\/medijs-akrilam-liquitex-slow-dri-fluid-retarder\/#primaryimage"},"thumbnailUrl":"https:\/\/hobstop.ee\/media\/2518.jpg","datePublished":"2015-08-01T13:47:01+00:00","dateModified":"2015-08-01T13:47:01+00:00","breadcrumb":{"@id":"https:\/\/hobstop.ee\/lv\/produkts\/medijs-akrilam-liquitex-slow-dri-fluid-retarder\/#breadcrumb"},"inLanguage":"lv-LV","potentialAction":[{"@type":"ReadAction","target":["https:\/\/hobstop.ee\/lv\/produkts\/medijs-akrilam-liquitex-slow-dri-fluid-retarder\/"]}]},{"@type":"ImageObject","inLanguage":"lv-LV","@id":"https:\/\/hobstop.ee\/lv\/produkts\/medijs-akrilam-liquitex-slow-dri-fluid-retarder\/#primaryimage","url":"https:\/\/hobstop.ee\/media\/2518.jpg","contentUrl":"https:\/\/hobstop.ee\/media\/2518.jpg","width":1024,"height":768},{"@type":"BreadcrumbList","@id":"https:\/\/hobstop.ee\/lv\/produkts\/medijs-akrilam-liquitex-slow-dri-fluid-retarder\/#breadcrumb","itemListElement":[{"@type":"ListItem","position":1,"name":"Avaleht","item":"https:\/\/www.hobstop.ee\/lv\/"},{"@type":"ListItem","position":2,"name":"Veikals","item":"https:\/\/www.hobstop.ee\/lv\/veikals\/"},{"@type":"ListItem","position":3,"name":"Medijs akrilam Liquitex Slow-Dri Fluid Retarder"}]},{"@type":"WebSite","@id":"https:\/\/hobstop.ee\/lv\/#website","url":"https:\/\/hobstop.ee\/lv\/","name":"Skizze","description":"M\u0101kslas, hobiju un skolas preces","publisher":{"@id":"https:\/\/hobstop.ee\/lv\/#organization"},"potentialAction":[{"@type":"SearchAction","target":{"@type":"EntryPoint","urlTemplate":"https:\/\/hobstop.ee\/lv\/?s={search_term_string}"},"query-input":{"@type":"PropertyValueSpecification","valueRequired":true,"valueName":"search_term_string"}}],"inLanguage":"lv-LV"},{"@type":"Organization","@id":"https:\/\/hobstop.ee\/lv\/#organization","name":"Vunder AS","url":"https:\/\/hobstop.ee\/lv\/","logo":{"@type":"ImageObject","inLanguage":"lv-LV","@id":"https:\/\/hobstop.ee\/lv\/#\/schema\/logo\/image\/","url":"https:\/\/hobstop.ee\/media\/vunder-logo.png","contentUrl":"https:\/\/hobstop.ee\/media\/vunder-logo.png","width":127,"height":55,"caption":"Vunder AS"},"image":{"@id":"https:\/\/hobstop.ee\/lv\/#\/schema\/logo\/image\/"},"sameAs":["http:\/\/www.facebook.com\/VunderSkizze"]}]}},"_links":{"self":[{"href":"https:\/\/hobstop.ee\/lv\/wp-json\/wp\/v2\/product\/196989","targetHints":{"allow":["GET"]}}],"collection":[{"href":"https:\/\/hobstop.ee\/lv\/wp-json\/wp\/v2\/product"}],"about":[{"href":"https:\/\/hobstop.ee\/lv\/wp-json\/wp\/v2\/types\/product"}],"replies":[{"embeddable":true,"href":"https:\/\/hobstop.ee\/lv\/wp-json\/wp\/v2\/comments?post=196989"}],"wp:featuredmedia":[{"embeddable":true,"href":"https:\/\/hobstop.ee\/lv\/wp-json\/wp\/v2\/media\/353819"}],"wp:attachment":[{"href":"https:\/\/hobstop.ee\/lv\/wp-json\/wp\/v2\/media?parent=196989"}],"wp:term":[{"taxonomy":"product_cat","embeddable":true,"href":"https:\/\/hobstop.ee\/lv\/wp-json\/wp\/v2\/product_cat?post=196989"},{"taxonomy":"product_tag","embeddable":true,"href":"https:\/\/hobstop.ee\/lv\/wp-json\/wp\/v2\/product_tag?post=196989"}],"curies":[{"name":"wp","href":"https:\/\/api.w.org\/{rel}","templated":true}]}}