{"id":196999,"date":"2015-08-01T16:47:49","date_gmt":"2015-08-01T13:47:49","guid":{"rendered":"http:\/\/vunder-ee.sn25.zone.eu\/lv\/product\/zelta-folijas-lapas-nazionale-ists\/"},"modified":"2015-08-01T16:47:49","modified_gmt":"2015-08-01T13:47:49","slug":"zelta-folijas-lapas-nazionale-ists","status":"publish","type":"product","link":"https:\/\/hobstop.ee\/lv\/produkts\/zelta-folijas-lapas-nazionale-ists\/","title":{"rendered":"Zelta folijas lapas Nazionale \u012bsts"},"content":{"rendered":"<p>Nazionale d\u0101rgmet\u0101la virsmas apdares lapu sast\u0101v\u0101 ir zelts vai sudrabs.  Zelts, sudrabs un to sakaus\u0113jumi ir sen\u0101kie met\u0101li.  To plastisk\u0101s \u012bpa\u0161\u012bbas dod iesp\u0113ju izgatavot 0,1\u00b5 biezas lapas.  Pateicoties zemai oksid\u0113\u0161an\u0101s robe\u017eai, sakaus\u0113jumi, kuru sast\u0101v\u0101 ir augsts zelta \u012bpatsvars, ir \u012bpa\u0161i labi piem\u0113roti izmanto\u0161anai \u0101ra apst\u0101k\u013cos.  Zeltu saturo\u0161\u0101s zelt\u012b\u0161anas lapas ir iztur\u012bgas pat agres\u012bv\u0101s j\u016bras apk\u0101rt\u0113j\u0101s vides apst\u0101k\u013cos.  D\u0101rgmet\u0101lus saturo\u0161\u0101s virmas apdares lapas ir piem\u0113rotas izmanto\u0161anai gan iek\u0161telp\u0101s, gan \u0101ra apst\u0101k\u013cos un t\u0101s var lietot gan dekorat\u012bvu deta\u013cu apdarei, gan interesantu efektu pie\u0161\u0137ir\u0161anai gleznojumiem.<\/p>\n","protected":false},"excerpt":{"rendered":"<p>Nazionale d\u0101rgmet\u0101la virsmas apdares lapu sast\u0101v\u0101 ir zelts vai sudrabs. Zelts, sudrabs un to sakaus\u0113jumi ir sen\u0101kie met\u0101li. To plastisk\u0101s \u012bpa\u0161\u012bbas dod iesp\u0113ju izgatavot 0,1\u00b5 biezas lapas. Pateicoties zemai oksid\u0113\u0161an\u0101s robe\u017eai, sakaus\u0113jumi, kuru sast\u0101v\u0101 ir augsts zelta \u012bpatsvars, ir \u012bpa\u0161i labi piem\u0113roti izmanto\u0161anai \u0101ra apst\u0101k\u013cos. Zeltu saturo\u0161\u0101s zelt\u012b\u0161anas lapas ir iztur\u012bgas pat agres\u012bv\u0101s j\u016bras apk\u0101rt\u0113j\u0101s vides apst\u0101k\u013cos. D\u0101rgmet\u0101lus saturo\u0161\u0101s virmas apdares lapas ir piem\u0113rotas izmanto\u0161anai gan iek\u0161telp\u0101s, gan \u0101ra apst\u0101k\u013cos un t\u0101s var lietot gan dekorat\u012bvu deta\u013cu apdarei, gan interesantu efektu pie\u0161\u0137ir\u0161anai gleznojumiem.<\/p>\n","protected":false},"featured_media":353999,"comment_status":"closed","ping_status":"closed","template":"","meta":{"_acf_changed":false,"ep_exclude_from_search":false},"product_cat":[18622,16123,18591],"product_tag":[],"class_list":{"0":"post-196999","1":"product","2":"type-product","3":"status-publish","4":"has-post-thumbnail","6":"product_cat-apzeltisanas-piederumi","7":"product_cat-makslas-piederumi-2","8":"product_cat-zelta-folijas-lapas","10":"first","11":"instock","12":"taxable","13":"shipping-taxable","14":"purchasable","15":"product-type-variable"},"acf":[],"yoast_head":"<!-- This site is optimized with the Yoast SEO plugin v24.1 - https:\/\/yoast.com\/wordpress\/plugins\/seo\/ -->\n<title>Zelta folijas lapas Nazionale \u012bsts &#8211; Skizze<\/title>\n<meta name=\"robots\" content=\"noindex, follow, max-snippet:-1, max-image-preview:large, max-video-preview:-1\" \/>\n<meta property=\"og:locale\" content=\"lv_LV\" \/>\n<meta property=\"og:type\" content=\"article\" \/>\n<meta property=\"og:title\" content=\"Zelta folijas lapas Nazionale \u012bsts &#8211; Skizze\" \/>\n<meta property=\"og:description\" content=\"Nazionale d\u0101rgmet\u0101la virsmas apdares lapu sast\u0101v\u0101 ir zelts vai sudrabs. Zelts, sudrabs un to sakaus\u0113jumi ir sen\u0101kie met\u0101li. To plastisk\u0101s \u012bpa\u0161\u012bbas dod iesp\u0113ju izgatavot 0,1\u00b5 biezas lapas. Pateicoties zemai oksid\u0113\u0161an\u0101s robe\u017eai, sakaus\u0113jumi, kuru sast\u0101v\u0101 ir augsts zelta \u012bpatsvars, ir \u012bpa\u0161i labi piem\u0113roti izmanto\u0161anai \u0101ra apst\u0101k\u013cos. Zeltu saturo\u0161\u0101s zelt\u012b\u0161anas lapas ir iztur\u012bgas pat agres\u012bv\u0101s j\u016bras apk\u0101rt\u0113j\u0101s vides apst\u0101k\u013cos. D\u0101rgmet\u0101lus saturo\u0161\u0101s virmas apdares lapas ir piem\u0113rotas izmanto\u0161anai gan iek\u0161telp\u0101s, gan \u0101ra apst\u0101k\u013cos un t\u0101s var lietot gan dekorat\u012bvu deta\u013cu apdarei, gan interesantu efektu pie\u0161\u0137ir\u0161anai gleznojumiem.\" \/>\n<meta property=\"og:url\" content=\"https:\/\/hobstop.ee\/lv\/produkts\/zelta-folijas-lapas-nazionale-ists\/\" \/>\n<meta property=\"og:site_name\" content=\"Skizze\" \/>\n<meta property=\"article:publisher\" content=\"http:\/\/www.facebook.com\/VunderSkizze\" \/>\n<meta property=\"og:image\" content=\"https:\/\/hobstop.ee\/media\/2642.jpg\" \/>\n\t<meta property=\"og:image:width\" content=\"1024\" \/>\n\t<meta property=\"og:image:height\" content=\"768\" \/>\n\t<meta property=\"og:image:type\" content=\"image\/jpeg\" \/>\n<meta name=\"twitter:card\" content=\"summary_large_image\" \/>\n<meta name=\"twitter:label1\" content=\"Est. reading time\" \/>\n\t<meta name=\"twitter:data1\" content=\"1 min\u016b\u0161u\" \/>\n<script type=\"application\/ld+json\" class=\"yoast-schema-graph\">{\"@context\":\"https:\/\/schema.org\",\"@graph\":[{\"@type\":\"WebPage\",\"@id\":\"https:\/\/hobstop.ee\/lv\/produkts\/zelta-folijas-lapas-nazionale-ists\/\",\"url\":\"https:\/\/hobstop.ee\/lv\/produkts\/zelta-folijas-lapas-nazionale-ists\/\",\"name\":\"Zelta folijas lapas Nazionale \u012bsts &#8211; Skizze\",\"isPartOf\":{\"@id\":\"https:\/\/hobstop.ee\/lv\/#website\"},\"primaryImageOfPage\":{\"@id\":\"https:\/\/hobstop.ee\/lv\/produkts\/zelta-folijas-lapas-nazionale-ists\/#primaryimage\"},\"image\":{\"@id\":\"https:\/\/hobstop.ee\/lv\/produkts\/zelta-folijas-lapas-nazionale-ists\/#primaryimage\"},\"thumbnailUrl\":\"https:\/\/hobstop.ee\/media\/2642.jpg\",\"datePublished\":\"2015-08-01T13:47:49+00:00\",\"dateModified\":\"2015-08-01T13:47:49+00:00\",\"breadcrumb\":{\"@id\":\"https:\/\/hobstop.ee\/lv\/produkts\/zelta-folijas-lapas-nazionale-ists\/#breadcrumb\"},\"inLanguage\":\"lv-LV\",\"potentialAction\":[{\"@type\":\"ReadAction\",\"target\":[\"https:\/\/hobstop.ee\/lv\/produkts\/zelta-folijas-lapas-nazionale-ists\/\"]}]},{\"@type\":\"ImageObject\",\"inLanguage\":\"lv-LV\",\"@id\":\"https:\/\/hobstop.ee\/lv\/produkts\/zelta-folijas-lapas-nazionale-ists\/#primaryimage\",\"url\":\"https:\/\/hobstop.ee\/media\/2642.jpg\",\"contentUrl\":\"https:\/\/hobstop.ee\/media\/2642.jpg\",\"width\":1024,\"height\":768},{\"@type\":\"BreadcrumbList\",\"@id\":\"https:\/\/hobstop.ee\/lv\/produkts\/zelta-folijas-lapas-nazionale-ists\/#breadcrumb\",\"itemListElement\":[{\"@type\":\"ListItem\",\"position\":1,\"name\":\"Avaleht\",\"item\":\"https:\/\/hobstop.ee\/lv\/\"},{\"@type\":\"ListItem\",\"position\":2,\"name\":\"Veikals\",\"item\":\"https:\/\/hobstop.ee\/lv\/veikals\/\"},{\"@type\":\"ListItem\",\"position\":3,\"name\":\"Zelta folijas lapas Nazionale \u012bsts\"}]},{\"@type\":\"WebSite\",\"@id\":\"https:\/\/hobstop.ee\/lv\/#website\",\"url\":\"https:\/\/hobstop.ee\/lv\/\",\"name\":\"Skizze\",\"description\":\"M\u0101kslas, hobiju un skolas preces\",\"publisher\":{\"@id\":\"https:\/\/hobstop.ee\/lv\/#organization\"},\"potentialAction\":[{\"@type\":\"SearchAction\",\"target\":{\"@type\":\"EntryPoint\",\"urlTemplate\":\"https:\/\/hobstop.ee\/lv\/?s={search_term_string}\"},\"query-input\":{\"@type\":\"PropertyValueSpecification\",\"valueRequired\":true,\"valueName\":\"search_term_string\"}}],\"inLanguage\":\"lv-LV\"},{\"@type\":\"Organization\",\"@id\":\"https:\/\/hobstop.ee\/lv\/#organization\",\"name\":\"Vunder AS\",\"url\":\"https:\/\/hobstop.ee\/lv\/\",\"logo\":{\"@type\":\"ImageObject\",\"inLanguage\":\"lv-LV\",\"@id\":\"https:\/\/hobstop.ee\/lv\/#\/schema\/logo\/image\/\",\"url\":\"https:\/\/hobstop.ee\/media\/vunder-logo.png\",\"contentUrl\":\"https:\/\/hobstop.ee\/media\/vunder-logo.png\",\"width\":127,\"height\":55,\"caption\":\"Vunder AS\"},\"image\":{\"@id\":\"https:\/\/hobstop.ee\/lv\/#\/schema\/logo\/image\/\"},\"sameAs\":[\"http:\/\/www.facebook.com\/VunderSkizze\"]}]}<\/script>\n<!-- \/ Yoast SEO plugin. -->","yoast_head_json":{"title":"Zelta folijas lapas Nazionale \u012bsts &#8211; Skizze","robots":{"index":"noindex","follow":"follow","max-snippet":"max-snippet:-1","max-image-preview":"max-image-preview:large","max-video-preview":"max-video-preview:-1"},"og_locale":"lv_LV","og_type":"article","og_title":"Zelta folijas lapas Nazionale \u012bsts &#8211; Skizze","og_description":"Nazionale d\u0101rgmet\u0101la virsmas apdares lapu sast\u0101v\u0101 ir zelts vai sudrabs. Zelts, sudrabs un to sakaus\u0113jumi ir sen\u0101kie met\u0101li. To plastisk\u0101s \u012bpa\u0161\u012bbas dod iesp\u0113ju izgatavot 0,1\u00b5 biezas lapas. Pateicoties zemai oksid\u0113\u0161an\u0101s robe\u017eai, sakaus\u0113jumi, kuru sast\u0101v\u0101 ir augsts zelta \u012bpatsvars, ir \u012bpa\u0161i labi piem\u0113roti izmanto\u0161anai \u0101ra apst\u0101k\u013cos. Zeltu saturo\u0161\u0101s zelt\u012b\u0161anas lapas ir iztur\u012bgas pat agres\u012bv\u0101s j\u016bras apk\u0101rt\u0113j\u0101s vides apst\u0101k\u013cos. D\u0101rgmet\u0101lus saturo\u0161\u0101s virmas apdares lapas ir piem\u0113rotas izmanto\u0161anai gan iek\u0161telp\u0101s, gan \u0101ra apst\u0101k\u013cos un t\u0101s var lietot gan dekorat\u012bvu deta\u013cu apdarei, gan interesantu efektu pie\u0161\u0137ir\u0161anai gleznojumiem.","og_url":"https:\/\/hobstop.ee\/lv\/produkts\/zelta-folijas-lapas-nazionale-ists\/","og_site_name":"Skizze","article_publisher":"http:\/\/www.facebook.com\/VunderSkizze","og_image":[{"width":1024,"height":768,"url":"https:\/\/hobstop.ee\/media\/2642.jpg","type":"image\/jpeg"}],"twitter_card":"summary_large_image","twitter_misc":{"Est. reading time":"1 min\u016b\u0161u"},"schema":{"@context":"https:\/\/schema.org","@graph":[{"@type":"WebPage","@id":"https:\/\/hobstop.ee\/lv\/produkts\/zelta-folijas-lapas-nazionale-ists\/","url":"https:\/\/hobstop.ee\/lv\/produkts\/zelta-folijas-lapas-nazionale-ists\/","name":"Zelta folijas lapas Nazionale \u012bsts &#8211; Skizze","isPartOf":{"@id":"https:\/\/hobstop.ee\/lv\/#website"},"primaryImageOfPage":{"@id":"https:\/\/hobstop.ee\/lv\/produkts\/zelta-folijas-lapas-nazionale-ists\/#primaryimage"},"image":{"@id":"https:\/\/hobstop.ee\/lv\/produkts\/zelta-folijas-lapas-nazionale-ists\/#primaryimage"},"thumbnailUrl":"https:\/\/hobstop.ee\/media\/2642.jpg","datePublished":"2015-08-01T13:47:49+00:00","dateModified":"2015-08-01T13:47:49+00:00","breadcrumb":{"@id":"https:\/\/hobstop.ee\/lv\/produkts\/zelta-folijas-lapas-nazionale-ists\/#breadcrumb"},"inLanguage":"lv-LV","potentialAction":[{"@type":"ReadAction","target":["https:\/\/hobstop.ee\/lv\/produkts\/zelta-folijas-lapas-nazionale-ists\/"]}]},{"@type":"ImageObject","inLanguage":"lv-LV","@id":"https:\/\/hobstop.ee\/lv\/produkts\/zelta-folijas-lapas-nazionale-ists\/#primaryimage","url":"https:\/\/hobstop.ee\/media\/2642.jpg","contentUrl":"https:\/\/hobstop.ee\/media\/2642.jpg","width":1024,"height":768},{"@type":"BreadcrumbList","@id":"https:\/\/hobstop.ee\/lv\/produkts\/zelta-folijas-lapas-nazionale-ists\/#breadcrumb","itemListElement":[{"@type":"ListItem","position":1,"name":"Avaleht","item":"https:\/\/hobstop.ee\/lv\/"},{"@type":"ListItem","position":2,"name":"Veikals","item":"https:\/\/hobstop.ee\/lv\/veikals\/"},{"@type":"ListItem","position":3,"name":"Zelta folijas lapas Nazionale \u012bsts"}]},{"@type":"WebSite","@id":"https:\/\/hobstop.ee\/lv\/#website","url":"https:\/\/hobstop.ee\/lv\/","name":"Skizze","description":"M\u0101kslas, hobiju un skolas preces","publisher":{"@id":"https:\/\/hobstop.ee\/lv\/#organization"},"potentialAction":[{"@type":"SearchAction","target":{"@type":"EntryPoint","urlTemplate":"https:\/\/hobstop.ee\/lv\/?s={search_term_string}"},"query-input":{"@type":"PropertyValueSpecification","valueRequired":true,"valueName":"search_term_string"}}],"inLanguage":"lv-LV"},{"@type":"Organization","@id":"https:\/\/hobstop.ee\/lv\/#organization","name":"Vunder AS","url":"https:\/\/hobstop.ee\/lv\/","logo":{"@type":"ImageObject","inLanguage":"lv-LV","@id":"https:\/\/hobstop.ee\/lv\/#\/schema\/logo\/image\/","url":"https:\/\/hobstop.ee\/media\/vunder-logo.png","contentUrl":"https:\/\/hobstop.ee\/media\/vunder-logo.png","width":127,"height":55,"caption":"Vunder AS"},"image":{"@id":"https:\/\/hobstop.ee\/lv\/#\/schema\/logo\/image\/"},"sameAs":["http:\/\/www.facebook.com\/VunderSkizze"]}]}},"_links":{"self":[{"href":"https:\/\/hobstop.ee\/lv\/wp-json\/wp\/v2\/product\/196999","targetHints":{"allow":["GET"]}}],"collection":[{"href":"https:\/\/hobstop.ee\/lv\/wp-json\/wp\/v2\/product"}],"about":[{"href":"https:\/\/hobstop.ee\/lv\/wp-json\/wp\/v2\/types\/product"}],"replies":[{"embeddable":true,"href":"https:\/\/hobstop.ee\/lv\/wp-json\/wp\/v2\/comments?post=196999"}],"wp:featuredmedia":[{"embeddable":true,"href":"https:\/\/hobstop.ee\/lv\/wp-json\/wp\/v2\/media\/353999"}],"wp:attachment":[{"href":"https:\/\/hobstop.ee\/lv\/wp-json\/wp\/v2\/media?parent=196999"}],"wp:term":[{"taxonomy":"product_cat","embeddable":true,"href":"https:\/\/hobstop.ee\/lv\/wp-json\/wp\/v2\/product_cat?post=196999"},{"taxonomy":"product_tag","embeddable":true,"href":"https:\/\/hobstop.ee\/lv\/wp-json\/wp\/v2\/product_tag?post=196999"}],"curies":[{"name":"wp","href":"https:\/\/api.w.org\/{rel}","templated":true}]}}