{"id":197046,"date":"2015-08-01T16:55:36","date_gmt":"2015-08-01T13:55:36","guid":{"rendered":"http:\/\/vunder-ee.sn25.zone.eu\/lv\/product\/medijs-ox-gall-75ml-akv\/"},"modified":"2015-08-01T16:55:36","modified_gmt":"2015-08-01T13:55:36","slug":"akvarelu-krasu-medijs-lb-ox-gall","status":"publish","type":"product","link":"https:\/\/hobstop.ee\/lv\/produkts\/akvarelu-krasu-medijs-lb-ox-gall\/","title":{"rendered":"Akvare\u013cu kr\u0101su m\u0113dijs L&#038;B Ox Gall"},"content":{"rendered":"<p>Ox Gall tiek izmantots, lai uzlabotu akvare\u013ckr\u0101su notur\u012bbu uz da\u017e\u0101da veida virsm\u0101m. T\u0101pat tas nodro\u0161ina viegl\u0101ku kr\u0101su uzkl\u0101\u0161anu. Pievienojiet Ox Gall \u016bdenim un uzkl\u0101jiet vienu k\u0101rti\u0146u \u0161\u0137\u012bduma uz pap\u012bra pirms uzkl\u0101t to uz gleznas.<\/p>\n","protected":false},"excerpt":{"rendered":"<p>Ox Gall tiek izmantots, lai uzlabotu akvare\u013ckr\u0101su notur\u012bbu uz da\u017e\u0101da veida virsm\u0101m. T\u0101pat tas nodro\u0161ina viegl\u0101ku kr\u0101su uzkl\u0101\u0161anu. Pievienojiet Ox Gall \u016bdenim un uzkl\u0101jiet vienu k\u0101rti\u0146u \u0161\u0137\u012bduma uz pap\u012bra pirms uzkl\u0101t to uz gleznas.<\/p>\n","protected":false},"featured_media":147513,"comment_status":"closed","ping_status":"closed","template":"","meta":{"_acf_changed":false,"ep_exclude_from_search":false},"product_cat":[19003,17980,16123],"product_tag":[],"class_list":{"0":"post-197046","1":"product","2":"type-product","3":"status-publish","4":"has-post-thumbnail","6":"product_cat-akvarelkrasu-mediji-2","7":"product_cat-krasas-un-gleznosanas-paligmateriali","8":"product_cat-makslas-piederumi-2","10":"first","11":"instock","12":"taxable","13":"shipping-taxable","14":"purchasable","15":"product-type-variable"},"acf":[],"yoast_head":"<!-- This site is optimized with the Yoast SEO plugin v24.1 - https:\/\/yoast.com\/wordpress\/plugins\/seo\/ -->\n<title>Akvare\u013cu kr\u0101su m\u0113dijs L&amp;B Ox Gall &#8211; Skizze<\/title>\n<meta name=\"robots\" content=\"noindex, follow, max-snippet:-1, max-image-preview:large, max-video-preview:-1\" \/>\n<meta property=\"og:locale\" content=\"lv_LV\" \/>\n<meta property=\"og:type\" content=\"article\" \/>\n<meta property=\"og:title\" content=\"Akvare\u013cu kr\u0101su m\u0113dijs L&amp;B Ox Gall &#8211; Skizze\" \/>\n<meta property=\"og:description\" content=\"Ox Gall tiek izmantots, lai uzlabotu akvare\u013ckr\u0101su notur\u012bbu uz da\u017e\u0101da veida virsm\u0101m. T\u0101pat tas nodro\u0161ina viegl\u0101ku kr\u0101su uzkl\u0101\u0161anu. Pievienojiet Ox Gall \u016bdenim un uzkl\u0101jiet vienu k\u0101rti\u0146u \u0161\u0137\u012bduma uz pap\u012bra pirms uzkl\u0101t to uz gleznas.\" \/>\n<meta property=\"og:url\" content=\"https:\/\/hobstop.ee\/lv\/produkts\/akvarelu-krasu-medijs-lb-ox-gall\/\" \/>\n<meta property=\"og:site_name\" content=\"Skizze\" \/>\n<meta property=\"article:publisher\" content=\"http:\/\/www.facebook.com\/VunderSkizze\" \/>\n<meta property=\"og:image\" content=\"https:\/\/hobstop.ee\/media\/2839.jpg\" \/>\n\t<meta property=\"og:image:width\" content=\"1024\" \/>\n\t<meta property=\"og:image:height\" content=\"768\" \/>\n\t<meta property=\"og:image:type\" content=\"image\/jpeg\" \/>\n<meta name=\"twitter:card\" content=\"summary_large_image\" \/>\n<script type=\"application\/ld+json\" class=\"yoast-schema-graph\">{\"@context\":\"https:\/\/schema.org\",\"@graph\":[{\"@type\":\"WebPage\",\"@id\":\"https:\/\/hobstop.ee\/lv\/produkts\/akvarelu-krasu-medijs-lb-ox-gall\/\",\"url\":\"https:\/\/hobstop.ee\/lv\/produkts\/akvarelu-krasu-medijs-lb-ox-gall\/\",\"name\":\"Akvare\u013cu kr\u0101su m\u0113dijs L&B Ox Gall &#8211; Skizze\",\"isPartOf\":{\"@id\":\"https:\/\/hobstop.ee\/lv\/#website\"},\"primaryImageOfPage\":{\"@id\":\"https:\/\/hobstop.ee\/lv\/produkts\/akvarelu-krasu-medijs-lb-ox-gall\/#primaryimage\"},\"image\":{\"@id\":\"https:\/\/hobstop.ee\/lv\/produkts\/akvarelu-krasu-medijs-lb-ox-gall\/#primaryimage\"},\"thumbnailUrl\":\"https:\/\/hobstop.ee\/media\/2839.jpg\",\"datePublished\":\"2015-08-01T13:55:36+00:00\",\"dateModified\":\"2015-08-01T13:55:36+00:00\",\"breadcrumb\":{\"@id\":\"https:\/\/hobstop.ee\/lv\/produkts\/akvarelu-krasu-medijs-lb-ox-gall\/#breadcrumb\"},\"inLanguage\":\"lv-LV\",\"potentialAction\":[{\"@type\":\"ReadAction\",\"target\":[\"https:\/\/hobstop.ee\/lv\/produkts\/akvarelu-krasu-medijs-lb-ox-gall\/\"]}]},{\"@type\":\"ImageObject\",\"inLanguage\":\"lv-LV\",\"@id\":\"https:\/\/hobstop.ee\/lv\/produkts\/akvarelu-krasu-medijs-lb-ox-gall\/#primaryimage\",\"url\":\"https:\/\/hobstop.ee\/media\/2839.jpg\",\"contentUrl\":\"https:\/\/hobstop.ee\/media\/2839.jpg\",\"width\":1024,\"height\":768},{\"@type\":\"BreadcrumbList\",\"@id\":\"https:\/\/hobstop.ee\/lv\/produkts\/akvarelu-krasu-medijs-lb-ox-gall\/#breadcrumb\",\"itemListElement\":[{\"@type\":\"ListItem\",\"position\":1,\"name\":\"Avaleht\",\"item\":\"https:\/\/hobstop.ee\/lv\/\"},{\"@type\":\"ListItem\",\"position\":2,\"name\":\"Veikals\",\"item\":\"https:\/\/hobstop.ee\/lv\/veikals\/\"},{\"@type\":\"ListItem\",\"position\":3,\"name\":\"Akvare\u013cu kr\u0101su m\u0113dijs L&#038;B Ox Gall\"}]},{\"@type\":\"WebSite\",\"@id\":\"https:\/\/hobstop.ee\/lv\/#website\",\"url\":\"https:\/\/hobstop.ee\/lv\/\",\"name\":\"Skizze\",\"description\":\"M\u0101kslas, hobiju un skolas preces\",\"publisher\":{\"@id\":\"https:\/\/hobstop.ee\/lv\/#organization\"},\"potentialAction\":[{\"@type\":\"SearchAction\",\"target\":{\"@type\":\"EntryPoint\",\"urlTemplate\":\"https:\/\/hobstop.ee\/lv\/?s={search_term_string}\"},\"query-input\":{\"@type\":\"PropertyValueSpecification\",\"valueRequired\":true,\"valueName\":\"search_term_string\"}}],\"inLanguage\":\"lv-LV\"},{\"@type\":\"Organization\",\"@id\":\"https:\/\/hobstop.ee\/lv\/#organization\",\"name\":\"Vunder AS\",\"url\":\"https:\/\/hobstop.ee\/lv\/\",\"logo\":{\"@type\":\"ImageObject\",\"inLanguage\":\"lv-LV\",\"@id\":\"https:\/\/hobstop.ee\/lv\/#\/schema\/logo\/image\/\",\"url\":\"https:\/\/hobstop.ee\/media\/vunder-logo.png\",\"contentUrl\":\"https:\/\/hobstop.ee\/media\/vunder-logo.png\",\"width\":127,\"height\":55,\"caption\":\"Vunder AS\"},\"image\":{\"@id\":\"https:\/\/hobstop.ee\/lv\/#\/schema\/logo\/image\/\"},\"sameAs\":[\"http:\/\/www.facebook.com\/VunderSkizze\"]}]}<\/script>\n<!-- \/ Yoast SEO plugin. -->","yoast_head_json":{"title":"Akvare\u013cu kr\u0101su m\u0113dijs L&B Ox Gall &#8211; Skizze","robots":{"index":"noindex","follow":"follow","max-snippet":"max-snippet:-1","max-image-preview":"max-image-preview:large","max-video-preview":"max-video-preview:-1"},"og_locale":"lv_LV","og_type":"article","og_title":"Akvare\u013cu kr\u0101su m\u0113dijs L&B Ox Gall &#8211; Skizze","og_description":"Ox Gall tiek izmantots, lai uzlabotu akvare\u013ckr\u0101su notur\u012bbu uz da\u017e\u0101da veida virsm\u0101m. T\u0101pat tas nodro\u0161ina viegl\u0101ku kr\u0101su uzkl\u0101\u0161anu. Pievienojiet Ox Gall \u016bdenim un uzkl\u0101jiet vienu k\u0101rti\u0146u \u0161\u0137\u012bduma uz pap\u012bra pirms uzkl\u0101t to uz gleznas.","og_url":"https:\/\/hobstop.ee\/lv\/produkts\/akvarelu-krasu-medijs-lb-ox-gall\/","og_site_name":"Skizze","article_publisher":"http:\/\/www.facebook.com\/VunderSkizze","og_image":[{"width":1024,"height":768,"url":"https:\/\/hobstop.ee\/media\/2839.jpg","type":"image\/jpeg"}],"twitter_card":"summary_large_image","schema":{"@context":"https:\/\/schema.org","@graph":[{"@type":"WebPage","@id":"https:\/\/hobstop.ee\/lv\/produkts\/akvarelu-krasu-medijs-lb-ox-gall\/","url":"https:\/\/hobstop.ee\/lv\/produkts\/akvarelu-krasu-medijs-lb-ox-gall\/","name":"Akvare\u013cu kr\u0101su m\u0113dijs L&B Ox Gall &#8211; Skizze","isPartOf":{"@id":"https:\/\/hobstop.ee\/lv\/#website"},"primaryImageOfPage":{"@id":"https:\/\/hobstop.ee\/lv\/produkts\/akvarelu-krasu-medijs-lb-ox-gall\/#primaryimage"},"image":{"@id":"https:\/\/hobstop.ee\/lv\/produkts\/akvarelu-krasu-medijs-lb-ox-gall\/#primaryimage"},"thumbnailUrl":"https:\/\/hobstop.ee\/media\/2839.jpg","datePublished":"2015-08-01T13:55:36+00:00","dateModified":"2015-08-01T13:55:36+00:00","breadcrumb":{"@id":"https:\/\/hobstop.ee\/lv\/produkts\/akvarelu-krasu-medijs-lb-ox-gall\/#breadcrumb"},"inLanguage":"lv-LV","potentialAction":[{"@type":"ReadAction","target":["https:\/\/hobstop.ee\/lv\/produkts\/akvarelu-krasu-medijs-lb-ox-gall\/"]}]},{"@type":"ImageObject","inLanguage":"lv-LV","@id":"https:\/\/hobstop.ee\/lv\/produkts\/akvarelu-krasu-medijs-lb-ox-gall\/#primaryimage","url":"https:\/\/hobstop.ee\/media\/2839.jpg","contentUrl":"https:\/\/hobstop.ee\/media\/2839.jpg","width":1024,"height":768},{"@type":"BreadcrumbList","@id":"https:\/\/hobstop.ee\/lv\/produkts\/akvarelu-krasu-medijs-lb-ox-gall\/#breadcrumb","itemListElement":[{"@type":"ListItem","position":1,"name":"Avaleht","item":"https:\/\/hobstop.ee\/lv\/"},{"@type":"ListItem","position":2,"name":"Veikals","item":"https:\/\/hobstop.ee\/lv\/veikals\/"},{"@type":"ListItem","position":3,"name":"Akvare\u013cu kr\u0101su m\u0113dijs L&#038;B Ox Gall"}]},{"@type":"WebSite","@id":"https:\/\/hobstop.ee\/lv\/#website","url":"https:\/\/hobstop.ee\/lv\/","name":"Skizze","description":"M\u0101kslas, hobiju un skolas preces","publisher":{"@id":"https:\/\/hobstop.ee\/lv\/#organization"},"potentialAction":[{"@type":"SearchAction","target":{"@type":"EntryPoint","urlTemplate":"https:\/\/hobstop.ee\/lv\/?s={search_term_string}"},"query-input":{"@type":"PropertyValueSpecification","valueRequired":true,"valueName":"search_term_string"}}],"inLanguage":"lv-LV"},{"@type":"Organization","@id":"https:\/\/hobstop.ee\/lv\/#organization","name":"Vunder AS","url":"https:\/\/hobstop.ee\/lv\/","logo":{"@type":"ImageObject","inLanguage":"lv-LV","@id":"https:\/\/hobstop.ee\/lv\/#\/schema\/logo\/image\/","url":"https:\/\/hobstop.ee\/media\/vunder-logo.png","contentUrl":"https:\/\/hobstop.ee\/media\/vunder-logo.png","width":127,"height":55,"caption":"Vunder AS"},"image":{"@id":"https:\/\/hobstop.ee\/lv\/#\/schema\/logo\/image\/"},"sameAs":["http:\/\/www.facebook.com\/VunderSkizze"]}]}},"_links":{"self":[{"href":"https:\/\/hobstop.ee\/lv\/wp-json\/wp\/v2\/product\/197046","targetHints":{"allow":["GET"]}}],"collection":[{"href":"https:\/\/hobstop.ee\/lv\/wp-json\/wp\/v2\/product"}],"about":[{"href":"https:\/\/hobstop.ee\/lv\/wp-json\/wp\/v2\/types\/product"}],"replies":[{"embeddable":true,"href":"https:\/\/hobstop.ee\/lv\/wp-json\/wp\/v2\/comments?post=197046"}],"wp:featuredmedia":[{"embeddable":true,"href":"https:\/\/hobstop.ee\/lv\/wp-json\/wp\/v2\/media\/147513"}],"wp:attachment":[{"href":"https:\/\/hobstop.ee\/lv\/wp-json\/wp\/v2\/media?parent=197046"}],"wp:term":[{"taxonomy":"product_cat","embeddable":true,"href":"https:\/\/hobstop.ee\/lv\/wp-json\/wp\/v2\/product_cat?post=197046"},{"taxonomy":"product_tag","embeddable":true,"href":"https:\/\/hobstop.ee\/lv\/wp-json\/wp\/v2\/product_tag?post=197046"}],"curies":[{"name":"wp","href":"https:\/\/api.w.org\/{rel}","templated":true}]}}