{"id":197063,"date":"2015-08-01T16:58:48","date_gmt":"2015-08-01T13:58:48","guid":{"rendered":"http:\/\/vunder-ee.sn25.zone.eu\/lv\/product\/modelesanas-pasta-akrilam-liquitex-light\/"},"modified":"2015-08-01T16:58:48","modified_gmt":"2015-08-01T13:58:48","slug":"modelesanas-pasta-akrilam-liquitex-light","status":"publish","type":"product","link":"https:\/\/hobstop.ee\/lv\/produkts\/modelesanas-pasta-akrilam-liquitex-light\/","title":{"rendered":"Model\u0113\u0161anas pasta akrilam Liquitex Light"},"content":{"rendered":"<p>Model\u0113\u0161anas pasta Liquitex Light ir viegls marmora putek\u013cu un polim\u0113remulsijas mais\u012bjums. Rezult\u0101ts paliek mat\u0113ts un iz\u017e\u016bstot necaursp\u012bd\u012bgs. Var iejaukt akrila kr\u0101s\u0101 vai kl\u0101t zem kr\u0101sas sl\u0101\u0146a. Izmantot uz neelast\u012bgas virsmas, lai nov\u0113rstu kr\u0101sas sl\u0101\u0146a saplais\u0101\u0161anu.<\/p>\n","protected":false},"excerpt":{"rendered":"<p>Model\u0113\u0161anas pasta Liquitex Light ir viegls marmora putek\u013cu un polim\u0113remulsijas mais\u012bjums. Rezult\u0101ts paliek mat\u0113ts un iz\u017e\u016bstot necaursp\u012bd\u012bgs. Var iejaukt akrila kr\u0101s\u0101 vai kl\u0101t zem kr\u0101sas sl\u0101\u0146a. Izmantot uz neelast\u012bgas virsmas, lai nov\u0113rstu kr\u0101sas sl\u0101\u0146a saplais\u0101\u0161anu.<\/p>\n","protected":false},"featured_media":353839,"comment_status":"closed","ping_status":"closed","template":"","meta":{"_acf_changed":false,"ep_exclude_from_search":false},"product_cat":[18997,17980,16123],"product_tag":[],"class_list":{"0":"post-197063","1":"product","2":"type-product","3":"status-publish","4":"has-post-thumbnail","6":"product_cat-akrilkrasu-mediji-3","7":"product_cat-krasas-un-gleznosanas-paligmateriali","8":"product_cat-makslas-piederumi-2","10":"first","11":"outofstock","12":"taxable","13":"shipping-taxable","14":"purchasable","15":"product-type-variable"},"acf":[],"yoast_head":"<!-- This site is optimized with the Yoast SEO plugin v24.1 - https:\/\/yoast.com\/wordpress\/plugins\/seo\/ -->\n<title>Model\u0113\u0161anas pasta akrilam Liquitex Light &#8211; Skizze<\/title>\n<meta name=\"robots\" content=\"noindex, follow, max-snippet:-1, max-image-preview:large, max-video-preview:-1\" \/>\n<meta property=\"og:locale\" content=\"lv_LV\" \/>\n<meta property=\"og:type\" content=\"article\" \/>\n<meta property=\"og:title\" content=\"Model\u0113\u0161anas pasta akrilam Liquitex Light &#8211; Skizze\" \/>\n<meta property=\"og:description\" content=\"Model\u0113\u0161anas pasta Liquitex Light ir viegls marmora putek\u013cu un polim\u0113remulsijas mais\u012bjums. Rezult\u0101ts paliek mat\u0113ts un iz\u017e\u016bstot necaursp\u012bd\u012bgs. Var iejaukt akrila kr\u0101s\u0101 vai kl\u0101t zem kr\u0101sas sl\u0101\u0146a. Izmantot uz neelast\u012bgas virsmas, lai nov\u0113rstu kr\u0101sas sl\u0101\u0146a saplais\u0101\u0161anu.\" \/>\n<meta property=\"og:url\" content=\"https:\/\/hobstop.ee\/lv\/produkts\/modelesanas-pasta-akrilam-liquitex-light\/\" \/>\n<meta property=\"og:site_name\" content=\"Skizze\" \/>\n<meta property=\"article:publisher\" content=\"http:\/\/www.facebook.com\/VunderSkizze\" \/>\n<meta property=\"og:image\" content=\"https:\/\/hobstop.ee\/media\/3131.jpg\" \/>\n\t<meta property=\"og:image:width\" content=\"1024\" \/>\n\t<meta property=\"og:image:height\" content=\"768\" \/>\n\t<meta property=\"og:image:type\" content=\"image\/jpeg\" \/>\n<meta name=\"twitter:card\" content=\"summary_large_image\" \/>\n<script type=\"application\/ld+json\" class=\"yoast-schema-graph\">{\"@context\":\"https:\/\/schema.org\",\"@graph\":[{\"@type\":\"WebPage\",\"@id\":\"https:\/\/hobstop.ee\/lv\/produkts\/modelesanas-pasta-akrilam-liquitex-light\/\",\"url\":\"https:\/\/hobstop.ee\/lv\/produkts\/modelesanas-pasta-akrilam-liquitex-light\/\",\"name\":\"Model\u0113\u0161anas pasta akrilam Liquitex Light &#8211; Skizze\",\"isPartOf\":{\"@id\":\"https:\/\/hobstop.ee\/lv\/#website\"},\"primaryImageOfPage\":{\"@id\":\"https:\/\/hobstop.ee\/lv\/produkts\/modelesanas-pasta-akrilam-liquitex-light\/#primaryimage\"},\"image\":{\"@id\":\"https:\/\/hobstop.ee\/lv\/produkts\/modelesanas-pasta-akrilam-liquitex-light\/#primaryimage\"},\"thumbnailUrl\":\"https:\/\/hobstop.ee\/media\/3131.jpg\",\"datePublished\":\"2015-08-01T13:58:48+00:00\",\"dateModified\":\"2015-08-01T13:58:48+00:00\",\"breadcrumb\":{\"@id\":\"https:\/\/hobstop.ee\/lv\/produkts\/modelesanas-pasta-akrilam-liquitex-light\/#breadcrumb\"},\"inLanguage\":\"lv-LV\",\"potentialAction\":[{\"@type\":\"ReadAction\",\"target\":[\"https:\/\/hobstop.ee\/lv\/produkts\/modelesanas-pasta-akrilam-liquitex-light\/\"]}]},{\"@type\":\"ImageObject\",\"inLanguage\":\"lv-LV\",\"@id\":\"https:\/\/hobstop.ee\/lv\/produkts\/modelesanas-pasta-akrilam-liquitex-light\/#primaryimage\",\"url\":\"https:\/\/hobstop.ee\/media\/3131.jpg\",\"contentUrl\":\"https:\/\/hobstop.ee\/media\/3131.jpg\",\"width\":1024,\"height\":768},{\"@type\":\"BreadcrumbList\",\"@id\":\"https:\/\/hobstop.ee\/lv\/produkts\/modelesanas-pasta-akrilam-liquitex-light\/#breadcrumb\",\"itemListElement\":[{\"@type\":\"ListItem\",\"position\":1,\"name\":\"Avaleht\",\"item\":\"https:\/\/www.hobstop.ee\/lv\/\"},{\"@type\":\"ListItem\",\"position\":2,\"name\":\"Veikals\",\"item\":\"https:\/\/www.hobstop.ee\/lv\/veikals\/\"},{\"@type\":\"ListItem\",\"position\":3,\"name\":\"Model\u0113\u0161anas pasta akrilam Liquitex Light\"}]},{\"@type\":\"WebSite\",\"@id\":\"https:\/\/hobstop.ee\/lv\/#website\",\"url\":\"https:\/\/hobstop.ee\/lv\/\",\"name\":\"Skizze\",\"description\":\"M\u0101kslas, hobiju un skolas preces\",\"publisher\":{\"@id\":\"https:\/\/hobstop.ee\/lv\/#organization\"},\"potentialAction\":[{\"@type\":\"SearchAction\",\"target\":{\"@type\":\"EntryPoint\",\"urlTemplate\":\"https:\/\/hobstop.ee\/lv\/?s={search_term_string}\"},\"query-input\":{\"@type\":\"PropertyValueSpecification\",\"valueRequired\":true,\"valueName\":\"search_term_string\"}}],\"inLanguage\":\"lv-LV\"},{\"@type\":\"Organization\",\"@id\":\"https:\/\/hobstop.ee\/lv\/#organization\",\"name\":\"Vunder AS\",\"url\":\"https:\/\/hobstop.ee\/lv\/\",\"logo\":{\"@type\":\"ImageObject\",\"inLanguage\":\"lv-LV\",\"@id\":\"https:\/\/hobstop.ee\/lv\/#\/schema\/logo\/image\/\",\"url\":\"https:\/\/hobstop.ee\/media\/vunder-logo.png\",\"contentUrl\":\"https:\/\/hobstop.ee\/media\/vunder-logo.png\",\"width\":127,\"height\":55,\"caption\":\"Vunder AS\"},\"image\":{\"@id\":\"https:\/\/hobstop.ee\/lv\/#\/schema\/logo\/image\/\"},\"sameAs\":[\"http:\/\/www.facebook.com\/VunderSkizze\"]}]}<\/script>\n<!-- \/ Yoast SEO plugin. -->","yoast_head_json":{"title":"Model\u0113\u0161anas pasta akrilam Liquitex Light &#8211; Skizze","robots":{"index":"noindex","follow":"follow","max-snippet":"max-snippet:-1","max-image-preview":"max-image-preview:large","max-video-preview":"max-video-preview:-1"},"og_locale":"lv_LV","og_type":"article","og_title":"Model\u0113\u0161anas pasta akrilam Liquitex Light &#8211; Skizze","og_description":"Model\u0113\u0161anas pasta Liquitex Light ir viegls marmora putek\u013cu un polim\u0113remulsijas mais\u012bjums. Rezult\u0101ts paliek mat\u0113ts un iz\u017e\u016bstot necaursp\u012bd\u012bgs. Var iejaukt akrila kr\u0101s\u0101 vai kl\u0101t zem kr\u0101sas sl\u0101\u0146a. Izmantot uz neelast\u012bgas virsmas, lai nov\u0113rstu kr\u0101sas sl\u0101\u0146a saplais\u0101\u0161anu.","og_url":"https:\/\/hobstop.ee\/lv\/produkts\/modelesanas-pasta-akrilam-liquitex-light\/","og_site_name":"Skizze","article_publisher":"http:\/\/www.facebook.com\/VunderSkizze","og_image":[{"width":1024,"height":768,"url":"https:\/\/hobstop.ee\/media\/3131.jpg","type":"image\/jpeg"}],"twitter_card":"summary_large_image","schema":{"@context":"https:\/\/schema.org","@graph":[{"@type":"WebPage","@id":"https:\/\/hobstop.ee\/lv\/produkts\/modelesanas-pasta-akrilam-liquitex-light\/","url":"https:\/\/hobstop.ee\/lv\/produkts\/modelesanas-pasta-akrilam-liquitex-light\/","name":"Model\u0113\u0161anas pasta akrilam Liquitex Light &#8211; Skizze","isPartOf":{"@id":"https:\/\/hobstop.ee\/lv\/#website"},"primaryImageOfPage":{"@id":"https:\/\/hobstop.ee\/lv\/produkts\/modelesanas-pasta-akrilam-liquitex-light\/#primaryimage"},"image":{"@id":"https:\/\/hobstop.ee\/lv\/produkts\/modelesanas-pasta-akrilam-liquitex-light\/#primaryimage"},"thumbnailUrl":"https:\/\/hobstop.ee\/media\/3131.jpg","datePublished":"2015-08-01T13:58:48+00:00","dateModified":"2015-08-01T13:58:48+00:00","breadcrumb":{"@id":"https:\/\/hobstop.ee\/lv\/produkts\/modelesanas-pasta-akrilam-liquitex-light\/#breadcrumb"},"inLanguage":"lv-LV","potentialAction":[{"@type":"ReadAction","target":["https:\/\/hobstop.ee\/lv\/produkts\/modelesanas-pasta-akrilam-liquitex-light\/"]}]},{"@type":"ImageObject","inLanguage":"lv-LV","@id":"https:\/\/hobstop.ee\/lv\/produkts\/modelesanas-pasta-akrilam-liquitex-light\/#primaryimage","url":"https:\/\/hobstop.ee\/media\/3131.jpg","contentUrl":"https:\/\/hobstop.ee\/media\/3131.jpg","width":1024,"height":768},{"@type":"BreadcrumbList","@id":"https:\/\/hobstop.ee\/lv\/produkts\/modelesanas-pasta-akrilam-liquitex-light\/#breadcrumb","itemListElement":[{"@type":"ListItem","position":1,"name":"Avaleht","item":"https:\/\/www.hobstop.ee\/lv\/"},{"@type":"ListItem","position":2,"name":"Veikals","item":"https:\/\/www.hobstop.ee\/lv\/veikals\/"},{"@type":"ListItem","position":3,"name":"Model\u0113\u0161anas pasta akrilam Liquitex Light"}]},{"@type":"WebSite","@id":"https:\/\/hobstop.ee\/lv\/#website","url":"https:\/\/hobstop.ee\/lv\/","name":"Skizze","description":"M\u0101kslas, hobiju un skolas preces","publisher":{"@id":"https:\/\/hobstop.ee\/lv\/#organization"},"potentialAction":[{"@type":"SearchAction","target":{"@type":"EntryPoint","urlTemplate":"https:\/\/hobstop.ee\/lv\/?s={search_term_string}"},"query-input":{"@type":"PropertyValueSpecification","valueRequired":true,"valueName":"search_term_string"}}],"inLanguage":"lv-LV"},{"@type":"Organization","@id":"https:\/\/hobstop.ee\/lv\/#organization","name":"Vunder AS","url":"https:\/\/hobstop.ee\/lv\/","logo":{"@type":"ImageObject","inLanguage":"lv-LV","@id":"https:\/\/hobstop.ee\/lv\/#\/schema\/logo\/image\/","url":"https:\/\/hobstop.ee\/media\/vunder-logo.png","contentUrl":"https:\/\/hobstop.ee\/media\/vunder-logo.png","width":127,"height":55,"caption":"Vunder AS"},"image":{"@id":"https:\/\/hobstop.ee\/lv\/#\/schema\/logo\/image\/"},"sameAs":["http:\/\/www.facebook.com\/VunderSkizze"]}]}},"_links":{"self":[{"href":"https:\/\/hobstop.ee\/lv\/wp-json\/wp\/v2\/product\/197063","targetHints":{"allow":["GET"]}}],"collection":[{"href":"https:\/\/hobstop.ee\/lv\/wp-json\/wp\/v2\/product"}],"about":[{"href":"https:\/\/hobstop.ee\/lv\/wp-json\/wp\/v2\/types\/product"}],"replies":[{"embeddable":true,"href":"https:\/\/hobstop.ee\/lv\/wp-json\/wp\/v2\/comments?post=197063"}],"wp:featuredmedia":[{"embeddable":true,"href":"https:\/\/hobstop.ee\/lv\/wp-json\/wp\/v2\/media\/353839"}],"wp:attachment":[{"href":"https:\/\/hobstop.ee\/lv\/wp-json\/wp\/v2\/media?parent=197063"}],"wp:term":[{"taxonomy":"product_cat","embeddable":true,"href":"https:\/\/hobstop.ee\/lv\/wp-json\/wp\/v2\/product_cat?post=197063"},{"taxonomy":"product_tag","embeddable":true,"href":"https:\/\/hobstop.ee\/lv\/wp-json\/wp\/v2\/product_tag?post=197063"}],"curies":[{"name":"wp","href":"https:\/\/api.w.org\/{rel}","templated":true}]}}