{"id":197087,"date":"2014-11-27T20:56:56","date_gmt":"2015-08-01T14:02:34","guid":{"rendered":"http:\/\/vunder-ee.sn25.zone.eu\/lv\/product\/krasotaja-limlente-tesa-2\/"},"modified":"2015-08-01T17:02:34","modified_gmt":"2015-08-01T14:02:34","slug":"krasotaja-limlente-tesa-2","status":"publish","type":"product","link":"https:\/\/hobstop.ee\/lv\/produkts\/krasotaja-limlente-tesa-2\/","title":{"rendered":"Kr\u0101sot\u0101ja l\u012bmlente Tesa"},"content":{"rendered":"<p>Dzelten\u012bgas kr\u0101sas, univers\u0101la kr\u0101sot\u0101ju l\u012bmlente izmanto\u0161anai iek\u0161telp\u0101s. Piem\u0113rota kr\u0101so\u0161anas un nokl\u0101\u0161anas darbiem, k\u0101 ar\u012b nostiprin\u0101\u0161anai.  Iztur\u012bga pret visa veida kr\u0101s\u0101m.  L\u012bmlentes pamatmateri\u0101ls\u2013 viegli krep\u0113ts pap\u012brs, l\u012bmes veids \u2013 dab\u012bg\u0101 kau\u010duka l\u012bme, l\u012bmlentes biezums \u2013 125 mic.  Temperat\u016bras notur\u012bba +60\u00b0C 1 stunda. Neatst\u0101j p\u0113das, no\u0146emot 3 dienu laik\u0101.<\/p>\n","protected":false},"excerpt":{"rendered":"<p>Dzelten\u012bgas kr\u0101sas, univers\u0101la kr\u0101sot\u0101ju l\u012bmlente izmanto\u0161anai iek\u0161telp\u0101s. Piem\u0113rota kr\u0101so\u0161anas un nokl\u0101\u0161anas darbiem, k\u0101 ar\u012b nostiprin\u0101\u0161anai. Iztur\u012bga pret visa veida kr\u0101s\u0101m. L\u012bmlentes pamatmateri\u0101ls\u2013 viegli krep\u0113ts pap\u012brs, l\u012bmes veids \u2013 dab\u012bg\u0101 kau\u010duka l\u012bme, l\u012bmlentes biezums \u2013 125 mic. Temperat\u016bras notur\u012bba +60\u00b0C 1 stunda. Neatst\u0101j p\u0113das, no\u0146emot 3 dienu laik\u0101.<\/p>\n","protected":false},"featured_media":159900,"comment_status":"closed","ping_status":"closed","template":"","meta":{"_acf_changed":false,"ep_exclude_from_search":false},"product_cat":[17913,18054,18919],"product_tag":[],"class_list":{"0":"post-197087","1":"product","2":"type-product","3":"status-publish","4":"has-post-thumbnail","6":"product_cat-biroja-preces","7":"product_cat-limlentes-2","8":"product_cat-ofisa-preces-4","9":"pa_kma-8927","11":"first","12":"instock","13":"taxable","14":"shipping-taxable","15":"purchasable","16":"product-type-variable"},"acf":[],"yoast_head":"<!-- This site is optimized with the Yoast SEO plugin v24.1 - https:\/\/yoast.com\/wordpress\/plugins\/seo\/ -->\n<title>Kr\u0101sot\u0101ja l\u012bmlente Tesa &#8211; Skizze<\/title>\n<meta name=\"robots\" content=\"noindex, follow, max-snippet:-1, max-image-preview:large, max-video-preview:-1\" \/>\n<meta property=\"og:locale\" content=\"lv_LV\" \/>\n<meta property=\"og:type\" content=\"article\" \/>\n<meta property=\"og:title\" content=\"Kr\u0101sot\u0101ja l\u012bmlente Tesa &#8211; Skizze\" \/>\n<meta property=\"og:description\" content=\"Dzelten\u012bgas kr\u0101sas, univers\u0101la kr\u0101sot\u0101ju l\u012bmlente izmanto\u0161anai iek\u0161telp\u0101s. Piem\u0113rota kr\u0101so\u0161anas un nokl\u0101\u0161anas darbiem, k\u0101 ar\u012b nostiprin\u0101\u0161anai. Iztur\u012bga pret visa veida kr\u0101s\u0101m. L\u012bmlentes pamatmateri\u0101ls\u2013 viegli krep\u0113ts pap\u012brs, l\u012bmes veids \u2013 dab\u012bg\u0101 kau\u010duka l\u012bme, l\u012bmlentes biezums \u2013 125 mic. Temperat\u016bras notur\u012bba +60\u00b0C 1 stunda. Neatst\u0101j p\u0113das, no\u0146emot 3 dienu laik\u0101.\" \/>\n<meta property=\"og:url\" content=\"https:\/\/hobstop.ee\/lv\/produkts\/krasotaja-limlente-tesa-2\/\" \/>\n<meta property=\"og:site_name\" content=\"Skizze\" \/>\n<meta property=\"article:publisher\" content=\"http:\/\/www.facebook.com\/VunderSkizze\" \/>\n<meta property=\"og:image\" content=\"https:\/\/hobstop.ee\/media\/3594.jpg\" \/>\n\t<meta property=\"og:image:width\" content=\"1024\" \/>\n\t<meta property=\"og:image:height\" content=\"768\" \/>\n\t<meta property=\"og:image:type\" content=\"image\/jpeg\" \/>\n<meta name=\"twitter:card\" content=\"summary_large_image\" \/>\n<script type=\"application\/ld+json\" class=\"yoast-schema-graph\">{\"@context\":\"https:\/\/schema.org\",\"@graph\":[{\"@type\":\"WebPage\",\"@id\":\"https:\/\/hobstop.ee\/lv\/produkts\/krasotaja-limlente-tesa-2\/\",\"url\":\"https:\/\/hobstop.ee\/lv\/produkts\/krasotaja-limlente-tesa-2\/\",\"name\":\"Kr\u0101sot\u0101ja l\u012bmlente Tesa &#8211; Skizze\",\"isPartOf\":{\"@id\":\"https:\/\/hobstop.ee\/lv\/#website\"},\"primaryImageOfPage\":{\"@id\":\"https:\/\/hobstop.ee\/lv\/produkts\/krasotaja-limlente-tesa-2\/#primaryimage\"},\"image\":{\"@id\":\"https:\/\/hobstop.ee\/lv\/produkts\/krasotaja-limlente-tesa-2\/#primaryimage\"},\"thumbnailUrl\":\"https:\/\/hobstop.ee\/media\/3594.jpg\",\"datePublished\":\"2015-08-01T14:02:34+00:00\",\"dateModified\":\"2015-08-01T14:02:34+00:00\",\"breadcrumb\":{\"@id\":\"https:\/\/hobstop.ee\/lv\/produkts\/krasotaja-limlente-tesa-2\/#breadcrumb\"},\"inLanguage\":\"lv-LV\",\"potentialAction\":[{\"@type\":\"ReadAction\",\"target\":[\"https:\/\/hobstop.ee\/lv\/produkts\/krasotaja-limlente-tesa-2\/\"]}]},{\"@type\":\"ImageObject\",\"inLanguage\":\"lv-LV\",\"@id\":\"https:\/\/hobstop.ee\/lv\/produkts\/krasotaja-limlente-tesa-2\/#primaryimage\",\"url\":\"https:\/\/hobstop.ee\/media\/3594.jpg\",\"contentUrl\":\"https:\/\/hobstop.ee\/media\/3594.jpg\",\"width\":1024,\"height\":768},{\"@type\":\"BreadcrumbList\",\"@id\":\"https:\/\/hobstop.ee\/lv\/produkts\/krasotaja-limlente-tesa-2\/#breadcrumb\",\"itemListElement\":[{\"@type\":\"ListItem\",\"position\":1,\"name\":\"Avaleht\",\"item\":\"https:\/\/www.hobstop.ee\/lv\/\"},{\"@type\":\"ListItem\",\"position\":2,\"name\":\"Veikals\",\"item\":\"https:\/\/www.hobstop.ee\/lv\/veikals\/\"},{\"@type\":\"ListItem\",\"position\":3,\"name\":\"Kr\u0101sot\u0101ja l\u012bmlente Tesa\"}]},{\"@type\":\"WebSite\",\"@id\":\"https:\/\/hobstop.ee\/lv\/#website\",\"url\":\"https:\/\/hobstop.ee\/lv\/\",\"name\":\"Skizze\",\"description\":\"M\u0101kslas, hobiju un skolas preces\",\"publisher\":{\"@id\":\"https:\/\/hobstop.ee\/lv\/#organization\"},\"potentialAction\":[{\"@type\":\"SearchAction\",\"target\":{\"@type\":\"EntryPoint\",\"urlTemplate\":\"https:\/\/hobstop.ee\/lv\/?s={search_term_string}\"},\"query-input\":{\"@type\":\"PropertyValueSpecification\",\"valueRequired\":true,\"valueName\":\"search_term_string\"}}],\"inLanguage\":\"lv-LV\"},{\"@type\":\"Organization\",\"@id\":\"https:\/\/hobstop.ee\/lv\/#organization\",\"name\":\"Vunder AS\",\"url\":\"https:\/\/hobstop.ee\/lv\/\",\"logo\":{\"@type\":\"ImageObject\",\"inLanguage\":\"lv-LV\",\"@id\":\"https:\/\/hobstop.ee\/lv\/#\/schema\/logo\/image\/\",\"url\":\"https:\/\/hobstop.ee\/media\/vunder-logo.png\",\"contentUrl\":\"https:\/\/hobstop.ee\/media\/vunder-logo.png\",\"width\":127,\"height\":55,\"caption\":\"Vunder AS\"},\"image\":{\"@id\":\"https:\/\/hobstop.ee\/lv\/#\/schema\/logo\/image\/\"},\"sameAs\":[\"http:\/\/www.facebook.com\/VunderSkizze\"]}]}<\/script>\n<!-- \/ Yoast SEO plugin. -->","yoast_head_json":{"title":"Kr\u0101sot\u0101ja l\u012bmlente Tesa &#8211; Skizze","robots":{"index":"noindex","follow":"follow","max-snippet":"max-snippet:-1","max-image-preview":"max-image-preview:large","max-video-preview":"max-video-preview:-1"},"og_locale":"lv_LV","og_type":"article","og_title":"Kr\u0101sot\u0101ja l\u012bmlente Tesa &#8211; Skizze","og_description":"Dzelten\u012bgas kr\u0101sas, univers\u0101la kr\u0101sot\u0101ju l\u012bmlente izmanto\u0161anai iek\u0161telp\u0101s. Piem\u0113rota kr\u0101so\u0161anas un nokl\u0101\u0161anas darbiem, k\u0101 ar\u012b nostiprin\u0101\u0161anai. Iztur\u012bga pret visa veida kr\u0101s\u0101m. L\u012bmlentes pamatmateri\u0101ls\u2013 viegli krep\u0113ts pap\u012brs, l\u012bmes veids \u2013 dab\u012bg\u0101 kau\u010duka l\u012bme, l\u012bmlentes biezums \u2013 125 mic. Temperat\u016bras notur\u012bba +60\u00b0C 1 stunda. Neatst\u0101j p\u0113das, no\u0146emot 3 dienu laik\u0101.","og_url":"https:\/\/hobstop.ee\/lv\/produkts\/krasotaja-limlente-tesa-2\/","og_site_name":"Skizze","article_publisher":"http:\/\/www.facebook.com\/VunderSkizze","og_image":[{"width":1024,"height":768,"url":"https:\/\/hobstop.ee\/media\/3594.jpg","type":"image\/jpeg"}],"twitter_card":"summary_large_image","schema":{"@context":"https:\/\/schema.org","@graph":[{"@type":"WebPage","@id":"https:\/\/hobstop.ee\/lv\/produkts\/krasotaja-limlente-tesa-2\/","url":"https:\/\/hobstop.ee\/lv\/produkts\/krasotaja-limlente-tesa-2\/","name":"Kr\u0101sot\u0101ja l\u012bmlente Tesa &#8211; Skizze","isPartOf":{"@id":"https:\/\/hobstop.ee\/lv\/#website"},"primaryImageOfPage":{"@id":"https:\/\/hobstop.ee\/lv\/produkts\/krasotaja-limlente-tesa-2\/#primaryimage"},"image":{"@id":"https:\/\/hobstop.ee\/lv\/produkts\/krasotaja-limlente-tesa-2\/#primaryimage"},"thumbnailUrl":"https:\/\/hobstop.ee\/media\/3594.jpg","datePublished":"2015-08-01T14:02:34+00:00","dateModified":"2015-08-01T14:02:34+00:00","breadcrumb":{"@id":"https:\/\/hobstop.ee\/lv\/produkts\/krasotaja-limlente-tesa-2\/#breadcrumb"},"inLanguage":"lv-LV","potentialAction":[{"@type":"ReadAction","target":["https:\/\/hobstop.ee\/lv\/produkts\/krasotaja-limlente-tesa-2\/"]}]},{"@type":"ImageObject","inLanguage":"lv-LV","@id":"https:\/\/hobstop.ee\/lv\/produkts\/krasotaja-limlente-tesa-2\/#primaryimage","url":"https:\/\/hobstop.ee\/media\/3594.jpg","contentUrl":"https:\/\/hobstop.ee\/media\/3594.jpg","width":1024,"height":768},{"@type":"BreadcrumbList","@id":"https:\/\/hobstop.ee\/lv\/produkts\/krasotaja-limlente-tesa-2\/#breadcrumb","itemListElement":[{"@type":"ListItem","position":1,"name":"Avaleht","item":"https:\/\/www.hobstop.ee\/lv\/"},{"@type":"ListItem","position":2,"name":"Veikals","item":"https:\/\/www.hobstop.ee\/lv\/veikals\/"},{"@type":"ListItem","position":3,"name":"Kr\u0101sot\u0101ja l\u012bmlente Tesa"}]},{"@type":"WebSite","@id":"https:\/\/hobstop.ee\/lv\/#website","url":"https:\/\/hobstop.ee\/lv\/","name":"Skizze","description":"M\u0101kslas, hobiju un skolas preces","publisher":{"@id":"https:\/\/hobstop.ee\/lv\/#organization"},"potentialAction":[{"@type":"SearchAction","target":{"@type":"EntryPoint","urlTemplate":"https:\/\/hobstop.ee\/lv\/?s={search_term_string}"},"query-input":{"@type":"PropertyValueSpecification","valueRequired":true,"valueName":"search_term_string"}}],"inLanguage":"lv-LV"},{"@type":"Organization","@id":"https:\/\/hobstop.ee\/lv\/#organization","name":"Vunder AS","url":"https:\/\/hobstop.ee\/lv\/","logo":{"@type":"ImageObject","inLanguage":"lv-LV","@id":"https:\/\/hobstop.ee\/lv\/#\/schema\/logo\/image\/","url":"https:\/\/hobstop.ee\/media\/vunder-logo.png","contentUrl":"https:\/\/hobstop.ee\/media\/vunder-logo.png","width":127,"height":55,"caption":"Vunder AS"},"image":{"@id":"https:\/\/hobstop.ee\/lv\/#\/schema\/logo\/image\/"},"sameAs":["http:\/\/www.facebook.com\/VunderSkizze"]}]}},"_links":{"self":[{"href":"https:\/\/hobstop.ee\/lv\/wp-json\/wp\/v2\/product\/197087","targetHints":{"allow":["GET"]}}],"collection":[{"href":"https:\/\/hobstop.ee\/lv\/wp-json\/wp\/v2\/product"}],"about":[{"href":"https:\/\/hobstop.ee\/lv\/wp-json\/wp\/v2\/types\/product"}],"replies":[{"embeddable":true,"href":"https:\/\/hobstop.ee\/lv\/wp-json\/wp\/v2\/comments?post=197087"}],"wp:featuredmedia":[{"embeddable":true,"href":"https:\/\/hobstop.ee\/lv\/wp-json\/wp\/v2\/media\/159900"}],"wp:attachment":[{"href":"https:\/\/hobstop.ee\/lv\/wp-json\/wp\/v2\/media?parent=197087"}],"wp:term":[{"taxonomy":"product_cat","embeddable":true,"href":"https:\/\/hobstop.ee\/lv\/wp-json\/wp\/v2\/product_cat?post=197087"},{"taxonomy":"product_tag","embeddable":true,"href":"https:\/\/hobstop.ee\/lv\/wp-json\/wp\/v2\/product_tag?post=197087"}],"curies":[{"name":"wp","href":"https:\/\/api.w.org\/{rel}","templated":true}]}}