{"id":197293,"date":"2015-08-01T17:16:18","date_gmt":"2015-08-01T14:16:18","guid":{"rendered":"http:\/\/vunder-ee.sn25.zone.eu\/lv\/product\/krasa-tekstilam-fashion-spray-100ml\/"},"modified":"2015-08-01T17:16:18","modified_gmt":"2015-08-01T14:16:18","slug":"krasa-tekstilam-marabu-fashion-spray-100ml","status":"publish","type":"product","link":"https:\/\/hobstop.ee\/lv\/produkts\/krasa-tekstilam-marabu-fashion-spray-100ml\/","title":{"rendered":"Kr\u0101sa tekstilam Marabu Fashion Spray 100ml"},"content":{"rendered":"<p>Nu ik vienam ir iesp\u0113ja noform\u0113t sav\u0101 iecien\u012bt\u0101kaj\u0101 stil\u0101 T-kreklus, somas, spilvenus un aizkarus,  \u0101tri un viegli radot sev t\u012bkam\u0101ko z\u012bm\u0113jumu vai rakstu. Daudzpus\u012bgais mirdzo\u0161o kr\u0101su sortiments pied\u0101v\u0101 lielisku izv\u0113li katrai gaumei, sezonai un situ\u0101cijai.  Uz \u016bdens b\u0101zes veidot\u0101 izsmidzin\u0101m\u0101 kr\u0101sa ir iepakota pudel\u0113 ar pulverizatoru un ir paredz\u0113ta gai\u0161u audumu kr\u0101so\u0161anai (auduma maksim\u0101lais m\u0101ksl\u012bgo \u0161\u0137iedru saturs 20%).  P\u0113c kr\u0101sas nostiprin\u0101\u0161anas (3 min gludinot 30x30cm audumu kokvilnai paredz\u0113taj\u0101 re\u017e\u012bm\u0101 vai kars\u0113jot iepriek\u0161 uzkars\u0113t\u0101 kr\u0101sn\u012b 150\u00b0C\/8 min) izstr\u0101d\u0101jumus var mazg\u0101t l\u012bdz 40\u00b0C temperat\u016br\u0101 (mazg\u0101jot un gludinot izgriezt uz kreiso pusi).  Bezsmar\u017eas, gaismas notur\u012bg\u0101s kr\u0101sas dod iesp\u0113ju izmantot darbam visda\u017e\u0101d\u0101k\u0101s tehnikas: br\u012bvu kr\u0101su p\u0101reju veido\u0161anu, \u0161ablonus, nokl\u0101\u0161anu vai nosie\u0161anu.<br \/>\nMarabu Fashion Spray kop\u0101 ar Fashion Liner un Silhouette \u0161abloniem \u013caus \u012bstenot visneiedom\u0101jam\u0101k\u0101s modes idejas.<\/p>\n","protected":false},"excerpt":{"rendered":"<p>Nu ik vienam ir iesp\u0113ja noform\u0113t sav\u0101 iecien\u012bt\u0101kaj\u0101 stil\u0101 T-kreklus, somas, spilvenus un aizkarus, \u0101tri un viegli radot sev t\u012bkam\u0101ko z\u012bm\u0113jumu vai rakstu. Daudzpus\u012bgais mirdzo\u0161o kr\u0101su sortiments pied\u0101v\u0101 lielisku izv\u0113li katrai gaumei, sezonai un situ\u0101cijai. Uz \u016bdens b\u0101zes veidot\u0101 izsmidzin\u0101m\u0101 kr\u0101sa ir iepakota pudel\u0113 ar pulverizatoru un ir paredz\u0113ta gai\u0161u audumu kr\u0101so\u0161anai (auduma maksim\u0101lais m\u0101ksl\u012bgo \u0161\u0137iedru saturs 20%). P\u0113c kr\u0101sas nostiprin\u0101\u0161anas (3 min gludinot 30x30cm audumu kokvilnai paredz\u0113taj\u0101 re\u017e\u012bm\u0101 vai kars\u0113jot iepriek\u0161 uzkars\u0113t\u0101 kr\u0101sn\u012b 150\u00b0C\/8 min) izstr\u0101d\u0101jumus var mazg\u0101t l\u012bdz 40\u00b0C temperat\u016br\u0101 (mazg\u0101jot un gludinot izgriezt uz kreiso pusi). Bezsmar\u017eas, gaismas notur\u012bg\u0101s kr\u0101sas dod iesp\u0113ju izmantot darbam visda\u017e\u0101d\u0101k\u0101s tehnikas: br\u012bvu kr\u0101su p\u0101reju veido\u0161anu, \u0161ablonus, nokl\u0101\u0161anu vai nosie\u0161anu. Marabu Fashion Spray kop\u0101 ar Fashion Liner un Silhouette \u0161abloniem \u013caus \u012bstenot visneiedom\u0101jam\u0101k\u0101s modes idejas.<\/p>\n","protected":false},"featured_media":204551,"comment_status":"closed","ping_status":"closed","template":"","meta":{"_acf_changed":false,"ep_exclude_from_search":false},"product_cat":[18212,17918,17956],"product_tag":[],"class_list":{"0":"post-197293","1":"product","2":"type-product","3":"status-publish","4":"has-post-thumbnail","6":"product_cat-krasas-gleznosanai-uz-auduma","7":"product_cat-preces-hobijiem","8":"product_cat-tekstilam","10":"first","11":"instock","12":"taxable","13":"shipping-taxable","14":"purchasable","15":"product-type-variable"},"acf":[],"yoast_head":"<!-- This site is optimized with the Yoast SEO plugin v24.1 - https:\/\/yoast.com\/wordpress\/plugins\/seo\/ -->\n<title>Kr\u0101sa tekstilam Marabu Fashion Spray 100ml &#8211; Skizze<\/title>\n<meta name=\"robots\" content=\"noindex, follow, max-snippet:-1, max-image-preview:large, max-video-preview:-1\" \/>\n<meta property=\"og:locale\" content=\"lv_LV\" \/>\n<meta property=\"og:type\" content=\"article\" \/>\n<meta property=\"og:title\" content=\"Kr\u0101sa tekstilam Marabu Fashion Spray 100ml &#8211; Skizze\" \/>\n<meta property=\"og:description\" content=\"Nu ik vienam ir iesp\u0113ja noform\u0113t sav\u0101 iecien\u012bt\u0101kaj\u0101 stil\u0101 T-kreklus, somas, spilvenus un aizkarus, \u0101tri un viegli radot sev t\u012bkam\u0101ko z\u012bm\u0113jumu vai rakstu. Daudzpus\u012bgais mirdzo\u0161o kr\u0101su sortiments pied\u0101v\u0101 lielisku izv\u0113li katrai gaumei, sezonai un situ\u0101cijai. Uz \u016bdens b\u0101zes veidot\u0101 izsmidzin\u0101m\u0101 kr\u0101sa ir iepakota pudel\u0113 ar pulverizatoru un ir paredz\u0113ta gai\u0161u audumu kr\u0101so\u0161anai (auduma maksim\u0101lais m\u0101ksl\u012bgo \u0161\u0137iedru saturs 20%). P\u0113c kr\u0101sas nostiprin\u0101\u0161anas (3 min gludinot 30x30cm audumu kokvilnai paredz\u0113taj\u0101 re\u017e\u012bm\u0101 vai kars\u0113jot iepriek\u0161 uzkars\u0113t\u0101 kr\u0101sn\u012b 150\u00b0C\/8 min) izstr\u0101d\u0101jumus var mazg\u0101t l\u012bdz 40\u00b0C temperat\u016br\u0101 (mazg\u0101jot un gludinot izgriezt uz kreiso pusi). Bezsmar\u017eas, gaismas notur\u012bg\u0101s kr\u0101sas dod iesp\u0113ju izmantot darbam visda\u017e\u0101d\u0101k\u0101s tehnikas: br\u012bvu kr\u0101su p\u0101reju veido\u0161anu, \u0161ablonus, nokl\u0101\u0161anu vai nosie\u0161anu. Marabu Fashion Spray kop\u0101 ar Fashion Liner un Silhouette \u0161abloniem \u013caus \u012bstenot visneiedom\u0101jam\u0101k\u0101s modes idejas.\" \/>\n<meta property=\"og:url\" content=\"https:\/\/hobstop.ee\/lv\/produkts\/krasa-tekstilam-marabu-fashion-spray-100ml\/\" \/>\n<meta property=\"og:site_name\" content=\"Skizze\" \/>\n<meta property=\"article:publisher\" content=\"http:\/\/www.facebook.com\/VunderSkizze\" \/>\n<meta property=\"og:image\" content=\"https:\/\/www.hobstop.ee\/media\/3955.jpg\" \/>\n\t<meta property=\"og:image:width\" content=\"1024\" \/>\n\t<meta property=\"og:image:height\" content=\"768\" \/>\n\t<meta property=\"og:image:type\" content=\"image\/jpeg\" \/>\n<meta name=\"twitter:card\" content=\"summary_large_image\" \/>\n<meta name=\"twitter:label1\" content=\"Est. reading time\" \/>\n\t<meta name=\"twitter:data1\" content=\"1 min\u016b\u0161u\" \/>\n<script type=\"application\/ld+json\" class=\"yoast-schema-graph\">{\"@context\":\"https:\/\/schema.org\",\"@graph\":[{\"@type\":\"WebPage\",\"@id\":\"https:\/\/hobstop.ee\/lv\/produkts\/krasa-tekstilam-marabu-fashion-spray-100ml\/\",\"url\":\"https:\/\/hobstop.ee\/lv\/produkts\/krasa-tekstilam-marabu-fashion-spray-100ml\/\",\"name\":\"Kr\u0101sa tekstilam Marabu Fashion Spray 100ml &#8211; Skizze\",\"isPartOf\":{\"@id\":\"https:\/\/hobstop.ee\/lv\/#website\"},\"primaryImageOfPage\":{\"@id\":\"https:\/\/hobstop.ee\/lv\/produkts\/krasa-tekstilam-marabu-fashion-spray-100ml\/#primaryimage\"},\"image\":{\"@id\":\"https:\/\/hobstop.ee\/lv\/produkts\/krasa-tekstilam-marabu-fashion-spray-100ml\/#primaryimage\"},\"thumbnailUrl\":\"https:\/\/hobstop.ee\/media\/3955.jpg\",\"datePublished\":\"2015-08-01T14:16:18+00:00\",\"dateModified\":\"2015-08-01T14:16:18+00:00\",\"breadcrumb\":{\"@id\":\"https:\/\/hobstop.ee\/lv\/produkts\/krasa-tekstilam-marabu-fashion-spray-100ml\/#breadcrumb\"},\"inLanguage\":\"lv-LV\",\"potentialAction\":[{\"@type\":\"ReadAction\",\"target\":[\"https:\/\/hobstop.ee\/lv\/produkts\/krasa-tekstilam-marabu-fashion-spray-100ml\/\"]}]},{\"@type\":\"ImageObject\",\"inLanguage\":\"lv-LV\",\"@id\":\"https:\/\/hobstop.ee\/lv\/produkts\/krasa-tekstilam-marabu-fashion-spray-100ml\/#primaryimage\",\"url\":\"https:\/\/hobstop.ee\/media\/3955.jpg\",\"contentUrl\":\"https:\/\/hobstop.ee\/media\/3955.jpg\",\"width\":1024,\"height\":768},{\"@type\":\"BreadcrumbList\",\"@id\":\"https:\/\/hobstop.ee\/lv\/produkts\/krasa-tekstilam-marabu-fashion-spray-100ml\/#breadcrumb\",\"itemListElement\":[{\"@type\":\"ListItem\",\"position\":1,\"name\":\"Avaleht\",\"item\":\"https:\/\/www.hobstop.ee\/lv\/\"},{\"@type\":\"ListItem\",\"position\":2,\"name\":\"Veikals\",\"item\":\"https:\/\/www.hobstop.ee\/lv\/veikals\/\"},{\"@type\":\"ListItem\",\"position\":3,\"name\":\"Kr\u0101sa tekstilam Marabu Fashion Spray 100ml\"}]},{\"@type\":\"WebSite\",\"@id\":\"https:\/\/hobstop.ee\/lv\/#website\",\"url\":\"https:\/\/hobstop.ee\/lv\/\",\"name\":\"Skizze\",\"description\":\"M\u0101kslas, hobiju un skolas preces\",\"publisher\":{\"@id\":\"https:\/\/hobstop.ee\/lv\/#organization\"},\"potentialAction\":[{\"@type\":\"SearchAction\",\"target\":{\"@type\":\"EntryPoint\",\"urlTemplate\":\"https:\/\/hobstop.ee\/lv\/?s={search_term_string}\"},\"query-input\":{\"@type\":\"PropertyValueSpecification\",\"valueRequired\":true,\"valueName\":\"search_term_string\"}}],\"inLanguage\":\"lv-LV\"},{\"@type\":\"Organization\",\"@id\":\"https:\/\/hobstop.ee\/lv\/#organization\",\"name\":\"Vunder AS\",\"url\":\"https:\/\/hobstop.ee\/lv\/\",\"logo\":{\"@type\":\"ImageObject\",\"inLanguage\":\"lv-LV\",\"@id\":\"https:\/\/hobstop.ee\/lv\/#\/schema\/logo\/image\/\",\"url\":\"https:\/\/hobstop.ee\/media\/vunder-logo.png\",\"contentUrl\":\"https:\/\/hobstop.ee\/media\/vunder-logo.png\",\"width\":127,\"height\":55,\"caption\":\"Vunder AS\"},\"image\":{\"@id\":\"https:\/\/hobstop.ee\/lv\/#\/schema\/logo\/image\/\"},\"sameAs\":[\"http:\/\/www.facebook.com\/VunderSkizze\"]}]}<\/script>\n<!-- \/ Yoast SEO plugin. -->","yoast_head_json":{"title":"Kr\u0101sa tekstilam Marabu Fashion Spray 100ml &#8211; Skizze","robots":{"index":"noindex","follow":"follow","max-snippet":"max-snippet:-1","max-image-preview":"max-image-preview:large","max-video-preview":"max-video-preview:-1"},"og_locale":"lv_LV","og_type":"article","og_title":"Kr\u0101sa tekstilam Marabu Fashion Spray 100ml &#8211; Skizze","og_description":"Nu ik vienam ir iesp\u0113ja noform\u0113t sav\u0101 iecien\u012bt\u0101kaj\u0101 stil\u0101 T-kreklus, somas, spilvenus un aizkarus, \u0101tri un viegli radot sev t\u012bkam\u0101ko z\u012bm\u0113jumu vai rakstu. Daudzpus\u012bgais mirdzo\u0161o kr\u0101su sortiments pied\u0101v\u0101 lielisku izv\u0113li katrai gaumei, sezonai un situ\u0101cijai. Uz \u016bdens b\u0101zes veidot\u0101 izsmidzin\u0101m\u0101 kr\u0101sa ir iepakota pudel\u0113 ar pulverizatoru un ir paredz\u0113ta gai\u0161u audumu kr\u0101so\u0161anai (auduma maksim\u0101lais m\u0101ksl\u012bgo \u0161\u0137iedru saturs 20%). P\u0113c kr\u0101sas nostiprin\u0101\u0161anas (3 min gludinot 30x30cm audumu kokvilnai paredz\u0113taj\u0101 re\u017e\u012bm\u0101 vai kars\u0113jot iepriek\u0161 uzkars\u0113t\u0101 kr\u0101sn\u012b 150\u00b0C\/8 min) izstr\u0101d\u0101jumus var mazg\u0101t l\u012bdz 40\u00b0C temperat\u016br\u0101 (mazg\u0101jot un gludinot izgriezt uz kreiso pusi). Bezsmar\u017eas, gaismas notur\u012bg\u0101s kr\u0101sas dod iesp\u0113ju izmantot darbam visda\u017e\u0101d\u0101k\u0101s tehnikas: br\u012bvu kr\u0101su p\u0101reju veido\u0161anu, \u0161ablonus, nokl\u0101\u0161anu vai nosie\u0161anu. Marabu Fashion Spray kop\u0101 ar Fashion Liner un Silhouette \u0161abloniem \u013caus \u012bstenot visneiedom\u0101jam\u0101k\u0101s modes idejas.","og_url":"https:\/\/hobstop.ee\/lv\/produkts\/krasa-tekstilam-marabu-fashion-spray-100ml\/","og_site_name":"Skizze","article_publisher":"http:\/\/www.facebook.com\/VunderSkizze","og_image":[{"width":1024,"height":768,"url":"https:\/\/www.hobstop.ee\/media\/3955.jpg","type":"image\/jpeg"}],"twitter_card":"summary_large_image","twitter_misc":{"Est. reading time":"1 min\u016b\u0161u"},"schema":{"@context":"https:\/\/schema.org","@graph":[{"@type":"WebPage","@id":"https:\/\/hobstop.ee\/lv\/produkts\/krasa-tekstilam-marabu-fashion-spray-100ml\/","url":"https:\/\/hobstop.ee\/lv\/produkts\/krasa-tekstilam-marabu-fashion-spray-100ml\/","name":"Kr\u0101sa tekstilam Marabu Fashion Spray 100ml &#8211; Skizze","isPartOf":{"@id":"https:\/\/hobstop.ee\/lv\/#website"},"primaryImageOfPage":{"@id":"https:\/\/hobstop.ee\/lv\/produkts\/krasa-tekstilam-marabu-fashion-spray-100ml\/#primaryimage"},"image":{"@id":"https:\/\/hobstop.ee\/lv\/produkts\/krasa-tekstilam-marabu-fashion-spray-100ml\/#primaryimage"},"thumbnailUrl":"https:\/\/hobstop.ee\/media\/3955.jpg","datePublished":"2015-08-01T14:16:18+00:00","dateModified":"2015-08-01T14:16:18+00:00","breadcrumb":{"@id":"https:\/\/hobstop.ee\/lv\/produkts\/krasa-tekstilam-marabu-fashion-spray-100ml\/#breadcrumb"},"inLanguage":"lv-LV","potentialAction":[{"@type":"ReadAction","target":["https:\/\/hobstop.ee\/lv\/produkts\/krasa-tekstilam-marabu-fashion-spray-100ml\/"]}]},{"@type":"ImageObject","inLanguage":"lv-LV","@id":"https:\/\/hobstop.ee\/lv\/produkts\/krasa-tekstilam-marabu-fashion-spray-100ml\/#primaryimage","url":"https:\/\/hobstop.ee\/media\/3955.jpg","contentUrl":"https:\/\/hobstop.ee\/media\/3955.jpg","width":1024,"height":768},{"@type":"BreadcrumbList","@id":"https:\/\/hobstop.ee\/lv\/produkts\/krasa-tekstilam-marabu-fashion-spray-100ml\/#breadcrumb","itemListElement":[{"@type":"ListItem","position":1,"name":"Avaleht","item":"https:\/\/www.hobstop.ee\/lv\/"},{"@type":"ListItem","position":2,"name":"Veikals","item":"https:\/\/www.hobstop.ee\/lv\/veikals\/"},{"@type":"ListItem","position":3,"name":"Kr\u0101sa tekstilam Marabu Fashion Spray 100ml"}]},{"@type":"WebSite","@id":"https:\/\/hobstop.ee\/lv\/#website","url":"https:\/\/hobstop.ee\/lv\/","name":"Skizze","description":"M\u0101kslas, hobiju un skolas preces","publisher":{"@id":"https:\/\/hobstop.ee\/lv\/#organization"},"potentialAction":[{"@type":"SearchAction","target":{"@type":"EntryPoint","urlTemplate":"https:\/\/hobstop.ee\/lv\/?s={search_term_string}"},"query-input":{"@type":"PropertyValueSpecification","valueRequired":true,"valueName":"search_term_string"}}],"inLanguage":"lv-LV"},{"@type":"Organization","@id":"https:\/\/hobstop.ee\/lv\/#organization","name":"Vunder AS","url":"https:\/\/hobstop.ee\/lv\/","logo":{"@type":"ImageObject","inLanguage":"lv-LV","@id":"https:\/\/hobstop.ee\/lv\/#\/schema\/logo\/image\/","url":"https:\/\/hobstop.ee\/media\/vunder-logo.png","contentUrl":"https:\/\/hobstop.ee\/media\/vunder-logo.png","width":127,"height":55,"caption":"Vunder AS"},"image":{"@id":"https:\/\/hobstop.ee\/lv\/#\/schema\/logo\/image\/"},"sameAs":["http:\/\/www.facebook.com\/VunderSkizze"]}]}},"_links":{"self":[{"href":"https:\/\/hobstop.ee\/lv\/wp-json\/wp\/v2\/product\/197293","targetHints":{"allow":["GET"]}}],"collection":[{"href":"https:\/\/hobstop.ee\/lv\/wp-json\/wp\/v2\/product"}],"about":[{"href":"https:\/\/hobstop.ee\/lv\/wp-json\/wp\/v2\/types\/product"}],"replies":[{"embeddable":true,"href":"https:\/\/hobstop.ee\/lv\/wp-json\/wp\/v2\/comments?post=197293"}],"wp:featuredmedia":[{"embeddable":true,"href":"https:\/\/hobstop.ee\/lv\/wp-json\/wp\/v2\/media\/204551"}],"wp:attachment":[{"href":"https:\/\/hobstop.ee\/lv\/wp-json\/wp\/v2\/media?parent=197293"}],"wp:term":[{"taxonomy":"product_cat","embeddable":true,"href":"https:\/\/hobstop.ee\/lv\/wp-json\/wp\/v2\/product_cat?post=197293"},{"taxonomy":"product_tag","embeddable":true,"href":"https:\/\/hobstop.ee\/lv\/wp-json\/wp\/v2\/product_tag?post=197293"}],"curies":[{"name":"wp","href":"https:\/\/api.w.org\/{rel}","templated":true}]}}