{"id":197419,"date":"2015-08-01T17:23:07","date_gmt":"2015-08-01T14:23:07","guid":{"rendered":"http:\/\/vunder-ee.sn25.zone.eu\/lv\/product\/rotalu-auto-automoblox-mini-c9p-sportscar\/"},"modified":"2015-08-01T17:23:07","modified_gmt":"2015-08-01T14:23:07","slug":"rotalu-auto-automoblox-mini-c9p-sportscar","status":"publish","type":"product","link":"https:\/\/hobstop.ee\/lv\/produkts\/rotalu-auto-automoblox-mini-c9p-sportscar\/","title":{"rendered":"Rota\u013cu auto Automoblox Mini C9p sportscar"},"content":{"rendered":"<p>Mini C9p ir piem\u0113rota k\u0101 meiten\u0113m, t\u0101 z\u0113niem. Ikvienai meitenei nepiecie\u0161ama vismaz viena ma\u0161\u012bna, un Mini C9p tam ir ide\u0101li piem\u0113rota. K\u0101 ar\u012b ikvienam m\u016bsdien\u012bgam z\u0113nam ir vismaz viena lieta roz\u0101 kr\u0101s\u0101. K\u0101d\u0113\u013c gan t\u0101 nevar\u0113tu b\u016bt ma\u0161\u012bna?<br \/>\nSast\u0101vda\u013cas: virsb\u016bve (3 deta\u013cas), diski (4gab.), riepas (4gab.), jumts (1gab.)<br \/>\nIzm\u0113ri: 9.1&#215;6.3&#215;3.7cm<\/p>\n<p>Automoblox Mini ir samazin\u0101ta Automoblox Original produktu versija. \u012asteni n\u0101kotnes-retro iedvesmas automobi\u013ci, kas ir izteikti paroc\u012bgi un ar ko prieks sp\u0113l\u0113ties. Mini mode\u013cu deta\u013cas ir univers\u0101li savienojamas, \u013caujot savstarp\u0113ji savienot da\u017e\u0101du Mini ma\u0161\u012bnu deta\u013cas.\u00a0Ma\u0161\u012bnu virsb\u016bves ir izgatavotas no koka. Mini un Originals virsb\u016bvju deta\u013cas sav\u0101 starp\u0101 nav savienojamas.<br \/>\nPiem\u0113rots b\u0113rniem vecum\u0101: 3+, satur s\u012bkas deta\u013cas.<\/p>\n","protected":false},"excerpt":{"rendered":"<p>Mini C9p ir piem\u0113rota k\u0101 meiten\u0113m, t\u0101 z\u0113niem. Ikvienai meitenei nepiecie\u0161ama vismaz viena ma\u0161\u012bna, un Mini C9p tam ir ide\u0101li piem\u0113rota. K\u0101 ar\u012b ikvienam m\u016bsdien\u012bgam z\u0113nam ir vismaz viena lieta roz\u0101 kr\u0101s\u0101. K\u0101d\u0113\u013c gan t\u0101 nevar\u0113tu b\u016bt ma\u0161\u012bna? Sast\u0101vda\u013cas: virsb\u016bve (3 deta\u013cas), diski (4gab.), riepas (4gab.), jumts (1gab.) Izm\u0113ri: 9.1&#215;6.3&#215;3.7cm Automoblox Mini ir samazin\u0101ta Automoblox Original produktu versija. \u012asteni n\u0101kotnes-retro iedvesmas automobi\u013ci, kas ir izteikti paroc\u012bgi un ar ko prieks sp\u0113l\u0113ties. Mini mode\u013cu deta\u013cas ir univers\u0101li savienojamas, \u013caujot savstarp\u0113ji savienot da\u017e\u0101du Mini ma\u0161\u012bnu deta\u013cas.\u00a0Ma\u0161\u012bnu virsb\u016bves ir izgatavotas no koka. Mini un Originals virsb\u016bvju deta\u013cas sav\u0101 starp\u0101 nav savienojamas. Piem\u0113rots b\u0113rniem vecum\u0101: 3+, satur s\u012bkas deta\u013cas.<\/p>\n","protected":false},"featured_media":204591,"comment_status":"closed","ping_status":"closed","template":"","meta":{"_acf_changed":false,"ep_exclude_from_search":false},"product_cat":[20027,19835,20030],"product_tag":[],"class_list":{"0":"post-197419","1":"product","2":"type-product","3":"status-publish","4":"has-post-thumbnail","6":"product_cat-attistosas-rotallietas","7":"product_cat-bernu-brivais-laiks","8":"product_cat-rotalu-auto","10":"first","11":"instock","12":"taxable","13":"shipping-taxable","14":"purchasable","15":"product-type-variable"},"acf":[],"yoast_head":"<!-- This site is optimized with the Yoast SEO plugin v24.1 - https:\/\/yoast.com\/wordpress\/plugins\/seo\/ -->\n<title>Rota\u013cu auto Automoblox Mini C9p sportscar &#8211; Skizze<\/title>\n<meta name=\"robots\" content=\"noindex, follow, max-snippet:-1, max-image-preview:large, max-video-preview:-1\" \/>\n<meta property=\"og:locale\" content=\"lv_LV\" \/>\n<meta property=\"og:type\" content=\"article\" \/>\n<meta property=\"og:title\" content=\"Rota\u013cu auto Automoblox Mini C9p sportscar &#8211; Skizze\" \/>\n<meta property=\"og:description\" content=\"Mini C9p ir piem\u0113rota k\u0101 meiten\u0113m, t\u0101 z\u0113niem. Ikvienai meitenei nepiecie\u0161ama vismaz viena ma\u0161\u012bna, un Mini C9p tam ir ide\u0101li piem\u0113rota. K\u0101 ar\u012b ikvienam m\u016bsdien\u012bgam z\u0113nam ir vismaz viena lieta roz\u0101 kr\u0101s\u0101. K\u0101d\u0113\u013c gan t\u0101 nevar\u0113tu b\u016bt ma\u0161\u012bna? Sast\u0101vda\u013cas: virsb\u016bve (3 deta\u013cas), diski (4gab.), riepas (4gab.), jumts (1gab.) Izm\u0113ri: 9.1&#215;6.3&#215;3.7cm Automoblox Mini ir samazin\u0101ta Automoblox Original produktu versija. \u012asteni n\u0101kotnes-retro iedvesmas automobi\u013ci, kas ir izteikti paroc\u012bgi un ar ko prieks sp\u0113l\u0113ties. Mini mode\u013cu deta\u013cas ir univers\u0101li savienojamas, \u013caujot savstarp\u0113ji savienot da\u017e\u0101du Mini ma\u0161\u012bnu deta\u013cas.\u00a0Ma\u0161\u012bnu virsb\u016bves ir izgatavotas no koka. Mini un Originals virsb\u016bvju deta\u013cas sav\u0101 starp\u0101 nav savienojamas. Piem\u0113rots b\u0113rniem vecum\u0101: 3+, satur s\u012bkas deta\u013cas.\" \/>\n<meta property=\"og:url\" content=\"https:\/\/hobstop.ee\/lv\/produkts\/rotalu-auto-automoblox-mini-c9p-sportscar\/\" \/>\n<meta property=\"og:site_name\" content=\"Skizze\" \/>\n<meta property=\"article:publisher\" content=\"http:\/\/www.facebook.com\/VunderSkizze\" \/>\n<meta property=\"og:image\" content=\"https:\/\/hobstop.ee\/media\/3967.jpg\" \/>\n\t<meta property=\"og:image:width\" content=\"1024\" \/>\n\t<meta property=\"og:image:height\" content=\"768\" \/>\n\t<meta property=\"og:image:type\" content=\"image\/jpeg\" \/>\n<meta name=\"twitter:card\" content=\"summary_large_image\" \/>\n<meta name=\"twitter:label1\" content=\"Est. reading time\" \/>\n\t<meta name=\"twitter:data1\" content=\"1 min\u016b\u0161u\" \/>\n<script type=\"application\/ld+json\" class=\"yoast-schema-graph\">{\"@context\":\"https:\/\/schema.org\",\"@graph\":[{\"@type\":\"WebPage\",\"@id\":\"https:\/\/hobstop.ee\/lv\/produkts\/rotalu-auto-automoblox-mini-c9p-sportscar\/\",\"url\":\"https:\/\/hobstop.ee\/lv\/produkts\/rotalu-auto-automoblox-mini-c9p-sportscar\/\",\"name\":\"Rota\u013cu auto Automoblox Mini C9p sportscar &#8211; Skizze\",\"isPartOf\":{\"@id\":\"https:\/\/hobstop.ee\/lv\/#website\"},\"primaryImageOfPage\":{\"@id\":\"https:\/\/hobstop.ee\/lv\/produkts\/rotalu-auto-automoblox-mini-c9p-sportscar\/#primaryimage\"},\"image\":{\"@id\":\"https:\/\/hobstop.ee\/lv\/produkts\/rotalu-auto-automoblox-mini-c9p-sportscar\/#primaryimage\"},\"thumbnailUrl\":\"https:\/\/hobstop.ee\/media\/3967.jpg\",\"datePublished\":\"2015-08-01T14:23:07+00:00\",\"dateModified\":\"2015-08-01T14:23:07+00:00\",\"breadcrumb\":{\"@id\":\"https:\/\/hobstop.ee\/lv\/produkts\/rotalu-auto-automoblox-mini-c9p-sportscar\/#breadcrumb\"},\"inLanguage\":\"lv-LV\",\"potentialAction\":[{\"@type\":\"ReadAction\",\"target\":[\"https:\/\/hobstop.ee\/lv\/produkts\/rotalu-auto-automoblox-mini-c9p-sportscar\/\"]}]},{\"@type\":\"ImageObject\",\"inLanguage\":\"lv-LV\",\"@id\":\"https:\/\/hobstop.ee\/lv\/produkts\/rotalu-auto-automoblox-mini-c9p-sportscar\/#primaryimage\",\"url\":\"https:\/\/hobstop.ee\/media\/3967.jpg\",\"contentUrl\":\"https:\/\/hobstop.ee\/media\/3967.jpg\",\"width\":1024,\"height\":768},{\"@type\":\"BreadcrumbList\",\"@id\":\"https:\/\/hobstop.ee\/lv\/produkts\/rotalu-auto-automoblox-mini-c9p-sportscar\/#breadcrumb\",\"itemListElement\":[{\"@type\":\"ListItem\",\"position\":1,\"name\":\"Avaleht\",\"item\":\"https:\/\/hobstop.ee\/lv\/\"},{\"@type\":\"ListItem\",\"position\":2,\"name\":\"Veikals\",\"item\":\"https:\/\/hobstop.ee\/lv\/veikals\/\"},{\"@type\":\"ListItem\",\"position\":3,\"name\":\"Rota\u013cu auto Automoblox Mini C9p sportscar\"}]},{\"@type\":\"WebSite\",\"@id\":\"https:\/\/hobstop.ee\/lv\/#website\",\"url\":\"https:\/\/hobstop.ee\/lv\/\",\"name\":\"Skizze\",\"description\":\"M\u0101kslas, hobiju un skolas preces\",\"publisher\":{\"@id\":\"https:\/\/hobstop.ee\/lv\/#organization\"},\"potentialAction\":[{\"@type\":\"SearchAction\",\"target\":{\"@type\":\"EntryPoint\",\"urlTemplate\":\"https:\/\/hobstop.ee\/lv\/?s={search_term_string}\"},\"query-input\":{\"@type\":\"PropertyValueSpecification\",\"valueRequired\":true,\"valueName\":\"search_term_string\"}}],\"inLanguage\":\"lv-LV\"},{\"@type\":\"Organization\",\"@id\":\"https:\/\/hobstop.ee\/lv\/#organization\",\"name\":\"Vunder AS\",\"url\":\"https:\/\/hobstop.ee\/lv\/\",\"logo\":{\"@type\":\"ImageObject\",\"inLanguage\":\"lv-LV\",\"@id\":\"https:\/\/hobstop.ee\/lv\/#\/schema\/logo\/image\/\",\"url\":\"https:\/\/hobstop.ee\/media\/vunder-logo.png\",\"contentUrl\":\"https:\/\/hobstop.ee\/media\/vunder-logo.png\",\"width\":127,\"height\":55,\"caption\":\"Vunder AS\"},\"image\":{\"@id\":\"https:\/\/hobstop.ee\/lv\/#\/schema\/logo\/image\/\"},\"sameAs\":[\"http:\/\/www.facebook.com\/VunderSkizze\"]}]}<\/script>\n<!-- \/ Yoast SEO plugin. -->","yoast_head_json":{"title":"Rota\u013cu auto Automoblox Mini C9p sportscar &#8211; Skizze","robots":{"index":"noindex","follow":"follow","max-snippet":"max-snippet:-1","max-image-preview":"max-image-preview:large","max-video-preview":"max-video-preview:-1"},"og_locale":"lv_LV","og_type":"article","og_title":"Rota\u013cu auto Automoblox Mini C9p sportscar &#8211; Skizze","og_description":"Mini C9p ir piem\u0113rota k\u0101 meiten\u0113m, t\u0101 z\u0113niem. Ikvienai meitenei nepiecie\u0161ama vismaz viena ma\u0161\u012bna, un Mini C9p tam ir ide\u0101li piem\u0113rota. K\u0101 ar\u012b ikvienam m\u016bsdien\u012bgam z\u0113nam ir vismaz viena lieta roz\u0101 kr\u0101s\u0101. K\u0101d\u0113\u013c gan t\u0101 nevar\u0113tu b\u016bt ma\u0161\u012bna? Sast\u0101vda\u013cas: virsb\u016bve (3 deta\u013cas), diski (4gab.), riepas (4gab.), jumts (1gab.) Izm\u0113ri: 9.1&#215;6.3&#215;3.7cm Automoblox Mini ir samazin\u0101ta Automoblox Original produktu versija. \u012asteni n\u0101kotnes-retro iedvesmas automobi\u013ci, kas ir izteikti paroc\u012bgi un ar ko prieks sp\u0113l\u0113ties. Mini mode\u013cu deta\u013cas ir univers\u0101li savienojamas, \u013caujot savstarp\u0113ji savienot da\u017e\u0101du Mini ma\u0161\u012bnu deta\u013cas.\u00a0Ma\u0161\u012bnu virsb\u016bves ir izgatavotas no koka. Mini un Originals virsb\u016bvju deta\u013cas sav\u0101 starp\u0101 nav savienojamas. Piem\u0113rots b\u0113rniem vecum\u0101: 3+, satur s\u012bkas deta\u013cas.","og_url":"https:\/\/hobstop.ee\/lv\/produkts\/rotalu-auto-automoblox-mini-c9p-sportscar\/","og_site_name":"Skizze","article_publisher":"http:\/\/www.facebook.com\/VunderSkizze","og_image":[{"width":1024,"height":768,"url":"https:\/\/hobstop.ee\/media\/3967.jpg","type":"image\/jpeg"}],"twitter_card":"summary_large_image","twitter_misc":{"Est. reading time":"1 min\u016b\u0161u"},"schema":{"@context":"https:\/\/schema.org","@graph":[{"@type":"WebPage","@id":"https:\/\/hobstop.ee\/lv\/produkts\/rotalu-auto-automoblox-mini-c9p-sportscar\/","url":"https:\/\/hobstop.ee\/lv\/produkts\/rotalu-auto-automoblox-mini-c9p-sportscar\/","name":"Rota\u013cu auto Automoblox Mini C9p sportscar &#8211; Skizze","isPartOf":{"@id":"https:\/\/hobstop.ee\/lv\/#website"},"primaryImageOfPage":{"@id":"https:\/\/hobstop.ee\/lv\/produkts\/rotalu-auto-automoblox-mini-c9p-sportscar\/#primaryimage"},"image":{"@id":"https:\/\/hobstop.ee\/lv\/produkts\/rotalu-auto-automoblox-mini-c9p-sportscar\/#primaryimage"},"thumbnailUrl":"https:\/\/hobstop.ee\/media\/3967.jpg","datePublished":"2015-08-01T14:23:07+00:00","dateModified":"2015-08-01T14:23:07+00:00","breadcrumb":{"@id":"https:\/\/hobstop.ee\/lv\/produkts\/rotalu-auto-automoblox-mini-c9p-sportscar\/#breadcrumb"},"inLanguage":"lv-LV","potentialAction":[{"@type":"ReadAction","target":["https:\/\/hobstop.ee\/lv\/produkts\/rotalu-auto-automoblox-mini-c9p-sportscar\/"]}]},{"@type":"ImageObject","inLanguage":"lv-LV","@id":"https:\/\/hobstop.ee\/lv\/produkts\/rotalu-auto-automoblox-mini-c9p-sportscar\/#primaryimage","url":"https:\/\/hobstop.ee\/media\/3967.jpg","contentUrl":"https:\/\/hobstop.ee\/media\/3967.jpg","width":1024,"height":768},{"@type":"BreadcrumbList","@id":"https:\/\/hobstop.ee\/lv\/produkts\/rotalu-auto-automoblox-mini-c9p-sportscar\/#breadcrumb","itemListElement":[{"@type":"ListItem","position":1,"name":"Avaleht","item":"https:\/\/hobstop.ee\/lv\/"},{"@type":"ListItem","position":2,"name":"Veikals","item":"https:\/\/hobstop.ee\/lv\/veikals\/"},{"@type":"ListItem","position":3,"name":"Rota\u013cu auto Automoblox Mini C9p sportscar"}]},{"@type":"WebSite","@id":"https:\/\/hobstop.ee\/lv\/#website","url":"https:\/\/hobstop.ee\/lv\/","name":"Skizze","description":"M\u0101kslas, hobiju un skolas preces","publisher":{"@id":"https:\/\/hobstop.ee\/lv\/#organization"},"potentialAction":[{"@type":"SearchAction","target":{"@type":"EntryPoint","urlTemplate":"https:\/\/hobstop.ee\/lv\/?s={search_term_string}"},"query-input":{"@type":"PropertyValueSpecification","valueRequired":true,"valueName":"search_term_string"}}],"inLanguage":"lv-LV"},{"@type":"Organization","@id":"https:\/\/hobstop.ee\/lv\/#organization","name":"Vunder AS","url":"https:\/\/hobstop.ee\/lv\/","logo":{"@type":"ImageObject","inLanguage":"lv-LV","@id":"https:\/\/hobstop.ee\/lv\/#\/schema\/logo\/image\/","url":"https:\/\/hobstop.ee\/media\/vunder-logo.png","contentUrl":"https:\/\/hobstop.ee\/media\/vunder-logo.png","width":127,"height":55,"caption":"Vunder AS"},"image":{"@id":"https:\/\/hobstop.ee\/lv\/#\/schema\/logo\/image\/"},"sameAs":["http:\/\/www.facebook.com\/VunderSkizze"]}]}},"_links":{"self":[{"href":"https:\/\/hobstop.ee\/lv\/wp-json\/wp\/v2\/product\/197419","targetHints":{"allow":["GET"]}}],"collection":[{"href":"https:\/\/hobstop.ee\/lv\/wp-json\/wp\/v2\/product"}],"about":[{"href":"https:\/\/hobstop.ee\/lv\/wp-json\/wp\/v2\/types\/product"}],"replies":[{"embeddable":true,"href":"https:\/\/hobstop.ee\/lv\/wp-json\/wp\/v2\/comments?post=197419"}],"wp:featuredmedia":[{"embeddable":true,"href":"https:\/\/hobstop.ee\/lv\/wp-json\/wp\/v2\/media\/204591"}],"wp:attachment":[{"href":"https:\/\/hobstop.ee\/lv\/wp-json\/wp\/v2\/media?parent=197419"}],"wp:term":[{"taxonomy":"product_cat","embeddable":true,"href":"https:\/\/hobstop.ee\/lv\/wp-json\/wp\/v2\/product_cat?post=197419"},{"taxonomy":"product_tag","embeddable":true,"href":"https:\/\/hobstop.ee\/lv\/wp-json\/wp\/v2\/product_tag?post=197419"}],"curies":[{"name":"wp","href":"https:\/\/api.w.org\/{rel}","templated":true}]}}