{"id":197437,"date":"2015-08-01T17:26:50","date_gmt":"2015-08-01T14:26:50","guid":{"rendered":"http:\/\/vunder-ee.sn25.zone.eu\/lv\/product\/rotalu-auto-automoblox-mini-t-900-truck\/"},"modified":"2015-08-01T17:26:50","modified_gmt":"2015-08-01T14:26:50","slug":"rotalu-auto-automoblox-mini-t-900-truck","status":"publish","type":"product","link":"https:\/\/hobstop.ee\/lv\/produkts\/rotalu-auto-automoblox-mini-t-900-truck\/","title":{"rendered":"Rota\u013cu auto Automoblox Mini T-900 truck"},"content":{"rendered":"<p>Mini T-900 ir pikapa veida d\u017eips, kura hroma diski, hrom\u0113tie s\u0101ni un \u0161asija \u012bpa\u0161i piesaista uzman\u012bbu. Pat bamperi \u0161ai ma\u0161\u012bnai ir hrom\u0113ti. Kravas platforma ir neatsverami funkcion\u0101ls papildin\u0101jums. T-900 rite\u0146iem ir lielisks protektors, kas nodro\u0161ina nevainojamu bezce\u013ca braucienu. Tum\u0161\u0101kas kr\u0101sas jumts padara \u0161o automobili nosl\u0113pumainu, ko alkst ikviens auto \u012bpa\u0161nieks.<br \/>\nSast\u0101vda\u013cas: virsb\u016bve (3 deta\u013cas), diski (4gab.), riepas (4gab.), jumts (1gab.)<br \/>\nIzm\u0113ri: 13.3&#215;6.4&#215;4.6cm<\/p>\n<p>Automoblox Mini ir samazin\u0101ta Automoblox Original produktu versija. \u012asteni n\u0101kotnes-retro iedvesmas automobi\u013ci, kas ir izteikti paroc\u012bgi un ar ko prieks sp\u0113l\u0113ties. Mini mode\u013cu deta\u013cas ir univers\u0101li savienojamas, \u013caujot savstarp\u0113ji savienot da\u017e\u0101du Mini ma\u0161\u012bnu deta\u013cas.\u00a0Ma\u0161\u012bnu virsb\u016bves ir izgatavotas no koka. Mini un Originals virsb\u016bvju deta\u013cas sav\u0101 starp\u0101 nav savienojamas.<br \/>\nPiem\u0113rots b\u0113rniem vecum\u0101: 3+, satur s\u012bkas deta\u013cas.<\/p>\n","protected":false},"excerpt":{"rendered":"<p>Mini T-900 ir pikapa veida d\u017eips, kura hroma diski, hrom\u0113tie s\u0101ni un \u0161asija \u012bpa\u0161i piesaista uzman\u012bbu. Pat bamperi \u0161ai ma\u0161\u012bnai ir hrom\u0113ti. Kravas platforma ir neatsverami funkcion\u0101ls papildin\u0101jums. T-900 rite\u0146iem ir lielisks protektors, kas nodro\u0161ina nevainojamu bezce\u013ca braucienu. Tum\u0161\u0101kas kr\u0101sas jumts padara \u0161o automobili nosl\u0113pumainu, ko alkst ikviens auto \u012bpa\u0161nieks. Sast\u0101vda\u013cas: virsb\u016bve (3 deta\u013cas), diski (4gab.), riepas (4gab.), jumts (1gab.) Izm\u0113ri: 13.3&#215;6.4&#215;4.6cm Automoblox Mini ir samazin\u0101ta Automoblox Original produktu versija. \u012asteni n\u0101kotnes-retro iedvesmas automobi\u013ci, kas ir izteikti paroc\u012bgi un ar ko prieks sp\u0113l\u0113ties. Mini mode\u013cu deta\u013cas ir univers\u0101li savienojamas, \u013caujot savstarp\u0113ji savienot da\u017e\u0101du Mini ma\u0161\u012bnu deta\u013cas.\u00a0Ma\u0161\u012bnu virsb\u016bves ir izgatavotas no koka. Mini un Originals virsb\u016bvju deta\u013cas sav\u0101 starp\u0101 nav savienojamas. Piem\u0113rots b\u0113rniem vecum\u0101: 3+, satur s\u012bkas deta\u013cas.<\/p>\n","protected":false},"featured_media":0,"comment_status":"closed","ping_status":"closed","template":"","meta":{"_acf_changed":false,"ep_exclude_from_search":false},"product_cat":[20027,19835,20030],"product_tag":[],"class_list":{"0":"post-197437","1":"product","2":"type-product","3":"status-publish","5":"product_cat-attistosas-rotallietas","6":"product_cat-bernu-brivais-laiks","7":"product_cat-rotalu-auto","9":"first","10":"instock","11":"taxable","12":"shipping-taxable","13":"purchasable","14":"product-type-variable"},"acf":[],"yoast_head":"<!-- This site is optimized with the Yoast SEO plugin v24.1 - https:\/\/yoast.com\/wordpress\/plugins\/seo\/ -->\n<title>Rota\u013cu auto Automoblox Mini T-900 truck &#8211; Skizze<\/title>\n<meta name=\"robots\" content=\"noindex, follow, max-snippet:-1, max-image-preview:large, max-video-preview:-1\" \/>\n<meta property=\"og:locale\" content=\"lv_LV\" \/>\n<meta property=\"og:type\" content=\"article\" \/>\n<meta property=\"og:title\" content=\"Rota\u013cu auto Automoblox Mini T-900 truck &#8211; Skizze\" \/>\n<meta property=\"og:description\" content=\"Mini T-900 ir pikapa veida d\u017eips, kura hroma diski, hrom\u0113tie s\u0101ni un \u0161asija \u012bpa\u0161i piesaista uzman\u012bbu. Pat bamperi \u0161ai ma\u0161\u012bnai ir hrom\u0113ti. Kravas platforma ir neatsverami funkcion\u0101ls papildin\u0101jums. T-900 rite\u0146iem ir lielisks protektors, kas nodro\u0161ina nevainojamu bezce\u013ca braucienu. Tum\u0161\u0101kas kr\u0101sas jumts padara \u0161o automobili nosl\u0113pumainu, ko alkst ikviens auto \u012bpa\u0161nieks. Sast\u0101vda\u013cas: virsb\u016bve (3 deta\u013cas), diski (4gab.), riepas (4gab.), jumts (1gab.) Izm\u0113ri: 13.3&#215;6.4&#215;4.6cm Automoblox Mini ir samazin\u0101ta Automoblox Original produktu versija. \u012asteni n\u0101kotnes-retro iedvesmas automobi\u013ci, kas ir izteikti paroc\u012bgi un ar ko prieks sp\u0113l\u0113ties. Mini mode\u013cu deta\u013cas ir univers\u0101li savienojamas, \u013caujot savstarp\u0113ji savienot da\u017e\u0101du Mini ma\u0161\u012bnu deta\u013cas.\u00a0Ma\u0161\u012bnu virsb\u016bves ir izgatavotas no koka. Mini un Originals virsb\u016bvju deta\u013cas sav\u0101 starp\u0101 nav savienojamas. Piem\u0113rots b\u0113rniem vecum\u0101: 3+, satur s\u012bkas deta\u013cas.\" \/>\n<meta property=\"og:url\" content=\"https:\/\/hobstop.ee\/lv\/produkts\/rotalu-auto-automoblox-mini-t-900-truck\/\" \/>\n<meta property=\"og:site_name\" content=\"Skizze\" \/>\n<meta property=\"article:publisher\" content=\"http:\/\/www.facebook.com\/VunderSkizze\" \/>\n<meta name=\"twitter:card\" content=\"summary_large_image\" \/>\n<meta name=\"twitter:label1\" content=\"Est. reading time\" \/>\n\t<meta name=\"twitter:data1\" content=\"1 min\u016b\u0161u\" \/>\n<script type=\"application\/ld+json\" class=\"yoast-schema-graph\">{\"@context\":\"https:\/\/schema.org\",\"@graph\":[{\"@type\":\"WebPage\",\"@id\":\"https:\/\/hobstop.ee\/lv\/produkts\/rotalu-auto-automoblox-mini-t-900-truck\/\",\"url\":\"https:\/\/hobstop.ee\/lv\/produkts\/rotalu-auto-automoblox-mini-t-900-truck\/\",\"name\":\"Rota\u013cu auto Automoblox Mini T-900 truck &#8211; Skizze\",\"isPartOf\":{\"@id\":\"https:\/\/hobstop.ee\/lv\/#website\"},\"datePublished\":\"2015-08-01T14:26:50+00:00\",\"dateModified\":\"2015-08-01T14:26:50+00:00\",\"breadcrumb\":{\"@id\":\"https:\/\/hobstop.ee\/lv\/produkts\/rotalu-auto-automoblox-mini-t-900-truck\/#breadcrumb\"},\"inLanguage\":\"lv-LV\",\"potentialAction\":[{\"@type\":\"ReadAction\",\"target\":[\"https:\/\/hobstop.ee\/lv\/produkts\/rotalu-auto-automoblox-mini-t-900-truck\/\"]}]},{\"@type\":\"BreadcrumbList\",\"@id\":\"https:\/\/hobstop.ee\/lv\/produkts\/rotalu-auto-automoblox-mini-t-900-truck\/#breadcrumb\",\"itemListElement\":[{\"@type\":\"ListItem\",\"position\":1,\"name\":\"Avaleht\",\"item\":\"https:\/\/hobstop.ee\/lv\/\"},{\"@type\":\"ListItem\",\"position\":2,\"name\":\"Veikals\",\"item\":\"https:\/\/hobstop.ee\/lv\/veikals\/\"},{\"@type\":\"ListItem\",\"position\":3,\"name\":\"Rota\u013cu auto Automoblox Mini T-900 truck\"}]},{\"@type\":\"WebSite\",\"@id\":\"https:\/\/hobstop.ee\/lv\/#website\",\"url\":\"https:\/\/hobstop.ee\/lv\/\",\"name\":\"Skizze\",\"description\":\"M\u0101kslas, hobiju un skolas preces\",\"publisher\":{\"@id\":\"https:\/\/hobstop.ee\/lv\/#organization\"},\"potentialAction\":[{\"@type\":\"SearchAction\",\"target\":{\"@type\":\"EntryPoint\",\"urlTemplate\":\"https:\/\/hobstop.ee\/lv\/?s={search_term_string}\"},\"query-input\":{\"@type\":\"PropertyValueSpecification\",\"valueRequired\":true,\"valueName\":\"search_term_string\"}}],\"inLanguage\":\"lv-LV\"},{\"@type\":\"Organization\",\"@id\":\"https:\/\/hobstop.ee\/lv\/#organization\",\"name\":\"Vunder AS\",\"url\":\"https:\/\/hobstop.ee\/lv\/\",\"logo\":{\"@type\":\"ImageObject\",\"inLanguage\":\"lv-LV\",\"@id\":\"https:\/\/hobstop.ee\/lv\/#\/schema\/logo\/image\/\",\"url\":\"https:\/\/hobstop.ee\/media\/vunder-logo.png\",\"contentUrl\":\"https:\/\/hobstop.ee\/media\/vunder-logo.png\",\"width\":127,\"height\":55,\"caption\":\"Vunder AS\"},\"image\":{\"@id\":\"https:\/\/hobstop.ee\/lv\/#\/schema\/logo\/image\/\"},\"sameAs\":[\"http:\/\/www.facebook.com\/VunderSkizze\"]}]}<\/script>\n<!-- \/ Yoast SEO plugin. -->","yoast_head_json":{"title":"Rota\u013cu auto Automoblox Mini T-900 truck &#8211; Skizze","robots":{"index":"noindex","follow":"follow","max-snippet":"max-snippet:-1","max-image-preview":"max-image-preview:large","max-video-preview":"max-video-preview:-1"},"og_locale":"lv_LV","og_type":"article","og_title":"Rota\u013cu auto Automoblox Mini T-900 truck &#8211; Skizze","og_description":"Mini T-900 ir pikapa veida d\u017eips, kura hroma diski, hrom\u0113tie s\u0101ni un \u0161asija \u012bpa\u0161i piesaista uzman\u012bbu. Pat bamperi \u0161ai ma\u0161\u012bnai ir hrom\u0113ti. Kravas platforma ir neatsverami funkcion\u0101ls papildin\u0101jums. T-900 rite\u0146iem ir lielisks protektors, kas nodro\u0161ina nevainojamu bezce\u013ca braucienu. Tum\u0161\u0101kas kr\u0101sas jumts padara \u0161o automobili nosl\u0113pumainu, ko alkst ikviens auto \u012bpa\u0161nieks. Sast\u0101vda\u013cas: virsb\u016bve (3 deta\u013cas), diski (4gab.), riepas (4gab.), jumts (1gab.) Izm\u0113ri: 13.3&#215;6.4&#215;4.6cm Automoblox Mini ir samazin\u0101ta Automoblox Original produktu versija. \u012asteni n\u0101kotnes-retro iedvesmas automobi\u013ci, kas ir izteikti paroc\u012bgi un ar ko prieks sp\u0113l\u0113ties. Mini mode\u013cu deta\u013cas ir univers\u0101li savienojamas, \u013caujot savstarp\u0113ji savienot da\u017e\u0101du Mini ma\u0161\u012bnu deta\u013cas.\u00a0Ma\u0161\u012bnu virsb\u016bves ir izgatavotas no koka. Mini un Originals virsb\u016bvju deta\u013cas sav\u0101 starp\u0101 nav savienojamas. Piem\u0113rots b\u0113rniem vecum\u0101: 3+, satur s\u012bkas deta\u013cas.","og_url":"https:\/\/hobstop.ee\/lv\/produkts\/rotalu-auto-automoblox-mini-t-900-truck\/","og_site_name":"Skizze","article_publisher":"http:\/\/www.facebook.com\/VunderSkizze","twitter_card":"summary_large_image","twitter_misc":{"Est. reading time":"1 min\u016b\u0161u"},"schema":{"@context":"https:\/\/schema.org","@graph":[{"@type":"WebPage","@id":"https:\/\/hobstop.ee\/lv\/produkts\/rotalu-auto-automoblox-mini-t-900-truck\/","url":"https:\/\/hobstop.ee\/lv\/produkts\/rotalu-auto-automoblox-mini-t-900-truck\/","name":"Rota\u013cu auto Automoblox Mini T-900 truck &#8211; Skizze","isPartOf":{"@id":"https:\/\/hobstop.ee\/lv\/#website"},"datePublished":"2015-08-01T14:26:50+00:00","dateModified":"2015-08-01T14:26:50+00:00","breadcrumb":{"@id":"https:\/\/hobstop.ee\/lv\/produkts\/rotalu-auto-automoblox-mini-t-900-truck\/#breadcrumb"},"inLanguage":"lv-LV","potentialAction":[{"@type":"ReadAction","target":["https:\/\/hobstop.ee\/lv\/produkts\/rotalu-auto-automoblox-mini-t-900-truck\/"]}]},{"@type":"BreadcrumbList","@id":"https:\/\/hobstop.ee\/lv\/produkts\/rotalu-auto-automoblox-mini-t-900-truck\/#breadcrumb","itemListElement":[{"@type":"ListItem","position":1,"name":"Avaleht","item":"https:\/\/hobstop.ee\/lv\/"},{"@type":"ListItem","position":2,"name":"Veikals","item":"https:\/\/hobstop.ee\/lv\/veikals\/"},{"@type":"ListItem","position":3,"name":"Rota\u013cu auto Automoblox Mini T-900 truck"}]},{"@type":"WebSite","@id":"https:\/\/hobstop.ee\/lv\/#website","url":"https:\/\/hobstop.ee\/lv\/","name":"Skizze","description":"M\u0101kslas, hobiju un skolas preces","publisher":{"@id":"https:\/\/hobstop.ee\/lv\/#organization"},"potentialAction":[{"@type":"SearchAction","target":{"@type":"EntryPoint","urlTemplate":"https:\/\/hobstop.ee\/lv\/?s={search_term_string}"},"query-input":{"@type":"PropertyValueSpecification","valueRequired":true,"valueName":"search_term_string"}}],"inLanguage":"lv-LV"},{"@type":"Organization","@id":"https:\/\/hobstop.ee\/lv\/#organization","name":"Vunder AS","url":"https:\/\/hobstop.ee\/lv\/","logo":{"@type":"ImageObject","inLanguage":"lv-LV","@id":"https:\/\/hobstop.ee\/lv\/#\/schema\/logo\/image\/","url":"https:\/\/hobstop.ee\/media\/vunder-logo.png","contentUrl":"https:\/\/hobstop.ee\/media\/vunder-logo.png","width":127,"height":55,"caption":"Vunder AS"},"image":{"@id":"https:\/\/hobstop.ee\/lv\/#\/schema\/logo\/image\/"},"sameAs":["http:\/\/www.facebook.com\/VunderSkizze"]}]}},"_links":{"self":[{"href":"https:\/\/hobstop.ee\/lv\/wp-json\/wp\/v2\/product\/197437","targetHints":{"allow":["GET"]}}],"collection":[{"href":"https:\/\/hobstop.ee\/lv\/wp-json\/wp\/v2\/product"}],"about":[{"href":"https:\/\/hobstop.ee\/lv\/wp-json\/wp\/v2\/types\/product"}],"replies":[{"embeddable":true,"href":"https:\/\/hobstop.ee\/lv\/wp-json\/wp\/v2\/comments?post=197437"}],"wp:attachment":[{"href":"https:\/\/hobstop.ee\/lv\/wp-json\/wp\/v2\/media?parent=197437"}],"wp:term":[{"taxonomy":"product_cat","embeddable":true,"href":"https:\/\/hobstop.ee\/lv\/wp-json\/wp\/v2\/product_cat?post=197437"},{"taxonomy":"product_tag","embeddable":true,"href":"https:\/\/hobstop.ee\/lv\/wp-json\/wp\/v2\/product_tag?post=197437"}],"curies":[{"name":"wp","href":"https:\/\/api.w.org\/{rel}","templated":true}]}}