{"id":209457,"date":"2015-09-07T13:28:02","date_gmt":"2015-09-07T10:28:02","guid":{"rendered":"http:\/\/vunder-ee.sn25.zone.eu\/lv\/product\/akrila-krasa-sennelier-abstract-500ml\/"},"modified":"2015-09-07T13:28:02","modified_gmt":"2015-09-07T10:28:02","slug":"akrila-krasa-sennelier-abstract-500ml","status":"publish","type":"product","link":"https:\/\/hobstop.ee\/lv\/produkts\/akrila-krasa-sennelier-abstract-500ml\/","title":{"rendered":"Akrila kr\u0101sa Sennelier Abstract 500ml"},"content":{"rendered":"<p>Abstract ir Sennelier laboratorijas zin\u0101tnieku tr\u012bs gadu p\u0113tniec\u012bbas darba rezult\u0101ts. T\u0101 ir smalka akrila kr\u0101sa, kas atbilst visstingr\u0101kaj\u0101m kvalit\u0101tes pras\u012bb\u0101m, t\u0101d\u0113j\u0101di liecinot par Sennelier kr\u0101su garantiju: to pigmenta koncentr\u0101cija nodro\u0161ina kr\u0101sas biezo, kr\u0113mveida, \u201csmagn\u0113jo\u201d konsistenci, k\u0101 ar\u012b neapstr\u012bdami pilnv\u0113rt\u012bg\u0101s nokl\u0101\u0161anas \u012bpa\u0161\u012bbas. Darbo\u0161an\u0101s ar \u0161o pastu un otu, paletes nazi vai uzreiz no m\u012bkst\u0101s t\u016bbi\u0146as sniedz neviltotu prieku. Kr\u0101su ir \u013coti viegli kl\u0101t uz da\u017e\u0101d\u0101m virsm\u0101m, padarot to izteikti popul\u0101ru studentu, profesion\u0101lu gleznot\u0101ju, ielu m\u0101kslinieku un citu rado\u0161u cilv\u0113ku lok\u0101.<br \/>\nInovat\u012bvajam, elegantajam, paroc\u012bgajam un m\u012bkstajam maisi\u0146veida iepakojumam ir da\u017e\u0101di ieguvumi. Tas lieliski iegulst plaukst\u0101, atvieglojot kr\u0101sas lieto\u0161anu. Iepakojums ir pietiekami iztur\u012bgs, lai kr\u0101su \u0146emtu it visur l\u012bdzi. At\u0161\u0137ir\u012bb\u0101 no ierast\u0101s t\u016bbi\u0146as \u0161is maisi\u0146\u0161 iztur\u0113s rad\u012bto spiedienu, pat ja nejau\u0161i gad\u012bsies tam uzk\u0101pt virs\u016b! Kr\u0101sa lab\u0101k saglab\u0101jas svaiga, jo iepakojum\u0101 neiek\u013c\u016bst gaiss. Bez tam kr\u0101su iesp\u0113jams izmantot l\u012bdz galam, jo paci\u0146\u0101 neveidojas gaisa burbu\u013ci, kas atverot iz\u0161\u0137ie\u017e kr\u0101su.<\/p>\n","protected":false},"excerpt":{"rendered":"<p>Abstract ir Sennelier laboratorijas zin\u0101tnieku tr\u012bs gadu p\u0113tniec\u012bbas darba rezult\u0101ts. T\u0101 ir smalka akrila kr\u0101sa, kas atbilst visstingr\u0101kaj\u0101m kvalit\u0101tes pras\u012bb\u0101m, t\u0101d\u0113j\u0101di liecinot par Sennelier kr\u0101su garantiju: to pigmenta koncentr\u0101cija nodro\u0161ina kr\u0101sas biezo, kr\u0113mveida, \u201csmagn\u0113jo\u201d konsistenci, k\u0101 ar\u012b neapstr\u012bdami pilnv\u0113rt\u012bg\u0101s nokl\u0101\u0161anas \u012bpa\u0161\u012bbas. Darbo\u0161an\u0101s ar \u0161o pastu un otu, paletes nazi vai uzreiz no m\u012bkst\u0101s t\u016bbi\u0146as sniedz neviltotu prieku. Kr\u0101su ir \u013coti viegli kl\u0101t uz da\u017e\u0101d\u0101m virsm\u0101m, padarot to izteikti popul\u0101ru studentu, profesion\u0101lu gleznot\u0101ju, ielu m\u0101kslinieku un citu rado\u0161u cilv\u0113ku lok\u0101. Inovat\u012bvajam, elegantajam, paroc\u012bgajam un m\u012bkstajam maisi\u0146veida iepakojumam ir da\u017e\u0101di ieguvumi. Tas lieliski iegulst plaukst\u0101, atvieglojot kr\u0101sas lieto\u0161anu. Iepakojums ir pietiekami iztur\u012bgs, lai kr\u0101su \u0146emtu it visur l\u012bdzi. At\u0161\u0137ir\u012bb\u0101 no ierast\u0101s t\u016bbi\u0146as \u0161is maisi\u0146\u0161 iztur\u0113s rad\u012bto spiedienu, pat ja nejau\u0161i gad\u012bsies tam uzk\u0101pt virs\u016b! Kr\u0101sa lab\u0101k saglab\u0101jas svaiga, jo iepakojum\u0101 neiek\u013c\u016bst gaiss. Bez tam kr\u0101su iesp\u0113jams izmantot l\u012bdz galam, jo paci\u0146\u0101 neveidojas gaisa burbu\u013ci, kas atverot iz\u0161\u0137ie\u017e kr\u0101su.<\/p>\n","protected":false},"featured_media":209951,"comment_status":"closed","ping_status":"closed","template":"","meta":{"_acf_changed":false,"ep_exclude_from_search":false},"product_cat":[18994,17980,16123],"product_tag":[],"class_list":{"0":"post-209457","1":"product","2":"type-product","3":"status-publish","4":"has-post-thumbnail","6":"product_cat-akrila-krasas","7":"product_cat-krasas-un-gleznosanas-paligmateriali","8":"product_cat-makslas-piederumi-2","10":"first","11":"instock","12":"taxable","13":"shipping-taxable","14":"purchasable","15":"product-type-variable"},"acf":[],"yoast_head":"<!-- This site is optimized with the Yoast SEO plugin v24.1 - https:\/\/yoast.com\/wordpress\/plugins\/seo\/ -->\n<title>Akrila kr\u0101sa Sennelier Abstract 500ml &#8211; Skizze<\/title>\n<meta name=\"robots\" content=\"noindex, follow, max-snippet:-1, max-image-preview:large, max-video-preview:-1\" \/>\n<meta property=\"og:locale\" content=\"lv_LV\" \/>\n<meta property=\"og:type\" content=\"article\" \/>\n<meta property=\"og:title\" content=\"Akrila kr\u0101sa Sennelier Abstract 500ml &#8211; Skizze\" \/>\n<meta property=\"og:description\" content=\"Abstract ir Sennelier laboratorijas zin\u0101tnieku tr\u012bs gadu p\u0113tniec\u012bbas darba rezult\u0101ts. T\u0101 ir smalka akrila kr\u0101sa, kas atbilst visstingr\u0101kaj\u0101m kvalit\u0101tes pras\u012bb\u0101m, t\u0101d\u0113j\u0101di liecinot par Sennelier kr\u0101su garantiju: to pigmenta koncentr\u0101cija nodro\u0161ina kr\u0101sas biezo, kr\u0113mveida, \u201csmagn\u0113jo\u201d konsistenci, k\u0101 ar\u012b neapstr\u012bdami pilnv\u0113rt\u012bg\u0101s nokl\u0101\u0161anas \u012bpa\u0161\u012bbas. Darbo\u0161an\u0101s ar \u0161o pastu un otu, paletes nazi vai uzreiz no m\u012bkst\u0101s t\u016bbi\u0146as sniedz neviltotu prieku. Kr\u0101su ir \u013coti viegli kl\u0101t uz da\u017e\u0101d\u0101m virsm\u0101m, padarot to izteikti popul\u0101ru studentu, profesion\u0101lu gleznot\u0101ju, ielu m\u0101kslinieku un citu rado\u0161u cilv\u0113ku lok\u0101. Inovat\u012bvajam, elegantajam, paroc\u012bgajam un m\u012bkstajam maisi\u0146veida iepakojumam ir da\u017e\u0101di ieguvumi. Tas lieliski iegulst plaukst\u0101, atvieglojot kr\u0101sas lieto\u0161anu. Iepakojums ir pietiekami iztur\u012bgs, lai kr\u0101su \u0146emtu it visur l\u012bdzi. At\u0161\u0137ir\u012bb\u0101 no ierast\u0101s t\u016bbi\u0146as \u0161is maisi\u0146\u0161 iztur\u0113s rad\u012bto spiedienu, pat ja nejau\u0161i gad\u012bsies tam uzk\u0101pt virs\u016b! Kr\u0101sa lab\u0101k saglab\u0101jas svaiga, jo iepakojum\u0101 neiek\u013c\u016bst gaiss. Bez tam kr\u0101su iesp\u0113jams izmantot l\u012bdz galam, jo paci\u0146\u0101 neveidojas gaisa burbu\u013ci, kas atverot iz\u0161\u0137ie\u017e kr\u0101su.\" \/>\n<meta property=\"og:url\" content=\"https:\/\/hobstop.ee\/lv\/produkts\/akrila-krasa-sennelier-abstract-500ml\/\" \/>\n<meta property=\"og:site_name\" content=\"Skizze\" \/>\n<meta property=\"article:publisher\" content=\"http:\/\/www.facebook.com\/VunderSkizze\" \/>\n<meta property=\"og:image\" content=\"https:\/\/www.hobstop.ee\/media\/3980.jpg\" \/>\n\t<meta property=\"og:image:width\" content=\"1024\" \/>\n\t<meta property=\"og:image:height\" content=\"768\" \/>\n\t<meta property=\"og:image:type\" content=\"image\/jpeg\" \/>\n<meta name=\"twitter:card\" content=\"summary_large_image\" \/>\n<meta name=\"twitter:label1\" content=\"Est. reading time\" \/>\n\t<meta name=\"twitter:data1\" content=\"1 min\u016b\u0161u\" \/>\n<script type=\"application\/ld+json\" class=\"yoast-schema-graph\">{\"@context\":\"https:\/\/schema.org\",\"@graph\":[{\"@type\":\"WebPage\",\"@id\":\"https:\/\/hobstop.ee\/lv\/produkts\/akrila-krasa-sennelier-abstract-500ml\/\",\"url\":\"https:\/\/hobstop.ee\/lv\/produkts\/akrila-krasa-sennelier-abstract-500ml\/\",\"name\":\"Akrila kr\u0101sa Sennelier Abstract 500ml &#8211; Skizze\",\"isPartOf\":{\"@id\":\"https:\/\/hobstop.ee\/lv\/#website\"},\"primaryImageOfPage\":{\"@id\":\"https:\/\/hobstop.ee\/lv\/produkts\/akrila-krasa-sennelier-abstract-500ml\/#primaryimage\"},\"image\":{\"@id\":\"https:\/\/hobstop.ee\/lv\/produkts\/akrila-krasa-sennelier-abstract-500ml\/#primaryimage\"},\"thumbnailUrl\":\"https:\/\/hobstop.ee\/media\/3980.jpg\",\"datePublished\":\"2015-09-07T10:28:02+00:00\",\"dateModified\":\"2015-09-07T10:28:02+00:00\",\"breadcrumb\":{\"@id\":\"https:\/\/hobstop.ee\/lv\/produkts\/akrila-krasa-sennelier-abstract-500ml\/#breadcrumb\"},\"inLanguage\":\"lv-LV\",\"potentialAction\":[{\"@type\":\"ReadAction\",\"target\":[\"https:\/\/hobstop.ee\/lv\/produkts\/akrila-krasa-sennelier-abstract-500ml\/\"]}]},{\"@type\":\"ImageObject\",\"inLanguage\":\"lv-LV\",\"@id\":\"https:\/\/hobstop.ee\/lv\/produkts\/akrila-krasa-sennelier-abstract-500ml\/#primaryimage\",\"url\":\"https:\/\/hobstop.ee\/media\/3980.jpg\",\"contentUrl\":\"https:\/\/hobstop.ee\/media\/3980.jpg\",\"width\":1024,\"height\":768},{\"@type\":\"BreadcrumbList\",\"@id\":\"https:\/\/hobstop.ee\/lv\/produkts\/akrila-krasa-sennelier-abstract-500ml\/#breadcrumb\",\"itemListElement\":[{\"@type\":\"ListItem\",\"position\":1,\"name\":\"Avaleht\",\"item\":\"https:\/\/www.hobstop.ee\/lv\/\"},{\"@type\":\"ListItem\",\"position\":2,\"name\":\"Veikals\",\"item\":\"https:\/\/www.hobstop.ee\/lv\/veikals\/\"},{\"@type\":\"ListItem\",\"position\":3,\"name\":\"Akrila kr\u0101sa Sennelier Abstract 500ml\"}]},{\"@type\":\"WebSite\",\"@id\":\"https:\/\/hobstop.ee\/lv\/#website\",\"url\":\"https:\/\/hobstop.ee\/lv\/\",\"name\":\"Skizze\",\"description\":\"M\u0101kslas, hobiju un skolas preces\",\"publisher\":{\"@id\":\"https:\/\/hobstop.ee\/lv\/#organization\"},\"potentialAction\":[{\"@type\":\"SearchAction\",\"target\":{\"@type\":\"EntryPoint\",\"urlTemplate\":\"https:\/\/hobstop.ee\/lv\/?s={search_term_string}\"},\"query-input\":{\"@type\":\"PropertyValueSpecification\",\"valueRequired\":true,\"valueName\":\"search_term_string\"}}],\"inLanguage\":\"lv-LV\"},{\"@type\":\"Organization\",\"@id\":\"https:\/\/hobstop.ee\/lv\/#organization\",\"name\":\"Vunder AS\",\"url\":\"https:\/\/hobstop.ee\/lv\/\",\"logo\":{\"@type\":\"ImageObject\",\"inLanguage\":\"lv-LV\",\"@id\":\"https:\/\/hobstop.ee\/lv\/#\/schema\/logo\/image\/\",\"url\":\"https:\/\/hobstop.ee\/media\/vunder-logo.png\",\"contentUrl\":\"https:\/\/hobstop.ee\/media\/vunder-logo.png\",\"width\":127,\"height\":55,\"caption\":\"Vunder AS\"},\"image\":{\"@id\":\"https:\/\/hobstop.ee\/lv\/#\/schema\/logo\/image\/\"},\"sameAs\":[\"http:\/\/www.facebook.com\/VunderSkizze\"]}]}<\/script>\n<!-- \/ Yoast SEO plugin. -->","yoast_head_json":{"title":"Akrila kr\u0101sa Sennelier Abstract 500ml &#8211; Skizze","robots":{"index":"noindex","follow":"follow","max-snippet":"max-snippet:-1","max-image-preview":"max-image-preview:large","max-video-preview":"max-video-preview:-1"},"og_locale":"lv_LV","og_type":"article","og_title":"Akrila kr\u0101sa Sennelier Abstract 500ml &#8211; Skizze","og_description":"Abstract ir Sennelier laboratorijas zin\u0101tnieku tr\u012bs gadu p\u0113tniec\u012bbas darba rezult\u0101ts. T\u0101 ir smalka akrila kr\u0101sa, kas atbilst visstingr\u0101kaj\u0101m kvalit\u0101tes pras\u012bb\u0101m, t\u0101d\u0113j\u0101di liecinot par Sennelier kr\u0101su garantiju: to pigmenta koncentr\u0101cija nodro\u0161ina kr\u0101sas biezo, kr\u0113mveida, \u201csmagn\u0113jo\u201d konsistenci, k\u0101 ar\u012b neapstr\u012bdami pilnv\u0113rt\u012bg\u0101s nokl\u0101\u0161anas \u012bpa\u0161\u012bbas. Darbo\u0161an\u0101s ar \u0161o pastu un otu, paletes nazi vai uzreiz no m\u012bkst\u0101s t\u016bbi\u0146as sniedz neviltotu prieku. Kr\u0101su ir \u013coti viegli kl\u0101t uz da\u017e\u0101d\u0101m virsm\u0101m, padarot to izteikti popul\u0101ru studentu, profesion\u0101lu gleznot\u0101ju, ielu m\u0101kslinieku un citu rado\u0161u cilv\u0113ku lok\u0101. Inovat\u012bvajam, elegantajam, paroc\u012bgajam un m\u012bkstajam maisi\u0146veida iepakojumam ir da\u017e\u0101di ieguvumi. Tas lieliski iegulst plaukst\u0101, atvieglojot kr\u0101sas lieto\u0161anu. Iepakojums ir pietiekami iztur\u012bgs, lai kr\u0101su \u0146emtu it visur l\u012bdzi. At\u0161\u0137ir\u012bb\u0101 no ierast\u0101s t\u016bbi\u0146as \u0161is maisi\u0146\u0161 iztur\u0113s rad\u012bto spiedienu, pat ja nejau\u0161i gad\u012bsies tam uzk\u0101pt virs\u016b! Kr\u0101sa lab\u0101k saglab\u0101jas svaiga, jo iepakojum\u0101 neiek\u013c\u016bst gaiss. Bez tam kr\u0101su iesp\u0113jams izmantot l\u012bdz galam, jo paci\u0146\u0101 neveidojas gaisa burbu\u013ci, kas atverot iz\u0161\u0137ie\u017e kr\u0101su.","og_url":"https:\/\/hobstop.ee\/lv\/produkts\/akrila-krasa-sennelier-abstract-500ml\/","og_site_name":"Skizze","article_publisher":"http:\/\/www.facebook.com\/VunderSkizze","og_image":[{"width":1024,"height":768,"url":"https:\/\/www.hobstop.ee\/media\/3980.jpg","type":"image\/jpeg"}],"twitter_card":"summary_large_image","twitter_misc":{"Est. reading time":"1 min\u016b\u0161u"},"schema":{"@context":"https:\/\/schema.org","@graph":[{"@type":"WebPage","@id":"https:\/\/hobstop.ee\/lv\/produkts\/akrila-krasa-sennelier-abstract-500ml\/","url":"https:\/\/hobstop.ee\/lv\/produkts\/akrila-krasa-sennelier-abstract-500ml\/","name":"Akrila kr\u0101sa Sennelier Abstract 500ml &#8211; Skizze","isPartOf":{"@id":"https:\/\/hobstop.ee\/lv\/#website"},"primaryImageOfPage":{"@id":"https:\/\/hobstop.ee\/lv\/produkts\/akrila-krasa-sennelier-abstract-500ml\/#primaryimage"},"image":{"@id":"https:\/\/hobstop.ee\/lv\/produkts\/akrila-krasa-sennelier-abstract-500ml\/#primaryimage"},"thumbnailUrl":"https:\/\/hobstop.ee\/media\/3980.jpg","datePublished":"2015-09-07T10:28:02+00:00","dateModified":"2015-09-07T10:28:02+00:00","breadcrumb":{"@id":"https:\/\/hobstop.ee\/lv\/produkts\/akrila-krasa-sennelier-abstract-500ml\/#breadcrumb"},"inLanguage":"lv-LV","potentialAction":[{"@type":"ReadAction","target":["https:\/\/hobstop.ee\/lv\/produkts\/akrila-krasa-sennelier-abstract-500ml\/"]}]},{"@type":"ImageObject","inLanguage":"lv-LV","@id":"https:\/\/hobstop.ee\/lv\/produkts\/akrila-krasa-sennelier-abstract-500ml\/#primaryimage","url":"https:\/\/hobstop.ee\/media\/3980.jpg","contentUrl":"https:\/\/hobstop.ee\/media\/3980.jpg","width":1024,"height":768},{"@type":"BreadcrumbList","@id":"https:\/\/hobstop.ee\/lv\/produkts\/akrila-krasa-sennelier-abstract-500ml\/#breadcrumb","itemListElement":[{"@type":"ListItem","position":1,"name":"Avaleht","item":"https:\/\/www.hobstop.ee\/lv\/"},{"@type":"ListItem","position":2,"name":"Veikals","item":"https:\/\/www.hobstop.ee\/lv\/veikals\/"},{"@type":"ListItem","position":3,"name":"Akrila kr\u0101sa Sennelier Abstract 500ml"}]},{"@type":"WebSite","@id":"https:\/\/hobstop.ee\/lv\/#website","url":"https:\/\/hobstop.ee\/lv\/","name":"Skizze","description":"M\u0101kslas, hobiju un skolas preces","publisher":{"@id":"https:\/\/hobstop.ee\/lv\/#organization"},"potentialAction":[{"@type":"SearchAction","target":{"@type":"EntryPoint","urlTemplate":"https:\/\/hobstop.ee\/lv\/?s={search_term_string}"},"query-input":{"@type":"PropertyValueSpecification","valueRequired":true,"valueName":"search_term_string"}}],"inLanguage":"lv-LV"},{"@type":"Organization","@id":"https:\/\/hobstop.ee\/lv\/#organization","name":"Vunder AS","url":"https:\/\/hobstop.ee\/lv\/","logo":{"@type":"ImageObject","inLanguage":"lv-LV","@id":"https:\/\/hobstop.ee\/lv\/#\/schema\/logo\/image\/","url":"https:\/\/hobstop.ee\/media\/vunder-logo.png","contentUrl":"https:\/\/hobstop.ee\/media\/vunder-logo.png","width":127,"height":55,"caption":"Vunder AS"},"image":{"@id":"https:\/\/hobstop.ee\/lv\/#\/schema\/logo\/image\/"},"sameAs":["http:\/\/www.facebook.com\/VunderSkizze"]}]}},"_links":{"self":[{"href":"https:\/\/hobstop.ee\/lv\/wp-json\/wp\/v2\/product\/209457","targetHints":{"allow":["GET"]}}],"collection":[{"href":"https:\/\/hobstop.ee\/lv\/wp-json\/wp\/v2\/product"}],"about":[{"href":"https:\/\/hobstop.ee\/lv\/wp-json\/wp\/v2\/types\/product"}],"replies":[{"embeddable":true,"href":"https:\/\/hobstop.ee\/lv\/wp-json\/wp\/v2\/comments?post=209457"}],"wp:featuredmedia":[{"embeddable":true,"href":"https:\/\/hobstop.ee\/lv\/wp-json\/wp\/v2\/media\/209951"}],"wp:attachment":[{"href":"https:\/\/hobstop.ee\/lv\/wp-json\/wp\/v2\/media?parent=209457"}],"wp:term":[{"taxonomy":"product_cat","embeddable":true,"href":"https:\/\/hobstop.ee\/lv\/wp-json\/wp\/v2\/product_cat?post=209457"},{"taxonomy":"product_tag","embeddable":true,"href":"https:\/\/hobstop.ee\/lv\/wp-json\/wp\/v2\/product_tag?post=209457"}],"curies":[{"name":"wp","href":"https:\/\/api.w.org\/{rel}","templated":true}]}}