{"id":212872,"date":"2015-06-01T15:13:02","date_gmt":"2015-09-09T12:13:02","guid":{"rendered":"http:\/\/vunder-ee.sn25.zone.eu\/lv\/product\/akrila-vinila-krasa-flashe-125ml\/"},"modified":"2015-09-09T15:13:02","modified_gmt":"2015-09-09T12:13:02","slug":"akrila-vinila-krasa-lb-flashe-125ml","status":"publish","type":"product","link":"https:\/\/hobstop.ee\/lv\/produkts\/akrila-vinila-krasa-lb-flashe-125ml\/","title":{"rendered":"Akrila-vinila kr\u0101sa LB Flashe 125ml"},"content":{"rendered":"<p>1954. gad\u0101 Lefranc Bourgeois iepaz\u012bstin\u0101ja pasauli ar Flashe \u2013 pirmo moderno alternat\u012bvu tradicion\u0101lajiem m\u0101kslas materi\u0101liem. \u0160\u012b s\u0113rija tika izstr\u0101d\u0101ta cie\u0161\u0101 sadarb\u012bb\u0101 ar m\u0101ksliniekiem k\u0101 virkne novatorisku kr\u0101su ar unik\u0101l\u0101m optiskaj\u0101m \u012bpa\u0161\u012bb\u0101m. LB Flashe ir kr\u0101sa, kas pie\u0161\u0137ir maksim\u0101li samtainu, mat\u0113tu virsmu, kr\u0101sas ir intens\u012bvas, augsti pigment\u0113tas, sp\u012bd\u012bgas un dinamiskas. Flashe kr\u0101sas ir dzi\u013cas un t\u012bras, to\u0146i, kas nemain\u0101s &#8230;.nedaudz atg\u0101dina &#8220;Pantone&#8221; kr\u0101sas! Pateicoties izteiktajam pigmentam kr\u0101su sast\u0101v\u0101, LB Flashe kr\u0101sas uz vinila emulsijas b\u0101zes nodro\u0161ina izcilu intensit\u0101ti, nep\u0101rsp\u0113jamu p\u0101rkl\u0101jumu un kr\u0101sas, kuras gaismas ietekm\u0113 nemain\u0101s. Konsistence un fakt\u016bra ir samtaini mat\u0113ti, \u0161\u0137idra un \u013coti pies\u0101tin\u0101ta vienveid\u012bgai, plakanai apdarei. LB Flashe var at\u0161\u0137aid\u012bt ar \u016bdeni, lai sasniegtu da\u017e\u0101dus rezult\u0101tus, piem\u0113ram, no d\u016bmakaina l\u012bdz piln\u012bgi caursp\u012bd\u012bgam akvare\u013cu efektam. Flashe kr\u0101su var izmantot uz audekla, pap\u012bra, sien\u0101m, ar ot\u0101m, kr\u0101sas smidzin\u0101t\u0101jiem, s\u016bk\u013ciem utt. Ide\u0101li piem\u0113rota fresk\u0101m un sienu apglezno\u0161anai, imit\u0101cijas apdar\u0113m, te\u0101tra dekor\u0101cij\u0101m un citiem m\u0113r\u0137iem.<\/p>\n","protected":false},"excerpt":{"rendered":"<p>1954. gad\u0101 Lefranc Bourgeois iepaz\u012bstin\u0101ja pasauli ar Flashe \u2013 pirmo moderno alternat\u012bvu tradicion\u0101lajiem m\u0101kslas materi\u0101liem. \u0160\u012b s\u0113rija tika izstr\u0101d\u0101ta cie\u0161\u0101 sadarb\u012bb\u0101 ar m\u0101ksliniekiem k\u0101 virkne novatorisku kr\u0101su ar unik\u0101l\u0101m optiskaj\u0101m \u012bpa\u0161\u012bb\u0101m. LB Flashe ir kr\u0101sa, kas pie\u0161\u0137ir maksim\u0101li samtainu, mat\u0113tu virsmu, kr\u0101sas ir intens\u012bvas, augsti pigment\u0113tas, sp\u012bd\u012bgas un dinamiskas. Flashe kr\u0101sas ir dzi\u013cas un t\u012bras, to\u0146i, kas nemain\u0101s &#8230;.nedaudz atg\u0101dina &#8220;Pantone&#8221; kr\u0101sas! Pateicoties izteiktajam pigmentam kr\u0101su sast\u0101v\u0101, LB Flashe kr\u0101sas uz vinila emulsijas b\u0101zes nodro\u0161ina izcilu intensit\u0101ti, nep\u0101rsp\u0113jamu p\u0101rkl\u0101jumu un kr\u0101sas, kuras gaismas ietekm\u0113 nemain\u0101s. Konsistence un fakt\u016bra ir samtaini mat\u0113ti, \u0161\u0137idra un \u013coti pies\u0101tin\u0101ta vienveid\u012bgai, plakanai apdarei. LB Flashe var at\u0161\u0137aid\u012bt ar \u016bdeni, lai sasniegtu da\u017e\u0101dus rezult\u0101tus, piem\u0113ram, no d\u016bmakaina l\u012bdz piln\u012bgi caursp\u012bd\u012bgam akvare\u013cu efektam. Flashe kr\u0101su var izmantot uz audekla, pap\u012bra, sien\u0101m, ar ot\u0101m, kr\u0101sas smidzin\u0101t\u0101jiem, s\u016bk\u013ciem utt. Ide\u0101li piem\u0113rota fresk\u0101m un sienu apglezno\u0161anai, imit\u0101cijas apdar\u0113m, te\u0101tra dekor\u0101cij\u0101m un citiem m\u0113r\u0137iem.<\/p>\n","protected":false},"featured_media":328399,"comment_status":"closed","ping_status":"closed","template":"","meta":{"_acf_changed":false,"ep_exclude_from_search":false},"product_cat":[18994,17980,16123],"product_tag":[],"class_list":{"0":"post-212872","1":"product","2":"type-product","3":"status-publish","4":"has-post-thumbnail","6":"product_cat-akrila-krasas","7":"product_cat-krasas-un-gleznosanas-paligmateriali","8":"product_cat-makslas-piederumi-2","10":"first","11":"instock","12":"sale","13":"taxable","14":"shipping-taxable","15":"purchasable","16":"product-type-variable"},"acf":[],"yoast_head":"<!-- This site is optimized with the Yoast SEO plugin v24.1 - https:\/\/yoast.com\/wordpress\/plugins\/seo\/ -->\n<title>Akrila-vinila kr\u0101sa LB Flashe 125ml &#8211; Skizze<\/title>\n<meta name=\"robots\" content=\"noindex, follow, max-snippet:-1, max-image-preview:large, max-video-preview:-1\" \/>\n<meta property=\"og:locale\" content=\"lv_LV\" \/>\n<meta property=\"og:type\" content=\"article\" \/>\n<meta property=\"og:title\" content=\"Akrila-vinila kr\u0101sa LB Flashe 125ml &#8211; Skizze\" \/>\n<meta property=\"og:description\" content=\"1954. gad\u0101 Lefranc Bourgeois iepaz\u012bstin\u0101ja pasauli ar Flashe \u2013 pirmo moderno alternat\u012bvu tradicion\u0101lajiem m\u0101kslas materi\u0101liem. \u0160\u012b s\u0113rija tika izstr\u0101d\u0101ta cie\u0161\u0101 sadarb\u012bb\u0101 ar m\u0101ksliniekiem k\u0101 virkne novatorisku kr\u0101su ar unik\u0101l\u0101m optiskaj\u0101m \u012bpa\u0161\u012bb\u0101m. LB Flashe ir kr\u0101sa, kas pie\u0161\u0137ir maksim\u0101li samtainu, mat\u0113tu virsmu, kr\u0101sas ir intens\u012bvas, augsti pigment\u0113tas, sp\u012bd\u012bgas un dinamiskas. Flashe kr\u0101sas ir dzi\u013cas un t\u012bras, to\u0146i, kas nemain\u0101s &#8230;.nedaudz atg\u0101dina &#8220;Pantone&#8221; kr\u0101sas! Pateicoties izteiktajam pigmentam kr\u0101su sast\u0101v\u0101, LB Flashe kr\u0101sas uz vinila emulsijas b\u0101zes nodro\u0161ina izcilu intensit\u0101ti, nep\u0101rsp\u0113jamu p\u0101rkl\u0101jumu un kr\u0101sas, kuras gaismas ietekm\u0113 nemain\u0101s. Konsistence un fakt\u016bra ir samtaini mat\u0113ti, \u0161\u0137idra un \u013coti pies\u0101tin\u0101ta vienveid\u012bgai, plakanai apdarei. LB Flashe var at\u0161\u0137aid\u012bt ar \u016bdeni, lai sasniegtu da\u017e\u0101dus rezult\u0101tus, piem\u0113ram, no d\u016bmakaina l\u012bdz piln\u012bgi caursp\u012bd\u012bgam akvare\u013cu efektam. Flashe kr\u0101su var izmantot uz audekla, pap\u012bra, sien\u0101m, ar ot\u0101m, kr\u0101sas smidzin\u0101t\u0101jiem, s\u016bk\u013ciem utt. Ide\u0101li piem\u0113rota fresk\u0101m un sienu apglezno\u0161anai, imit\u0101cijas apdar\u0113m, te\u0101tra dekor\u0101cij\u0101m un citiem m\u0113r\u0137iem.\" \/>\n<meta property=\"og:url\" content=\"https:\/\/hobstop.ee\/lv\/produkts\/akrila-vinila-krasa-lb-flashe-125ml\/\" \/>\n<meta property=\"og:site_name\" content=\"Skizze\" \/>\n<meta property=\"article:publisher\" content=\"http:\/\/www.facebook.com\/VunderSkizze\" \/>\n<meta property=\"og:image\" content=\"https:\/\/hobstop.ee\/media\/54.jpg\" \/>\n\t<meta property=\"og:image:width\" content=\"1024\" \/>\n\t<meta property=\"og:image:height\" content=\"768\" \/>\n\t<meta property=\"og:image:type\" content=\"image\/jpeg\" \/>\n<meta name=\"twitter:card\" content=\"summary_large_image\" \/>\n<meta name=\"twitter:label1\" content=\"Est. reading time\" \/>\n\t<meta name=\"twitter:data1\" content=\"1 min\u016b\u0161u\" \/>\n<script type=\"application\/ld+json\" class=\"yoast-schema-graph\">{\"@context\":\"https:\/\/schema.org\",\"@graph\":[{\"@type\":\"WebPage\",\"@id\":\"https:\/\/hobstop.ee\/lv\/produkts\/akrila-vinila-krasa-lb-flashe-125ml\/\",\"url\":\"https:\/\/hobstop.ee\/lv\/produkts\/akrila-vinila-krasa-lb-flashe-125ml\/\",\"name\":\"Akrila-vinila kr\u0101sa LB Flashe 125ml &#8211; Skizze\",\"isPartOf\":{\"@id\":\"https:\/\/hobstop.ee\/lv\/#website\"},\"primaryImageOfPage\":{\"@id\":\"https:\/\/hobstop.ee\/lv\/produkts\/akrila-vinila-krasa-lb-flashe-125ml\/#primaryimage\"},\"image\":{\"@id\":\"https:\/\/hobstop.ee\/lv\/produkts\/akrila-vinila-krasa-lb-flashe-125ml\/#primaryimage\"},\"thumbnailUrl\":\"https:\/\/hobstop.ee\/media\/54.jpg\",\"datePublished\":\"2015-09-09T12:13:02+00:00\",\"dateModified\":\"2015-09-09T12:13:02+00:00\",\"breadcrumb\":{\"@id\":\"https:\/\/hobstop.ee\/lv\/produkts\/akrila-vinila-krasa-lb-flashe-125ml\/#breadcrumb\"},\"inLanguage\":\"lv-LV\",\"potentialAction\":[{\"@type\":\"ReadAction\",\"target\":[\"https:\/\/hobstop.ee\/lv\/produkts\/akrila-vinila-krasa-lb-flashe-125ml\/\"]}]},{\"@type\":\"ImageObject\",\"inLanguage\":\"lv-LV\",\"@id\":\"https:\/\/hobstop.ee\/lv\/produkts\/akrila-vinila-krasa-lb-flashe-125ml\/#primaryimage\",\"url\":\"https:\/\/hobstop.ee\/media\/54.jpg\",\"contentUrl\":\"https:\/\/hobstop.ee\/media\/54.jpg\",\"width\":1024,\"height\":768},{\"@type\":\"BreadcrumbList\",\"@id\":\"https:\/\/hobstop.ee\/lv\/produkts\/akrila-vinila-krasa-lb-flashe-125ml\/#breadcrumb\",\"itemListElement\":[{\"@type\":\"ListItem\",\"position\":1,\"name\":\"Avaleht\",\"item\":\"https:\/\/hobstop.ee\/lv\/\"},{\"@type\":\"ListItem\",\"position\":2,\"name\":\"Veikals\",\"item\":\"https:\/\/hobstop.ee\/lv\/veikals\/\"},{\"@type\":\"ListItem\",\"position\":3,\"name\":\"Akrila-vinila kr\u0101sa LB Flashe 125ml\"}]},{\"@type\":\"WebSite\",\"@id\":\"https:\/\/hobstop.ee\/lv\/#website\",\"url\":\"https:\/\/hobstop.ee\/lv\/\",\"name\":\"Skizze\",\"description\":\"M\u0101kslas, hobiju un skolas preces\",\"publisher\":{\"@id\":\"https:\/\/hobstop.ee\/lv\/#organization\"},\"potentialAction\":[{\"@type\":\"SearchAction\",\"target\":{\"@type\":\"EntryPoint\",\"urlTemplate\":\"https:\/\/hobstop.ee\/lv\/?s={search_term_string}\"},\"query-input\":{\"@type\":\"PropertyValueSpecification\",\"valueRequired\":true,\"valueName\":\"search_term_string\"}}],\"inLanguage\":\"lv-LV\"},{\"@type\":\"Organization\",\"@id\":\"https:\/\/hobstop.ee\/lv\/#organization\",\"name\":\"Vunder AS\",\"url\":\"https:\/\/hobstop.ee\/lv\/\",\"logo\":{\"@type\":\"ImageObject\",\"inLanguage\":\"lv-LV\",\"@id\":\"https:\/\/hobstop.ee\/lv\/#\/schema\/logo\/image\/\",\"url\":\"https:\/\/hobstop.ee\/media\/vunder-logo.png\",\"contentUrl\":\"https:\/\/hobstop.ee\/media\/vunder-logo.png\",\"width\":127,\"height\":55,\"caption\":\"Vunder AS\"},\"image\":{\"@id\":\"https:\/\/hobstop.ee\/lv\/#\/schema\/logo\/image\/\"},\"sameAs\":[\"http:\/\/www.facebook.com\/VunderSkizze\"]}]}<\/script>\n<!-- \/ Yoast SEO plugin. -->","yoast_head_json":{"title":"Akrila-vinila kr\u0101sa LB Flashe 125ml &#8211; Skizze","robots":{"index":"noindex","follow":"follow","max-snippet":"max-snippet:-1","max-image-preview":"max-image-preview:large","max-video-preview":"max-video-preview:-1"},"og_locale":"lv_LV","og_type":"article","og_title":"Akrila-vinila kr\u0101sa LB Flashe 125ml &#8211; Skizze","og_description":"1954. gad\u0101 Lefranc Bourgeois iepaz\u012bstin\u0101ja pasauli ar Flashe \u2013 pirmo moderno alternat\u012bvu tradicion\u0101lajiem m\u0101kslas materi\u0101liem. \u0160\u012b s\u0113rija tika izstr\u0101d\u0101ta cie\u0161\u0101 sadarb\u012bb\u0101 ar m\u0101ksliniekiem k\u0101 virkne novatorisku kr\u0101su ar unik\u0101l\u0101m optiskaj\u0101m \u012bpa\u0161\u012bb\u0101m. LB Flashe ir kr\u0101sa, kas pie\u0161\u0137ir maksim\u0101li samtainu, mat\u0113tu virsmu, kr\u0101sas ir intens\u012bvas, augsti pigment\u0113tas, sp\u012bd\u012bgas un dinamiskas. Flashe kr\u0101sas ir dzi\u013cas un t\u012bras, to\u0146i, kas nemain\u0101s &#8230;.nedaudz atg\u0101dina &#8220;Pantone&#8221; kr\u0101sas! Pateicoties izteiktajam pigmentam kr\u0101su sast\u0101v\u0101, LB Flashe kr\u0101sas uz vinila emulsijas b\u0101zes nodro\u0161ina izcilu intensit\u0101ti, nep\u0101rsp\u0113jamu p\u0101rkl\u0101jumu un kr\u0101sas, kuras gaismas ietekm\u0113 nemain\u0101s. Konsistence un fakt\u016bra ir samtaini mat\u0113ti, \u0161\u0137idra un \u013coti pies\u0101tin\u0101ta vienveid\u012bgai, plakanai apdarei. LB Flashe var at\u0161\u0137aid\u012bt ar \u016bdeni, lai sasniegtu da\u017e\u0101dus rezult\u0101tus, piem\u0113ram, no d\u016bmakaina l\u012bdz piln\u012bgi caursp\u012bd\u012bgam akvare\u013cu efektam. Flashe kr\u0101su var izmantot uz audekla, pap\u012bra, sien\u0101m, ar ot\u0101m, kr\u0101sas smidzin\u0101t\u0101jiem, s\u016bk\u013ciem utt. Ide\u0101li piem\u0113rota fresk\u0101m un sienu apglezno\u0161anai, imit\u0101cijas apdar\u0113m, te\u0101tra dekor\u0101cij\u0101m un citiem m\u0113r\u0137iem.","og_url":"https:\/\/hobstop.ee\/lv\/produkts\/akrila-vinila-krasa-lb-flashe-125ml\/","og_site_name":"Skizze","article_publisher":"http:\/\/www.facebook.com\/VunderSkizze","og_image":[{"width":1024,"height":768,"url":"https:\/\/hobstop.ee\/media\/54.jpg","type":"image\/jpeg"}],"twitter_card":"summary_large_image","twitter_misc":{"Est. reading time":"1 min\u016b\u0161u"},"schema":{"@context":"https:\/\/schema.org","@graph":[{"@type":"WebPage","@id":"https:\/\/hobstop.ee\/lv\/produkts\/akrila-vinila-krasa-lb-flashe-125ml\/","url":"https:\/\/hobstop.ee\/lv\/produkts\/akrila-vinila-krasa-lb-flashe-125ml\/","name":"Akrila-vinila kr\u0101sa LB Flashe 125ml &#8211; Skizze","isPartOf":{"@id":"https:\/\/hobstop.ee\/lv\/#website"},"primaryImageOfPage":{"@id":"https:\/\/hobstop.ee\/lv\/produkts\/akrila-vinila-krasa-lb-flashe-125ml\/#primaryimage"},"image":{"@id":"https:\/\/hobstop.ee\/lv\/produkts\/akrila-vinila-krasa-lb-flashe-125ml\/#primaryimage"},"thumbnailUrl":"https:\/\/hobstop.ee\/media\/54.jpg","datePublished":"2015-09-09T12:13:02+00:00","dateModified":"2015-09-09T12:13:02+00:00","breadcrumb":{"@id":"https:\/\/hobstop.ee\/lv\/produkts\/akrila-vinila-krasa-lb-flashe-125ml\/#breadcrumb"},"inLanguage":"lv-LV","potentialAction":[{"@type":"ReadAction","target":["https:\/\/hobstop.ee\/lv\/produkts\/akrila-vinila-krasa-lb-flashe-125ml\/"]}]},{"@type":"ImageObject","inLanguage":"lv-LV","@id":"https:\/\/hobstop.ee\/lv\/produkts\/akrila-vinila-krasa-lb-flashe-125ml\/#primaryimage","url":"https:\/\/hobstop.ee\/media\/54.jpg","contentUrl":"https:\/\/hobstop.ee\/media\/54.jpg","width":1024,"height":768},{"@type":"BreadcrumbList","@id":"https:\/\/hobstop.ee\/lv\/produkts\/akrila-vinila-krasa-lb-flashe-125ml\/#breadcrumb","itemListElement":[{"@type":"ListItem","position":1,"name":"Avaleht","item":"https:\/\/hobstop.ee\/lv\/"},{"@type":"ListItem","position":2,"name":"Veikals","item":"https:\/\/hobstop.ee\/lv\/veikals\/"},{"@type":"ListItem","position":3,"name":"Akrila-vinila kr\u0101sa LB Flashe 125ml"}]},{"@type":"WebSite","@id":"https:\/\/hobstop.ee\/lv\/#website","url":"https:\/\/hobstop.ee\/lv\/","name":"Skizze","description":"M\u0101kslas, hobiju un skolas preces","publisher":{"@id":"https:\/\/hobstop.ee\/lv\/#organization"},"potentialAction":[{"@type":"SearchAction","target":{"@type":"EntryPoint","urlTemplate":"https:\/\/hobstop.ee\/lv\/?s={search_term_string}"},"query-input":{"@type":"PropertyValueSpecification","valueRequired":true,"valueName":"search_term_string"}}],"inLanguage":"lv-LV"},{"@type":"Organization","@id":"https:\/\/hobstop.ee\/lv\/#organization","name":"Vunder AS","url":"https:\/\/hobstop.ee\/lv\/","logo":{"@type":"ImageObject","inLanguage":"lv-LV","@id":"https:\/\/hobstop.ee\/lv\/#\/schema\/logo\/image\/","url":"https:\/\/hobstop.ee\/media\/vunder-logo.png","contentUrl":"https:\/\/hobstop.ee\/media\/vunder-logo.png","width":127,"height":55,"caption":"Vunder AS"},"image":{"@id":"https:\/\/hobstop.ee\/lv\/#\/schema\/logo\/image\/"},"sameAs":["http:\/\/www.facebook.com\/VunderSkizze"]}]}},"_links":{"self":[{"href":"https:\/\/hobstop.ee\/lv\/wp-json\/wp\/v2\/product\/212872","targetHints":{"allow":["GET"]}}],"collection":[{"href":"https:\/\/hobstop.ee\/lv\/wp-json\/wp\/v2\/product"}],"about":[{"href":"https:\/\/hobstop.ee\/lv\/wp-json\/wp\/v2\/types\/product"}],"replies":[{"embeddable":true,"href":"https:\/\/hobstop.ee\/lv\/wp-json\/wp\/v2\/comments?post=212872"}],"wp:featuredmedia":[{"embeddable":true,"href":"https:\/\/hobstop.ee\/lv\/wp-json\/wp\/v2\/media\/328399"}],"wp:attachment":[{"href":"https:\/\/hobstop.ee\/lv\/wp-json\/wp\/v2\/media?parent=212872"}],"wp:term":[{"taxonomy":"product_cat","embeddable":true,"href":"https:\/\/hobstop.ee\/lv\/wp-json\/wp\/v2\/product_cat?post=212872"},{"taxonomy":"product_tag","embeddable":true,"href":"https:\/\/hobstop.ee\/lv\/wp-json\/wp\/v2\/product_tag?post=212872"}],"curies":[{"name":"wp","href":"https:\/\/api.w.org\/{rel}","templated":true}]}}