{"id":212892,"date":"2015-06-01T15:13:10","date_gmt":"2015-09-09T12:13:10","guid":{"rendered":"http:\/\/vunder-ee.sn25.zone.eu\/lv\/product\/akrila-krasas-piedeva-liquitex\/"},"modified":"2015-09-09T15:13:10","modified_gmt":"2015-09-09T12:13:10","slug":"akrila-krasas-piedeva-liquitex","status":"publish","type":"product","link":"https:\/\/hobstop.ee\/lv\/produkts\/akrila-krasas-piedeva-liquitex\/","title":{"rendered":"Akrila kr\u0101sas piedeva Liquitex"},"content":{"rendered":"<p>Liquitex efekts tekst\u016bras g\u0113ls satur specifisku masu, lai sasniegtu unik\u0101lu tekstur\u0101lu, dimension\u0101lu un gaismas atstarojo\u0161u efektu. Notur\u012bgs, nedzelt\u0113, elast\u012bgs, kad no\u017euvis ir \u016bdens iztur\u012bgs. Jaucams ar jebkur\u0101m Liquitex kr\u0101s\u0101m un m\u0113dijiem. Kad no\u017euvis uz virsmas var kl\u0101t kr\u0101su. Lakot uzman\u012bgi, jo efekts var rea\u0123\u0113t un veidoties tum\u0161s un du\u013c\u0137ains. Nejaukt ar e\u013c\u013cas kr\u0101s\u0101m. Lab\u0101kam rezult\u0101tam, pirms lieto\u0161anas vienm\u0113r izm\u0113\u0123in\u0101t uz parauga.<\/p>\n","protected":false},"excerpt":{"rendered":"<p>Liquitex efekts tekst\u016bras g\u0113ls satur specifisku masu, lai sasniegtu unik\u0101lu tekstur\u0101lu, dimension\u0101lu un gaismas atstarojo\u0161u efektu. Notur\u012bgs, nedzelt\u0113, elast\u012bgs, kad no\u017euvis ir \u016bdens iztur\u012bgs. Jaucams ar jebkur\u0101m Liquitex kr\u0101s\u0101m un m\u0113dijiem. Kad no\u017euvis uz virsmas var kl\u0101t kr\u0101su. Lakot uzman\u012bgi, jo efekts var rea\u0123\u0113t un veidoties tum\u0161s un du\u013c\u0137ains. Nejaukt ar e\u013c\u013cas kr\u0101s\u0101m. Lab\u0101kam rezult\u0101tam, pirms lieto\u0161anas vienm\u0113r izm\u0113\u0123in\u0101t uz parauga.<\/p>\n","protected":false},"featured_media":353907,"comment_status":"closed","ping_status":"closed","template":"","meta":{"_acf_changed":false,"ep_exclude_from_search":false},"product_cat":[18997,17980,16123],"product_tag":[],"class_list":{"0":"post-212892","1":"product","2":"type-product","3":"status-publish","4":"has-post-thumbnail","6":"product_cat-akrilkrasu-mediji-3","7":"product_cat-krasas-un-gleznosanas-paligmateriali","8":"product_cat-makslas-piederumi-2","10":"first","11":"instock","12":"taxable","13":"shipping-taxable","14":"purchasable","15":"product-type-variable"},"acf":[],"yoast_head":"<!-- This site is optimized with the Yoast SEO plugin v24.1 - https:\/\/yoast.com\/wordpress\/plugins\/seo\/ -->\n<title>Akrila kr\u0101sas piedeva Liquitex &#8211; Skizze<\/title>\n<meta name=\"robots\" content=\"noindex, follow, max-snippet:-1, max-image-preview:large, max-video-preview:-1\" \/>\n<meta property=\"og:locale\" content=\"lv_LV\" \/>\n<meta property=\"og:type\" content=\"article\" \/>\n<meta property=\"og:title\" content=\"Akrila kr\u0101sas piedeva Liquitex &#8211; Skizze\" \/>\n<meta property=\"og:description\" content=\"Liquitex efekts tekst\u016bras g\u0113ls satur specifisku masu, lai sasniegtu unik\u0101lu tekstur\u0101lu, dimension\u0101lu un gaismas atstarojo\u0161u efektu. Notur\u012bgs, nedzelt\u0113, elast\u012bgs, kad no\u017euvis ir \u016bdens iztur\u012bgs. Jaucams ar jebkur\u0101m Liquitex kr\u0101s\u0101m un m\u0113dijiem. Kad no\u017euvis uz virsmas var kl\u0101t kr\u0101su. Lakot uzman\u012bgi, jo efekts var rea\u0123\u0113t un veidoties tum\u0161s un du\u013c\u0137ains. Nejaukt ar e\u013c\u013cas kr\u0101s\u0101m. Lab\u0101kam rezult\u0101tam, pirms lieto\u0161anas vienm\u0113r izm\u0113\u0123in\u0101t uz parauga.\" \/>\n<meta property=\"og:url\" content=\"https:\/\/hobstop.ee\/lv\/produkts\/akrila-krasas-piedeva-liquitex\/\" \/>\n<meta property=\"og:site_name\" content=\"Skizze\" \/>\n<meta property=\"article:publisher\" content=\"http:\/\/www.facebook.com\/VunderSkizze\" \/>\n<meta property=\"og:image\" content=\"https:\/\/www.hobstop.ee\/media\/73.jpg\" \/>\n\t<meta property=\"og:image:width\" content=\"1024\" \/>\n\t<meta property=\"og:image:height\" content=\"768\" \/>\n\t<meta property=\"og:image:type\" content=\"image\/jpeg\" \/>\n<meta name=\"twitter:card\" content=\"summary_large_image\" \/>\n<script type=\"application\/ld+json\" class=\"yoast-schema-graph\">{\"@context\":\"https:\/\/schema.org\",\"@graph\":[{\"@type\":\"WebPage\",\"@id\":\"https:\/\/hobstop.ee\/lv\/produkts\/akrila-krasas-piedeva-liquitex\/\",\"url\":\"https:\/\/hobstop.ee\/lv\/produkts\/akrila-krasas-piedeva-liquitex\/\",\"name\":\"Akrila kr\u0101sas piedeva Liquitex &#8211; Skizze\",\"isPartOf\":{\"@id\":\"https:\/\/hobstop.ee\/lv\/#website\"},\"primaryImageOfPage\":{\"@id\":\"https:\/\/hobstop.ee\/lv\/produkts\/akrila-krasas-piedeva-liquitex\/#primaryimage\"},\"image\":{\"@id\":\"https:\/\/hobstop.ee\/lv\/produkts\/akrila-krasas-piedeva-liquitex\/#primaryimage\"},\"thumbnailUrl\":\"https:\/\/hobstop.ee\/media\/73.jpg\",\"datePublished\":\"2015-09-09T12:13:10+00:00\",\"dateModified\":\"2015-09-09T12:13:10+00:00\",\"breadcrumb\":{\"@id\":\"https:\/\/hobstop.ee\/lv\/produkts\/akrila-krasas-piedeva-liquitex\/#breadcrumb\"},\"inLanguage\":\"lv-LV\",\"potentialAction\":[{\"@type\":\"ReadAction\",\"target\":[\"https:\/\/hobstop.ee\/lv\/produkts\/akrila-krasas-piedeva-liquitex\/\"]}]},{\"@type\":\"ImageObject\",\"inLanguage\":\"lv-LV\",\"@id\":\"https:\/\/hobstop.ee\/lv\/produkts\/akrila-krasas-piedeva-liquitex\/#primaryimage\",\"url\":\"https:\/\/hobstop.ee\/media\/73.jpg\",\"contentUrl\":\"https:\/\/hobstop.ee\/media\/73.jpg\",\"width\":1024,\"height\":768},{\"@type\":\"BreadcrumbList\",\"@id\":\"https:\/\/hobstop.ee\/lv\/produkts\/akrila-krasas-piedeva-liquitex\/#breadcrumb\",\"itemListElement\":[{\"@type\":\"ListItem\",\"position\":1,\"name\":\"Avaleht\",\"item\":\"https:\/\/www.hobstop.ee\/lv\/\"},{\"@type\":\"ListItem\",\"position\":2,\"name\":\"Veikals\",\"item\":\"https:\/\/www.hobstop.ee\/lv\/veikals\/\"},{\"@type\":\"ListItem\",\"position\":3,\"name\":\"Akrila kr\u0101sas piedeva Liquitex\"}]},{\"@type\":\"WebSite\",\"@id\":\"https:\/\/hobstop.ee\/lv\/#website\",\"url\":\"https:\/\/hobstop.ee\/lv\/\",\"name\":\"Skizze\",\"description\":\"M\u0101kslas, hobiju un skolas preces\",\"publisher\":{\"@id\":\"https:\/\/hobstop.ee\/lv\/#organization\"},\"potentialAction\":[{\"@type\":\"SearchAction\",\"target\":{\"@type\":\"EntryPoint\",\"urlTemplate\":\"https:\/\/hobstop.ee\/lv\/?s={search_term_string}\"},\"query-input\":{\"@type\":\"PropertyValueSpecification\",\"valueRequired\":true,\"valueName\":\"search_term_string\"}}],\"inLanguage\":\"lv-LV\"},{\"@type\":\"Organization\",\"@id\":\"https:\/\/hobstop.ee\/lv\/#organization\",\"name\":\"Vunder AS\",\"url\":\"https:\/\/hobstop.ee\/lv\/\",\"logo\":{\"@type\":\"ImageObject\",\"inLanguage\":\"lv-LV\",\"@id\":\"https:\/\/hobstop.ee\/lv\/#\/schema\/logo\/image\/\",\"url\":\"https:\/\/hobstop.ee\/media\/vunder-logo.png\",\"contentUrl\":\"https:\/\/hobstop.ee\/media\/vunder-logo.png\",\"width\":127,\"height\":55,\"caption\":\"Vunder AS\"},\"image\":{\"@id\":\"https:\/\/hobstop.ee\/lv\/#\/schema\/logo\/image\/\"},\"sameAs\":[\"http:\/\/www.facebook.com\/VunderSkizze\"]}]}<\/script>\n<!-- \/ Yoast SEO plugin. -->","yoast_head_json":{"title":"Akrila kr\u0101sas piedeva Liquitex &#8211; Skizze","robots":{"index":"noindex","follow":"follow","max-snippet":"max-snippet:-1","max-image-preview":"max-image-preview:large","max-video-preview":"max-video-preview:-1"},"og_locale":"lv_LV","og_type":"article","og_title":"Akrila kr\u0101sas piedeva Liquitex &#8211; Skizze","og_description":"Liquitex efekts tekst\u016bras g\u0113ls satur specifisku masu, lai sasniegtu unik\u0101lu tekstur\u0101lu, dimension\u0101lu un gaismas atstarojo\u0161u efektu. Notur\u012bgs, nedzelt\u0113, elast\u012bgs, kad no\u017euvis ir \u016bdens iztur\u012bgs. Jaucams ar jebkur\u0101m Liquitex kr\u0101s\u0101m un m\u0113dijiem. Kad no\u017euvis uz virsmas var kl\u0101t kr\u0101su. Lakot uzman\u012bgi, jo efekts var rea\u0123\u0113t un veidoties tum\u0161s un du\u013c\u0137ains. Nejaukt ar e\u013c\u013cas kr\u0101s\u0101m. Lab\u0101kam rezult\u0101tam, pirms lieto\u0161anas vienm\u0113r izm\u0113\u0123in\u0101t uz parauga.","og_url":"https:\/\/hobstop.ee\/lv\/produkts\/akrila-krasas-piedeva-liquitex\/","og_site_name":"Skizze","article_publisher":"http:\/\/www.facebook.com\/VunderSkizze","og_image":[{"width":1024,"height":768,"url":"https:\/\/www.hobstop.ee\/media\/73.jpg","type":"image\/jpeg"}],"twitter_card":"summary_large_image","schema":{"@context":"https:\/\/schema.org","@graph":[{"@type":"WebPage","@id":"https:\/\/hobstop.ee\/lv\/produkts\/akrila-krasas-piedeva-liquitex\/","url":"https:\/\/hobstop.ee\/lv\/produkts\/akrila-krasas-piedeva-liquitex\/","name":"Akrila kr\u0101sas piedeva Liquitex &#8211; Skizze","isPartOf":{"@id":"https:\/\/hobstop.ee\/lv\/#website"},"primaryImageOfPage":{"@id":"https:\/\/hobstop.ee\/lv\/produkts\/akrila-krasas-piedeva-liquitex\/#primaryimage"},"image":{"@id":"https:\/\/hobstop.ee\/lv\/produkts\/akrila-krasas-piedeva-liquitex\/#primaryimage"},"thumbnailUrl":"https:\/\/hobstop.ee\/media\/73.jpg","datePublished":"2015-09-09T12:13:10+00:00","dateModified":"2015-09-09T12:13:10+00:00","breadcrumb":{"@id":"https:\/\/hobstop.ee\/lv\/produkts\/akrila-krasas-piedeva-liquitex\/#breadcrumb"},"inLanguage":"lv-LV","potentialAction":[{"@type":"ReadAction","target":["https:\/\/hobstop.ee\/lv\/produkts\/akrila-krasas-piedeva-liquitex\/"]}]},{"@type":"ImageObject","inLanguage":"lv-LV","@id":"https:\/\/hobstop.ee\/lv\/produkts\/akrila-krasas-piedeva-liquitex\/#primaryimage","url":"https:\/\/hobstop.ee\/media\/73.jpg","contentUrl":"https:\/\/hobstop.ee\/media\/73.jpg","width":1024,"height":768},{"@type":"BreadcrumbList","@id":"https:\/\/hobstop.ee\/lv\/produkts\/akrila-krasas-piedeva-liquitex\/#breadcrumb","itemListElement":[{"@type":"ListItem","position":1,"name":"Avaleht","item":"https:\/\/www.hobstop.ee\/lv\/"},{"@type":"ListItem","position":2,"name":"Veikals","item":"https:\/\/www.hobstop.ee\/lv\/veikals\/"},{"@type":"ListItem","position":3,"name":"Akrila kr\u0101sas piedeva Liquitex"}]},{"@type":"WebSite","@id":"https:\/\/hobstop.ee\/lv\/#website","url":"https:\/\/hobstop.ee\/lv\/","name":"Skizze","description":"M\u0101kslas, hobiju un skolas preces","publisher":{"@id":"https:\/\/hobstop.ee\/lv\/#organization"},"potentialAction":[{"@type":"SearchAction","target":{"@type":"EntryPoint","urlTemplate":"https:\/\/hobstop.ee\/lv\/?s={search_term_string}"},"query-input":{"@type":"PropertyValueSpecification","valueRequired":true,"valueName":"search_term_string"}}],"inLanguage":"lv-LV"},{"@type":"Organization","@id":"https:\/\/hobstop.ee\/lv\/#organization","name":"Vunder AS","url":"https:\/\/hobstop.ee\/lv\/","logo":{"@type":"ImageObject","inLanguage":"lv-LV","@id":"https:\/\/hobstop.ee\/lv\/#\/schema\/logo\/image\/","url":"https:\/\/hobstop.ee\/media\/vunder-logo.png","contentUrl":"https:\/\/hobstop.ee\/media\/vunder-logo.png","width":127,"height":55,"caption":"Vunder AS"},"image":{"@id":"https:\/\/hobstop.ee\/lv\/#\/schema\/logo\/image\/"},"sameAs":["http:\/\/www.facebook.com\/VunderSkizze"]}]}},"_links":{"self":[{"href":"https:\/\/hobstop.ee\/lv\/wp-json\/wp\/v2\/product\/212892","targetHints":{"allow":["GET"]}}],"collection":[{"href":"https:\/\/hobstop.ee\/lv\/wp-json\/wp\/v2\/product"}],"about":[{"href":"https:\/\/hobstop.ee\/lv\/wp-json\/wp\/v2\/types\/product"}],"replies":[{"embeddable":true,"href":"https:\/\/hobstop.ee\/lv\/wp-json\/wp\/v2\/comments?post=212892"}],"wp:featuredmedia":[{"embeddable":true,"href":"https:\/\/hobstop.ee\/lv\/wp-json\/wp\/v2\/media\/353907"}],"wp:attachment":[{"href":"https:\/\/hobstop.ee\/lv\/wp-json\/wp\/v2\/media?parent=212892"}],"wp:term":[{"taxonomy":"product_cat","embeddable":true,"href":"https:\/\/hobstop.ee\/lv\/wp-json\/wp\/v2\/product_cat?post=212892"},{"taxonomy":"product_tag","embeddable":true,"href":"https:\/\/hobstop.ee\/lv\/wp-json\/wp\/v2\/product_tag?post=212892"}],"curies":[{"name":"wp","href":"https:\/\/api.w.org\/{rel}","templated":true}]}}