{"id":212896,"date":"2015-06-01T15:13:12","date_gmt":"2015-09-09T12:13:12","guid":{"rendered":"http:\/\/vunder-ee.sn25.zone.eu\/lv\/product\/akvarelkrasu-kubins-professional-12\/"},"modified":"2015-09-09T15:13:12","modified_gmt":"2015-09-09T12:13:12","slug":"akvarelkrasu-kubins-professional-12","status":"publish","type":"product","link":"https:\/\/hobstop.ee\/lv\/produkts\/akvarelkrasu-kubins-professional-12\/","title":{"rendered":"Akvare\u013ckr\u0101su kubi\u0146\u0161 Professional 1\/2"},"content":{"rendered":"<p>Kop\u0161 1832. gada, kad Henrijs \u0145\u016btons (Henry Newton) un Viljams Vinzors (William Winsor) ieviesa pasaul\u0113 pirm\u0101s mitr\u0101s akvare\u013ckr\u0101sas, liel\u0101ko da\u013cu Winsor&#038;Newton augst\u0101k\u0101s kvalit\u0101tes reput\u0101cijas ir vairojis profesion\u0101lo akvare\u013ckr\u0101su kl\u0101sts. Vair\u0101k k\u0101 170 gadus v\u0113l\u0101k ori\u0123in\u0101l\u0101s Winsor&#038;Newton mitr\u0101s akvare\u013ckr\u0101sas joproj\u0101m tiek ra\u017eotas saska\u0146\u0101 ar uz\u0146\u0113muma pamatprincipiem, radot nep\u0101rsp\u0113tu akvare\u013ckr\u0101su kl\u0101stu, kas pied\u0101v\u0101 m\u0101ksliniekiem pla\u0161\u0101ko un l\u012bdzsvarot\u0101ko pigmentu izv\u0113li ar lab\u0101ko iesp\u0113jamo notur\u012bbu. Strikti sekojot \u0161iem pamatprinciem, Winsor&#038;Newton ir sasniedzis kr\u0101su spilgtumu, caursp\u012bd\u012bgumu un t\u012br\u012bbu. 21. gadsimt\u0101 \u0161\u012bs pamat\u012bpa\u0161\u012bbas tiek sasniegtas, apvienojot izejmateri\u0101lu atlasi, speci\u0101las ra\u017eotnes iek\u0101rtas ar pieredzes bag\u0101tu \u0137\u012bmi\u0137u izstr\u0101d\u0101t\u0101m recept\u0113m un m\u0101ksliniekiem, kas velt\u012bju\u0161i savu darba dz\u012bvi, radot profesion\u0101l\u0101s akvare\u013ckr\u0101sas. M\u016bsdien\u0101s Winsor&#038;Newton profesion\u0101lo akvare\u013ckr\u0101su kl\u0101sts ieg\u016bst no nep\u0101rtrauktiem pigmentu tehnolo\u0123iju un ra\u017eo\u0161anas pa\u0146\u0113mienu uzlabojumiem, balstoties uz uz\u0146\u0113muma t\u0101 jau augstajiem standartiem, lai rad\u012btu v\u0113l spilgt\u0101kas, v\u0113l caursp\u012bd\u012bg\u0101kas un v\u0113l notur\u012bg\u0101kas kr\u0101sas. Kas ir l\u012bdzv\u0113rt\u012bgi noz\u012bm\u012bgi &#8211; da\u017eas kr\u0101su receptes paliku\u0161as nemain\u012bgas, pier\u0101dot, ka t\u0101s vairs nav iesp\u0113jams padar\u012bt v\u0113l lab\u0101kas!<\/p>\n","protected":false},"excerpt":{"rendered":"<p>Kop\u0161 1832. gada, kad Henrijs \u0145\u016btons (Henry Newton) un Viljams Vinzors (William Winsor) ieviesa pasaul\u0113 pirm\u0101s mitr\u0101s akvare\u013ckr\u0101sas, liel\u0101ko da\u013cu Winsor&#038;Newton augst\u0101k\u0101s kvalit\u0101tes reput\u0101cijas ir vairojis profesion\u0101lo akvare\u013ckr\u0101su kl\u0101sts. Vair\u0101k k\u0101 170 gadus v\u0113l\u0101k ori\u0123in\u0101l\u0101s Winsor&#038;Newton mitr\u0101s akvare\u013ckr\u0101sas joproj\u0101m tiek ra\u017eotas saska\u0146\u0101 ar uz\u0146\u0113muma pamatprincipiem, radot nep\u0101rsp\u0113tu akvare\u013ckr\u0101su kl\u0101stu, kas pied\u0101v\u0101 m\u0101ksliniekiem pla\u0161\u0101ko un l\u012bdzsvarot\u0101ko pigmentu izv\u0113li ar lab\u0101ko iesp\u0113jamo notur\u012bbu. Strikti sekojot \u0161iem pamatprinciem, Winsor&#038;Newton ir sasniedzis kr\u0101su spilgtumu, caursp\u012bd\u012bgumu un t\u012br\u012bbu. 21. gadsimt\u0101 \u0161\u012bs pamat\u012bpa\u0161\u012bbas tiek sasniegtas, apvienojot izejmateri\u0101lu atlasi, speci\u0101las ra\u017eotnes iek\u0101rtas ar pieredzes bag\u0101tu \u0137\u012bmi\u0137u izstr\u0101d\u0101t\u0101m recept\u0113m un m\u0101ksliniekiem, kas velt\u012bju\u0161i savu darba dz\u012bvi, radot profesion\u0101l\u0101s akvare\u013ckr\u0101sas. M\u016bsdien\u0101s Winsor&#038;Newton profesion\u0101lo akvare\u013ckr\u0101su kl\u0101sts ieg\u016bst no nep\u0101rtrauktiem pigmentu tehnolo\u0123iju un ra\u017eo\u0161anas pa\u0146\u0113mienu uzlabojumiem, balstoties uz uz\u0146\u0113muma t\u0101 jau augstajiem standartiem, lai rad\u012btu v\u0113l spilgt\u0101kas, v\u0113l caursp\u012bd\u012bg\u0101kas un v\u0113l notur\u012bg\u0101kas kr\u0101sas. Kas ir l\u012bdzv\u0113rt\u012bgi noz\u012bm\u012bgi &#8211; da\u017eas kr\u0101su receptes paliku\u0161as nemain\u012bgas, pier\u0101dot, ka t\u0101s vairs nav iesp\u0113jams padar\u012bt v\u0113l lab\u0101kas!<\/p>\n","protected":false},"featured_media":221407,"comment_status":"closed","ping_status":"closed","template":"","meta":{"_acf_changed":false,"ep_exclude_from_search":false},"product_cat":[19000,17980,16123],"product_tag":[],"class_list":{"0":"post-212896","1":"product","2":"type-product","3":"status-publish","4":"has-post-thumbnail","6":"product_cat-akvarelkrasas-2","7":"product_cat-krasas-un-gleznosanas-paligmateriali","8":"product_cat-makslas-piederumi-2","10":"first","11":"instock","12":"taxable","13":"shipping-taxable","14":"purchasable","15":"product-type-variable"},"acf":[],"yoast_head":"<!-- This site is optimized with the Yoast SEO plugin v24.1 - https:\/\/yoast.com\/wordpress\/plugins\/seo\/ -->\n<title>Akvare\u013ckr\u0101su kubi\u0146\u0161 Professional 1\/2 &#8211; Skizze<\/title>\n<meta name=\"robots\" content=\"noindex, follow, max-snippet:-1, max-image-preview:large, max-video-preview:-1\" \/>\n<meta property=\"og:locale\" content=\"lv_LV\" \/>\n<meta property=\"og:type\" content=\"article\" \/>\n<meta property=\"og:title\" content=\"Akvare\u013ckr\u0101su kubi\u0146\u0161 Professional 1\/2 &#8211; Skizze\" \/>\n<meta property=\"og:description\" content=\"Kop\u0161 1832. gada, kad Henrijs \u0145\u016btons (Henry Newton) un Viljams Vinzors (William Winsor) ieviesa pasaul\u0113 pirm\u0101s mitr\u0101s akvare\u013ckr\u0101sas, liel\u0101ko da\u013cu Winsor&#038;Newton augst\u0101k\u0101s kvalit\u0101tes reput\u0101cijas ir vairojis profesion\u0101lo akvare\u013ckr\u0101su kl\u0101sts. Vair\u0101k k\u0101 170 gadus v\u0113l\u0101k ori\u0123in\u0101l\u0101s Winsor&#038;Newton mitr\u0101s akvare\u013ckr\u0101sas joproj\u0101m tiek ra\u017eotas saska\u0146\u0101 ar uz\u0146\u0113muma pamatprincipiem, radot nep\u0101rsp\u0113tu akvare\u013ckr\u0101su kl\u0101stu, kas pied\u0101v\u0101 m\u0101ksliniekiem pla\u0161\u0101ko un l\u012bdzsvarot\u0101ko pigmentu izv\u0113li ar lab\u0101ko iesp\u0113jamo notur\u012bbu. Strikti sekojot \u0161iem pamatprinciem, Winsor&#038;Newton ir sasniedzis kr\u0101su spilgtumu, caursp\u012bd\u012bgumu un t\u012br\u012bbu. 21. gadsimt\u0101 \u0161\u012bs pamat\u012bpa\u0161\u012bbas tiek sasniegtas, apvienojot izejmateri\u0101lu atlasi, speci\u0101las ra\u017eotnes iek\u0101rtas ar pieredzes bag\u0101tu \u0137\u012bmi\u0137u izstr\u0101d\u0101t\u0101m recept\u0113m un m\u0101ksliniekiem, kas velt\u012bju\u0161i savu darba dz\u012bvi, radot profesion\u0101l\u0101s akvare\u013ckr\u0101sas. M\u016bsdien\u0101s Winsor&#038;Newton profesion\u0101lo akvare\u013ckr\u0101su kl\u0101sts ieg\u016bst no nep\u0101rtrauktiem pigmentu tehnolo\u0123iju un ra\u017eo\u0161anas pa\u0146\u0113mienu uzlabojumiem, balstoties uz uz\u0146\u0113muma t\u0101 jau augstajiem standartiem, lai rad\u012btu v\u0113l spilgt\u0101kas, v\u0113l caursp\u012bd\u012bg\u0101kas un v\u0113l notur\u012bg\u0101kas kr\u0101sas. Kas ir l\u012bdzv\u0113rt\u012bgi noz\u012bm\u012bgi &#8211; da\u017eas kr\u0101su receptes paliku\u0161as nemain\u012bgas, pier\u0101dot, ka t\u0101s vairs nav iesp\u0113jams padar\u012bt v\u0113l lab\u0101kas!\" \/>\n<meta property=\"og:url\" content=\"https:\/\/hobstop.ee\/lv\/produkts\/akvarelkrasu-kubins-professional-12\/\" \/>\n<meta property=\"og:site_name\" content=\"Skizze\" \/>\n<meta property=\"article:publisher\" content=\"http:\/\/www.facebook.com\/VunderSkizze\" \/>\n<meta property=\"og:image\" content=\"https:\/\/www.hobstop.ee\/media\/79.jpg\" \/>\n\t<meta property=\"og:image:width\" content=\"1024\" \/>\n\t<meta property=\"og:image:height\" content=\"768\" \/>\n\t<meta property=\"og:image:type\" content=\"image\/jpeg\" \/>\n<meta name=\"twitter:card\" content=\"summary_large_image\" \/>\n<meta name=\"twitter:label1\" content=\"Est. reading time\" \/>\n\t<meta name=\"twitter:data1\" content=\"1 min\u016b\u0161u\" \/>\n<script type=\"application\/ld+json\" class=\"yoast-schema-graph\">{\"@context\":\"https:\/\/schema.org\",\"@graph\":[{\"@type\":\"WebPage\",\"@id\":\"https:\/\/hobstop.ee\/lv\/produkts\/akvarelkrasu-kubins-professional-12\/\",\"url\":\"https:\/\/hobstop.ee\/lv\/produkts\/akvarelkrasu-kubins-professional-12\/\",\"name\":\"Akvare\u013ckr\u0101su kubi\u0146\u0161 Professional 1\/2 &#8211; Skizze\",\"isPartOf\":{\"@id\":\"https:\/\/hobstop.ee\/lv\/#website\"},\"primaryImageOfPage\":{\"@id\":\"https:\/\/hobstop.ee\/lv\/produkts\/akvarelkrasu-kubins-professional-12\/#primaryimage\"},\"image\":{\"@id\":\"https:\/\/hobstop.ee\/lv\/produkts\/akvarelkrasu-kubins-professional-12\/#primaryimage\"},\"thumbnailUrl\":\"https:\/\/hobstop.ee\/media\/79.jpg\",\"datePublished\":\"2015-09-09T12:13:12+00:00\",\"dateModified\":\"2015-09-09T12:13:12+00:00\",\"breadcrumb\":{\"@id\":\"https:\/\/hobstop.ee\/lv\/produkts\/akvarelkrasu-kubins-professional-12\/#breadcrumb\"},\"inLanguage\":\"lv-LV\",\"potentialAction\":[{\"@type\":\"ReadAction\",\"target\":[\"https:\/\/hobstop.ee\/lv\/produkts\/akvarelkrasu-kubins-professional-12\/\"]}]},{\"@type\":\"ImageObject\",\"inLanguage\":\"lv-LV\",\"@id\":\"https:\/\/hobstop.ee\/lv\/produkts\/akvarelkrasu-kubins-professional-12\/#primaryimage\",\"url\":\"https:\/\/hobstop.ee\/media\/79.jpg\",\"contentUrl\":\"https:\/\/hobstop.ee\/media\/79.jpg\",\"width\":1024,\"height\":768},{\"@type\":\"BreadcrumbList\",\"@id\":\"https:\/\/hobstop.ee\/lv\/produkts\/akvarelkrasu-kubins-professional-12\/#breadcrumb\",\"itemListElement\":[{\"@type\":\"ListItem\",\"position\":1,\"name\":\"Avaleht\",\"item\":\"https:\/\/www.hobstop.ee\/lv\/\"},{\"@type\":\"ListItem\",\"position\":2,\"name\":\"Veikals\",\"item\":\"https:\/\/www.hobstop.ee\/lv\/veikals\/\"},{\"@type\":\"ListItem\",\"position\":3,\"name\":\"Akvare\u013ckr\u0101su kubi\u0146\u0161 Professional 1\/2\"}]},{\"@type\":\"WebSite\",\"@id\":\"https:\/\/hobstop.ee\/lv\/#website\",\"url\":\"https:\/\/hobstop.ee\/lv\/\",\"name\":\"Skizze\",\"description\":\"M\u0101kslas, hobiju un skolas preces\",\"publisher\":{\"@id\":\"https:\/\/hobstop.ee\/lv\/#organization\"},\"potentialAction\":[{\"@type\":\"SearchAction\",\"target\":{\"@type\":\"EntryPoint\",\"urlTemplate\":\"https:\/\/hobstop.ee\/lv\/?s={search_term_string}\"},\"query-input\":{\"@type\":\"PropertyValueSpecification\",\"valueRequired\":true,\"valueName\":\"search_term_string\"}}],\"inLanguage\":\"lv-LV\"},{\"@type\":\"Organization\",\"@id\":\"https:\/\/hobstop.ee\/lv\/#organization\",\"name\":\"Vunder AS\",\"url\":\"https:\/\/hobstop.ee\/lv\/\",\"logo\":{\"@type\":\"ImageObject\",\"inLanguage\":\"lv-LV\",\"@id\":\"https:\/\/hobstop.ee\/lv\/#\/schema\/logo\/image\/\",\"url\":\"https:\/\/hobstop.ee\/media\/vunder-logo.png\",\"contentUrl\":\"https:\/\/hobstop.ee\/media\/vunder-logo.png\",\"width\":127,\"height\":55,\"caption\":\"Vunder AS\"},\"image\":{\"@id\":\"https:\/\/hobstop.ee\/lv\/#\/schema\/logo\/image\/\"},\"sameAs\":[\"http:\/\/www.facebook.com\/VunderSkizze\"]}]}<\/script>\n<!-- \/ Yoast SEO plugin. -->","yoast_head_json":{"title":"Akvare\u013ckr\u0101su kubi\u0146\u0161 Professional 1\/2 &#8211; Skizze","robots":{"index":"noindex","follow":"follow","max-snippet":"max-snippet:-1","max-image-preview":"max-image-preview:large","max-video-preview":"max-video-preview:-1"},"og_locale":"lv_LV","og_type":"article","og_title":"Akvare\u013ckr\u0101su kubi\u0146\u0161 Professional 1\/2 &#8211; Skizze","og_description":"Kop\u0161 1832. gada, kad Henrijs \u0145\u016btons (Henry Newton) un Viljams Vinzors (William Winsor) ieviesa pasaul\u0113 pirm\u0101s mitr\u0101s akvare\u013ckr\u0101sas, liel\u0101ko da\u013cu Winsor&#038;Newton augst\u0101k\u0101s kvalit\u0101tes reput\u0101cijas ir vairojis profesion\u0101lo akvare\u013ckr\u0101su kl\u0101sts. Vair\u0101k k\u0101 170 gadus v\u0113l\u0101k ori\u0123in\u0101l\u0101s Winsor&#038;Newton mitr\u0101s akvare\u013ckr\u0101sas joproj\u0101m tiek ra\u017eotas saska\u0146\u0101 ar uz\u0146\u0113muma pamatprincipiem, radot nep\u0101rsp\u0113tu akvare\u013ckr\u0101su kl\u0101stu, kas pied\u0101v\u0101 m\u0101ksliniekiem pla\u0161\u0101ko un l\u012bdzsvarot\u0101ko pigmentu izv\u0113li ar lab\u0101ko iesp\u0113jamo notur\u012bbu. Strikti sekojot \u0161iem pamatprinciem, Winsor&#038;Newton ir sasniedzis kr\u0101su spilgtumu, caursp\u012bd\u012bgumu un t\u012br\u012bbu. 21. gadsimt\u0101 \u0161\u012bs pamat\u012bpa\u0161\u012bbas tiek sasniegtas, apvienojot izejmateri\u0101lu atlasi, speci\u0101las ra\u017eotnes iek\u0101rtas ar pieredzes bag\u0101tu \u0137\u012bmi\u0137u izstr\u0101d\u0101t\u0101m recept\u0113m un m\u0101ksliniekiem, kas velt\u012bju\u0161i savu darba dz\u012bvi, radot profesion\u0101l\u0101s akvare\u013ckr\u0101sas. M\u016bsdien\u0101s Winsor&#038;Newton profesion\u0101lo akvare\u013ckr\u0101su kl\u0101sts ieg\u016bst no nep\u0101rtrauktiem pigmentu tehnolo\u0123iju un ra\u017eo\u0161anas pa\u0146\u0113mienu uzlabojumiem, balstoties uz uz\u0146\u0113muma t\u0101 jau augstajiem standartiem, lai rad\u012btu v\u0113l spilgt\u0101kas, v\u0113l caursp\u012bd\u012bg\u0101kas un v\u0113l notur\u012bg\u0101kas kr\u0101sas. Kas ir l\u012bdzv\u0113rt\u012bgi noz\u012bm\u012bgi &#8211; da\u017eas kr\u0101su receptes paliku\u0161as nemain\u012bgas, pier\u0101dot, ka t\u0101s vairs nav iesp\u0113jams padar\u012bt v\u0113l lab\u0101kas!","og_url":"https:\/\/hobstop.ee\/lv\/produkts\/akvarelkrasu-kubins-professional-12\/","og_site_name":"Skizze","article_publisher":"http:\/\/www.facebook.com\/VunderSkizze","og_image":[{"width":1024,"height":768,"url":"https:\/\/www.hobstop.ee\/media\/79.jpg","type":"image\/jpeg"}],"twitter_card":"summary_large_image","twitter_misc":{"Est. reading time":"1 min\u016b\u0161u"},"schema":{"@context":"https:\/\/schema.org","@graph":[{"@type":"WebPage","@id":"https:\/\/hobstop.ee\/lv\/produkts\/akvarelkrasu-kubins-professional-12\/","url":"https:\/\/hobstop.ee\/lv\/produkts\/akvarelkrasu-kubins-professional-12\/","name":"Akvare\u013ckr\u0101su kubi\u0146\u0161 Professional 1\/2 &#8211; Skizze","isPartOf":{"@id":"https:\/\/hobstop.ee\/lv\/#website"},"primaryImageOfPage":{"@id":"https:\/\/hobstop.ee\/lv\/produkts\/akvarelkrasu-kubins-professional-12\/#primaryimage"},"image":{"@id":"https:\/\/hobstop.ee\/lv\/produkts\/akvarelkrasu-kubins-professional-12\/#primaryimage"},"thumbnailUrl":"https:\/\/hobstop.ee\/media\/79.jpg","datePublished":"2015-09-09T12:13:12+00:00","dateModified":"2015-09-09T12:13:12+00:00","breadcrumb":{"@id":"https:\/\/hobstop.ee\/lv\/produkts\/akvarelkrasu-kubins-professional-12\/#breadcrumb"},"inLanguage":"lv-LV","potentialAction":[{"@type":"ReadAction","target":["https:\/\/hobstop.ee\/lv\/produkts\/akvarelkrasu-kubins-professional-12\/"]}]},{"@type":"ImageObject","inLanguage":"lv-LV","@id":"https:\/\/hobstop.ee\/lv\/produkts\/akvarelkrasu-kubins-professional-12\/#primaryimage","url":"https:\/\/hobstop.ee\/media\/79.jpg","contentUrl":"https:\/\/hobstop.ee\/media\/79.jpg","width":1024,"height":768},{"@type":"BreadcrumbList","@id":"https:\/\/hobstop.ee\/lv\/produkts\/akvarelkrasu-kubins-professional-12\/#breadcrumb","itemListElement":[{"@type":"ListItem","position":1,"name":"Avaleht","item":"https:\/\/www.hobstop.ee\/lv\/"},{"@type":"ListItem","position":2,"name":"Veikals","item":"https:\/\/www.hobstop.ee\/lv\/veikals\/"},{"@type":"ListItem","position":3,"name":"Akvare\u013ckr\u0101su kubi\u0146\u0161 Professional 1\/2"}]},{"@type":"WebSite","@id":"https:\/\/hobstop.ee\/lv\/#website","url":"https:\/\/hobstop.ee\/lv\/","name":"Skizze","description":"M\u0101kslas, hobiju un skolas preces","publisher":{"@id":"https:\/\/hobstop.ee\/lv\/#organization"},"potentialAction":[{"@type":"SearchAction","target":{"@type":"EntryPoint","urlTemplate":"https:\/\/hobstop.ee\/lv\/?s={search_term_string}"},"query-input":{"@type":"PropertyValueSpecification","valueRequired":true,"valueName":"search_term_string"}}],"inLanguage":"lv-LV"},{"@type":"Organization","@id":"https:\/\/hobstop.ee\/lv\/#organization","name":"Vunder AS","url":"https:\/\/hobstop.ee\/lv\/","logo":{"@type":"ImageObject","inLanguage":"lv-LV","@id":"https:\/\/hobstop.ee\/lv\/#\/schema\/logo\/image\/","url":"https:\/\/hobstop.ee\/media\/vunder-logo.png","contentUrl":"https:\/\/hobstop.ee\/media\/vunder-logo.png","width":127,"height":55,"caption":"Vunder AS"},"image":{"@id":"https:\/\/hobstop.ee\/lv\/#\/schema\/logo\/image\/"},"sameAs":["http:\/\/www.facebook.com\/VunderSkizze"]}]}},"_links":{"self":[{"href":"https:\/\/hobstop.ee\/lv\/wp-json\/wp\/v2\/product\/212896","targetHints":{"allow":["GET"]}}],"collection":[{"href":"https:\/\/hobstop.ee\/lv\/wp-json\/wp\/v2\/product"}],"about":[{"href":"https:\/\/hobstop.ee\/lv\/wp-json\/wp\/v2\/types\/product"}],"replies":[{"embeddable":true,"href":"https:\/\/hobstop.ee\/lv\/wp-json\/wp\/v2\/comments?post=212896"}],"wp:featuredmedia":[{"embeddable":true,"href":"https:\/\/hobstop.ee\/lv\/wp-json\/wp\/v2\/media\/221407"}],"wp:attachment":[{"href":"https:\/\/hobstop.ee\/lv\/wp-json\/wp\/v2\/media?parent=212896"}],"wp:term":[{"taxonomy":"product_cat","embeddable":true,"href":"https:\/\/hobstop.ee\/lv\/wp-json\/wp\/v2\/product_cat?post=212896"},{"taxonomy":"product_tag","embeddable":true,"href":"https:\/\/hobstop.ee\/lv\/wp-json\/wp\/v2\/product_tag?post=212896"}],"curies":[{"name":"wp","href":"https:\/\/api.w.org\/{rel}","templated":true}]}}