{"id":212920,"date":"2015-06-01T15:14:21","date_gmt":"2015-09-09T12:14:21","guid":{"rendered":"http:\/\/vunder-ee.sn25.zone.eu\/lv\/product\/akvarelu-krasu-komplekts-cotman-pocket-plus-2\/"},"modified":"2015-09-09T15:14:21","modified_gmt":"2015-09-09T12:14:21","slug":"akvarelkrasu-kubinu-12-komplekts-cotman-pocket-plus","status":"publish","type":"product","link":"https:\/\/hobstop.ee\/lv\/produkts\/akvarelkrasu-kubinu-12-komplekts-cotman-pocket-plus\/","title":{"rendered":"Akvare\u013ckr\u0101su kubi\u0146u 1\/2 komplekts Cotman Pocket PLUS"},"content":{"rendered":"<p>Winsor&#038;Newton Cotman akvare\u013ckr\u0101sas ir par pie\u0146emamu cenu, tom\u0113r t\u0101m ir nevainojama kvalit\u0101te, ko pier\u0101da to lielisk\u0101s ton\u0113\u0161anas sp\u0113jas, un ar t\u0101m ir viegli str\u0101d\u0101t. Cotman akvare\u013ckr\u0101su kl\u0101st\u0101 ietilpst gan tradicion\u0101lie pigmenti, gan uzticamas sint\u0113tisk\u0101s kr\u0101sas, kas aizvieto da\u017eus no ret\u0101kajiem un d\u0101rg\u0101kajiem Winsor&#038;Newton profesion\u0101lo akvare\u013ckr\u0101su kl\u0101st\u0101 izmantotajiem pigmentiem.<\/p>\n","protected":false},"excerpt":{"rendered":"<p>Winsor&#038;Newton Cotman akvare\u013ckr\u0101sas ir par pie\u0146emamu cenu, tom\u0113r t\u0101m ir nevainojama kvalit\u0101te, ko pier\u0101da to lielisk\u0101s ton\u0113\u0161anas sp\u0113jas, un ar t\u0101m ir viegli str\u0101d\u0101t. Cotman akvare\u013ckr\u0101su kl\u0101st\u0101 ietilpst gan tradicion\u0101lie pigmenti, gan uzticamas sint\u0113tisk\u0101s kr\u0101sas, kas aizvieto da\u017eus no ret\u0101kajiem un d\u0101rg\u0101kajiem Winsor&#038;Newton profesion\u0101lo akvare\u013ckr\u0101su kl\u0101st\u0101 izmantotajiem pigmentiem.<\/p>\n","protected":false},"featured_media":355079,"comment_status":"closed","ping_status":"closed","template":"","meta":{"_acf_changed":false,"ep_exclude_from_search":false},"product_cat":[19000,17980,16123],"product_tag":[],"class_list":{"0":"post-212920","1":"product","2":"type-product","3":"status-publish","4":"has-post-thumbnail","6":"product_cat-akvarelkrasas-2","7":"product_cat-krasas-un-gleznosanas-paligmateriali","8":"product_cat-makslas-piederumi-2","10":"first","11":"outofstock","12":"taxable","13":"shipping-taxable","14":"purchasable","15":"product-type-variable"},"acf":[],"yoast_head":"<!-- This site is optimized with the Yoast SEO plugin v24.1 - https:\/\/yoast.com\/wordpress\/plugins\/seo\/ -->\n<title>Akvare\u013ckr\u0101su kubi\u0146u 1\/2 komplekts Cotman Pocket PLUS &#8211; Skizze<\/title>\n<meta name=\"robots\" content=\"noindex, follow, max-snippet:-1, max-image-preview:large, max-video-preview:-1\" \/>\n<meta property=\"og:locale\" content=\"lv_LV\" \/>\n<meta property=\"og:type\" content=\"article\" \/>\n<meta property=\"og:title\" content=\"Akvare\u013ckr\u0101su kubi\u0146u 1\/2 komplekts Cotman Pocket PLUS &#8211; Skizze\" \/>\n<meta property=\"og:description\" content=\"Winsor&#038;Newton Cotman akvare\u013ckr\u0101sas ir par pie\u0146emamu cenu, tom\u0113r t\u0101m ir nevainojama kvalit\u0101te, ko pier\u0101da to lielisk\u0101s ton\u0113\u0161anas sp\u0113jas, un ar t\u0101m ir viegli str\u0101d\u0101t. Cotman akvare\u013ckr\u0101su kl\u0101st\u0101 ietilpst gan tradicion\u0101lie pigmenti, gan uzticamas sint\u0113tisk\u0101s kr\u0101sas, kas aizvieto da\u017eus no ret\u0101kajiem un d\u0101rg\u0101kajiem Winsor&#038;Newton profesion\u0101lo akvare\u013ckr\u0101su kl\u0101st\u0101 izmantotajiem pigmentiem.\" \/>\n<meta property=\"og:url\" content=\"https:\/\/hobstop.ee\/lv\/produkts\/akvarelkrasu-kubinu-12-komplekts-cotman-pocket-plus\/\" \/>\n<meta property=\"og:site_name\" content=\"Skizze\" \/>\n<meta property=\"article:publisher\" content=\"http:\/\/www.facebook.com\/VunderSkizze\" \/>\n<meta property=\"og:image\" content=\"https:\/\/hobstop.ee\/media\/102.jpg\" \/>\n\t<meta property=\"og:image:width\" content=\"1024\" \/>\n\t<meta property=\"og:image:height\" content=\"768\" \/>\n\t<meta property=\"og:image:type\" content=\"image\/jpeg\" \/>\n<meta name=\"twitter:card\" content=\"summary_large_image\" \/>\n<script type=\"application\/ld+json\" class=\"yoast-schema-graph\">{\"@context\":\"https:\/\/schema.org\",\"@graph\":[{\"@type\":\"WebPage\",\"@id\":\"https:\/\/hobstop.ee\/lv\/produkts\/akvarelkrasu-kubinu-12-komplekts-cotman-pocket-plus\/\",\"url\":\"https:\/\/hobstop.ee\/lv\/produkts\/akvarelkrasu-kubinu-12-komplekts-cotman-pocket-plus\/\",\"name\":\"Akvare\u013ckr\u0101su kubi\u0146u 1\/2 komplekts Cotman Pocket PLUS &#8211; Skizze\",\"isPartOf\":{\"@id\":\"https:\/\/hobstop.ee\/lv\/#website\"},\"primaryImageOfPage\":{\"@id\":\"https:\/\/hobstop.ee\/lv\/produkts\/akvarelkrasu-kubinu-12-komplekts-cotman-pocket-plus\/#primaryimage\"},\"image\":{\"@id\":\"https:\/\/hobstop.ee\/lv\/produkts\/akvarelkrasu-kubinu-12-komplekts-cotman-pocket-plus\/#primaryimage\"},\"thumbnailUrl\":\"https:\/\/hobstop.ee\/media\/102.jpg\",\"datePublished\":\"2015-09-09T12:14:21+00:00\",\"dateModified\":\"2015-09-09T12:14:21+00:00\",\"breadcrumb\":{\"@id\":\"https:\/\/hobstop.ee\/lv\/produkts\/akvarelkrasu-kubinu-12-komplekts-cotman-pocket-plus\/#breadcrumb\"},\"inLanguage\":\"lv-LV\",\"potentialAction\":[{\"@type\":\"ReadAction\",\"target\":[\"https:\/\/hobstop.ee\/lv\/produkts\/akvarelkrasu-kubinu-12-komplekts-cotman-pocket-plus\/\"]}]},{\"@type\":\"ImageObject\",\"inLanguage\":\"lv-LV\",\"@id\":\"https:\/\/hobstop.ee\/lv\/produkts\/akvarelkrasu-kubinu-12-komplekts-cotman-pocket-plus\/#primaryimage\",\"url\":\"https:\/\/hobstop.ee\/media\/102.jpg\",\"contentUrl\":\"https:\/\/hobstop.ee\/media\/102.jpg\",\"width\":1024,\"height\":768},{\"@type\":\"BreadcrumbList\",\"@id\":\"https:\/\/hobstop.ee\/lv\/produkts\/akvarelkrasu-kubinu-12-komplekts-cotman-pocket-plus\/#breadcrumb\",\"itemListElement\":[{\"@type\":\"ListItem\",\"position\":1,\"name\":\"Avaleht\",\"item\":\"https:\/\/hobstop.ee\/lv\/\"},{\"@type\":\"ListItem\",\"position\":2,\"name\":\"Veikals\",\"item\":\"https:\/\/hobstop.ee\/lv\/veikals\/\"},{\"@type\":\"ListItem\",\"position\":3,\"name\":\"Akvare\u013ckr\u0101su kubi\u0146u 1\/2 komplekts Cotman Pocket PLUS\"}]},{\"@type\":\"WebSite\",\"@id\":\"https:\/\/hobstop.ee\/lv\/#website\",\"url\":\"https:\/\/hobstop.ee\/lv\/\",\"name\":\"Skizze\",\"description\":\"M\u0101kslas, hobiju un skolas preces\",\"publisher\":{\"@id\":\"https:\/\/hobstop.ee\/lv\/#organization\"},\"potentialAction\":[{\"@type\":\"SearchAction\",\"target\":{\"@type\":\"EntryPoint\",\"urlTemplate\":\"https:\/\/hobstop.ee\/lv\/?s={search_term_string}\"},\"query-input\":{\"@type\":\"PropertyValueSpecification\",\"valueRequired\":true,\"valueName\":\"search_term_string\"}}],\"inLanguage\":\"lv-LV\"},{\"@type\":\"Organization\",\"@id\":\"https:\/\/hobstop.ee\/lv\/#organization\",\"name\":\"Vunder AS\",\"url\":\"https:\/\/hobstop.ee\/lv\/\",\"logo\":{\"@type\":\"ImageObject\",\"inLanguage\":\"lv-LV\",\"@id\":\"https:\/\/hobstop.ee\/lv\/#\/schema\/logo\/image\/\",\"url\":\"https:\/\/hobstop.ee\/media\/vunder-logo.png\",\"contentUrl\":\"https:\/\/hobstop.ee\/media\/vunder-logo.png\",\"width\":127,\"height\":55,\"caption\":\"Vunder AS\"},\"image\":{\"@id\":\"https:\/\/hobstop.ee\/lv\/#\/schema\/logo\/image\/\"},\"sameAs\":[\"http:\/\/www.facebook.com\/VunderSkizze\"]}]}<\/script>\n<!-- \/ Yoast SEO plugin. -->","yoast_head_json":{"title":"Akvare\u013ckr\u0101su kubi\u0146u 1\/2 komplekts Cotman Pocket PLUS &#8211; Skizze","robots":{"index":"noindex","follow":"follow","max-snippet":"max-snippet:-1","max-image-preview":"max-image-preview:large","max-video-preview":"max-video-preview:-1"},"og_locale":"lv_LV","og_type":"article","og_title":"Akvare\u013ckr\u0101su kubi\u0146u 1\/2 komplekts Cotman Pocket PLUS &#8211; Skizze","og_description":"Winsor&#038;Newton Cotman akvare\u013ckr\u0101sas ir par pie\u0146emamu cenu, tom\u0113r t\u0101m ir nevainojama kvalit\u0101te, ko pier\u0101da to lielisk\u0101s ton\u0113\u0161anas sp\u0113jas, un ar t\u0101m ir viegli str\u0101d\u0101t. Cotman akvare\u013ckr\u0101su kl\u0101st\u0101 ietilpst gan tradicion\u0101lie pigmenti, gan uzticamas sint\u0113tisk\u0101s kr\u0101sas, kas aizvieto da\u017eus no ret\u0101kajiem un d\u0101rg\u0101kajiem Winsor&#038;Newton profesion\u0101lo akvare\u013ckr\u0101su kl\u0101st\u0101 izmantotajiem pigmentiem.","og_url":"https:\/\/hobstop.ee\/lv\/produkts\/akvarelkrasu-kubinu-12-komplekts-cotman-pocket-plus\/","og_site_name":"Skizze","article_publisher":"http:\/\/www.facebook.com\/VunderSkizze","og_image":[{"width":1024,"height":768,"url":"https:\/\/hobstop.ee\/media\/102.jpg","type":"image\/jpeg"}],"twitter_card":"summary_large_image","schema":{"@context":"https:\/\/schema.org","@graph":[{"@type":"WebPage","@id":"https:\/\/hobstop.ee\/lv\/produkts\/akvarelkrasu-kubinu-12-komplekts-cotman-pocket-plus\/","url":"https:\/\/hobstop.ee\/lv\/produkts\/akvarelkrasu-kubinu-12-komplekts-cotman-pocket-plus\/","name":"Akvare\u013ckr\u0101su kubi\u0146u 1\/2 komplekts Cotman Pocket PLUS &#8211; Skizze","isPartOf":{"@id":"https:\/\/hobstop.ee\/lv\/#website"},"primaryImageOfPage":{"@id":"https:\/\/hobstop.ee\/lv\/produkts\/akvarelkrasu-kubinu-12-komplekts-cotman-pocket-plus\/#primaryimage"},"image":{"@id":"https:\/\/hobstop.ee\/lv\/produkts\/akvarelkrasu-kubinu-12-komplekts-cotman-pocket-plus\/#primaryimage"},"thumbnailUrl":"https:\/\/hobstop.ee\/media\/102.jpg","datePublished":"2015-09-09T12:14:21+00:00","dateModified":"2015-09-09T12:14:21+00:00","breadcrumb":{"@id":"https:\/\/hobstop.ee\/lv\/produkts\/akvarelkrasu-kubinu-12-komplekts-cotman-pocket-plus\/#breadcrumb"},"inLanguage":"lv-LV","potentialAction":[{"@type":"ReadAction","target":["https:\/\/hobstop.ee\/lv\/produkts\/akvarelkrasu-kubinu-12-komplekts-cotman-pocket-plus\/"]}]},{"@type":"ImageObject","inLanguage":"lv-LV","@id":"https:\/\/hobstop.ee\/lv\/produkts\/akvarelkrasu-kubinu-12-komplekts-cotman-pocket-plus\/#primaryimage","url":"https:\/\/hobstop.ee\/media\/102.jpg","contentUrl":"https:\/\/hobstop.ee\/media\/102.jpg","width":1024,"height":768},{"@type":"BreadcrumbList","@id":"https:\/\/hobstop.ee\/lv\/produkts\/akvarelkrasu-kubinu-12-komplekts-cotman-pocket-plus\/#breadcrumb","itemListElement":[{"@type":"ListItem","position":1,"name":"Avaleht","item":"https:\/\/hobstop.ee\/lv\/"},{"@type":"ListItem","position":2,"name":"Veikals","item":"https:\/\/hobstop.ee\/lv\/veikals\/"},{"@type":"ListItem","position":3,"name":"Akvare\u013ckr\u0101su kubi\u0146u 1\/2 komplekts Cotman Pocket PLUS"}]},{"@type":"WebSite","@id":"https:\/\/hobstop.ee\/lv\/#website","url":"https:\/\/hobstop.ee\/lv\/","name":"Skizze","description":"M\u0101kslas, hobiju un skolas preces","publisher":{"@id":"https:\/\/hobstop.ee\/lv\/#organization"},"potentialAction":[{"@type":"SearchAction","target":{"@type":"EntryPoint","urlTemplate":"https:\/\/hobstop.ee\/lv\/?s={search_term_string}"},"query-input":{"@type":"PropertyValueSpecification","valueRequired":true,"valueName":"search_term_string"}}],"inLanguage":"lv-LV"},{"@type":"Organization","@id":"https:\/\/hobstop.ee\/lv\/#organization","name":"Vunder AS","url":"https:\/\/hobstop.ee\/lv\/","logo":{"@type":"ImageObject","inLanguage":"lv-LV","@id":"https:\/\/hobstop.ee\/lv\/#\/schema\/logo\/image\/","url":"https:\/\/hobstop.ee\/media\/vunder-logo.png","contentUrl":"https:\/\/hobstop.ee\/media\/vunder-logo.png","width":127,"height":55,"caption":"Vunder AS"},"image":{"@id":"https:\/\/hobstop.ee\/lv\/#\/schema\/logo\/image\/"},"sameAs":["http:\/\/www.facebook.com\/VunderSkizze"]}]}},"_links":{"self":[{"href":"https:\/\/hobstop.ee\/lv\/wp-json\/wp\/v2\/product\/212920","targetHints":{"allow":["GET"]}}],"collection":[{"href":"https:\/\/hobstop.ee\/lv\/wp-json\/wp\/v2\/product"}],"about":[{"href":"https:\/\/hobstop.ee\/lv\/wp-json\/wp\/v2\/types\/product"}],"replies":[{"embeddable":true,"href":"https:\/\/hobstop.ee\/lv\/wp-json\/wp\/v2\/comments?post=212920"}],"wp:featuredmedia":[{"embeddable":true,"href":"https:\/\/hobstop.ee\/lv\/wp-json\/wp\/v2\/media\/355079"}],"wp:attachment":[{"href":"https:\/\/hobstop.ee\/lv\/wp-json\/wp\/v2\/media?parent=212920"}],"wp:term":[{"taxonomy":"product_cat","embeddable":true,"href":"https:\/\/hobstop.ee\/lv\/wp-json\/wp\/v2\/product_cat?post=212920"},{"taxonomy":"product_tag","embeddable":true,"href":"https:\/\/hobstop.ee\/lv\/wp-json\/wp\/v2\/product_tag?post=212920"}],"curies":[{"name":"wp","href":"https:\/\/api.w.org\/{rel}","templated":true}]}}