{"id":212988,"date":"2015-06-01T15:16:43","date_gmt":"2015-09-09T12:16:43","guid":{"rendered":"http:\/\/vunder-ee.sn25.zone.eu\/lv\/product\/deco-gloss-50ml\/"},"modified":"2015-09-09T15:16:43","modified_gmt":"2015-09-09T12:16:43","slug":"deco-gloss-50ml","status":"publish","type":"product","link":"https:\/\/hobstop.ee\/lv\/produkts\/deco-gloss-50ml\/","title":{"rendered":"Deco Gloss 50ml"},"content":{"rendered":"<p>Kr\u0101sas ienes dz\u012bv\u012bgumu m\u0101j\u0101s &#8211; iedvesmas objektam un vietai nav robe\u017eu! Lefranc&#038;Bourgeois Deco akrila kr\u0101sa ar kr\u0113mveida konsistenci ir ide\u0101li piem\u0113rota da\u017e\u0101du pamatmateri\u0101lu dekor\u0113\u0161anai, izmantojot to pat tikai vien\u0101 k\u0101rt\u0101. Deco Gloss ir sp\u012bd\u012bga akrila kr\u0101sa, kuru nav iesp\u0113jams izdz\u0113st, ar augst\u0101m un izteikt\u0101m kl\u0101\u0161an\u0101s \u012bpa\u0161\u012bb\u0101m un maksim\u0101li \u016bdensiztur\u012bga. Kr\u0101su var izmantot t\u012br\u0101 veid\u0101 vai sajauktu. To var izmantot gan uz neliel\u0101m, gan ar\u012b uz liel\u0101m virsm\u0101m. T\u0101 labi turas uz da\u017e\u0101diem materi\u0101liem (koka, pap\u012bra, tapet\u0113m, veido\u0161anas m\u0101la, svec\u0113m utt.).<br \/>\nP\u0101rkl\u0101jums: 0.8m\u00b2\/100ml<\/p>\n","protected":false},"excerpt":{"rendered":"<p>Kr\u0101sas ienes dz\u012bv\u012bgumu m\u0101j\u0101s &#8211; iedvesmas objektam un vietai nav robe\u017eu! Lefranc&#038;Bourgeois Deco akrila kr\u0101sa ar kr\u0113mveida konsistenci ir ide\u0101li piem\u0113rota da\u017e\u0101du pamatmateri\u0101lu dekor\u0113\u0161anai, izmantojot to pat tikai vien\u0101 k\u0101rt\u0101. Deco Gloss ir sp\u012bd\u012bga akrila kr\u0101sa, kuru nav iesp\u0113jams izdz\u0113st, ar augst\u0101m un izteikt\u0101m kl\u0101\u0161an\u0101s \u012bpa\u0161\u012bb\u0101m un maksim\u0101li \u016bdensiztur\u012bga. Kr\u0101su var izmantot t\u012br\u0101 veid\u0101 vai sajauktu. To var izmantot gan uz neliel\u0101m, gan ar\u012b uz liel\u0101m virsm\u0101m. T\u0101 labi turas uz da\u017e\u0101diem materi\u0101liem (koka, pap\u012bra, tapet\u0113m, veido\u0161anas m\u0101la, svec\u0113m utt.). P\u0101rkl\u0101jums: 0.8m\u00b2\/100ml<\/p>\n","protected":false},"featured_media":221499,"comment_status":"closed","ping_status":"closed","template":"","meta":{"_acf_changed":false,"ep_exclude_from_search":false},"product_cat":[18201,17954,17918],"product_tag":[],"class_list":{"0":"post-212988","1":"product","2":"type-product","3":"status-publish","4":"has-post-thumbnail","6":"product_cat-decor-krasas-2","7":"product_cat-decor-krasas-un-lakas","8":"product_cat-preces-hobijiem","10":"first","11":"instock","12":"sale","13":"taxable","14":"shipping-taxable","15":"purchasable","16":"product-type-variable"},"acf":[],"yoast_head":"<!-- This site is optimized with the Yoast SEO plugin v24.1 - https:\/\/yoast.com\/wordpress\/plugins\/seo\/ -->\n<title>Deco Gloss 50ml &#8211; Skizze<\/title>\n<meta name=\"robots\" content=\"noindex, follow, max-snippet:-1, max-image-preview:large, max-video-preview:-1\" \/>\n<meta property=\"og:locale\" content=\"lv_LV\" \/>\n<meta property=\"og:type\" content=\"article\" \/>\n<meta property=\"og:title\" content=\"Deco Gloss 50ml &#8211; Skizze\" \/>\n<meta property=\"og:description\" content=\"Kr\u0101sas ienes dz\u012bv\u012bgumu m\u0101j\u0101s &#8211; iedvesmas objektam un vietai nav robe\u017eu! Lefranc&#038;Bourgeois Deco akrila kr\u0101sa ar kr\u0113mveida konsistenci ir ide\u0101li piem\u0113rota da\u017e\u0101du pamatmateri\u0101lu dekor\u0113\u0161anai, izmantojot to pat tikai vien\u0101 k\u0101rt\u0101. Deco Gloss ir sp\u012bd\u012bga akrila kr\u0101sa, kuru nav iesp\u0113jams izdz\u0113st, ar augst\u0101m un izteikt\u0101m kl\u0101\u0161an\u0101s \u012bpa\u0161\u012bb\u0101m un maksim\u0101li \u016bdensiztur\u012bga. Kr\u0101su var izmantot t\u012br\u0101 veid\u0101 vai sajauktu. To var izmantot gan uz neliel\u0101m, gan ar\u012b uz liel\u0101m virsm\u0101m. T\u0101 labi turas uz da\u017e\u0101diem materi\u0101liem (koka, pap\u012bra, tapet\u0113m, veido\u0161anas m\u0101la, svec\u0113m utt.). P\u0101rkl\u0101jums: 0.8m\u00b2\/100ml\" \/>\n<meta property=\"og:url\" content=\"https:\/\/hobstop.ee\/lv\/produkts\/deco-gloss-50ml\/\" \/>\n<meta property=\"og:site_name\" content=\"Skizze\" \/>\n<meta property=\"article:publisher\" content=\"http:\/\/www.facebook.com\/VunderSkizze\" \/>\n<meta property=\"og:image\" content=\"https:\/\/www.hobstop.ee\/media\/153.jpg\" \/>\n\t<meta property=\"og:image:width\" content=\"1024\" \/>\n\t<meta property=\"og:image:height\" content=\"768\" \/>\n\t<meta property=\"og:image:type\" content=\"image\/jpeg\" \/>\n<meta name=\"twitter:card\" content=\"summary_large_image\" \/>\n<meta name=\"twitter:label1\" content=\"Est. reading time\" \/>\n\t<meta name=\"twitter:data1\" content=\"1 min\u016b\u0161u\" \/>\n<script type=\"application\/ld+json\" class=\"yoast-schema-graph\">{\"@context\":\"https:\/\/schema.org\",\"@graph\":[{\"@type\":\"WebPage\",\"@id\":\"https:\/\/hobstop.ee\/lv\/produkts\/deco-gloss-50ml\/\",\"url\":\"https:\/\/hobstop.ee\/lv\/produkts\/deco-gloss-50ml\/\",\"name\":\"Deco Gloss 50ml &#8211; Skizze\",\"isPartOf\":{\"@id\":\"https:\/\/hobstop.ee\/lv\/#website\"},\"primaryImageOfPage\":{\"@id\":\"https:\/\/hobstop.ee\/lv\/produkts\/deco-gloss-50ml\/#primaryimage\"},\"image\":{\"@id\":\"https:\/\/hobstop.ee\/lv\/produkts\/deco-gloss-50ml\/#primaryimage\"},\"thumbnailUrl\":\"https:\/\/hobstop.ee\/media\/153.jpg\",\"datePublished\":\"2015-09-09T12:16:43+00:00\",\"dateModified\":\"2015-09-09T12:16:43+00:00\",\"breadcrumb\":{\"@id\":\"https:\/\/hobstop.ee\/lv\/produkts\/deco-gloss-50ml\/#breadcrumb\"},\"inLanguage\":\"lv-LV\",\"potentialAction\":[{\"@type\":\"ReadAction\",\"target\":[\"https:\/\/hobstop.ee\/lv\/produkts\/deco-gloss-50ml\/\"]}]},{\"@type\":\"ImageObject\",\"inLanguage\":\"lv-LV\",\"@id\":\"https:\/\/hobstop.ee\/lv\/produkts\/deco-gloss-50ml\/#primaryimage\",\"url\":\"https:\/\/hobstop.ee\/media\/153.jpg\",\"contentUrl\":\"https:\/\/hobstop.ee\/media\/153.jpg\",\"width\":1024,\"height\":768},{\"@type\":\"BreadcrumbList\",\"@id\":\"https:\/\/hobstop.ee\/lv\/produkts\/deco-gloss-50ml\/#breadcrumb\",\"itemListElement\":[{\"@type\":\"ListItem\",\"position\":1,\"name\":\"Avaleht\",\"item\":\"https:\/\/www.hobstop.ee\/lv\/\"},{\"@type\":\"ListItem\",\"position\":2,\"name\":\"Veikals\",\"item\":\"https:\/\/www.hobstop.ee\/lv\/veikals\/\"},{\"@type\":\"ListItem\",\"position\":3,\"name\":\"Deco Gloss 50ml\"}]},{\"@type\":\"WebSite\",\"@id\":\"https:\/\/hobstop.ee\/lv\/#website\",\"url\":\"https:\/\/hobstop.ee\/lv\/\",\"name\":\"Skizze\",\"description\":\"M\u0101kslas, hobiju un skolas preces\",\"publisher\":{\"@id\":\"https:\/\/hobstop.ee\/lv\/#organization\"},\"potentialAction\":[{\"@type\":\"SearchAction\",\"target\":{\"@type\":\"EntryPoint\",\"urlTemplate\":\"https:\/\/hobstop.ee\/lv\/?s={search_term_string}\"},\"query-input\":{\"@type\":\"PropertyValueSpecification\",\"valueRequired\":true,\"valueName\":\"search_term_string\"}}],\"inLanguage\":\"lv-LV\"},{\"@type\":\"Organization\",\"@id\":\"https:\/\/hobstop.ee\/lv\/#organization\",\"name\":\"Vunder AS\",\"url\":\"https:\/\/hobstop.ee\/lv\/\",\"logo\":{\"@type\":\"ImageObject\",\"inLanguage\":\"lv-LV\",\"@id\":\"https:\/\/hobstop.ee\/lv\/#\/schema\/logo\/image\/\",\"url\":\"https:\/\/hobstop.ee\/media\/vunder-logo.png\",\"contentUrl\":\"https:\/\/hobstop.ee\/media\/vunder-logo.png\",\"width\":127,\"height\":55,\"caption\":\"Vunder AS\"},\"image\":{\"@id\":\"https:\/\/hobstop.ee\/lv\/#\/schema\/logo\/image\/\"},\"sameAs\":[\"http:\/\/www.facebook.com\/VunderSkizze\"]}]}<\/script>\n<!-- \/ Yoast SEO plugin. -->","yoast_head_json":{"title":"Deco Gloss 50ml &#8211; Skizze","robots":{"index":"noindex","follow":"follow","max-snippet":"max-snippet:-1","max-image-preview":"max-image-preview:large","max-video-preview":"max-video-preview:-1"},"og_locale":"lv_LV","og_type":"article","og_title":"Deco Gloss 50ml &#8211; Skizze","og_description":"Kr\u0101sas ienes dz\u012bv\u012bgumu m\u0101j\u0101s &#8211; iedvesmas objektam un vietai nav robe\u017eu! Lefranc&#038;Bourgeois Deco akrila kr\u0101sa ar kr\u0113mveida konsistenci ir ide\u0101li piem\u0113rota da\u017e\u0101du pamatmateri\u0101lu dekor\u0113\u0161anai, izmantojot to pat tikai vien\u0101 k\u0101rt\u0101. Deco Gloss ir sp\u012bd\u012bga akrila kr\u0101sa, kuru nav iesp\u0113jams izdz\u0113st, ar augst\u0101m un izteikt\u0101m kl\u0101\u0161an\u0101s \u012bpa\u0161\u012bb\u0101m un maksim\u0101li \u016bdensiztur\u012bga. Kr\u0101su var izmantot t\u012br\u0101 veid\u0101 vai sajauktu. To var izmantot gan uz neliel\u0101m, gan ar\u012b uz liel\u0101m virsm\u0101m. T\u0101 labi turas uz da\u017e\u0101diem materi\u0101liem (koka, pap\u012bra, tapet\u0113m, veido\u0161anas m\u0101la, svec\u0113m utt.). P\u0101rkl\u0101jums: 0.8m\u00b2\/100ml","og_url":"https:\/\/hobstop.ee\/lv\/produkts\/deco-gloss-50ml\/","og_site_name":"Skizze","article_publisher":"http:\/\/www.facebook.com\/VunderSkizze","og_image":[{"width":1024,"height":768,"url":"https:\/\/www.hobstop.ee\/media\/153.jpg","type":"image\/jpeg"}],"twitter_card":"summary_large_image","twitter_misc":{"Est. reading time":"1 min\u016b\u0161u"},"schema":{"@context":"https:\/\/schema.org","@graph":[{"@type":"WebPage","@id":"https:\/\/hobstop.ee\/lv\/produkts\/deco-gloss-50ml\/","url":"https:\/\/hobstop.ee\/lv\/produkts\/deco-gloss-50ml\/","name":"Deco Gloss 50ml &#8211; Skizze","isPartOf":{"@id":"https:\/\/hobstop.ee\/lv\/#website"},"primaryImageOfPage":{"@id":"https:\/\/hobstop.ee\/lv\/produkts\/deco-gloss-50ml\/#primaryimage"},"image":{"@id":"https:\/\/hobstop.ee\/lv\/produkts\/deco-gloss-50ml\/#primaryimage"},"thumbnailUrl":"https:\/\/hobstop.ee\/media\/153.jpg","datePublished":"2015-09-09T12:16:43+00:00","dateModified":"2015-09-09T12:16:43+00:00","breadcrumb":{"@id":"https:\/\/hobstop.ee\/lv\/produkts\/deco-gloss-50ml\/#breadcrumb"},"inLanguage":"lv-LV","potentialAction":[{"@type":"ReadAction","target":["https:\/\/hobstop.ee\/lv\/produkts\/deco-gloss-50ml\/"]}]},{"@type":"ImageObject","inLanguage":"lv-LV","@id":"https:\/\/hobstop.ee\/lv\/produkts\/deco-gloss-50ml\/#primaryimage","url":"https:\/\/hobstop.ee\/media\/153.jpg","contentUrl":"https:\/\/hobstop.ee\/media\/153.jpg","width":1024,"height":768},{"@type":"BreadcrumbList","@id":"https:\/\/hobstop.ee\/lv\/produkts\/deco-gloss-50ml\/#breadcrumb","itemListElement":[{"@type":"ListItem","position":1,"name":"Avaleht","item":"https:\/\/www.hobstop.ee\/lv\/"},{"@type":"ListItem","position":2,"name":"Veikals","item":"https:\/\/www.hobstop.ee\/lv\/veikals\/"},{"@type":"ListItem","position":3,"name":"Deco Gloss 50ml"}]},{"@type":"WebSite","@id":"https:\/\/hobstop.ee\/lv\/#website","url":"https:\/\/hobstop.ee\/lv\/","name":"Skizze","description":"M\u0101kslas, hobiju un skolas preces","publisher":{"@id":"https:\/\/hobstop.ee\/lv\/#organization"},"potentialAction":[{"@type":"SearchAction","target":{"@type":"EntryPoint","urlTemplate":"https:\/\/hobstop.ee\/lv\/?s={search_term_string}"},"query-input":{"@type":"PropertyValueSpecification","valueRequired":true,"valueName":"search_term_string"}}],"inLanguage":"lv-LV"},{"@type":"Organization","@id":"https:\/\/hobstop.ee\/lv\/#organization","name":"Vunder AS","url":"https:\/\/hobstop.ee\/lv\/","logo":{"@type":"ImageObject","inLanguage":"lv-LV","@id":"https:\/\/hobstop.ee\/lv\/#\/schema\/logo\/image\/","url":"https:\/\/hobstop.ee\/media\/vunder-logo.png","contentUrl":"https:\/\/hobstop.ee\/media\/vunder-logo.png","width":127,"height":55,"caption":"Vunder AS"},"image":{"@id":"https:\/\/hobstop.ee\/lv\/#\/schema\/logo\/image\/"},"sameAs":["http:\/\/www.facebook.com\/VunderSkizze"]}]}},"_links":{"self":[{"href":"https:\/\/hobstop.ee\/lv\/wp-json\/wp\/v2\/product\/212988","targetHints":{"allow":["GET"]}}],"collection":[{"href":"https:\/\/hobstop.ee\/lv\/wp-json\/wp\/v2\/product"}],"about":[{"href":"https:\/\/hobstop.ee\/lv\/wp-json\/wp\/v2\/types\/product"}],"replies":[{"embeddable":true,"href":"https:\/\/hobstop.ee\/lv\/wp-json\/wp\/v2\/comments?post=212988"}],"wp:featuredmedia":[{"embeddable":true,"href":"https:\/\/hobstop.ee\/lv\/wp-json\/wp\/v2\/media\/221499"}],"wp:attachment":[{"href":"https:\/\/hobstop.ee\/lv\/wp-json\/wp\/v2\/media?parent=212988"}],"wp:term":[{"taxonomy":"product_cat","embeddable":true,"href":"https:\/\/hobstop.ee\/lv\/wp-json\/wp\/v2\/product_cat?post=212988"},{"taxonomy":"product_tag","embeddable":true,"href":"https:\/\/hobstop.ee\/lv\/wp-json\/wp\/v2\/product_tag?post=212988"}],"curies":[{"name":"wp","href":"https:\/\/api.w.org\/{rel}","templated":true}]}}