{"id":213004,"date":"2015-06-01T15:16:50","date_gmt":"2015-09-09T12:16:50","guid":{"rendered":"http:\/\/vunder-ee.sn25.zone.eu\/lv\/product\/skicu-zimulis-conte-a-paris\/"},"modified":"2015-09-09T15:16:50","modified_gmt":"2015-09-09T12:16:50","slug":"skicu-zimulis-conte-a-paris-white","status":"publish","type":"product","link":"https:\/\/hobstop.ee\/lv\/produkts\/skicu-zimulis-conte-a-paris-white\/","title":{"rendered":"Ski\u010du z\u012bmulis Conte a Paris White"},"content":{"rendered":"<p>Conte a Paris White baltais ski\u010du z\u012bmulis tiek galvenok\u0101rt izmantots maksim\u0101li asin\u0101ts, veidojot skaidras un caursp\u012bd\u012bgas l\u012bnijas. Tas ir neat\u0146emams papildin\u0101jums visiem citiem z\u012bmu\u013ciem un t\u0101 galven\u0101 funkcija ir izcelt apjomu utt. Ta\u010du uz kr\u0101sainiem pap\u012briem, piem\u0113ram melna, to var izmantot vienu pa\u0161u. Ieteicams izmantot visa veida objektu kontrastu veido\u0161anai, maig\u0101ku l\u012bniju rad\u012b\u0161anai un izcel\u0161anai.<\/p>\n","protected":false},"excerpt":{"rendered":"<p>Conte a Paris White baltais ski\u010du z\u012bmulis tiek galvenok\u0101rt izmantots maksim\u0101li asin\u0101ts, veidojot skaidras un caursp\u012bd\u012bgas l\u012bnijas. Tas ir neat\u0146emams papildin\u0101jums visiem citiem z\u012bmu\u013ciem un t\u0101 galven\u0101 funkcija ir izcelt apjomu utt. Ta\u010du uz kr\u0101sainiem pap\u012briem, piem\u0113ram melna, to var izmantot vienu pa\u0161u. Ieteicams izmantot visa veida objektu kontrastu veido\u0161anai, maig\u0101ku l\u012bniju rad\u012b\u0161anai un izcel\u0161anai.<\/p>\n","protected":false},"featured_media":221515,"comment_status":"closed","ping_status":"closed","template":"","meta":{"_acf_changed":false,"ep_exclude_from_search":false},"product_cat":[16123,18991,18931],"product_tag":[],"class_list":{"0":"post-213004","1":"product","2":"type-product","3":"status-publish","4":"has-post-thumbnail","6":"product_cat-makslas-piederumi-2","7":"product_cat-skicu-zimuli-2","8":"product_cat-zimesanas-piederumi-3","10":"first","11":"instock","12":"taxable","13":"shipping-taxable","14":"purchasable","15":"product-type-variable"},"acf":[],"yoast_head":"<!-- This site is optimized with the Yoast SEO plugin v24.1 - https:\/\/yoast.com\/wordpress\/plugins\/seo\/ -->\n<title>Ski\u010du z\u012bmulis Conte a Paris White &#8211; Skizze<\/title>\n<meta name=\"robots\" content=\"noindex, follow, max-snippet:-1, max-image-preview:large, max-video-preview:-1\" \/>\n<meta property=\"og:locale\" content=\"lv_LV\" \/>\n<meta property=\"og:type\" content=\"article\" \/>\n<meta property=\"og:title\" content=\"Ski\u010du z\u012bmulis Conte a Paris White &#8211; Skizze\" \/>\n<meta property=\"og:description\" content=\"Conte a Paris White baltais ski\u010du z\u012bmulis tiek galvenok\u0101rt izmantots maksim\u0101li asin\u0101ts, veidojot skaidras un caursp\u012bd\u012bgas l\u012bnijas. Tas ir neat\u0146emams papildin\u0101jums visiem citiem z\u012bmu\u013ciem un t\u0101 galven\u0101 funkcija ir izcelt apjomu utt. Ta\u010du uz kr\u0101sainiem pap\u012briem, piem\u0113ram melna, to var izmantot vienu pa\u0161u. Ieteicams izmantot visa veida objektu kontrastu veido\u0161anai, maig\u0101ku l\u012bniju rad\u012b\u0161anai un izcel\u0161anai.\" \/>\n<meta property=\"og:url\" content=\"https:\/\/hobstop.ee\/lv\/produkts\/skicu-zimulis-conte-a-paris-white\/\" \/>\n<meta property=\"og:site_name\" content=\"Skizze\" \/>\n<meta property=\"article:publisher\" content=\"http:\/\/www.facebook.com\/VunderSkizze\" \/>\n<meta property=\"og:image\" content=\"https:\/\/hobstop.ee\/media\/171.jpg\" \/>\n\t<meta property=\"og:image:width\" content=\"1024\" \/>\n\t<meta property=\"og:image:height\" content=\"768\" \/>\n\t<meta property=\"og:image:type\" content=\"image\/jpeg\" \/>\n<meta name=\"twitter:card\" content=\"summary_large_image\" \/>\n<script type=\"application\/ld+json\" class=\"yoast-schema-graph\">{\"@context\":\"https:\/\/schema.org\",\"@graph\":[{\"@type\":\"WebPage\",\"@id\":\"https:\/\/hobstop.ee\/lv\/produkts\/skicu-zimulis-conte-a-paris-white\/\",\"url\":\"https:\/\/hobstop.ee\/lv\/produkts\/skicu-zimulis-conte-a-paris-white\/\",\"name\":\"Ski\u010du z\u012bmulis Conte a Paris White &#8211; Skizze\",\"isPartOf\":{\"@id\":\"https:\/\/hobstop.ee\/lv\/#website\"},\"primaryImageOfPage\":{\"@id\":\"https:\/\/hobstop.ee\/lv\/produkts\/skicu-zimulis-conte-a-paris-white\/#primaryimage\"},\"image\":{\"@id\":\"https:\/\/hobstop.ee\/lv\/produkts\/skicu-zimulis-conte-a-paris-white\/#primaryimage\"},\"thumbnailUrl\":\"https:\/\/hobstop.ee\/media\/171.jpg\",\"datePublished\":\"2015-09-09T12:16:50+00:00\",\"dateModified\":\"2015-09-09T12:16:50+00:00\",\"breadcrumb\":{\"@id\":\"https:\/\/hobstop.ee\/lv\/produkts\/skicu-zimulis-conte-a-paris-white\/#breadcrumb\"},\"inLanguage\":\"lv-LV\",\"potentialAction\":[{\"@type\":\"ReadAction\",\"target\":[\"https:\/\/hobstop.ee\/lv\/produkts\/skicu-zimulis-conte-a-paris-white\/\"]}]},{\"@type\":\"ImageObject\",\"inLanguage\":\"lv-LV\",\"@id\":\"https:\/\/hobstop.ee\/lv\/produkts\/skicu-zimulis-conte-a-paris-white\/#primaryimage\",\"url\":\"https:\/\/hobstop.ee\/media\/171.jpg\",\"contentUrl\":\"https:\/\/hobstop.ee\/media\/171.jpg\",\"width\":1024,\"height\":768},{\"@type\":\"BreadcrumbList\",\"@id\":\"https:\/\/hobstop.ee\/lv\/produkts\/skicu-zimulis-conte-a-paris-white\/#breadcrumb\",\"itemListElement\":[{\"@type\":\"ListItem\",\"position\":1,\"name\":\"Avaleht\",\"item\":\"https:\/\/hobstop.ee\/lv\/\"},{\"@type\":\"ListItem\",\"position\":2,\"name\":\"Veikals\",\"item\":\"https:\/\/hobstop.ee\/lv\/veikals\/\"},{\"@type\":\"ListItem\",\"position\":3,\"name\":\"Ski\u010du z\u012bmulis Conte a Paris White\"}]},{\"@type\":\"WebSite\",\"@id\":\"https:\/\/hobstop.ee\/lv\/#website\",\"url\":\"https:\/\/hobstop.ee\/lv\/\",\"name\":\"Skizze\",\"description\":\"M\u0101kslas, hobiju un skolas preces\",\"publisher\":{\"@id\":\"https:\/\/hobstop.ee\/lv\/#organization\"},\"potentialAction\":[{\"@type\":\"SearchAction\",\"target\":{\"@type\":\"EntryPoint\",\"urlTemplate\":\"https:\/\/hobstop.ee\/lv\/?s={search_term_string}\"},\"query-input\":{\"@type\":\"PropertyValueSpecification\",\"valueRequired\":true,\"valueName\":\"search_term_string\"}}],\"inLanguage\":\"lv-LV\"},{\"@type\":\"Organization\",\"@id\":\"https:\/\/hobstop.ee\/lv\/#organization\",\"name\":\"Vunder AS\",\"url\":\"https:\/\/hobstop.ee\/lv\/\",\"logo\":{\"@type\":\"ImageObject\",\"inLanguage\":\"lv-LV\",\"@id\":\"https:\/\/hobstop.ee\/lv\/#\/schema\/logo\/image\/\",\"url\":\"https:\/\/hobstop.ee\/media\/vunder-logo.png\",\"contentUrl\":\"https:\/\/hobstop.ee\/media\/vunder-logo.png\",\"width\":127,\"height\":55,\"caption\":\"Vunder AS\"},\"image\":{\"@id\":\"https:\/\/hobstop.ee\/lv\/#\/schema\/logo\/image\/\"},\"sameAs\":[\"http:\/\/www.facebook.com\/VunderSkizze\"]}]}<\/script>\n<!-- \/ Yoast SEO plugin. -->","yoast_head_json":{"title":"Ski\u010du z\u012bmulis Conte a Paris White &#8211; Skizze","robots":{"index":"noindex","follow":"follow","max-snippet":"max-snippet:-1","max-image-preview":"max-image-preview:large","max-video-preview":"max-video-preview:-1"},"og_locale":"lv_LV","og_type":"article","og_title":"Ski\u010du z\u012bmulis Conte a Paris White &#8211; Skizze","og_description":"Conte a Paris White baltais ski\u010du z\u012bmulis tiek galvenok\u0101rt izmantots maksim\u0101li asin\u0101ts, veidojot skaidras un caursp\u012bd\u012bgas l\u012bnijas. Tas ir neat\u0146emams papildin\u0101jums visiem citiem z\u012bmu\u013ciem un t\u0101 galven\u0101 funkcija ir izcelt apjomu utt. Ta\u010du uz kr\u0101sainiem pap\u012briem, piem\u0113ram melna, to var izmantot vienu pa\u0161u. Ieteicams izmantot visa veida objektu kontrastu veido\u0161anai, maig\u0101ku l\u012bniju rad\u012b\u0161anai un izcel\u0161anai.","og_url":"https:\/\/hobstop.ee\/lv\/produkts\/skicu-zimulis-conte-a-paris-white\/","og_site_name":"Skizze","article_publisher":"http:\/\/www.facebook.com\/VunderSkizze","og_image":[{"width":1024,"height":768,"url":"https:\/\/hobstop.ee\/media\/171.jpg","type":"image\/jpeg"}],"twitter_card":"summary_large_image","schema":{"@context":"https:\/\/schema.org","@graph":[{"@type":"WebPage","@id":"https:\/\/hobstop.ee\/lv\/produkts\/skicu-zimulis-conte-a-paris-white\/","url":"https:\/\/hobstop.ee\/lv\/produkts\/skicu-zimulis-conte-a-paris-white\/","name":"Ski\u010du z\u012bmulis Conte a Paris White &#8211; Skizze","isPartOf":{"@id":"https:\/\/hobstop.ee\/lv\/#website"},"primaryImageOfPage":{"@id":"https:\/\/hobstop.ee\/lv\/produkts\/skicu-zimulis-conte-a-paris-white\/#primaryimage"},"image":{"@id":"https:\/\/hobstop.ee\/lv\/produkts\/skicu-zimulis-conte-a-paris-white\/#primaryimage"},"thumbnailUrl":"https:\/\/hobstop.ee\/media\/171.jpg","datePublished":"2015-09-09T12:16:50+00:00","dateModified":"2015-09-09T12:16:50+00:00","breadcrumb":{"@id":"https:\/\/hobstop.ee\/lv\/produkts\/skicu-zimulis-conte-a-paris-white\/#breadcrumb"},"inLanguage":"lv-LV","potentialAction":[{"@type":"ReadAction","target":["https:\/\/hobstop.ee\/lv\/produkts\/skicu-zimulis-conte-a-paris-white\/"]}]},{"@type":"ImageObject","inLanguage":"lv-LV","@id":"https:\/\/hobstop.ee\/lv\/produkts\/skicu-zimulis-conte-a-paris-white\/#primaryimage","url":"https:\/\/hobstop.ee\/media\/171.jpg","contentUrl":"https:\/\/hobstop.ee\/media\/171.jpg","width":1024,"height":768},{"@type":"BreadcrumbList","@id":"https:\/\/hobstop.ee\/lv\/produkts\/skicu-zimulis-conte-a-paris-white\/#breadcrumb","itemListElement":[{"@type":"ListItem","position":1,"name":"Avaleht","item":"https:\/\/hobstop.ee\/lv\/"},{"@type":"ListItem","position":2,"name":"Veikals","item":"https:\/\/hobstop.ee\/lv\/veikals\/"},{"@type":"ListItem","position":3,"name":"Ski\u010du z\u012bmulis Conte a Paris White"}]},{"@type":"WebSite","@id":"https:\/\/hobstop.ee\/lv\/#website","url":"https:\/\/hobstop.ee\/lv\/","name":"Skizze","description":"M\u0101kslas, hobiju un skolas preces","publisher":{"@id":"https:\/\/hobstop.ee\/lv\/#organization"},"potentialAction":[{"@type":"SearchAction","target":{"@type":"EntryPoint","urlTemplate":"https:\/\/hobstop.ee\/lv\/?s={search_term_string}"},"query-input":{"@type":"PropertyValueSpecification","valueRequired":true,"valueName":"search_term_string"}}],"inLanguage":"lv-LV"},{"@type":"Organization","@id":"https:\/\/hobstop.ee\/lv\/#organization","name":"Vunder AS","url":"https:\/\/hobstop.ee\/lv\/","logo":{"@type":"ImageObject","inLanguage":"lv-LV","@id":"https:\/\/hobstop.ee\/lv\/#\/schema\/logo\/image\/","url":"https:\/\/hobstop.ee\/media\/vunder-logo.png","contentUrl":"https:\/\/hobstop.ee\/media\/vunder-logo.png","width":127,"height":55,"caption":"Vunder AS"},"image":{"@id":"https:\/\/hobstop.ee\/lv\/#\/schema\/logo\/image\/"},"sameAs":["http:\/\/www.facebook.com\/VunderSkizze"]}]}},"_links":{"self":[{"href":"https:\/\/hobstop.ee\/lv\/wp-json\/wp\/v2\/product\/213004","targetHints":{"allow":["GET"]}}],"collection":[{"href":"https:\/\/hobstop.ee\/lv\/wp-json\/wp\/v2\/product"}],"about":[{"href":"https:\/\/hobstop.ee\/lv\/wp-json\/wp\/v2\/types\/product"}],"replies":[{"embeddable":true,"href":"https:\/\/hobstop.ee\/lv\/wp-json\/wp\/v2\/comments?post=213004"}],"wp:featuredmedia":[{"embeddable":true,"href":"https:\/\/hobstop.ee\/lv\/wp-json\/wp\/v2\/media\/221515"}],"wp:attachment":[{"href":"https:\/\/hobstop.ee\/lv\/wp-json\/wp\/v2\/media?parent=213004"}],"wp:term":[{"taxonomy":"product_cat","embeddable":true,"href":"https:\/\/hobstop.ee\/lv\/wp-json\/wp\/v2\/product_cat?post=213004"},{"taxonomy":"product_tag","embeddable":true,"href":"https:\/\/hobstop.ee\/lv\/wp-json\/wp\/v2\/product_tag?post=213004"}],"curies":[{"name":"wp","href":"https:\/\/api.w.org\/{rel}","templated":true}]}}