{"id":213047,"date":"2015-06-01T15:17:43","date_gmt":"2015-09-09T12:17:43","guid":{"rendered":"http:\/\/vunder-ee.sn25.zone.eu\/lv\/product\/guasa-krasa-lb-education-redimix-1l\/"},"modified":"2015-09-09T15:17:43","modified_gmt":"2015-09-09T12:17:43","slug":"guasa-krasa-lb-enfants-redimix-1l","status":"publish","type":"product","link":"https:\/\/hobstop.ee\/lv\/produkts\/guasa-krasa-lb-enfants-redimix-1l\/","title":{"rendered":"Gua\u0161a kr\u0101sa LB Enfants Redimix 1l"},"content":{"rendered":"<p>Lefranc Bourgeois Redimix ir koncentr\u0113ta \u0161\u0137idr\u0101 gua\u0161a, kas ir ide\u0101li piem\u0113rota lieto\u0161anai m\u0101j\u0101s vai m\u0101kslas skol\u0101: t\u0101 ir gatava lieto\u0161anai un tai ir rakstur\u012bgas lieliskas kl\u0101\u0161an\u0101s \u012bpa\u0161\u012bbas. Kr\u0101sas var br\u012bvi jaukt kop\u0101 un kr\u0101sot uz da\u017e\u0101da veida virsm\u0101m, piem\u0113ram, pap\u012bra, kartona, koka, \u0123ip\u0161a u.c. \u0160o temperu var nomazg\u0101t no \u0101das un dr\u0113b\u0113m ar remdenu \u016bdeni, t\u0101d\u0113j\u0101di \u013caujot b\u0113rniem piln\u012bb\u0101 atkl\u0101t savu rado\u0161o pasauli.<\/p>\n","protected":false},"excerpt":{"rendered":"<p>Lefranc Bourgeois Redimix ir koncentr\u0113ta \u0161\u0137idr\u0101 gua\u0161a, kas ir ide\u0101li piem\u0113rota lieto\u0161anai m\u0101j\u0101s vai m\u0101kslas skol\u0101: t\u0101 ir gatava lieto\u0161anai un tai ir rakstur\u012bgas lieliskas kl\u0101\u0161an\u0101s \u012bpa\u0161\u012bbas. Kr\u0101sas var br\u012bvi jaukt kop\u0101 un kr\u0101sot uz da\u017e\u0101da veida virsm\u0101m, piem\u0113ram, pap\u012bra, kartona, koka, \u0123ip\u0161a u.c. \u0160o temperu var nomazg\u0101t no \u0101das un dr\u0113b\u0113m ar remdenu \u016bdeni, t\u0101d\u0113j\u0101di \u013caujot b\u0113rniem piln\u012bb\u0101 atkl\u0101t savu rado\u0161o pasauli.<\/p>\n","protected":false},"featured_media":352855,"comment_status":"closed","ping_status":"closed","template":"","meta":{"_acf_changed":false,"ep_exclude_from_search":false},"product_cat":[18925,18958,17916],"product_tag":[],"class_list":{"0":"post-213047","1":"product","2":"type-product","3":"status-publish","4":"has-post-thumbnail","6":"product_cat-gleznosanas-piederumi","7":"product_cat-guasa-krasas-2","8":"product_cat-preces-skolai","10":"first","11":"instock","12":"taxable","13":"shipping-taxable","14":"purchasable","15":"product-type-variable"},"acf":[],"yoast_head":"<!-- This site is optimized with the Yoast SEO plugin v24.1 - https:\/\/yoast.com\/wordpress\/plugins\/seo\/ -->\n<title>Gua\u0161a kr\u0101sa LB Enfants Redimix 1l &#8211; Skizze<\/title>\n<meta name=\"robots\" content=\"noindex, follow, max-snippet:-1, max-image-preview:large, max-video-preview:-1\" \/>\n<meta property=\"og:locale\" content=\"lv_LV\" \/>\n<meta property=\"og:type\" content=\"article\" \/>\n<meta property=\"og:title\" content=\"Gua\u0161a kr\u0101sa LB Enfants Redimix 1l &#8211; Skizze\" \/>\n<meta property=\"og:description\" content=\"Lefranc Bourgeois Redimix ir koncentr\u0113ta \u0161\u0137idr\u0101 gua\u0161a, kas ir ide\u0101li piem\u0113rota lieto\u0161anai m\u0101j\u0101s vai m\u0101kslas skol\u0101: t\u0101 ir gatava lieto\u0161anai un tai ir rakstur\u012bgas lieliskas kl\u0101\u0161an\u0101s \u012bpa\u0161\u012bbas. Kr\u0101sas var br\u012bvi jaukt kop\u0101 un kr\u0101sot uz da\u017e\u0101da veida virsm\u0101m, piem\u0113ram, pap\u012bra, kartona, koka, \u0123ip\u0161a u.c. \u0160o temperu var nomazg\u0101t no \u0101das un dr\u0113b\u0113m ar remdenu \u016bdeni, t\u0101d\u0113j\u0101di \u013caujot b\u0113rniem piln\u012bb\u0101 atkl\u0101t savu rado\u0161o pasauli.\" \/>\n<meta property=\"og:url\" content=\"https:\/\/hobstop.ee\/lv\/produkts\/guasa-krasa-lb-enfants-redimix-1l\/\" \/>\n<meta property=\"og:site_name\" content=\"Skizze\" \/>\n<meta property=\"article:publisher\" content=\"http:\/\/www.facebook.com\/VunderSkizze\" \/>\n<meta property=\"og:image\" content=\"https:\/\/www.hobstop.ee\/media\/245.jpg\" \/>\n\t<meta property=\"og:image:width\" content=\"1024\" \/>\n\t<meta property=\"og:image:height\" content=\"768\" \/>\n\t<meta property=\"og:image:type\" content=\"image\/jpeg\" \/>\n<meta name=\"twitter:card\" content=\"summary_large_image\" \/>\n<script type=\"application\/ld+json\" class=\"yoast-schema-graph\">{\"@context\":\"https:\/\/schema.org\",\"@graph\":[{\"@type\":\"WebPage\",\"@id\":\"https:\/\/hobstop.ee\/lv\/produkts\/guasa-krasa-lb-enfants-redimix-1l\/\",\"url\":\"https:\/\/hobstop.ee\/lv\/produkts\/guasa-krasa-lb-enfants-redimix-1l\/\",\"name\":\"Gua\u0161a kr\u0101sa LB Enfants Redimix 1l &#8211; Skizze\",\"isPartOf\":{\"@id\":\"https:\/\/hobstop.ee\/lv\/#website\"},\"primaryImageOfPage\":{\"@id\":\"https:\/\/hobstop.ee\/lv\/produkts\/guasa-krasa-lb-enfants-redimix-1l\/#primaryimage\"},\"image\":{\"@id\":\"https:\/\/hobstop.ee\/lv\/produkts\/guasa-krasa-lb-enfants-redimix-1l\/#primaryimage\"},\"thumbnailUrl\":\"https:\/\/hobstop.ee\/media\/245.jpg\",\"datePublished\":\"2015-09-09T12:17:43+00:00\",\"dateModified\":\"2015-09-09T12:17:43+00:00\",\"breadcrumb\":{\"@id\":\"https:\/\/hobstop.ee\/lv\/produkts\/guasa-krasa-lb-enfants-redimix-1l\/#breadcrumb\"},\"inLanguage\":\"lv-LV\",\"potentialAction\":[{\"@type\":\"ReadAction\",\"target\":[\"https:\/\/hobstop.ee\/lv\/produkts\/guasa-krasa-lb-enfants-redimix-1l\/\"]}]},{\"@type\":\"ImageObject\",\"inLanguage\":\"lv-LV\",\"@id\":\"https:\/\/hobstop.ee\/lv\/produkts\/guasa-krasa-lb-enfants-redimix-1l\/#primaryimage\",\"url\":\"https:\/\/hobstop.ee\/media\/245.jpg\",\"contentUrl\":\"https:\/\/hobstop.ee\/media\/245.jpg\",\"width\":1024,\"height\":768},{\"@type\":\"BreadcrumbList\",\"@id\":\"https:\/\/hobstop.ee\/lv\/produkts\/guasa-krasa-lb-enfants-redimix-1l\/#breadcrumb\",\"itemListElement\":[{\"@type\":\"ListItem\",\"position\":1,\"name\":\"Avaleht\",\"item\":\"https:\/\/www.hobstop.ee\/lv\/\"},{\"@type\":\"ListItem\",\"position\":2,\"name\":\"Veikals\",\"item\":\"https:\/\/www.hobstop.ee\/lv\/veikals\/\"},{\"@type\":\"ListItem\",\"position\":3,\"name\":\"Gua\u0161a kr\u0101sa LB Enfants Redimix 1l\"}]},{\"@type\":\"WebSite\",\"@id\":\"https:\/\/hobstop.ee\/lv\/#website\",\"url\":\"https:\/\/hobstop.ee\/lv\/\",\"name\":\"Skizze\",\"description\":\"M\u0101kslas, hobiju un skolas preces\",\"publisher\":{\"@id\":\"https:\/\/hobstop.ee\/lv\/#organization\"},\"potentialAction\":[{\"@type\":\"SearchAction\",\"target\":{\"@type\":\"EntryPoint\",\"urlTemplate\":\"https:\/\/hobstop.ee\/lv\/?s={search_term_string}\"},\"query-input\":{\"@type\":\"PropertyValueSpecification\",\"valueRequired\":true,\"valueName\":\"search_term_string\"}}],\"inLanguage\":\"lv-LV\"},{\"@type\":\"Organization\",\"@id\":\"https:\/\/hobstop.ee\/lv\/#organization\",\"name\":\"Vunder AS\",\"url\":\"https:\/\/hobstop.ee\/lv\/\",\"logo\":{\"@type\":\"ImageObject\",\"inLanguage\":\"lv-LV\",\"@id\":\"https:\/\/hobstop.ee\/lv\/#\/schema\/logo\/image\/\",\"url\":\"https:\/\/hobstop.ee\/media\/vunder-logo.png\",\"contentUrl\":\"https:\/\/hobstop.ee\/media\/vunder-logo.png\",\"width\":127,\"height\":55,\"caption\":\"Vunder AS\"},\"image\":{\"@id\":\"https:\/\/hobstop.ee\/lv\/#\/schema\/logo\/image\/\"},\"sameAs\":[\"http:\/\/www.facebook.com\/VunderSkizze\"]}]}<\/script>\n<!-- \/ Yoast SEO plugin. -->","yoast_head_json":{"title":"Gua\u0161a kr\u0101sa LB Enfants Redimix 1l &#8211; Skizze","robots":{"index":"noindex","follow":"follow","max-snippet":"max-snippet:-1","max-image-preview":"max-image-preview:large","max-video-preview":"max-video-preview:-1"},"og_locale":"lv_LV","og_type":"article","og_title":"Gua\u0161a kr\u0101sa LB Enfants Redimix 1l &#8211; Skizze","og_description":"Lefranc Bourgeois Redimix ir koncentr\u0113ta \u0161\u0137idr\u0101 gua\u0161a, kas ir ide\u0101li piem\u0113rota lieto\u0161anai m\u0101j\u0101s vai m\u0101kslas skol\u0101: t\u0101 ir gatava lieto\u0161anai un tai ir rakstur\u012bgas lieliskas kl\u0101\u0161an\u0101s \u012bpa\u0161\u012bbas. Kr\u0101sas var br\u012bvi jaukt kop\u0101 un kr\u0101sot uz da\u017e\u0101da veida virsm\u0101m, piem\u0113ram, pap\u012bra, kartona, koka, \u0123ip\u0161a u.c. \u0160o temperu var nomazg\u0101t no \u0101das un dr\u0113b\u0113m ar remdenu \u016bdeni, t\u0101d\u0113j\u0101di \u013caujot b\u0113rniem piln\u012bb\u0101 atkl\u0101t savu rado\u0161o pasauli.","og_url":"https:\/\/hobstop.ee\/lv\/produkts\/guasa-krasa-lb-enfants-redimix-1l\/","og_site_name":"Skizze","article_publisher":"http:\/\/www.facebook.com\/VunderSkizze","og_image":[{"width":1024,"height":768,"url":"https:\/\/www.hobstop.ee\/media\/245.jpg","type":"image\/jpeg"}],"twitter_card":"summary_large_image","schema":{"@context":"https:\/\/schema.org","@graph":[{"@type":"WebPage","@id":"https:\/\/hobstop.ee\/lv\/produkts\/guasa-krasa-lb-enfants-redimix-1l\/","url":"https:\/\/hobstop.ee\/lv\/produkts\/guasa-krasa-lb-enfants-redimix-1l\/","name":"Gua\u0161a kr\u0101sa LB Enfants Redimix 1l &#8211; Skizze","isPartOf":{"@id":"https:\/\/hobstop.ee\/lv\/#website"},"primaryImageOfPage":{"@id":"https:\/\/hobstop.ee\/lv\/produkts\/guasa-krasa-lb-enfants-redimix-1l\/#primaryimage"},"image":{"@id":"https:\/\/hobstop.ee\/lv\/produkts\/guasa-krasa-lb-enfants-redimix-1l\/#primaryimage"},"thumbnailUrl":"https:\/\/hobstop.ee\/media\/245.jpg","datePublished":"2015-09-09T12:17:43+00:00","dateModified":"2015-09-09T12:17:43+00:00","breadcrumb":{"@id":"https:\/\/hobstop.ee\/lv\/produkts\/guasa-krasa-lb-enfants-redimix-1l\/#breadcrumb"},"inLanguage":"lv-LV","potentialAction":[{"@type":"ReadAction","target":["https:\/\/hobstop.ee\/lv\/produkts\/guasa-krasa-lb-enfants-redimix-1l\/"]}]},{"@type":"ImageObject","inLanguage":"lv-LV","@id":"https:\/\/hobstop.ee\/lv\/produkts\/guasa-krasa-lb-enfants-redimix-1l\/#primaryimage","url":"https:\/\/hobstop.ee\/media\/245.jpg","contentUrl":"https:\/\/hobstop.ee\/media\/245.jpg","width":1024,"height":768},{"@type":"BreadcrumbList","@id":"https:\/\/hobstop.ee\/lv\/produkts\/guasa-krasa-lb-enfants-redimix-1l\/#breadcrumb","itemListElement":[{"@type":"ListItem","position":1,"name":"Avaleht","item":"https:\/\/www.hobstop.ee\/lv\/"},{"@type":"ListItem","position":2,"name":"Veikals","item":"https:\/\/www.hobstop.ee\/lv\/veikals\/"},{"@type":"ListItem","position":3,"name":"Gua\u0161a kr\u0101sa LB Enfants Redimix 1l"}]},{"@type":"WebSite","@id":"https:\/\/hobstop.ee\/lv\/#website","url":"https:\/\/hobstop.ee\/lv\/","name":"Skizze","description":"M\u0101kslas, hobiju un skolas preces","publisher":{"@id":"https:\/\/hobstop.ee\/lv\/#organization"},"potentialAction":[{"@type":"SearchAction","target":{"@type":"EntryPoint","urlTemplate":"https:\/\/hobstop.ee\/lv\/?s={search_term_string}"},"query-input":{"@type":"PropertyValueSpecification","valueRequired":true,"valueName":"search_term_string"}}],"inLanguage":"lv-LV"},{"@type":"Organization","@id":"https:\/\/hobstop.ee\/lv\/#organization","name":"Vunder AS","url":"https:\/\/hobstop.ee\/lv\/","logo":{"@type":"ImageObject","inLanguage":"lv-LV","@id":"https:\/\/hobstop.ee\/lv\/#\/schema\/logo\/image\/","url":"https:\/\/hobstop.ee\/media\/vunder-logo.png","contentUrl":"https:\/\/hobstop.ee\/media\/vunder-logo.png","width":127,"height":55,"caption":"Vunder AS"},"image":{"@id":"https:\/\/hobstop.ee\/lv\/#\/schema\/logo\/image\/"},"sameAs":["http:\/\/www.facebook.com\/VunderSkizze"]}]}},"_links":{"self":[{"href":"https:\/\/hobstop.ee\/lv\/wp-json\/wp\/v2\/product\/213047","targetHints":{"allow":["GET"]}}],"collection":[{"href":"https:\/\/hobstop.ee\/lv\/wp-json\/wp\/v2\/product"}],"about":[{"href":"https:\/\/hobstop.ee\/lv\/wp-json\/wp\/v2\/types\/product"}],"replies":[{"embeddable":true,"href":"https:\/\/hobstop.ee\/lv\/wp-json\/wp\/v2\/comments?post=213047"}],"wp:featuredmedia":[{"embeddable":true,"href":"https:\/\/hobstop.ee\/lv\/wp-json\/wp\/v2\/media\/352855"}],"wp:attachment":[{"href":"https:\/\/hobstop.ee\/lv\/wp-json\/wp\/v2\/media?parent=213047"}],"wp:term":[{"taxonomy":"product_cat","embeddable":true,"href":"https:\/\/hobstop.ee\/lv\/wp-json\/wp\/v2\/product_cat?post=213047"},{"taxonomy":"product_tag","embeddable":true,"href":"https:\/\/hobstop.ee\/lv\/wp-json\/wp\/v2\/product_tag?post=213047"}],"curies":[{"name":"wp","href":"https:\/\/api.w.org\/{rel}","templated":true}]}}