{"id":213167,"date":"2015-06-01T15:19:02","date_gmt":"2015-09-09T12:19:02","guid":{"rendered":"http:\/\/vunder-ee.sn25.zone.eu\/lv\/product\/stikla-krasa-glasstile-glitter-50ml-2\/"},"modified":"2015-09-09T15:19:02","modified_gmt":"2015-09-09T12:19:02","slug":"stikla-krasa-glasstile-glitter-50ml","status":"publish","type":"product","link":"https:\/\/hobstop.ee\/lv\/produkts\/stikla-krasa-glasstile-glitter-50ml\/","title":{"rendered":"Stikla kr\u0101sa Glass&#038;Tile Glitter 50ml"},"content":{"rendered":"<p>Kr\u0101sas stiklam un fl\u012bz\u0113m labi kl\u0101jas un ir notur\u012bgas uz stikla, fl\u012bz\u0113m, porcel\u0101na, keramikas vai jebkuras citas gludas virsmas.<br \/>\nKr\u0101sas stiklam un fl\u012bz\u0113m interjera dekor\u0113\u0161anai (piem\u0113ram, logiem, fl\u012bz\u0113m u.c.) ir notur\u012bgas pat bez apdedzin\u0101\u0161anas. Ikdienas priek\u0161metus (piem\u0113ram, porcel\u0101na kr\u016bz\u012btes, gl\u0101zes, v\u0101zes u.c.) p\u0113c apdedzin\u0101\u0161anas var mazg\u0101t trauku mazg\u0101jam\u0101 ma\u0161\u012bn\u0101.<\/p>\n","protected":false},"excerpt":{"rendered":"<p>Kr\u0101sas stiklam un fl\u012bz\u0113m labi kl\u0101jas un ir notur\u012bgas uz stikla, fl\u012bz\u0113m, porcel\u0101na, keramikas vai jebkuras citas gludas virsmas. Kr\u0101sas stiklam un fl\u012bz\u0113m interjera dekor\u0113\u0161anai (piem\u0113ram, logiem, fl\u012bz\u0113m u.c.) ir notur\u012bgas pat bez apdedzin\u0101\u0161anas. Ikdienas priek\u0161metus (piem\u0113ram, porcel\u0101na kr\u016bz\u012btes, gl\u0101zes, v\u0101zes u.c.) p\u0113c apdedzin\u0101\u0161anas var mazg\u0101t trauku mazg\u0101jam\u0101 ma\u0161\u012bn\u0101.<\/p>\n","protected":false},"featured_media":0,"comment_status":"closed","ping_status":"closed","template":"","meta":{"_acf_changed":false,"ep_exclude_from_search":false},"product_cat":[16198,18236,17918],"product_tag":[],"class_list":{"0":"post-213167","1":"product","2":"type-product","3":"status-publish","5":"product_cat-krasas-stiklam","6":"product_cat-krasas-uz-udens-bazes-2","7":"product_cat-preces-hobijiem","9":"first","10":"instock","11":"sale","12":"taxable","13":"shipping-taxable","14":"purchasable","15":"product-type-variable"},"acf":[],"yoast_head":"<!-- This site is optimized with the Yoast SEO plugin v24.1 - https:\/\/yoast.com\/wordpress\/plugins\/seo\/ -->\n<title>Stikla kr\u0101sa Glass&amp;Tile Glitter 50ml &#8211; Skizze<\/title>\n<meta name=\"robots\" content=\"noindex, follow, max-snippet:-1, max-image-preview:large, max-video-preview:-1\" \/>\n<meta property=\"og:locale\" content=\"lv_LV\" \/>\n<meta property=\"og:type\" content=\"article\" \/>\n<meta property=\"og:title\" content=\"Stikla kr\u0101sa Glass&amp;Tile Glitter 50ml &#8211; Skizze\" \/>\n<meta property=\"og:description\" content=\"Kr\u0101sas stiklam un fl\u012bz\u0113m labi kl\u0101jas un ir notur\u012bgas uz stikla, fl\u012bz\u0113m, porcel\u0101na, keramikas vai jebkuras citas gludas virsmas. Kr\u0101sas stiklam un fl\u012bz\u0113m interjera dekor\u0113\u0161anai (piem\u0113ram, logiem, fl\u012bz\u0113m u.c.) ir notur\u012bgas pat bez apdedzin\u0101\u0161anas. Ikdienas priek\u0161metus (piem\u0113ram, porcel\u0101na kr\u016bz\u012btes, gl\u0101zes, v\u0101zes u.c.) p\u0113c apdedzin\u0101\u0161anas var mazg\u0101t trauku mazg\u0101jam\u0101 ma\u0161\u012bn\u0101.\" \/>\n<meta property=\"og:url\" content=\"https:\/\/hobstop.ee\/lv\/produkts\/stikla-krasa-glasstile-glitter-50ml\/\" \/>\n<meta property=\"og:site_name\" content=\"Skizze\" \/>\n<meta property=\"article:publisher\" content=\"http:\/\/www.facebook.com\/VunderSkizze\" \/>\n<meta name=\"twitter:card\" content=\"summary_large_image\" \/>\n<script type=\"application\/ld+json\" class=\"yoast-schema-graph\">{\"@context\":\"https:\/\/schema.org\",\"@graph\":[{\"@type\":\"WebPage\",\"@id\":\"https:\/\/hobstop.ee\/lv\/produkts\/stikla-krasa-glasstile-glitter-50ml\/\",\"url\":\"https:\/\/hobstop.ee\/lv\/produkts\/stikla-krasa-glasstile-glitter-50ml\/\",\"name\":\"Stikla kr\u0101sa Glass&Tile Glitter 50ml &#8211; Skizze\",\"isPartOf\":{\"@id\":\"https:\/\/hobstop.ee\/lv\/#website\"},\"datePublished\":\"2015-09-09T12:19:02+00:00\",\"dateModified\":\"2015-09-09T12:19:02+00:00\",\"breadcrumb\":{\"@id\":\"https:\/\/hobstop.ee\/lv\/produkts\/stikla-krasa-glasstile-glitter-50ml\/#breadcrumb\"},\"inLanguage\":\"lv-LV\",\"potentialAction\":[{\"@type\":\"ReadAction\",\"target\":[\"https:\/\/hobstop.ee\/lv\/produkts\/stikla-krasa-glasstile-glitter-50ml\/\"]}]},{\"@type\":\"BreadcrumbList\",\"@id\":\"https:\/\/hobstop.ee\/lv\/produkts\/stikla-krasa-glasstile-glitter-50ml\/#breadcrumb\",\"itemListElement\":[{\"@type\":\"ListItem\",\"position\":1,\"name\":\"Avaleht\",\"item\":\"https:\/\/www.hobstop.ee\/lv\/\"},{\"@type\":\"ListItem\",\"position\":2,\"name\":\"Veikals\",\"item\":\"https:\/\/www.hobstop.ee\/lv\/veikals\/\"},{\"@type\":\"ListItem\",\"position\":3,\"name\":\"Stikla kr\u0101sa Glass&#038;Tile Glitter 50ml\"}]},{\"@type\":\"WebSite\",\"@id\":\"https:\/\/hobstop.ee\/lv\/#website\",\"url\":\"https:\/\/hobstop.ee\/lv\/\",\"name\":\"Skizze\",\"description\":\"M\u0101kslas, hobiju un skolas preces\",\"publisher\":{\"@id\":\"https:\/\/hobstop.ee\/lv\/#organization\"},\"potentialAction\":[{\"@type\":\"SearchAction\",\"target\":{\"@type\":\"EntryPoint\",\"urlTemplate\":\"https:\/\/hobstop.ee\/lv\/?s={search_term_string}\"},\"query-input\":{\"@type\":\"PropertyValueSpecification\",\"valueRequired\":true,\"valueName\":\"search_term_string\"}}],\"inLanguage\":\"lv-LV\"},{\"@type\":\"Organization\",\"@id\":\"https:\/\/hobstop.ee\/lv\/#organization\",\"name\":\"Vunder AS\",\"url\":\"https:\/\/hobstop.ee\/lv\/\",\"logo\":{\"@type\":\"ImageObject\",\"inLanguage\":\"lv-LV\",\"@id\":\"https:\/\/hobstop.ee\/lv\/#\/schema\/logo\/image\/\",\"url\":\"https:\/\/hobstop.ee\/media\/vunder-logo.png\",\"contentUrl\":\"https:\/\/hobstop.ee\/media\/vunder-logo.png\",\"width\":127,\"height\":55,\"caption\":\"Vunder AS\"},\"image\":{\"@id\":\"https:\/\/hobstop.ee\/lv\/#\/schema\/logo\/image\/\"},\"sameAs\":[\"http:\/\/www.facebook.com\/VunderSkizze\"]}]}<\/script>\n<!-- \/ Yoast SEO plugin. -->","yoast_head_json":{"title":"Stikla kr\u0101sa Glass&Tile Glitter 50ml &#8211; Skizze","robots":{"index":"noindex","follow":"follow","max-snippet":"max-snippet:-1","max-image-preview":"max-image-preview:large","max-video-preview":"max-video-preview:-1"},"og_locale":"lv_LV","og_type":"article","og_title":"Stikla kr\u0101sa Glass&Tile Glitter 50ml &#8211; Skizze","og_description":"Kr\u0101sas stiklam un fl\u012bz\u0113m labi kl\u0101jas un ir notur\u012bgas uz stikla, fl\u012bz\u0113m, porcel\u0101na, keramikas vai jebkuras citas gludas virsmas. Kr\u0101sas stiklam un fl\u012bz\u0113m interjera dekor\u0113\u0161anai (piem\u0113ram, logiem, fl\u012bz\u0113m u.c.) ir notur\u012bgas pat bez apdedzin\u0101\u0161anas. Ikdienas priek\u0161metus (piem\u0113ram, porcel\u0101na kr\u016bz\u012btes, gl\u0101zes, v\u0101zes u.c.) p\u0113c apdedzin\u0101\u0161anas var mazg\u0101t trauku mazg\u0101jam\u0101 ma\u0161\u012bn\u0101.","og_url":"https:\/\/hobstop.ee\/lv\/produkts\/stikla-krasa-glasstile-glitter-50ml\/","og_site_name":"Skizze","article_publisher":"http:\/\/www.facebook.com\/VunderSkizze","twitter_card":"summary_large_image","schema":{"@context":"https:\/\/schema.org","@graph":[{"@type":"WebPage","@id":"https:\/\/hobstop.ee\/lv\/produkts\/stikla-krasa-glasstile-glitter-50ml\/","url":"https:\/\/hobstop.ee\/lv\/produkts\/stikla-krasa-glasstile-glitter-50ml\/","name":"Stikla kr\u0101sa Glass&Tile Glitter 50ml &#8211; Skizze","isPartOf":{"@id":"https:\/\/hobstop.ee\/lv\/#website"},"datePublished":"2015-09-09T12:19:02+00:00","dateModified":"2015-09-09T12:19:02+00:00","breadcrumb":{"@id":"https:\/\/hobstop.ee\/lv\/produkts\/stikla-krasa-glasstile-glitter-50ml\/#breadcrumb"},"inLanguage":"lv-LV","potentialAction":[{"@type":"ReadAction","target":["https:\/\/hobstop.ee\/lv\/produkts\/stikla-krasa-glasstile-glitter-50ml\/"]}]},{"@type":"BreadcrumbList","@id":"https:\/\/hobstop.ee\/lv\/produkts\/stikla-krasa-glasstile-glitter-50ml\/#breadcrumb","itemListElement":[{"@type":"ListItem","position":1,"name":"Avaleht","item":"https:\/\/www.hobstop.ee\/lv\/"},{"@type":"ListItem","position":2,"name":"Veikals","item":"https:\/\/www.hobstop.ee\/lv\/veikals\/"},{"@type":"ListItem","position":3,"name":"Stikla kr\u0101sa Glass&#038;Tile Glitter 50ml"}]},{"@type":"WebSite","@id":"https:\/\/hobstop.ee\/lv\/#website","url":"https:\/\/hobstop.ee\/lv\/","name":"Skizze","description":"M\u0101kslas, hobiju un skolas preces","publisher":{"@id":"https:\/\/hobstop.ee\/lv\/#organization"},"potentialAction":[{"@type":"SearchAction","target":{"@type":"EntryPoint","urlTemplate":"https:\/\/hobstop.ee\/lv\/?s={search_term_string}"},"query-input":{"@type":"PropertyValueSpecification","valueRequired":true,"valueName":"search_term_string"}}],"inLanguage":"lv-LV"},{"@type":"Organization","@id":"https:\/\/hobstop.ee\/lv\/#organization","name":"Vunder AS","url":"https:\/\/hobstop.ee\/lv\/","logo":{"@type":"ImageObject","inLanguage":"lv-LV","@id":"https:\/\/hobstop.ee\/lv\/#\/schema\/logo\/image\/","url":"https:\/\/hobstop.ee\/media\/vunder-logo.png","contentUrl":"https:\/\/hobstop.ee\/media\/vunder-logo.png","width":127,"height":55,"caption":"Vunder AS"},"image":{"@id":"https:\/\/hobstop.ee\/lv\/#\/schema\/logo\/image\/"},"sameAs":["http:\/\/www.facebook.com\/VunderSkizze"]}]}},"_links":{"self":[{"href":"https:\/\/hobstop.ee\/lv\/wp-json\/wp\/v2\/product\/213167","targetHints":{"allow":["GET"]}}],"collection":[{"href":"https:\/\/hobstop.ee\/lv\/wp-json\/wp\/v2\/product"}],"about":[{"href":"https:\/\/hobstop.ee\/lv\/wp-json\/wp\/v2\/types\/product"}],"replies":[{"embeddable":true,"href":"https:\/\/hobstop.ee\/lv\/wp-json\/wp\/v2\/comments?post=213167"}],"wp:attachment":[{"href":"https:\/\/hobstop.ee\/lv\/wp-json\/wp\/v2\/media?parent=213167"}],"wp:term":[{"taxonomy":"product_cat","embeddable":true,"href":"https:\/\/hobstop.ee\/lv\/wp-json\/wp\/v2\/product_cat?post=213167"},{"taxonomy":"product_tag","embeddable":true,"href":"https:\/\/hobstop.ee\/lv\/wp-json\/wp\/v2\/product_tag?post=213167"}],"curies":[{"name":"wp","href":"https:\/\/api.w.org\/{rel}","templated":true}]}}