{"id":213187,"date":"2015-06-01T15:19:10","date_gmt":"2015-09-09T12:19:10","guid":{"rendered":"http:\/\/vunder-ee.sn25.zone.eu\/lv\/product\/laka-stikla-krasam-glasstile-aerosols-lakagrunts-2\/"},"modified":"2015-09-09T15:19:10","modified_gmt":"2015-09-09T12:19:10","slug":"laka-stikla-krasam-glasstile-aerosols-lakagrunts","status":"publish","type":"product","link":"https:\/\/hobstop.ee\/lv\/produkts\/laka-stikla-krasam-glasstile-aerosols-lakagrunts\/","title":{"rendered":"Laka stikla kr\u0101s\u0101m Glass&#038;Tile aerosols laka\/grunts"},"content":{"rendered":"<p>Atkl\u0101jiet speci\u0101los efektus, kas ieg\u016bstami izmantojot stikla un fl\u012b\u017eu kr\u0101sas.  Caursp\u012bd\u012bga stikla un fl\u012b\u017eu laka, kas palielin\u0101s kr\u0101sas iztur\u012bbu.  \u012apa\u0161i svar\u012bga, kad kr\u0101sots \u013coti pl\u0101n\u0101 k\u0101rt\u0101.<br \/>\nIzsmidzin\u0101ms vai izlejams lakveida grunt\u0113jums palielina kr\u0101sojam\u0101s virsmas un kr\u0101sas sa\u0137eri, k\u0101 ar\u012b pa\u0161as kr\u0101sas iztur\u012bbu. Var tikt izmantots k\u0101 grunt\u0113jums uz fl\u012bz\u0113m vai k\u0101 grunts laka kr\u0101so\u0161anai \u013coti pl\u0101n\u0101 k\u0101rt\u0101.<\/p>\n","protected":false},"excerpt":{"rendered":"<p>Atkl\u0101jiet speci\u0101los efektus, kas ieg\u016bstami izmantojot stikla un fl\u012b\u017eu kr\u0101sas. Caursp\u012bd\u012bga stikla un fl\u012b\u017eu laka, kas palielin\u0101s kr\u0101sas iztur\u012bbu. \u012apa\u0161i svar\u012bga, kad kr\u0101sots \u013coti pl\u0101n\u0101 k\u0101rt\u0101. Izsmidzin\u0101ms vai izlejams lakveida grunt\u0113jums palielina kr\u0101sojam\u0101s virsmas un kr\u0101sas sa\u0137eri, k\u0101 ar\u012b pa\u0161as kr\u0101sas iztur\u012bbu. Var tikt izmantots k\u0101 grunt\u0113jums uz fl\u012bz\u0113m vai k\u0101 grunts laka kr\u0101so\u0161anai \u013coti pl\u0101n\u0101 k\u0101rt\u0101.<\/p>\n","protected":false},"featured_media":0,"comment_status":"closed","ping_status":"closed","template":"","meta":{"_acf_changed":false,"ep_exclude_from_search":false},"product_cat":[18236,16198,17918],"product_tag":[],"class_list":{"0":"post-213187","1":"product","2":"type-product","3":"status-publish","5":"product_cat-krasas-uz-udens-bazes-2","6":"product_cat-porcelanam-un-stiklam","7":"product_cat-preces-hobijiem","9":"first","10":"outofstock","11":"taxable","12":"shipping-taxable","13":"purchasable","14":"product-type-variable"},"acf":[],"yoast_head":"<!-- This site is optimized with the Yoast SEO plugin v24.1 - https:\/\/yoast.com\/wordpress\/plugins\/seo\/ -->\n<title>Laka stikla kr\u0101s\u0101m Glass&amp;Tile aerosols laka\/grunts &#8211; Skizze<\/title>\n<meta name=\"robots\" content=\"noindex, follow, max-snippet:-1, max-image-preview:large, max-video-preview:-1\" \/>\n<meta property=\"og:locale\" content=\"lv_LV\" \/>\n<meta property=\"og:type\" content=\"article\" \/>\n<meta property=\"og:title\" content=\"Laka stikla kr\u0101s\u0101m Glass&amp;Tile aerosols laka\/grunts &#8211; Skizze\" \/>\n<meta property=\"og:description\" content=\"Atkl\u0101jiet speci\u0101los efektus, kas ieg\u016bstami izmantojot stikla un fl\u012b\u017eu kr\u0101sas. Caursp\u012bd\u012bga stikla un fl\u012b\u017eu laka, kas palielin\u0101s kr\u0101sas iztur\u012bbu. \u012apa\u0161i svar\u012bga, kad kr\u0101sots \u013coti pl\u0101n\u0101 k\u0101rt\u0101. Izsmidzin\u0101ms vai izlejams lakveida grunt\u0113jums palielina kr\u0101sojam\u0101s virsmas un kr\u0101sas sa\u0137eri, k\u0101 ar\u012b pa\u0161as kr\u0101sas iztur\u012bbu. Var tikt izmantots k\u0101 grunt\u0113jums uz fl\u012bz\u0113m vai k\u0101 grunts laka kr\u0101so\u0161anai \u013coti pl\u0101n\u0101 k\u0101rt\u0101.\" \/>\n<meta property=\"og:url\" content=\"https:\/\/hobstop.ee\/lv\/produkts\/laka-stikla-krasam-glasstile-aerosols-lakagrunts\/\" \/>\n<meta property=\"og:site_name\" content=\"Skizze\" \/>\n<meta property=\"article:publisher\" content=\"http:\/\/www.facebook.com\/VunderSkizze\" \/>\n<meta name=\"twitter:card\" content=\"summary_large_image\" \/>\n<script type=\"application\/ld+json\" class=\"yoast-schema-graph\">{\"@context\":\"https:\/\/schema.org\",\"@graph\":[{\"@type\":\"WebPage\",\"@id\":\"https:\/\/hobstop.ee\/lv\/produkts\/laka-stikla-krasam-glasstile-aerosols-lakagrunts\/\",\"url\":\"https:\/\/hobstop.ee\/lv\/produkts\/laka-stikla-krasam-glasstile-aerosols-lakagrunts\/\",\"name\":\"Laka stikla kr\u0101s\u0101m Glass&Tile aerosols laka\/grunts &#8211; Skizze\",\"isPartOf\":{\"@id\":\"https:\/\/hobstop.ee\/lv\/#website\"},\"datePublished\":\"2015-09-09T12:19:10+00:00\",\"dateModified\":\"2015-09-09T12:19:10+00:00\",\"breadcrumb\":{\"@id\":\"https:\/\/hobstop.ee\/lv\/produkts\/laka-stikla-krasam-glasstile-aerosols-lakagrunts\/#breadcrumb\"},\"inLanguage\":\"lv-LV\",\"potentialAction\":[{\"@type\":\"ReadAction\",\"target\":[\"https:\/\/hobstop.ee\/lv\/produkts\/laka-stikla-krasam-glasstile-aerosols-lakagrunts\/\"]}]},{\"@type\":\"BreadcrumbList\",\"@id\":\"https:\/\/hobstop.ee\/lv\/produkts\/laka-stikla-krasam-glasstile-aerosols-lakagrunts\/#breadcrumb\",\"itemListElement\":[{\"@type\":\"ListItem\",\"position\":1,\"name\":\"Avaleht\",\"item\":\"https:\/\/hobstop.ee\/lv\/\"},{\"@type\":\"ListItem\",\"position\":2,\"name\":\"Veikals\",\"item\":\"https:\/\/hobstop.ee\/lv\/veikals\/\"},{\"@type\":\"ListItem\",\"position\":3,\"name\":\"Laka stikla kr\u0101s\u0101m Glass&#038;Tile aerosols laka\/grunts\"}]},{\"@type\":\"WebSite\",\"@id\":\"https:\/\/hobstop.ee\/lv\/#website\",\"url\":\"https:\/\/hobstop.ee\/lv\/\",\"name\":\"Skizze\",\"description\":\"M\u0101kslas, hobiju un skolas preces\",\"publisher\":{\"@id\":\"https:\/\/hobstop.ee\/lv\/#organization\"},\"potentialAction\":[{\"@type\":\"SearchAction\",\"target\":{\"@type\":\"EntryPoint\",\"urlTemplate\":\"https:\/\/hobstop.ee\/lv\/?s={search_term_string}\"},\"query-input\":{\"@type\":\"PropertyValueSpecification\",\"valueRequired\":true,\"valueName\":\"search_term_string\"}}],\"inLanguage\":\"lv-LV\"},{\"@type\":\"Organization\",\"@id\":\"https:\/\/hobstop.ee\/lv\/#organization\",\"name\":\"Vunder AS\",\"url\":\"https:\/\/hobstop.ee\/lv\/\",\"logo\":{\"@type\":\"ImageObject\",\"inLanguage\":\"lv-LV\",\"@id\":\"https:\/\/hobstop.ee\/lv\/#\/schema\/logo\/image\/\",\"url\":\"https:\/\/hobstop.ee\/media\/vunder-logo.png\",\"contentUrl\":\"https:\/\/hobstop.ee\/media\/vunder-logo.png\",\"width\":127,\"height\":55,\"caption\":\"Vunder AS\"},\"image\":{\"@id\":\"https:\/\/hobstop.ee\/lv\/#\/schema\/logo\/image\/\"},\"sameAs\":[\"http:\/\/www.facebook.com\/VunderSkizze\"]}]}<\/script>\n<!-- \/ Yoast SEO plugin. -->","yoast_head_json":{"title":"Laka stikla kr\u0101s\u0101m Glass&Tile aerosols laka\/grunts &#8211; Skizze","robots":{"index":"noindex","follow":"follow","max-snippet":"max-snippet:-1","max-image-preview":"max-image-preview:large","max-video-preview":"max-video-preview:-1"},"og_locale":"lv_LV","og_type":"article","og_title":"Laka stikla kr\u0101s\u0101m Glass&Tile aerosols laka\/grunts &#8211; Skizze","og_description":"Atkl\u0101jiet speci\u0101los efektus, kas ieg\u016bstami izmantojot stikla un fl\u012b\u017eu kr\u0101sas. Caursp\u012bd\u012bga stikla un fl\u012b\u017eu laka, kas palielin\u0101s kr\u0101sas iztur\u012bbu. \u012apa\u0161i svar\u012bga, kad kr\u0101sots \u013coti pl\u0101n\u0101 k\u0101rt\u0101. Izsmidzin\u0101ms vai izlejams lakveida grunt\u0113jums palielina kr\u0101sojam\u0101s virsmas un kr\u0101sas sa\u0137eri, k\u0101 ar\u012b pa\u0161as kr\u0101sas iztur\u012bbu. Var tikt izmantots k\u0101 grunt\u0113jums uz fl\u012bz\u0113m vai k\u0101 grunts laka kr\u0101so\u0161anai \u013coti pl\u0101n\u0101 k\u0101rt\u0101.","og_url":"https:\/\/hobstop.ee\/lv\/produkts\/laka-stikla-krasam-glasstile-aerosols-lakagrunts\/","og_site_name":"Skizze","article_publisher":"http:\/\/www.facebook.com\/VunderSkizze","twitter_card":"summary_large_image","schema":{"@context":"https:\/\/schema.org","@graph":[{"@type":"WebPage","@id":"https:\/\/hobstop.ee\/lv\/produkts\/laka-stikla-krasam-glasstile-aerosols-lakagrunts\/","url":"https:\/\/hobstop.ee\/lv\/produkts\/laka-stikla-krasam-glasstile-aerosols-lakagrunts\/","name":"Laka stikla kr\u0101s\u0101m Glass&Tile aerosols laka\/grunts &#8211; Skizze","isPartOf":{"@id":"https:\/\/hobstop.ee\/lv\/#website"},"datePublished":"2015-09-09T12:19:10+00:00","dateModified":"2015-09-09T12:19:10+00:00","breadcrumb":{"@id":"https:\/\/hobstop.ee\/lv\/produkts\/laka-stikla-krasam-glasstile-aerosols-lakagrunts\/#breadcrumb"},"inLanguage":"lv-LV","potentialAction":[{"@type":"ReadAction","target":["https:\/\/hobstop.ee\/lv\/produkts\/laka-stikla-krasam-glasstile-aerosols-lakagrunts\/"]}]},{"@type":"BreadcrumbList","@id":"https:\/\/hobstop.ee\/lv\/produkts\/laka-stikla-krasam-glasstile-aerosols-lakagrunts\/#breadcrumb","itemListElement":[{"@type":"ListItem","position":1,"name":"Avaleht","item":"https:\/\/hobstop.ee\/lv\/"},{"@type":"ListItem","position":2,"name":"Veikals","item":"https:\/\/hobstop.ee\/lv\/veikals\/"},{"@type":"ListItem","position":3,"name":"Laka stikla kr\u0101s\u0101m Glass&#038;Tile aerosols laka\/grunts"}]},{"@type":"WebSite","@id":"https:\/\/hobstop.ee\/lv\/#website","url":"https:\/\/hobstop.ee\/lv\/","name":"Skizze","description":"M\u0101kslas, hobiju un skolas preces","publisher":{"@id":"https:\/\/hobstop.ee\/lv\/#organization"},"potentialAction":[{"@type":"SearchAction","target":{"@type":"EntryPoint","urlTemplate":"https:\/\/hobstop.ee\/lv\/?s={search_term_string}"},"query-input":{"@type":"PropertyValueSpecification","valueRequired":true,"valueName":"search_term_string"}}],"inLanguage":"lv-LV"},{"@type":"Organization","@id":"https:\/\/hobstop.ee\/lv\/#organization","name":"Vunder AS","url":"https:\/\/hobstop.ee\/lv\/","logo":{"@type":"ImageObject","inLanguage":"lv-LV","@id":"https:\/\/hobstop.ee\/lv\/#\/schema\/logo\/image\/","url":"https:\/\/hobstop.ee\/media\/vunder-logo.png","contentUrl":"https:\/\/hobstop.ee\/media\/vunder-logo.png","width":127,"height":55,"caption":"Vunder AS"},"image":{"@id":"https:\/\/hobstop.ee\/lv\/#\/schema\/logo\/image\/"},"sameAs":["http:\/\/www.facebook.com\/VunderSkizze"]}]}},"_links":{"self":[{"href":"https:\/\/hobstop.ee\/lv\/wp-json\/wp\/v2\/product\/213187","targetHints":{"allow":["GET"]}}],"collection":[{"href":"https:\/\/hobstop.ee\/lv\/wp-json\/wp\/v2\/product"}],"about":[{"href":"https:\/\/hobstop.ee\/lv\/wp-json\/wp\/v2\/types\/product"}],"replies":[{"embeddable":true,"href":"https:\/\/hobstop.ee\/lv\/wp-json\/wp\/v2\/comments?post=213187"}],"wp:attachment":[{"href":"https:\/\/hobstop.ee\/lv\/wp-json\/wp\/v2\/media?parent=213187"}],"wp:term":[{"taxonomy":"product_cat","embeddable":true,"href":"https:\/\/hobstop.ee\/lv\/wp-json\/wp\/v2\/product_cat?post=213187"},{"taxonomy":"product_tag","embeddable":true,"href":"https:\/\/hobstop.ee\/lv\/wp-json\/wp\/v2\/product_tag?post=213187"}],"curies":[{"name":"wp","href":"https:\/\/api.w.org\/{rel}","templated":true}]}}