{"id":213295,"date":"2015-06-01T15:20:24","date_gmt":"2015-09-09T12:20:24","guid":{"rendered":"http:\/\/vunder-ee.sn25.zone.eu\/lv\/product\/zeltita-grunts-charbonnel-1l-2\/"},"modified":"2015-09-09T15:20:24","modified_gmt":"2015-09-09T12:20:24","slug":"zeltita-grunts-charbonnel-1l","status":"publish","type":"product","link":"https:\/\/hobstop.ee\/lv\/produkts\/zeltita-grunts-charbonnel-1l\/","title":{"rendered":"Zelt\u012bta grunts Charbonnel 1l"},"content":{"rendered":"<p>Zelt\u012b\u0161anas grunts tiek izmantota k\u0101 apak\u0161sl\u0101nis pirms apzelt\u012b\u0161anas. T\u0101 ir pastas form\u0101, kura beig\u0101s tiek samalta tradicion\u0101l\u0101 veid\u0101 starp gran\u012bta ru\u013c\u013ciem. Ra\u017eo\u0161anas process nodro\u0161ina augstu kvalit\u0101ti un lieliskas izmanto\u0161anas \u012bpa\u0161\u012bbas. T\u0101 ir j\u0101sajauc ar divreiz liel\u0101ku, siltu za\u0137a \u0101das l\u012bmes \u0161\u0137\u012bdumu. Tad to var uzkl\u0101t uz priek\u0161meta, kur\u0161 paredz\u0113ts zelt\u012b\u0161anai.<br \/>\nZa\u0137a \u0101das l\u012bme ir neat\u0146emama zelt\u012b\u0161anas masas sast\u0101vda\u013ca.<\/p>\n","protected":false},"excerpt":{"rendered":"<p>Zelt\u012b\u0161anas grunts tiek izmantota k\u0101 apak\u0161sl\u0101nis pirms apzelt\u012b\u0161anas. T\u0101 ir pastas form\u0101, kura beig\u0101s tiek samalta tradicion\u0101l\u0101 veid\u0101 starp gran\u012bta ru\u013c\u013ciem. Ra\u017eo\u0161anas process nodro\u0161ina augstu kvalit\u0101ti un lieliskas izmanto\u0161anas \u012bpa\u0161\u012bbas. T\u0101 ir j\u0101sajauc ar divreiz liel\u0101ku, siltu za\u0137a \u0101das l\u012bmes \u0161\u0137\u012bdumu. Tad to var uzkl\u0101t uz priek\u0161meta, kur\u0161 paredz\u0113ts zelt\u012b\u0161anai. Za\u0137a \u0101das l\u012bme ir neat\u0146emama zelt\u012b\u0161anas masas sast\u0101vda\u013ca.<\/p>\n","protected":false},"featured_media":221799,"comment_status":"closed","ping_status":"closed","template":"","meta":{"_acf_changed":false,"ep_exclude_from_search":false},"product_cat":[18313,18622,16123],"product_tag":[],"class_list":{"0":"post-213295","1":"product","2":"type-product","3":"status-publish","4":"has-post-thumbnail","6":"product_cat-apzeltisanas-limes-un-gruntis","7":"product_cat-apzeltisanas-piederumi","8":"product_cat-makslas-piederumi-2","10":"first","11":"instock","12":"taxable","13":"shipping-taxable","14":"purchasable","15":"product-type-variable"},"acf":[],"yoast_head":"<!-- This site is optimized with the Yoast SEO plugin v24.1 - https:\/\/yoast.com\/wordpress\/plugins\/seo\/ -->\n<title>Zelt\u012bta grunts Charbonnel 1l &#8211; Skizze<\/title>\n<meta name=\"robots\" content=\"noindex, follow, max-snippet:-1, max-image-preview:large, max-video-preview:-1\" \/>\n<meta property=\"og:locale\" content=\"lv_LV\" \/>\n<meta property=\"og:type\" content=\"article\" \/>\n<meta property=\"og:title\" content=\"Zelt\u012bta grunts Charbonnel 1l &#8211; Skizze\" \/>\n<meta property=\"og:description\" content=\"Zelt\u012b\u0161anas grunts tiek izmantota k\u0101 apak\u0161sl\u0101nis pirms apzelt\u012b\u0161anas. T\u0101 ir pastas form\u0101, kura beig\u0101s tiek samalta tradicion\u0101l\u0101 veid\u0101 starp gran\u012bta ru\u013c\u013ciem. Ra\u017eo\u0161anas process nodro\u0161ina augstu kvalit\u0101ti un lieliskas izmanto\u0161anas \u012bpa\u0161\u012bbas. T\u0101 ir j\u0101sajauc ar divreiz liel\u0101ku, siltu za\u0137a \u0101das l\u012bmes \u0161\u0137\u012bdumu. Tad to var uzkl\u0101t uz priek\u0161meta, kur\u0161 paredz\u0113ts zelt\u012b\u0161anai. Za\u0137a \u0101das l\u012bme ir neat\u0146emama zelt\u012b\u0161anas masas sast\u0101vda\u013ca.\" \/>\n<meta property=\"og:url\" content=\"https:\/\/hobstop.ee\/lv\/produkts\/zeltita-grunts-charbonnel-1l\/\" \/>\n<meta property=\"og:site_name\" content=\"Skizze\" \/>\n<meta property=\"article:publisher\" content=\"http:\/\/www.facebook.com\/VunderSkizze\" \/>\n<meta property=\"og:image\" content=\"https:\/\/hobstop.ee\/media\/888.jpg\" \/>\n\t<meta property=\"og:image:width\" content=\"1024\" \/>\n\t<meta property=\"og:image:height\" content=\"768\" \/>\n\t<meta property=\"og:image:type\" content=\"image\/jpeg\" \/>\n<meta name=\"twitter:card\" content=\"summary_large_image\" \/>\n<script type=\"application\/ld+json\" class=\"yoast-schema-graph\">{\"@context\":\"https:\/\/schema.org\",\"@graph\":[{\"@type\":\"WebPage\",\"@id\":\"https:\/\/hobstop.ee\/lv\/produkts\/zeltita-grunts-charbonnel-1l\/\",\"url\":\"https:\/\/hobstop.ee\/lv\/produkts\/zeltita-grunts-charbonnel-1l\/\",\"name\":\"Zelt\u012bta grunts Charbonnel 1l &#8211; Skizze\",\"isPartOf\":{\"@id\":\"https:\/\/hobstop.ee\/lv\/#website\"},\"primaryImageOfPage\":{\"@id\":\"https:\/\/hobstop.ee\/lv\/produkts\/zeltita-grunts-charbonnel-1l\/#primaryimage\"},\"image\":{\"@id\":\"https:\/\/hobstop.ee\/lv\/produkts\/zeltita-grunts-charbonnel-1l\/#primaryimage\"},\"thumbnailUrl\":\"https:\/\/hobstop.ee\/media\/888.jpg\",\"datePublished\":\"2015-09-09T12:20:24+00:00\",\"dateModified\":\"2015-09-09T12:20:24+00:00\",\"breadcrumb\":{\"@id\":\"https:\/\/hobstop.ee\/lv\/produkts\/zeltita-grunts-charbonnel-1l\/#breadcrumb\"},\"inLanguage\":\"lv-LV\",\"potentialAction\":[{\"@type\":\"ReadAction\",\"target\":[\"https:\/\/hobstop.ee\/lv\/produkts\/zeltita-grunts-charbonnel-1l\/\"]}]},{\"@type\":\"ImageObject\",\"inLanguage\":\"lv-LV\",\"@id\":\"https:\/\/hobstop.ee\/lv\/produkts\/zeltita-grunts-charbonnel-1l\/#primaryimage\",\"url\":\"https:\/\/hobstop.ee\/media\/888.jpg\",\"contentUrl\":\"https:\/\/hobstop.ee\/media\/888.jpg\",\"width\":1024,\"height\":768},{\"@type\":\"BreadcrumbList\",\"@id\":\"https:\/\/hobstop.ee\/lv\/produkts\/zeltita-grunts-charbonnel-1l\/#breadcrumb\",\"itemListElement\":[{\"@type\":\"ListItem\",\"position\":1,\"name\":\"Avaleht\",\"item\":\"https:\/\/www.hobstop.ee\/lv\/\"},{\"@type\":\"ListItem\",\"position\":2,\"name\":\"Veikals\",\"item\":\"https:\/\/www.hobstop.ee\/lv\/veikals\/\"},{\"@type\":\"ListItem\",\"position\":3,\"name\":\"Zelt\u012bta grunts Charbonnel 1l\"}]},{\"@type\":\"WebSite\",\"@id\":\"https:\/\/hobstop.ee\/lv\/#website\",\"url\":\"https:\/\/hobstop.ee\/lv\/\",\"name\":\"Skizze\",\"description\":\"M\u0101kslas, hobiju un skolas preces\",\"publisher\":{\"@id\":\"https:\/\/hobstop.ee\/lv\/#organization\"},\"potentialAction\":[{\"@type\":\"SearchAction\",\"target\":{\"@type\":\"EntryPoint\",\"urlTemplate\":\"https:\/\/hobstop.ee\/lv\/?s={search_term_string}\"},\"query-input\":{\"@type\":\"PropertyValueSpecification\",\"valueRequired\":true,\"valueName\":\"search_term_string\"}}],\"inLanguage\":\"lv-LV\"},{\"@type\":\"Organization\",\"@id\":\"https:\/\/hobstop.ee\/lv\/#organization\",\"name\":\"Vunder AS\",\"url\":\"https:\/\/hobstop.ee\/lv\/\",\"logo\":{\"@type\":\"ImageObject\",\"inLanguage\":\"lv-LV\",\"@id\":\"https:\/\/hobstop.ee\/lv\/#\/schema\/logo\/image\/\",\"url\":\"https:\/\/hobstop.ee\/media\/vunder-logo.png\",\"contentUrl\":\"https:\/\/hobstop.ee\/media\/vunder-logo.png\",\"width\":127,\"height\":55,\"caption\":\"Vunder AS\"},\"image\":{\"@id\":\"https:\/\/hobstop.ee\/lv\/#\/schema\/logo\/image\/\"},\"sameAs\":[\"http:\/\/www.facebook.com\/VunderSkizze\"]}]}<\/script>\n<!-- \/ Yoast SEO plugin. -->","yoast_head_json":{"title":"Zelt\u012bta grunts Charbonnel 1l &#8211; Skizze","robots":{"index":"noindex","follow":"follow","max-snippet":"max-snippet:-1","max-image-preview":"max-image-preview:large","max-video-preview":"max-video-preview:-1"},"og_locale":"lv_LV","og_type":"article","og_title":"Zelt\u012bta grunts Charbonnel 1l &#8211; Skizze","og_description":"Zelt\u012b\u0161anas grunts tiek izmantota k\u0101 apak\u0161sl\u0101nis pirms apzelt\u012b\u0161anas. T\u0101 ir pastas form\u0101, kura beig\u0101s tiek samalta tradicion\u0101l\u0101 veid\u0101 starp gran\u012bta ru\u013c\u013ciem. Ra\u017eo\u0161anas process nodro\u0161ina augstu kvalit\u0101ti un lieliskas izmanto\u0161anas \u012bpa\u0161\u012bbas. T\u0101 ir j\u0101sajauc ar divreiz liel\u0101ku, siltu za\u0137a \u0101das l\u012bmes \u0161\u0137\u012bdumu. Tad to var uzkl\u0101t uz priek\u0161meta, kur\u0161 paredz\u0113ts zelt\u012b\u0161anai. Za\u0137a \u0101das l\u012bme ir neat\u0146emama zelt\u012b\u0161anas masas sast\u0101vda\u013ca.","og_url":"https:\/\/hobstop.ee\/lv\/produkts\/zeltita-grunts-charbonnel-1l\/","og_site_name":"Skizze","article_publisher":"http:\/\/www.facebook.com\/VunderSkizze","og_image":[{"width":1024,"height":768,"url":"https:\/\/hobstop.ee\/media\/888.jpg","type":"image\/jpeg"}],"twitter_card":"summary_large_image","schema":{"@context":"https:\/\/schema.org","@graph":[{"@type":"WebPage","@id":"https:\/\/hobstop.ee\/lv\/produkts\/zeltita-grunts-charbonnel-1l\/","url":"https:\/\/hobstop.ee\/lv\/produkts\/zeltita-grunts-charbonnel-1l\/","name":"Zelt\u012bta grunts Charbonnel 1l &#8211; Skizze","isPartOf":{"@id":"https:\/\/hobstop.ee\/lv\/#website"},"primaryImageOfPage":{"@id":"https:\/\/hobstop.ee\/lv\/produkts\/zeltita-grunts-charbonnel-1l\/#primaryimage"},"image":{"@id":"https:\/\/hobstop.ee\/lv\/produkts\/zeltita-grunts-charbonnel-1l\/#primaryimage"},"thumbnailUrl":"https:\/\/hobstop.ee\/media\/888.jpg","datePublished":"2015-09-09T12:20:24+00:00","dateModified":"2015-09-09T12:20:24+00:00","breadcrumb":{"@id":"https:\/\/hobstop.ee\/lv\/produkts\/zeltita-grunts-charbonnel-1l\/#breadcrumb"},"inLanguage":"lv-LV","potentialAction":[{"@type":"ReadAction","target":["https:\/\/hobstop.ee\/lv\/produkts\/zeltita-grunts-charbonnel-1l\/"]}]},{"@type":"ImageObject","inLanguage":"lv-LV","@id":"https:\/\/hobstop.ee\/lv\/produkts\/zeltita-grunts-charbonnel-1l\/#primaryimage","url":"https:\/\/hobstop.ee\/media\/888.jpg","contentUrl":"https:\/\/hobstop.ee\/media\/888.jpg","width":1024,"height":768},{"@type":"BreadcrumbList","@id":"https:\/\/hobstop.ee\/lv\/produkts\/zeltita-grunts-charbonnel-1l\/#breadcrumb","itemListElement":[{"@type":"ListItem","position":1,"name":"Avaleht","item":"https:\/\/www.hobstop.ee\/lv\/"},{"@type":"ListItem","position":2,"name":"Veikals","item":"https:\/\/www.hobstop.ee\/lv\/veikals\/"},{"@type":"ListItem","position":3,"name":"Zelt\u012bta grunts Charbonnel 1l"}]},{"@type":"WebSite","@id":"https:\/\/hobstop.ee\/lv\/#website","url":"https:\/\/hobstop.ee\/lv\/","name":"Skizze","description":"M\u0101kslas, hobiju un skolas preces","publisher":{"@id":"https:\/\/hobstop.ee\/lv\/#organization"},"potentialAction":[{"@type":"SearchAction","target":{"@type":"EntryPoint","urlTemplate":"https:\/\/hobstop.ee\/lv\/?s={search_term_string}"},"query-input":{"@type":"PropertyValueSpecification","valueRequired":true,"valueName":"search_term_string"}}],"inLanguage":"lv-LV"},{"@type":"Organization","@id":"https:\/\/hobstop.ee\/lv\/#organization","name":"Vunder AS","url":"https:\/\/hobstop.ee\/lv\/","logo":{"@type":"ImageObject","inLanguage":"lv-LV","@id":"https:\/\/hobstop.ee\/lv\/#\/schema\/logo\/image\/","url":"https:\/\/hobstop.ee\/media\/vunder-logo.png","contentUrl":"https:\/\/hobstop.ee\/media\/vunder-logo.png","width":127,"height":55,"caption":"Vunder AS"},"image":{"@id":"https:\/\/hobstop.ee\/lv\/#\/schema\/logo\/image\/"},"sameAs":["http:\/\/www.facebook.com\/VunderSkizze"]}]}},"_links":{"self":[{"href":"https:\/\/hobstop.ee\/lv\/wp-json\/wp\/v2\/product\/213295","targetHints":{"allow":["GET"]}}],"collection":[{"href":"https:\/\/hobstop.ee\/lv\/wp-json\/wp\/v2\/product"}],"about":[{"href":"https:\/\/hobstop.ee\/lv\/wp-json\/wp\/v2\/types\/product"}],"replies":[{"embeddable":true,"href":"https:\/\/hobstop.ee\/lv\/wp-json\/wp\/v2\/comments?post=213295"}],"wp:featuredmedia":[{"embeddable":true,"href":"https:\/\/hobstop.ee\/lv\/wp-json\/wp\/v2\/media\/221799"}],"wp:attachment":[{"href":"https:\/\/hobstop.ee\/lv\/wp-json\/wp\/v2\/media?parent=213295"}],"wp:term":[{"taxonomy":"product_cat","embeddable":true,"href":"https:\/\/hobstop.ee\/lv\/wp-json\/wp\/v2\/product_cat?post=213295"},{"taxonomy":"product_tag","embeddable":true,"href":"https:\/\/hobstop.ee\/lv\/wp-json\/wp\/v2\/product_tag?post=213295"}],"curies":[{"name":"wp","href":"https:\/\/api.w.org\/{rel}","templated":true}]}}