{"id":213450,"date":"2015-06-01T15:21:56","date_gmt":"2015-09-09T12:21:56","guid":{"rendered":"http:\/\/vunder-ee.sn25.zone.eu\/lv\/product\/laka-lb-extra-fine-dammar-1859\/"},"modified":"2015-09-09T15:21:56","modified_gmt":"2015-09-09T12:21:56","slug":"ellas-krasas-laka-lb-spidiga-dammar-extra-fine","status":"publish","type":"product","link":"https:\/\/hobstop.ee\/lv\/produkts\/ellas-krasas-laka-lb-spidiga-dammar-extra-fine\/","title":{"rendered":"E\u013c\u013cas kr\u0101sas laka L&#038;B sp\u012bd\u012bga Dammar extra-fine"},"content":{"rendered":"<p>Viegli atpaz\u012bstama p\u0113c t\u0101s nosac\u012bti b\u0101l\u0101s nokr\u0101sas \u0161\u012b laka pamat\u0101 ir ra\u017eota no dabiskiem dam\u0101ras sve\u0137iem. To ir \u013coti viegli uzkl\u0101t, jo tai ir l\u0113na gaistam\u012bba. Vajadz\u0113tu izvair\u012bties no lieto\u0161anas izteikti mitr\u0101 vid\u0113.<\/p>\n","protected":false},"excerpt":{"rendered":"<p>Viegli atpaz\u012bstama p\u0113c t\u0101s nosac\u012bti b\u0101l\u0101s nokr\u0101sas \u0161\u012b laka pamat\u0101 ir ra\u017eota no dabiskiem dam\u0101ras sve\u0137iem. To ir \u013coti viegli uzkl\u0101t, jo tai ir l\u0113na gaistam\u012bba. Vajadz\u0113tu izvair\u012bties no lieto\u0161anas izteikti mitr\u0101 vid\u0113.<\/p>\n","protected":false},"featured_media":297995,"comment_status":"closed","ping_status":"closed","template":"","meta":{"_acf_changed":false,"ep_exclude_from_search":false},"product_cat":[18364,17980,16123],"product_tag":[],"class_list":{"0":"post-213450","1":"product","2":"type-product","3":"status-publish","4":"has-post-thumbnail","6":"product_cat-ellas-krasu-piedevas","7":"product_cat-krasas-un-gleznosanas-paligmateriali","8":"product_cat-makslas-piederumi-2","10":"first","11":"outofstock","12":"taxable","13":"shipping-taxable","14":"purchasable","15":"product-type-variable"},"acf":[],"yoast_head":"<!-- This site is optimized with the Yoast SEO plugin v24.1 - https:\/\/yoast.com\/wordpress\/plugins\/seo\/ -->\n<title>E\u013c\u013cas kr\u0101sas laka L&amp;B sp\u012bd\u012bga Dammar extra-fine &#8211; Skizze<\/title>\n<meta name=\"robots\" content=\"noindex, follow, max-snippet:-1, max-image-preview:large, max-video-preview:-1\" \/>\n<meta property=\"og:locale\" content=\"lv_LV\" \/>\n<meta property=\"og:type\" content=\"article\" \/>\n<meta property=\"og:title\" content=\"E\u013c\u013cas kr\u0101sas laka L&amp;B sp\u012bd\u012bga Dammar extra-fine &#8211; Skizze\" \/>\n<meta property=\"og:description\" content=\"Viegli atpaz\u012bstama p\u0113c t\u0101s nosac\u012bti b\u0101l\u0101s nokr\u0101sas \u0161\u012b laka pamat\u0101 ir ra\u017eota no dabiskiem dam\u0101ras sve\u0137iem. To ir \u013coti viegli uzkl\u0101t, jo tai ir l\u0113na gaistam\u012bba. Vajadz\u0113tu izvair\u012bties no lieto\u0161anas izteikti mitr\u0101 vid\u0113.\" \/>\n<meta property=\"og:url\" content=\"https:\/\/hobstop.ee\/lv\/produkts\/ellas-krasas-laka-lb-spidiga-dammar-extra-fine\/\" \/>\n<meta property=\"og:site_name\" content=\"Skizze\" \/>\n<meta property=\"article:publisher\" content=\"http:\/\/www.facebook.com\/VunderSkizze\" \/>\n<meta property=\"og:image\" content=\"https:\/\/hobstop.ee\/media\/981.jpg\" \/>\n\t<meta property=\"og:image:width\" content=\"1024\" \/>\n\t<meta property=\"og:image:height\" content=\"768\" \/>\n\t<meta property=\"og:image:type\" content=\"image\/jpeg\" \/>\n<meta name=\"twitter:card\" content=\"summary_large_image\" \/>\n<script type=\"application\/ld+json\" class=\"yoast-schema-graph\">{\"@context\":\"https:\/\/schema.org\",\"@graph\":[{\"@type\":\"WebPage\",\"@id\":\"https:\/\/hobstop.ee\/lv\/produkts\/ellas-krasas-laka-lb-spidiga-dammar-extra-fine\/\",\"url\":\"https:\/\/hobstop.ee\/lv\/produkts\/ellas-krasas-laka-lb-spidiga-dammar-extra-fine\/\",\"name\":\"E\u013c\u013cas kr\u0101sas laka L&B sp\u012bd\u012bga Dammar extra-fine &#8211; Skizze\",\"isPartOf\":{\"@id\":\"https:\/\/hobstop.ee\/lv\/#website\"},\"primaryImageOfPage\":{\"@id\":\"https:\/\/hobstop.ee\/lv\/produkts\/ellas-krasas-laka-lb-spidiga-dammar-extra-fine\/#primaryimage\"},\"image\":{\"@id\":\"https:\/\/hobstop.ee\/lv\/produkts\/ellas-krasas-laka-lb-spidiga-dammar-extra-fine\/#primaryimage\"},\"thumbnailUrl\":\"https:\/\/hobstop.ee\/media\/981.jpg\",\"datePublished\":\"2015-09-09T12:21:56+00:00\",\"dateModified\":\"2015-09-09T12:21:56+00:00\",\"breadcrumb\":{\"@id\":\"https:\/\/hobstop.ee\/lv\/produkts\/ellas-krasas-laka-lb-spidiga-dammar-extra-fine\/#breadcrumb\"},\"inLanguage\":\"lv-LV\",\"potentialAction\":[{\"@type\":\"ReadAction\",\"target\":[\"https:\/\/hobstop.ee\/lv\/produkts\/ellas-krasas-laka-lb-spidiga-dammar-extra-fine\/\"]}]},{\"@type\":\"ImageObject\",\"inLanguage\":\"lv-LV\",\"@id\":\"https:\/\/hobstop.ee\/lv\/produkts\/ellas-krasas-laka-lb-spidiga-dammar-extra-fine\/#primaryimage\",\"url\":\"https:\/\/hobstop.ee\/media\/981.jpg\",\"contentUrl\":\"https:\/\/hobstop.ee\/media\/981.jpg\",\"width\":1024,\"height\":768},{\"@type\":\"BreadcrumbList\",\"@id\":\"https:\/\/hobstop.ee\/lv\/produkts\/ellas-krasas-laka-lb-spidiga-dammar-extra-fine\/#breadcrumb\",\"itemListElement\":[{\"@type\":\"ListItem\",\"position\":1,\"name\":\"Avaleht\",\"item\":\"https:\/\/hobstop.ee\/lv\/\"},{\"@type\":\"ListItem\",\"position\":2,\"name\":\"Veikals\",\"item\":\"https:\/\/hobstop.ee\/lv\/veikals\/\"},{\"@type\":\"ListItem\",\"position\":3,\"name\":\"E\u013c\u013cas kr\u0101sas laka L&#038;B sp\u012bd\u012bga Dammar extra-fine\"}]},{\"@type\":\"WebSite\",\"@id\":\"https:\/\/hobstop.ee\/lv\/#website\",\"url\":\"https:\/\/hobstop.ee\/lv\/\",\"name\":\"Skizze\",\"description\":\"M\u0101kslas, hobiju un skolas preces\",\"publisher\":{\"@id\":\"https:\/\/hobstop.ee\/lv\/#organization\"},\"potentialAction\":[{\"@type\":\"SearchAction\",\"target\":{\"@type\":\"EntryPoint\",\"urlTemplate\":\"https:\/\/hobstop.ee\/lv\/?s={search_term_string}\"},\"query-input\":{\"@type\":\"PropertyValueSpecification\",\"valueRequired\":true,\"valueName\":\"search_term_string\"}}],\"inLanguage\":\"lv-LV\"},{\"@type\":\"Organization\",\"@id\":\"https:\/\/hobstop.ee\/lv\/#organization\",\"name\":\"Vunder AS\",\"url\":\"https:\/\/hobstop.ee\/lv\/\",\"logo\":{\"@type\":\"ImageObject\",\"inLanguage\":\"lv-LV\",\"@id\":\"https:\/\/hobstop.ee\/lv\/#\/schema\/logo\/image\/\",\"url\":\"https:\/\/hobstop.ee\/media\/vunder-logo.png\",\"contentUrl\":\"https:\/\/hobstop.ee\/media\/vunder-logo.png\",\"width\":127,\"height\":55,\"caption\":\"Vunder AS\"},\"image\":{\"@id\":\"https:\/\/hobstop.ee\/lv\/#\/schema\/logo\/image\/\"},\"sameAs\":[\"http:\/\/www.facebook.com\/VunderSkizze\"]}]}<\/script>\n<!-- \/ Yoast SEO plugin. -->","yoast_head_json":{"title":"E\u013c\u013cas kr\u0101sas laka L&B sp\u012bd\u012bga Dammar extra-fine &#8211; Skizze","robots":{"index":"noindex","follow":"follow","max-snippet":"max-snippet:-1","max-image-preview":"max-image-preview:large","max-video-preview":"max-video-preview:-1"},"og_locale":"lv_LV","og_type":"article","og_title":"E\u013c\u013cas kr\u0101sas laka L&B sp\u012bd\u012bga Dammar extra-fine &#8211; Skizze","og_description":"Viegli atpaz\u012bstama p\u0113c t\u0101s nosac\u012bti b\u0101l\u0101s nokr\u0101sas \u0161\u012b laka pamat\u0101 ir ra\u017eota no dabiskiem dam\u0101ras sve\u0137iem. To ir \u013coti viegli uzkl\u0101t, jo tai ir l\u0113na gaistam\u012bba. Vajadz\u0113tu izvair\u012bties no lieto\u0161anas izteikti mitr\u0101 vid\u0113.","og_url":"https:\/\/hobstop.ee\/lv\/produkts\/ellas-krasas-laka-lb-spidiga-dammar-extra-fine\/","og_site_name":"Skizze","article_publisher":"http:\/\/www.facebook.com\/VunderSkizze","og_image":[{"width":1024,"height":768,"url":"https:\/\/hobstop.ee\/media\/981.jpg","type":"image\/jpeg"}],"twitter_card":"summary_large_image","schema":{"@context":"https:\/\/schema.org","@graph":[{"@type":"WebPage","@id":"https:\/\/hobstop.ee\/lv\/produkts\/ellas-krasas-laka-lb-spidiga-dammar-extra-fine\/","url":"https:\/\/hobstop.ee\/lv\/produkts\/ellas-krasas-laka-lb-spidiga-dammar-extra-fine\/","name":"E\u013c\u013cas kr\u0101sas laka L&B sp\u012bd\u012bga Dammar extra-fine &#8211; Skizze","isPartOf":{"@id":"https:\/\/hobstop.ee\/lv\/#website"},"primaryImageOfPage":{"@id":"https:\/\/hobstop.ee\/lv\/produkts\/ellas-krasas-laka-lb-spidiga-dammar-extra-fine\/#primaryimage"},"image":{"@id":"https:\/\/hobstop.ee\/lv\/produkts\/ellas-krasas-laka-lb-spidiga-dammar-extra-fine\/#primaryimage"},"thumbnailUrl":"https:\/\/hobstop.ee\/media\/981.jpg","datePublished":"2015-09-09T12:21:56+00:00","dateModified":"2015-09-09T12:21:56+00:00","breadcrumb":{"@id":"https:\/\/hobstop.ee\/lv\/produkts\/ellas-krasas-laka-lb-spidiga-dammar-extra-fine\/#breadcrumb"},"inLanguage":"lv-LV","potentialAction":[{"@type":"ReadAction","target":["https:\/\/hobstop.ee\/lv\/produkts\/ellas-krasas-laka-lb-spidiga-dammar-extra-fine\/"]}]},{"@type":"ImageObject","inLanguage":"lv-LV","@id":"https:\/\/hobstop.ee\/lv\/produkts\/ellas-krasas-laka-lb-spidiga-dammar-extra-fine\/#primaryimage","url":"https:\/\/hobstop.ee\/media\/981.jpg","contentUrl":"https:\/\/hobstop.ee\/media\/981.jpg","width":1024,"height":768},{"@type":"BreadcrumbList","@id":"https:\/\/hobstop.ee\/lv\/produkts\/ellas-krasas-laka-lb-spidiga-dammar-extra-fine\/#breadcrumb","itemListElement":[{"@type":"ListItem","position":1,"name":"Avaleht","item":"https:\/\/hobstop.ee\/lv\/"},{"@type":"ListItem","position":2,"name":"Veikals","item":"https:\/\/hobstop.ee\/lv\/veikals\/"},{"@type":"ListItem","position":3,"name":"E\u013c\u013cas kr\u0101sas laka L&#038;B sp\u012bd\u012bga Dammar extra-fine"}]},{"@type":"WebSite","@id":"https:\/\/hobstop.ee\/lv\/#website","url":"https:\/\/hobstop.ee\/lv\/","name":"Skizze","description":"M\u0101kslas, hobiju un skolas preces","publisher":{"@id":"https:\/\/hobstop.ee\/lv\/#organization"},"potentialAction":[{"@type":"SearchAction","target":{"@type":"EntryPoint","urlTemplate":"https:\/\/hobstop.ee\/lv\/?s={search_term_string}"},"query-input":{"@type":"PropertyValueSpecification","valueRequired":true,"valueName":"search_term_string"}}],"inLanguage":"lv-LV"},{"@type":"Organization","@id":"https:\/\/hobstop.ee\/lv\/#organization","name":"Vunder AS","url":"https:\/\/hobstop.ee\/lv\/","logo":{"@type":"ImageObject","inLanguage":"lv-LV","@id":"https:\/\/hobstop.ee\/lv\/#\/schema\/logo\/image\/","url":"https:\/\/hobstop.ee\/media\/vunder-logo.png","contentUrl":"https:\/\/hobstop.ee\/media\/vunder-logo.png","width":127,"height":55,"caption":"Vunder AS"},"image":{"@id":"https:\/\/hobstop.ee\/lv\/#\/schema\/logo\/image\/"},"sameAs":["http:\/\/www.facebook.com\/VunderSkizze"]}]}},"_links":{"self":[{"href":"https:\/\/hobstop.ee\/lv\/wp-json\/wp\/v2\/product\/213450","targetHints":{"allow":["GET"]}}],"collection":[{"href":"https:\/\/hobstop.ee\/lv\/wp-json\/wp\/v2\/product"}],"about":[{"href":"https:\/\/hobstop.ee\/lv\/wp-json\/wp\/v2\/types\/product"}],"replies":[{"embeddable":true,"href":"https:\/\/hobstop.ee\/lv\/wp-json\/wp\/v2\/comments?post=213450"}],"wp:featuredmedia":[{"embeddable":true,"href":"https:\/\/hobstop.ee\/lv\/wp-json\/wp\/v2\/media\/297995"}],"wp:attachment":[{"href":"https:\/\/hobstop.ee\/lv\/wp-json\/wp\/v2\/media?parent=213450"}],"wp:term":[{"taxonomy":"product_cat","embeddable":true,"href":"https:\/\/hobstop.ee\/lv\/wp-json\/wp\/v2\/product_cat?post=213450"},{"taxonomy":"product_tag","embeddable":true,"href":"https:\/\/hobstop.ee\/lv\/wp-json\/wp\/v2\/product_tag?post=213450"}],"curies":[{"name":"wp","href":"https:\/\/api.w.org\/{rel}","templated":true}]}}