{"id":213486,"date":"2015-06-01T15:22:12","date_gmt":"2015-09-09T12:22:12","guid":{"rendered":"http:\/\/vunder-ee.sn25.zone.eu\/lv\/product\/laka-cracking-plaisu-efektam\/"},"modified":"2015-09-09T15:22:12","modified_gmt":"2015-09-09T12:22:12","slug":"plaisu-veidojosa-laka-lb","status":"publish","type":"product","link":"https:\/\/hobstop.ee\/lv\/produkts\/plaisu-veidojosa-laka-lb\/","title":{"rendered":"Plaisu veidojo\u0161\u0101 laka L&#038;B"},"content":{"rendered":"<p>Laka uz \u016bdens b\u0101zes plaisu veido\u0161anai. Rada dab\u012bgas plaisas uz jau novecot s\u0101ku\u0161as lakotas virsmas. Papildu ir j\u0101izmanto ant\u012bk\u0101 kr\u0101sa meln\u0101 vai br\u016bn\u0101 kr\u0101s\u0101. Piem\u0113rota izmanto\u0161anai ar akrilkr\u0101s\u0101m apgleznotu, gludu vai druk\u0101tu virsmu p\u0101rkl\u0101\u0161anai.<\/p>\n","protected":false},"excerpt":{"rendered":"<p>Laka uz \u016bdens b\u0101zes plaisu veido\u0161anai. Rada dab\u012bgas plaisas uz jau novecot s\u0101ku\u0161as lakotas virsmas. Papildu ir j\u0101izmanto ant\u012bk\u0101 kr\u0101sa meln\u0101 vai br\u016bn\u0101 kr\u0101s\u0101. Piem\u0113rota izmanto\u0161anai ar akrilkr\u0101s\u0101m apgleznotu, gludu vai druk\u0101tu virsmu p\u0101rkl\u0101\u0161anai.<\/p>\n","protected":false},"featured_media":0,"comment_status":"closed","ping_status":"closed","template":"","meta":{"_acf_changed":false,"ep_exclude_from_search":false},"product_cat":[17954,18209,17918],"product_tag":[],"class_list":{"0":"post-213486","1":"product","2":"type-product","3":"status-publish","5":"product_cat-decor-krasas","6":"product_cat-materiali-vecinasanai","7":"product_cat-preces-hobijiem","9":"first","10":"instock","11":"taxable","12":"shipping-taxable","13":"purchasable","14":"product-type-variable"},"acf":[],"yoast_head":"<!-- This site is optimized with the Yoast SEO plugin v24.1 - https:\/\/yoast.com\/wordpress\/plugins\/seo\/ -->\n<title>Plaisu veidojo\u0161\u0101 laka L&amp;B &#8211; Skizze<\/title>\n<meta name=\"robots\" content=\"noindex, follow, max-snippet:-1, max-image-preview:large, max-video-preview:-1\" \/>\n<meta property=\"og:locale\" content=\"lv_LV\" \/>\n<meta property=\"og:type\" content=\"article\" \/>\n<meta property=\"og:title\" content=\"Plaisu veidojo\u0161\u0101 laka L&amp;B &#8211; Skizze\" \/>\n<meta property=\"og:description\" content=\"Laka uz \u016bdens b\u0101zes plaisu veido\u0161anai. Rada dab\u012bgas plaisas uz jau novecot s\u0101ku\u0161as lakotas virsmas. Papildu ir j\u0101izmanto ant\u012bk\u0101 kr\u0101sa meln\u0101 vai br\u016bn\u0101 kr\u0101s\u0101. Piem\u0113rota izmanto\u0161anai ar akrilkr\u0101s\u0101m apgleznotu, gludu vai druk\u0101tu virsmu p\u0101rkl\u0101\u0161anai.\" \/>\n<meta property=\"og:url\" content=\"https:\/\/hobstop.ee\/lv\/produkts\/plaisu-veidojosa-laka-lb\/\" \/>\n<meta property=\"og:site_name\" content=\"Skizze\" \/>\n<meta property=\"article:publisher\" content=\"http:\/\/www.facebook.com\/VunderSkizze\" \/>\n<meta name=\"twitter:card\" content=\"summary_large_image\" \/>\n<script type=\"application\/ld+json\" class=\"yoast-schema-graph\">{\"@context\":\"https:\/\/schema.org\",\"@graph\":[{\"@type\":\"WebPage\",\"@id\":\"https:\/\/hobstop.ee\/lv\/produkts\/plaisu-veidojosa-laka-lb\/\",\"url\":\"https:\/\/hobstop.ee\/lv\/produkts\/plaisu-veidojosa-laka-lb\/\",\"name\":\"Plaisu veidojo\u0161\u0101 laka L&B &#8211; Skizze\",\"isPartOf\":{\"@id\":\"https:\/\/hobstop.ee\/lv\/#website\"},\"datePublished\":\"2015-09-09T12:22:12+00:00\",\"dateModified\":\"2015-09-09T12:22:12+00:00\",\"breadcrumb\":{\"@id\":\"https:\/\/hobstop.ee\/lv\/produkts\/plaisu-veidojosa-laka-lb\/#breadcrumb\"},\"inLanguage\":\"lv-LV\",\"potentialAction\":[{\"@type\":\"ReadAction\",\"target\":[\"https:\/\/hobstop.ee\/lv\/produkts\/plaisu-veidojosa-laka-lb\/\"]}]},{\"@type\":\"BreadcrumbList\",\"@id\":\"https:\/\/hobstop.ee\/lv\/produkts\/plaisu-veidojosa-laka-lb\/#breadcrumb\",\"itemListElement\":[{\"@type\":\"ListItem\",\"position\":1,\"name\":\"Avaleht\",\"item\":\"https:\/\/hobstop.ee\/lv\/\"},{\"@type\":\"ListItem\",\"position\":2,\"name\":\"Veikals\",\"item\":\"https:\/\/hobstop.ee\/lv\/veikals\/\"},{\"@type\":\"ListItem\",\"position\":3,\"name\":\"Plaisu veidojo\u0161\u0101 laka L&#038;B\"}]},{\"@type\":\"WebSite\",\"@id\":\"https:\/\/hobstop.ee\/lv\/#website\",\"url\":\"https:\/\/hobstop.ee\/lv\/\",\"name\":\"Skizze\",\"description\":\"M\u0101kslas, hobiju un skolas preces\",\"publisher\":{\"@id\":\"https:\/\/hobstop.ee\/lv\/#organization\"},\"potentialAction\":[{\"@type\":\"SearchAction\",\"target\":{\"@type\":\"EntryPoint\",\"urlTemplate\":\"https:\/\/hobstop.ee\/lv\/?s={search_term_string}\"},\"query-input\":{\"@type\":\"PropertyValueSpecification\",\"valueRequired\":true,\"valueName\":\"search_term_string\"}}],\"inLanguage\":\"lv-LV\"},{\"@type\":\"Organization\",\"@id\":\"https:\/\/hobstop.ee\/lv\/#organization\",\"name\":\"Vunder AS\",\"url\":\"https:\/\/hobstop.ee\/lv\/\",\"logo\":{\"@type\":\"ImageObject\",\"inLanguage\":\"lv-LV\",\"@id\":\"https:\/\/hobstop.ee\/lv\/#\/schema\/logo\/image\/\",\"url\":\"https:\/\/hobstop.ee\/media\/vunder-logo.png\",\"contentUrl\":\"https:\/\/hobstop.ee\/media\/vunder-logo.png\",\"width\":127,\"height\":55,\"caption\":\"Vunder AS\"},\"image\":{\"@id\":\"https:\/\/hobstop.ee\/lv\/#\/schema\/logo\/image\/\"},\"sameAs\":[\"http:\/\/www.facebook.com\/VunderSkizze\"]}]}<\/script>\n<!-- \/ Yoast SEO plugin. -->","yoast_head_json":{"title":"Plaisu veidojo\u0161\u0101 laka L&B &#8211; Skizze","robots":{"index":"noindex","follow":"follow","max-snippet":"max-snippet:-1","max-image-preview":"max-image-preview:large","max-video-preview":"max-video-preview:-1"},"og_locale":"lv_LV","og_type":"article","og_title":"Plaisu veidojo\u0161\u0101 laka L&B &#8211; Skizze","og_description":"Laka uz \u016bdens b\u0101zes plaisu veido\u0161anai. Rada dab\u012bgas plaisas uz jau novecot s\u0101ku\u0161as lakotas virsmas. Papildu ir j\u0101izmanto ant\u012bk\u0101 kr\u0101sa meln\u0101 vai br\u016bn\u0101 kr\u0101s\u0101. Piem\u0113rota izmanto\u0161anai ar akrilkr\u0101s\u0101m apgleznotu, gludu vai druk\u0101tu virsmu p\u0101rkl\u0101\u0161anai.","og_url":"https:\/\/hobstop.ee\/lv\/produkts\/plaisu-veidojosa-laka-lb\/","og_site_name":"Skizze","article_publisher":"http:\/\/www.facebook.com\/VunderSkizze","twitter_card":"summary_large_image","schema":{"@context":"https:\/\/schema.org","@graph":[{"@type":"WebPage","@id":"https:\/\/hobstop.ee\/lv\/produkts\/plaisu-veidojosa-laka-lb\/","url":"https:\/\/hobstop.ee\/lv\/produkts\/plaisu-veidojosa-laka-lb\/","name":"Plaisu veidojo\u0161\u0101 laka L&B &#8211; Skizze","isPartOf":{"@id":"https:\/\/hobstop.ee\/lv\/#website"},"datePublished":"2015-09-09T12:22:12+00:00","dateModified":"2015-09-09T12:22:12+00:00","breadcrumb":{"@id":"https:\/\/hobstop.ee\/lv\/produkts\/plaisu-veidojosa-laka-lb\/#breadcrumb"},"inLanguage":"lv-LV","potentialAction":[{"@type":"ReadAction","target":["https:\/\/hobstop.ee\/lv\/produkts\/plaisu-veidojosa-laka-lb\/"]}]},{"@type":"BreadcrumbList","@id":"https:\/\/hobstop.ee\/lv\/produkts\/plaisu-veidojosa-laka-lb\/#breadcrumb","itemListElement":[{"@type":"ListItem","position":1,"name":"Avaleht","item":"https:\/\/hobstop.ee\/lv\/"},{"@type":"ListItem","position":2,"name":"Veikals","item":"https:\/\/hobstop.ee\/lv\/veikals\/"},{"@type":"ListItem","position":3,"name":"Plaisu veidojo\u0161\u0101 laka L&#038;B"}]},{"@type":"WebSite","@id":"https:\/\/hobstop.ee\/lv\/#website","url":"https:\/\/hobstop.ee\/lv\/","name":"Skizze","description":"M\u0101kslas, hobiju un skolas preces","publisher":{"@id":"https:\/\/hobstop.ee\/lv\/#organization"},"potentialAction":[{"@type":"SearchAction","target":{"@type":"EntryPoint","urlTemplate":"https:\/\/hobstop.ee\/lv\/?s={search_term_string}"},"query-input":{"@type":"PropertyValueSpecification","valueRequired":true,"valueName":"search_term_string"}}],"inLanguage":"lv-LV"},{"@type":"Organization","@id":"https:\/\/hobstop.ee\/lv\/#organization","name":"Vunder AS","url":"https:\/\/hobstop.ee\/lv\/","logo":{"@type":"ImageObject","inLanguage":"lv-LV","@id":"https:\/\/hobstop.ee\/lv\/#\/schema\/logo\/image\/","url":"https:\/\/hobstop.ee\/media\/vunder-logo.png","contentUrl":"https:\/\/hobstop.ee\/media\/vunder-logo.png","width":127,"height":55,"caption":"Vunder AS"},"image":{"@id":"https:\/\/hobstop.ee\/lv\/#\/schema\/logo\/image\/"},"sameAs":["http:\/\/www.facebook.com\/VunderSkizze"]}]}},"_links":{"self":[{"href":"https:\/\/hobstop.ee\/lv\/wp-json\/wp\/v2\/product\/213486","targetHints":{"allow":["GET"]}}],"collection":[{"href":"https:\/\/hobstop.ee\/lv\/wp-json\/wp\/v2\/product"}],"about":[{"href":"https:\/\/hobstop.ee\/lv\/wp-json\/wp\/v2\/types\/product"}],"replies":[{"embeddable":true,"href":"https:\/\/hobstop.ee\/lv\/wp-json\/wp\/v2\/comments?post=213486"}],"wp:attachment":[{"href":"https:\/\/hobstop.ee\/lv\/wp-json\/wp\/v2\/media?parent=213486"}],"wp:term":[{"taxonomy":"product_cat","embeddable":true,"href":"https:\/\/hobstop.ee\/lv\/wp-json\/wp\/v2\/product_cat?post=213486"},{"taxonomy":"product_tag","embeddable":true,"href":"https:\/\/hobstop.ee\/lv\/wp-json\/wp\/v2\/product_tag?post=213486"}],"curies":[{"name":"wp","href":"https:\/\/api.w.org\/{rel}","templated":true}]}}