{"id":213502,"date":"2015-06-01T15:22:33","date_gmt":"2015-09-09T12:22:33","guid":{"rendered":"http:\/\/vunder-ee.sn25.zone.eu\/lv\/product\/laka-ageing-vecuma-efekta-radisanai-2\/"},"modified":"2015-09-09T15:22:33","modified_gmt":"2015-09-09T12:22:33","slug":"laka-vecuma-efekta-radisanai-lb","status":"publish","type":"product","link":"https:\/\/hobstop.ee\/lv\/produkts\/laka-vecuma-efekta-radisanai-lb\/","title":{"rendered":"Laka vecuma efekta rad\u012b\u0161anai L&#038;B"},"content":{"rendered":"<p>Pamatlaka plaisu rad\u012b\u0161anas tehnikai. Ar t\u0101s pal\u012bdz\u012bbu darbam nobeigum\u0101 var pie\u0161\u0137irt izteiktu sp\u012bdumu un maigu, dzelten\u012bgu toni. Piem\u0113rots virsm\u0101m, kas p\u0101rkl\u0101tas ar akrila kr\u0101s\u0101m vai p\u0101rne\u0161anas m\u0113diju.  \u0160\u0137\u012bdin\u0101t var ar lakbenz\u012bnu.<\/p>\n","protected":false},"excerpt":{"rendered":"<p>Pamatlaka plaisu rad\u012b\u0161anas tehnikai. Ar t\u0101s pal\u012bdz\u012bbu darbam nobeigum\u0101 var pie\u0161\u0137irt izteiktu sp\u012bdumu un maigu, dzelten\u012bgu toni. Piem\u0113rots virsm\u0101m, kas p\u0101rkl\u0101tas ar akrila kr\u0101s\u0101m vai p\u0101rne\u0161anas m\u0113diju. \u0160\u0137\u012bdin\u0101t var ar lakbenz\u012bnu.<\/p>\n","protected":false},"featured_media":221999,"comment_status":"closed","ping_status":"closed","template":"","meta":{"_acf_changed":false,"ep_exclude_from_search":false},"product_cat":[17954,18209,17918],"product_tag":[],"class_list":{"0":"post-213502","1":"product","2":"type-product","3":"status-publish","4":"has-post-thumbnail","6":"product_cat-decor-krasas-un-lakas","7":"product_cat-materiali-vecinasanai","8":"product_cat-preces-hobijiem","10":"first","11":"instock","12":"taxable","13":"shipping-taxable","14":"purchasable","15":"product-type-variable"},"acf":[],"yoast_head":"<!-- This site is optimized with the Yoast SEO plugin v24.1 - https:\/\/yoast.com\/wordpress\/plugins\/seo\/ -->\n<title>Laka vecuma efekta rad\u012b\u0161anai L&amp;B &#8211; Skizze<\/title>\n<meta name=\"robots\" content=\"noindex, follow, max-snippet:-1, max-image-preview:large, max-video-preview:-1\" \/>\n<meta property=\"og:locale\" content=\"lv_LV\" \/>\n<meta property=\"og:type\" content=\"article\" \/>\n<meta property=\"og:title\" content=\"Laka vecuma efekta rad\u012b\u0161anai L&amp;B &#8211; Skizze\" \/>\n<meta property=\"og:description\" content=\"Pamatlaka plaisu rad\u012b\u0161anas tehnikai. Ar t\u0101s pal\u012bdz\u012bbu darbam nobeigum\u0101 var pie\u0161\u0137irt izteiktu sp\u012bdumu un maigu, dzelten\u012bgu toni. Piem\u0113rots virsm\u0101m, kas p\u0101rkl\u0101tas ar akrila kr\u0101s\u0101m vai p\u0101rne\u0161anas m\u0113diju. \u0160\u0137\u012bdin\u0101t var ar lakbenz\u012bnu.\" \/>\n<meta property=\"og:url\" content=\"https:\/\/hobstop.ee\/lv\/produkts\/laka-vecuma-efekta-radisanai-lb\/\" \/>\n<meta property=\"og:site_name\" content=\"Skizze\" \/>\n<meta property=\"article:publisher\" content=\"http:\/\/www.facebook.com\/VunderSkizze\" \/>\n<meta property=\"og:image\" content=\"https:\/\/hobstop.ee\/media\/998.jpg\" \/>\n\t<meta property=\"og:image:width\" content=\"1024\" \/>\n\t<meta property=\"og:image:height\" content=\"768\" \/>\n\t<meta property=\"og:image:type\" content=\"image\/jpeg\" \/>\n<meta name=\"twitter:card\" content=\"summary_large_image\" \/>\n<script type=\"application\/ld+json\" class=\"yoast-schema-graph\">{\"@context\":\"https:\/\/schema.org\",\"@graph\":[{\"@type\":\"WebPage\",\"@id\":\"https:\/\/hobstop.ee\/lv\/produkts\/laka-vecuma-efekta-radisanai-lb\/\",\"url\":\"https:\/\/hobstop.ee\/lv\/produkts\/laka-vecuma-efekta-radisanai-lb\/\",\"name\":\"Laka vecuma efekta rad\u012b\u0161anai L&B &#8211; Skizze\",\"isPartOf\":{\"@id\":\"https:\/\/hobstop.ee\/lv\/#website\"},\"primaryImageOfPage\":{\"@id\":\"https:\/\/hobstop.ee\/lv\/produkts\/laka-vecuma-efekta-radisanai-lb\/#primaryimage\"},\"image\":{\"@id\":\"https:\/\/hobstop.ee\/lv\/produkts\/laka-vecuma-efekta-radisanai-lb\/#primaryimage\"},\"thumbnailUrl\":\"https:\/\/hobstop.ee\/media\/998.jpg\",\"datePublished\":\"2015-09-09T12:22:33+00:00\",\"dateModified\":\"2015-09-09T12:22:33+00:00\",\"breadcrumb\":{\"@id\":\"https:\/\/hobstop.ee\/lv\/produkts\/laka-vecuma-efekta-radisanai-lb\/#breadcrumb\"},\"inLanguage\":\"lv-LV\",\"potentialAction\":[{\"@type\":\"ReadAction\",\"target\":[\"https:\/\/hobstop.ee\/lv\/produkts\/laka-vecuma-efekta-radisanai-lb\/\"]}]},{\"@type\":\"ImageObject\",\"inLanguage\":\"lv-LV\",\"@id\":\"https:\/\/hobstop.ee\/lv\/produkts\/laka-vecuma-efekta-radisanai-lb\/#primaryimage\",\"url\":\"https:\/\/hobstop.ee\/media\/998.jpg\",\"contentUrl\":\"https:\/\/hobstop.ee\/media\/998.jpg\",\"width\":1024,\"height\":768},{\"@type\":\"BreadcrumbList\",\"@id\":\"https:\/\/hobstop.ee\/lv\/produkts\/laka-vecuma-efekta-radisanai-lb\/#breadcrumb\",\"itemListElement\":[{\"@type\":\"ListItem\",\"position\":1,\"name\":\"Avaleht\",\"item\":\"https:\/\/www.hobstop.ee\/lv\/\"},{\"@type\":\"ListItem\",\"position\":2,\"name\":\"Veikals\",\"item\":\"https:\/\/www.hobstop.ee\/lv\/veikals\/\"},{\"@type\":\"ListItem\",\"position\":3,\"name\":\"Laka vecuma efekta rad\u012b\u0161anai L&#038;B\"}]},{\"@type\":\"WebSite\",\"@id\":\"https:\/\/hobstop.ee\/lv\/#website\",\"url\":\"https:\/\/hobstop.ee\/lv\/\",\"name\":\"Skizze\",\"description\":\"M\u0101kslas, hobiju un skolas preces\",\"publisher\":{\"@id\":\"https:\/\/hobstop.ee\/lv\/#organization\"},\"potentialAction\":[{\"@type\":\"SearchAction\",\"target\":{\"@type\":\"EntryPoint\",\"urlTemplate\":\"https:\/\/hobstop.ee\/lv\/?s={search_term_string}\"},\"query-input\":{\"@type\":\"PropertyValueSpecification\",\"valueRequired\":true,\"valueName\":\"search_term_string\"}}],\"inLanguage\":\"lv-LV\"},{\"@type\":\"Organization\",\"@id\":\"https:\/\/hobstop.ee\/lv\/#organization\",\"name\":\"Vunder AS\",\"url\":\"https:\/\/hobstop.ee\/lv\/\",\"logo\":{\"@type\":\"ImageObject\",\"inLanguage\":\"lv-LV\",\"@id\":\"https:\/\/hobstop.ee\/lv\/#\/schema\/logo\/image\/\",\"url\":\"https:\/\/hobstop.ee\/media\/vunder-logo.png\",\"contentUrl\":\"https:\/\/hobstop.ee\/media\/vunder-logo.png\",\"width\":127,\"height\":55,\"caption\":\"Vunder AS\"},\"image\":{\"@id\":\"https:\/\/hobstop.ee\/lv\/#\/schema\/logo\/image\/\"},\"sameAs\":[\"http:\/\/www.facebook.com\/VunderSkizze\"]}]}<\/script>\n<!-- \/ Yoast SEO plugin. -->","yoast_head_json":{"title":"Laka vecuma efekta rad\u012b\u0161anai L&B &#8211; Skizze","robots":{"index":"noindex","follow":"follow","max-snippet":"max-snippet:-1","max-image-preview":"max-image-preview:large","max-video-preview":"max-video-preview:-1"},"og_locale":"lv_LV","og_type":"article","og_title":"Laka vecuma efekta rad\u012b\u0161anai L&B &#8211; Skizze","og_description":"Pamatlaka plaisu rad\u012b\u0161anas tehnikai. Ar t\u0101s pal\u012bdz\u012bbu darbam nobeigum\u0101 var pie\u0161\u0137irt izteiktu sp\u012bdumu un maigu, dzelten\u012bgu toni. Piem\u0113rots virsm\u0101m, kas p\u0101rkl\u0101tas ar akrila kr\u0101s\u0101m vai p\u0101rne\u0161anas m\u0113diju. \u0160\u0137\u012bdin\u0101t var ar lakbenz\u012bnu.","og_url":"https:\/\/hobstop.ee\/lv\/produkts\/laka-vecuma-efekta-radisanai-lb\/","og_site_name":"Skizze","article_publisher":"http:\/\/www.facebook.com\/VunderSkizze","og_image":[{"width":1024,"height":768,"url":"https:\/\/hobstop.ee\/media\/998.jpg","type":"image\/jpeg"}],"twitter_card":"summary_large_image","schema":{"@context":"https:\/\/schema.org","@graph":[{"@type":"WebPage","@id":"https:\/\/hobstop.ee\/lv\/produkts\/laka-vecuma-efekta-radisanai-lb\/","url":"https:\/\/hobstop.ee\/lv\/produkts\/laka-vecuma-efekta-radisanai-lb\/","name":"Laka vecuma efekta rad\u012b\u0161anai L&B &#8211; Skizze","isPartOf":{"@id":"https:\/\/hobstop.ee\/lv\/#website"},"primaryImageOfPage":{"@id":"https:\/\/hobstop.ee\/lv\/produkts\/laka-vecuma-efekta-radisanai-lb\/#primaryimage"},"image":{"@id":"https:\/\/hobstop.ee\/lv\/produkts\/laka-vecuma-efekta-radisanai-lb\/#primaryimage"},"thumbnailUrl":"https:\/\/hobstop.ee\/media\/998.jpg","datePublished":"2015-09-09T12:22:33+00:00","dateModified":"2015-09-09T12:22:33+00:00","breadcrumb":{"@id":"https:\/\/hobstop.ee\/lv\/produkts\/laka-vecuma-efekta-radisanai-lb\/#breadcrumb"},"inLanguage":"lv-LV","potentialAction":[{"@type":"ReadAction","target":["https:\/\/hobstop.ee\/lv\/produkts\/laka-vecuma-efekta-radisanai-lb\/"]}]},{"@type":"ImageObject","inLanguage":"lv-LV","@id":"https:\/\/hobstop.ee\/lv\/produkts\/laka-vecuma-efekta-radisanai-lb\/#primaryimage","url":"https:\/\/hobstop.ee\/media\/998.jpg","contentUrl":"https:\/\/hobstop.ee\/media\/998.jpg","width":1024,"height":768},{"@type":"BreadcrumbList","@id":"https:\/\/hobstop.ee\/lv\/produkts\/laka-vecuma-efekta-radisanai-lb\/#breadcrumb","itemListElement":[{"@type":"ListItem","position":1,"name":"Avaleht","item":"https:\/\/www.hobstop.ee\/lv\/"},{"@type":"ListItem","position":2,"name":"Veikals","item":"https:\/\/www.hobstop.ee\/lv\/veikals\/"},{"@type":"ListItem","position":3,"name":"Laka vecuma efekta rad\u012b\u0161anai L&#038;B"}]},{"@type":"WebSite","@id":"https:\/\/hobstop.ee\/lv\/#website","url":"https:\/\/hobstop.ee\/lv\/","name":"Skizze","description":"M\u0101kslas, hobiju un skolas preces","publisher":{"@id":"https:\/\/hobstop.ee\/lv\/#organization"},"potentialAction":[{"@type":"SearchAction","target":{"@type":"EntryPoint","urlTemplate":"https:\/\/hobstop.ee\/lv\/?s={search_term_string}"},"query-input":{"@type":"PropertyValueSpecification","valueRequired":true,"valueName":"search_term_string"}}],"inLanguage":"lv-LV"},{"@type":"Organization","@id":"https:\/\/hobstop.ee\/lv\/#organization","name":"Vunder AS","url":"https:\/\/hobstop.ee\/lv\/","logo":{"@type":"ImageObject","inLanguage":"lv-LV","@id":"https:\/\/hobstop.ee\/lv\/#\/schema\/logo\/image\/","url":"https:\/\/hobstop.ee\/media\/vunder-logo.png","contentUrl":"https:\/\/hobstop.ee\/media\/vunder-logo.png","width":127,"height":55,"caption":"Vunder AS"},"image":{"@id":"https:\/\/hobstop.ee\/lv\/#\/schema\/logo\/image\/"},"sameAs":["http:\/\/www.facebook.com\/VunderSkizze"]}]}},"_links":{"self":[{"href":"https:\/\/hobstop.ee\/lv\/wp-json\/wp\/v2\/product\/213502","targetHints":{"allow":["GET"]}}],"collection":[{"href":"https:\/\/hobstop.ee\/lv\/wp-json\/wp\/v2\/product"}],"about":[{"href":"https:\/\/hobstop.ee\/lv\/wp-json\/wp\/v2\/types\/product"}],"replies":[{"embeddable":true,"href":"https:\/\/hobstop.ee\/lv\/wp-json\/wp\/v2\/comments?post=213502"}],"wp:featuredmedia":[{"embeddable":true,"href":"https:\/\/hobstop.ee\/lv\/wp-json\/wp\/v2\/media\/221999"}],"wp:attachment":[{"href":"https:\/\/hobstop.ee\/lv\/wp-json\/wp\/v2\/media?parent=213502"}],"wp:term":[{"taxonomy":"product_cat","embeddable":true,"href":"https:\/\/hobstop.ee\/lv\/wp-json\/wp\/v2\/product_cat?post=213502"},{"taxonomy":"product_tag","embeddable":true,"href":"https:\/\/hobstop.ee\/lv\/wp-json\/wp\/v2\/product_tag?post=213502"}],"curies":[{"name":"wp","href":"https:\/\/api.w.org\/{rel}","templated":true}]}}