{"id":213526,"date":"2015-06-01T15:22:45","date_gmt":"2015-09-09T12:22:45","guid":{"rendered":"http:\/\/vunder-ee.sn25.zone.eu\/lv\/product\/linella-1175-rafineta-2\/"},"modified":"2015-09-09T15:22:45","modified_gmt":"2015-09-09T12:22:45","slug":"linella-lb-rafineta","status":"publish","type":"product","link":"https:\/\/hobstop.ee\/lv\/produkts\/linella-lb-rafineta\/","title":{"rendered":"Line\u013c\u013ca L&#038;B rafin\u0113ta"},"content":{"rendered":"<p>Lins\u0113klu e\u013c\u013ca ir ieg\u016bta no lins\u0113kl\u0101m augstspiedes proces\u0101. Tad t\u0101 ir dabiski dzidrin\u0101ta saules gaism\u0101. Lins\u0113klu e\u013c\u013ca nodro\u0161ina visu glezniec\u012bbas e\u013c\u013cas kr\u0101su \u017eav\u0113\u0161anu un iztur\u012bbu visaugst\u0101kaj\u0101 pak\u0101p\u0113. Tom\u0113r iz\u017e\u016bstot tai ir izteikta tendence dzelt\u0113t. \u0160\u012b iemesla d\u0113\u013c to \u012bpa\u0161i izmanto, klied\u0113jot tum\u0161\u0101k\u0101s paletes kr\u0101sas vai kop\u0101 ar maz\u0101k \u017e\u016bsto\u0161\u0101m kr\u0101s\u0101m (piem., zilo\u0146kaula melnais).<\/p>\n","protected":false},"excerpt":{"rendered":"<p>Lins\u0113klu e\u013c\u013ca ir ieg\u016bta no lins\u0113kl\u0101m augstspiedes proces\u0101. Tad t\u0101 ir dabiski dzidrin\u0101ta saules gaism\u0101. Lins\u0113klu e\u013c\u013ca nodro\u0161ina visu glezniec\u012bbas e\u013c\u013cas kr\u0101su \u017eav\u0113\u0161anu un iztur\u012bbu visaugst\u0101kaj\u0101 pak\u0101p\u0113. Tom\u0113r iz\u017e\u016bstot tai ir izteikta tendence dzelt\u0113t. \u0160\u012b iemesla d\u0113\u013c to \u012bpa\u0161i izmanto, klied\u0113jot tum\u0161\u0101k\u0101s paletes kr\u0101sas vai kop\u0101 ar maz\u0101k \u017e\u016bsto\u0161\u0101m kr\u0101s\u0101m (piem., zilo\u0146kaula melnais).<\/p>\n","protected":false},"featured_media":297987,"comment_status":"closed","ping_status":"closed","template":"","meta":{"_acf_changed":false,"ep_exclude_from_search":false},"product_cat":[18364,17980,16123],"product_tag":[],"class_list":{"0":"post-213526","1":"product","2":"type-product","3":"status-publish","4":"has-post-thumbnail","6":"product_cat-ellas-krasu-piedevas","7":"product_cat-krasas-un-gleznosanas-paligmateriali","8":"product_cat-makslas-piederumi-2","10":"first","11":"instock","12":"taxable","13":"shipping-taxable","14":"purchasable","15":"product-type-variable"},"acf":[],"yoast_head":"<!-- This site is optimized with the Yoast SEO plugin v24.1 - https:\/\/yoast.com\/wordpress\/plugins\/seo\/ -->\n<title>Line\u013c\u013ca L&amp;B rafin\u0113ta &#8211; Skizze<\/title>\n<meta name=\"robots\" content=\"noindex, follow, max-snippet:-1, max-image-preview:large, max-video-preview:-1\" \/>\n<meta property=\"og:locale\" content=\"lv_LV\" \/>\n<meta property=\"og:type\" content=\"article\" \/>\n<meta property=\"og:title\" content=\"Line\u013c\u013ca L&amp;B rafin\u0113ta &#8211; Skizze\" \/>\n<meta property=\"og:description\" content=\"Lins\u0113klu e\u013c\u013ca ir ieg\u016bta no lins\u0113kl\u0101m augstspiedes proces\u0101. Tad t\u0101 ir dabiski dzidrin\u0101ta saules gaism\u0101. Lins\u0113klu e\u013c\u013ca nodro\u0161ina visu glezniec\u012bbas e\u013c\u013cas kr\u0101su \u017eav\u0113\u0161anu un iztur\u012bbu visaugst\u0101kaj\u0101 pak\u0101p\u0113. Tom\u0113r iz\u017e\u016bstot tai ir izteikta tendence dzelt\u0113t. \u0160\u012b iemesla d\u0113\u013c to \u012bpa\u0161i izmanto, klied\u0113jot tum\u0161\u0101k\u0101s paletes kr\u0101sas vai kop\u0101 ar maz\u0101k \u017e\u016bsto\u0161\u0101m kr\u0101s\u0101m (piem., zilo\u0146kaula melnais).\" \/>\n<meta property=\"og:url\" content=\"https:\/\/hobstop.ee\/lv\/produkts\/linella-lb-rafineta\/\" \/>\n<meta property=\"og:site_name\" content=\"Skizze\" \/>\n<meta property=\"article:publisher\" content=\"http:\/\/www.facebook.com\/VunderSkizze\" \/>\n<meta property=\"og:image\" content=\"https:\/\/hobstop.ee\/media\/1054.jpg\" \/>\n\t<meta property=\"og:image:width\" content=\"1024\" \/>\n\t<meta property=\"og:image:height\" content=\"768\" \/>\n\t<meta property=\"og:image:type\" content=\"image\/jpeg\" \/>\n<meta name=\"twitter:card\" content=\"summary_large_image\" \/>\n<script type=\"application\/ld+json\" class=\"yoast-schema-graph\">{\"@context\":\"https:\/\/schema.org\",\"@graph\":[{\"@type\":\"WebPage\",\"@id\":\"https:\/\/hobstop.ee\/lv\/produkts\/linella-lb-rafineta\/\",\"url\":\"https:\/\/hobstop.ee\/lv\/produkts\/linella-lb-rafineta\/\",\"name\":\"Line\u013c\u013ca L&B rafin\u0113ta &#8211; Skizze\",\"isPartOf\":{\"@id\":\"https:\/\/hobstop.ee\/lv\/#website\"},\"primaryImageOfPage\":{\"@id\":\"https:\/\/hobstop.ee\/lv\/produkts\/linella-lb-rafineta\/#primaryimage\"},\"image\":{\"@id\":\"https:\/\/hobstop.ee\/lv\/produkts\/linella-lb-rafineta\/#primaryimage\"},\"thumbnailUrl\":\"https:\/\/hobstop.ee\/media\/1054.jpg\",\"datePublished\":\"2015-09-09T12:22:45+00:00\",\"dateModified\":\"2015-09-09T12:22:45+00:00\",\"breadcrumb\":{\"@id\":\"https:\/\/hobstop.ee\/lv\/produkts\/linella-lb-rafineta\/#breadcrumb\"},\"inLanguage\":\"lv-LV\",\"potentialAction\":[{\"@type\":\"ReadAction\",\"target\":[\"https:\/\/hobstop.ee\/lv\/produkts\/linella-lb-rafineta\/\"]}]},{\"@type\":\"ImageObject\",\"inLanguage\":\"lv-LV\",\"@id\":\"https:\/\/hobstop.ee\/lv\/produkts\/linella-lb-rafineta\/#primaryimage\",\"url\":\"https:\/\/hobstop.ee\/media\/1054.jpg\",\"contentUrl\":\"https:\/\/hobstop.ee\/media\/1054.jpg\",\"width\":1024,\"height\":768},{\"@type\":\"BreadcrumbList\",\"@id\":\"https:\/\/hobstop.ee\/lv\/produkts\/linella-lb-rafineta\/#breadcrumb\",\"itemListElement\":[{\"@type\":\"ListItem\",\"position\":1,\"name\":\"Avaleht\",\"item\":\"https:\/\/www.hobstop.ee\/lv\/\"},{\"@type\":\"ListItem\",\"position\":2,\"name\":\"Veikals\",\"item\":\"https:\/\/www.hobstop.ee\/lv\/veikals\/\"},{\"@type\":\"ListItem\",\"position\":3,\"name\":\"Line\u013c\u013ca L&#038;B rafin\u0113ta\"}]},{\"@type\":\"WebSite\",\"@id\":\"https:\/\/hobstop.ee\/lv\/#website\",\"url\":\"https:\/\/hobstop.ee\/lv\/\",\"name\":\"Skizze\",\"description\":\"M\u0101kslas, hobiju un skolas preces\",\"publisher\":{\"@id\":\"https:\/\/hobstop.ee\/lv\/#organization\"},\"potentialAction\":[{\"@type\":\"SearchAction\",\"target\":{\"@type\":\"EntryPoint\",\"urlTemplate\":\"https:\/\/hobstop.ee\/lv\/?s={search_term_string}\"},\"query-input\":{\"@type\":\"PropertyValueSpecification\",\"valueRequired\":true,\"valueName\":\"search_term_string\"}}],\"inLanguage\":\"lv-LV\"},{\"@type\":\"Organization\",\"@id\":\"https:\/\/hobstop.ee\/lv\/#organization\",\"name\":\"Vunder AS\",\"url\":\"https:\/\/hobstop.ee\/lv\/\",\"logo\":{\"@type\":\"ImageObject\",\"inLanguage\":\"lv-LV\",\"@id\":\"https:\/\/hobstop.ee\/lv\/#\/schema\/logo\/image\/\",\"url\":\"https:\/\/hobstop.ee\/media\/vunder-logo.png\",\"contentUrl\":\"https:\/\/hobstop.ee\/media\/vunder-logo.png\",\"width\":127,\"height\":55,\"caption\":\"Vunder AS\"},\"image\":{\"@id\":\"https:\/\/hobstop.ee\/lv\/#\/schema\/logo\/image\/\"},\"sameAs\":[\"http:\/\/www.facebook.com\/VunderSkizze\"]}]}<\/script>\n<!-- \/ Yoast SEO plugin. -->","yoast_head_json":{"title":"Line\u013c\u013ca L&B rafin\u0113ta &#8211; Skizze","robots":{"index":"noindex","follow":"follow","max-snippet":"max-snippet:-1","max-image-preview":"max-image-preview:large","max-video-preview":"max-video-preview:-1"},"og_locale":"lv_LV","og_type":"article","og_title":"Line\u013c\u013ca L&B rafin\u0113ta &#8211; Skizze","og_description":"Lins\u0113klu e\u013c\u013ca ir ieg\u016bta no lins\u0113kl\u0101m augstspiedes proces\u0101. Tad t\u0101 ir dabiski dzidrin\u0101ta saules gaism\u0101. Lins\u0113klu e\u013c\u013ca nodro\u0161ina visu glezniec\u012bbas e\u013c\u013cas kr\u0101su \u017eav\u0113\u0161anu un iztur\u012bbu visaugst\u0101kaj\u0101 pak\u0101p\u0113. Tom\u0113r iz\u017e\u016bstot tai ir izteikta tendence dzelt\u0113t. \u0160\u012b iemesla d\u0113\u013c to \u012bpa\u0161i izmanto, klied\u0113jot tum\u0161\u0101k\u0101s paletes kr\u0101sas vai kop\u0101 ar maz\u0101k \u017e\u016bsto\u0161\u0101m kr\u0101s\u0101m (piem., zilo\u0146kaula melnais).","og_url":"https:\/\/hobstop.ee\/lv\/produkts\/linella-lb-rafineta\/","og_site_name":"Skizze","article_publisher":"http:\/\/www.facebook.com\/VunderSkizze","og_image":[{"width":1024,"height":768,"url":"https:\/\/hobstop.ee\/media\/1054.jpg","type":"image\/jpeg"}],"twitter_card":"summary_large_image","schema":{"@context":"https:\/\/schema.org","@graph":[{"@type":"WebPage","@id":"https:\/\/hobstop.ee\/lv\/produkts\/linella-lb-rafineta\/","url":"https:\/\/hobstop.ee\/lv\/produkts\/linella-lb-rafineta\/","name":"Line\u013c\u013ca L&B rafin\u0113ta &#8211; Skizze","isPartOf":{"@id":"https:\/\/hobstop.ee\/lv\/#website"},"primaryImageOfPage":{"@id":"https:\/\/hobstop.ee\/lv\/produkts\/linella-lb-rafineta\/#primaryimage"},"image":{"@id":"https:\/\/hobstop.ee\/lv\/produkts\/linella-lb-rafineta\/#primaryimage"},"thumbnailUrl":"https:\/\/hobstop.ee\/media\/1054.jpg","datePublished":"2015-09-09T12:22:45+00:00","dateModified":"2015-09-09T12:22:45+00:00","breadcrumb":{"@id":"https:\/\/hobstop.ee\/lv\/produkts\/linella-lb-rafineta\/#breadcrumb"},"inLanguage":"lv-LV","potentialAction":[{"@type":"ReadAction","target":["https:\/\/hobstop.ee\/lv\/produkts\/linella-lb-rafineta\/"]}]},{"@type":"ImageObject","inLanguage":"lv-LV","@id":"https:\/\/hobstop.ee\/lv\/produkts\/linella-lb-rafineta\/#primaryimage","url":"https:\/\/hobstop.ee\/media\/1054.jpg","contentUrl":"https:\/\/hobstop.ee\/media\/1054.jpg","width":1024,"height":768},{"@type":"BreadcrumbList","@id":"https:\/\/hobstop.ee\/lv\/produkts\/linella-lb-rafineta\/#breadcrumb","itemListElement":[{"@type":"ListItem","position":1,"name":"Avaleht","item":"https:\/\/www.hobstop.ee\/lv\/"},{"@type":"ListItem","position":2,"name":"Veikals","item":"https:\/\/www.hobstop.ee\/lv\/veikals\/"},{"@type":"ListItem","position":3,"name":"Line\u013c\u013ca L&#038;B rafin\u0113ta"}]},{"@type":"WebSite","@id":"https:\/\/hobstop.ee\/lv\/#website","url":"https:\/\/hobstop.ee\/lv\/","name":"Skizze","description":"M\u0101kslas, hobiju un skolas preces","publisher":{"@id":"https:\/\/hobstop.ee\/lv\/#organization"},"potentialAction":[{"@type":"SearchAction","target":{"@type":"EntryPoint","urlTemplate":"https:\/\/hobstop.ee\/lv\/?s={search_term_string}"},"query-input":{"@type":"PropertyValueSpecification","valueRequired":true,"valueName":"search_term_string"}}],"inLanguage":"lv-LV"},{"@type":"Organization","@id":"https:\/\/hobstop.ee\/lv\/#organization","name":"Vunder AS","url":"https:\/\/hobstop.ee\/lv\/","logo":{"@type":"ImageObject","inLanguage":"lv-LV","@id":"https:\/\/hobstop.ee\/lv\/#\/schema\/logo\/image\/","url":"https:\/\/hobstop.ee\/media\/vunder-logo.png","contentUrl":"https:\/\/hobstop.ee\/media\/vunder-logo.png","width":127,"height":55,"caption":"Vunder AS"},"image":{"@id":"https:\/\/hobstop.ee\/lv\/#\/schema\/logo\/image\/"},"sameAs":["http:\/\/www.facebook.com\/VunderSkizze"]}]}},"_links":{"self":[{"href":"https:\/\/hobstop.ee\/lv\/wp-json\/wp\/v2\/product\/213526","targetHints":{"allow":["GET"]}}],"collection":[{"href":"https:\/\/hobstop.ee\/lv\/wp-json\/wp\/v2\/product"}],"about":[{"href":"https:\/\/hobstop.ee\/lv\/wp-json\/wp\/v2\/types\/product"}],"replies":[{"embeddable":true,"href":"https:\/\/hobstop.ee\/lv\/wp-json\/wp\/v2\/comments?post=213526"}],"wp:featuredmedia":[{"embeddable":true,"href":"https:\/\/hobstop.ee\/lv\/wp-json\/wp\/v2\/media\/297987"}],"wp:attachment":[{"href":"https:\/\/hobstop.ee\/lv\/wp-json\/wp\/v2\/media?parent=213526"}],"wp:term":[{"taxonomy":"product_cat","embeddable":true,"href":"https:\/\/hobstop.ee\/lv\/wp-json\/wp\/v2\/product_cat?post=213526"},{"taxonomy":"product_tag","embeddable":true,"href":"https:\/\/hobstop.ee\/lv\/wp-json\/wp\/v2\/product_tag?post=213526"}],"curies":[{"name":"wp","href":"https:\/\/api.w.org\/{rel}","templated":true}]}}