{"id":213756,"date":"2015-06-01T15:25:07","date_gmt":"2015-09-09T12:25:07","guid":{"rendered":"http:\/\/vunder-ee.sn25.zone.eu\/lv\/product\/ota-raphael-fun-831-2\/"},"modified":"2015-09-09T15:25:07","modified_gmt":"2015-09-09T12:25:07","slug":"ota-raphael-fun-8314","status":"publish","type":"product","link":"https:\/\/hobstop.ee\/lv\/produkts\/ota-raphael-fun-8314\/","title":{"rendered":"Ota Raphael Fun 8314"},"content":{"rendered":"<p>Raphael Fun otas \u2013 tas ir pirmais solis glezniec\u012bb\u0101. Ponija sariem piem\u012bt daudzpus\u012bgas \u012bpa\u0161\u012bbas, tie ir labi piem\u0113roti \u016bdenskr\u0101su ot\u0101m ies\u0101c\u0113jiem. \u0160\u012bs otas ir \u013coti iztur\u012bgas, ar smalku galu \u2013 lieliski pal\u012bgi glezno\u0161anas s\u0101kumposm\u0101. Alum\u012bnija uzgalis bez \u0161uv\u0113m, \u012bss, lakots rokturis oran\u017e\u0101 kr\u0101s\u0101.<br \/>\nGlezno\u0161anas tehnika: univers\u0101la (akrils, akvarelis, tekstils, z\u012bds, u.c.)<br \/>\nPielietojums: deta\u013cas<\/p>\n","protected":false},"excerpt":{"rendered":"<p>Raphael Fun otas \u2013 tas ir pirmais solis glezniec\u012bb\u0101. Ponija sariem piem\u012bt daudzpus\u012bgas \u012bpa\u0161\u012bbas, tie ir labi piem\u0113roti \u016bdenskr\u0101su ot\u0101m ies\u0101c\u0113jiem. \u0160\u012bs otas ir \u013coti iztur\u012bgas, ar smalku galu \u2013 lieliski pal\u012bgi glezno\u0161anas s\u0101kumposm\u0101. Alum\u012bnija uzgalis bez \u0161uv\u0113m, \u012bss, lakots rokturis oran\u017e\u0101 kr\u0101s\u0101. Glezno\u0161anas tehnika: univers\u0101la (akrils, akvarelis, tekstils, z\u012bds, u.c.) Pielietojums: deta\u013cas<\/p>\n","protected":false},"featured_media":222247,"comment_status":"closed","ping_status":"closed","template":"","meta":{"_acf_changed":false,"ep_exclude_from_search":false},"product_cat":[18638,18171,17916],"product_tag":[],"class_list":{"0":"post-213756","1":"product","2":"type-product","3":"status-publish","4":"has-post-thumbnail","6":"product_cat-otas","7":"product_cat-poniju-otas-2","8":"product_cat-preces-skolai","10":"first","11":"instock","12":"sale","13":"taxable","14":"shipping-taxable","15":"purchasable","16":"product-type-variable"},"acf":[],"yoast_head":"<!-- This site is optimized with the Yoast SEO plugin v24.1 - https:\/\/yoast.com\/wordpress\/plugins\/seo\/ -->\n<title>Ota Raphael Fun 8314 &#8211; Skizze<\/title>\n<meta name=\"robots\" content=\"noindex, follow, max-snippet:-1, max-image-preview:large, max-video-preview:-1\" \/>\n<meta property=\"og:locale\" content=\"lv_LV\" \/>\n<meta property=\"og:type\" content=\"article\" \/>\n<meta property=\"og:title\" content=\"Ota Raphael Fun 8314 &#8211; Skizze\" \/>\n<meta property=\"og:description\" content=\"Raphael Fun otas \u2013 tas ir pirmais solis glezniec\u012bb\u0101. Ponija sariem piem\u012bt daudzpus\u012bgas \u012bpa\u0161\u012bbas, tie ir labi piem\u0113roti \u016bdenskr\u0101su ot\u0101m ies\u0101c\u0113jiem. \u0160\u012bs otas ir \u013coti iztur\u012bgas, ar smalku galu \u2013 lieliski pal\u012bgi glezno\u0161anas s\u0101kumposm\u0101. Alum\u012bnija uzgalis bez \u0161uv\u0113m, \u012bss, lakots rokturis oran\u017e\u0101 kr\u0101s\u0101. Glezno\u0161anas tehnika: univers\u0101la (akrils, akvarelis, tekstils, z\u012bds, u.c.) Pielietojums: deta\u013cas\" \/>\n<meta property=\"og:url\" content=\"https:\/\/hobstop.ee\/lv\/produkts\/ota-raphael-fun-8314\/\" \/>\n<meta property=\"og:site_name\" content=\"Skizze\" \/>\n<meta property=\"article:publisher\" content=\"http:\/\/www.facebook.com\/VunderSkizze\" \/>\n<meta property=\"og:image\" content=\"https:\/\/hobstop.ee\/media\/1434.jpg\" \/>\n\t<meta property=\"og:image:width\" content=\"1024\" \/>\n\t<meta property=\"og:image:height\" content=\"768\" \/>\n\t<meta property=\"og:image:type\" content=\"image\/jpeg\" \/>\n<meta name=\"twitter:card\" content=\"summary_large_image\" \/>\n<script type=\"application\/ld+json\" class=\"yoast-schema-graph\">{\"@context\":\"https:\/\/schema.org\",\"@graph\":[{\"@type\":\"WebPage\",\"@id\":\"https:\/\/hobstop.ee\/lv\/produkts\/ota-raphael-fun-8314\/\",\"url\":\"https:\/\/hobstop.ee\/lv\/produkts\/ota-raphael-fun-8314\/\",\"name\":\"Ota Raphael Fun 8314 &#8211; Skizze\",\"isPartOf\":{\"@id\":\"https:\/\/hobstop.ee\/lv\/#website\"},\"primaryImageOfPage\":{\"@id\":\"https:\/\/hobstop.ee\/lv\/produkts\/ota-raphael-fun-8314\/#primaryimage\"},\"image\":{\"@id\":\"https:\/\/hobstop.ee\/lv\/produkts\/ota-raphael-fun-8314\/#primaryimage\"},\"thumbnailUrl\":\"https:\/\/hobstop.ee\/media\/1434.jpg\",\"datePublished\":\"2015-09-09T12:25:07+00:00\",\"dateModified\":\"2015-09-09T12:25:07+00:00\",\"breadcrumb\":{\"@id\":\"https:\/\/hobstop.ee\/lv\/produkts\/ota-raphael-fun-8314\/#breadcrumb\"},\"inLanguage\":\"lv-LV\",\"potentialAction\":[{\"@type\":\"ReadAction\",\"target\":[\"https:\/\/hobstop.ee\/lv\/produkts\/ota-raphael-fun-8314\/\"]}]},{\"@type\":\"ImageObject\",\"inLanguage\":\"lv-LV\",\"@id\":\"https:\/\/hobstop.ee\/lv\/produkts\/ota-raphael-fun-8314\/#primaryimage\",\"url\":\"https:\/\/hobstop.ee\/media\/1434.jpg\",\"contentUrl\":\"https:\/\/hobstop.ee\/media\/1434.jpg\",\"width\":1024,\"height\":768},{\"@type\":\"BreadcrumbList\",\"@id\":\"https:\/\/hobstop.ee\/lv\/produkts\/ota-raphael-fun-8314\/#breadcrumb\",\"itemListElement\":[{\"@type\":\"ListItem\",\"position\":1,\"name\":\"Avaleht\",\"item\":\"https:\/\/www.hobstop.ee\/lv\/\"},{\"@type\":\"ListItem\",\"position\":2,\"name\":\"Veikals\",\"item\":\"https:\/\/www.hobstop.ee\/lv\/veikals\/\"},{\"@type\":\"ListItem\",\"position\":3,\"name\":\"Ota Raphael Fun 8314\"}]},{\"@type\":\"WebSite\",\"@id\":\"https:\/\/hobstop.ee\/lv\/#website\",\"url\":\"https:\/\/hobstop.ee\/lv\/\",\"name\":\"Skizze\",\"description\":\"M\u0101kslas, hobiju un skolas preces\",\"publisher\":{\"@id\":\"https:\/\/hobstop.ee\/lv\/#organization\"},\"potentialAction\":[{\"@type\":\"SearchAction\",\"target\":{\"@type\":\"EntryPoint\",\"urlTemplate\":\"https:\/\/hobstop.ee\/lv\/?s={search_term_string}\"},\"query-input\":{\"@type\":\"PropertyValueSpecification\",\"valueRequired\":true,\"valueName\":\"search_term_string\"}}],\"inLanguage\":\"lv-LV\"},{\"@type\":\"Organization\",\"@id\":\"https:\/\/hobstop.ee\/lv\/#organization\",\"name\":\"Vunder AS\",\"url\":\"https:\/\/hobstop.ee\/lv\/\",\"logo\":{\"@type\":\"ImageObject\",\"inLanguage\":\"lv-LV\",\"@id\":\"https:\/\/hobstop.ee\/lv\/#\/schema\/logo\/image\/\",\"url\":\"https:\/\/hobstop.ee\/media\/vunder-logo.png\",\"contentUrl\":\"https:\/\/hobstop.ee\/media\/vunder-logo.png\",\"width\":127,\"height\":55,\"caption\":\"Vunder AS\"},\"image\":{\"@id\":\"https:\/\/hobstop.ee\/lv\/#\/schema\/logo\/image\/\"},\"sameAs\":[\"http:\/\/www.facebook.com\/VunderSkizze\"]}]}<\/script>\n<!-- \/ Yoast SEO plugin. -->","yoast_head_json":{"title":"Ota Raphael Fun 8314 &#8211; Skizze","robots":{"index":"noindex","follow":"follow","max-snippet":"max-snippet:-1","max-image-preview":"max-image-preview:large","max-video-preview":"max-video-preview:-1"},"og_locale":"lv_LV","og_type":"article","og_title":"Ota Raphael Fun 8314 &#8211; Skizze","og_description":"Raphael Fun otas \u2013 tas ir pirmais solis glezniec\u012bb\u0101. Ponija sariem piem\u012bt daudzpus\u012bgas \u012bpa\u0161\u012bbas, tie ir labi piem\u0113roti \u016bdenskr\u0101su ot\u0101m ies\u0101c\u0113jiem. \u0160\u012bs otas ir \u013coti iztur\u012bgas, ar smalku galu \u2013 lieliski pal\u012bgi glezno\u0161anas s\u0101kumposm\u0101. Alum\u012bnija uzgalis bez \u0161uv\u0113m, \u012bss, lakots rokturis oran\u017e\u0101 kr\u0101s\u0101. Glezno\u0161anas tehnika: univers\u0101la (akrils, akvarelis, tekstils, z\u012bds, u.c.) Pielietojums: deta\u013cas","og_url":"https:\/\/hobstop.ee\/lv\/produkts\/ota-raphael-fun-8314\/","og_site_name":"Skizze","article_publisher":"http:\/\/www.facebook.com\/VunderSkizze","og_image":[{"width":1024,"height":768,"url":"https:\/\/hobstop.ee\/media\/1434.jpg","type":"image\/jpeg"}],"twitter_card":"summary_large_image","schema":{"@context":"https:\/\/schema.org","@graph":[{"@type":"WebPage","@id":"https:\/\/hobstop.ee\/lv\/produkts\/ota-raphael-fun-8314\/","url":"https:\/\/hobstop.ee\/lv\/produkts\/ota-raphael-fun-8314\/","name":"Ota Raphael Fun 8314 &#8211; Skizze","isPartOf":{"@id":"https:\/\/hobstop.ee\/lv\/#website"},"primaryImageOfPage":{"@id":"https:\/\/hobstop.ee\/lv\/produkts\/ota-raphael-fun-8314\/#primaryimage"},"image":{"@id":"https:\/\/hobstop.ee\/lv\/produkts\/ota-raphael-fun-8314\/#primaryimage"},"thumbnailUrl":"https:\/\/hobstop.ee\/media\/1434.jpg","datePublished":"2015-09-09T12:25:07+00:00","dateModified":"2015-09-09T12:25:07+00:00","breadcrumb":{"@id":"https:\/\/hobstop.ee\/lv\/produkts\/ota-raphael-fun-8314\/#breadcrumb"},"inLanguage":"lv-LV","potentialAction":[{"@type":"ReadAction","target":["https:\/\/hobstop.ee\/lv\/produkts\/ota-raphael-fun-8314\/"]}]},{"@type":"ImageObject","inLanguage":"lv-LV","@id":"https:\/\/hobstop.ee\/lv\/produkts\/ota-raphael-fun-8314\/#primaryimage","url":"https:\/\/hobstop.ee\/media\/1434.jpg","contentUrl":"https:\/\/hobstop.ee\/media\/1434.jpg","width":1024,"height":768},{"@type":"BreadcrumbList","@id":"https:\/\/hobstop.ee\/lv\/produkts\/ota-raphael-fun-8314\/#breadcrumb","itemListElement":[{"@type":"ListItem","position":1,"name":"Avaleht","item":"https:\/\/www.hobstop.ee\/lv\/"},{"@type":"ListItem","position":2,"name":"Veikals","item":"https:\/\/www.hobstop.ee\/lv\/veikals\/"},{"@type":"ListItem","position":3,"name":"Ota Raphael Fun 8314"}]},{"@type":"WebSite","@id":"https:\/\/hobstop.ee\/lv\/#website","url":"https:\/\/hobstop.ee\/lv\/","name":"Skizze","description":"M\u0101kslas, hobiju un skolas preces","publisher":{"@id":"https:\/\/hobstop.ee\/lv\/#organization"},"potentialAction":[{"@type":"SearchAction","target":{"@type":"EntryPoint","urlTemplate":"https:\/\/hobstop.ee\/lv\/?s={search_term_string}"},"query-input":{"@type":"PropertyValueSpecification","valueRequired":true,"valueName":"search_term_string"}}],"inLanguage":"lv-LV"},{"@type":"Organization","@id":"https:\/\/hobstop.ee\/lv\/#organization","name":"Vunder AS","url":"https:\/\/hobstop.ee\/lv\/","logo":{"@type":"ImageObject","inLanguage":"lv-LV","@id":"https:\/\/hobstop.ee\/lv\/#\/schema\/logo\/image\/","url":"https:\/\/hobstop.ee\/media\/vunder-logo.png","contentUrl":"https:\/\/hobstop.ee\/media\/vunder-logo.png","width":127,"height":55,"caption":"Vunder AS"},"image":{"@id":"https:\/\/hobstop.ee\/lv\/#\/schema\/logo\/image\/"},"sameAs":["http:\/\/www.facebook.com\/VunderSkizze"]}]}},"_links":{"self":[{"href":"https:\/\/hobstop.ee\/lv\/wp-json\/wp\/v2\/product\/213756","targetHints":{"allow":["GET"]}}],"collection":[{"href":"https:\/\/hobstop.ee\/lv\/wp-json\/wp\/v2\/product"}],"about":[{"href":"https:\/\/hobstop.ee\/lv\/wp-json\/wp\/v2\/types\/product"}],"replies":[{"embeddable":true,"href":"https:\/\/hobstop.ee\/lv\/wp-json\/wp\/v2\/comments?post=213756"}],"wp:featuredmedia":[{"embeddable":true,"href":"https:\/\/hobstop.ee\/lv\/wp-json\/wp\/v2\/media\/222247"}],"wp:attachment":[{"href":"https:\/\/hobstop.ee\/lv\/wp-json\/wp\/v2\/media?parent=213756"}],"wp:term":[{"taxonomy":"product_cat","embeddable":true,"href":"https:\/\/hobstop.ee\/lv\/wp-json\/wp\/v2\/product_cat?post=213756"},{"taxonomy":"product_tag","embeddable":true,"href":"https:\/\/hobstop.ee\/lv\/wp-json\/wp\/v2\/product_tag?post=213756"}],"curies":[{"name":"wp","href":"https:\/\/api.w.org\/{rel}","templated":true}]}}