{"id":213760,"date":"2015-06-01T15:25:09","date_gmt":"2015-09-09T12:25:09","guid":{"rendered":"http:\/\/vunder-ee.sn25.zone.eu\/lv\/product\/ota-raphael-martora-8424-2\/"},"modified":"2015-09-09T15:25:09","modified_gmt":"2015-09-09T12:25:09","slug":"ota-raphael-martora-8424-apala","status":"publish","type":"product","link":"https:\/\/hobstop.ee\/lv\/produkts\/ota-raphael-martora-8424-apala\/","title":{"rendered":"Ota Raphael Martora 8424 apa\u013ca"},"content":{"rendered":"<p>Sabu\u013ca spalvu otas no Martora kl\u0101sta padara t\u0101s ide\u0101li piem\u0113rotas akvare\u013cu darbiem. To lielisk\u0101 apdare nodro\u0161ina labu darbu izpildi un atsauc\u012bbu un lielisku kapilarit\u0101ti. \u0160is otas tips ir \u013coti labs ar\u012b tinti un gua\u0161ai. Martora 8424 s\u0113rija sast\u0101v no apa\u013c\u0101m birst\u0113m, kas piem\u0113rotas tuvpl\u0101nam, mot\u012bviem un deta\u013c\u0101m. Ar ni\u0137e\u013ca misi\u0146a r\u016bsu un \u012bsu lakotu rokturi bordo kr\u0101s\u0101.<br \/>\nGlezno\u0161anas tehnika: akvare\u013ci<br \/>\nPielietojums: deta\u013cas, kont\u016bras<\/p>\n","protected":false},"excerpt":{"rendered":"<p>Sabu\u013ca spalvu otas no Martora kl\u0101sta padara t\u0101s ide\u0101li piem\u0113rotas akvare\u013cu darbiem. To lielisk\u0101 apdare nodro\u0161ina labu darbu izpildi un atsauc\u012bbu un lielisku kapilarit\u0101ti. \u0160is otas tips ir \u013coti labs ar\u012b tinti un gua\u0161ai. Martora 8424 s\u0113rija sast\u0101v no apa\u013c\u0101m birst\u0113m, kas piem\u0113rotas tuvpl\u0101nam, mot\u012bviem un deta\u013c\u0101m. Ar ni\u0137e\u013ca misi\u0146a r\u016bsu un \u012bsu lakotu rokturi bordo kr\u0101s\u0101. Glezno\u0161anas tehnika: akvare\u013ci Pielietojums: deta\u013cas, kont\u016bras<\/p>\n","protected":false},"featured_media":222251,"comment_status":"closed","ping_status":"closed","template":"","meta":{"_acf_changed":false,"ep_exclude_from_search":false},"product_cat":[16123,18650,18392],"product_tag":[],"class_list":{"0":"post-213760","1":"product","2":"type-product","3":"status-publish","4":"has-post-thumbnail","6":"product_cat-makslas-piederumi-2","7":"product_cat-otas-un-piederumi","8":"product_cat-sabula-otas","10":"first","11":"instock","12":"taxable","13":"shipping-taxable","14":"purchasable","15":"product-type-variable"},"acf":[],"yoast_head":"<!-- This site is optimized with the Yoast SEO plugin v24.1 - https:\/\/yoast.com\/wordpress\/plugins\/seo\/ -->\n<title>Ota Raphael Martora 8424 apa\u013ca &#8211; Skizze<\/title>\n<meta name=\"robots\" content=\"noindex, follow, max-snippet:-1, max-image-preview:large, max-video-preview:-1\" \/>\n<meta property=\"og:locale\" content=\"lv_LV\" \/>\n<meta property=\"og:type\" content=\"article\" \/>\n<meta property=\"og:title\" content=\"Ota Raphael Martora 8424 apa\u013ca &#8211; Skizze\" \/>\n<meta property=\"og:description\" content=\"Sabu\u013ca spalvu otas no Martora kl\u0101sta padara t\u0101s ide\u0101li piem\u0113rotas akvare\u013cu darbiem. To lielisk\u0101 apdare nodro\u0161ina labu darbu izpildi un atsauc\u012bbu un lielisku kapilarit\u0101ti. \u0160is otas tips ir \u013coti labs ar\u012b tinti un gua\u0161ai. Martora 8424 s\u0113rija sast\u0101v no apa\u013c\u0101m birst\u0113m, kas piem\u0113rotas tuvpl\u0101nam, mot\u012bviem un deta\u013c\u0101m. Ar ni\u0137e\u013ca misi\u0146a r\u016bsu un \u012bsu lakotu rokturi bordo kr\u0101s\u0101. Glezno\u0161anas tehnika: akvare\u013ci Pielietojums: deta\u013cas, kont\u016bras\" \/>\n<meta property=\"og:url\" content=\"https:\/\/hobstop.ee\/lv\/produkts\/ota-raphael-martora-8424-apala\/\" \/>\n<meta property=\"og:site_name\" content=\"Skizze\" \/>\n<meta property=\"article:publisher\" content=\"http:\/\/www.facebook.com\/VunderSkizze\" \/>\n<meta property=\"og:image\" content=\"https:\/\/hobstop.ee\/media\/1436.jpg\" \/>\n\t<meta property=\"og:image:width\" content=\"1024\" \/>\n\t<meta property=\"og:image:height\" content=\"768\" \/>\n\t<meta property=\"og:image:type\" content=\"image\/jpeg\" \/>\n<meta name=\"twitter:card\" content=\"summary_large_image\" \/>\n<script type=\"application\/ld+json\" class=\"yoast-schema-graph\">{\"@context\":\"https:\/\/schema.org\",\"@graph\":[{\"@type\":\"WebPage\",\"@id\":\"https:\/\/hobstop.ee\/lv\/produkts\/ota-raphael-martora-8424-apala\/\",\"url\":\"https:\/\/hobstop.ee\/lv\/produkts\/ota-raphael-martora-8424-apala\/\",\"name\":\"Ota Raphael Martora 8424 apa\u013ca &#8211; Skizze\",\"isPartOf\":{\"@id\":\"https:\/\/hobstop.ee\/lv\/#website\"},\"primaryImageOfPage\":{\"@id\":\"https:\/\/hobstop.ee\/lv\/produkts\/ota-raphael-martora-8424-apala\/#primaryimage\"},\"image\":{\"@id\":\"https:\/\/hobstop.ee\/lv\/produkts\/ota-raphael-martora-8424-apala\/#primaryimage\"},\"thumbnailUrl\":\"https:\/\/hobstop.ee\/media\/1436.jpg\",\"datePublished\":\"2015-09-09T12:25:09+00:00\",\"dateModified\":\"2015-09-09T12:25:09+00:00\",\"breadcrumb\":{\"@id\":\"https:\/\/hobstop.ee\/lv\/produkts\/ota-raphael-martora-8424-apala\/#breadcrumb\"},\"inLanguage\":\"lv-LV\",\"potentialAction\":[{\"@type\":\"ReadAction\",\"target\":[\"https:\/\/hobstop.ee\/lv\/produkts\/ota-raphael-martora-8424-apala\/\"]}]},{\"@type\":\"ImageObject\",\"inLanguage\":\"lv-LV\",\"@id\":\"https:\/\/hobstop.ee\/lv\/produkts\/ota-raphael-martora-8424-apala\/#primaryimage\",\"url\":\"https:\/\/hobstop.ee\/media\/1436.jpg\",\"contentUrl\":\"https:\/\/hobstop.ee\/media\/1436.jpg\",\"width\":1024,\"height\":768},{\"@type\":\"BreadcrumbList\",\"@id\":\"https:\/\/hobstop.ee\/lv\/produkts\/ota-raphael-martora-8424-apala\/#breadcrumb\",\"itemListElement\":[{\"@type\":\"ListItem\",\"position\":1,\"name\":\"Avaleht\",\"item\":\"https:\/\/www.hobstop.ee\/lv\/\"},{\"@type\":\"ListItem\",\"position\":2,\"name\":\"Veikals\",\"item\":\"https:\/\/www.hobstop.ee\/lv\/veikals\/\"},{\"@type\":\"ListItem\",\"position\":3,\"name\":\"Ota Raphael Martora 8424 apa\u013ca\"}]},{\"@type\":\"WebSite\",\"@id\":\"https:\/\/hobstop.ee\/lv\/#website\",\"url\":\"https:\/\/hobstop.ee\/lv\/\",\"name\":\"Skizze\",\"description\":\"M\u0101kslas, hobiju un skolas preces\",\"publisher\":{\"@id\":\"https:\/\/hobstop.ee\/lv\/#organization\"},\"potentialAction\":[{\"@type\":\"SearchAction\",\"target\":{\"@type\":\"EntryPoint\",\"urlTemplate\":\"https:\/\/hobstop.ee\/lv\/?s={search_term_string}\"},\"query-input\":{\"@type\":\"PropertyValueSpecification\",\"valueRequired\":true,\"valueName\":\"search_term_string\"}}],\"inLanguage\":\"lv-LV\"},{\"@type\":\"Organization\",\"@id\":\"https:\/\/hobstop.ee\/lv\/#organization\",\"name\":\"Vunder AS\",\"url\":\"https:\/\/hobstop.ee\/lv\/\",\"logo\":{\"@type\":\"ImageObject\",\"inLanguage\":\"lv-LV\",\"@id\":\"https:\/\/hobstop.ee\/lv\/#\/schema\/logo\/image\/\",\"url\":\"https:\/\/hobstop.ee\/media\/vunder-logo.png\",\"contentUrl\":\"https:\/\/hobstop.ee\/media\/vunder-logo.png\",\"width\":127,\"height\":55,\"caption\":\"Vunder AS\"},\"image\":{\"@id\":\"https:\/\/hobstop.ee\/lv\/#\/schema\/logo\/image\/\"},\"sameAs\":[\"http:\/\/www.facebook.com\/VunderSkizze\"]}]}<\/script>\n<!-- \/ Yoast SEO plugin. -->","yoast_head_json":{"title":"Ota Raphael Martora 8424 apa\u013ca &#8211; Skizze","robots":{"index":"noindex","follow":"follow","max-snippet":"max-snippet:-1","max-image-preview":"max-image-preview:large","max-video-preview":"max-video-preview:-1"},"og_locale":"lv_LV","og_type":"article","og_title":"Ota Raphael Martora 8424 apa\u013ca &#8211; Skizze","og_description":"Sabu\u013ca spalvu otas no Martora kl\u0101sta padara t\u0101s ide\u0101li piem\u0113rotas akvare\u013cu darbiem. To lielisk\u0101 apdare nodro\u0161ina labu darbu izpildi un atsauc\u012bbu un lielisku kapilarit\u0101ti. \u0160is otas tips ir \u013coti labs ar\u012b tinti un gua\u0161ai. Martora 8424 s\u0113rija sast\u0101v no apa\u013c\u0101m birst\u0113m, kas piem\u0113rotas tuvpl\u0101nam, mot\u012bviem un deta\u013c\u0101m. Ar ni\u0137e\u013ca misi\u0146a r\u016bsu un \u012bsu lakotu rokturi bordo kr\u0101s\u0101. Glezno\u0161anas tehnika: akvare\u013ci Pielietojums: deta\u013cas, kont\u016bras","og_url":"https:\/\/hobstop.ee\/lv\/produkts\/ota-raphael-martora-8424-apala\/","og_site_name":"Skizze","article_publisher":"http:\/\/www.facebook.com\/VunderSkizze","og_image":[{"width":1024,"height":768,"url":"https:\/\/hobstop.ee\/media\/1436.jpg","type":"image\/jpeg"}],"twitter_card":"summary_large_image","schema":{"@context":"https:\/\/schema.org","@graph":[{"@type":"WebPage","@id":"https:\/\/hobstop.ee\/lv\/produkts\/ota-raphael-martora-8424-apala\/","url":"https:\/\/hobstop.ee\/lv\/produkts\/ota-raphael-martora-8424-apala\/","name":"Ota Raphael Martora 8424 apa\u013ca &#8211; Skizze","isPartOf":{"@id":"https:\/\/hobstop.ee\/lv\/#website"},"primaryImageOfPage":{"@id":"https:\/\/hobstop.ee\/lv\/produkts\/ota-raphael-martora-8424-apala\/#primaryimage"},"image":{"@id":"https:\/\/hobstop.ee\/lv\/produkts\/ota-raphael-martora-8424-apala\/#primaryimage"},"thumbnailUrl":"https:\/\/hobstop.ee\/media\/1436.jpg","datePublished":"2015-09-09T12:25:09+00:00","dateModified":"2015-09-09T12:25:09+00:00","breadcrumb":{"@id":"https:\/\/hobstop.ee\/lv\/produkts\/ota-raphael-martora-8424-apala\/#breadcrumb"},"inLanguage":"lv-LV","potentialAction":[{"@type":"ReadAction","target":["https:\/\/hobstop.ee\/lv\/produkts\/ota-raphael-martora-8424-apala\/"]}]},{"@type":"ImageObject","inLanguage":"lv-LV","@id":"https:\/\/hobstop.ee\/lv\/produkts\/ota-raphael-martora-8424-apala\/#primaryimage","url":"https:\/\/hobstop.ee\/media\/1436.jpg","contentUrl":"https:\/\/hobstop.ee\/media\/1436.jpg","width":1024,"height":768},{"@type":"BreadcrumbList","@id":"https:\/\/hobstop.ee\/lv\/produkts\/ota-raphael-martora-8424-apala\/#breadcrumb","itemListElement":[{"@type":"ListItem","position":1,"name":"Avaleht","item":"https:\/\/www.hobstop.ee\/lv\/"},{"@type":"ListItem","position":2,"name":"Veikals","item":"https:\/\/www.hobstop.ee\/lv\/veikals\/"},{"@type":"ListItem","position":3,"name":"Ota Raphael Martora 8424 apa\u013ca"}]},{"@type":"WebSite","@id":"https:\/\/hobstop.ee\/lv\/#website","url":"https:\/\/hobstop.ee\/lv\/","name":"Skizze","description":"M\u0101kslas, hobiju un skolas preces","publisher":{"@id":"https:\/\/hobstop.ee\/lv\/#organization"},"potentialAction":[{"@type":"SearchAction","target":{"@type":"EntryPoint","urlTemplate":"https:\/\/hobstop.ee\/lv\/?s={search_term_string}"},"query-input":{"@type":"PropertyValueSpecification","valueRequired":true,"valueName":"search_term_string"}}],"inLanguage":"lv-LV"},{"@type":"Organization","@id":"https:\/\/hobstop.ee\/lv\/#organization","name":"Vunder AS","url":"https:\/\/hobstop.ee\/lv\/","logo":{"@type":"ImageObject","inLanguage":"lv-LV","@id":"https:\/\/hobstop.ee\/lv\/#\/schema\/logo\/image\/","url":"https:\/\/hobstop.ee\/media\/vunder-logo.png","contentUrl":"https:\/\/hobstop.ee\/media\/vunder-logo.png","width":127,"height":55,"caption":"Vunder AS"},"image":{"@id":"https:\/\/hobstop.ee\/lv\/#\/schema\/logo\/image\/"},"sameAs":["http:\/\/www.facebook.com\/VunderSkizze"]}]}},"_links":{"self":[{"href":"https:\/\/hobstop.ee\/lv\/wp-json\/wp\/v2\/product\/213760","targetHints":{"allow":["GET"]}}],"collection":[{"href":"https:\/\/hobstop.ee\/lv\/wp-json\/wp\/v2\/product"}],"about":[{"href":"https:\/\/hobstop.ee\/lv\/wp-json\/wp\/v2\/types\/product"}],"replies":[{"embeddable":true,"href":"https:\/\/hobstop.ee\/lv\/wp-json\/wp\/v2\/comments?post=213760"}],"wp:featuredmedia":[{"embeddable":true,"href":"https:\/\/hobstop.ee\/lv\/wp-json\/wp\/v2\/media\/222251"}],"wp:attachment":[{"href":"https:\/\/hobstop.ee\/lv\/wp-json\/wp\/v2\/media?parent=213760"}],"wp:term":[{"taxonomy":"product_cat","embeddable":true,"href":"https:\/\/hobstop.ee\/lv\/wp-json\/wp\/v2\/product_cat?post=213760"},{"taxonomy":"product_tag","embeddable":true,"href":"https:\/\/hobstop.ee\/lv\/wp-json\/wp\/v2\/product_tag?post=213760"}],"curies":[{"name":"wp","href":"https:\/\/api.w.org\/{rel}","templated":true}]}}