{"id":213764,"date":"2015-06-01T15:25:10","date_gmt":"2015-09-09T12:25:10","guid":{"rendered":"http:\/\/vunder-ee.sn25.zone.eu\/lv\/product\/ota-raphael-impasto-878-2\/"},"modified":"2015-09-09T15:25:10","modified_gmt":"2015-09-09T12:25:10","slug":"ota-raphael-impasto-878-plakana","status":"publish","type":"product","link":"https:\/\/hobstop.ee\/lv\/produkts\/ota-raphael-impasto-878-plakana\/","title":{"rendered":"Ota Raphael Impasto 878 plakana"},"content":{"rendered":"<p>Raphael Impasto izmanto dab\u012bgos v\u0113r\u0161a ausu sarus, lai izgatavotu \u013coti iztur\u012bgas otas. Pateicoties \u0161\u0137iedru kvalit\u0101tei, ir rasts lielisks kompromiss starp izteikti m\u012bkstiem un maksim\u0101li cietiem sariem. Otu maigais piesk\u0101riens var tikt izmantots, lai veidotu ton\u0113jumus, kr\u0101su k\u0101rtas un pie\u0161\u0137irtu formu. \u0160\u012bs otas ir \u013coti popul\u0101ras m\u0101kslinieku vid\u016b un piem\u0113rotas visa veida kr\u0101s\u0101m. Ni\u0137e\u013ca-misi\u0146a sakaus\u0113juma uzgalis, gar\u0161 rokturis b\u0113\u0161\u0101 kr\u0101s\u0101, br\u016bns gali\u0146\u0161.<br \/>\nGlezno\u0161anas tehnika: e\u013c\u013cas kr\u0101sas<br \/>\nPielietojums: nelielu laukumu p\u0101rkl\u0101\u0161anai, redzamas otas vilcienu p\u0113das<\/p>\n","protected":false},"excerpt":{"rendered":"<p>Raphael Impasto izmanto dab\u012bgos v\u0113r\u0161a ausu sarus, lai izgatavotu \u013coti iztur\u012bgas otas. Pateicoties \u0161\u0137iedru kvalit\u0101tei, ir rasts lielisks kompromiss starp izteikti m\u012bkstiem un maksim\u0101li cietiem sariem. Otu maigais piesk\u0101riens var tikt izmantots, lai veidotu ton\u0113jumus, kr\u0101su k\u0101rtas un pie\u0161\u0137irtu formu. \u0160\u012bs otas ir \u013coti popul\u0101ras m\u0101kslinieku vid\u016b un piem\u0113rotas visa veida kr\u0101s\u0101m. Ni\u0137e\u013ca-misi\u0146a sakaus\u0113juma uzgalis, gar\u0161 rokturis b\u0113\u0161\u0101 kr\u0101s\u0101, br\u016bns gali\u0146\u0161. Glezno\u0161anas tehnika: e\u013c\u013cas kr\u0101sas Pielietojums: nelielu laukumu p\u0101rkl\u0101\u0161anai, redzamas otas vilcienu p\u0113das<\/p>\n","protected":false},"featured_media":222255,"comment_status":"closed","ping_status":"closed","template":"","meta":{"_acf_changed":false,"ep_exclude_from_search":false},"product_cat":[16123,18650,18381],"product_tag":[],"class_list":{"0":"post-213764","1":"product","2":"type-product","3":"status-publish","4":"has-post-thumbnail","6":"product_cat-makslas-piederumi-2","7":"product_cat-otas-un-piederumi","8":"product_cat-versa-otas","10":"first","11":"instock","12":"sale","13":"taxable","14":"shipping-taxable","15":"purchasable","16":"product-type-variable"},"acf":[],"yoast_head":"<!-- This site is optimized with the Yoast SEO plugin v24.1 - https:\/\/yoast.com\/wordpress\/plugins\/seo\/ -->\n<title>Ota Raphael Impasto 878 plakana &#8211; Skizze<\/title>\n<meta name=\"robots\" content=\"noindex, follow, max-snippet:-1, max-image-preview:large, max-video-preview:-1\" \/>\n<meta property=\"og:locale\" content=\"lv_LV\" \/>\n<meta property=\"og:type\" content=\"article\" \/>\n<meta property=\"og:title\" content=\"Ota Raphael Impasto 878 plakana &#8211; Skizze\" \/>\n<meta property=\"og:description\" content=\"Raphael Impasto izmanto dab\u012bgos v\u0113r\u0161a ausu sarus, lai izgatavotu \u013coti iztur\u012bgas otas. Pateicoties \u0161\u0137iedru kvalit\u0101tei, ir rasts lielisks kompromiss starp izteikti m\u012bkstiem un maksim\u0101li cietiem sariem. Otu maigais piesk\u0101riens var tikt izmantots, lai veidotu ton\u0113jumus, kr\u0101su k\u0101rtas un pie\u0161\u0137irtu formu. \u0160\u012bs otas ir \u013coti popul\u0101ras m\u0101kslinieku vid\u016b un piem\u0113rotas visa veida kr\u0101s\u0101m. Ni\u0137e\u013ca-misi\u0146a sakaus\u0113juma uzgalis, gar\u0161 rokturis b\u0113\u0161\u0101 kr\u0101s\u0101, br\u016bns gali\u0146\u0161. Glezno\u0161anas tehnika: e\u013c\u013cas kr\u0101sas Pielietojums: nelielu laukumu p\u0101rkl\u0101\u0161anai, redzamas otas vilcienu p\u0113das\" \/>\n<meta property=\"og:url\" content=\"https:\/\/hobstop.ee\/lv\/produkts\/ota-raphael-impasto-878-plakana\/\" \/>\n<meta property=\"og:site_name\" content=\"Skizze\" \/>\n<meta property=\"article:publisher\" content=\"http:\/\/www.facebook.com\/VunderSkizze\" \/>\n<meta property=\"og:image\" content=\"https:\/\/www.hobstop.ee\/media\/1443.jpg\" \/>\n\t<meta property=\"og:image:width\" content=\"1024\" \/>\n\t<meta property=\"og:image:height\" content=\"768\" \/>\n\t<meta property=\"og:image:type\" content=\"image\/jpeg\" \/>\n<meta name=\"twitter:card\" content=\"summary_large_image\" \/>\n<meta name=\"twitter:label1\" content=\"Est. reading time\" \/>\n\t<meta name=\"twitter:data1\" content=\"1 min\u016b\u0161u\" \/>\n<script type=\"application\/ld+json\" class=\"yoast-schema-graph\">{\"@context\":\"https:\/\/schema.org\",\"@graph\":[{\"@type\":\"WebPage\",\"@id\":\"https:\/\/hobstop.ee\/lv\/produkts\/ota-raphael-impasto-878-plakana\/\",\"url\":\"https:\/\/hobstop.ee\/lv\/produkts\/ota-raphael-impasto-878-plakana\/\",\"name\":\"Ota Raphael Impasto 878 plakana &#8211; Skizze\",\"isPartOf\":{\"@id\":\"https:\/\/hobstop.ee\/lv\/#website\"},\"primaryImageOfPage\":{\"@id\":\"https:\/\/hobstop.ee\/lv\/produkts\/ota-raphael-impasto-878-plakana\/#primaryimage\"},\"image\":{\"@id\":\"https:\/\/hobstop.ee\/lv\/produkts\/ota-raphael-impasto-878-plakana\/#primaryimage\"},\"thumbnailUrl\":\"https:\/\/hobstop.ee\/media\/1443.jpg\",\"datePublished\":\"2015-09-09T12:25:10+00:00\",\"dateModified\":\"2015-09-09T12:25:10+00:00\",\"breadcrumb\":{\"@id\":\"https:\/\/hobstop.ee\/lv\/produkts\/ota-raphael-impasto-878-plakana\/#breadcrumb\"},\"inLanguage\":\"lv-LV\",\"potentialAction\":[{\"@type\":\"ReadAction\",\"target\":[\"https:\/\/hobstop.ee\/lv\/produkts\/ota-raphael-impasto-878-plakana\/\"]}]},{\"@type\":\"ImageObject\",\"inLanguage\":\"lv-LV\",\"@id\":\"https:\/\/hobstop.ee\/lv\/produkts\/ota-raphael-impasto-878-plakana\/#primaryimage\",\"url\":\"https:\/\/hobstop.ee\/media\/1443.jpg\",\"contentUrl\":\"https:\/\/hobstop.ee\/media\/1443.jpg\",\"width\":1024,\"height\":768},{\"@type\":\"BreadcrumbList\",\"@id\":\"https:\/\/hobstop.ee\/lv\/produkts\/ota-raphael-impasto-878-plakana\/#breadcrumb\",\"itemListElement\":[{\"@type\":\"ListItem\",\"position\":1,\"name\":\"Avaleht\",\"item\":\"https:\/\/www.hobstop.ee\/lv\/\"},{\"@type\":\"ListItem\",\"position\":2,\"name\":\"Veikals\",\"item\":\"https:\/\/www.hobstop.ee\/lv\/veikals\/\"},{\"@type\":\"ListItem\",\"position\":3,\"name\":\"Ota Raphael Impasto 878 plakana\"}]},{\"@type\":\"WebSite\",\"@id\":\"https:\/\/hobstop.ee\/lv\/#website\",\"url\":\"https:\/\/hobstop.ee\/lv\/\",\"name\":\"Skizze\",\"description\":\"M\u0101kslas, hobiju un skolas preces\",\"publisher\":{\"@id\":\"https:\/\/hobstop.ee\/lv\/#organization\"},\"potentialAction\":[{\"@type\":\"SearchAction\",\"target\":{\"@type\":\"EntryPoint\",\"urlTemplate\":\"https:\/\/hobstop.ee\/lv\/?s={search_term_string}\"},\"query-input\":{\"@type\":\"PropertyValueSpecification\",\"valueRequired\":true,\"valueName\":\"search_term_string\"}}],\"inLanguage\":\"lv-LV\"},{\"@type\":\"Organization\",\"@id\":\"https:\/\/hobstop.ee\/lv\/#organization\",\"name\":\"Vunder AS\",\"url\":\"https:\/\/hobstop.ee\/lv\/\",\"logo\":{\"@type\":\"ImageObject\",\"inLanguage\":\"lv-LV\",\"@id\":\"https:\/\/hobstop.ee\/lv\/#\/schema\/logo\/image\/\",\"url\":\"https:\/\/hobstop.ee\/media\/vunder-logo.png\",\"contentUrl\":\"https:\/\/hobstop.ee\/media\/vunder-logo.png\",\"width\":127,\"height\":55,\"caption\":\"Vunder AS\"},\"image\":{\"@id\":\"https:\/\/hobstop.ee\/lv\/#\/schema\/logo\/image\/\"},\"sameAs\":[\"http:\/\/www.facebook.com\/VunderSkizze\"]}]}<\/script>\n<!-- \/ Yoast SEO plugin. -->","yoast_head_json":{"title":"Ota Raphael Impasto 878 plakana &#8211; Skizze","robots":{"index":"noindex","follow":"follow","max-snippet":"max-snippet:-1","max-image-preview":"max-image-preview:large","max-video-preview":"max-video-preview:-1"},"og_locale":"lv_LV","og_type":"article","og_title":"Ota Raphael Impasto 878 plakana &#8211; Skizze","og_description":"Raphael Impasto izmanto dab\u012bgos v\u0113r\u0161a ausu sarus, lai izgatavotu \u013coti iztur\u012bgas otas. Pateicoties \u0161\u0137iedru kvalit\u0101tei, ir rasts lielisks kompromiss starp izteikti m\u012bkstiem un maksim\u0101li cietiem sariem. Otu maigais piesk\u0101riens var tikt izmantots, lai veidotu ton\u0113jumus, kr\u0101su k\u0101rtas un pie\u0161\u0137irtu formu. \u0160\u012bs otas ir \u013coti popul\u0101ras m\u0101kslinieku vid\u016b un piem\u0113rotas visa veida kr\u0101s\u0101m. Ni\u0137e\u013ca-misi\u0146a sakaus\u0113juma uzgalis, gar\u0161 rokturis b\u0113\u0161\u0101 kr\u0101s\u0101, br\u016bns gali\u0146\u0161. Glezno\u0161anas tehnika: e\u013c\u013cas kr\u0101sas Pielietojums: nelielu laukumu p\u0101rkl\u0101\u0161anai, redzamas otas vilcienu p\u0113das","og_url":"https:\/\/hobstop.ee\/lv\/produkts\/ota-raphael-impasto-878-plakana\/","og_site_name":"Skizze","article_publisher":"http:\/\/www.facebook.com\/VunderSkizze","og_image":[{"width":1024,"height":768,"url":"https:\/\/www.hobstop.ee\/media\/1443.jpg","type":"image\/jpeg"}],"twitter_card":"summary_large_image","twitter_misc":{"Est. reading time":"1 min\u016b\u0161u"},"schema":{"@context":"https:\/\/schema.org","@graph":[{"@type":"WebPage","@id":"https:\/\/hobstop.ee\/lv\/produkts\/ota-raphael-impasto-878-plakana\/","url":"https:\/\/hobstop.ee\/lv\/produkts\/ota-raphael-impasto-878-plakana\/","name":"Ota Raphael Impasto 878 plakana &#8211; Skizze","isPartOf":{"@id":"https:\/\/hobstop.ee\/lv\/#website"},"primaryImageOfPage":{"@id":"https:\/\/hobstop.ee\/lv\/produkts\/ota-raphael-impasto-878-plakana\/#primaryimage"},"image":{"@id":"https:\/\/hobstop.ee\/lv\/produkts\/ota-raphael-impasto-878-plakana\/#primaryimage"},"thumbnailUrl":"https:\/\/hobstop.ee\/media\/1443.jpg","datePublished":"2015-09-09T12:25:10+00:00","dateModified":"2015-09-09T12:25:10+00:00","breadcrumb":{"@id":"https:\/\/hobstop.ee\/lv\/produkts\/ota-raphael-impasto-878-plakana\/#breadcrumb"},"inLanguage":"lv-LV","potentialAction":[{"@type":"ReadAction","target":["https:\/\/hobstop.ee\/lv\/produkts\/ota-raphael-impasto-878-plakana\/"]}]},{"@type":"ImageObject","inLanguage":"lv-LV","@id":"https:\/\/hobstop.ee\/lv\/produkts\/ota-raphael-impasto-878-plakana\/#primaryimage","url":"https:\/\/hobstop.ee\/media\/1443.jpg","contentUrl":"https:\/\/hobstop.ee\/media\/1443.jpg","width":1024,"height":768},{"@type":"BreadcrumbList","@id":"https:\/\/hobstop.ee\/lv\/produkts\/ota-raphael-impasto-878-plakana\/#breadcrumb","itemListElement":[{"@type":"ListItem","position":1,"name":"Avaleht","item":"https:\/\/www.hobstop.ee\/lv\/"},{"@type":"ListItem","position":2,"name":"Veikals","item":"https:\/\/www.hobstop.ee\/lv\/veikals\/"},{"@type":"ListItem","position":3,"name":"Ota Raphael Impasto 878 plakana"}]},{"@type":"WebSite","@id":"https:\/\/hobstop.ee\/lv\/#website","url":"https:\/\/hobstop.ee\/lv\/","name":"Skizze","description":"M\u0101kslas, hobiju un skolas preces","publisher":{"@id":"https:\/\/hobstop.ee\/lv\/#organization"},"potentialAction":[{"@type":"SearchAction","target":{"@type":"EntryPoint","urlTemplate":"https:\/\/hobstop.ee\/lv\/?s={search_term_string}"},"query-input":{"@type":"PropertyValueSpecification","valueRequired":true,"valueName":"search_term_string"}}],"inLanguage":"lv-LV"},{"@type":"Organization","@id":"https:\/\/hobstop.ee\/lv\/#organization","name":"Vunder AS","url":"https:\/\/hobstop.ee\/lv\/","logo":{"@type":"ImageObject","inLanguage":"lv-LV","@id":"https:\/\/hobstop.ee\/lv\/#\/schema\/logo\/image\/","url":"https:\/\/hobstop.ee\/media\/vunder-logo.png","contentUrl":"https:\/\/hobstop.ee\/media\/vunder-logo.png","width":127,"height":55,"caption":"Vunder AS"},"image":{"@id":"https:\/\/hobstop.ee\/lv\/#\/schema\/logo\/image\/"},"sameAs":["http:\/\/www.facebook.com\/VunderSkizze"]}]}},"_links":{"self":[{"href":"https:\/\/hobstop.ee\/lv\/wp-json\/wp\/v2\/product\/213764","targetHints":{"allow":["GET"]}}],"collection":[{"href":"https:\/\/hobstop.ee\/lv\/wp-json\/wp\/v2\/product"}],"about":[{"href":"https:\/\/hobstop.ee\/lv\/wp-json\/wp\/v2\/types\/product"}],"replies":[{"embeddable":true,"href":"https:\/\/hobstop.ee\/lv\/wp-json\/wp\/v2\/comments?post=213764"}],"wp:featuredmedia":[{"embeddable":true,"href":"https:\/\/hobstop.ee\/lv\/wp-json\/wp\/v2\/media\/222255"}],"wp:attachment":[{"href":"https:\/\/hobstop.ee\/lv\/wp-json\/wp\/v2\/media?parent=213764"}],"wp:term":[{"taxonomy":"product_cat","embeddable":true,"href":"https:\/\/hobstop.ee\/lv\/wp-json\/wp\/v2\/product_cat?post=213764"},{"taxonomy":"product_tag","embeddable":true,"href":"https:\/\/hobstop.ee\/lv\/wp-json\/wp\/v2\/product_tag?post=213764"}],"curies":[{"name":"wp","href":"https:\/\/api.w.org\/{rel}","templated":true}]}}