{"id":213784,"date":"2015-06-01T15:25:19","date_gmt":"2015-09-09T12:25:19","guid":{"rendered":"http:\/\/vunder-ee.sn25.zone.eu\/lv\/product\/ota-lb-education-ponija-komplekts-2\/"},"modified":"2015-09-09T15:25:19","modified_gmt":"2015-09-09T12:25:19","slug":"ota-lb-education-ponija-komplekts-2","status":"publish","type":"product","link":"https:\/\/hobstop.ee\/lv\/produkts\/ota-lb-education-ponija-komplekts-2\/","title":{"rendered":"Ota L&#038;B Education ponija komplekts"},"content":{"rendered":"<p>Piem\u0113rotas gua\u0161a, akrila, akvare\u013cu kr\u0101s\u0101m un tu\u0161ai. Apa\u013cas ar spicu galu, \u012bpa\u0161i labi piem\u0113rotas smalku kont\u016brl\u012bniju vilk\u0161anai un aizpild\u012b\u0161anai.<\/p>\n","protected":false},"excerpt":{"rendered":"<p>Piem\u0113rotas gua\u0161a, akrila, akvare\u013cu kr\u0101s\u0101m un tu\u0161ai. Apa\u013cas ar spicu galu, \u012bpa\u0161i labi piem\u0113rotas smalku kont\u016brl\u012bniju vilk\u0161anai un aizpild\u012b\u0161anai.<\/p>\n","protected":false},"featured_media":0,"comment_status":"closed","ping_status":"closed","template":"","meta":{"_acf_changed":false,"ep_exclude_from_search":false},"product_cat":[18638,18171,17916],"product_tag":[],"class_list":{"0":"post-213784","1":"product","2":"type-product","3":"status-publish","5":"product_cat-otas","6":"product_cat-poniju-otas-2","7":"product_cat-preces-skolai","9":"first","10":"instock","11":"sale","12":"taxable","13":"shipping-taxable","14":"purchasable","15":"product-type-variable"},"acf":[],"yoast_head":"<!-- This site is optimized with the Yoast SEO plugin v24.1 - https:\/\/yoast.com\/wordpress\/plugins\/seo\/ -->\n<title>Ota L&amp;B Education ponija komplekts &#8211; Skizze<\/title>\n<meta name=\"robots\" content=\"noindex, follow, max-snippet:-1, max-image-preview:large, max-video-preview:-1\" \/>\n<meta property=\"og:locale\" content=\"lv_LV\" \/>\n<meta property=\"og:type\" content=\"article\" \/>\n<meta property=\"og:title\" content=\"Ota L&amp;B Education ponija komplekts &#8211; Skizze\" \/>\n<meta property=\"og:description\" content=\"Piem\u0113rotas gua\u0161a, akrila, akvare\u013cu kr\u0101s\u0101m un tu\u0161ai. Apa\u013cas ar spicu galu, \u012bpa\u0161i labi piem\u0113rotas smalku kont\u016brl\u012bniju vilk\u0161anai un aizpild\u012b\u0161anai.\" \/>\n<meta property=\"og:url\" content=\"https:\/\/hobstop.ee\/lv\/produkts\/ota-lb-education-ponija-komplekts-2\/\" \/>\n<meta property=\"og:site_name\" content=\"Skizze\" \/>\n<meta property=\"article:publisher\" content=\"http:\/\/www.facebook.com\/VunderSkizze\" \/>\n<meta name=\"twitter:card\" content=\"summary_large_image\" \/>\n<script type=\"application\/ld+json\" class=\"yoast-schema-graph\">{\"@context\":\"https:\/\/schema.org\",\"@graph\":[{\"@type\":\"WebPage\",\"@id\":\"https:\/\/hobstop.ee\/lv\/produkts\/ota-lb-education-ponija-komplekts-2\/\",\"url\":\"https:\/\/hobstop.ee\/lv\/produkts\/ota-lb-education-ponija-komplekts-2\/\",\"name\":\"Ota L&B Education ponija komplekts &#8211; Skizze\",\"isPartOf\":{\"@id\":\"https:\/\/hobstop.ee\/lv\/#website\"},\"datePublished\":\"2015-09-09T12:25:19+00:00\",\"dateModified\":\"2015-09-09T12:25:19+00:00\",\"breadcrumb\":{\"@id\":\"https:\/\/hobstop.ee\/lv\/produkts\/ota-lb-education-ponija-komplekts-2\/#breadcrumb\"},\"inLanguage\":\"lv-LV\",\"potentialAction\":[{\"@type\":\"ReadAction\",\"target\":[\"https:\/\/hobstop.ee\/lv\/produkts\/ota-lb-education-ponija-komplekts-2\/\"]}]},{\"@type\":\"BreadcrumbList\",\"@id\":\"https:\/\/hobstop.ee\/lv\/produkts\/ota-lb-education-ponija-komplekts-2\/#breadcrumb\",\"itemListElement\":[{\"@type\":\"ListItem\",\"position\":1,\"name\":\"Avaleht\",\"item\":\"https:\/\/www.hobstop.ee\/lv\/\"},{\"@type\":\"ListItem\",\"position\":2,\"name\":\"Veikals\",\"item\":\"https:\/\/www.hobstop.ee\/lv\/veikals\/\"},{\"@type\":\"ListItem\",\"position\":3,\"name\":\"Ota L&#038;B Education ponija komplekts\"}]},{\"@type\":\"WebSite\",\"@id\":\"https:\/\/hobstop.ee\/lv\/#website\",\"url\":\"https:\/\/hobstop.ee\/lv\/\",\"name\":\"Skizze\",\"description\":\"M\u0101kslas, hobiju un skolas preces\",\"publisher\":{\"@id\":\"https:\/\/hobstop.ee\/lv\/#organization\"},\"potentialAction\":[{\"@type\":\"SearchAction\",\"target\":{\"@type\":\"EntryPoint\",\"urlTemplate\":\"https:\/\/hobstop.ee\/lv\/?s={search_term_string}\"},\"query-input\":{\"@type\":\"PropertyValueSpecification\",\"valueRequired\":true,\"valueName\":\"search_term_string\"}}],\"inLanguage\":\"lv-LV\"},{\"@type\":\"Organization\",\"@id\":\"https:\/\/hobstop.ee\/lv\/#organization\",\"name\":\"Vunder AS\",\"url\":\"https:\/\/hobstop.ee\/lv\/\",\"logo\":{\"@type\":\"ImageObject\",\"inLanguage\":\"lv-LV\",\"@id\":\"https:\/\/hobstop.ee\/lv\/#\/schema\/logo\/image\/\",\"url\":\"https:\/\/hobstop.ee\/media\/vunder-logo.png\",\"contentUrl\":\"https:\/\/hobstop.ee\/media\/vunder-logo.png\",\"width\":127,\"height\":55,\"caption\":\"Vunder AS\"},\"image\":{\"@id\":\"https:\/\/hobstop.ee\/lv\/#\/schema\/logo\/image\/\"},\"sameAs\":[\"http:\/\/www.facebook.com\/VunderSkizze\"]}]}<\/script>\n<!-- \/ Yoast SEO plugin. -->","yoast_head_json":{"title":"Ota L&B Education ponija komplekts &#8211; Skizze","robots":{"index":"noindex","follow":"follow","max-snippet":"max-snippet:-1","max-image-preview":"max-image-preview:large","max-video-preview":"max-video-preview:-1"},"og_locale":"lv_LV","og_type":"article","og_title":"Ota L&B Education ponija komplekts &#8211; Skizze","og_description":"Piem\u0113rotas gua\u0161a, akrila, akvare\u013cu kr\u0101s\u0101m un tu\u0161ai. Apa\u013cas ar spicu galu, \u012bpa\u0161i labi piem\u0113rotas smalku kont\u016brl\u012bniju vilk\u0161anai un aizpild\u012b\u0161anai.","og_url":"https:\/\/hobstop.ee\/lv\/produkts\/ota-lb-education-ponija-komplekts-2\/","og_site_name":"Skizze","article_publisher":"http:\/\/www.facebook.com\/VunderSkizze","twitter_card":"summary_large_image","schema":{"@context":"https:\/\/schema.org","@graph":[{"@type":"WebPage","@id":"https:\/\/hobstop.ee\/lv\/produkts\/ota-lb-education-ponija-komplekts-2\/","url":"https:\/\/hobstop.ee\/lv\/produkts\/ota-lb-education-ponija-komplekts-2\/","name":"Ota L&B Education ponija komplekts &#8211; Skizze","isPartOf":{"@id":"https:\/\/hobstop.ee\/lv\/#website"},"datePublished":"2015-09-09T12:25:19+00:00","dateModified":"2015-09-09T12:25:19+00:00","breadcrumb":{"@id":"https:\/\/hobstop.ee\/lv\/produkts\/ota-lb-education-ponija-komplekts-2\/#breadcrumb"},"inLanguage":"lv-LV","potentialAction":[{"@type":"ReadAction","target":["https:\/\/hobstop.ee\/lv\/produkts\/ota-lb-education-ponija-komplekts-2\/"]}]},{"@type":"BreadcrumbList","@id":"https:\/\/hobstop.ee\/lv\/produkts\/ota-lb-education-ponija-komplekts-2\/#breadcrumb","itemListElement":[{"@type":"ListItem","position":1,"name":"Avaleht","item":"https:\/\/www.hobstop.ee\/lv\/"},{"@type":"ListItem","position":2,"name":"Veikals","item":"https:\/\/www.hobstop.ee\/lv\/veikals\/"},{"@type":"ListItem","position":3,"name":"Ota L&#038;B Education ponija komplekts"}]},{"@type":"WebSite","@id":"https:\/\/hobstop.ee\/lv\/#website","url":"https:\/\/hobstop.ee\/lv\/","name":"Skizze","description":"M\u0101kslas, hobiju un skolas preces","publisher":{"@id":"https:\/\/hobstop.ee\/lv\/#organization"},"potentialAction":[{"@type":"SearchAction","target":{"@type":"EntryPoint","urlTemplate":"https:\/\/hobstop.ee\/lv\/?s={search_term_string}"},"query-input":{"@type":"PropertyValueSpecification","valueRequired":true,"valueName":"search_term_string"}}],"inLanguage":"lv-LV"},{"@type":"Organization","@id":"https:\/\/hobstop.ee\/lv\/#organization","name":"Vunder AS","url":"https:\/\/hobstop.ee\/lv\/","logo":{"@type":"ImageObject","inLanguage":"lv-LV","@id":"https:\/\/hobstop.ee\/lv\/#\/schema\/logo\/image\/","url":"https:\/\/hobstop.ee\/media\/vunder-logo.png","contentUrl":"https:\/\/hobstop.ee\/media\/vunder-logo.png","width":127,"height":55,"caption":"Vunder AS"},"image":{"@id":"https:\/\/hobstop.ee\/lv\/#\/schema\/logo\/image\/"},"sameAs":["http:\/\/www.facebook.com\/VunderSkizze"]}]}},"_links":{"self":[{"href":"https:\/\/hobstop.ee\/lv\/wp-json\/wp\/v2\/product\/213784","targetHints":{"allow":["GET"]}}],"collection":[{"href":"https:\/\/hobstop.ee\/lv\/wp-json\/wp\/v2\/product"}],"about":[{"href":"https:\/\/hobstop.ee\/lv\/wp-json\/wp\/v2\/types\/product"}],"replies":[{"embeddable":true,"href":"https:\/\/hobstop.ee\/lv\/wp-json\/wp\/v2\/comments?post=213784"}],"wp:attachment":[{"href":"https:\/\/hobstop.ee\/lv\/wp-json\/wp\/v2\/media?parent=213784"}],"wp:term":[{"taxonomy":"product_cat","embeddable":true,"href":"https:\/\/hobstop.ee\/lv\/wp-json\/wp\/v2\/product_cat?post=213784"},{"taxonomy":"product_tag","embeddable":true,"href":"https:\/\/hobstop.ee\/lv\/wp-json\/wp\/v2\/product_tag?post=213784"}],"curies":[{"name":"wp","href":"https:\/\/api.w.org\/{rel}","templated":true}]}}