{"id":213812,"date":"2015-06-01T15:25:32","date_gmt":"2015-09-09T12:25:32","guid":{"rendered":"http:\/\/vunder-ee.sn25.zone.eu\/lv\/product\/parastais-zimulis-blackpeps-trijst-2\/"},"modified":"2015-09-09T15:25:32","modified_gmt":"2015-09-09T12:25:32","slug":"parastais-zimulis-maped-blackpeps","status":"publish","type":"product","link":"https:\/\/hobstop.ee\/lv\/produkts\/parastais-zimulis-maped-blackpeps\/","title":{"rendered":"Parastais z\u012bmulis Maped Black&#8217;Peps"},"content":{"rendered":"<p>Augstas kvalit\u0101tes graf\u012bta z\u012bmulis ikdienas lieto\u0161anai noder\u0113s ikvienam b\u0113rna vai pieaugu\u0161\u0101 uzdevumam. Trijst\u016bra forma nodro\u0161ina optim\u0101lu satv\u0113rienu.<\/p>\n","protected":false},"excerpt":{"rendered":"<p>Augstas kvalit\u0101tes graf\u012bta z\u012bmulis ikdienas lieto\u0161anai noder\u0113s ikvienam b\u0113rna vai pieaugu\u0161\u0101 uzdevumam. Trijst\u016bra forma nodro\u0161ina optim\u0101lu satv\u0113rienu.<\/p>\n","protected":false},"featured_media":222303,"comment_status":"closed","ping_status":"closed","template":"","meta":{"_acf_changed":false,"ep_exclude_from_search":false},"product_cat":[18684,17916,18633],"product_tag":[],"class_list":{"0":"post-213812","1":"product","2":"type-product","3":"status-publish","4":"has-post-thumbnail","6":"product_cat-parastie-zimuli","7":"product_cat-preces-skolai","8":"product_cat-zimesanas-piederumi-2","10":"first","11":"instock","12":"sale","13":"taxable","14":"shipping-taxable","15":"purchasable","16":"product-type-variable"},"acf":[],"yoast_head":"<!-- This site is optimized with the Yoast SEO plugin v24.1 - https:\/\/yoast.com\/wordpress\/plugins\/seo\/ -->\n<title>Parastais z\u012bmulis Maped Black&#039;Peps &#8211; Skizze<\/title>\n<meta name=\"robots\" content=\"noindex, follow, max-snippet:-1, max-image-preview:large, max-video-preview:-1\" \/>\n<meta property=\"og:locale\" content=\"lv_LV\" \/>\n<meta property=\"og:type\" content=\"article\" \/>\n<meta property=\"og:title\" content=\"Parastais z\u012bmulis Maped Black&#039;Peps &#8211; Skizze\" \/>\n<meta property=\"og:description\" content=\"Augstas kvalit\u0101tes graf\u012bta z\u012bmulis ikdienas lieto\u0161anai noder\u0113s ikvienam b\u0113rna vai pieaugu\u0161\u0101 uzdevumam. Trijst\u016bra forma nodro\u0161ina optim\u0101lu satv\u0113rienu.\" \/>\n<meta property=\"og:url\" content=\"https:\/\/hobstop.ee\/lv\/produkts\/parastais-zimulis-maped-blackpeps\/\" \/>\n<meta property=\"og:site_name\" content=\"Skizze\" \/>\n<meta property=\"article:publisher\" content=\"http:\/\/www.facebook.com\/VunderSkizze\" \/>\n<meta property=\"og:image\" content=\"https:\/\/hobstop.ee\/media\/1486.jpg\" \/>\n\t<meta property=\"og:image:width\" content=\"1024\" \/>\n\t<meta property=\"og:image:height\" content=\"768\" \/>\n\t<meta property=\"og:image:type\" content=\"image\/jpeg\" \/>\n<meta name=\"twitter:card\" content=\"summary_large_image\" \/>\n<script type=\"application\/ld+json\" class=\"yoast-schema-graph\">{\"@context\":\"https:\/\/schema.org\",\"@graph\":[{\"@type\":\"WebPage\",\"@id\":\"https:\/\/hobstop.ee\/lv\/produkts\/parastais-zimulis-maped-blackpeps\/\",\"url\":\"https:\/\/hobstop.ee\/lv\/produkts\/parastais-zimulis-maped-blackpeps\/\",\"name\":\"Parastais z\u012bmulis Maped Black'Peps &#8211; Skizze\",\"isPartOf\":{\"@id\":\"https:\/\/hobstop.ee\/lv\/#website\"},\"primaryImageOfPage\":{\"@id\":\"https:\/\/hobstop.ee\/lv\/produkts\/parastais-zimulis-maped-blackpeps\/#primaryimage\"},\"image\":{\"@id\":\"https:\/\/hobstop.ee\/lv\/produkts\/parastais-zimulis-maped-blackpeps\/#primaryimage\"},\"thumbnailUrl\":\"https:\/\/hobstop.ee\/media\/1486.jpg\",\"datePublished\":\"2015-09-09T12:25:32+00:00\",\"dateModified\":\"2015-09-09T12:25:32+00:00\",\"breadcrumb\":{\"@id\":\"https:\/\/hobstop.ee\/lv\/produkts\/parastais-zimulis-maped-blackpeps\/#breadcrumb\"},\"inLanguage\":\"lv-LV\",\"potentialAction\":[{\"@type\":\"ReadAction\",\"target\":[\"https:\/\/hobstop.ee\/lv\/produkts\/parastais-zimulis-maped-blackpeps\/\"]}]},{\"@type\":\"ImageObject\",\"inLanguage\":\"lv-LV\",\"@id\":\"https:\/\/hobstop.ee\/lv\/produkts\/parastais-zimulis-maped-blackpeps\/#primaryimage\",\"url\":\"https:\/\/hobstop.ee\/media\/1486.jpg\",\"contentUrl\":\"https:\/\/hobstop.ee\/media\/1486.jpg\",\"width\":1024,\"height\":768},{\"@type\":\"BreadcrumbList\",\"@id\":\"https:\/\/hobstop.ee\/lv\/produkts\/parastais-zimulis-maped-blackpeps\/#breadcrumb\",\"itemListElement\":[{\"@type\":\"ListItem\",\"position\":1,\"name\":\"Avaleht\",\"item\":\"https:\/\/hobstop.ee\/lv\/\"},{\"@type\":\"ListItem\",\"position\":2,\"name\":\"Veikals\",\"item\":\"https:\/\/hobstop.ee\/lv\/veikals\/\"},{\"@type\":\"ListItem\",\"position\":3,\"name\":\"Parastais z\u012bmulis Maped Black&#8217;Peps\"}]},{\"@type\":\"WebSite\",\"@id\":\"https:\/\/hobstop.ee\/lv\/#website\",\"url\":\"https:\/\/hobstop.ee\/lv\/\",\"name\":\"Skizze\",\"description\":\"M\u0101kslas, hobiju un skolas preces\",\"publisher\":{\"@id\":\"https:\/\/hobstop.ee\/lv\/#organization\"},\"potentialAction\":[{\"@type\":\"SearchAction\",\"target\":{\"@type\":\"EntryPoint\",\"urlTemplate\":\"https:\/\/hobstop.ee\/lv\/?s={search_term_string}\"},\"query-input\":{\"@type\":\"PropertyValueSpecification\",\"valueRequired\":true,\"valueName\":\"search_term_string\"}}],\"inLanguage\":\"lv-LV\"},{\"@type\":\"Organization\",\"@id\":\"https:\/\/hobstop.ee\/lv\/#organization\",\"name\":\"Vunder AS\",\"url\":\"https:\/\/hobstop.ee\/lv\/\",\"logo\":{\"@type\":\"ImageObject\",\"inLanguage\":\"lv-LV\",\"@id\":\"https:\/\/hobstop.ee\/lv\/#\/schema\/logo\/image\/\",\"url\":\"https:\/\/hobstop.ee\/media\/vunder-logo.png\",\"contentUrl\":\"https:\/\/hobstop.ee\/media\/vunder-logo.png\",\"width\":127,\"height\":55,\"caption\":\"Vunder AS\"},\"image\":{\"@id\":\"https:\/\/hobstop.ee\/lv\/#\/schema\/logo\/image\/\"},\"sameAs\":[\"http:\/\/www.facebook.com\/VunderSkizze\"]}]}<\/script>\n<!-- \/ Yoast SEO plugin. -->","yoast_head_json":{"title":"Parastais z\u012bmulis Maped Black'Peps &#8211; Skizze","robots":{"index":"noindex","follow":"follow","max-snippet":"max-snippet:-1","max-image-preview":"max-image-preview:large","max-video-preview":"max-video-preview:-1"},"og_locale":"lv_LV","og_type":"article","og_title":"Parastais z\u012bmulis Maped Black'Peps &#8211; Skizze","og_description":"Augstas kvalit\u0101tes graf\u012bta z\u012bmulis ikdienas lieto\u0161anai noder\u0113s ikvienam b\u0113rna vai pieaugu\u0161\u0101 uzdevumam. Trijst\u016bra forma nodro\u0161ina optim\u0101lu satv\u0113rienu.","og_url":"https:\/\/hobstop.ee\/lv\/produkts\/parastais-zimulis-maped-blackpeps\/","og_site_name":"Skizze","article_publisher":"http:\/\/www.facebook.com\/VunderSkizze","og_image":[{"width":1024,"height":768,"url":"https:\/\/hobstop.ee\/media\/1486.jpg","type":"image\/jpeg"}],"twitter_card":"summary_large_image","schema":{"@context":"https:\/\/schema.org","@graph":[{"@type":"WebPage","@id":"https:\/\/hobstop.ee\/lv\/produkts\/parastais-zimulis-maped-blackpeps\/","url":"https:\/\/hobstop.ee\/lv\/produkts\/parastais-zimulis-maped-blackpeps\/","name":"Parastais z\u012bmulis Maped Black'Peps &#8211; Skizze","isPartOf":{"@id":"https:\/\/hobstop.ee\/lv\/#website"},"primaryImageOfPage":{"@id":"https:\/\/hobstop.ee\/lv\/produkts\/parastais-zimulis-maped-blackpeps\/#primaryimage"},"image":{"@id":"https:\/\/hobstop.ee\/lv\/produkts\/parastais-zimulis-maped-blackpeps\/#primaryimage"},"thumbnailUrl":"https:\/\/hobstop.ee\/media\/1486.jpg","datePublished":"2015-09-09T12:25:32+00:00","dateModified":"2015-09-09T12:25:32+00:00","breadcrumb":{"@id":"https:\/\/hobstop.ee\/lv\/produkts\/parastais-zimulis-maped-blackpeps\/#breadcrumb"},"inLanguage":"lv-LV","potentialAction":[{"@type":"ReadAction","target":["https:\/\/hobstop.ee\/lv\/produkts\/parastais-zimulis-maped-blackpeps\/"]}]},{"@type":"ImageObject","inLanguage":"lv-LV","@id":"https:\/\/hobstop.ee\/lv\/produkts\/parastais-zimulis-maped-blackpeps\/#primaryimage","url":"https:\/\/hobstop.ee\/media\/1486.jpg","contentUrl":"https:\/\/hobstop.ee\/media\/1486.jpg","width":1024,"height":768},{"@type":"BreadcrumbList","@id":"https:\/\/hobstop.ee\/lv\/produkts\/parastais-zimulis-maped-blackpeps\/#breadcrumb","itemListElement":[{"@type":"ListItem","position":1,"name":"Avaleht","item":"https:\/\/hobstop.ee\/lv\/"},{"@type":"ListItem","position":2,"name":"Veikals","item":"https:\/\/hobstop.ee\/lv\/veikals\/"},{"@type":"ListItem","position":3,"name":"Parastais z\u012bmulis Maped Black&#8217;Peps"}]},{"@type":"WebSite","@id":"https:\/\/hobstop.ee\/lv\/#website","url":"https:\/\/hobstop.ee\/lv\/","name":"Skizze","description":"M\u0101kslas, hobiju un skolas preces","publisher":{"@id":"https:\/\/hobstop.ee\/lv\/#organization"},"potentialAction":[{"@type":"SearchAction","target":{"@type":"EntryPoint","urlTemplate":"https:\/\/hobstop.ee\/lv\/?s={search_term_string}"},"query-input":{"@type":"PropertyValueSpecification","valueRequired":true,"valueName":"search_term_string"}}],"inLanguage":"lv-LV"},{"@type":"Organization","@id":"https:\/\/hobstop.ee\/lv\/#organization","name":"Vunder AS","url":"https:\/\/hobstop.ee\/lv\/","logo":{"@type":"ImageObject","inLanguage":"lv-LV","@id":"https:\/\/hobstop.ee\/lv\/#\/schema\/logo\/image\/","url":"https:\/\/hobstop.ee\/media\/vunder-logo.png","contentUrl":"https:\/\/hobstop.ee\/media\/vunder-logo.png","width":127,"height":55,"caption":"Vunder AS"},"image":{"@id":"https:\/\/hobstop.ee\/lv\/#\/schema\/logo\/image\/"},"sameAs":["http:\/\/www.facebook.com\/VunderSkizze"]}]}},"_links":{"self":[{"href":"https:\/\/hobstop.ee\/lv\/wp-json\/wp\/v2\/product\/213812","targetHints":{"allow":["GET"]}}],"collection":[{"href":"https:\/\/hobstop.ee\/lv\/wp-json\/wp\/v2\/product"}],"about":[{"href":"https:\/\/hobstop.ee\/lv\/wp-json\/wp\/v2\/types\/product"}],"replies":[{"embeddable":true,"href":"https:\/\/hobstop.ee\/lv\/wp-json\/wp\/v2\/comments?post=213812"}],"wp:featuredmedia":[{"embeddable":true,"href":"https:\/\/hobstop.ee\/lv\/wp-json\/wp\/v2\/media\/222303"}],"wp:attachment":[{"href":"https:\/\/hobstop.ee\/lv\/wp-json\/wp\/v2\/media?parent=213812"}],"wp:term":[{"taxonomy":"product_cat","embeddable":true,"href":"https:\/\/hobstop.ee\/lv\/wp-json\/wp\/v2\/product_cat?post=213812"},{"taxonomy":"product_tag","embeddable":true,"href":"https:\/\/hobstop.ee\/lv\/wp-json\/wp\/v2\/product_tag?post=213812"}],"curies":[{"name":"wp","href":"https:\/\/api.w.org\/{rel}","templated":true}]}}